{"id":372,"date":"2018-08-10T15:08:01","date_gmt":"2018-08-10T12:08:01","guid":{"rendered":"https:\/\/h2n312.wordpress.com\/?page_id=372"},"modified":"2025-06-04T18:58:31","modified_gmt":"2025-06-04T15:58:31","slug":"hud","status":"publish","type":"page","link":"https:\/\/hand2noteguide.com\/pt\/guide\/hud\/","title":{"rendered":"HUD"},"content":{"rendered":"\n<h2 class=\"wp-block-heading\">Perfis padr\u00e3o<\/h2>\n\n\n\n<p>O Hand2Note vem com dois perfis padr\u00e3o de HUDs e popups &#8211; <em>default<\/em> e <em>PokerMaster default<\/em>. Eles cont\u00eam um conjunto b\u00e1sico de stats, suficiente para um jogo confiante no n\u00edvel inicial. No entanto, esses HUDs tamb\u00e9m podem ser usados por regulares experientes, por exemplo, em <a href=\"https:\/\/hand2noteguide.com\/pt\/asian\/\">salas asi\u00e1ticas<\/a>, onde a amostra de jogadores geralmente \u00e9 insuficiente para o uso produtivo de HUDs complexos.<\/p>\n\n\n\n<h2 class=\"wp-block-heading\">Cria\u00e7\u00e3o de HUD<\/h2>\n\n\n\n<p>O Hand2Note possui ferramentas muito flex\u00edveis para projetar seu HUD. Se voc\u00ea pretende criar um HUD por conta pr\u00f3pria, primeiramente leia as instru\u00e7\u00f5es para <a rel=\"noreferrer noopener\" href=\"http:\/\/www.hand2note.com\/Help\/Index\/HUDCustomization\" target=\"_blank\">cria\u00e7\u00e3o de HUD<\/a> e <a href=\"https:\/\/hand2noteguide.com\/pt\/guide\/creating-stats\/\">cria\u00e7\u00e3o de stats<\/a>. Voc\u00ea tamb\u00e9m pode ter <a href=\"https:\/\/hand2noteguide.com\/pt\/training\/\">aulas particulares<\/a> sobre a cria\u00e7\u00e3o de um HUD de qualquer complexidade.<\/p>\n\n\n\n\n<!-- Page-list plugin v.5.2 wordpress.org\/plugins\/page-list\/ -->\n<ul class=\"page-list \">\n<li class=\"page_item page-item-367\"><a href=\"https:\/\/hand2noteguide.com\/pt\/guide\/hud\/add-aggression-wtsd\/\">Como inserir estat\u00edsticas de agress\u00e3o e showdown no HUD<\/a><\/li>\n<li class=\"page_item page-item-402\"><a href=\"https:\/\/hand2noteguide.com\/pt\/guide\/hud\/add-hands-counter\/\">Como inserir o contador de m\u00e3os?<\/a><\/li>\n<li class=\"page_item page-item-396\"><a href=\"https:\/\/hand2noteguide.com\/pt\/guide\/hud\/add-abbreviations\/\">Como adicionar abrevia\u00e7\u00f5es \u00e0s stats?<\/a><\/li>\n<li class=\"page_item page-item-375\"><a href=\"https:\/\/hand2noteguide.com\/pt\/guide\/hud\/add-nickname-winrate-stacksize\/\">Como inserir apelido, winrate e tamanho do stack no HUD<\/a><\/li>\n\n<\/ul>\n\n\n\n<h2 class=\"wp-block-heading\">Importa\u00e7\u00e3o do HM2\/PT4<\/h2>\n\n\n\n<p>A importa\u00e7\u00e3o autom\u00e1tica de HUD de outros trackers n\u00e3o \u00e9 suportada. Portanto, se voc\u00ea deseja importar seu HUD e popups de outro tracker, use o <a rel=\"noreferrer noopener\" href=\"http:\/\/www.hand2note.com\/Help\/Index\/OrderCustomHUD\" target=\"_blank\">servi\u00e7o de pedido de HUD privado<\/a>. Observe que este servi\u00e7o \u00e9 pago. Leia atentamente as informa\u00e7\u00f5es no link. Se estiver satisfeito com as condi\u00e7\u00f5es, envie uma solicita\u00e7\u00e3o para o <a href=\"https:\/\/hand2noteguide.com\/pt\/hand2note-official-support\/\">servi\u00e7o de suporte<\/a>.<\/p>\n\n\n\n<h2 class=\"wp-block-heading\">Packs prontos<\/h2>\n\n\n\n<p>Voc\u00ea pode escolher um dos packs comerciais prontos na <a rel=\"noreferrer noopener\" href=\"http:\/\/www.hand2note.com\/Shop\" target=\"_blank\">loja oficial<\/a>. Os desenvolvedores dos packs geralmente oferecem per\u00edodos de teste gratuito para seus produtos. Portanto, voc\u00ea pode entrar em contato com os autores e experimentar v\u00e1rias op\u00e7\u00f5es, e ent\u00e3o escolher a mais adequada para voc\u00ea. Voc\u00ea pode encontrar os contatos dos desenvolvedores na descri\u00e7\u00e3o de cada produto na loja. Observe que, para usar packs comerciais, voc\u00ea deve ter a <a href=\"https:\/\/hand2noteguide.com\/pt\/guide\/serial-key\/\">chave de licen\u00e7a do Hand2Note<\/a>. Ou seja, voc\u00ea precisa pelo menos uma vez comprar qualquer <a href=\"https:\/\/hand2noteguide.com\/pt\/guide\/choose-subscription\/\">assinatura<\/a>. Al\u00e9m disso, se voc\u00ea joga micro stakes, n\u00e3o \u00e9 necess\u00e1rio renovar a assinatura.<\/p>\n\n\n\n<h2 class=\"wp-block-heading\">FAQ do HUD<\/h2>\n\n\n\n\n<!-- Page-list plugin v.5.2 wordpress.org\/plugins\/page-list\/ -->\n<ul class=\"page-list \">\n<li class=\"page_item page-item-1556\"><a href=\"https:\/\/hand2noteguide.com\/pt\/guide\/hud\/different-huds-in-different-rooms\/\">Usando diferentes HUDs em diferentes salas<\/a><\/li>\n<li class=\"page_item page-item-379\"><a href=\"https:\/\/hand2noteguide.com\/pt\/guide\/hud\/activate-session-hud\/\">Como ativar o HUD de sess\u00e3o<\/a><\/li>\n<li class=\"page_item page-item-409\"><a href=\"https:\/\/hand2noteguide.com\/pt\/guide\/hud\/hero-hud\/\">Como obter HUD no Hero?<\/a><\/li>\n<li class=\"page_item page-item-472\"><a href=\"https:\/\/hand2noteguide.com\/pt\/guide\/hud\/disable-hud\/\">Como desativar o HUD<\/a><\/li>\n<li class=\"page_item page-item-452\"><a href=\"https:\/\/hand2noteguide.com\/pt\/guide\/hud\/divide-stats-sh-fr\/\">Como dividir estat\u00edsticas pelo n\u00famero de jogadores (SH\/FR)?<\/a><\/li>\n<li class=\"page_item page-item-1527\"><a href=\"https:\/\/hand2noteguide.com\/pt\/guide\/hud\/switch-profile\/\">Como alternar o perfil do HUD<\/a><\/li>\n\n<\/ul>\n\n\n\n<h2 class=\"wp-block-heading\">HUD gratuito<\/h2>\n\n\n\n<p>N\u00e3o perca a oportunidade de aproveitar nossa oferta para obter um <a href=\"https:\/\/hand2noteguide.com\/pt\/free-hud\/\">HUD profissional gratuito<\/a>.<\/p>\n","protected":false},"excerpt":{"rendered":"<p>Perfis padr\u00e3o O Hand2Note vem com dois perfis padr\u00e3o de HUDs e popups &#8211; default e PokerMaster default. Eles cont\u00eam um conjunto b\u00e1sico de stats, suficiente para um jogo confiante no n\u00edvel inicial. No entanto, esses HUDs tamb\u00e9m podem ser usados por regulares experientes, por exemplo, em salas asi\u00e1ticas, onde a amostra de jogadores geralmente &hellip; <a href=\"https:\/\/hand2noteguide.com\/pt\/guide\/hud\/\" class=\"more-link\">Continue reading <span class=\"screen-reader-text\">HUD<\/span><\/a><\/p>\n","protected":false},"author":1,"featured_media":0,"parent":74,"menu_order":0,"comment_status":"closed","ping_status":"closed","template":"page-templates\/full-width-page.php","meta":{"footnotes":""},"class_list":["post-372","page","type-page","status-publish","hentry"],"translation":{"provider":"WPGlobus","version":"3.0.2","language":"pt","enabled_languages":["en","ru","pt","zh","es","fr","de","it","ja"],"languages":{"en":{"title":true,"content":true,"excerpt":false},"ru":{"title":true,"content":true,"excerpt":false},"pt":{"title":true,"content":true,"excerpt":false},"zh":{"title":true,"content":true,"excerpt":false},"es":{"title":true,"content":true,"excerpt":false},"fr":{"title":true,"content":true,"excerpt":false},"de":{"title":true,"content":true,"excerpt":false},"it":{"title":true,"content":true,"excerpt":false},"ja":{"title":true,"content":true,"excerpt":false}}},"yoast_head":"<!-- This site is optimized with the Yoast SEO plugin v27.0 - https:\/\/yoast.com\/product\/yoast-seo-wordpress\/ -->\n<title>Suas op\u00e7\u00f5es de HUD no Hand2Note 3<\/title>\n<meta name=\"description\" content=\"Crie seu pr\u00f3prio HUD, compre um dos packs prontos ou importe HUD de outro tracker. Obtenha um HUD posicional gratuitamente ou fa\u00e7a um treinamento pessoal de cria\u00e7\u00e3o de HUD.\" \/>\n<meta name=\"robots\" content=\"index, follow, max-snippet:-1, max-image-preview:large, max-video-preview:-1\" \/>\n<link rel=\"canonical\" href=\"https:\/\/hand2noteguide.com\/guide\/hud\/\" \/>\n<meta property=\"og:locale\" content=\"pt_PT\" \/>\n<meta property=\"og:type\" content=\"article\" \/>\n<meta property=\"og:title\" content=\"Suas op\u00e7\u00f5es de HUD no Hand2Note 3\" \/>\n<meta property=\"og:description\" content=\"Crie seu pr\u00f3prio HUD, compre um dos packs prontos ou importe HUD de outro tracker. Obtenha um HUD posicional gratuitamente ou fa\u00e7a um treinamento pessoal de cria\u00e7\u00e3o de HUD.\" \/>\n<meta property=\"og:url\" content=\"https:\/\/hand2noteguide.com\/guide\/hud\/\" \/>\n<meta property=\"og:site_name\" content=\"Hand2Note Guide\" \/>\n<meta property=\"article:modified_time\" content=\"2025-06-04T15:58:31+00:00\" \/>\n<meta name=\"twitter:card\" content=\"summary_large_image\" \/>\n<meta name=\"twitter:label1\" content=\"Est. reading time\" \/>\n\t<meta name=\"twitter:data1\" content=\"10 minutes\" \/>\n<!-- \/ Yoast SEO plugin. -->","yoast_head_json":{"title":"Suas op\u00e7\u00f5es de HUD no Hand2Note 3","description":"Crie seu pr\u00f3prio HUD, compre um dos packs prontos ou importe HUD de outro tracker. Obtenha um HUD posicional gratuitamente ou fa\u00e7a um treinamento pessoal de cria\u00e7\u00e3o de HUD.","robots":{"index":"index","follow":"follow","max-snippet":"max-snippet:-1","max-image-preview":"max-image-preview:large","max-video-preview":"max-video-preview:-1"},"canonical":"https:\/\/hand2noteguide.com\/guide\/hud\/","og_locale":"pt_PT","og_type":"article","og_title":"Suas op\u00e7\u00f5es de HUD no Hand2Note 3","og_description":"Crie seu pr\u00f3prio HUD, compre um dos packs prontos ou importe HUD de outro tracker. Obtenha um HUD posicional gratuitamente ou fa\u00e7a um treinamento pessoal de cria\u00e7\u00e3o de HUD.","og_url":"https:\/\/hand2noteguide.com\/guide\/hud\/","og_site_name":"Hand2Note Guide","article_modified_time":"2025-06-04T15:58:31+00:00","twitter_card":"summary_large_image","twitter_misc":{"Est. reading time":"10 minutes"},"schema":{"@context":"https:\/\/schema.org","@graph":[]}},"jetpack_sharing_enabled":false,"_links":{"self":[{"href":"https:\/\/hand2noteguide.com\/pt\/wp-json\/wp\/v2\/pages\/372","targetHints":{"allow":["GET"]}}],"collection":[{"href":"https:\/\/hand2noteguide.com\/pt\/wp-json\/wp\/v2\/pages"}],"about":[{"href":"https:\/\/hand2noteguide.com\/pt\/wp-json\/wp\/v2\/types\/page"}],"author":[{"embeddable":true,"href":"https:\/\/hand2noteguide.com\/pt\/wp-json\/wp\/v2\/users\/1"}],"replies":[{"embeddable":true,"href":"https:\/\/hand2noteguide.com\/pt\/wp-json\/wp\/v2\/comments?post=372"}],"version-history":[{"count":44,"href":"https:\/\/hand2noteguide.com\/pt\/wp-json\/wp\/v2\/pages\/372\/revisions"}],"predecessor-version":[{"id":13533,"href":"https:\/\/hand2noteguide.com\/pt\/wp-json\/wp\/v2\/pages\/372\/revisions\/13533"}],"up":[{"embeddable":true,"href":"https:\/\/hand2noteguide.com\/pt\/wp-json\/wp\/v2\/pages\/74"}],"wp:attachment":[{"href":"https:\/\/hand2noteguide.com\/pt\/wp-json\/wp\/v2\/media?parent=372"}],"curies":[{"name":"wp","href":"https:\/\/api.w.org\/{rel}","templated":true}]}}