{"id":375,"date":"2018-08-11T16:36:05","date_gmt":"2018-08-11T13:36:05","guid":{"rendered":"https:\/\/h2n312.wordpress.com\/?page_id=375"},"modified":"2025-06-04T18:57:34","modified_gmt":"2025-06-04T15:57:34","slug":"add-nickname-winrate-stacksize","status":"publish","type":"page","link":"https:\/\/hand2noteguide.com\/pt\/guide\/hud\/add-nickname-winrate-stacksize\/","title":{"rendered":"Como inserir apelido, winrate e tamanho do stack no HUD"},"content":{"rendered":"<p>Para inserir essas informa\u00e7\u00f5es no seu HUD, abra o editor (F5), clique com o bot\u00e3o direito na c\u00e9lula desejada e selecione o item de menu necess\u00e1rio:<\/p>\n<p><img loading=\"lazy\" decoding=\"async\" class=\"alignnone size-full wp-image-827\" src=\"https:\/\/hand2noteguide.com\/wp-content\/uploads\/2019\/05\/hand2note-insert-nickname-winrate-stacksize-into-hud.png\" alt=\"hand2note insert nickname winrate stacksize into HUD\" width=\"566\" height=\"443\" srcset=\"https:\/\/hand2noteguide.com\/wp-content\/uploads\/2019\/05\/hand2note-insert-nickname-winrate-stacksize-into-hud.png 566w, https:\/\/hand2noteguide.com\/wp-content\/uploads\/2019\/05\/hand2note-insert-nickname-winrate-stacksize-into-hud-300x235.png 300w\" sizes=\"auto, (max-width: 566px) 100vw, 566px\" \/><\/p>\n\n\n<p>Se voc\u00ea n\u00e3o quiser que os apelidos dos jogadores apare\u00e7am completamente e ocupem muito espa\u00e7o no HUD, voc\u00ea pode definir o comprimento m\u00e1ximo permitido. Para fazer isso, destaque a c\u00e9lula com o apelido e defina o par\u00e2metro de comprimento m\u00e1ximo na parte direita da tela. No exemplo abaixo, o apelido do jogador ser\u00e1 cortado se seu comprimento exceder 5 caracteres.<\/p>\n\n\n\n<figure class=\"wp-block-image\"><img loading=\"lazy\" decoding=\"async\" width=\"612\" height=\"309\" src=\"https:\/\/hand2noteguide.com\/wp-content\/uploads\/2019\/07\/hand2note-hud-nickname-max-length.png\" alt=\"hand2note hud nickname set max length\" class=\"wp-image-1451\" srcset=\"https:\/\/hand2noteguide.com\/wp-content\/uploads\/2019\/07\/hand2note-hud-nickname-max-length.png 612w, https:\/\/hand2noteguide.com\/wp-content\/uploads\/2019\/07\/hand2note-hud-nickname-max-length-300x151.png 300w\" sizes=\"auto, (max-width: 612px) 100vw, 612px\" \/><\/figure>\n\n\n\n<p>Ao adicionar o tamanho do stack, voc\u00ea pode escolher uma das tr\u00eas op\u00e7\u00f5es.<\/p>\n\n\n\n<figure class=\"wp-block-image\"><img loading=\"lazy\" decoding=\"async\" width=\"581\" height=\"399\" src=\"https:\/\/hand2noteguide.com\/wp-content\/uploads\/2019\/07\/hand2note-hud-stacksize-options.png\" alt=\"hand2note hud stacksize options\" class=\"wp-image-1453\" srcset=\"https:\/\/hand2noteguide.com\/wp-content\/uploads\/2019\/07\/hand2note-hud-stacksize-options.png 581w, https:\/\/hand2noteguide.com\/wp-content\/uploads\/2019\/07\/hand2note-hud-stacksize-options-300x206.png 300w\" sizes=\"auto, (max-width: 581px) 100vw, 581px\" \/><\/figure>\n\n\n\n<ol class=\"wp-block-list\"><li><strong>Tamanho do stack em big blinds<\/strong> \u00e9 simplesmente o tamanho atual do stack do jogador, independentemente da quantidade de fichas nos stacks dos outros jogadores.<\/li><li><strong>Tamanho efetivo do stack<\/strong> \u00e9 o tamanho m\u00e1ximo do stack entre os oponentes, n\u00e3o excedendo o tamanho do stack do jogador. Em outras palavras, \u00e9 a quantidade m\u00e1xima de fichas que o jogador pode ganhar ou perder em uma m\u00e3o.<\/li><li><strong>Tamanho efetivo do stack vs stack do Hero<\/strong> \u00e9 o mesmo stack efetivo, mas n\u00e3o contra todos os oponentes, apenas contra o hero.<\/li><\/ol>\n\n\n\n<p>Todos os tamanhos de stack s\u00e3o mostrados em big blinds.<\/p>\n","protected":false},"excerpt":{"rendered":"<p>Para inserir essas informa\u00e7\u00f5es no seu HUD, abra o editor (F5), clique com o bot\u00e3o direito na c\u00e9lula desejada e selecione o item de menu necess\u00e1rio: Se voc\u00ea n\u00e3o quiser que os apelidos dos jogadores apare\u00e7am completamente e ocupem muito espa\u00e7o no HUD, voc\u00ea pode definir o comprimento m\u00e1ximo permitido. Para fazer isso, destaque a &hellip; <a href=\"https:\/\/hand2noteguide.com\/pt\/guide\/hud\/add-nickname-winrate-stacksize\/\" class=\"more-link\">Continue reading <span class=\"screen-reader-text\">Como inserir apelido, winrate e tamanho do stack no HUD<\/span><\/a><\/p>\n","protected":false},"author":1,"featured_media":0,"parent":372,"menu_order":0,"comment_status":"closed","ping_status":"closed","template":"page-templates\/full-width-page.php","meta":{"footnotes":""},"class_list":["post-375","page","type-page","status-publish","hentry"],"translation":{"provider":"WPGlobus","version":"3.0.2","language":"pt","enabled_languages":["en","ru","pt","zh","es","fr","de","it","ja"],"languages":{"en":{"title":true,"content":true,"excerpt":false},"ru":{"title":true,"content":true,"excerpt":false},"pt":{"title":true,"content":true,"excerpt":false},"zh":{"title":true,"content":true,"excerpt":false},"es":{"title":true,"content":true,"excerpt":false},"fr":{"title":true,"content":true,"excerpt":false},"de":{"title":true,"content":true,"excerpt":false},"it":{"title":true,"content":true,"excerpt":false},"ja":{"title":true,"content":true,"excerpt":false}}},"yoast_head":"<!-- This site is optimized with the Yoast SEO plugin v27.0 - https:\/\/yoast.com\/product\/yoast-seo-wordpress\/ -->\n<title>Adicione Apelido, Winrate e Tamanho do Stack ao HUD de Poker<\/title>\n<meta name=\"description\" content=\"Aprenda a personalizar seu HUD de poker adicionando apelidos de jogadores, winrate e tamanho do stack. Siga nosso guia passo a passo para melhores insights de jogo.\" \/>\n<meta name=\"robots\" content=\"index, follow, max-snippet:-1, max-image-preview:large, max-video-preview:-1\" \/>\n<link rel=\"canonical\" href=\"https:\/\/hand2noteguide.com\/guide\/hud\/add-nickname-winrate-stacksize\/\" \/>\n<meta property=\"og:locale\" content=\"pt_PT\" \/>\n<meta property=\"og:type\" content=\"article\" \/>\n<meta property=\"og:title\" content=\"Adicione Apelido, Winrate e Tamanho do Stack ao HUD de Poker\" \/>\n<meta property=\"og:description\" content=\"Aprenda a personalizar seu HUD de poker adicionando apelidos de jogadores, winrate e tamanho do stack. Siga nosso guia passo a passo para melhores insights de jogo.\" \/>\n<meta property=\"og:url\" content=\"https:\/\/hand2noteguide.com\/guide\/hud\/add-nickname-winrate-stacksize\/\" \/>\n<meta property=\"og:site_name\" content=\"Hand2Note Guide\" \/>\n<meta property=\"article:modified_time\" content=\"2025-06-04T15:57:34+00:00\" \/>\n<meta property=\"og:image\" content=\"https:\/\/hand2noteguide.com\/wp-content\/uploads\/2018\/08\/hand2note-d0b2d181d182d0b0d0b2d0b8d182d18c-d0bdd0b8d0bad0bdd0b5d0b9d0bc-d0b2d0b8d0bdd180d0b5d0b9d182-d180d0b0d0b7d0bcd0b5d180-d181d1821.png\" \/>\n<meta name=\"twitter:card\" content=\"summary_large_image\" \/>\n<meta name=\"twitter:label1\" content=\"Est. reading time\" \/>\n\t<meta name=\"twitter:data1\" content=\"6 minutes\" \/>\n<!-- \/ Yoast SEO plugin. -->","yoast_head_json":{"title":"Adicione Apelido, Winrate e Tamanho do Stack ao HUD de Poker","description":"Aprenda a personalizar seu HUD de poker adicionando apelidos de jogadores, winrate e tamanho do stack. Siga nosso guia passo a passo para melhores insights de jogo.","robots":{"index":"index","follow":"follow","max-snippet":"max-snippet:-1","max-image-preview":"max-image-preview:large","max-video-preview":"max-video-preview:-1"},"canonical":"https:\/\/hand2noteguide.com\/guide\/hud\/add-nickname-winrate-stacksize\/","og_locale":"pt_PT","og_type":"article","og_title":"Adicione Apelido, Winrate e Tamanho do Stack ao HUD de Poker","og_description":"Aprenda a personalizar seu HUD de poker adicionando apelidos de jogadores, winrate e tamanho do stack. Siga nosso guia passo a passo para melhores insights de jogo.","og_url":"https:\/\/hand2noteguide.com\/guide\/hud\/add-nickname-winrate-stacksize\/","og_site_name":"Hand2Note Guide","article_modified_time":"2025-06-04T15:57:34+00:00","og_image":[{"url":"https:\/\/hand2noteguide.com\/wp-content\/uploads\/2018\/08\/hand2note-d0b2d181d182d0b0d0b2d0b8d182d18c-d0bdd0b8d0bad0bdd0b5d0b9d0bc-d0b2d0b8d0bdd180d0b5d0b9d182-d180d0b0d0b7d0bcd0b5d180-d181d1821.png","type":"","width":"","height":""}],"twitter_card":"summary_large_image","twitter_misc":{"Est. reading time":"6 minutes"},"schema":{"@context":"https:\/\/schema.org","@graph":[]}},"jetpack_sharing_enabled":false,"_links":{"self":[{"href":"https:\/\/hand2noteguide.com\/pt\/wp-json\/wp\/v2\/pages\/375","targetHints":{"allow":["GET"]}}],"collection":[{"href":"https:\/\/hand2noteguide.com\/pt\/wp-json\/wp\/v2\/pages"}],"about":[{"href":"https:\/\/hand2noteguide.com\/pt\/wp-json\/wp\/v2\/types\/page"}],"author":[{"embeddable":true,"href":"https:\/\/hand2noteguide.com\/pt\/wp-json\/wp\/v2\/users\/1"}],"replies":[{"embeddable":true,"href":"https:\/\/hand2noteguide.com\/pt\/wp-json\/wp\/v2\/comments?post=375"}],"version-history":[{"count":16,"href":"https:\/\/hand2noteguide.com\/pt\/wp-json\/wp\/v2\/pages\/375\/revisions"}],"predecessor-version":[{"id":13532,"href":"https:\/\/hand2noteguide.com\/pt\/wp-json\/wp\/v2\/pages\/375\/revisions\/13532"}],"up":[{"embeddable":true,"href":"https:\/\/hand2noteguide.com\/pt\/wp-json\/wp\/v2\/pages\/372"}],"wp:attachment":[{"href":"https:\/\/hand2noteguide.com\/pt\/wp-json\/wp\/v2\/media?parent=375"}],"curies":[{"name":"wp","href":"https:\/\/api.w.org\/{rel}","templated":true}]}}