{"id":379,"date":"2018-08-11T16:42:57","date_gmt":"2018-08-11T13:42:57","guid":{"rendered":"https:\/\/h2n312.wordpress.com\/?page_id=379"},"modified":"2025-06-04T18:56:46","modified_gmt":"2025-06-04T15:56:46","slug":"activate-session-hud","status":"publish","type":"page","link":"https:\/\/hand2noteguide.com\/pt\/guide\/hud\/activate-session-hud\/","title":{"rendered":"Como ativar o HUD de sess\u00e3o"},"content":{"rendered":"<p>Durante o jogo, para habilitar a exibi\u00e7\u00e3o de stats apenas para as m\u00e3os jogadas na mesa atual, clique duas vezes com o bot\u00e3o direito no bloco de HUD de um determinado jogador. Para retornar as estat\u00edsticas ao seu estado original, clique duas vezes com o bot\u00e3o direito novamente.<\/p>\n<p>Por favor, note que este recurso n\u00e3o funciona em mesas Zoom.<\/p>\n","protected":false},"excerpt":{"rendered":"<p>Durante o jogo, para habilitar a exibi\u00e7\u00e3o de stats apenas para as m\u00e3os jogadas na mesa atual, clique duas vezes com o bot\u00e3o direito no bloco de HUD de um determinado jogador. Para retornar as estat\u00edsticas ao seu estado original, clique duas vezes com o bot\u00e3o direito novamente. Por favor, note que este recurso n\u00e3o &hellip; <a href=\"https:\/\/hand2noteguide.com\/pt\/guide\/hud\/activate-session-hud\/\" class=\"more-link\">Continue reading <span class=\"screen-reader-text\">Como ativar o HUD de sess\u00e3o<\/span><\/a><\/p>\n","protected":false},"author":1,"featured_media":0,"parent":372,"menu_order":0,"comment_status":"closed","ping_status":"closed","template":"page-templates\/full-width-page.php","meta":{"footnotes":""},"class_list":["post-379","page","type-page","status-publish","hentry"],"translation":{"provider":"WPGlobus","version":"3.0.2","language":"pt","enabled_languages":["en","ru","pt","zh","es","fr","de","it","ja"],"languages":{"en":{"title":true,"content":true,"excerpt":false},"ru":{"title":true,"content":true,"excerpt":false},"pt":{"title":true,"content":true,"excerpt":false},"zh":{"title":true,"content":true,"excerpt":false},"es":{"title":true,"content":true,"excerpt":false},"fr":{"title":true,"content":true,"excerpt":false},"de":{"title":true,"content":true,"excerpt":false},"it":{"title":true,"content":true,"excerpt":false},"ja":{"title":true,"content":true,"excerpt":false}}},"yoast_head":"<!-- This site is optimized with the Yoast SEO plugin v27.0 - https:\/\/yoast.com\/product\/yoast-seo-wordpress\/ -->\n<title>Ativar HUD de Sess\u00e3o: Guia R\u00e1pido para Jogadores de Poker<\/title>\n<meta name=\"description\" content=\"Aprenda a ativar rapidamente o HUD de sess\u00e3o para ver stats em tempo real das m\u00e3os jogadas na sua mesa atual. Nota: N\u00e3o dispon\u00edvel para mesas Zoom.\" \/>\n<meta name=\"robots\" content=\"index, follow, max-snippet:-1, max-image-preview:large, max-video-preview:-1\" \/>\n<link rel=\"canonical\" href=\"https:\/\/hand2noteguide.com\/ru\/guide\/hud\/activate-session-hud\/\" \/>\n<meta property=\"og:locale\" content=\"pt_PT\" \/>\n<meta property=\"og:type\" content=\"article\" \/>\n<meta property=\"og:title\" content=\"Ativar HUD de Sess\u00e3o: Guia R\u00e1pido para Jogadores de Poker\" \/>\n<meta property=\"og:description\" content=\"Aprenda a ativar rapidamente o HUD de sess\u00e3o para ver stats em tempo real das m\u00e3os jogadas na sua mesa atual. Nota: N\u00e3o dispon\u00edvel para mesas Zoom.\" \/>\n<meta property=\"og:url\" content=\"https:\/\/hand2noteguide.com\/ru\/guide\/hud\/activate-session-hud\/\" \/>\n<meta property=\"og:site_name\" content=\"Hand2Note Guide\" \/>\n<meta property=\"article:modified_time\" content=\"2025-06-04T15:56:46+00:00\" \/>\n<meta name=\"twitter:card\" content=\"summary_large_image\" \/>\n<meta name=\"twitter:label1\" content=\"Est. reading time\" \/>\n\t<meta name=\"twitter:data1\" content=\"2 minutes\" \/>\n<!-- \/ Yoast SEO plugin. -->","yoast_head_json":{"title":"Ativar HUD de Sess\u00e3o: Guia R\u00e1pido para Jogadores de Poker","description":"Aprenda a ativar rapidamente o HUD de sess\u00e3o para ver stats em tempo real das m\u00e3os jogadas na sua mesa atual. Nota: N\u00e3o dispon\u00edvel para mesas Zoom.","robots":{"index":"index","follow":"follow","max-snippet":"max-snippet:-1","max-image-preview":"max-image-preview:large","max-video-preview":"max-video-preview:-1"},"canonical":"https:\/\/hand2noteguide.com\/ru\/guide\/hud\/activate-session-hud\/","og_locale":"pt_PT","og_type":"article","og_title":"Ativar HUD de Sess\u00e3o: Guia R\u00e1pido para Jogadores de Poker","og_description":"Aprenda a ativar rapidamente o HUD de sess\u00e3o para ver stats em tempo real das m\u00e3os jogadas na sua mesa atual. Nota: N\u00e3o dispon\u00edvel para mesas Zoom.","og_url":"https:\/\/hand2noteguide.com\/ru\/guide\/hud\/activate-session-hud\/","og_site_name":"Hand2Note Guide","article_modified_time":"2025-06-04T15:56:46+00:00","twitter_card":"summary_large_image","twitter_misc":{"Est. reading time":"2 minutes"},"schema":{"@context":"https:\/\/schema.org","@graph":[]}},"jetpack_sharing_enabled":false,"_links":{"self":[{"href":"https:\/\/hand2noteguide.com\/pt\/wp-json\/wp\/v2\/pages\/379","targetHints":{"allow":["GET"]}}],"collection":[{"href":"https:\/\/hand2noteguide.com\/pt\/wp-json\/wp\/v2\/pages"}],"about":[{"href":"https:\/\/hand2noteguide.com\/pt\/wp-json\/wp\/v2\/types\/page"}],"author":[{"embeddable":true,"href":"https:\/\/hand2noteguide.com\/pt\/wp-json\/wp\/v2\/users\/1"}],"replies":[{"embeddable":true,"href":"https:\/\/hand2noteguide.com\/pt\/wp-json\/wp\/v2\/comments?post=379"}],"version-history":[{"count":16,"href":"https:\/\/hand2noteguide.com\/pt\/wp-json\/wp\/v2\/pages\/379\/revisions"}],"predecessor-version":[{"id":13531,"href":"https:\/\/hand2noteguide.com\/pt\/wp-json\/wp\/v2\/pages\/379\/revisions\/13531"}],"up":[{"embeddable":true,"href":"https:\/\/hand2noteguide.com\/pt\/wp-json\/wp\/v2\/pages\/372"}],"wp:attachment":[{"href":"https:\/\/hand2noteguide.com\/pt\/wp-json\/wp\/v2\/media?parent=379"}],"curies":[{"name":"wp","href":"https:\/\/api.w.org\/{rel}","templated":true}]}}