{"id":396,"date":"2018-08-13T18:37:53","date_gmt":"2018-08-13T15:37:53","guid":{"rendered":"https:\/\/h2n312.wordpress.com\/?page_id=396"},"modified":"2025-06-04T18:56:05","modified_gmt":"2025-06-04T15:56:05","slug":"add-abbreviations","status":"publish","type":"page","link":"https:\/\/hand2noteguide.com\/pt\/guide\/hud\/add-abbreviations\/","title":{"rendered":"Como adicionar abrevia\u00e7\u00f5es \u00e0s stats?"},"content":{"rendered":"<p>Para adicionar abrevia\u00e7\u00f5es \u00e0s stats no HUD, basta criar colunas adicionais e inserir o texto necess\u00e1rio nas c\u00e9lulas \u00e0 esquerda das stats:<\/p>\n<p><img loading=\"lazy\" decoding=\"async\" class=\"alignnone size-full wp-image-397\" src=\"https:\/\/hand2noteguide.com\/wp-content\/uploads\/2018\/08\/hand2note-d0b0d0b1d0b1d180d0b5d0b2d0b8d0b0d182d183d180d18b-d0bfd0b5d180d0b5d0b4-d181d182d0b0d182d0b0d0bcd0b8-d0b2-hud.png\" alt=\"Hand2Note \u0430\u0431\u0431\u0440\u0435\u0432\u0438\u0430\u0442\u0443\u0440\u044b \u043f\u0435\u0440\u0435\u0434 \u0441\u0442\u0430\u0442\u0430\u043c\u0438 \u0432 HUD\" width=\"245\" height=\"56\" \/><\/p>\n<p>Voc\u00ea pode adicionar e remover colunas\/linhas usando estes bot\u00f5es na barra de ferramentas:<\/p>\n<p><img loading=\"lazy\" decoding=\"async\" class=\"alignnone size-full wp-image-660\" src=\"https:\/\/hand2noteguide.com\/wp-content\/uploads\/2018\/11\/hand2note-hud-add-remove-rows-columns.png\" alt=\"hand2note hud add remove rows columns\" width=\"591\" height=\"67\" srcset=\"https:\/\/hand2noteguide.com\/wp-content\/uploads\/2018\/11\/hand2note-hud-add-remove-rows-columns.png 591w, https:\/\/hand2noteguide.com\/wp-content\/uploads\/2018\/11\/hand2note-hud-add-remove-rows-columns-300x34.png 300w\" sizes=\"auto, (max-width: 591px) 100vw, 591px\" \/><\/p>\n","protected":false},"excerpt":{"rendered":"<p>Para adicionar abrevia\u00e7\u00f5es \u00e0s stats no HUD, basta criar colunas adicionais e inserir o texto necess\u00e1rio nas c\u00e9lulas \u00e0 esquerda das stats: Voc\u00ea pode adicionar e remover colunas\/linhas usando estes bot\u00f5es na barra de ferramentas:<\/p>\n","protected":false},"author":1,"featured_media":0,"parent":372,"menu_order":0,"comment_status":"closed","ping_status":"closed","template":"page-templates\/full-width-page.php","meta":{"footnotes":""},"class_list":["post-396","page","type-page","status-publish","hentry"],"translation":{"provider":"WPGlobus","version":"3.0.2","language":"pt","enabled_languages":["en","ru","pt","zh","es","fr","de","it","ja"],"languages":{"en":{"title":true,"content":true,"excerpt":false},"ru":{"title":true,"content":true,"excerpt":false},"pt":{"title":true,"content":true,"excerpt":false},"zh":{"title":true,"content":true,"excerpt":false},"es":{"title":true,"content":true,"excerpt":false},"fr":{"title":true,"content":true,"excerpt":false},"de":{"title":true,"content":true,"excerpt":false},"it":{"title":true,"content":true,"excerpt":false},"ja":{"title":true,"content":true,"excerpt":false}}},"yoast_head":"<!-- This site is optimized with the Yoast SEO plugin v27.0 - https:\/\/yoast.com\/product\/yoast-seo-wordpress\/ -->\n<title>Adicionando Abrevia\u00e7\u00f5es \u00e0s Stats do HUD: Um Guia Simples<\/title>\n<meta name=\"description\" content=\"Aprenda a adicionar abrevia\u00e7\u00f5es \u00e0s suas stats do HUD facilmente. Siga nosso guia passo a passo para melhorar sua experi\u00eancia de poker com stats claras e concisas.\" \/>\n<meta name=\"robots\" content=\"index, follow, max-snippet:-1, max-image-preview:large, max-video-preview:-1\" \/>\n<link rel=\"canonical\" href=\"https:\/\/hand2noteguide.com\/guide\/hud\/add-abbreviations\/\" \/>\n<meta property=\"og:locale\" content=\"pt_PT\" \/>\n<meta property=\"og:type\" content=\"article\" \/>\n<meta property=\"og:title\" content=\"Adicionando Abrevia\u00e7\u00f5es \u00e0s Stats do HUD: Um Guia Simples\" \/>\n<meta property=\"og:description\" content=\"Aprenda a adicionar abrevia\u00e7\u00f5es \u00e0s suas stats do HUD facilmente. Siga nosso guia passo a passo para melhorar sua experi\u00eancia de poker com stats claras e concisas.\" \/>\n<meta property=\"og:url\" content=\"https:\/\/hand2noteguide.com\/guide\/hud\/add-abbreviations\/\" \/>\n<meta property=\"og:site_name\" content=\"Hand2Note Guide\" \/>\n<meta property=\"article:modified_time\" content=\"2025-06-04T15:56:05+00:00\" \/>\n<meta property=\"og:image\" content=\"https:\/\/hand2noteguide.com\/wp-content\/uploads\/2018\/08\/hand2note-d0b0d0b1d0b1d180d0b5d0b2d0b8d0b0d182d183d180d18b-d0bfd0b5d180d0b5d0b4-d181d182d0b0d182d0b0d0bcd0b8-d0b2-hud.png\" \/>\n<meta name=\"twitter:card\" content=\"summary_large_image\" \/>\n<meta name=\"twitter:label1\" content=\"Est. reading time\" \/>\n\t<meta name=\"twitter:data1\" content=\"1 minute\" \/>\n<!-- \/ Yoast SEO plugin. -->","yoast_head_json":{"title":"Adicionando Abrevia\u00e7\u00f5es \u00e0s Stats do HUD: Um Guia Simples","description":"Aprenda a adicionar abrevia\u00e7\u00f5es \u00e0s suas stats do HUD facilmente. Siga nosso guia passo a passo para melhorar sua experi\u00eancia de poker com stats claras e concisas.","robots":{"index":"index","follow":"follow","max-snippet":"max-snippet:-1","max-image-preview":"max-image-preview:large","max-video-preview":"max-video-preview:-1"},"canonical":"https:\/\/hand2noteguide.com\/guide\/hud\/add-abbreviations\/","og_locale":"pt_PT","og_type":"article","og_title":"Adicionando Abrevia\u00e7\u00f5es \u00e0s Stats do HUD: Um Guia Simples","og_description":"Aprenda a adicionar abrevia\u00e7\u00f5es \u00e0s suas stats do HUD facilmente. Siga nosso guia passo a passo para melhorar sua experi\u00eancia de poker com stats claras e concisas.","og_url":"https:\/\/hand2noteguide.com\/guide\/hud\/add-abbreviations\/","og_site_name":"Hand2Note Guide","article_modified_time":"2025-06-04T15:56:05+00:00","og_image":[{"url":"https:\/\/hand2noteguide.com\/wp-content\/uploads\/2018\/08\/hand2note-d0b0d0b1d0b1d180d0b5d0b2d0b8d0b0d182d183d180d18b-d0bfd0b5d180d0b5d0b4-d181d182d0b0d182d0b0d0bcd0b8-d0b2-hud.png","type":"","width":"","height":""}],"twitter_card":"summary_large_image","twitter_misc":{"Est. reading time":"1 minute"},"schema":{"@context":"https:\/\/schema.org","@graph":[]}},"jetpack_sharing_enabled":false,"_links":{"self":[{"href":"https:\/\/hand2noteguide.com\/pt\/wp-json\/wp\/v2\/pages\/396","targetHints":{"allow":["GET"]}}],"collection":[{"href":"https:\/\/hand2noteguide.com\/pt\/wp-json\/wp\/v2\/pages"}],"about":[{"href":"https:\/\/hand2noteguide.com\/pt\/wp-json\/wp\/v2\/types\/page"}],"author":[{"embeddable":true,"href":"https:\/\/hand2noteguide.com\/pt\/wp-json\/wp\/v2\/users\/1"}],"replies":[{"embeddable":true,"href":"https:\/\/hand2noteguide.com\/pt\/wp-json\/wp\/v2\/comments?post=396"}],"version-history":[{"count":12,"href":"https:\/\/hand2noteguide.com\/pt\/wp-json\/wp\/v2\/pages\/396\/revisions"}],"predecessor-version":[{"id":13530,"href":"https:\/\/hand2noteguide.com\/pt\/wp-json\/wp\/v2\/pages\/396\/revisions\/13530"}],"up":[{"embeddable":true,"href":"https:\/\/hand2noteguide.com\/pt\/wp-json\/wp\/v2\/pages\/372"}],"wp:attachment":[{"href":"https:\/\/hand2noteguide.com\/pt\/wp-json\/wp\/v2\/media?parent=396"}],"curies":[{"name":"wp","href":"https:\/\/api.w.org\/{rel}","templated":true}]}}