{"id":402,"date":"2018-08-13T18:47:29","date_gmt":"2018-08-13T15:47:29","guid":{"rendered":"https:\/\/h2n312.wordpress.com\/?page_id=402"},"modified":"2025-06-04T18:55:22","modified_gmt":"2025-06-04T15:55:22","slug":"add-hands-counter","status":"publish","type":"page","link":"https:\/\/hand2noteguide.com\/pt\/guide\/hud\/add-hands-counter\/","title":{"rendered":"Como inserir o contador de m\u00e3os?"},"content":{"rendered":"<p>O n\u00famero de m\u00e3os para o jogador \u00e9 um <a href=\"https:\/\/hand2noteguide.com\/pt\/guide\/creating-stats\/expression\/\">expression stat<\/a>. Por padr\u00e3o, \u00e9 chamado de <em><strong>hands<\/strong><\/em>. Para adicionar a contagem de m\u00e3os de um jogador no seu HUD, siga as mesmas instru\u00e7\u00f5es de quando adiciona qualquer outro expression stat:<\/p>\n<ol>\n<li>Clique com o bot\u00e3o direito na c\u00e9lula, selecione <em>Insert \u2192 Expression stat<\/em>: <img loading=\"lazy\" decoding=\"async\" class=\"alignnone size-full wp-image-633\" src=\"https:\/\/hand2noteguide.com\/wp-content\/uploads\/2018\/11\/hand2note-hud-insert-expression-stat.png\" alt=\"hand2note hud insert expression stat\" width=\"489\" height=\"375\" srcset=\"https:\/\/hand2noteguide.com\/wp-content\/uploads\/2018\/11\/hand2note-hud-insert-expression-stat.png 489w, https:\/\/hand2noteguide.com\/wp-content\/uploads\/2018\/11\/hand2note-hud-insert-expression-stat-300x230.png 300w\" sizes=\"auto, (max-width: 489px) 100vw, 489px\" \/><\/li>\n<li>Na barra de pesquisa que aparece, comece a digitar o nome do stat, selecione-o e clique em <em>OK<\/em>:<br \/>\n<img loading=\"lazy\" decoding=\"async\" class=\"alignnone size-full wp-image-635\" src=\"https:\/\/hand2noteguide.com\/wp-content\/uploads\/2018\/11\/hand2note-hands-stat-search.png\" alt=\"Hand2Note hands stat search\" width=\"164\" height=\"287\" \/><\/li>\n<\/ol>\n","protected":false},"excerpt":{"rendered":"<p>O n\u00famero de m\u00e3os para o jogador \u00e9 um expression stat. Por padr\u00e3o, \u00e9 chamado de hands. Para adicionar a contagem de m\u00e3os de um jogador no seu HUD, siga as mesmas instru\u00e7\u00f5es de quando adiciona qualquer outro expression stat: Clique com o bot\u00e3o direito na c\u00e9lula, selecione Insert \u2192 Expression stat: Na barra de &hellip; <a href=\"https:\/\/hand2noteguide.com\/pt\/guide\/hud\/add-hands-counter\/\" class=\"more-link\">Continue reading <span class=\"screen-reader-text\">Como inserir o contador de m\u00e3os?<\/span><\/a><\/p>\n","protected":false},"author":1,"featured_media":0,"parent":372,"menu_order":0,"comment_status":"closed","ping_status":"closed","template":"page-templates\/full-width-page.php","meta":{"footnotes":""},"class_list":["post-402","page","type-page","status-publish","hentry"],"translation":{"provider":"WPGlobus","version":"3.0.2","language":"pt","enabled_languages":["en","ru","pt","zh","es","fr","de","it","ja"],"languages":{"en":{"title":true,"content":true,"excerpt":false},"ru":{"title":true,"content":true,"excerpt":false},"pt":{"title":true,"content":true,"excerpt":false},"zh":{"title":true,"content":true,"excerpt":false},"es":{"title":true,"content":true,"excerpt":false},"fr":{"title":true,"content":true,"excerpt":false},"de":{"title":true,"content":true,"excerpt":false},"it":{"title":true,"content":true,"excerpt":false},"ja":{"title":true,"content":true,"excerpt":false}}},"yoast_head":"<!-- This site is optimized with the Yoast SEO plugin v27.0 - https:\/\/yoast.com\/product\/yoast-seo-wordpress\/ -->\n<title>Como Adicionar um Contador de M\u00e3os ao Seu HUD de Poker<\/title>\n<meta name=\"description\" content=\"Aprenda como adicionar facilmente um contador de m\u00e3os ao seu HUD de poker. Siga nosso guia passo a passo para melhorar o acompanhamento do jogo e sua estrat\u00e9gia.\" \/>\n<meta name=\"robots\" content=\"index, follow, max-snippet:-1, max-image-preview:large, max-video-preview:-1\" \/>\n<link rel=\"canonical\" href=\"https:\/\/hand2noteguide.com\/guide\/hud\/add-hands-counter\/\" \/>\n<meta property=\"og:locale\" content=\"pt_PT\" \/>\n<meta property=\"og:type\" content=\"article\" \/>\n<meta property=\"og:title\" content=\"Como Adicionar um Contador de M\u00e3os ao Seu HUD de Poker\" \/>\n<meta property=\"og:description\" content=\"Aprenda como adicionar facilmente um contador de m\u00e3os ao seu HUD de poker. Siga nosso guia passo a passo para melhorar o acompanhamento do jogo e sua estrat\u00e9gia.\" \/>\n<meta property=\"og:url\" content=\"https:\/\/hand2noteguide.com\/guide\/hud\/add-hands-counter\/\" \/>\n<meta property=\"og:site_name\" content=\"Hand2Note Guide\" \/>\n<meta property=\"article:modified_time\" content=\"2025-06-04T15:55:22+00:00\" \/>\n<meta property=\"og:image\" content=\"https:\/\/hand2noteguide.com\/wp-content\/uploads\/2018\/11\/hand2note-hud-insert-expression-stat.png\" \/>\n<meta name=\"twitter:card\" content=\"summary_large_image\" \/>\n<meta name=\"twitter:label1\" content=\"Est. reading time\" \/>\n\t<meta name=\"twitter:data1\" content=\"2 minutes\" \/>\n<!-- \/ Yoast SEO plugin. -->","yoast_head_json":{"title":"Como Adicionar um Contador de M\u00e3os ao Seu HUD de Poker","description":"Aprenda como adicionar facilmente um contador de m\u00e3os ao seu HUD de poker. Siga nosso guia passo a passo para melhorar o acompanhamento do jogo e sua estrat\u00e9gia.","robots":{"index":"index","follow":"follow","max-snippet":"max-snippet:-1","max-image-preview":"max-image-preview:large","max-video-preview":"max-video-preview:-1"},"canonical":"https:\/\/hand2noteguide.com\/guide\/hud\/add-hands-counter\/","og_locale":"pt_PT","og_type":"article","og_title":"Como Adicionar um Contador de M\u00e3os ao Seu HUD de Poker","og_description":"Aprenda como adicionar facilmente um contador de m\u00e3os ao seu HUD de poker. Siga nosso guia passo a passo para melhorar o acompanhamento do jogo e sua estrat\u00e9gia.","og_url":"https:\/\/hand2noteguide.com\/guide\/hud\/add-hands-counter\/","og_site_name":"Hand2Note Guide","article_modified_time":"2025-06-04T15:55:22+00:00","og_image":[{"url":"https:\/\/hand2noteguide.com\/wp-content\/uploads\/2018\/11\/hand2note-hud-insert-expression-stat.png","type":"","width":"","height":""}],"twitter_card":"summary_large_image","twitter_misc":{"Est. reading time":"2 minutes"},"schema":{"@context":"https:\/\/schema.org","@graph":[]}},"jetpack_sharing_enabled":false,"_links":{"self":[{"href":"https:\/\/hand2noteguide.com\/pt\/wp-json\/wp\/v2\/pages\/402","targetHints":{"allow":["GET"]}}],"collection":[{"href":"https:\/\/hand2noteguide.com\/pt\/wp-json\/wp\/v2\/pages"}],"about":[{"href":"https:\/\/hand2noteguide.com\/pt\/wp-json\/wp\/v2\/types\/page"}],"author":[{"embeddable":true,"href":"https:\/\/hand2noteguide.com\/pt\/wp-json\/wp\/v2\/users\/1"}],"replies":[{"embeddable":true,"href":"https:\/\/hand2noteguide.com\/pt\/wp-json\/wp\/v2\/comments?post=402"}],"version-history":[{"count":13,"href":"https:\/\/hand2noteguide.com\/pt\/wp-json\/wp\/v2\/pages\/402\/revisions"}],"predecessor-version":[{"id":13529,"href":"https:\/\/hand2noteguide.com\/pt\/wp-json\/wp\/v2\/pages\/402\/revisions\/13529"}],"up":[{"embeddable":true,"href":"https:\/\/hand2noteguide.com\/pt\/wp-json\/wp\/v2\/pages\/372"}],"wp:attachment":[{"href":"https:\/\/hand2noteguide.com\/pt\/wp-json\/wp\/v2\/media?parent=402"}],"curies":[{"name":"wp","href":"https:\/\/api.w.org\/{rel}","templated":true}]}}