{"id":420,"date":"2018-08-15T18:03:35","date_gmt":"2018-08-15T15:03:35","guid":{"rendered":"https:\/\/h2n312.wordpress.com\/?page_id=420"},"modified":"2025-06-04T18:53:18","modified_gmt":"2025-06-04T15:53:18","slug":"notes-on-players","status":"publish","type":"page","link":"https:\/\/hand2noteguide.com\/pt\/guide\/notes-on-players\/","title":{"rendered":"Escrevendo notas sobre os jogadores"},"content":{"rendered":"<p>Se voc\u00ea estiver usando o perfil padr\u00e3o de HUD e popup, clique no apelido do jogador no HUD e mude para a aba &#8220;Notes&#8221;.<\/p>\n<p><img loading=\"lazy\" decoding=\"async\" class=\"alignnone size-full wp-image-432\" src=\"https:\/\/hand2noteguide.com\/wp-content\/uploads\/2018\/08\/hand2note-d0bfd0bed0bfd0b0d0bf-d0bdd0bed182d181d18b.png\" alt=\"Hand2Note \u043f\u043e\u043f\u0430\u043f \u043d\u043e\u0442\u0441\u044b\" width=\"300\" height=\"130\" \/><\/p>\n<p>Aqui voc\u00ea pode escrever notas sobre o jogador. Um pequeno quadrado adicional aparecer\u00e1 no canto inferior esquerdo do \u00edcone do jogador no HUD, indicando que h\u00e1 algumas notas salvas sobre este jogador. Quando voc\u00ea passar o mouse sobre ele, ver\u00e1 uma lista de notas salvas.<\/p>\n<p><img loading=\"lazy\" decoding=\"async\" class=\"alignnone size-full wp-image-433\" src=\"https:\/\/hand2noteguide.com\/wp-content\/uploads\/2018\/08\/hand2note-d0bcd0b5d182d0bad0b0-d0bdd0bed181d182d0bed0b2-d0b2-hud.png\" alt=\"Hand2Note \u043c\u0435\u0442\u043a\u0430 \u043d\u043e\u0441\u0442\u043e\u0432 \u0432 HUD\" width=\"282\" height=\"140\" \/><\/p>\n<p>Observe que voc\u00ea pode inserir m\u00e3os nas notas. Para fazer isso, use o bot\u00e3o &#8220;N&#8221; \u00e0 esquerda da m\u00e3o:<\/p>\n<p><img loading=\"lazy\" decoding=\"async\" class=\"alignnone size-full wp-image-448\" src=\"https:\/\/hand2noteguide.com\/wp-content\/uploads\/2018\/08\/hand2note-d0b1d18bd181d182d180d0b0d18f-d0b2d181d182d0b0d0b2d0bad0b0-d180d0b0d0b7d0b4d0b0d187d0b8-d0b2-d0bdd0bed182d181.png\" alt=\"Hand2Note \u0431\u044b\u0441\u0442\u0440\u0430\u044f \u0432\u0441\u0442\u0430\u0432\u043a\u0430 \u0440\u0430\u0437\u0434\u0430\u0447\u0438 \u0432 \u043d\u043e\u0442\u0441\" width=\"660\" height=\"171\" srcset=\"https:\/\/hand2noteguide.com\/wp-content\/uploads\/2018\/08\/hand2note-d0b1d18bd181d182d180d0b0d18f-d0b2d181d182d0b0d0b2d0bad0b0-d180d0b0d0b7d0b4d0b0d187d0b8-d0b2-d0bdd0bed182d181.png 660w, https:\/\/hand2noteguide.com\/wp-content\/uploads\/2018\/08\/hand2note-d0b1d18bd181d182d180d0b0d18f-d0b2d181d182d0b0d0b2d0bad0b0-d180d0b0d0b7d0b4d0b0d187d0b8-d0b2-d0bdd0bed182d181-300x78.png 300w, https:\/\/hand2noteguide.com\/wp-content\/uploads\/2018\/08\/hand2note-d0b1d18bd181d182d180d0b0d18f-d0b2d181d182d0b0d0b2d0bad0b0-d180d0b0d0b7d0b4d0b0d187d0b8-d0b2-d0bdd0bed182d181-624x162.png 624w\" sizes=\"auto, (max-width: 660px) 100vw, 660px\" \/><\/p>\n<p>Se n\u00e3o houver tal bot\u00e3o, basta arrastar a m\u00e3o para a nota segurando o bot\u00e3o direito do mouse (<a href=\"https:\/\/hand2noteguide.com\/wp-content\/uploads\/2018\/08\/hand2note-d0b4d0bed0b1d0b0d0b2d0bbd0b5d0bdd0b8d0b5-d180d0b0d0b7d0b4d0b0d187d0b8-d0b2-d0bdd0bed182d181.gif\" target=\"_blank\" rel=\"noopener noreferrer\">como?<\/a>).<\/p>\n<p>Se voc\u00ea estiver usando um <a href=\"http:\/\/www.hand2note.com\/Shop\" target=\"_blank\" rel=\"noopener noreferrer\">pacote comercial<\/a>, verifique com os desenvolvedores em qual c\u00e9lula no HUD voc\u00ea deve clicar para abrir o popup com o cont\u00eainer de notas. Na maioria das vezes, \u00e9 tamb\u00e9m o apelido do jogador.<\/p>\n<p>Se voc\u00ea estiver projetando o HUD e os popups por conta pr\u00f3pria e quiser ter a capacidade de escrever notas sobre os jogadores, fa\u00e7a o seguinte:<\/p>\n<ol>\n<li>V\u00e1 para o editor de Popup, crie uma nova aba, nomeie-a &#8220;Notes&#8221; e adicione o Notes Container a ela:<br \/>\n<img loading=\"lazy\" decoding=\"async\" class=\"alignnone size-full wp-image-439\" src=\"https:\/\/hand2noteguide.com\/wp-content\/uploads\/2018\/08\/hand2note-add-notes-container.png\" alt=\"Hand2Note add notes container\" width=\"546\" height=\"464\" srcset=\"https:\/\/hand2noteguide.com\/wp-content\/uploads\/2018\/08\/hand2note-add-notes-container.png 546w, https:\/\/hand2noteguide.com\/wp-content\/uploads\/2018\/08\/hand2note-add-notes-container-300x255.png 300w\" sizes=\"auto, (max-width: 546px) 100vw, 546px\" \/><\/li>\n<li>V\u00e1 para o editor de HUD, destaque a c\u00e9lula com o apelido do jogador (<a href=\"https:\/\/hand2noteguide.com\/pt\/guide\/hud\/add-nickname-winrate-stacksize\/\">como inserir um apelido no HUD<\/a>?) e atribua o popup rec\u00e9m-criado a ela:<br \/>\n<img loading=\"lazy\" decoding=\"async\" class=\"alignnone size-full wp-image-440\" src=\"https:\/\/hand2noteguide.com\/wp-content\/uploads\/2018\/08\/hand2note-assign-notes-popup-to-nickname.png\" alt=\"Hand2Note assign notes popup to nickname\" width=\"709\" height=\"320\" srcset=\"https:\/\/hand2noteguide.com\/wp-content\/uploads\/2018\/08\/hand2note-assign-notes-popup-to-nickname.png 709w, https:\/\/hand2noteguide.com\/wp-content\/uploads\/2018\/08\/hand2note-assign-notes-popup-to-nickname-300x135.png 300w, https:\/\/hand2noteguide.com\/wp-content\/uploads\/2018\/08\/hand2note-assign-notes-popup-to-nickname-624x282.png 624w\" sizes=\"auto, (max-width: 709px) 100vw, 709px\" \/><\/li>\n<li>Se voc\u00ea ainda n\u00e3o tiver o \u00edcone de notas no HUD, insira-o clicando com o bot\u00e3o direito na c\u00e9lula no editor de HUD:<br \/>\n<img loading=\"lazy\" decoding=\"async\" class=\"alignnone size-full wp-image-832\" src=\"https:\/\/hand2noteguide.com\/wp-content\/uploads\/2019\/05\/hand2note-insert-notes-icon-into-hud.png\" alt=\"hand2note insert notes icon into HUD\" width=\"547\" height=\"456\" srcset=\"https:\/\/hand2noteguide.com\/wp-content\/uploads\/2019\/05\/hand2note-insert-notes-icon-into-hud.png 547w, https:\/\/hand2noteguide.com\/wp-content\/uploads\/2019\/05\/hand2note-insert-notes-icon-into-hud-300x250.png 300w\" sizes=\"auto, (max-width: 547px) 100vw, 547px\" \/><\/li>\n<li>Agora voc\u00ea pode gerenciar notas sobre os jogadores conforme descrito acima.<\/li>\n<\/ol>\n<p>Observe que <a href=\"https:\/\/hand2noteguide.com\/pt\/guide\/where-are-notes-stored\/\">as notas s\u00e3o armazenadas separadamente do banco de dados<\/a>, e voc\u00ea pode facilmente salv\u00e1-las e transferi-las para outro computador.<\/p>\n","protected":false},"excerpt":{"rendered":"<p>Se voc\u00ea estiver usando o perfil padr\u00e3o de HUD e popup, clique no apelido do jogador no HUD e mude para a aba &#8220;Notes&#8221;. Aqui voc\u00ea pode escrever notas sobre o jogador. Um pequeno quadrado adicional aparecer\u00e1 no canto inferior esquerdo do \u00edcone do jogador no HUD, indicando que h\u00e1 algumas notas salvas sobre este &hellip; <a href=\"https:\/\/hand2noteguide.com\/pt\/guide\/notes-on-players\/\" class=\"more-link\">Continue reading <span class=\"screen-reader-text\">Escrevendo notas sobre os jogadores<\/span><\/a><\/p>\n","protected":false},"author":1,"featured_media":0,"parent":74,"menu_order":0,"comment_status":"closed","ping_status":"closed","template":"page-templates\/full-width-page.php","meta":{"footnotes":""},"class_list":["post-420","page","type-page","status-publish","hentry"],"translation":{"provider":"WPGlobus","version":"3.0.2","language":"pt","enabled_languages":["en","ru","pt","zh","es","fr","de","it","ja"],"languages":{"en":{"title":true,"content":true,"excerpt":false},"ru":{"title":true,"content":true,"excerpt":false},"pt":{"title":true,"content":true,"excerpt":false},"zh":{"title":true,"content":true,"excerpt":false},"es":{"title":true,"content":true,"excerpt":false},"fr":{"title":true,"content":true,"excerpt":false},"de":{"title":true,"content":true,"excerpt":false},"it":{"title":true,"content":true,"excerpt":false},"ja":{"title":true,"content":true,"excerpt":false}}},"yoast_head":"<!-- This site is optimized with the Yoast SEO plugin v27.0 - https:\/\/yoast.com\/product\/yoast-seo-wordpress\/ -->\n<title>Como Escrever Notas Eficazes de Jogadores no Poker HUD<\/title>\n<meta name=\"description\" content=\"Aprenda a escrever e gerenciar notas de jogadores de forma eficiente no seu poker HUD. Melhore sua estrat\u00e9gia de jogo com insights organizados e acess\u00edveis.\" \/>\n<meta name=\"robots\" content=\"index, follow, max-snippet:-1, max-image-preview:large, max-video-preview:-1\" \/>\n<link rel=\"canonical\" href=\"https:\/\/hand2noteguide.com\/guide\/notes-on-players\/\" \/>\n<meta property=\"og:locale\" content=\"pt_PT\" \/>\n<meta property=\"og:type\" content=\"article\" \/>\n<meta property=\"og:title\" content=\"Como Escrever Notas Eficazes de Jogadores no Poker HUD\" \/>\n<meta property=\"og:description\" content=\"Aprenda a escrever e gerenciar notas de jogadores de forma eficiente no seu poker HUD. Melhore sua estrat\u00e9gia de jogo com insights organizados e acess\u00edveis.\" \/>\n<meta property=\"og:url\" content=\"https:\/\/hand2noteguide.com\/guide\/notes-on-players\/\" \/>\n<meta property=\"og:site_name\" content=\"Hand2Note Guide\" \/>\n<meta property=\"article:modified_time\" content=\"2025-06-04T15:53:18+00:00\" \/>\n<meta property=\"og:image\" content=\"https:\/\/hand2noteguide.com\/wp-content\/uploads\/2018\/08\/hand2note-d0bfd0bed0bfd0b0d0bf-d0bdd0bed182d181d18b.png\" \/>\n<meta name=\"twitter:card\" content=\"summary_large_image\" \/>\n<meta name=\"twitter:label1\" content=\"Est. reading time\" \/>\n\t<meta name=\"twitter:data1\" content=\"9 minutes\" \/>\n<!-- \/ Yoast SEO plugin. -->","yoast_head_json":{"title":"Como Escrever Notas Eficazes de Jogadores no Poker HUD","description":"Aprenda a escrever e gerenciar notas de jogadores de forma eficiente no seu poker HUD. Melhore sua estrat\u00e9gia de jogo com insights organizados e acess\u00edveis.","robots":{"index":"index","follow":"follow","max-snippet":"max-snippet:-1","max-image-preview":"max-image-preview:large","max-video-preview":"max-video-preview:-1"},"canonical":"https:\/\/hand2noteguide.com\/guide\/notes-on-players\/","og_locale":"pt_PT","og_type":"article","og_title":"Como Escrever Notas Eficazes de Jogadores no Poker HUD","og_description":"Aprenda a escrever e gerenciar notas de jogadores de forma eficiente no seu poker HUD. Melhore sua estrat\u00e9gia de jogo com insights organizados e acess\u00edveis.","og_url":"https:\/\/hand2noteguide.com\/guide\/notes-on-players\/","og_site_name":"Hand2Note Guide","article_modified_time":"2025-06-04T15:53:18+00:00","og_image":[{"url":"https:\/\/hand2noteguide.com\/wp-content\/uploads\/2018\/08\/hand2note-d0bfd0bed0bfd0b0d0bf-d0bdd0bed182d181d18b.png","type":"","width":"","height":""}],"twitter_card":"summary_large_image","twitter_misc":{"Est. reading time":"9 minutes"},"schema":{"@context":"https:\/\/schema.org","@graph":[]}},"jetpack_sharing_enabled":false,"_links":{"self":[{"href":"https:\/\/hand2noteguide.com\/pt\/wp-json\/wp\/v2\/pages\/420","targetHints":{"allow":["GET"]}}],"collection":[{"href":"https:\/\/hand2noteguide.com\/pt\/wp-json\/wp\/v2\/pages"}],"about":[{"href":"https:\/\/hand2noteguide.com\/pt\/wp-json\/wp\/v2\/types\/page"}],"author":[{"embeddable":true,"href":"https:\/\/hand2noteguide.com\/pt\/wp-json\/wp\/v2\/users\/1"}],"replies":[{"embeddable":true,"href":"https:\/\/hand2noteguide.com\/pt\/wp-json\/wp\/v2\/comments?post=420"}],"version-history":[{"count":13,"href":"https:\/\/hand2noteguide.com\/pt\/wp-json\/wp\/v2\/pages\/420\/revisions"}],"predecessor-version":[{"id":13526,"href":"https:\/\/hand2noteguide.com\/pt\/wp-json\/wp\/v2\/pages\/420\/revisions\/13526"}],"up":[{"embeddable":true,"href":"https:\/\/hand2noteguide.com\/pt\/wp-json\/wp\/v2\/pages\/74"}],"wp:attachment":[{"href":"https:\/\/hand2noteguide.com\/pt\/wp-json\/wp\/v2\/media?parent=420"}],"curies":[{"name":"wp","href":"https:\/\/api.w.org\/{rel}","templated":true}]}}