{"id":422,"date":"2018-08-15T18:32:33","date_gmt":"2018-08-15T15:32:33","guid":{"rendered":"https:\/\/h2n312.wordpress.com\/?page_id=422"},"modified":"2025-06-04T17:54:52","modified_gmt":"2025-06-04T14:54:52","slug":"dashes-instead-of-stats","status":"publish","type":"page","link":"https:\/\/hand2noteguide.com\/pt\/issues-resolving\/dashes-instead-of-stats\/","title":{"rendered":"Tra\u00e7os em vez de stats ou 0 m\u00e3os nos jogadores no HUD"},"content":{"rendered":"<p>Primeiramente, verifique se <a href=\"https:\/\/hand2noteguide.com\/pt\/guide\/choose-subscription\/\">sua assinatura \u00e9 adequada para os limites jogados<\/a> e se <a href=\"https:\/\/hand2noteguide.com\/pt\/guide\/serial-key\/\">a chave de licen\u00e7a est\u00e1 inserida no programa<\/a>. Se voc\u00ea estiver usando a vers\u00e3o gratuita para micro stakes ou <a href=\"https:\/\/hand2noteguide.com\/pt\/trial\/\">trial<\/a>, pule esta etapa.<\/p>\n<p>Se voc\u00ea estiver usando um perfil comercial de <a href=\"https:\/\/hand2noteguide.com\/pt\/guide\/hud\/\">HUD<\/a>, entre em contato com o desenvolvedor e verifique se sua licen\u00e7a est\u00e1 ativa e adequada para seu tipo de jogo, e se o pacote est\u00e1 instalado corretamente.<\/p>\n<p>Se as licen\u00e7as estiverem corretas, mas voc\u00ea vir tra\u00e7os em vez de valores de stats no HUD e popups, ou sempre 0 m\u00e3os nos jogadores, fa\u00e7a o seguinte:<\/p>\n\n\n<ol>\t \t \n <li>V\u00e1 para <em>Configuration<\/em> \u2192 <em>Game Types<\/em>, clique em <em>Reset to default<\/em>, depois em <em>Save<\/em>\t \t \n<img loading=\"lazy\" decoding=\"async\" class=\"alignnone size-full wp-image-460\" src=\"https:\/\/hand2noteguide.com\/wp-content\/uploads\/2018\/08\/hand2note-game-types-reset-to-default.png\" alt=\"Hand2Note Game Types reset to default\" width=\"929\" height=\"650\" srcset=\"https:\/\/hand2noteguide.com\/wp-content\/uploads\/2018\/08\/hand2note-game-types-reset-to-default.png 929w, https:\/\/hand2noteguide.com\/wp-content\/uploads\/2018\/08\/hand2note-game-types-reset-to-default-300x210.png 300w, https:\/\/hand2noteguide.com\/wp-content\/uploads\/2018\/08\/hand2note-game-types-reset-to-default-768x537.png 768w, https:\/\/hand2noteguide.com\/wp-content\/uploads\/2018\/08\/hand2note-game-types-reset-to-default-772x540.png 772w, https:\/\/hand2noteguide.com\/wp-content\/uploads\/2018\/08\/hand2note-game-types-reset-to-default-624x437.png 624w\" sizes=\"auto, (max-width: 929px) 100vw, 929px\" \/><\/li>\t \t \n <li>Selecione o perfil desejado de HUD e popup no seu tipo de jogo\t \t \n<img loading=\"lazy\" decoding=\"async\" class=\"alignnone size-full wp-image-461\" src=\"https:\/\/hand2noteguide.com\/wp-content\/uploads\/2018\/08\/hand2note-game-types-choose-profile.png\" alt=\"Hand2Note Game Types choose profile\" width=\"1366\" height=\"870\" srcset=\"https:\/\/hand2noteguide.com\/wp-content\/uploads\/2018\/08\/hand2note-game-types-choose-profile.png 1366w, https:\/\/hand2noteguide.com\/wp-content\/uploads\/2018\/08\/hand2note-game-types-choose-profile-300x191.png 300w, https:\/\/hand2noteguide.com\/wp-content\/uploads\/2018\/08\/hand2note-game-types-choose-profile-768x489.png 768w, https:\/\/hand2noteguide.com\/wp-content\/uploads\/2018\/08\/hand2note-game-types-choose-profile-1024x652.png 1024w, https:\/\/hand2noteguide.com\/wp-content\/uploads\/2018\/08\/hand2note-game-types-choose-profile-772x492.png 772w, https:\/\/hand2noteguide.com\/wp-content\/uploads\/2018\/08\/hand2note-game-types-choose-profile-624x397.png 624w\" sizes=\"auto, (max-width: 1366px) 100vw, 1366px\" \/><\/li>\t \t \n <li><a href=\"\/pt\/guide\/rebuild-stats\/\">Reconstrua os stats<\/a> na janela principal do programa\t \t \n<img loading=\"lazy\" decoding=\"async\" class=\"alignnone size-full wp-image-325\" src=\"https:\/\/hand2noteguide.com\/wp-content\/uploads\/2018\/08\/hand2note-d0bfd0b5d180d0b5d181d182d180d0bed0b8d182d18c-d181d182d0b0d182d0b8d181d182d0b8d0bad183.png\" alt=\"Hand2Note \u043f\u0435\u0440\u0435\u0441\u0442\u0440\u043e\u0438\u0442\u044c \u0441\u0442\u0430\u0442\u0438\u0441\u0442\u0438\u043a\u0443\" width=\"662\" height=\"121\" srcset=\"https:\/\/hand2noteguide.com\/wp-content\/uploads\/2018\/08\/hand2note-d0bfd0b5d180d0b5d181d182d180d0bed0b8d182d18c-d181d182d0b0d182d0b8d181d182d0b8d0bad183.png 662w, https:\/\/hand2noteguide.com\/wp-content\/uploads\/2018\/08\/hand2note-d0bfd0b5d180d0b5d181d182d180d0bed0b8d182d18c-d181d182d0b0d182d0b8d181d182d0b8d0bad183-300x55.png 300w, https:\/\/hand2noteguide.com\/wp-content\/uploads\/2018\/08\/hand2note-d0bfd0b5d180d0b5d181d182d180d0bed0b8d182d18c-d181d182d0b0d182d0b8d181d182d0b8d0bad183-624x114.png 624w\" sizes=\"auto, (max-width: 662px) 100vw, 662px\" \/><\/li>\t \t \n<\/ol>\n\n\n\n<p>Se as etapas acima n\u00e3o ajudarem, entre em contato com o <a href=\"https:\/\/hand2noteguide.com\/pt\/hand2note-official-support\/\">servi\u00e7o de suporte<\/a>.<\/p>\n\n","protected":false},"excerpt":{"rendered":"<p>Primeiramente, verifique se sua assinatura \u00e9 adequada para os limites jogados e se a chave de licen\u00e7a est\u00e1 inserida no programa. Se voc\u00ea estiver usando a vers\u00e3o gratuita para micro stakes ou trial, pule esta etapa. Se voc\u00ea estiver usando um perfil comercial de HUD, entre em contato com o desenvolvedor e verifique se sua &hellip; <a href=\"https:\/\/hand2noteguide.com\/pt\/issues-resolving\/dashes-instead-of-stats\/\" class=\"more-link\">Continue reading <span class=\"screen-reader-text\">Tra\u00e7os em vez de stats ou 0 m\u00e3os nos jogadores no HUD<\/span><\/a><\/p>\n","protected":false},"author":1,"featured_media":0,"parent":236,"menu_order":0,"comment_status":"closed","ping_status":"closed","template":"page-templates\/full-width-page.php","meta":{"footnotes":""},"class_list":["post-422","page","type-page","status-publish","hentry"],"translation":{"provider":"WPGlobus","version":"3.0.2","language":"pt","enabled_languages":["en","ru","pt","zh","es","fr","de","it","ja"],"languages":{"en":{"title":true,"content":true,"excerpt":false},"ru":{"title":true,"content":true,"excerpt":false},"pt":{"title":true,"content":true,"excerpt":false},"zh":{"title":true,"content":true,"excerpt":false},"es":{"title":true,"content":true,"excerpt":false},"fr":{"title":true,"content":true,"excerpt":false},"de":{"title":true,"content":true,"excerpt":false},"it":{"title":true,"content":true,"excerpt":false},"ja":{"title":true,"content":true,"excerpt":false}}},"yoast_head":"<!-- This site is optimized with the Yoast SEO plugin v27.0 - https:\/\/yoast.com\/product\/yoast-seo-wordpress\/ -->\n<title>Corrigindo Problemas no HUD: Tra\u00e7os ou Zero M\u00e3os Exibidas<\/title>\n<meta name=\"description\" content=\"Aprenda a resolver problemas de exibi\u00e7\u00e3o no HUD do Hand2Note. Siga nosso guia passo a passo para corrigir tra\u00e7os ou zero m\u00e3os em vez de stats no seu HUD.\" \/>\n<meta name=\"robots\" content=\"index, follow, max-snippet:-1, max-image-preview:large, max-video-preview:-1\" \/>\n<link rel=\"canonical\" href=\"https:\/\/hand2noteguide.com\/issues-resolving\/dashes-instead-of-stats\/\" \/>\n<meta property=\"og:locale\" content=\"pt_PT\" \/>\n<meta property=\"og:type\" content=\"article\" \/>\n<meta property=\"og:title\" content=\"Corrigindo Problemas no HUD: Tra\u00e7os ou Zero M\u00e3os Exibidas\" \/>\n<meta property=\"og:description\" content=\"Aprenda a resolver problemas de exibi\u00e7\u00e3o no HUD do Hand2Note. Siga nosso guia passo a passo para corrigir tra\u00e7os ou zero m\u00e3os em vez de stats no seu HUD.\" \/>\n<meta property=\"og:url\" content=\"https:\/\/hand2noteguide.com\/issues-resolving\/dashes-instead-of-stats\/\" \/>\n<meta property=\"og:site_name\" content=\"Hand2Note Guide\" \/>\n<meta property=\"article:modified_time\" content=\"2025-06-04T14:54:52+00:00\" \/>\n<meta property=\"og:image\" content=\"https:\/\/hand2noteguide.com\/wp-content\/uploads\/2018\/08\/hand2note-game-types-reset-to-default.png\" \/>\n<meta name=\"twitter:card\" content=\"summary_large_image\" \/>\n<meta name=\"twitter:label1\" content=\"Est. reading time\" \/>\n\t<meta name=\"twitter:data1\" content=\"5 minutes\" \/>\n<!-- \/ Yoast SEO plugin. -->","yoast_head_json":{"title":"Corrigindo Problemas no HUD: Tra\u00e7os ou Zero M\u00e3os Exibidas","description":"Aprenda a resolver problemas de exibi\u00e7\u00e3o no HUD do Hand2Note. Siga nosso guia passo a passo para corrigir tra\u00e7os ou zero m\u00e3os em vez de stats no seu HUD.","robots":{"index":"index","follow":"follow","max-snippet":"max-snippet:-1","max-image-preview":"max-image-preview:large","max-video-preview":"max-video-preview:-1"},"canonical":"https:\/\/hand2noteguide.com\/issues-resolving\/dashes-instead-of-stats\/","og_locale":"pt_PT","og_type":"article","og_title":"Corrigindo Problemas no HUD: Tra\u00e7os ou Zero M\u00e3os Exibidas","og_description":"Aprenda a resolver problemas de exibi\u00e7\u00e3o no HUD do Hand2Note. Siga nosso guia passo a passo para corrigir tra\u00e7os ou zero m\u00e3os em vez de stats no seu HUD.","og_url":"https:\/\/hand2noteguide.com\/issues-resolving\/dashes-instead-of-stats\/","og_site_name":"Hand2Note Guide","article_modified_time":"2025-06-04T14:54:52+00:00","og_image":[{"url":"https:\/\/hand2noteguide.com\/wp-content\/uploads\/2018\/08\/hand2note-game-types-reset-to-default.png","type":"","width":"","height":""}],"twitter_card":"summary_large_image","twitter_misc":{"Est. reading time":"5 minutes"},"schema":{"@context":"https:\/\/schema.org","@graph":[]}},"jetpack_sharing_enabled":false,"_links":{"self":[{"href":"https:\/\/hand2noteguide.com\/pt\/wp-json\/wp\/v2\/pages\/422","targetHints":{"allow":["GET"]}}],"collection":[{"href":"https:\/\/hand2noteguide.com\/pt\/wp-json\/wp\/v2\/pages"}],"about":[{"href":"https:\/\/hand2noteguide.com\/pt\/wp-json\/wp\/v2\/types\/page"}],"author":[{"embeddable":true,"href":"https:\/\/hand2noteguide.com\/pt\/wp-json\/wp\/v2\/users\/1"}],"replies":[{"embeddable":true,"href":"https:\/\/hand2noteguide.com\/pt\/wp-json\/wp\/v2\/comments?post=422"}],"version-history":[{"count":17,"href":"https:\/\/hand2noteguide.com\/pt\/wp-json\/wp\/v2\/pages\/422\/revisions"}],"predecessor-version":[{"id":13525,"href":"https:\/\/hand2noteguide.com\/pt\/wp-json\/wp\/v2\/pages\/422\/revisions\/13525"}],"up":[{"embeddable":true,"href":"https:\/\/hand2noteguide.com\/pt\/wp-json\/wp\/v2\/pages\/236"}],"wp:attachment":[{"href":"https:\/\/hand2noteguide.com\/pt\/wp-json\/wp\/v2\/media?parent=422"}],"curies":[{"name":"wp","href":"https:\/\/api.w.org\/{rel}","templated":true}]}}