{"id":43,"date":"2018-07-30T00:05:49","date_gmt":"2018-07-29T21:05:49","guid":{"rendered":"https:\/\/h2n312.wordpress.com\/?page_id=43"},"modified":"2026-02-10T12:20:33","modified_gmt":"2026-02-10T09:20:33","slug":"why-hand2note","status":"publish","type":"page","link":"https:\/\/hand2noteguide.com\/pt\/why-hand2note\/","title":{"rendered":"Por que Hand2Note?"},"content":{"rendered":"\n<p>\ud83d\udcdd <em>\u00daltima atualiza\u00e7\u00e3o: 13 de setembro de 2024.<\/em><\/p>\n\n\n\n<p>O Hand2Note \u00e9 um software de poker que fornece <a href=\"https:\/\/hand2noteguide.com\/pt\/poker\/poker-hud\/\">HUD<\/a>, <a href=\"https:\/\/hand2noteguide.com\/pt\/poker\/poker-hud-stats\/\">stats<\/a> e muitas outras ferramentas para analisar seu pr\u00f3prio jogo e o jogo de seus oponentes. O Hand2Note n\u00e3o \u00e9 a \u00fanica ferramenta nessa categoria. Ent\u00e3o, por que voc\u00ea deveria escolher o Hand2Note?<\/p>\n\n\n\n<p>O Hand2Note \u00e9 mais r\u00e1pido que o Holdem Manager 3 e o Poker Tracker 4 (ou qualquer outro software) e oferece uma gama muito mais ampla de recursos para uso durante o jogo e an\u00e1lise fora das mesas. Muitos dos principais regulares j\u00e1 migraram para este software e aumentaram significativamente seu EV.<\/p>\n\n\n\n<p>A maioria das <a href=\"https:\/\/hand2noteguide.com\/pt\/poker\/5-best-online-poker-training-sites\/\">plataformas de treinamento de poker populares<\/a> tamb\u00e9m usa o Hand2Note como seu principal software de rastreamento de poker. Al\u00e9m disso, o Hand2Note est\u00e1 presente na <a href=\"https:\/\/hand2noteguide.com\/pt\/poker\/5-best-online-poker-software\/\">lista das principais ferramentas de poker<\/a> que os jogadores profissionais usam.<\/p>\n\n\n\n<p>Confira os <a href=\"https:\/\/hand2noteguide.com\/pt\/best-poker-tracker-software\/\">recursos do Hand2Note<\/a> e a <a aria-label=\"undefined (abre em uma nova aba)\" href=\"https:\/\/hand2note.com\/Help\/pages\/ComparisionTable\/\" target=\"_blank\" rel=\"noreferrer noopener\">compara\u00e7\u00e3o com outros rastreadores<\/a> no site oficial. Voc\u00ea notar\u00e1 que este software de rastreamento de poker est\u00e1 muito \u00e0 frente de seus concorrentes.<\/p>\n\n\n\n<figure class=\"wp-block-image\"><img loading=\"lazy\" decoding=\"async\" width=\"1000\" height=\"752\" src=\"https:\/\/hand2noteguide.com\/wp-content\/uploads\/2020\/03\/why-hand2note.png\" alt=\"\" class=\"wp-image-2004\" srcset=\"https:\/\/hand2noteguide.com\/wp-content\/uploads\/2020\/03\/why-hand2note.png 1000w, https:\/\/hand2noteguide.com\/wp-content\/uploads\/2020\/03\/why-hand2note-300x226.png 300w, https:\/\/hand2noteguide.com\/wp-content\/uploads\/2020\/03\/why-hand2note-768x578.png 768w, https:\/\/hand2noteguide.com\/wp-content\/uploads\/2020\/03\/why-hand2note-772x581.png 772w, https:\/\/hand2noteguide.com\/wp-content\/uploads\/2020\/03\/why-hand2note-624x469.png 624w\" sizes=\"auto, (max-width: 1000px) 100vw, 1000px\" \/><figcaption class=\"wp-element-caption\">Visualiza\u00e7\u00e3o de poker range com Hand2Note<\/figcaption><\/figure>\n\n\n\n<p>Observe que voc\u00ea pode come\u00e7ar a usar o <a href=\"https:\/\/hand2noteguide.com\/pt\/hand2note-for-free\/\">Hand2Note gratuitamente<\/a> e tamb\u00e9m obter um <a href=\"https:\/\/hand2noteguide.com\/pt\/free-hud\/\">HUD gratuito<\/a> para come\u00e7ar. Assim, voc\u00ea n\u00e3o precisa pagar nada para come\u00e7ar a usar o software de pr\u00f3ximo n\u00edvel. Mesmo com um HUD b\u00e1sico e uma vers\u00e3o gratuita, ele oferece mais benef\u00edcios do que outros rastreadores antigos.<\/p>\n\n\n\n<p>Ap\u00f3s algum tempo, voc\u00ea pode <a href=\"\/pt\/hud-store\/\">obter um HUD mais avan\u00e7ado<\/a> em nossa loja e tamb\u00e9m uma licen\u00e7a profissional. D\u00ea uma olhada nas <a href=\"https:\/\/hand2noteguide.com\/pt\/why-purchase-hand2note\/\">possibilidades excepcionais<\/a> que voc\u00ea ter\u00e1 com uma assinatura paga do Hand2Note.<\/p>\n\n\n\n<h2 class=\"wp-block-heading\">Eu uso HoldemManager \/ PokerTracker e sou um jogador vencedor. Por que mudar algo?<\/h2>\n\n\n\n<p>O poker online est\u00e1 se desenvolvendo muito rapidamente, agora de uma maneira f\u00e1cil de ganhar dinheiro o jogo se transforma em um ambiente competitivo real, onde h\u00e1 uma dura batalha entre regs pelo dinheiro dos fish. As taxas de vit\u00f3ria daqueles que n\u00e3o trabalham no jogo e n\u00e3o estudam as tend\u00eancias do campo, gradualmente caem. Em condi\u00e7\u00f5es modernas, voc\u00ea precisa trabalhar duro e estar em tend\u00eancia para ter 5+ bb\/100 em jogos de cash a uma dist\u00e2ncia consider\u00e1vel. (A \u00fanica exce\u00e7\u00e3o s\u00e3o as <a href=\"https:\/\/hand2noteguide.com\/pt\/asian\/\">salas asi\u00e1ticas<\/a>, onde as taxas de vit\u00f3ria podem ser muito mais altas.)<\/p>\n\n\n\n<p>O Hand2Note ajudar\u00e1 voc\u00ea a estar um passo \u00e0 frente. N\u00e3o espere pelo momento em que voc\u00ea <strong>tenha que<\/strong> mudar algo. Fa\u00e7a isso com anteced\u00eancia, mesmo que voc\u00ea perca algum tempo e dinheiro para estud\u00e1-lo, caso contr\u00e1rio, no futuro, voc\u00ea ter\u00e1 que perder muito mais.<\/p>\n\n\n\n<h2 class=\"wp-block-heading\">Como mudar rapidamente?<\/h2>\n\n\n\n<p>O Hand2Note \u00e9 um software bastante dif\u00edcil de dominar. D\u00ea uma olhada na se\u00e7\u00e3o <a href=\"https:\/\/hand2noteguide.com\/pt\/switch-from-hm2\/\">mudan\u00e7a de outro rastreador<\/a> primeiro. Al\u00e9m disso, confira o <a aria-label=\"undefined (abre em uma nova aba)\" href=\"https:\/\/hand2note.com\/Help\/\" target=\"_blank\" rel=\"noreferrer noopener\">manual oficial<\/a>, que cont\u00e9m a descri\u00e7\u00e3o de todas as fun\u00e7\u00f5es.<\/p>\n\n\n\n<p>Se voc\u00ea n\u00e3o quer gastar muito tempo e deseja tornar o processo de mudan\u00e7a suave e eficiente, d\u00ea uma olhada nas seguintes ofertas:<\/p>\n\n\n\n<ul class=\"wp-block-list\">\n<li><a href=\"https:\/\/hand2noteguide.com\/pt\/video-course\/\">Curso em v\u00eddeo do Hand2Note<\/a><\/li>\n\n\n\n<li><a href=\"https:\/\/hand2noteguide.com\/pt\/training\/\">Treinamento privado<\/a><\/li>\n<\/ul>\n\n\n\n<p>Isso ajudar\u00e1 voc\u00ea a se adaptar ao novo software em pouco tempo.<\/p>\n","protected":false},"excerpt":{"rendered":"<p>What is Hand2Note, and why it is so important to use modern software instead of outdated trackers<\/p>\n","protected":false},"author":1,"featured_media":0,"parent":0,"menu_order":1,"comment_status":"closed","ping_status":"closed","template":"","meta":{"footnotes":""},"class_list":["post-43","page","type-page","status-publish","hentry"],"translation":{"provider":"WPGlobus","version":"3.0.2","language":"pt","enabled_languages":["en","ru","pt","zh","es","fr","de","it","ja"],"languages":{"en":{"title":true,"content":true,"excerpt":true},"ru":{"title":true,"content":true,"excerpt":true},"pt":{"title":true,"content":true,"excerpt":false},"zh":{"title":true,"content":true,"excerpt":true},"es":{"title":true,"content":true,"excerpt":false},"fr":{"title":true,"content":true,"excerpt":false},"de":{"title":true,"content":true,"excerpt":false},"it":{"title":true,"content":true,"excerpt":false},"ja":{"title":true,"content":true,"excerpt":false}}},"yoast_head":"<!-- This site is optimized with the Yoast SEO plugin v27.0 - https:\/\/yoast.com\/product\/yoast-seo-wordpress\/ -->\n<title>Por que o Hand2Note \u00e9 melhor que o Holdem Manager e o Poker Tracker<\/title>\n<meta name=\"description\" content=\"O Hand2Note \u00e9 mais r\u00e1pido e oferece uma gama mais ampla de recursos. \u00c9 importante come\u00e7ar a usar o Hand2Note hoje, mesmo que voc\u00ea esteja jogando com sucesso com o HM.\" \/>\n<meta name=\"robots\" content=\"index, follow, max-snippet:-1, max-image-preview:large, max-video-preview:-1\" \/>\n<link rel=\"canonical\" href=\"https:\/\/hand2noteguide.com\/why-hand2note\/\" \/>\n<meta property=\"og:locale\" content=\"pt_PT\" \/>\n<meta property=\"og:type\" content=\"article\" \/>\n<meta property=\"og:title\" content=\"Por que o Hand2Note \u00e9 melhor que o Holdem Manager e o Poker Tracker\" \/>\n<meta property=\"og:description\" content=\"O Hand2Note \u00e9 mais r\u00e1pido e oferece uma gama mais ampla de recursos. \u00c9 importante come\u00e7ar a usar o Hand2Note hoje, mesmo que voc\u00ea esteja jogando com sucesso com o HM.\" \/>\n<meta property=\"og:url\" content=\"https:\/\/hand2noteguide.com\/why-hand2note\/\" \/>\n<meta property=\"og:site_name\" content=\"Hand2Note Guide\" \/>\n<meta property=\"article:modified_time\" content=\"2026-02-10T09:20:33+00:00\" \/>\n<meta property=\"og:image\" content=\"https:\/\/hand2noteguide.com\/wp-content\/uploads\/2020\/03\/why-hand2note.png\" \/>\n<meta name=\"twitter:card\" content=\"summary_large_image\" \/>\n<meta name=\"twitter:label1\" content=\"Est. reading time\" \/>\n\t<meta name=\"twitter:data1\" content=\"16 minutes\" \/>\n<!-- \/ Yoast SEO plugin. -->","yoast_head_json":{"title":"Por que o Hand2Note \u00e9 melhor que o Holdem Manager e o Poker Tracker","description":"O Hand2Note \u00e9 mais r\u00e1pido e oferece uma gama mais ampla de recursos. \u00c9 importante come\u00e7ar a usar o Hand2Note hoje, mesmo que voc\u00ea esteja jogando com sucesso com o HM.","robots":{"index":"index","follow":"follow","max-snippet":"max-snippet:-1","max-image-preview":"max-image-preview:large","max-video-preview":"max-video-preview:-1"},"canonical":"https:\/\/hand2noteguide.com\/why-hand2note\/","og_locale":"pt_PT","og_type":"article","og_title":"Por que o Hand2Note \u00e9 melhor que o Holdem Manager e o Poker Tracker","og_description":"O Hand2Note \u00e9 mais r\u00e1pido e oferece uma gama mais ampla de recursos. \u00c9 importante come\u00e7ar a usar o Hand2Note hoje, mesmo que voc\u00ea esteja jogando com sucesso com o HM.","og_url":"https:\/\/hand2noteguide.com\/why-hand2note\/","og_site_name":"Hand2Note Guide","article_modified_time":"2026-02-10T09:20:33+00:00","og_image":[{"url":"https:\/\/hand2noteguide.com\/wp-content\/uploads\/2020\/03\/why-hand2note.png","type":"","width":"","height":""}],"twitter_card":"summary_large_image","twitter_misc":{"Est. reading time":"16 minutes"},"schema":{"@context":"https:\/\/schema.org","@graph":[]}},"jetpack_sharing_enabled":false,"_links":{"self":[{"href":"https:\/\/hand2noteguide.com\/pt\/wp-json\/wp\/v2\/pages\/43","targetHints":{"allow":["GET"]}}],"collection":[{"href":"https:\/\/hand2noteguide.com\/pt\/wp-json\/wp\/v2\/pages"}],"about":[{"href":"https:\/\/hand2noteguide.com\/pt\/wp-json\/wp\/v2\/types\/page"}],"author":[{"embeddable":true,"href":"https:\/\/hand2noteguide.com\/pt\/wp-json\/wp\/v2\/users\/1"}],"replies":[{"embeddable":true,"href":"https:\/\/hand2noteguide.com\/pt\/wp-json\/wp\/v2\/comments?post=43"}],"version-history":[{"count":68,"href":"https:\/\/hand2noteguide.com\/pt\/wp-json\/wp\/v2\/pages\/43\/revisions"}],"predecessor-version":[{"id":13564,"href":"https:\/\/hand2noteguide.com\/pt\/wp-json\/wp\/v2\/pages\/43\/revisions\/13564"}],"wp:attachment":[{"href":"https:\/\/hand2noteguide.com\/pt\/wp-json\/wp\/v2\/media?parent=43"}],"curies":[{"name":"wp","href":"https:\/\/api.w.org\/{rel}","templated":true}]}}