{"id":4501,"date":"2020-12-11T23:04:43","date_gmt":"2020-12-11T20:04:43","guid":{"rendered":"http:\/\/hand2noteguide.com\/?page_id=4501"},"modified":"2026-03-14T05:28:31","modified_gmt":"2026-03-14T05:28:31","slug":"about-us","status":"publish","type":"page","link":"https:\/\/hand2noteguide.com\/pt\/about-us\/","title":{"rendered":"Sobre n\u00f3s"},"content":{"rendered":"\n<img decoding=\"async\" class=\"about-photo\" src=\"http:\/\/hand2noteguide.com\/wp-content\/uploads\/2021\/11\/nick-james-2021-1.png\" style=\"float:left; max-width:200px; margin-top:0px; margin-right:20px; margin-bottom:10px; border-radius:8px;\">\n\n\n\n<p>Ol\u00e1! Meu nome \u00e9 <a href=\"https:\/\/hand2noteguide.com\/pt\/author\/admin\/\"><strong>Nick Korolev<\/strong><\/a>. Sou um jogador profissional de poker No-Limit Holdem. Tamb\u00e9m sou membro da equipe <a href=\"https:\/\/hand2note.com\/\" target=\"_blank\" aria-label=\"undefined (opens in a new tab)\" rel=\"noreferrer noopener\"><strong>Hand2Note<\/strong><\/a>, autor do <a aria-label=\"undefined (abre em uma nova aba)\" href=\"https:\/\/hand2note3.hand2note.com\/Help\/\" target=\"_blank\" rel=\"noreferrer noopener\">manual oficial do Hand2Note<\/a> e propriet\u00e1rio deste site. Voc\u00ea pode encontrar mais informa\u00e7\u00f5es sobre mim em <a aria-label=\"undefined (abre em uma nova aba)\" href=\"https:\/\/nickkorolev.poker\/\" target=\"_blank\" rel=\"noreferrer noopener\"><strong>nickkorolev.poker<\/strong><\/a>. Al\u00e9m disso, d\u00ea uma olhada no meu <a href=\"https:\/\/hand2noteguide.com\/pt\/video-course\/\">curso em v\u00eddeo<\/a> criado com base na minha experi\u00eancia de coaching. Todas as funcionalidades do Hand2Note s\u00e3o consideradas em detalhes com exemplos pr\u00e1ticos e minhas recomenda\u00e7\u00f5es.<\/p>\n\n\n\n<p>Inicialmente, o <a href=\"https:\/\/hand2noteguide.com\/pt\/\">Hand2NoteGuide.com<\/a> foi criado como um complemento ao manual oficial do Hand2Note. Mas gradualmente o projeto cresceu e se tornou uma plataforma <b>educacional completa<\/b> cobrindo n\u00e3o apenas o Hand2Note, mas tamb\u00e9m outras ferramentas modernas de treinamento de poker e guias de estrat\u00e9gia de poker.<\/p>\n\n\n\n<p>O conte\u00fado deste site \u00e9 criado por mim e minha equipe &#8211; <b>jogadores de poker profissionais e especialistas em software<\/b>. Para mais detalhes sobre como produzimos conte\u00fado, consulte nossa <a href=\"\/pt\/editorial-policy\/\">Pol\u00edtica Editorial<\/a>.<\/p>\n\n\n\n<p><strong>Atualiza\u00e7\u00e3o 2024:<\/strong> Acabamos de abrir uma nova se\u00e7\u00e3o: <a href=\"https:\/\/hand2noteguide.com\/pt\/poker\/\">Guia Geral de Poker<\/a>. Esta se\u00e7\u00e3o \u00e9 mais adequada para iniciantes. Apresenta 9 etapas consecutivas sobre como se imergir no mundo do poker e se tornar um jogador vencedor. Come\u00e7ando com a familiariza\u00e7\u00e3o com as <a href=\"https:\/\/hand2noteguide.com\/pt\/poker\/poker-rules\/\">regras do poker<\/a>, <a href=\"https:\/\/hand2noteguide.com\/pt\/poker\/poker-hand-rankings\/\">classifica\u00e7\u00e3o de m\u00e3os<\/a> e <a href=\"https:\/\/hand2noteguide.com\/pt\/poker\/poker-terms\/\">termos<\/a>, terminando com o estudo da <a href=\"https:\/\/hand2noteguide.com\/pt\/poker\/poker-gto\/\">teoria GTO<\/a>, usando <a href=\"https:\/\/hand2noteguide.com\/pt\/poker\/poker-hud\/\">HUD<\/a> e outras ferramentas e conceitos.<\/p>\n\n\n\n<p><strong>Atualiza\u00e7\u00e3o 2025:<\/strong> Lan\u00e7amos a se\u00e7\u00e3o <a href=\"https:\/\/hand2noteguide.com\/pt\/user-manual\/\">Hand2Note 4: Hub de Guias \u00dateis<\/a> onde voc\u00ea pode encontrar muitos guias \u00fateis sobre o uso do Hand2Note 4. Esses guias s\u00e3o escritos por jogadores profissionais com anos de experi\u00eancia no Hand2Note.<\/p>\n\n\n\n<p><strong>Atualiza\u00e7\u00e3o 2026:<\/strong> Redesign completo do site \u2014 design moderno e desempenho aprimorado. Revis\u00e3o e atualiza\u00e7\u00e3o de todo o conte\u00fado. Perfis detalhados dos autores com descri\u00e7\u00e3o de expertise e experi\u00eancia. Continuamos expandindo a se\u00e7\u00e3o <a href=\"https:\/\/hand2noteguide.com\/pt\/user-manual\/\">Hand2Note 4: Hub de Guias \u00dateis<\/a> com novos guias pr\u00e1ticos para o Hand2Note 4. No nosso subprojeto <a href=\"https:\/\/hand2noteguide.com\/pt\/poker\/\">Poker Guide<\/a>, lan\u00e7amos a se\u00e7\u00e3o <a href=\"https:\/\/hand2noteguide.com\/pt\/poker\/free-poker-tools\/\">Ferramentas Gratuitas de Poker<\/a> \u2014 j\u00e1 com uma <a href=\"https:\/\/hand2noteguide.com\/pt\/poker\/free-poker-tools\/poker-odds-calculator\/\">Calculadora de Odds de Poker<\/a>, e em breve mais ferramentas e calculadoras gratuitas para ajudar a melhorar suas habilidades no poker diariamente.<\/p>\n\n\n\n<p><strong>Nossa miss\u00e3o<\/strong> \u00e9 trazer<strong> o m\u00e1ximo valor <\/strong>para entusiastas de poker em todo o mundo, revelando todo o potencial de software avan\u00e7ado e explicando a teoria do poker de maneira simples e acess\u00edvel.<\/p>\n\n\n\n<p style=\"clear:both\">N\u00e3o hesite em <a href=\"https:\/\/hand2noteguide.com\/pt\/contact-us\/\">contatar minha equipe<\/a> se tiver qualquer d\u00favida sobre os servi\u00e7os fornecidos por este site.<\/p>\n","protected":false},"excerpt":{"rendered":"<p>Ol\u00e1! Meu nome \u00e9 Nick Korolev. Sou um jogador profissional de poker No-Limit Holdem. Tamb\u00e9m sou membro da equipe Hand2Note, autor do manual oficial do Hand2Note e propriet\u00e1rio deste site. Voc\u00ea pode encontrar mais informa\u00e7\u00f5es sobre mim em nickkorolev.poker. Al\u00e9m disso, d\u00ea uma olhada no meu curso em v\u00eddeo criado com base na minha experi\u00eancia &hellip; <a href=\"https:\/\/hand2noteguide.com\/pt\/about-us\/\" class=\"more-link\">Continue reading <span class=\"screen-reader-text\">Sobre n\u00f3s<\/span><\/a><\/p>\n","protected":false},"author":1,"featured_media":0,"parent":0,"menu_order":0,"comment_status":"closed","ping_status":"closed","template":"page-templates\/full-width-page.php","meta":{"footnotes":""},"class_list":["post-4501","page","type-page","status-publish","hentry"],"translation":{"provider":"WPGlobus","version":"3.0.2","language":"pt","enabled_languages":["en","ru","pt","zh","es","fr","de","it","ja"],"languages":{"en":{"title":true,"content":true,"excerpt":false},"ru":{"title":true,"content":true,"excerpt":false},"pt":{"title":true,"content":true,"excerpt":false},"zh":{"title":true,"content":true,"excerpt":false},"es":{"title":true,"content":true,"excerpt":false},"fr":{"title":true,"content":true,"excerpt":false},"de":{"title":true,"content":true,"excerpt":false},"it":{"title":true,"content":true,"excerpt":false},"ja":{"title":true,"content":true,"excerpt":false}}},"yoast_head":"<!-- This site is optimized with the Yoast SEO plugin v27.0 - https:\/\/yoast.com\/product\/yoast-seo-wordpress\/ -->\n<title>Sobre N\u00f3s | Hand2Note Guide<\/title>\n<meta name=\"description\" content=\"Recurso educacional de poker por Nick Korolev. Explore guias sobre Hand2Note, HUDs, solvers, ferramentas de treinamento e estrat\u00e9gias para melhorar seu jogo de poker.\" \/>\n<meta name=\"robots\" content=\"index, follow, max-snippet:-1, max-image-preview:large, max-video-preview:-1\" \/>\n<link rel=\"canonical\" href=\"https:\/\/hand2noteguide.com\/about-us\/\" \/>\n<meta property=\"og:locale\" content=\"pt_PT\" \/>\n<meta property=\"og:type\" content=\"article\" \/>\n<meta property=\"og:title\" content=\"Sobre N\u00f3s | Hand2Note Guide\" \/>\n<meta property=\"og:description\" content=\"Recurso educacional de poker por Nick Korolev. Explore guias sobre Hand2Note, HUDs, solvers, ferramentas de treinamento e estrat\u00e9gias para melhorar seu jogo de poker.\" \/>\n<meta property=\"og:url\" content=\"https:\/\/hand2noteguide.com\/about-us\/\" \/>\n<meta property=\"og:site_name\" content=\"Hand2Note Guide\" \/>\n<meta property=\"article:modified_time\" content=\"2026-03-14T05:28:31+00:00\" \/>\n<meta property=\"og:image\" content=\"http:\/\/hand2noteguide.com\/wp-content\/uploads\/2021\/11\/nick-james-2021-1.png\" \/>\n<meta name=\"twitter:card\" content=\"summary_large_image\" \/>\n<meta name=\"twitter:label1\" content=\"Est. reading time\" \/>\n\t<meta name=\"twitter:data1\" content=\"13 minutes\" \/>\n<!-- \/ Yoast SEO plugin. -->","yoast_head_json":{"title":"Sobre N\u00f3s | Hand2Note Guide","description":"Recurso educacional de poker por Nick Korolev. Explore guias sobre Hand2Note, HUDs, solvers, ferramentas de treinamento e estrat\u00e9gias para melhorar seu jogo de poker.","robots":{"index":"index","follow":"follow","max-snippet":"max-snippet:-1","max-image-preview":"max-image-preview:large","max-video-preview":"max-video-preview:-1"},"canonical":"https:\/\/hand2noteguide.com\/about-us\/","og_locale":"pt_PT","og_type":"article","og_title":"Sobre N\u00f3s | Hand2Note Guide","og_description":"Recurso educacional de poker por Nick Korolev. Explore guias sobre Hand2Note, HUDs, solvers, ferramentas de treinamento e estrat\u00e9gias para melhorar seu jogo de poker.","og_url":"https:\/\/hand2noteguide.com\/about-us\/","og_site_name":"Hand2Note Guide","article_modified_time":"2026-03-14T05:28:31+00:00","og_image":[{"url":"http:\/\/hand2noteguide.com\/wp-content\/uploads\/2021\/11\/nick-james-2021-1.png","type":"","width":"","height":""}],"twitter_card":"summary_large_image","twitter_misc":{"Est. reading time":"13 minutes"},"schema":{"@context":"https:\/\/schema.org","@graph":[]}},"jetpack_sharing_enabled":true,"_links":{"self":[{"href":"https:\/\/hand2noteguide.com\/pt\/wp-json\/wp\/v2\/pages\/4501","targetHints":{"allow":["GET"]}}],"collection":[{"href":"https:\/\/hand2noteguide.com\/pt\/wp-json\/wp\/v2\/pages"}],"about":[{"href":"https:\/\/hand2noteguide.com\/pt\/wp-json\/wp\/v2\/types\/page"}],"author":[{"embeddable":true,"href":"https:\/\/hand2noteguide.com\/pt\/wp-json\/wp\/v2\/users\/1"}],"replies":[{"embeddable":true,"href":"https:\/\/hand2noteguide.com\/pt\/wp-json\/wp\/v2\/comments?post=4501"}],"version-history":[{"count":88,"href":"https:\/\/hand2noteguide.com\/pt\/wp-json\/wp\/v2\/pages\/4501\/revisions"}],"predecessor-version":[{"id":14670,"href":"https:\/\/hand2noteguide.com\/pt\/wp-json\/wp\/v2\/pages\/4501\/revisions\/14670"}],"wp:attachment":[{"href":"https:\/\/hand2noteguide.com\/pt\/wp-json\/wp\/v2\/media?parent=4501"}],"curies":[{"name":"wp","href":"https:\/\/api.w.org\/{rel}","templated":true}]}}