{"id":452,"date":"2018-08-17T15:02:41","date_gmt":"2018-08-17T12:02:41","guid":{"rendered":"https:\/\/h2n312.wordpress.com\/?page_id=452"},"modified":"2025-06-04T17:53:50","modified_gmt":"2025-06-04T14:53:50","slug":"divide-stats-sh-fr","status":"publish","type":"page","link":"https:\/\/hand2noteguide.com\/pt\/guide\/hud\/divide-stats-sh-fr\/","title":{"rendered":"Como dividir estat\u00edsticas pelo n\u00famero de jogadores (SH\/FR)?"},"content":{"rendered":"<p>V\u00e1 para <em>Configuration<\/em> \u2192 <em>Game Types<\/em>, crie v\u00e1rios tipos de jogos e defina o n\u00famero necess\u00e1rio de jogadores na m\u00e3o e o tamanho da mesa em cada tipo:<\/p>\n<p><img loading=\"lazy\" decoding=\"async\" class=\"alignnone size-full wp-image-455\" src=\"https:\/\/hand2noteguide.com\/wp-content\/uploads\/2018\/08\/hand2note-game-types-managing.png\" alt=\"Hand2Note game types managing\" width=\"999\" height=\"744\" srcset=\"https:\/\/hand2noteguide.com\/wp-content\/uploads\/2018\/08\/hand2note-game-types-managing.png 999w, https:\/\/hand2noteguide.com\/wp-content\/uploads\/2018\/08\/hand2note-game-types-managing-300x223.png 300w, https:\/\/hand2noteguide.com\/wp-content\/uploads\/2018\/08\/hand2note-game-types-managing-768x572.png 768w, https:\/\/hand2noteguide.com\/wp-content\/uploads\/2018\/08\/hand2note-game-types-managing-772x575.png 772w, https:\/\/hand2noteguide.com\/wp-content\/uploads\/2018\/08\/hand2note-game-types-managing-624x465.png 624w\" sizes=\"auto, (max-width: 999px) 100vw, 999px\" \/><\/p>\n<p>As estat\u00edsticas para cada tipo de jogo ser\u00e3o contadas separadamente.<\/p>\n<p>Observe que voc\u00ea tamb\u00e9m pode dividir os tipos de jogo por outros par\u00e2metros. N\u00e3o se esque\u00e7a de selecionar o perfil de <a href=\"https:\/\/hand2noteguide.com\/pt\/guide\/hud\/\">HUD e popup<\/a> que deseja usar em cada tipo de jogo.<\/p>\n<p>Ap\u00f3s alterar as configura\u00e7\u00f5es dos tipos de jogo, voc\u00ea precisa <a href=\"https:\/\/hand2noteguide.com\/pt\/guide\/rebuild-stats\/\">reconstruir as estat\u00edsticas<\/a> para que as altera\u00e7\u00f5es tenham efeito em todo o <a href=\"https:\/\/hand2noteguide.com\/pt\/guide\/database\/\">banco de dados<\/a>. Clique em &#8220;<em>Clear stats<\/em>&#8220;, depois em &#8220;<em>Build stats<\/em>&#8221; na janela principal do Hand2Note.<\/p>\n","protected":false},"excerpt":{"rendered":"<p>V\u00e1 para Configuration \u2192 Game Types, crie v\u00e1rios tipos de jogos e defina o n\u00famero necess\u00e1rio de jogadores na m\u00e3o e o tamanho da mesa em cada tipo: As estat\u00edsticas para cada tipo de jogo ser\u00e3o contadas separadamente. Observe que voc\u00ea tamb\u00e9m pode dividir os tipos de jogo por outros par\u00e2metros. N\u00e3o se esque\u00e7a de &hellip; <a href=\"https:\/\/hand2noteguide.com\/pt\/guide\/hud\/divide-stats-sh-fr\/\" class=\"more-link\">Continue reading <span class=\"screen-reader-text\">Como dividir estat\u00edsticas pelo n\u00famero de jogadores (SH\/FR)?<\/span><\/a><\/p>\n","protected":false},"author":1,"featured_media":0,"parent":372,"menu_order":0,"comment_status":"closed","ping_status":"closed","template":"page-templates\/full-width-page.php","meta":{"footnotes":""},"class_list":["post-452","page","type-page","status-publish","hentry"],"translation":{"provider":"WPGlobus","version":"3.0.2","language":"pt","enabled_languages":["en","ru","pt","zh","es","fr","de","it","ja"],"languages":{"en":{"title":true,"content":true,"excerpt":false},"ru":{"title":true,"content":true,"excerpt":false},"pt":{"title":true,"content":true,"excerpt":false},"zh":{"title":true,"content":true,"excerpt":false},"es":{"title":true,"content":true,"excerpt":false},"fr":{"title":true,"content":true,"excerpt":false},"de":{"title":true,"content":true,"excerpt":false},"it":{"title":true,"content":true,"excerpt":false},"ja":{"title":true,"content":true,"excerpt":false}}},"yoast_head":"<!-- This site is optimized with the Yoast SEO plugin v27.0 - https:\/\/yoast.com\/product\/yoast-seo-wordpress\/ -->\n<title>Como Dividir Estat\u00edsticas de Poker por N\u00famero de Jogadores (SH\/FR)<\/title>\n<meta name=\"description\" content=\"Aprenda a organizar estat\u00edsticas de poker pelo n\u00famero de jogadores em cada tipo de jogo. Personalize as configura\u00e7\u00f5es para mesas SH\/FR e otimize sua estrat\u00e9gia.\" \/>\n<meta name=\"robots\" content=\"index, follow, max-snippet:-1, max-image-preview:large, max-video-preview:-1\" \/>\n<link rel=\"canonical\" href=\"https:\/\/hand2noteguide.com\/guide\/hud\/divide-stats-sh-fr\/\" \/>\n<meta property=\"og:locale\" content=\"pt_PT\" \/>\n<meta property=\"og:type\" content=\"article\" \/>\n<meta property=\"og:title\" content=\"Como Dividir Estat\u00edsticas de Poker por N\u00famero de Jogadores (SH\/FR)\" \/>\n<meta property=\"og:description\" content=\"Aprenda a organizar estat\u00edsticas de poker pelo n\u00famero de jogadores em cada tipo de jogo. Personalize as configura\u00e7\u00f5es para mesas SH\/FR e otimize sua estrat\u00e9gia.\" \/>\n<meta property=\"og:url\" content=\"https:\/\/hand2noteguide.com\/guide\/hud\/divide-stats-sh-fr\/\" \/>\n<meta property=\"og:site_name\" content=\"Hand2Note Guide\" \/>\n<meta property=\"article:modified_time\" content=\"2025-06-04T14:53:50+00:00\" \/>\n<meta property=\"og:image\" content=\"https:\/\/hand2noteguide.com\/wp-content\/uploads\/2018\/08\/hand2note-game-types-managing.png\" \/>\n<meta name=\"twitter:card\" content=\"summary_large_image\" \/>\n<meta name=\"twitter:label1\" content=\"Est. reading time\" \/>\n\t<meta name=\"twitter:data1\" content=\"4 minutes\" \/>\n<!-- \/ Yoast SEO plugin. -->","yoast_head_json":{"title":"Como Dividir Estat\u00edsticas de Poker por N\u00famero de Jogadores (SH\/FR)","description":"Aprenda a organizar estat\u00edsticas de poker pelo n\u00famero de jogadores em cada tipo de jogo. Personalize as configura\u00e7\u00f5es para mesas SH\/FR e otimize sua estrat\u00e9gia.","robots":{"index":"index","follow":"follow","max-snippet":"max-snippet:-1","max-image-preview":"max-image-preview:large","max-video-preview":"max-video-preview:-1"},"canonical":"https:\/\/hand2noteguide.com\/guide\/hud\/divide-stats-sh-fr\/","og_locale":"pt_PT","og_type":"article","og_title":"Como Dividir Estat\u00edsticas de Poker por N\u00famero de Jogadores (SH\/FR)","og_description":"Aprenda a organizar estat\u00edsticas de poker pelo n\u00famero de jogadores em cada tipo de jogo. Personalize as configura\u00e7\u00f5es para mesas SH\/FR e otimize sua estrat\u00e9gia.","og_url":"https:\/\/hand2noteguide.com\/guide\/hud\/divide-stats-sh-fr\/","og_site_name":"Hand2Note Guide","article_modified_time":"2025-06-04T14:53:50+00:00","og_image":[{"url":"https:\/\/hand2noteguide.com\/wp-content\/uploads\/2018\/08\/hand2note-game-types-managing.png","type":"","width":"","height":""}],"twitter_card":"summary_large_image","twitter_misc":{"Est. reading time":"4 minutes"},"schema":{"@context":"https:\/\/schema.org","@graph":[]}},"jetpack_sharing_enabled":false,"_links":{"self":[{"href":"https:\/\/hand2noteguide.com\/pt\/wp-json\/wp\/v2\/pages\/452","targetHints":{"allow":["GET"]}}],"collection":[{"href":"https:\/\/hand2noteguide.com\/pt\/wp-json\/wp\/v2\/pages"}],"about":[{"href":"https:\/\/hand2noteguide.com\/pt\/wp-json\/wp\/v2\/types\/page"}],"author":[{"embeddable":true,"href":"https:\/\/hand2noteguide.com\/pt\/wp-json\/wp\/v2\/users\/1"}],"replies":[{"embeddable":true,"href":"https:\/\/hand2noteguide.com\/pt\/wp-json\/wp\/v2\/comments?post=452"}],"version-history":[{"count":12,"href":"https:\/\/hand2noteguide.com\/pt\/wp-json\/wp\/v2\/pages\/452\/revisions"}],"predecessor-version":[{"id":13524,"href":"https:\/\/hand2noteguide.com\/pt\/wp-json\/wp\/v2\/pages\/452\/revisions\/13524"}],"up":[{"embeddable":true,"href":"https:\/\/hand2noteguide.com\/pt\/wp-json\/wp\/v2\/pages\/372"}],"wp:attachment":[{"href":"https:\/\/hand2noteguide.com\/pt\/wp-json\/wp\/v2\/media?parent=452"}],"curies":[{"name":"wp","href":"https:\/\/api.w.org\/{rel}","templated":true}]}}