{"id":4666,"date":"2021-01-13T20:58:01","date_gmt":"2021-01-13T17:58:01","guid":{"rendered":"http:\/\/hand2noteguide.com\/?page_id=4666"},"modified":"2026-02-21T19:43:20","modified_gmt":"2026-02-21T16:43:20","slug":"pppoker-hud","status":"publish","type":"page","link":"https:\/\/hand2noteguide.com\/pt\/pppoker-hud\/","title":{"rendered":"PPPoker HUD"},"content":{"rendered":"\n<h2 style=\"margin-top:14px\">Use um PPPoker HUD r\u00e1pido e confi\u00e1vel com o Hand2Note<\/h2>\n\n\n\n<p><strong>Hand2Note<\/strong> \u00e9 um rastreador de poker de nova gera\u00e7\u00e3o. Ele fornece a voc\u00ea um <a href=\"https:\/\/hand2noteguide.com\/pt\/poker\/poker-hud\/\">poker HUD<\/a> funcional e popups para v\u00e1rias salas. O aplicativo PPPoker tamb\u00e9m \u00e9 suportado, para que voc\u00ea possa usar todo o poder do Hand2Note para esmagar seus oponentes nas mesas.<\/p>\n\n\n<div class=\"wp-block-h2n-cta-button\" style=\"text-align: left;\"><a href=\"https:\/\/hand2noteguide.com\/pt\/go\/hand2note\/\" class=\"btn btn-primary\" target=\"_blank\" rel=\"noopener noreferrer nofollow sponsored\">Baixar Hand2Note HUD para PPPoker<\/a><\/div>\n\n\n<p>Voc\u00ea pode jogar tanto usando o aplicativo para Windows quanto atrav\u00e9s de um emulador Android. O Hand2Note HUD funcionar\u00e1 de qualquer maneira.<\/p>\n\n\n\n<p>Observe que o Hand2Note \u00e9 um software muito bem otimizado. Voc\u00ea poder\u00e1 usar o HUD avan\u00e7ado e os popups, mas sem sobrecarregar seu sistema. Isso \u00e9 frequentemente relevante para jogadores de aplicativos asi\u00e1ticos, pois jogar em v\u00e1rias mesas exige muitos recursos do computador.<\/p>\n\n\n\n<h2 class=\"wp-block-heading\">Hand2Note 4: Desempenho de HUD de Pr\u00f3ximo N\u00edvel<\/h2>\n\n\n\n<p>O <a href=\"https:\/\/hand2noteguide.com\/pt\/hand2note-4-getting-started\/\">Hand2Note 4<\/a> foi reconstru\u00eddo do zero com uma arquitetura moderna. Veja por que isso \u00e9 importante para os jogadores de PPPoker:<\/p>\n\n\n\n<ul class=\"wp-block-list\">\n<li><strong>Desempenho significativamente mais r\u00e1pido.<\/strong> O Hand2Note 4 utiliza totalmente processadores multi-core e RAM, tornando a exibi\u00e7\u00e3o do HUD e o carregamento de popups visivelmente mais r\u00e1pidos \u2014 mesmo ao jogar em v\u00e1rias mesas.<\/li>\n\n\n\n<li><strong>Banco de dados 50% menor.<\/strong> Seu banco de dados de hist\u00f3rico de m\u00e3os agora ocupa metade do espa\u00e7o em disco comparado \u00e0 vers\u00e3o anterior, com op\u00e7\u00f5es para reduzi-lo ainda mais.<\/li>\n\n\n\n<li><strong>Otimizado para multi-tabling.<\/strong> Jogadores de aplicativos asi\u00e1ticos frequentemente jogam em muitas mesas simultaneamente. O Hand2Note 4 lida com isso com carga m\u00ednima no sistema, para que seu emulador ou cliente PPPoker continue responsivo.<\/li>\n\n\n\n<li><strong>Interface redesenhada.<\/strong> Uma interface mais limpa e intuitiva facilita a navega\u00e7\u00e3o em relat\u00f3rios, configura\u00e7\u00e3o de HUDs e an\u00e1lise do seu jogo.<\/li>\n<\/ul>\n\n\n\n<figure class=\"wp-block-image size-large\"><img decoding=\"async\" src=\"https:\/\/hand2noteguide.com\/wp-content\/uploads\/2026\/02\/hand2note-4-graph-1-scaled.png\" alt=\"Desempenho do Hand2Note 4\" \/><figcaption class=\"wp-element-caption\">Interface do Hand2Note 4<\/figcaption><\/figure>\n\n\n\n<h2 class=\"wp-block-heading\">Como come\u00e7ar?<\/h2>\n\n\n\n<p>N\u00e3o s\u00e3o necess\u00e1rias configura\u00e7\u00f5es. Basta executar o Hand2Note junto com qualquer n\u00famero de mesas do PPPoker. O HUD aparecer\u00e1 automaticamente em todas elas. Quando voc\u00ea executar o Hand2Note com aplicativos asi\u00e1ticos pela primeira vez, o teste gratuito especial de 14 dias ser\u00e1 ativado automaticamente. Depois, voc\u00ea poder\u00e1 selecionar uma assinatura apropriada e <a href=\"https:\/\/hand2noteguide.com\/pt\/promo\/\">obt\u00ea-la com desconto<\/a>.<\/p>\n\n\n<div class=\"wp-block-h2n-alert h2n-alert h2n-alert--info\"><div class=\"h2n-alert__icon\" aria-hidden=\"true\"><svg width=\"22\" height=\"22\" viewBox=\"0 0 24 24\" fill=\"none\" stroke=\"currentColor\" stroke-width=\"2\" stroke-linecap=\"round\" stroke-linejoin=\"round\"><circle cx=\"12\" cy=\"12\" r=\"10\"\/><line x1=\"12\" y1=\"16\" x2=\"12\" y2=\"12\"\/><circle cx=\"12\" cy=\"8\" r=\"1\" fill=\"currentColor\" stroke=\"none\"\/><\/svg><\/div><div class=\"h2n-alert__content\">Se voc\u00ea estiver jogando atrav\u00e9s de um emulador Android, recomendamos seguir as <a href=\"https:\/\/hand2noteguide.com\/pt\/user-manual\/configuring-hand2note-to-play-in-applications-via-an-emulator-using-the-example-of-pokerbros\/\">instru\u00e7\u00f5es especiais de configura\u00e7\u00e3o<\/a> para garantir um desempenho de HUD suave e ininterrupto.<\/div><\/div>\n\n\n<p>Observe que o Hand2Note HUD funcionar\u00e1 mesmo se voc\u00ea estiver apenas assistindo ao jogo.<\/p>\n\n\n\n<p>Se o HUD n\u00e3o aparecer por algum motivo, tente seguir <a href=\"https:\/\/hand2noteguide.com\/pt\/issues-resolving\/hud-not-showing\/\">as etapas de solu\u00e7\u00e3o de problemas<\/a>. Caso o problema persista, entre em contato com o <a href=\"https:\/\/hand2noteguide.com\/pt\/hand2note-official-support\/\">suporte via chat ao vivo<\/a>, eles ajudar\u00e3o a resolv\u00ea-lo rapidamente.<\/p>\n\n\n\n<h2 class=\"wp-block-heading\">Ok, vejo o HUD! E agora?<\/h2>\n\n\n\n<p>\u00d3timo, voc\u00ea deu o primeiro passo. Agora voc\u00ea pode come\u00e7ar a jogar e explorar as possibilidades do Hand2Note. \u00c9 um software de poker realmente completo, ent\u00e3o aqui est\u00e3o alguns primeiros passos que voc\u00ea pode seguir:<\/p>\n\n\n\n<ol class=\"wp-block-list\">\n<li><a href=\"https:\/\/hand2noteguide.com\/pt\/hand2note-hud\/\">Configure ou escolha o melhor HUD para voc\u00ea<\/a>. Considere todas as op\u00e7\u00f5es cuidadosamente, tendo em mente os recursos avan\u00e7ados do Hand2Note. Lembre-se de que o H2N HUD pode ser muito mais poderoso do que outros rastreadores desatualizados como o Holdem Manager.<\/li>\n\n\n\n<li><a href=\"https:\/\/hand2noteguide.com\/pt\/video-course\/\">Fa\u00e7a nosso curso completo de v\u00eddeo do Hand2Note<\/a>. Voc\u00ea come\u00e7ar\u00e1 a usar todos os recursos profissionalmente no menor tempo poss\u00edvel.<\/li>\n<\/ol>\n\n\n\n<h2 class=\"wp-block-heading\">Quais outros aplicativos asi\u00e1ticos s\u00e3o suportados?<\/h2>\n\n\n\n<p>O Hand2Note tamb\u00e9m suporta <a href=\"https:\/\/hand2noteguide.com\/pt\/pokerbros-hud\/\">PokerBros<\/a> e muitos <a href=\"https:\/\/hand2noteguide.com\/pt\/asian\/\">outros sites populares<\/a>.<\/p>\n","protected":false},"excerpt":{"rendered":"<p>Use um PPPoker HUD r\u00e1pido e confi\u00e1vel com o Hand2Note Hand2Note \u00e9 um rastreador de poker de nova gera\u00e7\u00e3o. Ele fornece a voc\u00ea um poker HUD funcional e popups para v\u00e1rias salas. O aplicativo PPPoker tamb\u00e9m \u00e9 suportado, para que voc\u00ea possa usar todo o poder do Hand2Note para esmagar seus oponentes nas mesas. Voc\u00ea &hellip; <a href=\"https:\/\/hand2noteguide.com\/pt\/pppoker-hud\/\" class=\"more-link\">Continue reading <span class=\"screen-reader-text\">PPPoker HUD<\/span><\/a><\/p>\n","protected":false},"author":1,"featured_media":4711,"parent":0,"menu_order":0,"comment_status":"closed","ping_status":"closed","template":"","meta":{"footnotes":""},"class_list":["post-4666","page","type-page","status-publish","has-post-thumbnail","hentry"],"translation":{"provider":"WPGlobus","version":"3.0.2","language":"pt","enabled_languages":["en","ru","pt","zh","es","fr","de","it","ja"],"languages":{"en":{"title":true,"content":true,"excerpt":false},"ru":{"title":true,"content":true,"excerpt":false},"pt":{"title":true,"content":true,"excerpt":false},"zh":{"title":true,"content":true,"excerpt":false},"es":{"title":true,"content":true,"excerpt":false},"fr":{"title":true,"content":true,"excerpt":false},"de":{"title":true,"content":true,"excerpt":false},"it":{"title":true,"content":true,"excerpt":false},"ja":{"title":true,"content":true,"excerpt":false}}},"yoast_head":"<!-- This site is optimized with the Yoast SEO plugin v27.0 - https:\/\/yoast.com\/product\/yoast-seo-wordpress\/ -->\n<title>PPPoker HUD r\u00e1pido e confi\u00e1vel - Guia Hand2Note<\/title>\n<meta name=\"description\" content=\"O Hand2Note HUD para PPPoker \u00e9 moderno, suave e preciso. Tanto o aplicativo para Windows quanto o emulador Android s\u00e3o suportados. Esmague seus oponentes!\" \/>\n<meta name=\"robots\" content=\"index, follow, max-snippet:-1, max-image-preview:large, max-video-preview:-1\" \/>\n<link rel=\"canonical\" href=\"https:\/\/hand2noteguide.com\/zh\/pppoker-hud\/\" \/>\n<meta property=\"og:locale\" content=\"pt_PT\" \/>\n<meta property=\"og:type\" content=\"article\" \/>\n<meta property=\"og:title\" content=\"PPPoker HUD r\u00e1pido e confi\u00e1vel - Guia Hand2Note\" \/>\n<meta property=\"og:description\" content=\"O Hand2Note HUD para PPPoker \u00e9 moderno, suave e preciso. Tanto o aplicativo para Windows quanto o emulador Android s\u00e3o suportados. Esmague seus oponentes!\" \/>\n<meta property=\"og:url\" content=\"https:\/\/hand2noteguide.com\/zh\/pppoker-hud\/\" \/>\n<meta property=\"og:site_name\" content=\"Hand2Note Guide\" \/>\n<meta property=\"article:modified_time\" content=\"2026-02-21T16:43:20+00:00\" \/>\n<meta property=\"og:image\" content=\"https:\/\/hand2noteguide.com\/wp-content\/uploads\/2021\/01\/PPPoker-HUD.png\" \/>\n\t<meta property=\"og:image:width\" content=\"879\" \/>\n\t<meta property=\"og:image:height\" content=\"814\" \/>\n\t<meta property=\"og:image:type\" content=\"image\/png\" \/>\n<meta name=\"twitter:card\" content=\"summary_large_image\" \/>\n<meta name=\"twitter:label1\" content=\"Est. reading time\" \/>\n\t<meta name=\"twitter:data1\" content=\"2 minutes\" \/>\n<!-- \/ Yoast SEO plugin. -->","yoast_head_json":{"title":"PPPoker HUD r\u00e1pido e confi\u00e1vel - Guia Hand2Note","description":"O Hand2Note HUD para PPPoker \u00e9 moderno, suave e preciso. Tanto o aplicativo para Windows quanto o emulador Android s\u00e3o suportados. Esmague seus oponentes!","robots":{"index":"index","follow":"follow","max-snippet":"max-snippet:-1","max-image-preview":"max-image-preview:large","max-video-preview":"max-video-preview:-1"},"canonical":"https:\/\/hand2noteguide.com\/zh\/pppoker-hud\/","og_locale":"pt_PT","og_type":"article","og_title":"PPPoker HUD r\u00e1pido e confi\u00e1vel - Guia Hand2Note","og_description":"O Hand2Note HUD para PPPoker \u00e9 moderno, suave e preciso. Tanto o aplicativo para Windows quanto o emulador Android s\u00e3o suportados. Esmague seus oponentes!","og_url":"https:\/\/hand2noteguide.com\/zh\/pppoker-hud\/","og_site_name":"Hand2Note Guide","article_modified_time":"2026-02-21T16:43:20+00:00","og_image":[{"width":879,"height":814,"url":"https:\/\/hand2noteguide.com\/wp-content\/uploads\/2021\/01\/PPPoker-HUD.png","type":"image\/png"}],"twitter_card":"summary_large_image","twitter_misc":{"Est. reading time":"2 minutes"},"schema":{"@context":"https:\/\/schema.org","@graph":[]}},"jetpack_sharing_enabled":true,"_links":{"self":[{"href":"https:\/\/hand2noteguide.com\/pt\/wp-json\/wp\/v2\/pages\/4666","targetHints":{"allow":["GET"]}}],"collection":[{"href":"https:\/\/hand2noteguide.com\/pt\/wp-json\/wp\/v2\/pages"}],"about":[{"href":"https:\/\/hand2noteguide.com\/pt\/wp-json\/wp\/v2\/types\/page"}],"author":[{"embeddable":true,"href":"https:\/\/hand2noteguide.com\/pt\/wp-json\/wp\/v2\/users\/1"}],"replies":[{"embeddable":true,"href":"https:\/\/hand2noteguide.com\/pt\/wp-json\/wp\/v2\/comments?post=4666"}],"version-history":[{"count":35,"href":"https:\/\/hand2noteguide.com\/pt\/wp-json\/wp\/v2\/pages\/4666\/revisions"}],"predecessor-version":[{"id":15252,"href":"https:\/\/hand2noteguide.com\/pt\/wp-json\/wp\/v2\/pages\/4666\/revisions\/15252"}],"wp:featuredmedia":[{"embeddable":true,"href":"https:\/\/hand2noteguide.com\/pt\/wp-json\/wp\/v2\/media\/4711"}],"wp:attachment":[{"href":"https:\/\/hand2noteguide.com\/pt\/wp-json\/wp\/v2\/media?parent=4666"}],"curies":[{"name":"wp","href":"https:\/\/api.w.org\/{rel}","templated":true}]}}