{"id":468,"date":"2018-10-22T21:49:44","date_gmt":"2018-10-22T18:49:44","guid":{"rendered":"https:\/\/h2n312.wordpress.com\/?page_id=468"},"modified":"2025-06-04T17:53:07","modified_gmt":"2025-06-04T14:53:07","slug":"creating-stats","status":"publish","type":"page","link":"https:\/\/hand2noteguide.com\/pt\/guide\/creating-stats\/","title":{"rendered":"Estat\u00edsticas"},"content":{"rendered":"<p>Hand2Note possui uma interface intuitiva e poderosa para criar estat\u00edsticas. Al\u00e9m disso, um grande n\u00famero de estat\u00edsticas prontas est\u00e1 dispon\u00edvel imediatamente ap\u00f3s a instala\u00e7\u00e3o. Voc\u00ea pode gerenciar estat\u00edsticas nas seguintes se\u00e7\u00f5es:<\/p>\n<p><img loading=\"lazy\" decoding=\"async\" class=\"alignnone size-full wp-image-814\" src=\"https:\/\/hand2noteguide.com\/wp-content\/uploads\/2019\/05\/hand2note-create-stats-menu.png\" alt=\"hand2note create stats menu\" width=\"311\" height=\"408\" srcset=\"https:\/\/hand2noteguide.com\/wp-content\/uploads\/2019\/05\/hand2note-create-stats-menu.png 311w, https:\/\/hand2noteguide.com\/wp-content\/uploads\/2019\/05\/hand2note-create-stats-menu-229x300.png 229w\" sizes=\"auto, (max-width: 311px) 100vw, 311px\" \/><\/p>\n<p>Existem estat\u00edsticas simples e de express\u00e3o no sistema Hand2Note. Uma <strong>estat\u00edstica simples<\/strong> \u00e9 uma estat\u00edstica que descreve a frequ\u00eancia de uma a\u00e7\u00e3o espec\u00edfica, por exemplo, um open raise ou uma continuation bet. Uma <strong>estat\u00edstica de express\u00e3o<\/strong> \u00e9 uma f\u00f3rmula matem\u00e1tica composta por estat\u00edsticas simples \u2014 por exemplo, fator de agress\u00e3o ou a porcentagem de vit\u00f3rias no showdown.<\/p>\n<p>Aprenda a criar <a href=\"https:\/\/hand2noteguide.com\/pt\/guide\/creating-stats\/simple\/\">estat\u00edsticas simples<\/a> e <a href=\"https:\/\/hand2noteguide.com\/pt\/guide\/creating-stats\/expression\/\">estat\u00edsticas de express\u00e3o<\/a>. Voc\u00ea tamb\u00e9m pode obter <a href=\"https:\/\/hand2noteguide.com\/pt\/training\/\">treinamento personalizado<\/a> na cria\u00e7\u00e3o de estat\u00edsticas no Hand2Note.<\/p>\n","protected":false},"excerpt":{"rendered":"<p>Hand2Note possui uma interface intuitiva e poderosa para criar estat\u00edsticas. Al\u00e9m disso, um grande n\u00famero de estat\u00edsticas prontas est\u00e1 dispon\u00edvel imediatamente ap\u00f3s a instala\u00e7\u00e3o. Voc\u00ea pode gerenciar estat\u00edsticas nas seguintes se\u00e7\u00f5es: Existem estat\u00edsticas simples e de express\u00e3o no sistema Hand2Note. Uma estat\u00edstica simples \u00e9 uma estat\u00edstica que descreve a frequ\u00eancia de uma a\u00e7\u00e3o espec\u00edfica, por &hellip; <a href=\"https:\/\/hand2noteguide.com\/pt\/guide\/creating-stats\/\" class=\"more-link\">Continue reading <span class=\"screen-reader-text\">Estat\u00edsticas<\/span><\/a><\/p>\n","protected":false},"author":1,"featured_media":0,"parent":74,"menu_order":0,"comment_status":"closed","ping_status":"closed","template":"page-templates\/full-width-page.php","meta":{"footnotes":""},"class_list":["post-468","page","type-page","status-publish","hentry"],"translation":{"provider":"WPGlobus","version":"3.0.2","language":"pt","enabled_languages":["en","ru","pt","zh","es","fr","de","it","ja"],"languages":{"en":{"title":true,"content":true,"excerpt":false},"ru":{"title":true,"content":true,"excerpt":false},"pt":{"title":true,"content":true,"excerpt":false},"zh":{"title":true,"content":true,"excerpt":false},"es":{"title":true,"content":true,"excerpt":false},"fr":{"title":true,"content":true,"excerpt":false},"de":{"title":true,"content":true,"excerpt":false},"it":{"title":true,"content":true,"excerpt":false},"ja":{"title":true,"content":true,"excerpt":false}}},"yoast_head":"<!-- This site is optimized with the Yoast SEO plugin v27.0 - https:\/\/yoast.com\/product\/yoast-seo-wordpress\/ -->\n<title>Estat\u00edsticas de poker no Hand2Note 3<\/title>\n<meta name=\"description\" content=\"Descubra como criar e gerenciar estat\u00edsticas de poker usando a interface intuitiva do Hand2Note. Acesse estat\u00edsticas prontas e personalize sua estrat\u00e9gia de poker.\" \/>\n<meta name=\"robots\" content=\"index, follow, max-snippet:-1, max-image-preview:large, max-video-preview:-1\" \/>\n<link rel=\"canonical\" href=\"https:\/\/hand2noteguide.com\/guide\/creating-stats\/\" \/>\n<meta property=\"og:locale\" content=\"pt_PT\" \/>\n<meta property=\"og:type\" content=\"article\" \/>\n<meta property=\"og:title\" content=\"Estat\u00edsticas de poker no Hand2Note 3\" \/>\n<meta property=\"og:description\" content=\"Descubra como criar e gerenciar estat\u00edsticas de poker usando a interface intuitiva do Hand2Note. Acesse estat\u00edsticas prontas e personalize sua estrat\u00e9gia de poker.\" \/>\n<meta property=\"og:url\" content=\"https:\/\/hand2noteguide.com\/guide\/creating-stats\/\" \/>\n<meta property=\"og:site_name\" content=\"Hand2Note Guide\" \/>\n<meta property=\"article:modified_time\" content=\"2025-06-04T14:53:07+00:00\" \/>\n<meta property=\"og:image\" content=\"https:\/\/hand2noteguide.com\/wp-content\/uploads\/2019\/05\/hand2note-create-stats-menu.png\" \/>\n<meta name=\"twitter:card\" content=\"summary_large_image\" \/>\n<meta name=\"twitter:label1\" content=\"Est. reading time\" \/>\n\t<meta name=\"twitter:data1\" content=\"4 minutes\" \/>\n<!-- \/ Yoast SEO plugin. -->","yoast_head_json":{"title":"Estat\u00edsticas de poker no Hand2Note 3","description":"Descubra como criar e gerenciar estat\u00edsticas de poker usando a interface intuitiva do Hand2Note. Acesse estat\u00edsticas prontas e personalize sua estrat\u00e9gia de poker.","robots":{"index":"index","follow":"follow","max-snippet":"max-snippet:-1","max-image-preview":"max-image-preview:large","max-video-preview":"max-video-preview:-1"},"canonical":"https:\/\/hand2noteguide.com\/guide\/creating-stats\/","og_locale":"pt_PT","og_type":"article","og_title":"Estat\u00edsticas de poker no Hand2Note 3","og_description":"Descubra como criar e gerenciar estat\u00edsticas de poker usando a interface intuitiva do Hand2Note. Acesse estat\u00edsticas prontas e personalize sua estrat\u00e9gia de poker.","og_url":"https:\/\/hand2noteguide.com\/guide\/creating-stats\/","og_site_name":"Hand2Note Guide","article_modified_time":"2025-06-04T14:53:07+00:00","og_image":[{"url":"https:\/\/hand2noteguide.com\/wp-content\/uploads\/2019\/05\/hand2note-create-stats-menu.png","type":"","width":"","height":""}],"twitter_card":"summary_large_image","twitter_misc":{"Est. reading time":"4 minutes"},"schema":{"@context":"https:\/\/schema.org","@graph":[]}},"jetpack_sharing_enabled":false,"_links":{"self":[{"href":"https:\/\/hand2noteguide.com\/pt\/wp-json\/wp\/v2\/pages\/468","targetHints":{"allow":["GET"]}}],"collection":[{"href":"https:\/\/hand2noteguide.com\/pt\/wp-json\/wp\/v2\/pages"}],"about":[{"href":"https:\/\/hand2noteguide.com\/pt\/wp-json\/wp\/v2\/types\/page"}],"author":[{"embeddable":true,"href":"https:\/\/hand2noteguide.com\/pt\/wp-json\/wp\/v2\/users\/1"}],"replies":[{"embeddable":true,"href":"https:\/\/hand2noteguide.com\/pt\/wp-json\/wp\/v2\/comments?post=468"}],"version-history":[{"count":18,"href":"https:\/\/hand2noteguide.com\/pt\/wp-json\/wp\/v2\/pages\/468\/revisions"}],"predecessor-version":[{"id":13523,"href":"https:\/\/hand2noteguide.com\/pt\/wp-json\/wp\/v2\/pages\/468\/revisions\/13523"}],"up":[{"embeddable":true,"href":"https:\/\/hand2noteguide.com\/pt\/wp-json\/wp\/v2\/pages\/74"}],"wp:attachment":[{"href":"https:\/\/hand2noteguide.com\/pt\/wp-json\/wp\/v2\/media?parent=468"}],"curies":[{"name":"wp","href":"https:\/\/api.w.org\/{rel}","templated":true}]}}