{"id":472,"date":"2018-10-22T22:02:26","date_gmt":"2018-10-22T19:02:26","guid":{"rendered":"https:\/\/h2n312.wordpress.com\/?page_id=472"},"modified":"2025-06-04T17:52:19","modified_gmt":"2025-06-04T14:52:19","slug":"disable-hud","status":"publish","type":"page","link":"https:\/\/hand2noteguide.com\/pt\/guide\/hud\/disable-hud\/","title":{"rendered":"Como desativar o HUD"},"content":{"rendered":"\n<h2 class=\"wp-block-heading\">M\u00e9todo #1<\/h2>\n\n\n\n<p>Voc\u00ea pode desativar o m\u00f3dulo respons\u00e1vel por coletar o hist\u00f3rico de m\u00e3os do seu room. Para fazer isso, encerre o processo correspondente no gerenciador de tarefas. O processo inicia ap\u00f3s voc\u00ea abrir um room.<\/p>\n\n\n\n<figure class=\"wp-block-image\"><img loading=\"lazy\" decoding=\"async\" width=\"667\" height=\"337\" src=\"https:\/\/hand2noteguide.com\/wp-content\/uploads\/2019\/07\/hand2note-pokerstars-module-process.png\" alt=\"hand2note pokerstars module process\" class=\"wp-image-1609\" srcset=\"https:\/\/hand2noteguide.com\/wp-content\/uploads\/2019\/07\/hand2note-pokerstars-module-process.png 667w, https:\/\/hand2noteguide.com\/wp-content\/uploads\/2019\/07\/hand2note-pokerstars-module-process-300x152.png 300w, https:\/\/hand2noteguide.com\/wp-content\/uploads\/2019\/07\/hand2note-pokerstars-module-process-624x315.png 624w\" sizes=\"auto, (max-width: 667px) 100vw, 667px\" \/><\/figure>\n\n\n\n<p>Voc\u00ea tamb\u00e9m precisa remover as pastas de hist\u00f3rico de m\u00e3os do room da lista de importa\u00e7\u00e3o autom\u00e1tica no Hand2Note, caso as tenha adicionado.<\/p>\n\n\n\n<p>Por favor, note que se voc\u00ea usar este m\u00e9todo, o Hand2Note n\u00e3o capturar\u00e1 m\u00e3os do seu room. Se voc\u00ea deseja desativar o HUD, mas coletar hist\u00f3ricos de m\u00e3os, use o segundo m\u00e9todo.<\/p>\n\n\n\n<h2 class=\"wp-block-heading\">M\u00e9todo #2<\/h2>\n\n\n<p>Existe um filtro no editor de HUD que permite personalizar a exibi\u00e7\u00e3o do HUD apenas em certos rooms. Voc\u00ea pode destacar a mesa inteira e atribuir um filtro com apenas os rooms desejados.<\/p>\n<p><img loading=\"lazy\" decoding=\"async\" class=\"alignnone size-full wp-image-473\" src=\"https:\/\/hand2noteguide.com\/wp-content\/uploads\/2018\/10\/hand2note-hud-choose-room.png\" alt=\"hand2note hud choose room\" width=\"640\" height=\"228\" srcset=\"https:\/\/hand2noteguide.com\/wp-content\/uploads\/2018\/10\/hand2note-hud-choose-room.png 640w, https:\/\/hand2noteguide.com\/wp-content\/uploads\/2018\/10\/hand2note-hud-choose-room-300x107.png 300w, https:\/\/hand2noteguide.com\/wp-content\/uploads\/2018\/10\/hand2note-hud-choose-room-624x222.png 624w\" sizes=\"auto, (max-width: 640px) 100vw, 640px\" \/><\/p>\n<p>Se voc\u00ea quiser desativar completamente o HUD, basta selecionar qualquer room arbitr\u00e1rio em que voc\u00ea n\u00e3o esteja jogando.<\/p>","protected":false},"excerpt":{"rendered":"<p>M\u00e9todo #1 Voc\u00ea pode desativar o m\u00f3dulo respons\u00e1vel por coletar o hist\u00f3rico de m\u00e3os do seu room. Para fazer isso, encerre o processo correspondente no gerenciador de tarefas. O processo inicia ap\u00f3s voc\u00ea abrir um room. Voc\u00ea tamb\u00e9m precisa remover as pastas de hist\u00f3rico de m\u00e3os do room da lista de importa\u00e7\u00e3o autom\u00e1tica no Hand2Note, &hellip; <a href=\"https:\/\/hand2noteguide.com\/pt\/guide\/hud\/disable-hud\/\" class=\"more-link\">Continue reading <span class=\"screen-reader-text\">Como desativar o HUD<\/span><\/a><\/p>\n","protected":false},"author":1,"featured_media":0,"parent":372,"menu_order":0,"comment_status":"closed","ping_status":"closed","template":"page-templates\/full-width-page.php","meta":{"footnotes":""},"class_list":["post-472","page","type-page","status-publish","hentry"],"translation":{"provider":"WPGlobus","version":"3.0.2","language":"pt","enabled_languages":["en","ru","pt","zh","es","fr","de","it","ja"],"languages":{"en":{"title":true,"content":true,"excerpt":false},"ru":{"title":true,"content":true,"excerpt":false},"pt":{"title":true,"content":true,"excerpt":false},"zh":{"title":true,"content":true,"excerpt":false},"es":{"title":true,"content":true,"excerpt":false},"fr":{"title":true,"content":true,"excerpt":false},"de":{"title":true,"content":true,"excerpt":false},"it":{"title":true,"content":true,"excerpt":false},"ja":{"title":true,"content":true,"excerpt":false}}},"yoast_head":"<!-- This site is optimized with the Yoast SEO plugin v27.0 - https:\/\/yoast.com\/product\/yoast-seo-wordpress\/ -->\n<title>Como desativar o HUD no Hand2Note 3: dois m\u00e9todos simples<\/title>\n<meta name=\"description\" content=\"Aprenda a desativar o HUD do Hand2Note com dois m\u00e9todos simples. Siga nosso passo a passo para ter controle total sobre o seu HUD.\" \/>\n<meta name=\"robots\" content=\"index, follow, max-snippet:-1, max-image-preview:large, max-video-preview:-1\" \/>\n<link rel=\"canonical\" href=\"https:\/\/hand2noteguide.com\/guide\/hud\/disable-hud\/\" \/>\n<meta property=\"og:locale\" content=\"pt_PT\" \/>\n<meta property=\"og:type\" content=\"article\" \/>\n<meta property=\"og:title\" content=\"Como desativar o HUD no Hand2Note 3: dois m\u00e9todos simples\" \/>\n<meta property=\"og:description\" content=\"Aprenda a desativar o HUD do Hand2Note com dois m\u00e9todos simples. Siga nosso passo a passo para ter controle total sobre o seu HUD.\" \/>\n<meta property=\"og:url\" content=\"https:\/\/hand2noteguide.com\/guide\/hud\/disable-hud\/\" \/>\n<meta property=\"og:site_name\" content=\"Hand2Note Guide\" \/>\n<meta property=\"article:modified_time\" content=\"2025-06-04T14:52:19+00:00\" \/>\n<meta property=\"og:image\" content=\"https:\/\/hand2noteguide.com\/wp-content\/uploads\/2019\/07\/hand2note-pokerstars-module-process.png\" \/>\n<meta name=\"twitter:card\" content=\"summary_large_image\" \/>\n<meta name=\"twitter:label1\" content=\"Est. reading time\" \/>\n\t<meta name=\"twitter:data1\" content=\"5 minutes\" \/>\n<!-- \/ Yoast SEO plugin. -->","yoast_head_json":{"title":"Como desativar o HUD no Hand2Note 3: dois m\u00e9todos simples","description":"Aprenda a desativar o HUD do Hand2Note com dois m\u00e9todos simples. Siga nosso passo a passo para ter controle total sobre o seu HUD.","robots":{"index":"index","follow":"follow","max-snippet":"max-snippet:-1","max-image-preview":"max-image-preview:large","max-video-preview":"max-video-preview:-1"},"canonical":"https:\/\/hand2noteguide.com\/guide\/hud\/disable-hud\/","og_locale":"pt_PT","og_type":"article","og_title":"Como desativar o HUD no Hand2Note 3: dois m\u00e9todos simples","og_description":"Aprenda a desativar o HUD do Hand2Note com dois m\u00e9todos simples. Siga nosso passo a passo para ter controle total sobre o seu HUD.","og_url":"https:\/\/hand2noteguide.com\/guide\/hud\/disable-hud\/","og_site_name":"Hand2Note Guide","article_modified_time":"2025-06-04T14:52:19+00:00","og_image":[{"url":"https:\/\/hand2noteguide.com\/wp-content\/uploads\/2019\/07\/hand2note-pokerstars-module-process.png","type":"","width":"","height":""}],"twitter_card":"summary_large_image","twitter_misc":{"Est. reading time":"5 minutes"},"schema":{"@context":"https:\/\/schema.org","@graph":[]}},"jetpack_sharing_enabled":false,"_links":{"self":[{"href":"https:\/\/hand2noteguide.com\/pt\/wp-json\/wp\/v2\/pages\/472","targetHints":{"allow":["GET"]}}],"collection":[{"href":"https:\/\/hand2noteguide.com\/pt\/wp-json\/wp\/v2\/pages"}],"about":[{"href":"https:\/\/hand2noteguide.com\/pt\/wp-json\/wp\/v2\/types\/page"}],"author":[{"embeddable":true,"href":"https:\/\/hand2noteguide.com\/pt\/wp-json\/wp\/v2\/users\/1"}],"replies":[{"embeddable":true,"href":"https:\/\/hand2noteguide.com\/pt\/wp-json\/wp\/v2\/comments?post=472"}],"version-history":[{"count":20,"href":"https:\/\/hand2noteguide.com\/pt\/wp-json\/wp\/v2\/pages\/472\/revisions"}],"predecessor-version":[{"id":13522,"href":"https:\/\/hand2noteguide.com\/pt\/wp-json\/wp\/v2\/pages\/472\/revisions\/13522"}],"up":[{"embeddable":true,"href":"https:\/\/hand2noteguide.com\/pt\/wp-json\/wp\/v2\/pages\/372"}],"wp:attachment":[{"href":"https:\/\/hand2noteguide.com\/pt\/wp-json\/wp\/v2\/media?parent=472"}],"curies":[{"name":"wp","href":"https:\/\/api.w.org\/{rel}","templated":true}]}}