{"id":4730,"date":"2021-01-19T05:59:09","date_gmt":"2021-01-19T02:59:09","guid":{"rendered":"http:\/\/hand2noteguide.com\/?page_id=4730"},"modified":"2025-06-04T17:14:38","modified_gmt":"2025-06-04T14:14:38","slug":"thank-you","status":"publish","type":"page","link":"https:\/\/hand2noteguide.com\/pt\/free-hud\/thank-you\/","title":{"rendered":"Obrigado!"},"content":{"rendered":"\n<div class=\"green-block\" style=\"margin-top:5px\"><p style=\"margin-bottom:0\"><span class=\"simple-green-checkmark\">\u2713<\/span> Por favor, verifique sua caixa de entrada de e-mail para confirmar<\/p><\/div>\n\n\n\n<p>Logo ap\u00f3s a confirma\u00e7\u00e3o, enviaremos a voc\u00ea as op\u00e7\u00f5es gratuitas de HUD &amp; popup do Hand2Note.<\/p>\n\n\n\n<figure class=\"wp-block-gallery has-nested-images columns-default is-cropped wp-block-gallery-1 is-layout-flex wp-block-gallery-is-layout-flex\">\n<figure class=\"wp-block-image size-large\"><img loading=\"lazy\" decoding=\"async\" width=\"1024\" height=\"557\" data-id=\"6874\" src=\"https:\/\/hand2noteguide.com\/wp-content\/uploads\/2024\/06\/COSMOS_FREE_HUD-min-1024x557.png\" alt=\"\" class=\"wp-image-6874\" srcset=\"https:\/\/hand2noteguide.com\/wp-content\/uploads\/2024\/06\/COSMOS_FREE_HUD-min-1024x557.png 1024w, https:\/\/hand2noteguide.com\/wp-content\/uploads\/2024\/06\/COSMOS_FREE_HUD-min-300x163.png 300w, https:\/\/hand2noteguide.com\/wp-content\/uploads\/2024\/06\/COSMOS_FREE_HUD-min-768x418.png 768w, https:\/\/hand2noteguide.com\/wp-content\/uploads\/2024\/06\/COSMOS_FREE_HUD-min-772x420.png 772w, https:\/\/hand2noteguide.com\/wp-content\/uploads\/2024\/06\/COSMOS_FREE_HUD-min-624x340.png 624w, https:\/\/hand2noteguide.com\/wp-content\/uploads\/2024\/06\/COSMOS_FREE_HUD-min.png 1317w\" sizes=\"auto, (max-width: 1024px) 100vw, 1024px\" \/><figcaption class=\"wp-element-caption\">Cosmos HUD<\/figcaption><\/figure>\n\n\n\n<figure class=\"wp-block-image size-full\"><img loading=\"lazy\" decoding=\"async\" width=\"1024\" height=\"666\" data-id=\"6876\" src=\"https:\/\/hand2noteguide.com\/wp-content\/uploads\/2024\/06\/simple-cash-min.png\" alt=\"\" class=\"wp-image-6876\" srcset=\"https:\/\/hand2noteguide.com\/wp-content\/uploads\/2024\/06\/simple-cash-min.png 1024w, https:\/\/hand2noteguide.com\/wp-content\/uploads\/2024\/06\/simple-cash-min-300x195.png 300w, https:\/\/hand2noteguide.com\/wp-content\/uploads\/2024\/06\/simple-cash-min-768x500.png 768w, https:\/\/hand2noteguide.com\/wp-content\/uploads\/2024\/06\/simple-cash-min-772x502.png 772w, https:\/\/hand2noteguide.com\/wp-content\/uploads\/2024\/06\/simple-cash-min-624x406.png 624w\" sizes=\"auto, (max-width: 1024px) 100vw, 1024px\" \/><figcaption class=\"wp-element-caption\">Simple Cash HUD<\/figcaption><\/figure>\n<\/figure>\n\n\n\n<p style=\"margin-top:15px\">Al\u00e9m disso, ocasionalmente enviaremos a voc\u00ea uma sele\u00e7\u00e3o de materiais interessantes, HUD&amp;popups, bem como informa\u00e7\u00f5es sobre descontos e promo\u00e7\u00f5es especiais para Hand2Note e softwares de poker relacionados.<\/p>\n\n\n\n<p>Se em algum momento n\u00e3o estiver interessado, voc\u00ea pode sempre clicar em &#8220;Cancelar inscri\u00e7\u00e3o&#8221; no final de cada e-mail. Esperamos que isso n\u00e3o aconte\u00e7a e que voc\u00ea aproveite nosso boletim informativo.<\/p>\n\n\n\n<p>Boa sorte nas mesas!<\/p>\n","protected":false},"excerpt":{"rendered":"<p>\u2713 Por favor, verifique sua caixa de entrada de e-mail para confirmar Logo ap\u00f3s a confirma\u00e7\u00e3o, enviaremos a voc\u00ea as op\u00e7\u00f5es gratuitas de HUD &amp; popup do Hand2Note. Al\u00e9m disso, ocasionalmente enviaremos a voc\u00ea uma sele\u00e7\u00e3o de materiais interessantes, HUD&amp;popups, bem como informa\u00e7\u00f5es sobre descontos e promo\u00e7\u00f5es especiais para Hand2Note e softwares de poker relacionados. &hellip; <a href=\"https:\/\/hand2noteguide.com\/pt\/free-hud\/thank-you\/\" class=\"more-link\">Continue reading <span class=\"screen-reader-text\">Obrigado!<\/span><\/a><\/p>\n","protected":false},"author":1,"featured_media":0,"parent":1766,"menu_order":0,"comment_status":"closed","ping_status":"closed","template":"page-templates\/full-width-page.php","meta":{"footnotes":""},"class_list":["post-4730","page","type-page","status-publish","hentry"],"translation":{"provider":"WPGlobus","version":"3.0.2","language":"pt","enabled_languages":["en","ru","pt","zh","es","fr","de","it","ja"],"languages":{"en":{"title":true,"content":true,"excerpt":false},"ru":{"title":true,"content":true,"excerpt":false},"pt":{"title":true,"content":true,"excerpt":false},"zh":{"title":true,"content":true,"excerpt":false},"es":{"title":true,"content":true,"excerpt":false},"fr":{"title":true,"content":true,"excerpt":false},"de":{"title":true,"content":true,"excerpt":false},"it":{"title":true,"content":true,"excerpt":false},"ja":{"title":true,"content":true,"excerpt":false}}},"yoast_head":"<!-- This site is optimized with the Yoast SEO plugin v27.0 - https:\/\/yoast.com\/product\/yoast-seo-wordpress\/ -->\n<title>Obrigado! Confirme seu e-mail agora<\/title>\n<meta name=\"description\" content=\"Confirme seu e-mail para receber op\u00e7\u00f5es gratuitas de HUD e popups do Hand2Note. Fique atualizado com ofertas exclusivas e promo\u00e7\u00f5es de software de poker.\" \/>\n<meta name=\"robots\" content=\"index, follow, max-snippet:-1, max-image-preview:large, max-video-preview:-1\" \/>\n<link rel=\"canonical\" href=\"https:\/\/hand2noteguide.com\/free-hud\/thank-you\/\" \/>\n<meta property=\"og:locale\" content=\"pt_PT\" \/>\n<meta property=\"og:type\" content=\"article\" \/>\n<meta property=\"og:title\" content=\"Obrigado! Confirme seu e-mail agora\" \/>\n<meta property=\"og:description\" content=\"Confirme seu e-mail para receber op\u00e7\u00f5es gratuitas de HUD e popups do Hand2Note. Fique atualizado com ofertas exclusivas e promo\u00e7\u00f5es de software de poker.\" \/>\n<meta property=\"og:url\" content=\"https:\/\/hand2noteguide.com\/free-hud\/thank-you\/\" \/>\n<meta property=\"og:site_name\" content=\"Hand2Note Guide\" \/>\n<meta property=\"article:modified_time\" content=\"2025-06-04T14:14:38+00:00\" \/>\n<meta property=\"og:image\" content=\"https:\/\/hand2noteguide.com\/wp-content\/uploads\/2024\/06\/COSMOS_FREE_HUD-min-1024x557.png\" \/>\n<meta name=\"twitter:card\" content=\"summary_large_image\" \/>\n<meta name=\"twitter:label1\" content=\"Est. reading time\" \/>\n\t<meta name=\"twitter:data1\" content=\"3 minutes\" \/>\n<!-- \/ Yoast SEO plugin. -->","yoast_head_json":{"title":"Obrigado! Confirme seu e-mail agora","description":"Confirme seu e-mail para receber op\u00e7\u00f5es gratuitas de HUD e popups do Hand2Note. Fique atualizado com ofertas exclusivas e promo\u00e7\u00f5es de software de poker.","robots":{"index":"index","follow":"follow","max-snippet":"max-snippet:-1","max-image-preview":"max-image-preview:large","max-video-preview":"max-video-preview:-1"},"canonical":"https:\/\/hand2noteguide.com\/free-hud\/thank-you\/","og_locale":"pt_PT","og_type":"article","og_title":"Obrigado! Confirme seu e-mail agora","og_description":"Confirme seu e-mail para receber op\u00e7\u00f5es gratuitas de HUD e popups do Hand2Note. Fique atualizado com ofertas exclusivas e promo\u00e7\u00f5es de software de poker.","og_url":"https:\/\/hand2noteguide.com\/free-hud\/thank-you\/","og_site_name":"Hand2Note Guide","article_modified_time":"2025-06-04T14:14:38+00:00","og_image":[{"url":"https:\/\/hand2noteguide.com\/wp-content\/uploads\/2024\/06\/COSMOS_FREE_HUD-min-1024x557.png","type":"","width":"","height":""}],"twitter_card":"summary_large_image","twitter_misc":{"Est. reading time":"3 minutes"},"schema":{"@context":"https:\/\/schema.org","@graph":[]}},"jetpack_sharing_enabled":true,"_links":{"self":[{"href":"https:\/\/hand2noteguide.com\/pt\/wp-json\/wp\/v2\/pages\/4730","targetHints":{"allow":["GET"]}}],"collection":[{"href":"https:\/\/hand2noteguide.com\/pt\/wp-json\/wp\/v2\/pages"}],"about":[{"href":"https:\/\/hand2noteguide.com\/pt\/wp-json\/wp\/v2\/types\/page"}],"author":[{"embeddable":true,"href":"https:\/\/hand2noteguide.com\/pt\/wp-json\/wp\/v2\/users\/1"}],"replies":[{"embeddable":true,"href":"https:\/\/hand2noteguide.com\/pt\/wp-json\/wp\/v2\/comments?post=4730"}],"version-history":[{"count":22,"href":"https:\/\/hand2noteguide.com\/pt\/wp-json\/wp\/v2\/pages\/4730\/revisions"}],"predecessor-version":[{"id":13487,"href":"https:\/\/hand2noteguide.com\/pt\/wp-json\/wp\/v2\/pages\/4730\/revisions\/13487"}],"up":[{"embeddable":true,"href":"https:\/\/hand2noteguide.com\/pt\/wp-json\/wp\/v2\/pages\/1766"}],"wp:attachment":[{"href":"https:\/\/hand2noteguide.com\/pt\/wp-json\/wp\/v2\/media?parent=4730"}],"curies":[{"name":"wp","href":"https:\/\/api.w.org\/{rel}","templated":true}]}}