{"id":4885,"date":"2021-03-21T13:02:23","date_gmt":"2021-03-21T10:02:23","guid":{"rendered":"http:\/\/hand2noteguide.com\/?page_id=4885"},"modified":"2025-06-04T16:31:43","modified_gmt":"2025-06-04T13:31:43","slug":"ggpoker-hh","status":"publish","type":"page","link":"https:\/\/hand2noteguide.com\/pt\/ggpoker-hh\/","title":{"rendered":"Use o Hand2Note com o GGPoker"},"content":{"rendered":"\n<p>O HUD n\u00e3o \u00e9 permitido na rede GGPoker, mas voc\u00ea ainda pode usar <a aria-label=\"undefined (opens in a new tab)\" href=\"https:\/\/hand2note.com\/pt\/\" target=\"_blank\" rel=\"noreferrer noopener\">Hand2Note<\/a> para analisar seu pr\u00f3prio jogo e fazer a <a href=\"https:\/\/hand2noteguide.com\/pt\/guide\/range-research\/\">pesquisa de pool<\/a>. Siga os passos a seguir para obter suas m\u00e3os no Hand2Note e come\u00e7ar a trabalhar com seu banco de dados.<\/p>\n\n\n\n<h2 class=\"wp-block-heading\">1. Obtenha Hist\u00f3ricos de M\u00e3os<\/h2>\n\n\n\n<p>Primeiramente, baixe seus arquivos de hist\u00f3rico de m\u00e3os do PokerCraft.<\/p>\n\n\n\n<div class=\"green-block\">\n<p>Outra op\u00e7\u00e3o \u00e9 <a style=\"font-weight:600 !important\" target=\"_blank\" href=\"https:\/\/handhistorypoker.com\/\" rel=\"noopener\">comprar hist\u00f3ricos de m\u00e3os do GGpoker<\/a> do nosso parceiro HisHands. Ao adquirir hist\u00f3ricos de m\u00e3os, voc\u00ea ter\u00e1 <span style=\"font-weight:600\">dados mais completos<\/span>. Voc\u00ea poder\u00e1 analisar em detalhe n\u00e3o apenas seu jogo, mas tamb\u00e9m <span style=\"font-weight:600\">encontrar falhas de seus oponentes<\/span>.<\/p>\n<p style=\"margin-bottom:0\">Use a frase de c\u00f3digo <span style=\"font-weight:600\">H2NGG<\/span> para obter um desconto no seu primeiro pedido.<\/p>\n<\/div>\n\n\n\n<h2 class=\"wp-block-heading\">2. Converter<\/h2>\n\n\n\n<p style=\"margin-bottom:6px\">Escolha sua <a href=\"https:\/\/hand2note.com\/pt\/#start\" target=\"_blank\" rel=\"noopener\">vers\u00e3o do Hand2Note<\/a>:<\/p>\n\n\n<div class=\"responsive-tabs\">\n<h2 class=\"tabtitle\">Hand2Note 3<\/h2>\n<div class=\"tabcontent\">\n\n\n\n\n<p>O Hand2Note 3 n\u00e3o suporta nativamente hist\u00f3ricos de m\u00e3os do GGpoker. Portanto, voc\u00ea precisar\u00e1 converter suas m\u00e3os para o formato suport\u00e1vel.<\/p>\n\n\n\n<div class=\"wpcf7 no-js\" id=\"wpcf7-f8612-o1\" lang=\"en-US\" dir=\"ltr\" data-wpcf7-id=\"8612\">\n<div class=\"screen-reader-response\"><p role=\"status\" aria-live=\"polite\" aria-atomic=\"true\"><\/p> <ul><\/ul><\/div>\n<form action=\"\/pt\/wp-json\/wp\/v2\/pages\/4885#wpcf7-f8612-o1\" method=\"post\" class=\"wpcf7-form init\" aria-label=\"Contact form\" novalidate=\"novalidate\" data-status=\"init\">\n<fieldset class=\"hidden-fields-container\"><input type=\"hidden\" name=\"_wpcf7\" value=\"8612\" \/><input type=\"hidden\" name=\"_wpcf7_version\" value=\"6.1.5\" \/><input type=\"hidden\" name=\"_wpcf7_locale\" value=\"en_US\" \/><input type=\"hidden\" name=\"_wpcf7_unit_tag\" value=\"wpcf7-f8612-o1\" \/><input type=\"hidden\" name=\"_wpcf7_container_post\" value=\"0\" \/><input type=\"hidden\" name=\"_wpcf7_posted_data_hash\" value=\"\" \/><input type=\"hidden\" name=\"_wpcf7_recaptcha_response\" value=\"\" \/>\n<\/fieldset>\n<p class=\"newsletter-title\" style=\"color:#606060; margin-top:14px\">Download Hand2Note GGPoker Converter\n<\/p>\n<p style=\"margin-bottom:0\">Enter your email and we'll send you download link along with the using instructions.\n<\/p>\n<p><br \/>\n<label> Your email<br \/>\n<span class=\"wpcf7-form-control-wrap\" data-name=\"your-email\"><input size=\"40\" maxlength=\"400\" class=\"wpcf7-form-control wpcf7-email wpcf7-validates-as-required wpcf7-text wpcf7-validates-as-email\" autocomplete=\"email\" aria-required=\"true\" aria-invalid=\"false\" value=\"\" type=\"email\" name=\"your-email\" \/><\/span> <\/label>\n<\/p>\n<p style=\"margin-bottom:14px\"><input class=\"wpcf7-form-control wpcf7-submit has-spinner\" type=\"submit\" value=\"Get the converter\" \/>\n<\/p><div class=\"wpcf7-response-output\" aria-hidden=\"true\"><\/div>\n<\/form>\n<\/div>\n\n\n\n\n<figure class=\"wp-block-image size-large\"><img loading=\"lazy\" decoding=\"async\" width=\"1024\" height=\"586\" src=\"http:\/\/hand2noteguide.com\/wp-content\/uploads\/2024\/10\/ggpoker-converter-new-1-min-1024x586.png\" alt=\"Hand2Note GGpoker Converter\" class=\"wp-image-8626\" srcset=\"https:\/\/hand2noteguide.com\/wp-content\/uploads\/2024\/10\/ggpoker-converter-new-1-min-1024x586.png 1024w, https:\/\/hand2noteguide.com\/wp-content\/uploads\/2024\/10\/ggpoker-converter-new-1-min-300x172.png 300w, https:\/\/hand2noteguide.com\/wp-content\/uploads\/2024\/10\/ggpoker-converter-new-1-min-768x440.png 768w, https:\/\/hand2noteguide.com\/wp-content\/uploads\/2024\/10\/ggpoker-converter-new-1-min-772x442.png 772w, https:\/\/hand2noteguide.com\/wp-content\/uploads\/2024\/10\/ggpoker-converter-new-1-min-624x357.png 624w, https:\/\/hand2noteguide.com\/wp-content\/uploads\/2024\/10\/ggpoker-converter-new-1-min.png 1534w\" sizes=\"auto, (max-width: 1024px) 100vw, 1024px\" \/><\/figure>\n\n\n\n<ul class=\"wp-block-list\">\n<li>Antes de usar o conversor, coloque todos os seus arquivos .txt de hist\u00f3rico de m\u00e3os em uma pasta espec\u00edfica.<\/li>\n\n\n\n<li>No campo &#8220;Hand History folder&#8221;, especifique sua pasta com os hist\u00f3ricos de m\u00e3os.<\/li>\n\n\n\n<li>No campo &#8220;Export to&#8221;, especifique a pasta onde voc\u00ea deseja salvar as m\u00e3os convertidas.<\/li>\n\n\n\n<li>Clique no bot\u00e3o &#8220;Start&#8221; e aguarde at\u00e9 que o processo de convers\u00e3o seja conclu\u00eddo.<\/li>\n<\/ul>\n\n\n\n<p>Pronto! Agora voc\u00ea pode carregar os hist\u00f3ricos de m\u00e3os convertidos no Hand2Note 3.<\/p>\n\n\n\n<\/div><h2 class=\"tabtitle\">Hand2Note 4<\/h2>\n<div class=\"tabcontent\">\n\n\n\n\n<p style=\"font-weight:600;font-size: 18px\">N\u00e3o \u00e9 necess\u00e1rio converter!<\/p>\n<p>No novo <a style=\"font-weight:600!important\" href=\"https:\/\/hand2noteguide.com\/pt\/hand2note-4-getting-started\/\">Hand2Note 4 Beta<\/a>, os hist\u00f3ricos de m\u00e3os do GGpoker s\u00e3o suportados nativamente. Portanto, voc\u00ea n\u00e3o precisa mais do conversor.<\/p>\n\n\n<\/div><\/div>\n\n\n\n<h2 style=\"margin-top:40px\">3. Importar e analisar<\/h2>\n\n\n\n<p>Siga nossos breves guias para importar suas m\u00e3os convertidas do GGPoker para o Hand2Note e analisar seu banco de dados de poker de forma eficiente.<\/p>\n\n\n\n<div class=\"custom-post-preview\" style=\"margin-bottom:15px\">\n\t<div class=\"custom-preview-left-image\"><a href=\"\/pt\/ggpoker-import\/\"><img decoding=\"async\" class=\"no-lightbox\" src=\"https:\/\/hand2noteguide.com\/wp-content\/uploads\/2022\/04\/image-8.png\"><\/a><\/div>\n\t<div class=\"custom-preview-right-content\">\n\t\t<p style=\"margin-top: 6px\"><a href=\"\/pt\/ggpoker-import\/\" style=\"font-size:18px;font-weight:600 !important\">Como importar m\u00e3os do GGpoker no Hand2Note<\/a><\/p>\n\t\t<p style=\"font-size: 16px;margin-bottom: 10px\">Neste artigo, consideraremos como importar hist\u00f3ricos de m\u00e3os de poker da GG Network para o Hand2Note passo a passo&#8230; <a href=\"\/pt\/ggpoker-import\/\">Leia mais \u2192<\/a><\/p>\n\t<\/div>\n<\/div>\n\n\n\n<div class=\"custom-post-preview\" style=\"clear:both\">\n\t<div class=\"custom-preview-left-image\"><a href=\"\/pt\/ggpoker-analyze\/\"><img decoding=\"async\" class=\"no-lightbox\" src=\"https:\/\/hand2noteguide.com\/wp-content\/uploads\/2022\/04\/image-11.png\"><\/a><\/div>\n\t<div class=\"custom-preview-right-content\">\n\t\t<p style=\"margin-top: 6px\"><a href=\"\/pt\/ggpoker-analyze\/\" style=\"font-size:18px;font-weight:600 !important\">An\u00e1lise do GGPoker no Hand2Note<\/a><\/p>\n\t\t<p style=\"font-size: 16px;margin-bottom: 10px\">Os hist\u00f3ricos de m\u00e3os das salas da GG Network s\u00e3o an\u00f4nimos, mas voc\u00ea ainda pode usar todos os incr\u00edveis recursos de an\u00e1lise do H2N para examinar seu jogo de todos os \u00e2ngulos poss\u00edveis&#8230; <a href=\"\/pt\/ggpoker-analyze\/\">Leia mais \u2192<\/a><\/p>\n\t<\/div>\n<\/div>\n<div style=\"clear:both\"><\/div>\n","protected":false},"excerpt":{"rendered":"<p>O HUD n\u00e3o \u00e9 permitido na rede GGPoker, mas voc\u00ea ainda pode usar Hand2Note para analisar seu pr\u00f3prio jogo e fazer a pesquisa de pool. Siga os passos a seguir para obter suas m\u00e3os no Hand2Note e come\u00e7ar a trabalhar com seu banco de dados. 1. Obtenha Hist\u00f3ricos de M\u00e3os Primeiramente, baixe seus arquivos de &hellip; <a href=\"https:\/\/hand2noteguide.com\/pt\/ggpoker-hh\/\" class=\"more-link\">Continue reading <span class=\"screen-reader-text\">Use o Hand2Note com o GGPoker<\/span><\/a><\/p>\n","protected":false},"author":1,"featured_media":0,"parent":0,"menu_order":0,"comment_status":"closed","ping_status":"closed","template":"page-templates\/full-width-page.php","meta":{"footnotes":""},"class_list":["post-4885","page","type-page","status-publish","hentry"],"translation":{"provider":"WPGlobus","version":"3.0.2","language":"pt","enabled_languages":["en","ru","pt","zh","es","fr","de","it","ja"],"languages":{"en":{"title":true,"content":true,"excerpt":false},"ru":{"title":true,"content":true,"excerpt":false},"pt":{"title":true,"content":true,"excerpt":false},"zh":{"title":true,"content":true,"excerpt":false},"es":{"title":true,"content":true,"excerpt":false},"fr":{"title":true,"content":true,"excerpt":false},"de":{"title":true,"content":true,"excerpt":false},"it":{"title":true,"content":true,"excerpt":false},"ja":{"title":true,"content":true,"excerpt":false}}},"yoast_head":"<!-- This site is optimized with the Yoast SEO plugin v27.0 - https:\/\/yoast.com\/product\/yoast-seo-wordpress\/ -->\n<title>Use o Hand2Note com a GGPoker \u2013 Converta e analise suas m\u00e3os<\/title>\n<meta name=\"description\" content=\"HUDs n\u00e3o s\u00e3o permitidos na GGPoker, mas voc\u00ea ainda pode analisar seu jogo com o Hand2Note. Aprenda a converter, importar e estudar suas m\u00e3os passo a passo.\" \/>\n<meta name=\"robots\" content=\"index, follow, max-snippet:-1, max-image-preview:large, max-video-preview:-1\" \/>\n<link rel=\"canonical\" href=\"https:\/\/hand2noteguide.com\/ggpoker-hh\/\" \/>\n<meta property=\"og:locale\" content=\"pt_PT\" \/>\n<meta property=\"og:type\" content=\"article\" \/>\n<meta property=\"og:title\" content=\"Use o Hand2Note com a GGPoker \u2013 Converta e analise suas m\u00e3os\" \/>\n<meta property=\"og:description\" content=\"HUDs n\u00e3o s\u00e3o permitidos na GGPoker, mas voc\u00ea ainda pode analisar seu jogo com o Hand2Note. Aprenda a converter, importar e estudar suas m\u00e3os passo a passo.\" \/>\n<meta property=\"og:url\" content=\"https:\/\/hand2noteguide.com\/ggpoker-hh\/\" \/>\n<meta property=\"og:site_name\" content=\"Hand2Note Guide\" \/>\n<meta property=\"article:modified_time\" content=\"2025-06-04T13:31:43+00:00\" \/>\n<meta property=\"og:image\" content=\"http:\/\/hand2noteguide.com\/wp-content\/uploads\/2024\/10\/ggpoker-converter-new-1-min-1024x586.png\" \/>\n<meta name=\"twitter:card\" content=\"summary_large_image\" \/>\n<meta name=\"twitter:label1\" content=\"Est. reading time\" \/>\n\t<meta name=\"twitter:data1\" content=\"12 minutes\" \/>\n<!-- \/ Yoast SEO plugin. -->","yoast_head_json":{"title":"Use o Hand2Note com a GGPoker \u2013 Converta e analise suas m\u00e3os","description":"HUDs n\u00e3o s\u00e3o permitidos na GGPoker, mas voc\u00ea ainda pode analisar seu jogo com o Hand2Note. Aprenda a converter, importar e estudar suas m\u00e3os passo a passo.","robots":{"index":"index","follow":"follow","max-snippet":"max-snippet:-1","max-image-preview":"max-image-preview:large","max-video-preview":"max-video-preview:-1"},"canonical":"https:\/\/hand2noteguide.com\/ggpoker-hh\/","og_locale":"pt_PT","og_type":"article","og_title":"Use o Hand2Note com a GGPoker \u2013 Converta e analise suas m\u00e3os","og_description":"HUDs n\u00e3o s\u00e3o permitidos na GGPoker, mas voc\u00ea ainda pode analisar seu jogo com o Hand2Note. Aprenda a converter, importar e estudar suas m\u00e3os passo a passo.","og_url":"https:\/\/hand2noteguide.com\/ggpoker-hh\/","og_site_name":"Hand2Note Guide","article_modified_time":"2025-06-04T13:31:43+00:00","og_image":[{"url":"http:\/\/hand2noteguide.com\/wp-content\/uploads\/2024\/10\/ggpoker-converter-new-1-min-1024x586.png","type":"","width":"","height":""}],"twitter_card":"summary_large_image","twitter_misc":{"Est. reading time":"12 minutes"},"schema":{"@context":"https:\/\/schema.org","@graph":[]}},"jetpack_sharing_enabled":true,"_links":{"self":[{"href":"https:\/\/hand2noteguide.com\/pt\/wp-json\/wp\/v2\/pages\/4885","targetHints":{"allow":["GET"]}}],"collection":[{"href":"https:\/\/hand2noteguide.com\/pt\/wp-json\/wp\/v2\/pages"}],"about":[{"href":"https:\/\/hand2noteguide.com\/pt\/wp-json\/wp\/v2\/types\/page"}],"author":[{"embeddable":true,"href":"https:\/\/hand2noteguide.com\/pt\/wp-json\/wp\/v2\/users\/1"}],"replies":[{"embeddable":true,"href":"https:\/\/hand2noteguide.com\/pt\/wp-json\/wp\/v2\/comments?post=4885"}],"version-history":[{"count":105,"href":"https:\/\/hand2noteguide.com\/pt\/wp-json\/wp\/v2\/pages\/4885\/revisions"}],"predecessor-version":[{"id":13483,"href":"https:\/\/hand2noteguide.com\/pt\/wp-json\/wp\/v2\/pages\/4885\/revisions\/13483"}],"wp:attachment":[{"href":"https:\/\/hand2noteguide.com\/pt\/wp-json\/wp\/v2\/media?parent=4885"}],"curies":[{"name":"wp","href":"https:\/\/api.w.org\/{rel}","templated":true}]}}