{"id":4923,"date":"2021-03-29T17:46:29","date_gmt":"2021-03-29T14:46:29","guid":{"rendered":"http:\/\/hand2noteguide.com\/?page_id=4923"},"modified":"2025-06-04T16:29:06","modified_gmt":"2025-06-04T13:29:06","slug":"for-schools-and-stables","status":"publish","type":"page","link":"https:\/\/hand2noteguide.com\/pt\/for-schools-and-stables\/","title":{"rendered":"Para escolas e est\u00e1bulos"},"content":{"rendered":"\n<p>Estamos felizes em oferecer condi\u00e7\u00f5es exclusivas para escolas, est\u00e1bulos e grupos de jogadores. Voc\u00ea ter\u00e1 tudo o que precisa para dominar o jogo e a an\u00e1lise com o Hand2Note a um pre\u00e7o muito bom.<\/p>\n\n\n\n<p>Nossa oferta inclui pre\u00e7os especiais para:<\/p>\n\n\n\n<h3 class=\"wp-block-heading\">1. Licen\u00e7as Hand2Note<\/h3>\n\n\n\n<p>Se voc\u00ea comprar algumas licen\u00e7as de uma vez, podemos oferecer um bom desconto junto com outros b\u00f4nus.<\/p>\n\n\n\n<h3 class=\"wp-block-heading\">2. HUD&amp;Popups profissionais<\/h3>\n\n\n\n<p>Obtenha qualquer conjunto de HUD&amp;popup da nossa <a aria-label=\"undefined (abre em uma nova aba)\" href=\"https:\/\/hand2noteguide.com\/pt\/hud-store\/\" target=\"_blank\" rel=\"noreferrer noopener\">Loja<\/a> com desconto e suporte personalizados. Como alternativa, podemos <a href=\"https:\/\/hand2noteguide.com\/pt\/hud-store\/custom-hud-order\/\" target=\"_blank\" rel=\"noreferrer noopener\">criar um pacote exclusivo<\/a> para todos os jogadores do grupo.<\/p>\n\n\n\n<h3 class=\"wp-block-heading\">3. Curso completo em v\u00eddeo<\/h3>\n\n\n\n<p>Todos os jogadores ter\u00e3o acesso a <a href=\"https:\/\/nickjames.teachable.com\/courses\/hand2note-professional-usage\/lectures\/14423550?utm_source=hand2noteguide.com&amp;utm_medium=referral&amp;utm_campaign=hand2noteguide.com\" target=\"_blank\" aria-label=\"undefined (abre em uma nova aba)\" rel=\"noreferrer noopener\">todos os v\u00eddeos<\/a> para garantir que todos usem o H2N da maneira mais eficiente.<\/p>\n\n\n\n<p><a href=\"https:\/\/hand2noteguide.com\/pt\/contact-us\/\">Entre em contato<\/a> para mais detalhes.<\/p>\n","protected":false},"excerpt":{"rendered":"<p>Estamos felizes em oferecer condi\u00e7\u00f5es exclusivas para escolas, est\u00e1bulos e grupos de jogadores. Voc\u00ea ter\u00e1 tudo o que precisa para dominar o jogo e a an\u00e1lise com o Hand2Note a um pre\u00e7o muito bom. Nossa oferta inclui pre\u00e7os especiais para: 1. Licen\u00e7as Hand2Note Se voc\u00ea comprar algumas licen\u00e7as de uma vez, podemos oferecer um bom &hellip; <a href=\"https:\/\/hand2noteguide.com\/pt\/for-schools-and-stables\/\" class=\"more-link\">Continue reading <span class=\"screen-reader-text\">Para escolas e est\u00e1bulos<\/span><\/a><\/p>\n","protected":false},"author":1,"featured_media":0,"parent":0,"menu_order":0,"comment_status":"closed","ping_status":"closed","template":"page-templates\/full-width-page.php","meta":{"footnotes":""},"class_list":["post-4923","page","type-page","status-publish","hentry"],"translation":{"provider":"WPGlobus","version":"3.0.2","language":"pt","enabled_languages":["en","ru","pt","zh","es","fr","de","it","ja"],"languages":{"en":{"title":true,"content":true,"excerpt":false},"ru":{"title":true,"content":true,"excerpt":false},"pt":{"title":true,"content":true,"excerpt":false},"zh":{"title":true,"content":true,"excerpt":false},"es":{"title":true,"content":true,"excerpt":false},"fr":{"title":true,"content":true,"excerpt":false},"de":{"title":true,"content":true,"excerpt":false},"it":{"title":true,"content":true,"excerpt":false},"ja":{"title":true,"content":true,"excerpt":false}}},"yoast_head":"<!-- This site is optimized with the Yoast SEO plugin v27.0 - https:\/\/yoast.com\/product\/yoast-seo-wordpress\/ -->\n<title>Ofertas Exclusivas para Escolas de Poker e Grupos de Jogadores<\/title>\n<meta name=\"description\" content=\"Descubra ofertas exclusivas para escolas de poker e grupos de jogadores. Obtenha licen\u00e7as Hand2Note com desconto, HUDs profissionais e um curso completo em v\u00eddeo.\" \/>\n<meta name=\"robots\" content=\"index, follow, max-snippet:-1, max-image-preview:large, max-video-preview:-1\" \/>\n<link rel=\"canonical\" href=\"https:\/\/hand2noteguide.com\/for-schools-and-stables\/\" \/>\n<meta property=\"og:locale\" content=\"pt_PT\" \/>\n<meta property=\"og:type\" content=\"article\" \/>\n<meta property=\"og:title\" content=\"Ofertas Exclusivas para Escolas de Poker e Grupos de Jogadores\" \/>\n<meta property=\"og:description\" content=\"Descubra ofertas exclusivas para escolas de poker e grupos de jogadores. Obtenha licen\u00e7as Hand2Note com desconto, HUDs profissionais e um curso completo em v\u00eddeo.\" \/>\n<meta property=\"og:url\" content=\"https:\/\/hand2noteguide.com\/for-schools-and-stables\/\" \/>\n<meta property=\"og:site_name\" content=\"Hand2Note Guide\" \/>\n<meta property=\"article:modified_time\" content=\"2025-06-04T13:29:06+00:00\" \/>\n<meta name=\"twitter:card\" content=\"summary_large_image\" \/>\n<meta name=\"twitter:label1\" content=\"Est. reading time\" \/>\n\t<meta name=\"twitter:data1\" content=\"4 minutes\" \/>\n<!-- \/ Yoast SEO plugin. -->","yoast_head_json":{"title":"Ofertas Exclusivas para Escolas de Poker e Grupos de Jogadores","description":"Descubra ofertas exclusivas para escolas de poker e grupos de jogadores. Obtenha licen\u00e7as Hand2Note com desconto, HUDs profissionais e um curso completo em v\u00eddeo.","robots":{"index":"index","follow":"follow","max-snippet":"max-snippet:-1","max-image-preview":"max-image-preview:large","max-video-preview":"max-video-preview:-1"},"canonical":"https:\/\/hand2noteguide.com\/for-schools-and-stables\/","og_locale":"pt_PT","og_type":"article","og_title":"Ofertas Exclusivas para Escolas de Poker e Grupos de Jogadores","og_description":"Descubra ofertas exclusivas para escolas de poker e grupos de jogadores. Obtenha licen\u00e7as Hand2Note com desconto, HUDs profissionais e um curso completo em v\u00eddeo.","og_url":"https:\/\/hand2noteguide.com\/for-schools-and-stables\/","og_site_name":"Hand2Note Guide","article_modified_time":"2025-06-04T13:29:06+00:00","twitter_card":"summary_large_image","twitter_misc":{"Est. reading time":"4 minutes"},"schema":{"@context":"https:\/\/schema.org","@graph":[]}},"jetpack_sharing_enabled":true,"_links":{"self":[{"href":"https:\/\/hand2noteguide.com\/pt\/wp-json\/wp\/v2\/pages\/4923","targetHints":{"allow":["GET"]}}],"collection":[{"href":"https:\/\/hand2noteguide.com\/pt\/wp-json\/wp\/v2\/pages"}],"about":[{"href":"https:\/\/hand2noteguide.com\/pt\/wp-json\/wp\/v2\/types\/page"}],"author":[{"embeddable":true,"href":"https:\/\/hand2noteguide.com\/pt\/wp-json\/wp\/v2\/users\/1"}],"replies":[{"embeddable":true,"href":"https:\/\/hand2noteguide.com\/pt\/wp-json\/wp\/v2\/comments?post=4923"}],"version-history":[{"count":17,"href":"https:\/\/hand2noteguide.com\/pt\/wp-json\/wp\/v2\/pages\/4923\/revisions"}],"predecessor-version":[{"id":13480,"href":"https:\/\/hand2noteguide.com\/pt\/wp-json\/wp\/v2\/pages\/4923\/revisions\/13480"}],"wp:attachment":[{"href":"https:\/\/hand2noteguide.com\/pt\/wp-json\/wp\/v2\/media?parent=4923"}],"curies":[{"name":"wp","href":"https:\/\/api.w.org\/{rel}","templated":true}]}}