{"id":5211,"date":"2021-08-13T00:28:39","date_gmt":"2021-08-12T21:28:39","guid":{"rendered":"http:\/\/hand2noteguide.com\/?page_id=5211"},"modified":"2025-06-04T16:19:39","modified_gmt":"2025-06-04T13:19:39","slug":"tank-hud","status":"publish","type":"page","link":"https:\/\/hand2noteguide.com\/pt\/hud-store\/tank-hud\/","title":{"rendered":"TANK HUD"},"content":{"rendered":"\r\n<p>O pacote TANK HUD e popups cont\u00e9m:<\/p>\r\n\r\n\r\n\r\n<ul class=\"wp-block-list\"><li>4 diferentes HUDs est\u00e1ticos &#8211; voc\u00ea escolhe qual deseja usar &#8211; HUD simples ou avan\u00e7ado;<\/li><li>11 popups p\u00f3s-flop com estat\u00edsticas avan\u00e7adas;<\/li><li>inclui estat\u00edsticas de texturas de bordo;<\/li><li>popups p\u00f3s-flop para situa\u00e7\u00f5es comuns BTN vs BB, SB vs BB etc;<\/li><li>estat\u00edsticas simples para multiways.<\/li><\/ul>\r\n\r\n\r\n\r\n<div style=\"margin-bottom:10px\">\r\n        \r\n        \r\n            \r\n            \r\n            \r\n            \r\n            \r\n            \r\n            \r\n            \r\n            \r\n\r\n            <a class=\"button\" href=\"https:\/\/store.hand2noteguide.com\/checkout\/?add-to-cart=75\" style=\"margin-left:0 !important;background-color:#26a95e;border-radius:15px;margin-left:6px;color:#fff\" rel=\"noopener noreferrer\">COMPRAR POR $139<\/a> <span class=\"store-license-info\">(Licen\u00e7a vital\u00edcia ilimitada)<\/span>\r\n\r\n         \r\n    <\/div>\r\n\r\n\r\n<div class=\"responsive-tabs\">\n<h2 class=\"tabtitle\">HUD<\/h2>\n<div class=\"tabcontent\">\n\n\r\n\r\n\r\n<figure class=\"wp-block-image size-large\"><img loading=\"lazy\" decoding=\"async\" width=\"1024\" height=\"364\" src=\"https:\/\/hand2noteguide.com\/wp-content\/uploads\/2020\/08\/hud1-1024x364.png\" alt=\"\" class=\"wp-image-3584\" srcset=\"https:\/\/hand2noteguide.com\/wp-content\/uploads\/2020\/08\/hud1-1024x364.png 1024w, https:\/\/hand2noteguide.com\/wp-content\/uploads\/2020\/08\/hud1-300x107.png 300w, https:\/\/hand2noteguide.com\/wp-content\/uploads\/2020\/08\/hud1-768x273.png 768w, https:\/\/hand2noteguide.com\/wp-content\/uploads\/2020\/08\/hud1-772x274.png 772w, https:\/\/hand2noteguide.com\/wp-content\/uploads\/2020\/08\/hud1-624x222.png 624w, https:\/\/hand2noteguide.com\/wp-content\/uploads\/2020\/08\/hud1.png 1383w\" sizes=\"auto, (max-width: 1024px) 100vw, 1024px\" \/><figcaption>HUD avan\u00e7ado com abas<\/figcaption><\/figure>\r\n\r\n\r\n\r\n<figure class=\"wp-block-image size-large\"><img loading=\"lazy\" decoding=\"async\" width=\"1024\" height=\"276\" src=\"https:\/\/hand2noteguide.com\/wp-content\/uploads\/2020\/08\/hud2-1024x276.png\" alt=\"\" class=\"wp-image-3585\" srcset=\"https:\/\/hand2noteguide.com\/wp-content\/uploads\/2020\/08\/hud2-1024x276.png 1024w, https:\/\/hand2noteguide.com\/wp-content\/uploads\/2020\/08\/hud2-300x81.png 300w, https:\/\/hand2noteguide.com\/wp-content\/uploads\/2020\/08\/hud2-768x207.png 768w, https:\/\/hand2noteguide.com\/wp-content\/uploads\/2020\/08\/hud2-1536x414.png 1536w, https:\/\/hand2noteguide.com\/wp-content\/uploads\/2020\/08\/hud2-772x208.png 772w, https:\/\/hand2noteguide.com\/wp-content\/uploads\/2020\/08\/hud2-624x168.png 624w, https:\/\/hand2noteguide.com\/wp-content\/uploads\/2020\/08\/hud2.png 1622w\" sizes=\"auto, (max-width: 1024px) 100vw, 1024px\" \/><figcaption>HUD avan\u00e7ado sem abas<\/figcaption><\/figure>\r\n\r\n\r\n\r\n<figure class=\"wp-block-image size-large\"><img loading=\"lazy\" decoding=\"async\" width=\"975\" height=\"348\" src=\"https:\/\/hand2noteguide.com\/wp-content\/uploads\/2020\/08\/hud3.png\" alt=\"\" class=\"wp-image-3586\" srcset=\"https:\/\/hand2noteguide.com\/wp-content\/uploads\/2020\/08\/hud3.png 975w, https:\/\/hand2noteguide.com\/wp-content\/uploads\/2020\/08\/hud3-300x107.png 300w, https:\/\/hand2noteguide.com\/wp-content\/uploads\/2020\/08\/hud3-768x274.png 768w, https:\/\/hand2noteguide.com\/wp-content\/uploads\/2020\/08\/hud3-772x276.png 772w, https:\/\/hand2noteguide.com\/wp-content\/uploads\/2020\/08\/hud3-624x223.png 624w\" sizes=\"auto, (max-width: 975px) 100vw, 975px\" \/><figcaption>HUDs padr\u00e3o, simples e Hero<\/figcaption><\/figure>\r\n\r\n\r\n\r\n<figure class=\"wp-block-image size-large\"><img loading=\"lazy\" decoding=\"async\" width=\"1024\" height=\"712\" src=\"https:\/\/hand2noteguide.com\/wp-content\/uploads\/2020\/08\/hud4-1024x712.png\" alt=\"\" class=\"wp-image-3587\" srcset=\"https:\/\/hand2noteguide.com\/wp-content\/uploads\/2020\/08\/hud4-1024x712.png 1024w, https:\/\/hand2noteguide.com\/wp-content\/uploads\/2020\/08\/hud4-300x209.png 300w, https:\/\/hand2noteguide.com\/wp-content\/uploads\/2020\/08\/hud4-768x534.png 768w, https:\/\/hand2noteguide.com\/wp-content\/uploads\/2020\/08\/hud4-772x537.png 772w, https:\/\/hand2noteguide.com\/wp-content\/uploads\/2020\/08\/hud4-624x434.png 624w, https:\/\/hand2noteguide.com\/wp-content\/uploads\/2020\/08\/hud4.png 1197w\" sizes=\"auto, (max-width: 1024px) 100vw, 1024px\" \/><figcaption>Na mesa<\/figcaption><\/figure>\r\n\r\n\r\n\n<\/div><h2 class=\"tabtitle\">Popups<\/h2>\n<div class=\"tabcontent\">\n\n\r\n\r\n\r\n<figure class=\"wp-block-gallery columns-3 is-cropped wp-block-gallery-1 is-layout-flex wp-block-gallery-is-layout-flex\"><ul class=\"blocks-gallery-grid\"><li class=\"blocks-gallery-item\"><figure><img loading=\"lazy\" decoding=\"async\" width=\"508\" height=\"653\" src=\"https:\/\/hand2noteguide.com\/wp-content\/uploads\/2020\/08\/1-preflop.png\" alt=\"\" data-id=\"3588\" data-full-url=\"https:\/\/hand2noteguide.com\/wp-content\/uploads\/2020\/08\/1-preflop.png\" data-link=\"https:\/\/hand2noteguide.com\/pt\/1-preflop-2\/\" class=\"wp-image-3588\" srcset=\"https:\/\/hand2noteguide.com\/wp-content\/uploads\/2020\/08\/1-preflop.png 508w, https:\/\/hand2noteguide.com\/wp-content\/uploads\/2020\/08\/1-preflop-233x300.png 233w, https:\/\/hand2noteguide.com\/wp-content\/uploads\/2020\/08\/1-preflop-485x624.png 485w\" sizes=\"auto, (max-width: 508px) 100vw, 508px\" \/><figcaption class=\"blocks-gallery-item__caption\">Preflop<\/figcaption><\/figure><\/li><li class=\"blocks-gallery-item\"><figure><img loading=\"lazy\" decoding=\"async\" width=\"776\" height=\"808\" src=\"https:\/\/hand2noteguide.com\/wp-content\/uploads\/2020\/08\/2-3b-and-call.png\" alt=\"\" data-id=\"3589\" data-full-url=\"https:\/\/hand2noteguide.com\/wp-content\/uploads\/2020\/08\/2-3b-and-call.png\" data-link=\"https:\/\/hand2noteguide.com\/pt\/2-3b-and-call\/\" class=\"wp-image-3589\" srcset=\"https:\/\/hand2noteguide.com\/wp-content\/uploads\/2020\/08\/2-3b-and-call.png 776w, https:\/\/hand2noteguide.com\/wp-content\/uploads\/2020\/08\/2-3b-and-call-288x300.png 288w, https:\/\/hand2noteguide.com\/wp-content\/uploads\/2020\/08\/2-3b-and-call-768x800.png 768w, https:\/\/hand2noteguide.com\/wp-content\/uploads\/2020\/08\/2-3b-and-call-772x804.png 772w, https:\/\/hand2noteguide.com\/wp-content\/uploads\/2020\/08\/2-3b-and-call-599x624.png 599w\" sizes=\"auto, (max-width: 776px) 100vw, 776px\" \/><figcaption class=\"blocks-gallery-item__caption\">3Bet e Call<\/figcaption><\/figure><\/li><li class=\"blocks-gallery-item\"><figure><img loading=\"lazy\" decoding=\"async\" width=\"595\" height=\"986\" src=\"https:\/\/hand2noteguide.com\/wp-content\/uploads\/2020\/08\/3a-OOP-PFR.png\" alt=\"\" data-id=\"3590\" data-full-url=\"https:\/\/hand2noteguide.com\/wp-content\/uploads\/2020\/08\/3a-OOP-PFR.png\" data-link=\"https:\/\/hand2noteguide.com\/pt\/3a-oop-pfr\/\" class=\"wp-image-3590\" srcset=\"https:\/\/hand2noteguide.com\/wp-content\/uploads\/2020\/08\/3a-OOP-PFR.png 595w, https:\/\/hand2noteguide.com\/wp-content\/uploads\/2020\/08\/3a-OOP-PFR-181x300.png 181w, https:\/\/hand2noteguide.com\/wp-content\/uploads\/2020\/08\/3a-OOP-PFR-377x624.png 377w\" sizes=\"auto, (max-width: 595px) 100vw, 595px\" \/><figcaption class=\"blocks-gallery-item__caption\">PFR OOP<\/figcaption><\/figure><\/li><li class=\"blocks-gallery-item\"><figure><img loading=\"lazy\" decoding=\"async\" width=\"622\" height=\"1029\" src=\"https:\/\/hand2noteguide.com\/wp-content\/uploads\/2020\/08\/3b-OOP-3BETTOR.png\" alt=\"\" data-id=\"3591\" data-full-url=\"https:\/\/hand2noteguide.com\/wp-content\/uploads\/2020\/08\/3b-OOP-3BETTOR.png\" data-link=\"https:\/\/hand2noteguide.com\/pt\/3b-oop-3bettor\/\" class=\"wp-image-3591\" srcset=\"https:\/\/hand2noteguide.com\/wp-content\/uploads\/2020\/08\/3b-OOP-3BETTOR.png 622w, https:\/\/hand2noteguide.com\/wp-content\/uploads\/2020\/08\/3b-OOP-3BETTOR-181x300.png 181w, https:\/\/hand2noteguide.com\/wp-content\/uploads\/2020\/08\/3b-OOP-3BETTOR-619x1024.png 619w, https:\/\/hand2noteguide.com\/wp-content\/uploads\/2020\/08\/3b-OOP-3BETTOR-377x624.png 377w\" sizes=\"auto, (max-width: 622px) 100vw, 622px\" \/><figcaption class=\"blocks-gallery-item__caption\">3Bettor OOP<\/figcaption><\/figure><\/li><li class=\"blocks-gallery-item\"><figure><img loading=\"lazy\" decoding=\"async\" width=\"585\" height=\"964\" src=\"https:\/\/hand2noteguide.com\/wp-content\/uploads\/2020\/08\/4a-IP-PFR.png\" alt=\"\" data-id=\"3592\" data-full-url=\"https:\/\/hand2noteguide.com\/wp-content\/uploads\/2020\/08\/4a-IP-PFR.png\" data-link=\"https:\/\/hand2noteguide.com\/pt\/4a-ip-pfr\/\" class=\"wp-image-3592\" srcset=\"https:\/\/hand2noteguide.com\/wp-content\/uploads\/2020\/08\/4a-IP-PFR.png 585w, https:\/\/hand2noteguide.com\/wp-content\/uploads\/2020\/08\/4a-IP-PFR-182x300.png 182w, https:\/\/hand2noteguide.com\/wp-content\/uploads\/2020\/08\/4a-IP-PFR-379x624.png 379w\" sizes=\"auto, (max-width: 585px) 100vw, 585px\" \/><figcaption class=\"blocks-gallery-item__caption\">PFR IP<\/figcaption><\/figure><\/li><li class=\"blocks-gallery-item\"><figure><img loading=\"lazy\" decoding=\"async\" width=\"600\" height=\"1042\" src=\"https:\/\/hand2noteguide.com\/wp-content\/uploads\/2020\/08\/4b-IP-3BETTOR.png\" alt=\"\" data-id=\"3593\" data-full-url=\"https:\/\/hand2noteguide.com\/wp-content\/uploads\/2020\/08\/4b-IP-3BETTOR.png\" data-link=\"https:\/\/hand2noteguide.com\/pt\/4b-ip-3bettor\/\" class=\"wp-image-3593\" srcset=\"https:\/\/hand2noteguide.com\/wp-content\/uploads\/2020\/08\/4b-IP-3BETTOR.png 600w, https:\/\/hand2noteguide.com\/wp-content\/uploads\/2020\/08\/4b-IP-3BETTOR-173x300.png 173w, https:\/\/hand2noteguide.com\/wp-content\/uploads\/2020\/08\/4b-IP-3BETTOR-590x1024.png 590w, https:\/\/hand2noteguide.com\/wp-content\/uploads\/2020\/08\/4b-IP-3BETTOR-359x624.png 359w\" sizes=\"auto, (max-width: 600px) 100vw, 600px\" \/><figcaption class=\"blocks-gallery-item__caption\">3Bettor IP<\/figcaption><\/figure><\/li><li class=\"blocks-gallery-item\"><figure><img loading=\"lazy\" decoding=\"async\" width=\"589\" height=\"1001\" src=\"https:\/\/hand2noteguide.com\/wp-content\/uploads\/2020\/08\/5a-OOP-Caller.png\" alt=\"\" data-id=\"3594\" data-full-url=\"https:\/\/hand2noteguide.com\/wp-content\/uploads\/2020\/08\/5a-OOP-Caller.png\" data-link=\"https:\/\/hand2noteguide.com\/pt\/5a-oop-caller\/\" class=\"wp-image-3594\" srcset=\"https:\/\/hand2noteguide.com\/wp-content\/uploads\/2020\/08\/5a-OOP-Caller.png 589w, https:\/\/hand2noteguide.com\/wp-content\/uploads\/2020\/08\/5a-OOP-Caller-177x300.png 177w, https:\/\/hand2noteguide.com\/wp-content\/uploads\/2020\/08\/5a-OOP-Caller-367x624.png 367w\" sizes=\"auto, (max-width: 589px) 100vw, 589px\" \/><figcaption class=\"blocks-gallery-item__caption\">Caller OOP<\/figcaption><\/figure><\/li><li class=\"blocks-gallery-item\"><figure><img loading=\"lazy\" decoding=\"async\" width=\"573\" height=\"985\" src=\"https:\/\/hand2noteguide.com\/wp-content\/uploads\/2020\/08\/5b-OOP-3bcaller.png\" alt=\"\" data-id=\"3595\" data-full-url=\"https:\/\/hand2noteguide.com\/wp-content\/uploads\/2020\/08\/5b-OOP-3bcaller.png\" data-link=\"https:\/\/hand2noteguide.com\/pt\/5b-oop-3bcaller\/\" class=\"wp-image-3595\" srcset=\"https:\/\/hand2noteguide.com\/wp-content\/uploads\/2020\/08\/5b-OOP-3bcaller.png 573w, https:\/\/hand2noteguide.com\/wp-content\/uploads\/2020\/08\/5b-OOP-3bcaller-175x300.png 175w, https:\/\/hand2noteguide.com\/wp-content\/uploads\/2020\/08\/5b-OOP-3bcaller-363x624.png 363w\" sizes=\"auto, (max-width: 573px) 100vw, 573px\" \/><figcaption class=\"blocks-gallery-item__caption\">3Bet Caller OOP<\/figcaption><\/figure><\/li><li class=\"blocks-gallery-item\"><figure><img loading=\"lazy\" decoding=\"async\" width=\"546\" height=\"955\" src=\"https:\/\/hand2noteguide.com\/wp-content\/uploads\/2020\/08\/6a-IP-Caller.png\" alt=\"\" data-id=\"3596\" data-full-url=\"https:\/\/hand2noteguide.com\/wp-content\/uploads\/2020\/08\/6a-IP-Caller.png\" data-link=\"https:\/\/hand2noteguide.com\/pt\/6a-ip-caller\/\" class=\"wp-image-3596\" srcset=\"https:\/\/hand2noteguide.com\/wp-content\/uploads\/2020\/08\/6a-IP-Caller.png 546w, https:\/\/hand2noteguide.com\/wp-content\/uploads\/2020\/08\/6a-IP-Caller-172x300.png 172w, https:\/\/hand2noteguide.com\/wp-content\/uploads\/2020\/08\/6a-IP-Caller-357x624.png 357w\" sizes=\"auto, (max-width: 546px) 100vw, 546px\" \/><figcaption class=\"blocks-gallery-item__caption\">Caller IP<\/figcaption><\/figure><\/li><li class=\"blocks-gallery-item\"><figure><img loading=\"lazy\" decoding=\"async\" width=\"556\" height=\"969\" src=\"https:\/\/hand2noteguide.com\/wp-content\/uploads\/2020\/08\/6b-IP-3bcaller.png\" alt=\"\" data-id=\"3597\" data-full-url=\"https:\/\/hand2noteguide.com\/wp-content\/uploads\/2020\/08\/6b-IP-3bcaller.png\" data-link=\"https:\/\/hand2noteguide.com\/pt\/6b-ip-3bcaller\/\" class=\"wp-image-3597\" srcset=\"https:\/\/hand2noteguide.com\/wp-content\/uploads\/2020\/08\/6b-IP-3bcaller.png 556w, https:\/\/hand2noteguide.com\/wp-content\/uploads\/2020\/08\/6b-IP-3bcaller-172x300.png 172w, https:\/\/hand2noteguide.com\/wp-content\/uploads\/2020\/08\/6b-IP-3bcaller-358x624.png 358w\" sizes=\"auto, (max-width: 556px) 100vw, 556px\" \/><figcaption class=\"blocks-gallery-item__caption\">3Bet Caller IP<\/figcaption><\/figure><\/li><li class=\"blocks-gallery-item\"><figure><img loading=\"lazy\" decoding=\"async\" width=\"669\" height=\"488\" src=\"https:\/\/hand2noteguide.com\/wp-content\/uploads\/2020\/08\/7-4bettor-and-4bcaller.png\" alt=\"\" data-id=\"3598\" data-full-url=\"https:\/\/hand2noteguide.com\/wp-content\/uploads\/2020\/08\/7-4bettor-and-4bcaller.png\" data-link=\"https:\/\/hand2noteguide.com\/pt\/7-4bettor-and-4bcaller\/\" class=\"wp-image-3598\" srcset=\"https:\/\/hand2noteguide.com\/wp-content\/uploads\/2020\/08\/7-4bettor-and-4bcaller.png 669w, https:\/\/hand2noteguide.com\/wp-content\/uploads\/2020\/08\/7-4bettor-and-4bcaller-300x219.png 300w, https:\/\/hand2noteguide.com\/wp-content\/uploads\/2020\/08\/7-4bettor-and-4bcaller-624x455.png 624w\" sizes=\"auto, (max-width: 669px) 100vw, 669px\" \/><figcaption class=\"blocks-gallery-item__caption\">4Bettor &amp; 4Bet Caller<\/figcaption><\/figure><\/li><\/ul><\/figure>\r\n\r\n\r\n<\/div><\/div>\n","protected":false},"excerpt":{"rendered":"<p>O pacote TANK HUD e popups cont\u00e9m: 4 diferentes HUDs est\u00e1ticos &#8211; voc\u00ea escolhe qual deseja usar &#8211; HUD simples ou avan\u00e7ado; 11 popups p\u00f3s-flop com estat\u00edsticas avan\u00e7adas; inclui estat\u00edsticas de texturas de bordo; popups p\u00f3s-flop para situa\u00e7\u00f5es comuns BTN vs BB, SB vs BB etc; estat\u00edsticas simples para multiways. COMPRAR POR $139 (Licen\u00e7a vital\u00edcia &hellip; <a href=\"https:\/\/hand2noteguide.com\/pt\/hud-store\/tank-hud\/\" class=\"more-link\">Continue reading <span class=\"screen-reader-text\">TANK HUD<\/span><\/a><\/p>\n","protected":false},"author":1,"featured_media":0,"parent":4640,"menu_order":0,"comment_status":"closed","ping_status":"closed","template":"page-templates\/full-width-page.php","meta":{"footnotes":""},"class_list":["post-5211","page","type-page","status-publish","hentry"],"translation":{"provider":"WPGlobus","version":"3.0.2","language":"pt","enabled_languages":["en","ru","pt","zh","es","fr","de","it","ja"],"languages":{"en":{"title":true,"content":true,"excerpt":false},"ru":{"title":true,"content":false,"excerpt":false},"pt":{"title":true,"content":true,"excerpt":false},"zh":{"title":true,"content":true,"excerpt":false},"es":{"title":true,"content":true,"excerpt":false},"fr":{"title":true,"content":true,"excerpt":false},"de":{"title":true,"content":true,"excerpt":false},"it":{"title":true,"content":true,"excerpt":false},"ja":{"title":true,"content":true,"excerpt":false}}},"yoast_head":"<!-- This site is optimized with the Yoast SEO plugin v27.0 - https:\/\/yoast.com\/product\/yoast-seo-wordpress\/ -->\n<title>TANK HUD \u2013 Loja de Poker HUD Hand2Note<\/title>\n<meta name=\"description\" content=\"Descubra o TANK HUD, um pacote completo de HUD para poker no Hand2Note. Inclui 4 HUDs est\u00e1ticos, 11 popups avan\u00e7ados e estat\u00edsticas de texturas de bordo.\" \/>\n<meta name=\"robots\" content=\"index, follow, max-snippet:-1, max-image-preview:large, max-video-preview:-1\" \/>\n<link rel=\"canonical\" href=\"https:\/\/hand2noteguide.com\/hud-store\/tank-hud\/\" \/>\n<meta property=\"og:locale\" content=\"pt_PT\" \/>\n<meta property=\"og:type\" content=\"article\" \/>\n<meta property=\"og:title\" content=\"TANK HUD \u2013 Loja de Poker HUD Hand2Note\" \/>\n<meta property=\"og:description\" content=\"Descubra o TANK HUD, um pacote completo de HUD para poker no Hand2Note. Inclui 4 HUDs est\u00e1ticos, 11 popups avan\u00e7ados e estat\u00edsticas de texturas de bordo.\" \/>\n<meta property=\"og:url\" content=\"https:\/\/hand2noteguide.com\/hud-store\/tank-hud\/\" \/>\n<meta property=\"og:site_name\" content=\"Hand2Note Guide\" \/>\n<meta property=\"article:modified_time\" content=\"2025-06-04T13:19:39+00:00\" \/>\n<meta property=\"og:image\" content=\"https:\/\/hand2noteguide.com\/wp-content\/uploads\/2020\/08\/hud1-1024x364.png\" \/>\n<meta name=\"twitter:card\" content=\"summary_large_image\" \/>\n<meta name=\"twitter:label1\" content=\"Est. reading time\" \/>\n\t<meta name=\"twitter:data1\" content=\"4 minutes\" \/>\n<!-- \/ Yoast SEO plugin. -->","yoast_head_json":{"title":"TANK HUD \u2013 Loja de Poker HUD Hand2Note","description":"Descubra o TANK HUD, um pacote completo de HUD para poker no Hand2Note. Inclui 4 HUDs est\u00e1ticos, 11 popups avan\u00e7ados e estat\u00edsticas de texturas de bordo.","robots":{"index":"index","follow":"follow","max-snippet":"max-snippet:-1","max-image-preview":"max-image-preview:large","max-video-preview":"max-video-preview:-1"},"canonical":"https:\/\/hand2noteguide.com\/hud-store\/tank-hud\/","og_locale":"pt_PT","og_type":"article","og_title":"TANK HUD \u2013 Loja de Poker HUD Hand2Note","og_description":"Descubra o TANK HUD, um pacote completo de HUD para poker no Hand2Note. Inclui 4 HUDs est\u00e1ticos, 11 popups avan\u00e7ados e estat\u00edsticas de texturas de bordo.","og_url":"https:\/\/hand2noteguide.com\/hud-store\/tank-hud\/","og_site_name":"Hand2Note Guide","article_modified_time":"2025-06-04T13:19:39+00:00","og_image":[{"url":"https:\/\/hand2noteguide.com\/wp-content\/uploads\/2020\/08\/hud1-1024x364.png","type":"","width":"","height":""}],"twitter_card":"summary_large_image","twitter_misc":{"Est. reading time":"4 minutes"},"schema":{"@context":"https:\/\/schema.org","@graph":[]}},"jetpack_sharing_enabled":true,"_links":{"self":[{"href":"https:\/\/hand2noteguide.com\/pt\/wp-json\/wp\/v2\/pages\/5211","targetHints":{"allow":["GET"]}}],"collection":[{"href":"https:\/\/hand2noteguide.com\/pt\/wp-json\/wp\/v2\/pages"}],"about":[{"href":"https:\/\/hand2noteguide.com\/pt\/wp-json\/wp\/v2\/types\/page"}],"author":[{"embeddable":true,"href":"https:\/\/hand2noteguide.com\/pt\/wp-json\/wp\/v2\/users\/1"}],"replies":[{"embeddable":true,"href":"https:\/\/hand2noteguide.com\/pt\/wp-json\/wp\/v2\/comments?post=5211"}],"version-history":[{"count":11,"href":"https:\/\/hand2noteguide.com\/pt\/wp-json\/wp\/v2\/pages\/5211\/revisions"}],"predecessor-version":[{"id":13474,"href":"https:\/\/hand2noteguide.com\/pt\/wp-json\/wp\/v2\/pages\/5211\/revisions\/13474"}],"up":[{"embeddable":true,"href":"https:\/\/hand2noteguide.com\/pt\/wp-json\/wp\/v2\/pages\/4640"}],"wp:attachment":[{"href":"https:\/\/hand2noteguide.com\/pt\/wp-json\/wp\/v2\/media?parent=5211"}],"curies":[{"name":"wp","href":"https:\/\/api.w.org\/{rel}","templated":true}]}}