{"id":5220,"date":"2021-08-13T20:13:53","date_gmt":"2021-08-13T17:13:53","guid":{"rendered":"http:\/\/hand2noteguide.com\/?page_id=5220"},"modified":"2025-06-04T16:17:32","modified_gmt":"2025-06-04T13:17:32","slug":"tank-asia-hud","status":"publish","type":"page","link":"https:\/\/hand2noteguide.com\/pt\/hud-store\/tank-asia-hud\/","title":{"rendered":"TANK ASIA HUD"},"content":{"rendered":"\r\n<p>HUD simples e eficaz para aplicativos asi\u00e1ticos como <a href=\"\/pt\/pppoker-hud\/\">PPPoker<\/a>. TANK HUD funciona bem para mesas com e sem straddle.<\/p>\r\n\r\n\r\n\r\n<p>9 popups simples funcionando para todos os CEN\u00c1RIOS MULTIWAY POSTFLOP.<br>Popups de Preflop com 2 vers\u00f5es:<\/p>\r\n\r\n\r\n\r\n<ul class=\"wp-block-list\"><li>m\u00e3o com straddle;<\/li><li>m\u00e3o sem straddle.<\/li><\/ul>\r\n\r\n\r\n\r\n<div style=\"margin-bottom:10px\">\r\n        \r\n        \r\n            \r\n            \r\n            \r\n            \r\n            \r\n            \r\n            \r\n            \r\n            \r\n\r\n            <a class=\"button\" href=\"https:\/\/store.hand2noteguide.com\/checkout\/?add-to-cart=79\" style=\"margin-left:0 !important;background-color:#26a95e;border-radius:15px;margin-left:6px;color:#fff\" rel=\"noopener noreferrer\">COMPRAR POR $129<\/a> <span class=\"store-license-info\">(Licen\u00e7a vital\u00edcia ilimitada)<\/span>\r\n\r\n         \r\n    <\/div>\r\n\r\n\r\n<div class=\"responsive-tabs\">\n<h2 class=\"tabtitle\">Popups<\/h2>\n<div class=\"tabcontent\">\n\n\r\n\r\n\r\n<figure class=\"wp-block-gallery columns-3 is-cropped wp-block-gallery-1 is-layout-flex wp-block-gallery-is-layout-flex\"><ul class=\"blocks-gallery-grid\"><li class=\"blocks-gallery-item\"><figure><img loading=\"lazy\" decoding=\"async\" width=\"475\" height=\"782\" src=\"https:\/\/hand2noteguide.com\/wp-content\/uploads\/2020\/11\/5-popup.png\" alt=\"\" data-id=\"4283\" data-full-url=\"http:\/\/hand2noteguide.com\/wp-content\/uploads\/2020\/11\/5-popup.png\" data-link=\"http:\/\/hand2noteguide.com\/?attachment_id=4283\" class=\"wp-image-4283\" srcset=\"https:\/\/hand2noteguide.com\/wp-content\/uploads\/2020\/11\/5-popup.png 475w, https:\/\/hand2noteguide.com\/wp-content\/uploads\/2020\/11\/5-popup-182x300.png 182w, https:\/\/hand2noteguide.com\/wp-content\/uploads\/2020\/11\/5-popup-379x624.png 379w\" sizes=\"auto, (max-width: 475px) 100vw, 475px\" \/><figcaption class=\"blocks-gallery-item__caption\">Geral<\/figcaption><\/figure><\/li><li class=\"blocks-gallery-item\"><figure><img loading=\"lazy\" decoding=\"async\" width=\"764\" height=\"956\" src=\"https:\/\/hand2noteguide.com\/wp-content\/uploads\/2020\/11\/6-popup.png\" alt=\"\" data-id=\"4284\" data-full-url=\"http:\/\/hand2noteguide.com\/wp-content\/uploads\/2020\/11\/6-popup.png\" data-link=\"http:\/\/hand2noteguide.com\/?attachment_id=4284\" class=\"wp-image-4284\" srcset=\"https:\/\/hand2noteguide.com\/wp-content\/uploads\/2020\/11\/6-popup.png 764w, https:\/\/hand2noteguide.com\/wp-content\/uploads\/2020\/11\/6-popup-240x300.png 240w, https:\/\/hand2noteguide.com\/wp-content\/uploads\/2020\/11\/6-popup-499x624.png 499w\" sizes=\"auto, (max-width: 764px) 100vw, 764px\" \/><figcaption class=\"blocks-gallery-item__caption\">SRP<\/figcaption><\/figure><\/li><li class=\"blocks-gallery-item\"><figure><img loading=\"lazy\" decoding=\"async\" width=\"817\" height=\"869\" src=\"https:\/\/hand2noteguide.com\/wp-content\/uploads\/2020\/11\/7-popup.png\" alt=\"\" data-id=\"4285\" data-full-url=\"http:\/\/hand2noteguide.com\/wp-content\/uploads\/2020\/11\/7-popup.png\" data-link=\"http:\/\/hand2noteguide.com\/?attachment_id=4285\" class=\"wp-image-4285\" srcset=\"https:\/\/hand2noteguide.com\/wp-content\/uploads\/2020\/11\/7-popup.png 817w, https:\/\/hand2noteguide.com\/wp-content\/uploads\/2020\/11\/7-popup-282x300.png 282w, https:\/\/hand2noteguide.com\/wp-content\/uploads\/2020\/11\/7-popup-768x817.png 768w, https:\/\/hand2noteguide.com\/wp-content\/uploads\/2020\/11\/7-popup-772x821.png 772w, https:\/\/hand2noteguide.com\/wp-content\/uploads\/2020\/11\/7-popup-587x624.png 587w\" sizes=\"auto, (max-width: 817px) 100vw, 817px\" \/><figcaption class=\"blocks-gallery-item__caption\">Potes de 3bet<\/figcaption><\/figure><\/li><li class=\"blocks-gallery-item\"><figure><img loading=\"lazy\" decoding=\"async\" width=\"789\" height=\"642\" src=\"https:\/\/hand2noteguide.com\/wp-content\/uploads\/2020\/11\/1-popup.png\" alt=\"\" data-id=\"4279\" data-full-url=\"http:\/\/hand2noteguide.com\/wp-content\/uploads\/2020\/11\/1-popup.png\" data-link=\"http:\/\/hand2noteguide.com\/?attachment_id=4279\" class=\"wp-image-4279\" srcset=\"https:\/\/hand2noteguide.com\/wp-content\/uploads\/2020\/11\/1-popup.png 789w, https:\/\/hand2noteguide.com\/wp-content\/uploads\/2020\/11\/1-popup-300x244.png 300w, https:\/\/hand2noteguide.com\/wp-content\/uploads\/2020\/11\/1-popup-768x625.png 768w, https:\/\/hand2noteguide.com\/wp-content\/uploads\/2020\/11\/1-popup-772x628.png 772w, https:\/\/hand2noteguide.com\/wp-content\/uploads\/2020\/11\/1-popup-624x508.png 624w\" sizes=\"auto, (max-width: 789px) 100vw, 789px\" \/><figcaption class=\"blocks-gallery-item__caption\">Preflop [Jogo com Straddle]<\/figcaption><\/figure><\/li><li class=\"blocks-gallery-item\"><figure><img loading=\"lazy\" decoding=\"async\" width=\"601\" height=\"659\" src=\"https:\/\/hand2noteguide.com\/wp-content\/uploads\/2020\/11\/2-popup.png\" alt=\"\" data-id=\"4280\" data-full-url=\"http:\/\/hand2noteguide.com\/wp-content\/uploads\/2020\/11\/2-popup.png\" data-link=\"http:\/\/hand2noteguide.com\/?attachment_id=4280\" class=\"wp-image-4280\" srcset=\"https:\/\/hand2noteguide.com\/wp-content\/uploads\/2020\/11\/2-popup.png 601w, https:\/\/hand2noteguide.com\/wp-content\/uploads\/2020\/11\/2-popup-274x300.png 274w, https:\/\/hand2noteguide.com\/wp-content\/uploads\/2020\/11\/2-popup-569x624.png 569w\" sizes=\"auto, (max-width: 601px) 100vw, 601px\" \/><figcaption class=\"blocks-gallery-item__caption\">3Bet &amp; Call [Jogo com Straddle]<\/figcaption><\/figure><\/li><li class=\"blocks-gallery-item\"><figure><img loading=\"lazy\" decoding=\"async\" width=\"461\" height=\"578\" src=\"https:\/\/hand2noteguide.com\/wp-content\/uploads\/2020\/11\/3-popup.png\" alt=\"\" data-id=\"4281\" data-full-url=\"http:\/\/hand2noteguide.com\/wp-content\/uploads\/2020\/11\/3-popup.png\" data-link=\"http:\/\/hand2noteguide.com\/?attachment_id=4281\" class=\"wp-image-4281\" srcset=\"https:\/\/hand2noteguide.com\/wp-content\/uploads\/2020\/11\/3-popup.png 461w, https:\/\/hand2noteguide.com\/wp-content\/uploads\/2020\/11\/3-popup-239x300.png 239w\" sizes=\"auto, (max-width: 461px) 100vw, 461px\" \/><figcaption class=\"blocks-gallery-item__caption\">Roubo [Jogo com Straddle]<\/figcaption><\/figure><\/li><li class=\"blocks-gallery-item\"><figure><img loading=\"lazy\" decoding=\"async\" width=\"784\" height=\"580\" src=\"https:\/\/hand2noteguide.com\/wp-content\/uploads\/2020\/11\/4-popup.png\" alt=\"\" data-id=\"4282\" data-full-url=\"http:\/\/hand2noteguide.com\/wp-content\/uploads\/2020\/11\/4-popup.png\" data-link=\"http:\/\/hand2noteguide.com\/?attachment_id=4282\" class=\"wp-image-4282\" srcset=\"https:\/\/hand2noteguide.com\/wp-content\/uploads\/2020\/11\/4-popup.png 784w, https:\/\/hand2noteguide.com\/wp-content\/uploads\/2020\/11\/4-popup-300x222.png 300w, https:\/\/hand2noteguide.com\/wp-content\/uploads\/2020\/11\/4-popup-768x568.png 768w, https:\/\/hand2noteguide.com\/wp-content\/uploads\/2020\/11\/4-popup-772x571.png 772w, https:\/\/hand2noteguide.com\/wp-content\/uploads\/2020\/11\/4-popup-624x462.png 624w\" sizes=\"auto, (max-width: 784px) 100vw, 784px\" \/><figcaption class=\"blocks-gallery-item__caption\">Defesa [Jogo com Straddle]<\/figcaption><\/figure><\/li><\/ul><\/figure>\r\n\r\n\r\n\n<\/div><h2 class=\"tabtitle\">HUD<\/h2>\n<div class=\"tabcontent\">\n\n\r\n\r\n\r\n<figure class=\"wp-block-image size-large\"><img loading=\"lazy\" decoding=\"async\" width=\"485\" height=\"492\" src=\"http:\/\/hand2noteguide.com\/wp-content\/uploads\/2020\/11\/0-HUD.png\" alt=\"\" class=\"wp-image-4278\" srcset=\"https:\/\/hand2noteguide.com\/wp-content\/uploads\/2020\/11\/0-HUD.png 485w, https:\/\/hand2noteguide.com\/wp-content\/uploads\/2020\/11\/0-HUD-296x300.png 296w, https:\/\/hand2noteguide.com\/wp-content\/uploads\/2020\/11\/0-HUD-96x96.png 96w\" sizes=\"auto, (max-width: 485px) 100vw, 485px\" \/><\/figure>\r\n\r\n\r\n<\/div><\/div>\n","protected":false},"excerpt":{"rendered":"<p>HUD simples e eficaz para aplicativos asi\u00e1ticos como PPPoker. TANK HUD funciona bem para mesas com e sem straddle. 9 popups simples funcionando para todos os CEN\u00c1RIOS MULTIWAY POSTFLOP.Popups de Preflop com 2 vers\u00f5es: m\u00e3o com straddle; m\u00e3o sem straddle. COMPRAR POR $129 (Licen\u00e7a vital\u00edcia ilimitada)<\/p>\n","protected":false},"author":1,"featured_media":0,"parent":4640,"menu_order":0,"comment_status":"closed","ping_status":"closed","template":"page-templates\/full-width-page.php","meta":{"footnotes":""},"class_list":["post-5220","page","type-page","status-publish","hentry"],"translation":{"provider":"WPGlobus","version":"3.0.2","language":"pt","enabled_languages":["en","ru","pt","zh","es","fr","de","it","ja"],"languages":{"en":{"title":true,"content":true,"excerpt":false},"ru":{"title":true,"content":false,"excerpt":false},"pt":{"title":true,"content":true,"excerpt":false},"zh":{"title":true,"content":true,"excerpt":false},"es":{"title":true,"content":true,"excerpt":false},"fr":{"title":true,"content":true,"excerpt":false},"de":{"title":true,"content":true,"excerpt":false},"it":{"title":true,"content":true,"excerpt":false},"ja":{"title":true,"content":true,"excerpt":false}}},"yoast_head":"<!-- This site is optimized with the Yoast SEO plugin v27.0 - https:\/\/yoast.com\/product\/yoast-seo-wordpress\/ -->\n<title>TANK ASIA HUD \u2013 Loja de Poker HUD Hand2Note<\/title>\n<meta name=\"description\" content=\"Descubra o TANK ASIA HUD, um HUD de poker simples e eficaz para aplicativos asi\u00e1ticos como PPPoker. Perfeito para mesas com ou sem straddle. Compre agora por $129!\" \/>\n<meta name=\"robots\" content=\"index, follow, max-snippet:-1, max-image-preview:large, max-video-preview:-1\" \/>\n<link rel=\"canonical\" href=\"https:\/\/hand2noteguide.com\/hud-store\/tank-asia-hud\/\" \/>\n<meta property=\"og:locale\" content=\"pt_PT\" \/>\n<meta property=\"og:type\" content=\"article\" \/>\n<meta property=\"og:title\" content=\"TANK ASIA HUD \u2013 Loja de Poker HUD Hand2Note\" \/>\n<meta property=\"og:description\" content=\"Descubra o TANK ASIA HUD, um HUD de poker simples e eficaz para aplicativos asi\u00e1ticos como PPPoker. Perfeito para mesas com ou sem straddle. Compre agora por $129!\" \/>\n<meta property=\"og:url\" content=\"https:\/\/hand2noteguide.com\/hud-store\/tank-asia-hud\/\" \/>\n<meta property=\"og:site_name\" content=\"Hand2Note Guide\" \/>\n<meta property=\"article:modified_time\" content=\"2025-06-04T13:17:32+00:00\" \/>\n<meta property=\"og:image\" content=\"https:\/\/hand2noteguide.com\/wp-content\/uploads\/2020\/11\/5-popup.png\" \/>\n<meta name=\"twitter:card\" content=\"summary_large_image\" \/>\n<meta name=\"twitter:label1\" content=\"Est. reading time\" \/>\n\t<meta name=\"twitter:data1\" content=\"3 minutes\" \/>\n<!-- \/ Yoast SEO plugin. -->","yoast_head_json":{"title":"TANK ASIA HUD \u2013 Loja de Poker HUD Hand2Note","description":"Descubra o TANK ASIA HUD, um HUD de poker simples e eficaz para aplicativos asi\u00e1ticos como PPPoker. Perfeito para mesas com ou sem straddle. Compre agora por $129!","robots":{"index":"index","follow":"follow","max-snippet":"max-snippet:-1","max-image-preview":"max-image-preview:large","max-video-preview":"max-video-preview:-1"},"canonical":"https:\/\/hand2noteguide.com\/hud-store\/tank-asia-hud\/","og_locale":"pt_PT","og_type":"article","og_title":"TANK ASIA HUD \u2013 Loja de Poker HUD Hand2Note","og_description":"Descubra o TANK ASIA HUD, um HUD de poker simples e eficaz para aplicativos asi\u00e1ticos como PPPoker. Perfeito para mesas com ou sem straddle. Compre agora por $129!","og_url":"https:\/\/hand2noteguide.com\/hud-store\/tank-asia-hud\/","og_site_name":"Hand2Note Guide","article_modified_time":"2025-06-04T13:17:32+00:00","og_image":[{"url":"https:\/\/hand2noteguide.com\/wp-content\/uploads\/2020\/11\/5-popup.png","type":"","width":"","height":""}],"twitter_card":"summary_large_image","twitter_misc":{"Est. reading time":"3 minutes"},"schema":{"@context":"https:\/\/schema.org","@graph":[]}},"jetpack_sharing_enabled":true,"_links":{"self":[{"href":"https:\/\/hand2noteguide.com\/pt\/wp-json\/wp\/v2\/pages\/5220","targetHints":{"allow":["GET"]}}],"collection":[{"href":"https:\/\/hand2noteguide.com\/pt\/wp-json\/wp\/v2\/pages"}],"about":[{"href":"https:\/\/hand2noteguide.com\/pt\/wp-json\/wp\/v2\/types\/page"}],"author":[{"embeddable":true,"href":"https:\/\/hand2noteguide.com\/pt\/wp-json\/wp\/v2\/users\/1"}],"replies":[{"embeddable":true,"href":"https:\/\/hand2noteguide.com\/pt\/wp-json\/wp\/v2\/comments?post=5220"}],"version-history":[{"count":10,"href":"https:\/\/hand2noteguide.com\/pt\/wp-json\/wp\/v2\/pages\/5220\/revisions"}],"predecessor-version":[{"id":13472,"href":"https:\/\/hand2noteguide.com\/pt\/wp-json\/wp\/v2\/pages\/5220\/revisions\/13472"}],"up":[{"embeddable":true,"href":"https:\/\/hand2noteguide.com\/pt\/wp-json\/wp\/v2\/pages\/4640"}],"wp:attachment":[{"href":"https:\/\/hand2noteguide.com\/pt\/wp-json\/wp\/v2\/media?parent=5220"}],"curies":[{"name":"wp","href":"https:\/\/api.w.org\/{rel}","templated":true}]}}