{"id":5238,"date":"2021-08-13T21:40:09","date_gmt":"2021-08-13T18:40:09","guid":{"rendered":"http:\/\/hand2noteguide.com\/?page_id=5238"},"modified":"2025-06-04T22:44:53","modified_gmt":"2025-06-04T19:44:53","slug":"essential-one-for-spins","status":"publish","type":"page","link":"https:\/\/hand2noteguide.com\/pt\/hud-store\/essential-one-for-spins\/","title":{"rendered":"Essential One for Spins"},"content":{"rendered":"\r\n<p>Com todos os recursos avan\u00e7ados dispon\u00edveis apenas no Hand2Note, tivemos a oportunidade de criar um dos Huds de Spin&amp;Go mais detalhados do mercado. Essential One \u00e9 um Hud din\u00e2mico que reconhece sua posi\u00e7\u00e3o e mostra apenas as estat\u00edsticas relevantes para o cen\u00e1rio atual. Embora seja detalhado, passamos meses otimizando a estrutura dos pain\u00e9is, tornando-o f\u00e1cil de usar enquanto joga.<\/p>\r\n\r\n\r\n\r\n<p>Essential One tamb\u00e9m inclui um layout otimizado para PokerStars. Ele continua poderoso mesmo com as fortes restri\u00e7\u00f5es de Hud no site, gra\u00e7as \u00e0 possibilidade de troca r\u00e1pida de layout de Hud baseada em teclas de atalho.<\/p>\r\n\r\n\r\n\r\n<div style=\"margin-bottom:10px\">\r\n        \r\n        \r\n            \r\n            \r\n            \r\n            \r\n            \r\n            \r\n            \r\n            \r\n            \r\n\r\n            <a class=\"button\" href=\"https:\/\/store.hand2noteguide.com\/checkout\/?add-to-cart=95\" style=\"margin-left:0 !important;background-color:#26a95e;border-radius:15px;margin-left:6px;color:#fff\" rel=\"noopener noreferrer\">COMPRAR POR $299<\/a> <span class=\"store-license-info\">(Licen\u00e7a vital\u00edcia ilimitada)<\/span>\r\n\r\n         \r\n    <\/div>\r\n\r\n\r\n<div class=\"responsive-tabs\">\n<h2 class=\"tabtitle\">3-max BTN<\/h2>\n<div class=\"tabcontent\">\n\n\r\n\r\n\r\n<p style=\"font-size:16px\">O layout 3-handed \u00e9 otimizado para todos os cen\u00e1rios e posi\u00e7\u00f5es poss\u00edveis. O layout \u00e9 alterado dinamicamente a cada m\u00e3o, mostrando apenas os pain\u00e9is relevantes para sua situa\u00e7\u00e3o atual. Os tamanhos de pilha efetiva tamb\u00e9m s\u00e3o reconhecidos e filtrados automaticamente. Esses recursos ajudam a manter seu foco apenas nas estat\u00edsticas mais relevantes para o momento.<\/p>\r\n\r\n\r\n\r\n<figure class=\"wp-block-image size-large\"><img loading=\"lazy\" decoding=\"async\" width=\"899\" height=\"550\" src=\"http:\/\/hand2noteguide.com\/wp-content\/uploads\/2020\/09\/eo_h2n_3h_btn.png\" alt=\"\" class=\"wp-image-3975\" srcset=\"https:\/\/hand2noteguide.com\/wp-content\/uploads\/2020\/09\/eo_h2n_3h_btn.png 899w, https:\/\/hand2noteguide.com\/wp-content\/uploads\/2020\/09\/eo_h2n_3h_btn-300x184.png 300w, https:\/\/hand2noteguide.com\/wp-content\/uploads\/2020\/09\/eo_h2n_3h_btn-768x470.png 768w, https:\/\/hand2noteguide.com\/wp-content\/uploads\/2020\/09\/eo_h2n_3h_btn-772x472.png 772w, https:\/\/hand2noteguide.com\/wp-content\/uploads\/2020\/09\/eo_h2n_3h_btn-624x382.png 624w\" sizes=\"auto, (max-width: 899px) 100vw, 899px\" \/><\/figure>\r\n\r\n\r\n\r\n<figure class=\"wp-block-image size-large\"><img loading=\"lazy\" decoding=\"async\" width=\"1024\" height=\"690\" src=\"http:\/\/hand2noteguide.com\/wp-content\/uploads\/2020\/09\/eo-3h-btn-1-1024x690.png\" alt=\"\" class=\"wp-image-3986\" srcset=\"https:\/\/hand2noteguide.com\/wp-content\/uploads\/2020\/09\/eo-3h-btn-1-1024x690.png 1024w, https:\/\/hand2noteguide.com\/wp-content\/uploads\/2020\/09\/eo-3h-btn-1-300x202.png 300w, https:\/\/hand2noteguide.com\/wp-content\/uploads\/2020\/09\/eo-3h-btn-1-768x518.png 768w, https:\/\/hand2noteguide.com\/wp-content\/uploads\/2020\/09\/eo-3h-btn-1-772x520.png 772w, https:\/\/hand2noteguide.com\/wp-content\/uploads\/2020\/09\/eo-3h-btn-1-624x421.png 624w, https:\/\/hand2noteguide.com\/wp-content\/uploads\/2020\/09\/eo-3h-btn-1.png 1184w\" sizes=\"auto, (max-width: 1024px) 100vw, 1024px\" \/><\/figure>\r\n\r\n\r\n\r\n<figure class=\"wp-block-image size-large\"><img loading=\"lazy\" decoding=\"async\" width=\"825\" height=\"590\" src=\"http:\/\/hand2noteguide.com\/wp-content\/uploads\/2020\/09\/eo-3h-btn-2.png\" alt=\"\" class=\"wp-image-3987\" srcset=\"https:\/\/hand2noteguide.com\/wp-content\/uploads\/2020\/09\/eo-3h-btn-2.png 825w, https:\/\/hand2noteguide.com\/wp-content\/uploads\/2020\/09\/eo-3h-btn-2-300x215.png 300w, https:\/\/hand2noteguide.com\/wp-content\/uploads\/2020\/09\/eo-3h-btn-2-768x549.png 768w, https:\/\/hand2noteguide.com\/wp-content\/uploads\/2020\/09\/eo-3h-btn-2-772x552.png 772w, https:\/\/hand2noteguide.com\/wp-content\/uploads\/2020\/09\/eo-3h-btn-2-624x446.png 624w\" sizes=\"auto, (max-width: 825px) 100vw, 825px\" \/><\/figure>\r\n\r\n\r\n\r\n<figure class=\"wp-block-image size-large\"><img loading=\"lazy\" decoding=\"async\" width=\"1024\" height=\"655\" src=\"http:\/\/hand2noteguide.com\/wp-content\/uploads\/2020\/09\/eo-3h-btn-3-1024x655.png\" alt=\"\" class=\"wp-image-3988\" srcset=\"https:\/\/hand2noteguide.com\/wp-content\/uploads\/2020\/09\/eo-3h-btn-3-1024x655.png 1024w, https:\/\/hand2noteguide.com\/wp-content\/uploads\/2020\/09\/eo-3h-btn-3-300x192.png 300w, https:\/\/hand2noteguide.com\/wp-content\/uploads\/2020\/09\/eo-3h-btn-3-768x491.png 768w, https:\/\/hand2noteguide.com\/wp-content\/uploads\/2020\/09\/eo-3h-btn-3-772x494.png 772w, https:\/\/hand2noteguide.com\/wp-content\/uploads\/2020\/09\/eo-3h-btn-3-624x399.png 624w, https:\/\/hand2noteguide.com\/wp-content\/uploads\/2020\/09\/eo-3h-btn-3.png 1170w\" sizes=\"auto, (max-width: 1024px) 100vw, 1024px\" \/><\/figure>\r\n\r\n\r\n\n<\/div><h2 class=\"tabtitle\">3-max SB<\/h2>\n<div class=\"tabcontent\">\n\n\r\n\r\n\r\n<figure class=\"wp-block-image size-large\"><img loading=\"lazy\" decoding=\"async\" width=\"899\" height=\"550\" src=\"http:\/\/hand2noteguide.com\/wp-content\/uploads\/2020\/09\/eo_h2n_3h_sb.png\" alt=\"\" class=\"wp-image-3976\" srcset=\"https:\/\/hand2noteguide.com\/wp-content\/uploads\/2020\/09\/eo_h2n_3h_sb.png 899w, https:\/\/hand2noteguide.com\/wp-content\/uploads\/2020\/09\/eo_h2n_3h_sb-300x184.png 300w, https:\/\/hand2noteguide.com\/wp-content\/uploads\/2020\/09\/eo_h2n_3h_sb-768x470.png 768w, https:\/\/hand2noteguide.com\/wp-content\/uploads\/2020\/09\/eo_h2n_3h_sb-772x472.png 772w, https:\/\/hand2noteguide.com\/wp-content\/uploads\/2020\/09\/eo_h2n_3h_sb-624x382.png 624w\" sizes=\"auto, (max-width: 899px) 100vw, 899px\" \/><\/figure>\r\n\r\n\r\n\r\n<figure class=\"wp-block-image size-large\"><img loading=\"lazy\" decoding=\"async\" width=\"1024\" height=\"605\" src=\"http:\/\/hand2noteguide.com\/wp-content\/uploads\/2020\/09\/eo-3h-sb-1-1024x605.png\" alt=\"\" class=\"wp-image-3991\" srcset=\"https:\/\/hand2noteguide.com\/wp-content\/uploads\/2020\/09\/eo-3h-sb-1-1024x605.png 1024w, https:\/\/hand2noteguide.com\/wp-content\/uploads\/2020\/09\/eo-3h-sb-1-300x177.png 300w, https:\/\/hand2noteguide.com\/wp-content\/uploads\/2020\/09\/eo-3h-sb-1-768x454.png 768w, https:\/\/hand2noteguide.com\/wp-content\/uploads\/2020\/09\/eo-3h-sb-1-772x456.png 772w, https:\/\/hand2noteguide.com\/wp-content\/uploads\/2020\/09\/eo-3h-sb-1-624x369.png 624w, https:\/\/hand2noteguide.com\/wp-content\/uploads\/2020\/09\/eo-3h-sb-1.png 1324w\" sizes=\"auto, (max-width: 1024px) 100vw, 1024px\" \/><\/figure>\r\n\r\n\r\n\r\n<figure class=\"wp-block-image size-large\"><img loading=\"lazy\" decoding=\"async\" width=\"1024\" height=\"612\" src=\"http:\/\/hand2noteguide.com\/wp-content\/uploads\/2020\/09\/eo-3h-sb-2-1024x612.png\" alt=\"\" class=\"wp-image-3992\" srcset=\"https:\/\/hand2noteguide.com\/wp-content\/uploads\/2020\/09\/eo-3h-sb-2-1024x612.png 1024w, https:\/\/hand2noteguide.com\/wp-content\/uploads\/2020\/09\/eo-3h-sb-2-300x179.png 300w, https:\/\/hand2noteguide.com\/wp-content\/uploads\/2020\/09\/eo-3h-sb-2-768x459.png 768w, https:\/\/hand2noteguide.com\/wp-content\/uploads\/2020\/09\/eo-3h-sb-2-772x461.png 772w, https:\/\/hand2noteguide.com\/wp-content\/uploads\/2020\/09\/eo-3h-sb-2-624x373.png 624w, https:\/\/hand2noteguide.com\/wp-content\/uploads\/2020\/09\/eo-3h-sb-2.png 1382w\" sizes=\"auto, (max-width: 1024px) 100vw, 1024px\" \/><\/figure>\r\n\r\n\r\n\r\n<figure class=\"wp-block-image size-large\"><img loading=\"lazy\" decoding=\"async\" width=\"1024\" height=\"486\" src=\"http:\/\/hand2noteguide.com\/wp-content\/uploads\/2020\/09\/eo-3h-sb-3-1024x486.png\" alt=\"\" class=\"wp-image-3993\" srcset=\"https:\/\/hand2noteguide.com\/wp-content\/uploads\/2020\/09\/eo-3h-sb-3-1024x486.png 1024w, https:\/\/hand2noteguide.com\/wp-content\/uploads\/2020\/09\/eo-3h-sb-3-300x142.png 300w, https:\/\/hand2noteguide.com\/wp-content\/uploads\/2020\/09\/eo-3h-sb-3-768x364.png 768w, https:\/\/hand2noteguide.com\/wp-content\/uploads\/2020\/09\/eo-3h-sb-3-772x366.png 772w, https:\/\/hand2noteguide.com\/wp-content\/uploads\/2020\/09\/eo-3h-sb-3-624x296.png 624w, https:\/\/hand2noteguide.com\/wp-content\/uploads\/2020\/09\/eo-3h-sb-3.png 1309w\" sizes=\"auto, (max-width: 1024px) 100vw, 1024px\" \/><\/figure>\r\n\r\n\r\n\n<\/div><h2 class=\"tabtitle\">3-max BB<\/h2>\n<div class=\"tabcontent\">\n\n\r\n\r\n\r\n<figure class=\"wp-block-image size-large\"><img loading=\"lazy\" decoding=\"async\" width=\"899\" height=\"550\" src=\"http:\/\/hand2noteguide.com\/wp-content\/uploads\/2020\/09\/eo_h2n_3h_bb.png\" alt=\"\" class=\"wp-image-3974\" srcset=\"https:\/\/hand2noteguide.com\/wp-content\/uploads\/2020\/09\/eo_h2n_3h_bb.png 899w, https:\/\/hand2noteguide.com\/wp-content\/uploads\/2020\/09\/eo_h2n_3h_bb-300x184.png 300w, https:\/\/hand2noteguide.com\/wp-content\/uploads\/2020\/09\/eo_h2n_3h_bb-768x470.png 768w, https:\/\/hand2noteguide.com\/wp-content\/uploads\/2020\/09\/eo_h2n_3h_bb-772x472.png 772w, https:\/\/hand2noteguide.com\/wp-content\/uploads\/2020\/09\/eo_h2n_3h_bb-624x382.png 624w\" sizes=\"auto, (max-width: 899px) 100vw, 899px\" \/><\/figure>\r\n\r\n\r\n\r\n<figure class=\"wp-block-image size-large\"><img loading=\"lazy\" decoding=\"async\" width=\"1024\" height=\"668\" src=\"http:\/\/hand2noteguide.com\/wp-content\/uploads\/2020\/09\/eo-3h-bb-1-1024x668.png\" alt=\"\" class=\"wp-image-3995\" srcset=\"https:\/\/hand2noteguide.com\/wp-content\/uploads\/2020\/09\/eo-3h-bb-1-1024x668.png 1024w, https:\/\/hand2noteguide.com\/wp-content\/uploads\/2020\/09\/eo-3h-bb-1-300x196.png 300w, https:\/\/hand2noteguide.com\/wp-content\/uploads\/2020\/09\/eo-3h-bb-1-768x501.png 768w, https:\/\/hand2noteguide.com\/wp-content\/uploads\/2020\/09\/eo-3h-bb-1-772x504.png 772w, https:\/\/hand2noteguide.com\/wp-content\/uploads\/2020\/09\/eo-3h-bb-1-624x407.png 624w, https:\/\/hand2noteguide.com\/wp-content\/uploads\/2020\/09\/eo-3h-bb-1.png 1194w\" sizes=\"auto, (max-width: 1024px) 100vw, 1024px\" \/><\/figure>\r\n\r\n\r\n\r\n<figure class=\"wp-block-image size-large\"><img loading=\"lazy\" decoding=\"async\" width=\"1024\" height=\"613\" src=\"http:\/\/hand2noteguide.com\/wp-content\/uploads\/2020\/09\/eo-3h-bb-2-1024x613.png\" alt=\"\" class=\"wp-image-3996\" srcset=\"https:\/\/hand2noteguide.com\/wp-content\/uploads\/2020\/09\/eo-3h-bb-2-1024x613.png 1024w, https:\/\/hand2noteguide.com\/wp-content\/uploads\/2020\/09\/eo-3h-bb-2-300x180.png 300w, https:\/\/hand2noteguide.com\/wp-content\/uploads\/2020\/09\/eo-3h-bb-2-768x460.png 768w, https:\/\/hand2noteguide.com\/wp-content\/uploads\/2020\/09\/eo-3h-bb-2-772x462.png 772w, https:\/\/hand2noteguide.com\/wp-content\/uploads\/2020\/09\/eo-3h-bb-2-624x374.png 624w, https:\/\/hand2noteguide.com\/wp-content\/uploads\/2020\/09\/eo-3h-bb-2.png 1174w\" sizes=\"auto, (max-width: 1024px) 100vw, 1024px\" \/><\/figure>\r\n\r\n\r\n\n<\/div><h2 class=\"tabtitle\">2-max<\/h2>\n<div class=\"tabcontent\">\n\n\r\n\r\n\r\n<p style=\"font-size:16px\">O layout 2-handed \u00e9 um poderoso HUD heads-up com estat\u00edsticas preflop expandidas e pain\u00e9is p\u00f3s-flop ricos. A mudan\u00e7a de Hud \u00e9 autom\u00e1tica, mesmo no PokerStars, ent\u00e3o voc\u00ea n\u00e3o precisa se preocupar com problemas t\u00e9cnicos irritantes.<\/p>\r\n\r\n\r\n\r\n<figure class=\"wp-block-image size-large\"><img loading=\"lazy\" decoding=\"async\" width=\"897\" height=\"642\" src=\"http:\/\/hand2noteguide.com\/wp-content\/uploads\/2020\/09\/eo_h2n_2h.png\" alt=\"\" class=\"wp-image-3973\" srcset=\"https:\/\/hand2noteguide.com\/wp-content\/uploads\/2020\/09\/eo_h2n_2h.png 897w, https:\/\/hand2noteguide.com\/wp-content\/uploads\/2020\/09\/eo_h2n_2h-300x215.png 300w, https:\/\/hand2noteguide.com\/wp-content\/uploads\/2020\/09\/eo_h2n_2h-768x550.png 768w, https:\/\/hand2noteguide.com\/wp-content\/uploads\/2020\/09\/eo_h2n_2h-772x553.png 772w, https:\/\/hand2noteguide.com\/wp-content\/uploads\/2020\/09\/eo_h2n_2h-624x447.png 624w\" sizes=\"auto, (max-width: 897px) 100vw, 897px\" \/><\/figure>\r\n\r\n\r\n\r\n<p style=\"font-size:16px\">Os pain\u00e9is preflop incluem pilhas efetivas mais detalhadas e as estat\u00edsticas s\u00e3o coloridas com base no GTO. Os pain\u00e9is p\u00f3s-flop incluem estat\u00edsticas secund\u00e1rias, como barrels e folds na pr\u00f3xima street, para evitar o uso desnecess\u00e1rio de popups. Os pain\u00e9is revolucion\u00e1rios vsVillain mostram as estat\u00edsticas vital\u00edcias do her\u00f3i contra o oponente atual. Isso ajuda a rastrear como o her\u00f3i jogou contra o inimigo atual nos jogos anteriores e o que o inimigo pode pensar sobre ele.&nbsp;<\/p>\r\n\r\n\r\n\r\n<figure class=\"wp-block-image size-large\"><img loading=\"lazy\" decoding=\"async\" width=\"1024\" height=\"721\" src=\"http:\/\/hand2noteguide.com\/wp-content\/uploads\/2020\/09\/eo-2h-1-1024x721.png\" alt=\"\" class=\"wp-image-3997\" srcset=\"https:\/\/hand2noteguide.com\/wp-content\/uploads\/2020\/09\/eo-2h-1-1024x721.png 1024w, https:\/\/hand2noteguide.com\/wp-content\/uploads\/2020\/09\/eo-2h-1-300x211.png 300w, https:\/\/hand2noteguide.com\/wp-content\/uploads\/2020\/09\/eo-2h-1-768x541.png 768w, https:\/\/hand2noteguide.com\/wp-content\/uploads\/2020\/09\/eo-2h-1-772x544.png 772w, https:\/\/hand2noteguide.com\/wp-content\/uploads\/2020\/09\/eo-2h-1-624x440.png 624w, https:\/\/hand2noteguide.com\/wp-content\/uploads\/2020\/09\/eo-2h-1.png 1174w\" sizes=\"auto, (max-width: 1024px) 100vw, 1024px\" \/><\/figure>\r\n\r\n\r\n\r\n<figure class=\"wp-block-image size-large\"><img loading=\"lazy\" decoding=\"async\" width=\"1024\" height=\"442\" src=\"http:\/\/hand2noteguide.com\/wp-content\/uploads\/2020\/09\/eo-2h-2-1024x442.png\" alt=\"\" class=\"wp-image-3998\" srcset=\"https:\/\/hand2noteguide.com\/wp-content\/uploads\/2020\/09\/eo-2h-2-1024x442.png 1024w, https:\/\/hand2noteguide.com\/wp-content\/uploads\/2020\/09\/eo-2h-2-300x129.png 300w, https:\/\/hand2noteguide.com\/wp-content\/uploads\/2020\/09\/eo-2h-2-768x331.png 768w, https:\/\/hand2noteguide.com\/wp-content\/uploads\/2020\/09\/eo-2h-2-772x333.png 772w, https:\/\/hand2noteguide.com\/wp-content\/uploads\/2020\/09\/eo-2h-2-624x269.png 624w, https:\/\/hand2noteguide.com\/wp-content\/uploads\/2020\/09\/eo-2h-2.png 1168w\" sizes=\"auto, (max-width: 1024px) 100vw, 1024px\" \/><\/figure>\r\n\r\n\r\n\r\n<figure class=\"wp-block-image size-large\"><img loading=\"lazy\" decoding=\"async\" width=\"1024\" height=\"794\" src=\"http:\/\/hand2noteguide.com\/wp-content\/uploads\/2020\/09\/eo-2h-3-1024x794.png\" alt=\"\" class=\"wp-image-3999\" srcset=\"https:\/\/hand2noteguide.com\/wp-content\/uploads\/2020\/09\/eo-2h-3-1024x794.png 1024w, https:\/\/hand2noteguide.com\/wp-content\/uploads\/2020\/09\/eo-2h-3-300x233.png 300w, https:\/\/hand2noteguide.com\/wp-content\/uploads\/2020\/09\/eo-2h-3-768x596.png 768w, https:\/\/hand2noteguide.com\/wp-content\/uploads\/2020\/09\/eo-2h-3-772x599.png 772w, https:\/\/hand2noteguide.com\/wp-content\/uploads\/2020\/09\/eo-2h-3-624x484.png 624w, https:\/\/hand2noteguide.com\/wp-content\/uploads\/2020\/09\/eo-2h-3.png 1159w\" sizes=\"auto, (max-width: 1024px) 100vw, 1024px\" \/><\/figure>\r\n\r\n\r\n\r\n<figure class=\"wp-block-image size-large\"><img loading=\"lazy\" decoding=\"async\" width=\"1024\" height=\"456\" src=\"http:\/\/hand2noteguide.com\/wp-content\/uploads\/2020\/09\/eo-2h-4-1024x456.png\" alt=\"\" class=\"wp-image-4000\" srcset=\"https:\/\/hand2noteguide.com\/wp-content\/uploads\/2020\/09\/eo-2h-4-1024x456.png 1024w, https:\/\/hand2noteguide.com\/wp-content\/uploads\/2020\/09\/eo-2h-4-300x134.png 300w, https:\/\/hand2noteguide.com\/wp-content\/uploads\/2020\/09\/eo-2h-4-768x342.png 768w, https:\/\/hand2noteguide.com\/wp-content\/uploads\/2020\/09\/eo-2h-4-772x344.png 772w, https:\/\/hand2noteguide.com\/wp-content\/uploads\/2020\/09\/eo-2h-4-624x278.png 624w, https:\/\/hand2noteguide.com\/wp-content\/uploads\/2020\/09\/eo-2h-4.png 1148w\" sizes=\"auto, (max-width: 1024px) 100vw, 1024px\" \/><\/figure>\r\n\r\n\r\n\n<\/div><h2 class=\"tabtitle\">PokerStars Layout<\/h2>\n<div class=\"tabcontent\">\n\n\r\n\r\n\r\n<p style=\"font-size:16px\">Devido \u00e0s fortes restri\u00e7\u00f5es de Hud no PokerStars, o Hud \u00e9 fornecido com um layout compat\u00edvel com todas as regras do PokerStars. Ainda \u00e9 um Hud 3-handed detalhado que cobre a grande maioria das situa\u00e7\u00f5es.<\/p>\r\n\r\n\r\n\r\n<figure class=\"wp-block-image size-large\"><img loading=\"lazy\" decoding=\"async\" width=\"897\" height=\"551\" src=\"http:\/\/hand2noteguide.com\/wp-content\/uploads\/2020\/09\/eo_h2n_ps.png\" alt=\"\" class=\"wp-image-3977\" srcset=\"https:\/\/hand2noteguide.com\/wp-content\/uploads\/2020\/09\/eo_h2n_ps.png 897w, https:\/\/hand2noteguide.com\/wp-content\/uploads\/2020\/09\/eo_h2n_ps-300x184.png 300w, https:\/\/hand2noteguide.com\/wp-content\/uploads\/2020\/09\/eo_h2n_ps-768x472.png 768w, https:\/\/hand2noteguide.com\/wp-content\/uploads\/2020\/09\/eo_h2n_ps-772x474.png 772w, https:\/\/hand2noteguide.com\/wp-content\/uploads\/2020\/09\/eo_h2n_ps-624x383.png 624w\" sizes=\"auto, (max-width: 897px) 100vw, 897px\" \/><\/figure>\r\n\r\n\r\n\r\n<p style=\"font-size:16px\">Para cumprir totalmente as novas regras do PokerStars, apenas dois layouts s\u00e3o usados nesta vers\u00e3o: um para 3-handed e outro para 2-handed. A mudan\u00e7a de Hud acontece automaticamente quando o heads-up \u00e9 alcan\u00e7ado, ent\u00e3o voc\u00ea n\u00e3o precisa se preocupar com scripts ou aplicativos de terceiros. Voc\u00ea tamb\u00e9m pode configurar uma tecla de atalho para acessar a vers\u00e3o avan\u00e7ada do Hud para a m\u00e3o atual, assim ainda tem a chance de procurar por qualquer estat\u00edstica avan\u00e7ada.<\/p>\r\n\r\n\r\n\n<\/div><h2 class=\"tabtitle\">Popups<\/h2>\n<div class=\"tabcontent\">\n\n\r\n\r\n\r\n<p style=\"font-size:16px\">Um popup est\u00e1 anexado a cada estat\u00edstica para visualizar profundamente o que est\u00e1 acontecendo por tr\u00e1s dos n\u00fameros brutos. Voc\u00ea encontrar\u00e1 as seguintes informa\u00e7\u00f5es adicionais sobre uma estat\u00edstica: tamanhos de aposta, texturas de bordo, for\u00e7a da m\u00e3o, estat\u00edsticas vsHero, a\u00e7\u00f5es do pr\u00f3ximo jogador e showdowns.<\/p>\r\n\r\n\r\n\r\n\r\n\r\n\r\n<\/div><\/div>\n","protected":false},"excerpt":{"rendered":"<p>Com todos os recursos avan\u00e7ados dispon\u00edveis apenas no Hand2Note, tivemos a oportunidade de criar um dos Huds de Spin&amp;Go mais detalhados do mercado. Essential One \u00e9 um Hud din\u00e2mico que reconhece sua posi\u00e7\u00e3o e mostra apenas as estat\u00edsticas relevantes para o cen\u00e1rio atual. Embora seja detalhado, passamos meses otimizando a estrutura dos pain\u00e9is, tornando-o f\u00e1cil &hellip; <a href=\"https:\/\/hand2noteguide.com\/pt\/hud-store\/essential-one-for-spins\/\" class=\"more-link\">Continue reading <span class=\"screen-reader-text\">Essential One for Spins<\/span><\/a><\/p>\n","protected":false},"author":1,"featured_media":0,"parent":4640,"menu_order":0,"comment_status":"closed","ping_status":"closed","template":"page-templates\/full-width-page.php","meta":{"footnotes":""},"class_list":["post-5238","page","type-page","status-publish","hentry"],"translation":{"provider":"WPGlobus","version":"3.0.2","language":"pt","enabled_languages":["en","ru","pt","zh","es","fr","de","it","ja"],"languages":{"en":{"title":true,"content":true,"excerpt":false},"ru":{"title":true,"content":false,"excerpt":false},"pt":{"title":true,"content":true,"excerpt":false},"zh":{"title":true,"content":true,"excerpt":false},"es":{"title":true,"content":true,"excerpt":false},"fr":{"title":true,"content":true,"excerpt":false},"de":{"title":true,"content":true,"excerpt":false},"it":{"title":true,"content":true,"excerpt":false},"ja":{"title":true,"content":true,"excerpt":false}}},"yoast_head":"<!-- This site is optimized with the Yoast SEO plugin v27.0 - https:\/\/yoast.com\/product\/yoast-seo-wordpress\/ -->\n<title>Essential One for Spins \u2013 Loja de Poker HUD Hand2Note<\/title>\n<meta name=\"description\" content=\"Descubra o Essential One for Spins, um HUD de poker din\u00e2mico e detalhado para jogos Spin&amp;Go, otimizado para PokerStars com recursos avan\u00e7ados e f\u00e1cil usabilidade.\" \/>\n<meta name=\"robots\" content=\"index, follow, max-snippet:-1, max-image-preview:large, max-video-preview:-1\" \/>\n<link rel=\"canonical\" href=\"https:\/\/hand2noteguide.com\/hud-store\/essential-one-for-spins\/\" \/>\n<meta property=\"og:locale\" content=\"pt_PT\" \/>\n<meta property=\"og:type\" content=\"article\" \/>\n<meta property=\"og:title\" content=\"Essential One for Spins \u2013 Loja de Poker HUD Hand2Note\" \/>\n<meta property=\"og:description\" content=\"Descubra o Essential One for Spins, um HUD de poker din\u00e2mico e detalhado para jogos Spin&amp;Go, otimizado para PokerStars com recursos avan\u00e7ados e f\u00e1cil usabilidade.\" \/>\n<meta property=\"og:url\" content=\"https:\/\/hand2noteguide.com\/hud-store\/essential-one-for-spins\/\" \/>\n<meta property=\"og:site_name\" content=\"Hand2Note Guide\" \/>\n<meta property=\"article:modified_time\" content=\"2025-06-04T19:44:53+00:00\" \/>\n<meta property=\"og:image\" content=\"http:\/\/hand2noteguide.com\/wp-content\/uploads\/2020\/09\/eo_h2n_3h_btn.png\" \/>\n<meta name=\"twitter:card\" content=\"summary_large_image\" \/>\n<meta name=\"twitter:label1\" content=\"Est. reading time\" \/>\n\t<meta name=\"twitter:data1\" content=\"15 minutes\" \/>\n<!-- \/ Yoast SEO plugin. -->","yoast_head_json":{"title":"Essential One for Spins \u2013 Loja de Poker HUD Hand2Note","description":"Descubra o Essential One for Spins, um HUD de poker din\u00e2mico e detalhado para jogos Spin&Go, otimizado para PokerStars com recursos avan\u00e7ados e f\u00e1cil usabilidade.","robots":{"index":"index","follow":"follow","max-snippet":"max-snippet:-1","max-image-preview":"max-image-preview:large","max-video-preview":"max-video-preview:-1"},"canonical":"https:\/\/hand2noteguide.com\/hud-store\/essential-one-for-spins\/","og_locale":"pt_PT","og_type":"article","og_title":"Essential One for Spins \u2013 Loja de Poker HUD Hand2Note","og_description":"Descubra o Essential One for Spins, um HUD de poker din\u00e2mico e detalhado para jogos Spin&Go, otimizado para PokerStars com recursos avan\u00e7ados e f\u00e1cil usabilidade.","og_url":"https:\/\/hand2noteguide.com\/hud-store\/essential-one-for-spins\/","og_site_name":"Hand2Note Guide","article_modified_time":"2025-06-04T19:44:53+00:00","og_image":[{"url":"http:\/\/hand2noteguide.com\/wp-content\/uploads\/2020\/09\/eo_h2n_3h_btn.png","type":"","width":"","height":""}],"twitter_card":"summary_large_image","twitter_misc":{"Est. reading time":"15 minutes"},"schema":{"@context":"https:\/\/schema.org","@graph":[]}},"jetpack_sharing_enabled":true,"_links":{"self":[{"href":"https:\/\/hand2noteguide.com\/pt\/wp-json\/wp\/v2\/pages\/5238","targetHints":{"allow":["GET"]}}],"collection":[{"href":"https:\/\/hand2noteguide.com\/pt\/wp-json\/wp\/v2\/pages"}],"about":[{"href":"https:\/\/hand2noteguide.com\/pt\/wp-json\/wp\/v2\/types\/page"}],"author":[{"embeddable":true,"href":"https:\/\/hand2noteguide.com\/pt\/wp-json\/wp\/v2\/users\/1"}],"replies":[{"embeddable":true,"href":"https:\/\/hand2noteguide.com\/pt\/wp-json\/wp\/v2\/comments?post=5238"}],"version-history":[{"count":11,"href":"https:\/\/hand2noteguide.com\/pt\/wp-json\/wp\/v2\/pages\/5238\/revisions"}],"predecessor-version":[{"id":13574,"href":"https:\/\/hand2noteguide.com\/pt\/wp-json\/wp\/v2\/pages\/5238\/revisions\/13574"}],"up":[{"embeddable":true,"href":"https:\/\/hand2noteguide.com\/pt\/wp-json\/wp\/v2\/pages\/4640"}],"wp:attachment":[{"href":"https:\/\/hand2noteguide.com\/pt\/wp-json\/wp\/v2\/media?parent=5238"}],"curies":[{"name":"wp","href":"https:\/\/api.w.org\/{rel}","templated":true}]}}