{"id":5357,"date":"2021-10-25T12:26:14","date_gmt":"2021-10-25T09:26:14","guid":{"rendered":"http:\/\/hand2noteguide.com\/?page_id=5357"},"modified":"2025-06-04T15:56:29","modified_gmt":"2025-06-04T12:56:29","slug":"def4eg364-mtt-hud","status":"publish","type":"page","link":"https:\/\/hand2noteguide.com\/pt\/hud-store\/def4eg364-mtt-hud\/","title":{"rendered":"Def4eg364 MTT HUD"},"content":{"rendered":"\n<p><p>Todos os pop-ups s\u00e3o divididos por situa\u00e7\u00f5es, ent\u00e3o voc\u00ea n\u00e3o precisa clicar em 100 pop-ups para encontrar todas as informa\u00e7\u00f5es, tudo est\u00e1 em um s\u00f3 lugar.<\/p>\n<p>As estat\u00edsticas s\u00e3o marcadas em 3 cores: laranja \u00e9 reg m\u00e9dio, vermelho \u00e9 tight e verde \u00e9 mais agressivo.<\/p><\/p>\n\n\n\n<div style=\"margin-bottom:10px\">\n        \n        \n            \n            \n            \n            \n            \n            \n            \n            \n            \n\n            <a class=\"button\" href=\"https:\/\/store.hand2noteguide.com\/checkout\/?add-to-cart=91\" style=\"margin-left:0 !important;background-color:#26a95e;border-radius:15px;margin-left:6px;color:#fff\" rel=\"noopener noreferrer\">COMPRAR POR $149<\/a> <span class=\"store-license-info\">(Licen\u00e7a vital\u00edcia ilimitada)<\/span>\n\n         \n    <\/div>\n\n\n<div class=\"responsive-tabs\">\n<h2 class=\"tabtitle\">HUD<\/h2>\n<div class=\"tabcontent\">\n\n\n\n\n<figure class=\"wp-block-image size-large\"><img loading=\"lazy\" decoding=\"async\" width=\"851\" height=\"566\" src=\"http:\/\/hand2noteguide.com\/wp-content\/uploads\/2021\/10\/Def4eg364-HUD.jpg\" alt=\"\" class=\"wp-image-5348\" srcset=\"https:\/\/hand2noteguide.com\/wp-content\/uploads\/2021\/10\/Def4eg364-HUD.jpg 851w, https:\/\/hand2noteguide.com\/wp-content\/uploads\/2021\/10\/Def4eg364-HUD-300x200.jpg 300w, https:\/\/hand2noteguide.com\/wp-content\/uploads\/2021\/10\/Def4eg364-HUD-768x511.jpg 768w, https:\/\/hand2noteguide.com\/wp-content\/uploads\/2021\/10\/Def4eg364-HUD-772x513.jpg 772w, https:\/\/hand2noteguide.com\/wp-content\/uploads\/2021\/10\/Def4eg364-HUD-624x415.jpg 624w\" sizes=\"auto, (max-width: 851px) 100vw, 851px\" \/><figcaption class=\"wp-element-caption\">HUD na mesa<\/figcaption><\/figure>\n\n\n\n<figure class=\"wp-block-image size-large\"><img loading=\"lazy\" decoding=\"async\" width=\"541\" height=\"60\" src=\"http:\/\/hand2noteguide.com\/wp-content\/uploads\/2021\/10\/Def4eg364-HUD-tr.jpg\" alt=\"\" class=\"wp-image-5351\" srcset=\"https:\/\/hand2noteguide.com\/wp-content\/uploads\/2021\/10\/Def4eg364-HUD-tr.jpg 541w, https:\/\/hand2noteguide.com\/wp-content\/uploads\/2021\/10\/Def4eg364-HUD-tr-300x33.jpg 300w\" sizes=\"auto, (max-width: 541px) 100vw, 541px\" \/><figcaption class=\"wp-element-caption\">Transcri\u00e7\u00e3o do HUD<\/figcaption><\/figure>\n\n\n\n<\/div><h2 class=\"tabtitle\">Popups<\/h2>\n<div class=\"tabcontent\">\n\n\n\n\n<figure class=\"wp-block-gallery has-nested-images columns-default is-cropped wp-block-gallery-1 is-layout-flex wp-block-gallery-is-layout-flex\">\n<figure class=\"wp-block-image size-large\"><img loading=\"lazy\" decoding=\"async\" width=\"461\" height=\"307\" data-id=\"5338\" src=\"https:\/\/hand2noteguide.com\/wp-content\/uploads\/2021\/10\/1.jpg\" alt=\"\" class=\"wp-image-5338\" srcset=\"https:\/\/hand2noteguide.com\/wp-content\/uploads\/2021\/10\/1.jpg 461w, https:\/\/hand2noteguide.com\/wp-content\/uploads\/2021\/10\/1-300x200.jpg 300w\" sizes=\"auto, (max-width: 461px) 100vw, 461px\" \/><figcaption class=\"wp-element-caption\">RFI 45+<\/figcaption><\/figure>\n\n\n\n<figure class=\"wp-block-image size-large\"><img loading=\"lazy\" decoding=\"async\" width=\"563\" height=\"391\" data-id=\"5339\" src=\"https:\/\/hand2noteguide.com\/wp-content\/uploads\/2021\/10\/2.jpg\" alt=\"\" class=\"wp-image-5339\" srcset=\"https:\/\/hand2noteguide.com\/wp-content\/uploads\/2021\/10\/2.jpg 563w, https:\/\/hand2noteguide.com\/wp-content\/uploads\/2021\/10\/2-300x208.jpg 300w\" sizes=\"auto, (max-width: 563px) 100vw, 563px\" \/><figcaption class=\"wp-element-caption\">Cold Call<\/figcaption><\/figure>\n\n\n\n<figure class=\"wp-block-image size-large\"><img loading=\"lazy\" decoding=\"async\" width=\"761\" height=\"434\" data-id=\"5340\" src=\"https:\/\/hand2noteguide.com\/wp-content\/uploads\/2021\/10\/3.jpg\" alt=\"\" class=\"wp-image-5340\" srcset=\"https:\/\/hand2noteguide.com\/wp-content\/uploads\/2021\/10\/3.jpg 761w, https:\/\/hand2noteguide.com\/wp-content\/uploads\/2021\/10\/3-300x171.jpg 300w, https:\/\/hand2noteguide.com\/wp-content\/uploads\/2021\/10\/3-624x356.jpg 624w\" sizes=\"auto, (max-width: 761px) 100vw, 761px\" \/><figcaption class=\"wp-element-caption\">Fold BB to Steal<\/figcaption><\/figure>\n\n\n\n<figure class=\"wp-block-image size-large\"><img loading=\"lazy\" decoding=\"async\" width=\"807\" height=\"397\" data-id=\"5341\" src=\"https:\/\/hand2noteguide.com\/wp-content\/uploads\/2021\/10\/4.jpg\" alt=\"\" class=\"wp-image-5341\" srcset=\"https:\/\/hand2noteguide.com\/wp-content\/uploads\/2021\/10\/4.jpg 807w, https:\/\/hand2noteguide.com\/wp-content\/uploads\/2021\/10\/4-300x148.jpg 300w, https:\/\/hand2noteguide.com\/wp-content\/uploads\/2021\/10\/4-768x378.jpg 768w, https:\/\/hand2noteguide.com\/wp-content\/uploads\/2021\/10\/4-772x380.jpg 772w, https:\/\/hand2noteguide.com\/wp-content\/uploads\/2021\/10\/4-624x307.jpg 624w\" sizes=\"auto, (max-width: 807px) 100vw, 807px\" \/><figcaption class=\"wp-element-caption\">3Bet<\/figcaption><\/figure>\n\n\n\n<figure class=\"wp-block-image size-large\"><img loading=\"lazy\" decoding=\"async\" width=\"743\" height=\"487\" data-id=\"5342\" src=\"https:\/\/hand2noteguide.com\/wp-content\/uploads\/2021\/10\/5.jpg\" alt=\"\" class=\"wp-image-5342\" srcset=\"https:\/\/hand2noteguide.com\/wp-content\/uploads\/2021\/10\/5.jpg 743w, https:\/\/hand2noteguide.com\/wp-content\/uploads\/2021\/10\/5-300x197.jpg 300w, https:\/\/hand2noteguide.com\/wp-content\/uploads\/2021\/10\/5-624x409.jpg 624w\" sizes=\"auto, (max-width: 743px) 100vw, 743px\" \/><figcaption class=\"wp-element-caption\">CBet IP<\/figcaption><\/figure>\n\n\n\n<figure class=\"wp-block-image size-large\"><img loading=\"lazy\" decoding=\"async\" width=\"786\" height=\"502\" data-id=\"5343\" src=\"https:\/\/hand2noteguide.com\/wp-content\/uploads\/2021\/10\/6.jpg\" alt=\"\" class=\"wp-image-5343\" srcset=\"https:\/\/hand2noteguide.com\/wp-content\/uploads\/2021\/10\/6.jpg 786w, https:\/\/hand2noteguide.com\/wp-content\/uploads\/2021\/10\/6-300x192.jpg 300w, https:\/\/hand2noteguide.com\/wp-content\/uploads\/2021\/10\/6-768x491.jpg 768w, https:\/\/hand2noteguide.com\/wp-content\/uploads\/2021\/10\/6-772x493.jpg 772w, https:\/\/hand2noteguide.com\/wp-content\/uploads\/2021\/10\/6-624x399.jpg 624w\" sizes=\"auto, (max-width: 786px) 100vw, 786px\" \/><figcaption class=\"wp-element-caption\">CBet OOP<\/figcaption><\/figure>\n\n\n\n<figure class=\"wp-block-image size-large\"><img loading=\"lazy\" decoding=\"async\" width=\"725\" height=\"433\" data-id=\"5344\" src=\"https:\/\/hand2noteguide.com\/wp-content\/uploads\/2021\/10\/7.jpg\" alt=\"\" class=\"wp-image-5344\" srcset=\"https:\/\/hand2noteguide.com\/wp-content\/uploads\/2021\/10\/7.jpg 725w, https:\/\/hand2noteguide.com\/wp-content\/uploads\/2021\/10\/7-300x179.jpg 300w, https:\/\/hand2noteguide.com\/wp-content\/uploads\/2021\/10\/7-624x373.jpg 624w\" sizes=\"auto, (max-width: 725px) 100vw, 725px\" \/><figcaption class=\"wp-element-caption\">Resteal<\/figcaption><\/figure>\n\n\n\n<figure class=\"wp-block-image size-large\"><img loading=\"lazy\" decoding=\"async\" width=\"453\" height=\"392\" data-id=\"5345\" src=\"https:\/\/hand2noteguide.com\/wp-content\/uploads\/2021\/10\/8.jpg\" alt=\"\" class=\"wp-image-5345\" srcset=\"https:\/\/hand2noteguide.com\/wp-content\/uploads\/2021\/10\/8.jpg 453w, https:\/\/hand2noteguide.com\/wp-content\/uploads\/2021\/10\/8-300x260.jpg 300w\" sizes=\"auto, (max-width: 453px) 100vw, 453px\" \/><figcaption class=\"wp-element-caption\">BB vs SB<\/figcaption><\/figure>\n\n\n\n<figure class=\"wp-block-image size-large\"><img loading=\"lazy\" decoding=\"async\" width=\"304\" height=\"310\" data-id=\"5328\" src=\"https:\/\/hand2noteguide.com\/wp-content\/uploads\/2021\/10\/9.jpg\" alt=\"\" class=\"wp-image-5328\" srcset=\"https:\/\/hand2noteguide.com\/wp-content\/uploads\/2021\/10\/9.jpg 304w, https:\/\/hand2noteguide.com\/wp-content\/uploads\/2021\/10\/9-294x300.jpg 294w\" sizes=\"auto, (max-width: 304px) 100vw, 304px\" \/><figcaption class=\"wp-element-caption\">Single-Raised pot<\/figcaption><\/figure>\n\n\n\n<figure class=\"wp-block-image size-large\"><img loading=\"lazy\" decoding=\"async\" width=\"272\" height=\"227\" data-id=\"5329\" src=\"https:\/\/hand2noteguide.com\/wp-content\/uploads\/2021\/10\/10.jpg\" alt=\"\" class=\"wp-image-5329\" \/><figcaption class=\"wp-element-caption\">Limped pot<\/figcaption><\/figure>\n\n\n\n<figure class=\"wp-block-image size-large\"><img loading=\"lazy\" decoding=\"async\" width=\"453\" height=\"459\" data-id=\"5330\" src=\"https:\/\/hand2noteguide.com\/wp-content\/uploads\/2021\/10\/11.jpg\" alt=\"\" class=\"wp-image-5330\" srcset=\"https:\/\/hand2noteguide.com\/wp-content\/uploads\/2021\/10\/11.jpg 453w, https:\/\/hand2noteguide.com\/wp-content\/uploads\/2021\/10\/11-296x300.jpg 296w, https:\/\/hand2noteguide.com\/wp-content\/uploads\/2021\/10\/11-96x96.jpg 96w\" sizes=\"auto, (max-width: 453px) 100vw, 453px\" \/><figcaption class=\"wp-element-caption\">SB vs BB<\/figcaption><\/figure>\n\n\n\n<figure class=\"wp-block-image size-large\"><img loading=\"lazy\" decoding=\"async\" width=\"296\" height=\"366\" data-id=\"5331\" src=\"https:\/\/hand2noteguide.com\/wp-content\/uploads\/2021\/10\/12.jpg\" alt=\"\" class=\"wp-image-5331\" srcset=\"https:\/\/hand2noteguide.com\/wp-content\/uploads\/2021\/10\/12.jpg 296w, https:\/\/hand2noteguide.com\/wp-content\/uploads\/2021\/10\/12-243x300.jpg 243w\" sizes=\"auto, (max-width: 296px) 100vw, 296px\" \/><figcaption class=\"wp-element-caption\">SB vs BB<\/figcaption><\/figure>\n\n\n\n<figure class=\"wp-block-image size-large\"><img loading=\"lazy\" decoding=\"async\" width=\"330\" height=\"233\" data-id=\"5332\" src=\"https:\/\/hand2noteguide.com\/wp-content\/uploads\/2021\/10\/13.jpg\" alt=\"\" class=\"wp-image-5332\" srcset=\"https:\/\/hand2noteguide.com\/wp-content\/uploads\/2021\/10\/13.jpg 330w, https:\/\/hand2noteguide.com\/wp-content\/uploads\/2021\/10\/13-300x212.jpg 300w\" sizes=\"auto, (max-width: 330px) 100vw, 330px\" \/><figcaption class=\"wp-element-caption\">SB vs BB<\/figcaption><\/figure>\n\n\n\n<figure class=\"wp-block-image size-large\"><img loading=\"lazy\" decoding=\"async\" width=\"363\" height=\"216\" data-id=\"5333\" src=\"https:\/\/hand2noteguide.com\/wp-content\/uploads\/2021\/10\/14.jpg\" alt=\"\" class=\"wp-image-5333\" srcset=\"https:\/\/hand2noteguide.com\/wp-content\/uploads\/2021\/10\/14.jpg 363w, https:\/\/hand2noteguide.com\/wp-content\/uploads\/2021\/10\/14-300x179.jpg 300w\" sizes=\"auto, (max-width: 363px) 100vw, 363px\" \/><figcaption class=\"wp-element-caption\">Limp<\/figcaption><\/figure>\n\n\n\n<figure class=\"wp-block-image size-large\"><img loading=\"lazy\" decoding=\"async\" width=\"727\" height=\"322\" data-id=\"5334\" src=\"https:\/\/hand2noteguide.com\/wp-content\/uploads\/2021\/10\/15.jpg\" alt=\"\" class=\"wp-image-5334\" srcset=\"https:\/\/hand2noteguide.com\/wp-content\/uploads\/2021\/10\/15.jpg 727w, https:\/\/hand2noteguide.com\/wp-content\/uploads\/2021\/10\/15-300x133.jpg 300w, https:\/\/hand2noteguide.com\/wp-content\/uploads\/2021\/10\/15-624x276.jpg 624w\" sizes=\"auto, (max-width: 727px) 100vw, 727px\" \/><figcaption class=\"wp-element-caption\">Fold to 3Bet<\/figcaption><\/figure>\n\n\n\n<figure class=\"wp-block-image size-large\"><img loading=\"lazy\" decoding=\"async\" width=\"572\" height=\"403\" data-id=\"5335\" src=\"https:\/\/hand2noteguide.com\/wp-content\/uploads\/2021\/10\/16.jpg\" alt=\"\" class=\"wp-image-5335\" srcset=\"https:\/\/hand2noteguide.com\/wp-content\/uploads\/2021\/10\/16.jpg 572w, https:\/\/hand2noteguide.com\/wp-content\/uploads\/2021\/10\/16-300x211.jpg 300w\" sizes=\"auto, (max-width: 572px) 100vw, 572px\" \/><figcaption class=\"wp-element-caption\">Cold Call<\/figcaption><\/figure>\n\n\n\n<figure class=\"wp-block-image size-large\"><img loading=\"lazy\" decoding=\"async\" width=\"461\" height=\"318\" data-id=\"5336\" src=\"https:\/\/hand2noteguide.com\/wp-content\/uploads\/2021\/10\/17.jpg\" alt=\"\" class=\"wp-image-5336\" srcset=\"https:\/\/hand2noteguide.com\/wp-content\/uploads\/2021\/10\/17.jpg 461w, https:\/\/hand2noteguide.com\/wp-content\/uploads\/2021\/10\/17-300x207.jpg 300w\" sizes=\"auto, (max-width: 461px) 100vw, 461px\" \/><figcaption class=\"wp-element-caption\">RFI 25-45<\/figcaption><\/figure>\n\n\n\n<figure class=\"wp-block-image size-large\"><img loading=\"lazy\" decoding=\"async\" width=\"401\" height=\"395\" data-id=\"5337\" src=\"https:\/\/hand2noteguide.com\/wp-content\/uploads\/2021\/10\/18.jpg\" alt=\"\" class=\"wp-image-5337\" srcset=\"https:\/\/hand2noteguide.com\/wp-content\/uploads\/2021\/10\/18.jpg 401w, https:\/\/hand2noteguide.com\/wp-content\/uploads\/2021\/10\/18-300x296.jpg 300w, https:\/\/hand2noteguide.com\/wp-content\/uploads\/2021\/10\/18-96x96.jpg 96w\" sizes=\"auto, (max-width: 401px) 100vw, 401px\" \/><figcaption class=\"wp-element-caption\">RFI 10-25<\/figcaption><\/figure>\n<\/figure>\n\n\n<\/div><\/div>\n","protected":false},"excerpt":{"rendered":"<p>Todos os pop-ups s\u00e3o divididos por situa\u00e7\u00f5es, ent\u00e3o voc\u00ea n\u00e3o precisa clicar em 100 pop-ups para encontrar todas as informa\u00e7\u00f5es, tudo est\u00e1 em um s\u00f3 lugar. As estat\u00edsticas s\u00e3o marcadas em 3 cores: laranja \u00e9 reg m\u00e9dio, vermelho \u00e9 tight e verde \u00e9 mais agressivo. COMPRAR POR $149 (Licen\u00e7a vital\u00edcia ilimitada)<\/p>\n","protected":false},"author":1,"featured_media":0,"parent":4640,"menu_order":0,"comment_status":"closed","ping_status":"closed","template":"page-templates\/full-width-page.php","meta":{"footnotes":""},"class_list":["post-5357","page","type-page","status-publish","hentry"],"translation":{"provider":"WPGlobus","version":"3.0.2","language":"pt","enabled_languages":["en","ru","pt","zh","es","fr","de","it","ja"],"languages":{"en":{"title":true,"content":true,"excerpt":false},"ru":{"title":true,"content":true,"excerpt":false},"pt":{"title":true,"content":true,"excerpt":false},"zh":{"title":true,"content":true,"excerpt":false},"es":{"title":true,"content":true,"excerpt":false},"fr":{"title":true,"content":true,"excerpt":false},"de":{"title":true,"content":true,"excerpt":false},"it":{"title":true,"content":true,"excerpt":false},"ja":{"title":true,"content":true,"excerpt":false}}},"yoast_head":"<!-- This site is optimized with the Yoast SEO plugin v27.0 - https:\/\/yoast.com\/product\/yoast-seo-wordpress\/ -->\n<title>Def4eg364 HUD de MTT para Hand2Note<\/title>\n<meta name=\"description\" content=\"Todos os pop-ups s\u00e3o divididos por situa\u00e7\u00f5es, ent\u00e3o voc\u00ea n\u00e3o precisa clicar em 100 pop-ups para encontrar todas as informa\u00e7\u00f5es, tudo est\u00e1 em um s\u00f3 lugar.\" \/>\n<meta name=\"robots\" content=\"index, follow, max-snippet:-1, max-image-preview:large, max-video-preview:-1\" \/>\n<link rel=\"canonical\" href=\"https:\/\/hand2noteguide.com\/hud-store\/def4eg364-mtt-hud\/\" \/>\n<meta property=\"og:locale\" content=\"pt_PT\" \/>\n<meta property=\"og:type\" content=\"article\" \/>\n<meta property=\"og:title\" content=\"Def4eg364 HUD de MTT para Hand2Note\" \/>\n<meta property=\"og:description\" content=\"Todos os pop-ups s\u00e3o divididos por situa\u00e7\u00f5es, ent\u00e3o voc\u00ea n\u00e3o precisa clicar em 100 pop-ups para encontrar todas as informa\u00e7\u00f5es, tudo est\u00e1 em um s\u00f3 lugar.\" \/>\n<meta property=\"og:url\" content=\"https:\/\/hand2noteguide.com\/hud-store\/def4eg364-mtt-hud\/\" \/>\n<meta property=\"og:site_name\" content=\"Hand2Note Guide\" \/>\n<meta property=\"article:modified_time\" content=\"2025-06-04T12:56:29+00:00\" \/>\n<meta property=\"og:image\" content=\"http:\/\/hand2noteguide.com\/wp-content\/uploads\/2021\/10\/Def4eg364-HUD.jpg\" \/>\n<meta name=\"twitter:card\" content=\"summary_large_image\" \/>\n<meta name=\"twitter:label1\" content=\"Est. reading time\" \/>\n\t<meta name=\"twitter:data1\" content=\"4 minutes\" \/>\n<!-- \/ Yoast SEO plugin. -->","yoast_head_json":{"title":"Def4eg364 HUD de MTT para Hand2Note","description":"Todos os pop-ups s\u00e3o divididos por situa\u00e7\u00f5es, ent\u00e3o voc\u00ea n\u00e3o precisa clicar em 100 pop-ups para encontrar todas as informa\u00e7\u00f5es, tudo est\u00e1 em um s\u00f3 lugar.","robots":{"index":"index","follow":"follow","max-snippet":"max-snippet:-1","max-image-preview":"max-image-preview:large","max-video-preview":"max-video-preview:-1"},"canonical":"https:\/\/hand2noteguide.com\/hud-store\/def4eg364-mtt-hud\/","og_locale":"pt_PT","og_type":"article","og_title":"Def4eg364 HUD de MTT para Hand2Note","og_description":"Todos os pop-ups s\u00e3o divididos por situa\u00e7\u00f5es, ent\u00e3o voc\u00ea n\u00e3o precisa clicar em 100 pop-ups para encontrar todas as informa\u00e7\u00f5es, tudo est\u00e1 em um s\u00f3 lugar.","og_url":"https:\/\/hand2noteguide.com\/hud-store\/def4eg364-mtt-hud\/","og_site_name":"Hand2Note Guide","article_modified_time":"2025-06-04T12:56:29+00:00","og_image":[{"url":"http:\/\/hand2noteguide.com\/wp-content\/uploads\/2021\/10\/Def4eg364-HUD.jpg","type":"","width":"","height":""}],"twitter_card":"summary_large_image","twitter_misc":{"Est. reading time":"4 minutes"},"schema":{"@context":"https:\/\/schema.org","@graph":[]}},"jetpack_sharing_enabled":true,"_links":{"self":[{"href":"https:\/\/hand2noteguide.com\/pt\/wp-json\/wp\/v2\/pages\/5357","targetHints":{"allow":["GET"]}}],"collection":[{"href":"https:\/\/hand2noteguide.com\/pt\/wp-json\/wp\/v2\/pages"}],"about":[{"href":"https:\/\/hand2noteguide.com\/pt\/wp-json\/wp\/v2\/types\/page"}],"author":[{"embeddable":true,"href":"https:\/\/hand2noteguide.com\/pt\/wp-json\/wp\/v2\/users\/1"}],"replies":[{"embeddable":true,"href":"https:\/\/hand2noteguide.com\/pt\/wp-json\/wp\/v2\/comments?post=5357"}],"version-history":[{"count":14,"href":"https:\/\/hand2noteguide.com\/pt\/wp-json\/wp\/v2\/pages\/5357\/revisions"}],"predecessor-version":[{"id":13456,"href":"https:\/\/hand2noteguide.com\/pt\/wp-json\/wp\/v2\/pages\/5357\/revisions\/13456"}],"up":[{"embeddable":true,"href":"https:\/\/hand2noteguide.com\/pt\/wp-json\/wp\/v2\/pages\/4640"}],"wp:attachment":[{"href":"https:\/\/hand2noteguide.com\/pt\/wp-json\/wp\/v2\/media?parent=5357"}],"curies":[{"name":"wp","href":"https:\/\/api.w.org\/{rel}","templated":true}]}}