{"id":555,"date":"2018-11-07T15:03:18","date_gmt":"2018-11-07T12:03:18","guid":{"rendered":"https:\/\/h2n312.wordpress.com\/?page_id=555"},"modified":"2025-06-04T17:50:35","modified_gmt":"2025-06-04T14:50:35","slug":"expression","status":"publish","type":"page","link":"https:\/\/hand2noteguide.com\/pt\/guide\/creating-stats\/expression\/","title":{"rendered":"Estat\u00edsticas de express\u00e3o"},"content":{"rendered":"<p><a href=\"http:\/\/www.hand2note.com\/Help\/Index\/ExpressionStats\" target=\"_blank\" rel=\"noopener noreferrer\">Estat\u00edsticas de express\u00e3o<\/a> s\u00e3o essencialmente f\u00f3rmulas matem\u00e1ticas compostas por <a href=\"https:\/\/hand2noteguide.com\/pt\/guide\/creating-stats\/simple\/\">estat\u00edsticas simples<\/a>. Portanto, para criar tal estat\u00edstica, voc\u00ea s\u00f3 precisa especificar a f\u00f3rmula desejada. A <a href=\"http:\/\/www.hand2note.com\/Help\/Index\/ExpressionSyntax\" target=\"_blank\" rel=\"noopener noreferrer\">sintaxe de express\u00e3o<\/a> \u00e9 descrita no manual no site oficial.<\/p>\n<h2><strong>Exemplos<\/strong><\/h2>\n<p>O nome da estat\u00edstica no Hand2Note \u00e9 especificado entre par\u00eanteses, se existir no programa ap\u00f3s a instala\u00e7\u00e3o por padr\u00e3o.<\/p>\n<ul>\n<li>WTSD (<em>Went to Showdown<\/em>)<br \/>\n<blockquote style=\"margin-top: 15px\"><p>WentToSDCases(Flop Any Action) \/ Cases(Flop Any Action) * 100<\/p><\/blockquote>\n<p>Flop Any Action \u00e9 uma estat\u00edstica simples especialmente criada que n\u00e3o faz sentido por si s\u00f3. Ela descreve as situa\u00e7\u00f5es em que o oponente faz qualquer a\u00e7\u00e3o no flop. Tal estat\u00edstica sempre ter\u00e1 um valor de 100, mas uma estat\u00edstica de express\u00e3o <em>Cases(Flop Any Action)<\/em> significar\u00e1 o n\u00famero de m\u00e3os em que o jogador viu o flop, e <em>WentToSDCases(Flop Any Action) &#8211; <\/em>o n\u00famero de m\u00e3os em que o oponente chegou ao showdown ap\u00f3s ver o flop. As estat\u00edsticas de Any Action para cada street est\u00e3o no programa por padr\u00e3o.<\/li>\n<li>W$SD (<em>Won at Showdown<\/em>)<br \/>\n<blockquote style=\"margin-top: 15px\"><p>WonHandAtSDCases(preflop any action) \/ WentToSDCases(preflop any action) * 100<\/p><\/blockquote>\n<\/li>\n<li>WWSF (<em>Won When Seen Flop<\/em>)<br \/>\n<blockquote style=\"margin-top: 15px\"><p>WonHandCases(flop any action) \/ Cases(flop any action) * 100<\/p><\/blockquote>\n<\/li>\n<li>AFq Flop (<em>Aggression Frequency Flop<\/em>)<br \/>\n<blockquote style=\"margin-top: 15px\"><p>Cases(Flop Raise or Bet)\/Cases(Flop Any Action) * 100<\/p><\/blockquote>\n<\/li>\n<li>AF Flop (<em>Aggression Flop<\/em>)<br \/>\n<blockquote style=\"margin-top: 15px\"><p>(Cases(Bet Flop) + Cases(Raise Flop)) \/ (Cases(Call Flop))<\/p><\/blockquote>\n<\/li>\n<li>4Bet Range (<em>4Bet Range<\/em>)<br \/>\n<blockquote style=\"margin-top: 15px\"><p>Value(Open Raise) * Value(4Bet) \/ 100<\/p><\/blockquote>\n<\/li>\n<\/ul>\n<p>Veja tamb\u00e9m:<\/p>\n<ul>\n<li><a href=\"https:\/\/hand2noteguide.com\/pt\/guide\/hud\/add-aggression-wtsd\/\">Como inserir estat\u00edsticas de agress\u00e3o e showdown no HUD<\/a><\/li>\n<\/ul>\n","protected":false},"excerpt":{"rendered":"<p>Estat\u00edsticas de express\u00e3o s\u00e3o essencialmente f\u00f3rmulas matem\u00e1ticas compostas por estat\u00edsticas simples. Portanto, para criar tal estat\u00edstica, voc\u00ea s\u00f3 precisa especificar a f\u00f3rmula desejada. A sintaxe de express\u00e3o \u00e9 descrita no manual no site oficial. Exemplos O nome da estat\u00edstica no Hand2Note \u00e9 especificado entre par\u00eanteses, se existir no programa ap\u00f3s a instala\u00e7\u00e3o por padr\u00e3o. WTSD &hellip; <a href=\"https:\/\/hand2noteguide.com\/pt\/guide\/creating-stats\/expression\/\" class=\"more-link\">Continue reading <span class=\"screen-reader-text\">Estat\u00edsticas de express\u00e3o<\/span><\/a><\/p>\n","protected":false},"author":1,"featured_media":0,"parent":468,"menu_order":2,"comment_status":"closed","ping_status":"closed","template":"page-templates\/full-width-page.php","meta":{"footnotes":""},"class_list":["post-555","page","type-page","status-publish","hentry"],"translation":{"provider":"WPGlobus","version":"3.0.2","language":"pt","enabled_languages":["en","ru","pt","zh","es","fr","de","it","ja"],"languages":{"en":{"title":true,"content":true,"excerpt":false},"ru":{"title":true,"content":true,"excerpt":false},"pt":{"title":true,"content":true,"excerpt":false},"zh":{"title":true,"content":true,"excerpt":false},"es":{"title":true,"content":true,"excerpt":false},"fr":{"title":true,"content":true,"excerpt":false},"de":{"title":true,"content":true,"excerpt":false},"it":{"title":true,"content":true,"excerpt":false},"ja":{"title":true,"content":true,"excerpt":false}}},"yoast_head":"<!-- This site is optimized with the Yoast SEO plugin v27.0 - https:\/\/yoast.com\/product\/yoast-seo-wordpress\/ -->\n<title>Estat\u00edsticas por express\u00e3o no Hand2Note 3<\/title>\n<meta name=\"description\" content=\"Aprenda a criar e usar estat\u00edsticas por express\u00e3o no Hand2Note. Este guia traz exemplos e dicas para aprimorar sua estrat\u00e9gia de poker com efici\u00eancia.\" \/>\n<meta name=\"robots\" content=\"index, follow, max-snippet:-1, max-image-preview:large, max-video-preview:-1\" \/>\n<link rel=\"canonical\" href=\"https:\/\/hand2noteguide.com\/guide\/creating-stats\/expression\/\" \/>\n<meta property=\"og:locale\" content=\"pt_PT\" \/>\n<meta property=\"og:type\" content=\"article\" \/>\n<meta property=\"og:title\" content=\"Estat\u00edsticas por express\u00e3o no Hand2Note 3\" \/>\n<meta property=\"og:description\" content=\"Aprenda a criar e usar estat\u00edsticas por express\u00e3o no Hand2Note. Este guia traz exemplos e dicas para aprimorar sua estrat\u00e9gia de poker com efici\u00eancia.\" \/>\n<meta property=\"og:url\" content=\"https:\/\/hand2noteguide.com\/guide\/creating-stats\/expression\/\" \/>\n<meta property=\"og:site_name\" content=\"Hand2Note Guide\" \/>\n<meta property=\"article:modified_time\" content=\"2025-06-04T14:50:35+00:00\" \/>\n<meta name=\"twitter:card\" content=\"summary_large_image\" \/>\n<meta name=\"twitter:label1\" content=\"Est. reading time\" \/>\n\t<meta name=\"twitter:data1\" content=\"9 minutes\" \/>\n<!-- \/ Yoast SEO plugin. -->","yoast_head_json":{"title":"Estat\u00edsticas por express\u00e3o no Hand2Note 3","description":"Aprenda a criar e usar estat\u00edsticas por express\u00e3o no Hand2Note. Este guia traz exemplos e dicas para aprimorar sua estrat\u00e9gia de poker com efici\u00eancia.","robots":{"index":"index","follow":"follow","max-snippet":"max-snippet:-1","max-image-preview":"max-image-preview:large","max-video-preview":"max-video-preview:-1"},"canonical":"https:\/\/hand2noteguide.com\/guide\/creating-stats\/expression\/","og_locale":"pt_PT","og_type":"article","og_title":"Estat\u00edsticas por express\u00e3o no Hand2Note 3","og_description":"Aprenda a criar e usar estat\u00edsticas por express\u00e3o no Hand2Note. Este guia traz exemplos e dicas para aprimorar sua estrat\u00e9gia de poker com efici\u00eancia.","og_url":"https:\/\/hand2noteguide.com\/guide\/creating-stats\/expression\/","og_site_name":"Hand2Note Guide","article_modified_time":"2025-06-04T14:50:35+00:00","twitter_card":"summary_large_image","twitter_misc":{"Est. reading time":"9 minutes"},"schema":{"@context":"https:\/\/schema.org","@graph":[]}},"jetpack_sharing_enabled":false,"_links":{"self":[{"href":"https:\/\/hand2noteguide.com\/pt\/wp-json\/wp\/v2\/pages\/555","targetHints":{"allow":["GET"]}}],"collection":[{"href":"https:\/\/hand2noteguide.com\/pt\/wp-json\/wp\/v2\/pages"}],"about":[{"href":"https:\/\/hand2noteguide.com\/pt\/wp-json\/wp\/v2\/types\/page"}],"author":[{"embeddable":true,"href":"https:\/\/hand2noteguide.com\/pt\/wp-json\/wp\/v2\/users\/1"}],"replies":[{"embeddable":true,"href":"https:\/\/hand2noteguide.com\/pt\/wp-json\/wp\/v2\/comments?post=555"}],"version-history":[{"count":18,"href":"https:\/\/hand2noteguide.com\/pt\/wp-json\/wp\/v2\/pages\/555\/revisions"}],"predecessor-version":[{"id":13520,"href":"https:\/\/hand2noteguide.com\/pt\/wp-json\/wp\/v2\/pages\/555\/revisions\/13520"}],"up":[{"embeddable":true,"href":"https:\/\/hand2noteguide.com\/pt\/wp-json\/wp\/v2\/pages\/468"}],"wp:attachment":[{"href":"https:\/\/hand2noteguide.com\/pt\/wp-json\/wp\/v2\/media?parent=555"}],"curies":[{"name":"wp","href":"https:\/\/api.w.org\/{rel}","templated":true}]}}