{"id":5597,"date":"2022-02-14T09:16:24","date_gmt":"2022-02-14T06:16:24","guid":{"rendered":"http:\/\/hand2noteguide.com\/?page_id=5597"},"modified":"2026-02-21T18:39:03","modified_gmt":"2026-02-21T15:39:03","slug":"video-course","status":"publish","type":"page","link":"https:\/\/hand2noteguide.com\/pt\/video-course\/","title":{"rendered":"Curso em V\u00eddeo do Hand2Note"},"content":{"rendered":"\n<p>Hand2Note \u00e9 um software de poker incrivelmente poderoso com muitos recursos para melhorar seu jogo. Para us\u00e1-los de forma eficaz, recomendamos fazer nosso curso em v\u00eddeo.<\/p>\n\n\n\n<p>Seu instrutor no curso \u00e9 Nick Korolev &#8211; um jogador de poker profissional e membro da equipe Hand2Note. Nick explica todas as fun\u00e7\u00f5es do software passo a passo. O curso \u00e9 adequado para jogadores de qualquer n\u00edvel com qualquer experi\u00eancia no uso de ferramentas de poker.<\/p>\n\n\n<div class=\"responsive-tabs\">\n<h2 class=\"tabtitle\">Hand2Note 4<\/h2>\n<div class=\"tabcontent\">\n\n\n\n\n<p>O <a aria-label=\"undefined (abre em uma nova aba)\" href=\"https:\/\/courses.poker\/p\/hand2note-4\" target=\"_blank\" rel=\"noreferrer noopener\">curso em v\u00eddeo do Hand2Note 4<\/a> cont\u00e9m 21 v\u00eddeos com uma dura\u00e7\u00e3o total de 5 horas.<\/p>\n\n\n\n<div style=\"margin-bottom:30px\">\n<a class=\"button\" href=\"https:\/\/courses.poker\/courses\/hand2note-4\/lectures\/60428707\" target=\"_blank\" style=\"background-color:#26a95e;border-radius:15px;margin-left:6px;color:#fff\" rel=\"noopener noreferrer\">ASSISTA AGORA<\/a>\n<\/div>\n\n\n\n<p><a target=\"_blank\" href=\"https:\/\/courses.poker\/courses\/hand2note-4\/lectures\/60428707\" rel=\"noopener\"><img decoding=\"async\" style=\"width:650px;max-width:100%\" class=\"no-lightbox\" alt=\"Curso em v\u00eddeo do Hand2Note 4\" src=\"http:\/\/hand2noteguide.com\/wp-content\/uploads\/2025\/03\/hand2note-4-video-course-min.png\"><\/a><\/p>\n\n\n\n<\/div><h2 class=\"tabtitle\">Hand2Note 3<\/h2>\n<div class=\"tabcontent\">\n\n\n\n\n<p>O <a aria-label=\"undefined (abre em uma nova aba)\" href=\"https:\/\/courses.poker\/p\/hand2note-professional-usage\" target=\"_blank\" rel=\"noreferrer noopener\">curso em v\u00eddeo do Hand2Note 3<\/a> cont\u00e9m 30 v\u00eddeos com uma dura\u00e7\u00e3o total de 3,5 horas.<\/p>\n\n\n\n<div style=\"margin-bottom:30px\">\n<a class=\"button\" href=\"https:\/\/courses.poker\/courses\/hand2note-professional-usage\/lectures\/14423550\" target=\"_blank\" style=\"background-color:#26a95e;border-radius:15px;margin-left:6px;color:#fff\" rel=\"noopener noreferrer\">ASSISTA AGORA<\/a>\n<\/div>\n\n\n<\/div><\/div>\n\n\n\n<p>N\u00e3o tem certeza de qual vers\u00e3o escolher? Recomendamos o Hand2Note 4 &#8211; \u00e9 a vers\u00e3o mais recente do software com todos os recursos mais recentes. O Hand2Note 3 ser\u00e1 descontinuado em breve.<\/p>\n","protected":false},"excerpt":{"rendered":"<p>Hand2Note \u00e9 um software de poker incrivelmente poderoso com muitos recursos para melhorar seu jogo. Para us\u00e1-los de forma eficaz, recomendamos fazer nosso curso em v\u00eddeo. Seu instrutor no curso \u00e9 Nick Korolev &#8211; um jogador de poker profissional e membro da equipe Hand2Note. Nick explica todas as fun\u00e7\u00f5es do software passo a passo. O &hellip; <a href=\"https:\/\/hand2noteguide.com\/pt\/video-course\/\" class=\"more-link\">Continue reading <span class=\"screen-reader-text\">Curso em V\u00eddeo do Hand2Note<\/span><\/a><\/p>\n","protected":false},"author":1,"featured_media":10170,"parent":0,"menu_order":0,"comment_status":"closed","ping_status":"closed","template":"","meta":{"footnotes":""},"class_list":["post-5597","page","type-page","status-publish","has-post-thumbnail","hentry"],"translation":{"provider":"WPGlobus","version":"3.0.2","language":"pt","enabled_languages":["en","ru","pt","zh","es","fr","de","it","ja"],"languages":{"en":{"title":true,"content":true,"excerpt":false},"ru":{"title":true,"content":true,"excerpt":false},"pt":{"title":true,"content":true,"excerpt":false},"zh":{"title":true,"content":true,"excerpt":false},"es":{"title":true,"content":true,"excerpt":false},"fr":{"title":true,"content":true,"excerpt":false},"de":{"title":true,"content":true,"excerpt":false},"it":{"title":true,"content":true,"excerpt":false},"ja":{"title":true,"content":true,"excerpt":false}}},"yoast_head":"<!-- This site is optimized with the Yoast SEO plugin v27.0 - https:\/\/yoast.com\/product\/yoast-seo-wordpress\/ -->\n<title>Curso em V\u00eddeo Hand2Note \u2013 Aprenda Todos os Recursos<\/title>\n<meta name=\"description\" content=\"Com 21 v\u00eddeos e cerca de 5 horas de conte\u00fado premium de treinamento do Hand2Note, voc\u00ea ser\u00e1 capaz de dominar todos os recursos do Hand2Note e melhorar seu desempenho geral no poker.\" \/>\n<meta name=\"robots\" content=\"index, follow, max-snippet:-1, max-image-preview:large, max-video-preview:-1\" \/>\n<link rel=\"canonical\" href=\"https:\/\/hand2noteguide.com\/ru\/video-course\/\" \/>\n<meta property=\"og:locale\" content=\"pt_PT\" \/>\n<meta property=\"og:type\" content=\"article\" \/>\n<meta property=\"og:title\" content=\"Curso em V\u00eddeo Hand2Note \u2013 Aprenda Todos os Recursos\" \/>\n<meta property=\"og:description\" content=\"Com 21 v\u00eddeos e cerca de 5 horas de conte\u00fado premium de treinamento do Hand2Note, voc\u00ea ser\u00e1 capaz de dominar todos os recursos do Hand2Note e melhorar seu desempenho geral no poker.\" \/>\n<meta property=\"og:url\" content=\"https:\/\/hand2noteguide.com\/ru\/video-course\/\" \/>\n<meta property=\"og:site_name\" content=\"Hand2Note Guide\" \/>\n<meta property=\"article:modified_time\" content=\"2026-02-21T15:39:03+00:00\" \/>\n<meta property=\"og:image\" content=\"https:\/\/hand2noteguide.com\/wp-content\/uploads\/2025\/04\/hand2note-course.png\" \/>\n\t<meta property=\"og:image:width\" content=\"600\" \/>\n\t<meta property=\"og:image:height\" content=\"409\" \/>\n\t<meta property=\"og:image:type\" content=\"image\/png\" \/>\n<meta name=\"twitter:card\" content=\"summary_large_image\" \/>\n<meta name=\"twitter:label1\" content=\"Est. reading time\" \/>\n\t<meta name=\"twitter:data1\" content=\"2 minutes\" \/>\n<!-- \/ Yoast SEO plugin. -->","yoast_head_json":{"title":"Curso em V\u00eddeo Hand2Note \u2013 Aprenda Todos os Recursos","description":"Com 21 v\u00eddeos e cerca de 5 horas de conte\u00fado premium de treinamento do Hand2Note, voc\u00ea ser\u00e1 capaz de dominar todos os recursos do Hand2Note e melhorar seu desempenho geral no poker.","robots":{"index":"index","follow":"follow","max-snippet":"max-snippet:-1","max-image-preview":"max-image-preview:large","max-video-preview":"max-video-preview:-1"},"canonical":"https:\/\/hand2noteguide.com\/ru\/video-course\/","og_locale":"pt_PT","og_type":"article","og_title":"Curso em V\u00eddeo Hand2Note \u2013 Aprenda Todos os Recursos","og_description":"Com 21 v\u00eddeos e cerca de 5 horas de conte\u00fado premium de treinamento do Hand2Note, voc\u00ea ser\u00e1 capaz de dominar todos os recursos do Hand2Note e melhorar seu desempenho geral no poker.","og_url":"https:\/\/hand2noteguide.com\/ru\/video-course\/","og_site_name":"Hand2Note Guide","article_modified_time":"2026-02-21T15:39:03+00:00","og_image":[{"width":600,"height":409,"url":"https:\/\/hand2noteguide.com\/wp-content\/uploads\/2025\/04\/hand2note-course.png","type":"image\/png"}],"twitter_card":"summary_large_image","twitter_misc":{"Est. reading time":"2 minutes"},"schema":{"@context":"https:\/\/schema.org","@graph":[]}},"jetpack_sharing_enabled":true,"_links":{"self":[{"href":"https:\/\/hand2noteguide.com\/pt\/wp-json\/wp\/v2\/pages\/5597","targetHints":{"allow":["GET"]}}],"collection":[{"href":"https:\/\/hand2noteguide.com\/pt\/wp-json\/wp\/v2\/pages"}],"about":[{"href":"https:\/\/hand2noteguide.com\/pt\/wp-json\/wp\/v2\/types\/page"}],"author":[{"embeddable":true,"href":"https:\/\/hand2noteguide.com\/pt\/wp-json\/wp\/v2\/users\/1"}],"replies":[{"embeddable":true,"href":"https:\/\/hand2noteguide.com\/pt\/wp-json\/wp\/v2\/comments?post=5597"}],"version-history":[{"count":59,"href":"https:\/\/hand2noteguide.com\/pt\/wp-json\/wp\/v2\/pages\/5597\/revisions"}],"predecessor-version":[{"id":13452,"href":"https:\/\/hand2noteguide.com\/pt\/wp-json\/wp\/v2\/pages\/5597\/revisions\/13452"}],"wp:featuredmedia":[{"embeddable":true,"href":"https:\/\/hand2noteguide.com\/pt\/wp-json\/wp\/v2\/media\/10170"}],"wp:attachment":[{"href":"https:\/\/hand2noteguide.com\/pt\/wp-json\/wp\/v2\/media?parent=5597"}],"curies":[{"name":"wp","href":"https:\/\/api.w.org\/{rel}","templated":true}]}}