{"id":5716,"date":"2022-04-08T16:06:48","date_gmt":"2022-04-08T13:06:48","guid":{"rendered":"http:\/\/hand2noteguide.com\/?page_id=5716"},"modified":"2025-06-04T15:50:40","modified_gmt":"2025-06-04T12:50:40","slug":"merging-txt-hand-history-files-into-one","status":"publish","type":"page","link":"https:\/\/hand2noteguide.com\/pt\/ggpoker-hh\/merging-txt-hand-history-files-into-one\/","title":{"rendered":"Mesclando todos os hist\u00f3ricos de m\u00e3os em um \u00fanico arquivo"},"content":{"rendered":"\n<ol class=\"wp-block-list\"><li><a href=\"https:\/\/hand2noteguide.com\/wp-content\/uploads\/2022\/04\/TXTcollector.zip\"><strong>Baixe o TXTcollector<\/strong><\/a>. \u00c9 um software leve e pr\u00e1tico que rapidamente mesclar\u00e1 muitos arquivos .txt em um s\u00f3.<\/li><li><strong>Execute o setup.exe<\/strong> e siga os passos de instala\u00e7\u00e3o.<\/li><\/ol>\n\n\n\n<figure class=\"wp-block-image size-large is-resized\"><img loading=\"lazy\" decoding=\"async\" src=\"https:\/\/hand2noteguide.com\/wp-content\/uploads\/2022\/04\/image-1.png\" alt=\"\" class=\"wp-image-5719\" width=\"499\" height=\"371\" srcset=\"https:\/\/hand2noteguide.com\/wp-content\/uploads\/2022\/04\/image-1.png 997w, https:\/\/hand2noteguide.com\/wp-content\/uploads\/2022\/04\/image-1-300x223.png 300w, https:\/\/hand2noteguide.com\/wp-content\/uploads\/2022\/04\/image-1-768x571.png 768w, https:\/\/hand2noteguide.com\/wp-content\/uploads\/2022\/04\/image-1-772x574.png 772w, https:\/\/hand2noteguide.com\/wp-content\/uploads\/2022\/04\/image-1-624x464.png 624w\" sizes=\"auto, (max-width: 499px) 100vw, 499px\" \/><\/figure>\n\n\n\n<p>3.<strong> Execute o TXTCollector<\/strong> a partir da sua \u00e1rea de trabalho<\/p>\n\n\n\n<figure class=\"wp-block-image size-large is-resized\"><img loading=\"lazy\" decoding=\"async\" src=\"https:\/\/hand2noteguide.com\/wp-content\/uploads\/2022\/04\/image-2.png\" alt=\"\" class=\"wp-image-5720\" width=\"140\" height=\"118\" \/><\/figure>\n\n\n\n<p>4. Clique em <strong>Browse Folders<\/strong> e selecione sua pasta com os hist\u00f3ricos de m\u00e3os. Voc\u00ea tamb\u00e9m pode marcar a op\u00e7\u00e3o &#8220;Include subfolders&#8221; para que o TXTcollector detecte arquivos .txt em subpastas tamb\u00e9m.<\/p>\n\n\n\n<figure class=\"wp-block-image size-large is-resized\"><img loading=\"lazy\" decoding=\"async\" src=\"https:\/\/hand2noteguide.com\/wp-content\/uploads\/2022\/04\/image-3.png\" alt=\"\" class=\"wp-image-5721\" width=\"482\" height=\"510\" srcset=\"https:\/\/hand2noteguide.com\/wp-content\/uploads\/2022\/04\/image-3.png 964w, https:\/\/hand2noteguide.com\/wp-content\/uploads\/2022\/04\/image-3-284x300.png 284w, https:\/\/hand2noteguide.com\/wp-content\/uploads\/2022\/04\/image-3-768x813.png 768w, https:\/\/hand2noteguide.com\/wp-content\/uploads\/2022\/04\/image-3-772x817.png 772w, https:\/\/hand2noteguide.com\/wp-content\/uploads\/2022\/04\/image-3-590x624.png 590w\" sizes=\"auto, (max-width: 482px) 100vw, 482px\" \/><\/figure>\n\n\n\n<p>5. Clique em <strong>Combine all files<\/strong>.<\/p>\n\n\n\n<figure class=\"wp-block-image size-large is-resized\"><img loading=\"lazy\" decoding=\"async\" src=\"https:\/\/hand2noteguide.com\/wp-content\/uploads\/2022\/04\/image-5.png\" alt=\"\" class=\"wp-image-5723\" width=\"264\" height=\"377\" srcset=\"https:\/\/hand2noteguide.com\/wp-content\/uploads\/2022\/04\/image-5.png 527w, https:\/\/hand2noteguide.com\/wp-content\/uploads\/2022\/04\/image-5-210x300.png 210w, https:\/\/hand2noteguide.com\/wp-content\/uploads\/2022\/04\/image-5-436x624.png 436w\" sizes=\"auto, (max-width: 264px) 100vw, 264px\" \/><\/figure>\n\n\n\n<p>6. Ap\u00f3s o processo ser conclu\u00eddo, clique em <strong>OK<\/strong> na janela popup e salve o arquivo <strong>combined.txt<\/strong> em qualquer lugar conveniente. Voc\u00ea tamb\u00e9m pode renomear o arquivo se desejar.<\/p>\n\n\n\n<figure class=\"wp-block-image size-large is-resized\"><img loading=\"lazy\" decoding=\"async\" src=\"https:\/\/hand2noteguide.com\/wp-content\/uploads\/2022\/04\/image-6-1024x638.png\" alt=\"\" class=\"wp-image-5724\" width=\"512\" height=\"319\" srcset=\"https:\/\/hand2noteguide.com\/wp-content\/uploads\/2022\/04\/image-6-1024x638.png 1024w, https:\/\/hand2noteguide.com\/wp-content\/uploads\/2022\/04\/image-6-300x187.png 300w, https:\/\/hand2noteguide.com\/wp-content\/uploads\/2022\/04\/image-6-768x479.png 768w, https:\/\/hand2noteguide.com\/wp-content\/uploads\/2022\/04\/image-6-772x481.png 772w, https:\/\/hand2noteguide.com\/wp-content\/uploads\/2022\/04\/image-6-624x389.png 624w, https:\/\/hand2noteguide.com\/wp-content\/uploads\/2022\/04\/image-6.png 1506w\" sizes=\"auto, (max-width: 512px) 100vw, 512px\" \/><\/figure>\n\n\n\n<p>7. \u00c9 isso! O novo arquivo cont\u00e9m todos os hist\u00f3ricos de m\u00e3os e voc\u00ea pode us\u00e1-lo na <a href=\"https:\/\/hand2noteguide.com\/pt\/ggpoker-hh\/\">p\u00e1gina do conversor<\/a>.<\/p>\n","protected":false},"excerpt":{"rendered":"<p>Baixe o TXTcollector. \u00c9 um software leve e pr\u00e1tico que rapidamente mesclar\u00e1 muitos arquivos .txt em um s\u00f3. Execute o setup.exe e siga os passos de instala\u00e7\u00e3o. 3. Execute o TXTCollector a partir da sua \u00e1rea de trabalho 4. Clique em Browse Folders e selecione sua pasta com os hist\u00f3ricos de m\u00e3os. Voc\u00ea tamb\u00e9m pode &hellip; <a href=\"https:\/\/hand2noteguide.com\/pt\/ggpoker-hh\/merging-txt-hand-history-files-into-one\/\" class=\"more-link\">Continue reading <span class=\"screen-reader-text\">Mesclando todos os hist\u00f3ricos de m\u00e3os em um \u00fanico arquivo<\/span><\/a><\/p>\n","protected":false},"author":1,"featured_media":0,"parent":4885,"menu_order":0,"comment_status":"closed","ping_status":"closed","template":"page-templates\/full-width-page.php","meta":{"footnotes":""},"class_list":["post-5716","page","type-page","status-publish","hentry"],"translation":{"provider":"WPGlobus","version":"3.0.2","language":"pt","enabled_languages":["en","ru","pt","zh","es","fr","de","it","ja"],"languages":{"en":{"title":true,"content":true,"excerpt":false},"ru":{"title":true,"content":true,"excerpt":false},"pt":{"title":true,"content":true,"excerpt":false},"zh":{"title":true,"content":true,"excerpt":false},"es":{"title":true,"content":true,"excerpt":false},"fr":{"title":true,"content":true,"excerpt":false},"de":{"title":true,"content":true,"excerpt":false},"it":{"title":true,"content":true,"excerpt":false},"ja":{"title":true,"content":true,"excerpt":false}}},"yoast_head":"<!-- This site is optimized with the Yoast SEO plugin v27.0 - https:\/\/yoast.com\/product\/yoast-seo-wordpress\/ -->\n<title>Combine Hist\u00f3ricos de M\u00e3os de Poker em um Arquivo F\u00e1cil<\/title>\n<meta name=\"description\" content=\"Mescle rapidamente v\u00e1rios arquivos de hist\u00f3ricos de m\u00e3os de poker em um s\u00f3 com nosso guia f\u00e1cil. Perfeito para jogadores que buscam otimizar seus dados para an\u00e1lise.\" \/>\n<meta name=\"robots\" content=\"index, follow, max-snippet:-1, max-image-preview:large, max-video-preview:-1\" \/>\n<link rel=\"canonical\" href=\"https:\/\/hand2noteguide.com\/ggpoker-hh\/merging-txt-hand-history-files-into-one\/\" \/>\n<meta property=\"og:locale\" content=\"pt_PT\" \/>\n<meta property=\"og:type\" content=\"article\" \/>\n<meta property=\"og:title\" content=\"Combine Hist\u00f3ricos de M\u00e3os de Poker em um Arquivo F\u00e1cil\" \/>\n<meta property=\"og:description\" content=\"Mescle rapidamente v\u00e1rios arquivos de hist\u00f3ricos de m\u00e3os de poker em um s\u00f3 com nosso guia f\u00e1cil. Perfeito para jogadores que buscam otimizar seus dados para an\u00e1lise.\" \/>\n<meta property=\"og:url\" content=\"https:\/\/hand2noteguide.com\/ggpoker-hh\/merging-txt-hand-history-files-into-one\/\" \/>\n<meta property=\"og:site_name\" content=\"Hand2Note Guide\" \/>\n<meta property=\"article:modified_time\" content=\"2025-06-04T12:50:40+00:00\" \/>\n<meta property=\"og:image\" content=\"http:\/\/hand2noteguide.com\/wp-content\/uploads\/2022\/04\/image-1.png\" \/>\n<meta name=\"twitter:card\" content=\"summary_large_image\" \/>\n<meta name=\"twitter:label1\" content=\"Est. reading time\" \/>\n\t<meta name=\"twitter:data1\" content=\"4 minutes\" \/>\n<!-- \/ Yoast SEO plugin. -->","yoast_head_json":{"title":"Combine Hist\u00f3ricos de M\u00e3os de Poker em um Arquivo F\u00e1cil","description":"Mescle rapidamente v\u00e1rios arquivos de hist\u00f3ricos de m\u00e3os de poker em um s\u00f3 com nosso guia f\u00e1cil. Perfeito para jogadores que buscam otimizar seus dados para an\u00e1lise.","robots":{"index":"index","follow":"follow","max-snippet":"max-snippet:-1","max-image-preview":"max-image-preview:large","max-video-preview":"max-video-preview:-1"},"canonical":"https:\/\/hand2noteguide.com\/ggpoker-hh\/merging-txt-hand-history-files-into-one\/","og_locale":"pt_PT","og_type":"article","og_title":"Combine Hist\u00f3ricos de M\u00e3os de Poker em um Arquivo F\u00e1cil","og_description":"Mescle rapidamente v\u00e1rios arquivos de hist\u00f3ricos de m\u00e3os de poker em um s\u00f3 com nosso guia f\u00e1cil. Perfeito para jogadores que buscam otimizar seus dados para an\u00e1lise.","og_url":"https:\/\/hand2noteguide.com\/ggpoker-hh\/merging-txt-hand-history-files-into-one\/","og_site_name":"Hand2Note Guide","article_modified_time":"2025-06-04T12:50:40+00:00","og_image":[{"url":"http:\/\/hand2noteguide.com\/wp-content\/uploads\/2022\/04\/image-1.png","type":"","width":"","height":""}],"twitter_card":"summary_large_image","twitter_misc":{"Est. reading time":"4 minutes"},"schema":{"@context":"https:\/\/schema.org","@graph":[]}},"jetpack_sharing_enabled":true,"_links":{"self":[{"href":"https:\/\/hand2noteguide.com\/pt\/wp-json\/wp\/v2\/pages\/5716","targetHints":{"allow":["GET"]}}],"collection":[{"href":"https:\/\/hand2noteguide.com\/pt\/wp-json\/wp\/v2\/pages"}],"about":[{"href":"https:\/\/hand2noteguide.com\/pt\/wp-json\/wp\/v2\/types\/page"}],"author":[{"embeddable":true,"href":"https:\/\/hand2noteguide.com\/pt\/wp-json\/wp\/v2\/users\/1"}],"replies":[{"embeddable":true,"href":"https:\/\/hand2noteguide.com\/pt\/wp-json\/wp\/v2\/comments?post=5716"}],"version-history":[{"count":17,"href":"https:\/\/hand2noteguide.com\/pt\/wp-json\/wp\/v2\/pages\/5716\/revisions"}],"predecessor-version":[{"id":13448,"href":"https:\/\/hand2noteguide.com\/pt\/wp-json\/wp\/v2\/pages\/5716\/revisions\/13448"}],"up":[{"embeddable":true,"href":"https:\/\/hand2noteguide.com\/pt\/wp-json\/wp\/v2\/pages\/4885"}],"wp:attachment":[{"href":"https:\/\/hand2noteguide.com\/pt\/wp-json\/wp\/v2\/media?parent=5716"}],"curies":[{"name":"wp","href":"https:\/\/api.w.org\/{rel}","templated":true}]}}