{"id":572,"date":"2018-11-10T10:52:59","date_gmt":"2018-11-10T07:52:59","guid":{"rendered":"https:\/\/h2n312.wordpress.com\/?page_id=572"},"modified":"2025-06-04T17:49:49","modified_gmt":"2025-06-04T14:49:49","slug":"system-requirements","status":"publish","type":"page","link":"https:\/\/hand2noteguide.com\/pt\/guide\/system-requirements\/","title":{"rendered":"Requisitos do Sistema"},"content":{"rendered":"<p>Hand2Note \u00e9 bem otimizado e n\u00e3o exige muitos recursos do computador na configura\u00e7\u00e3o padr\u00e3o.<\/p>\n<p>Requisitos m\u00ednimos do sistema, de acordo com o site oficial:<\/p>\n<ul>\n<li>windows 7+<\/li>\n<li>2gb+ RAM<\/li>\n<\/ul>\n<p>A velocidade e estabilidade do desempenho do Hand2Note dependem em grande parte do tamanho do seu <a href=\"https:\/\/hand2noteguide.com\/pt\/guide\/database\/\">banco de dados<\/a> e do n\u00famero e complexidade das <a href=\"https:\/\/hand2noteguide.com\/pt\/guide\/creating-stats\/\">stats<\/a> usadas. Voc\u00ea pode usar o Hand2Note em dispositivos relativamente fracos, mas deve entender que a importa\u00e7\u00e3o funcionar\u00e1 lentamente e voc\u00ea n\u00e3o poder\u00e1 usar <a href=\"https:\/\/hand2noteguide.com\/pt\/guide\/hud\/\">HUD<\/a>s din\u00e2micos complexos.<\/p>\n<p>Se voc\u00ea pretende jogar em <a href=\"https:\/\/hand2noteguide.com\/pt\/asian\/\">salas asi\u00e1ticas<\/a>, definitivamente deve considerar op\u00e7\u00f5es mais fortes, pois os emuladores de Android exigem muito do processador. Para mais informa\u00e7\u00f5es sobre os requisitos do sistema para jogar atrav\u00e9s do emulador, \u00e9 melhor verificar com os afiliados.<\/p>\n<p>Veja tamb\u00e9m: <a href=\"https:\/\/hand2noteguide.com\/pt\/issues-resolving\/hand2note-lags\/\">O que fazer se o Hand2Note congelar ou estiver lento?<\/a><\/p>\n","protected":false},"excerpt":{"rendered":"<p>Hand2Note \u00e9 bem otimizado e n\u00e3o exige muitos recursos do computador na configura\u00e7\u00e3o padr\u00e3o. Requisitos m\u00ednimos do sistema, de acordo com o site oficial: windows 7+ 2gb+ RAM A velocidade e estabilidade do desempenho do Hand2Note dependem em grande parte do tamanho do seu banco de dados e do n\u00famero e complexidade das stats usadas. &hellip; <a href=\"https:\/\/hand2noteguide.com\/pt\/guide\/system-requirements\/\" class=\"more-link\">Continue reading <span class=\"screen-reader-text\">Requisitos do Sistema<\/span><\/a><\/p>\n","protected":false},"author":1,"featured_media":0,"parent":74,"menu_order":0,"comment_status":"closed","ping_status":"closed","template":"page-templates\/full-width-page.php","meta":{"footnotes":""},"class_list":["post-572","page","type-page","status-publish","hentry"],"translation":{"provider":"WPGlobus","version":"3.0.2","language":"pt","enabled_languages":["en","ru","pt","zh","es","fr","de","it","ja"],"languages":{"en":{"title":true,"content":true,"excerpt":false},"ru":{"title":true,"content":true,"excerpt":false},"pt":{"title":true,"content":true,"excerpt":false},"zh":{"title":true,"content":true,"excerpt":false},"es":{"title":true,"content":true,"excerpt":false},"fr":{"title":true,"content":true,"excerpt":false},"de":{"title":true,"content":true,"excerpt":false},"it":{"title":true,"content":true,"excerpt":false},"ja":{"title":true,"content":true,"excerpt":false}}},"yoast_head":"<!-- This site is optimized with the Yoast SEO plugin v27.0 - https:\/\/yoast.com\/product\/yoast-seo-wordpress\/ -->\n<title>Requisitos de Sistema Ideais para Desempenho do Hand2Note<\/title>\n<meta name=\"description\" content=\"Descubra os requisitos m\u00ednimos e ideais de sistema para o Hand2Note e garanta um desempenho suave e est\u00e1vel, mesmo em ambientes exigentes.\" \/>\n<meta name=\"robots\" content=\"index, follow, max-snippet:-1, max-image-preview:large, max-video-preview:-1\" \/>\n<link rel=\"canonical\" href=\"https:\/\/hand2noteguide.com\/guide\/system-requirements\/\" \/>\n<meta property=\"og:locale\" content=\"pt_PT\" \/>\n<meta property=\"og:type\" content=\"article\" \/>\n<meta property=\"og:title\" content=\"Requisitos de Sistema Ideais para Desempenho do Hand2Note\" \/>\n<meta property=\"og:description\" content=\"Descubra os requisitos m\u00ednimos e ideais de sistema para o Hand2Note e garanta um desempenho suave e est\u00e1vel, mesmo em ambientes exigentes.\" \/>\n<meta property=\"og:url\" content=\"https:\/\/hand2noteguide.com\/guide\/system-requirements\/\" \/>\n<meta property=\"og:site_name\" content=\"Hand2Note Guide\" \/>\n<meta property=\"article:modified_time\" content=\"2025-06-04T14:49:49+00:00\" \/>\n<meta name=\"twitter:card\" content=\"summary_large_image\" \/>\n<meta name=\"twitter:label1\" content=\"Est. reading time\" \/>\n\t<meta name=\"twitter:data1\" content=\"4 minutes\" \/>\n<!-- \/ Yoast SEO plugin. -->","yoast_head_json":{"title":"Requisitos de Sistema Ideais para Desempenho do Hand2Note","description":"Descubra os requisitos m\u00ednimos e ideais de sistema para o Hand2Note e garanta um desempenho suave e est\u00e1vel, mesmo em ambientes exigentes.","robots":{"index":"index","follow":"follow","max-snippet":"max-snippet:-1","max-image-preview":"max-image-preview:large","max-video-preview":"max-video-preview:-1"},"canonical":"https:\/\/hand2noteguide.com\/guide\/system-requirements\/","og_locale":"pt_PT","og_type":"article","og_title":"Requisitos de Sistema Ideais para Desempenho do Hand2Note","og_description":"Descubra os requisitos m\u00ednimos e ideais de sistema para o Hand2Note e garanta um desempenho suave e est\u00e1vel, mesmo em ambientes exigentes.","og_url":"https:\/\/hand2noteguide.com\/guide\/system-requirements\/","og_site_name":"Hand2Note Guide","article_modified_time":"2025-06-04T14:49:49+00:00","twitter_card":"summary_large_image","twitter_misc":{"Est. reading time":"4 minutes"},"schema":{"@context":"https:\/\/schema.org","@graph":[]}},"jetpack_sharing_enabled":false,"_links":{"self":[{"href":"https:\/\/hand2noteguide.com\/pt\/wp-json\/wp\/v2\/pages\/572","targetHints":{"allow":["GET"]}}],"collection":[{"href":"https:\/\/hand2noteguide.com\/pt\/wp-json\/wp\/v2\/pages"}],"about":[{"href":"https:\/\/hand2noteguide.com\/pt\/wp-json\/wp\/v2\/types\/page"}],"author":[{"embeddable":true,"href":"https:\/\/hand2noteguide.com\/pt\/wp-json\/wp\/v2\/users\/1"}],"replies":[{"embeddable":true,"href":"https:\/\/hand2noteguide.com\/pt\/wp-json\/wp\/v2\/comments?post=572"}],"version-history":[{"count":13,"href":"https:\/\/hand2noteguide.com\/pt\/wp-json\/wp\/v2\/pages\/572\/revisions"}],"predecessor-version":[{"id":13519,"href":"https:\/\/hand2noteguide.com\/pt\/wp-json\/wp\/v2\/pages\/572\/revisions\/13519"}],"up":[{"embeddable":true,"href":"https:\/\/hand2noteguide.com\/pt\/wp-json\/wp\/v2\/pages\/74"}],"wp:attachment":[{"href":"https:\/\/hand2noteguide.com\/pt\/wp-json\/wp\/v2\/media?parent=572"}],"curies":[{"name":"wp","href":"https:\/\/api.w.org\/{rel}","templated":true}]}}