{"id":5748,"date":"2022-04-11T16:53:49","date_gmt":"2022-04-11T13:53:49","guid":{"rendered":"http:\/\/hand2noteguide.com\/?page_id=5748"},"modified":"2025-06-04T15:49:44","modified_gmt":"2025-06-04T12:49:44","slug":"ggpoker-import","status":"publish","type":"page","link":"https:\/\/hand2noteguide.com\/pt\/ggpoker-hh\/ggpoker-import\/","title":{"rendered":"Como importar m\u00e3os do GGpoker no Hand2Note"},"content":{"rendered":"\n<p>Neste artigo, vamos considerar como importar hist\u00f3ricos de m\u00e3os de poker da GG Network para o Hand2Note passo a passo.<\/p>\n\n\n\n<p>Primeiramente, voc\u00ea precisa solicitar seus hist\u00f3ricos de m\u00e3os da sala de poker GG Network e convert\u00ea-los em um formato compat\u00edvel com o Hand2Note usando nosso <a href=\"https:\/\/hand2noteguide.com\/pt\/ggpoker-hh\/\"><strong>Conversor<\/strong><\/a>. Assim que voc\u00ea tiver seu hist\u00f3rico de m\u00e3os convertido, estar\u00e1 pronto para prosseguir.<\/p>\n\n\n\n<div class=\"green-block\">\n<p style=\"margin-bottom:16px;font-weight:600;font-size: 18px\">Dica: Criando um banco de dados separado para m\u00e3os do GGpoker<\/p>\n<p style=\"margin-bottom:6px\">Se voc\u00ea j\u00e1 usou o Hand2Note antes e n\u00e3o quer misturar suas m\u00e3os do GGpoker com o banco de dados atual, <a target=\"_blank\" href=\"\/pt\/guide\/database\/create-database\/\" rel=\"noopener noreferrer\">crie um novo banco de dados<\/a> antes de come\u00e7ar a importa\u00e7\u00e3o. Voc\u00ea poder\u00e1 alternar entre os bancos de dados a qualquer momento. Se voc\u00ea \u00e9 novo no Hand2Note, ignore isto.<\/p>\n<\/div>\n\n\n\n<p>Para importar seus arquivos no Hand2Note, basta executar o software, clicar em &#8220;Importar&#8230;&#8221; e selecionar &#8220;From Folder&#8221; ou &#8220;From Files&#8221;.<\/p>\n\n\n\n<figure class=\"wp-block-image size-large\"><img loading=\"lazy\" decoding=\"async\" width=\"1024\" height=\"711\" src=\"https:\/\/hand2noteguide.com\/wp-content\/uploads\/2022\/04\/image-8-1024x711.png\" alt=\"\" class=\"wp-image-5752\" srcset=\"https:\/\/hand2noteguide.com\/wp-content\/uploads\/2022\/04\/image-8-1024x711.png 1024w, https:\/\/hand2noteguide.com\/wp-content\/uploads\/2022\/04\/image-8-300x208.png 300w, https:\/\/hand2noteguide.com\/wp-content\/uploads\/2022\/04\/image-8-768x533.png 768w, https:\/\/hand2noteguide.com\/wp-content\/uploads\/2022\/04\/image-8-1536x1066.png 1536w, https:\/\/hand2noteguide.com\/wp-content\/uploads\/2022\/04\/image-8-2048x1422.png 2048w, https:\/\/hand2noteguide.com\/wp-content\/uploads\/2022\/04\/image-8-772x536.png 772w, https:\/\/hand2noteguide.com\/wp-content\/uploads\/2022\/04\/image-8-624x433.png 624w\" sizes=\"auto, (max-width: 1024px) 100vw, 1024px\" \/><figcaption>Importar hist\u00f3ricos de m\u00e3os no Hand2Note<\/figcaption><\/figure>\n\n\n\n<p>Selecione sua pasta ou arquivos de destino com suas m\u00e3os e aguarde at\u00e9 que o processo de importa\u00e7\u00e3o e constru\u00e7\u00e3o de stats seja conclu\u00eddo.<\/p>\n\n\n\n<p>Se tudo for feito corretamente, voc\u00ea ver\u00e1 a lista de jogadores aparecer. Todos os jogadores ter\u00e3o apelidos aleat\u00f3rios, exceto seu <strong>Hero<\/strong>. Isso ocorre porque os hist\u00f3ricos de m\u00e3os da GG Network s\u00e3o an\u00f4nimos.<\/p>\n\n\n\n<figure class=\"wp-block-image size-large\"><img loading=\"lazy\" decoding=\"async\" width=\"1024\" height=\"714\" src=\"https:\/\/hand2noteguide.com\/wp-content\/uploads\/2022\/04\/image-10-1024x714.png\" alt=\"\" class=\"wp-image-5755\" srcset=\"https:\/\/hand2noteguide.com\/wp-content\/uploads\/2022\/04\/image-10-1024x714.png 1024w, https:\/\/hand2noteguide.com\/wp-content\/uploads\/2022\/04\/image-10-300x209.png 300w, https:\/\/hand2noteguide.com\/wp-content\/uploads\/2022\/04\/image-10-768x536.png 768w, https:\/\/hand2noteguide.com\/wp-content\/uploads\/2022\/04\/image-10-1536x1071.png 1536w, https:\/\/hand2noteguide.com\/wp-content\/uploads\/2022\/04\/image-10-2048x1428.png 2048w, https:\/\/hand2noteguide.com\/wp-content\/uploads\/2022\/04\/image-10-772x538.png 772w, https:\/\/hand2noteguide.com\/wp-content\/uploads\/2022\/04\/image-10-624x435.png 624w\" sizes=\"auto, (max-width: 1024px) 100vw, 1024px\" \/><figcaption>Importa\u00e7\u00e3o conclu\u00edda: lista de jogadores aparece<\/figcaption><\/figure>\n\n\n\n<p>Agora, voc\u00ea est\u00e1 pronto para trabalhar com o software. Siga nosso guia sobre <a href=\"https:\/\/hand2noteguide.com\/pt\/ggpoker-analyze\/\"><strong>como analisar suas m\u00e3os do GGPoker no Hand2Note de forma eficiente<\/strong><\/a>.<\/p>\n","protected":false},"excerpt":{"rendered":"<p>Neste artigo, vamos considerar como importar hist\u00f3ricos de m\u00e3os de poker da GG Network para o Hand2Note passo a passo. Primeiramente, voc\u00ea precisa solicitar seus hist\u00f3ricos de m\u00e3os da sala de poker GG Network e convert\u00ea-los em um formato compat\u00edvel com o Hand2Note usando nosso Conversor. Assim que voc\u00ea tiver seu hist\u00f3rico de m\u00e3os convertido, &hellip; <a href=\"https:\/\/hand2noteguide.com\/pt\/ggpoker-hh\/ggpoker-import\/\" class=\"more-link\">Continue reading <span class=\"screen-reader-text\">Como importar m\u00e3os do GGpoker no Hand2Note<\/span><\/a><\/p>\n","protected":false},"author":1,"featured_media":0,"parent":4885,"menu_order":0,"comment_status":"closed","ping_status":"closed","template":"page-templates\/full-width-page.php","meta":{"footnotes":""},"class_list":["post-5748","page","type-page","status-publish","hentry"],"translation":{"provider":"WPGlobus","version":"3.0.2","language":"pt","enabled_languages":["en","ru","pt","zh","es","fr","de","it","ja"],"languages":{"en":{"title":true,"content":true,"excerpt":false},"ru":{"title":true,"content":true,"excerpt":false},"pt":{"title":true,"content":true,"excerpt":false},"zh":{"title":true,"content":true,"excerpt":false},"es":{"title":true,"content":true,"excerpt":false},"fr":{"title":true,"content":true,"excerpt":false},"de":{"title":true,"content":true,"excerpt":false},"it":{"title":true,"content":true,"excerpt":false},"ja":{"title":true,"content":true,"excerpt":false}}},"yoast_head":"<!-- This site is optimized with the Yoast SEO plugin v27.0 - https:\/\/yoast.com\/product\/yoast-seo-wordpress\/ -->\n<title>Como importar hist\u00f3ricos de m\u00e3os do GGpoker no Hand2Note<\/title>\n<meta name=\"description\" content=\"Aprenda a importar hist\u00f3ricos de m\u00e3os do GGpoker no Hand2Note sem esfor\u00e7o. Siga nosso guia passo a passo para come\u00e7ar de forma r\u00e1pida e eficiente.\" \/>\n<meta name=\"robots\" content=\"index, follow, max-snippet:-1, max-image-preview:large, max-video-preview:-1\" \/>\n<link rel=\"canonical\" href=\"https:\/\/hand2noteguide.com\/ggpoker-hh\/ggpoker-import\/\" \/>\n<meta property=\"og:locale\" content=\"pt_PT\" \/>\n<meta property=\"og:type\" content=\"article\" \/>\n<meta property=\"og:title\" content=\"Como importar hist\u00f3ricos de m\u00e3os do GGpoker no Hand2Note\" \/>\n<meta property=\"og:description\" content=\"Aprenda a importar hist\u00f3ricos de m\u00e3os do GGpoker no Hand2Note sem esfor\u00e7o. Siga nosso guia passo a passo para come\u00e7ar de forma r\u00e1pida e eficiente.\" \/>\n<meta property=\"og:url\" content=\"https:\/\/hand2noteguide.com\/ggpoker-hh\/ggpoker-import\/\" \/>\n<meta property=\"og:site_name\" content=\"Hand2Note Guide\" \/>\n<meta property=\"article:modified_time\" content=\"2025-06-04T12:49:44+00:00\" \/>\n<meta property=\"og:image\" content=\"http:\/\/hand2noteguide.com\/wp-content\/uploads\/2022\/04\/image-8-1024x711.png\" \/>\n<meta name=\"twitter:card\" content=\"summary_large_image\" \/>\n<meta name=\"twitter:label1\" content=\"Est. reading time\" \/>\n\t<meta name=\"twitter:data1\" content=\"8 minutes\" \/>\n<!-- \/ Yoast SEO plugin. -->","yoast_head_json":{"title":"Como importar hist\u00f3ricos de m\u00e3os do GGpoker no Hand2Note","description":"Aprenda a importar hist\u00f3ricos de m\u00e3os do GGpoker no Hand2Note sem esfor\u00e7o. Siga nosso guia passo a passo para come\u00e7ar de forma r\u00e1pida e eficiente.","robots":{"index":"index","follow":"follow","max-snippet":"max-snippet:-1","max-image-preview":"max-image-preview:large","max-video-preview":"max-video-preview:-1"},"canonical":"https:\/\/hand2noteguide.com\/ggpoker-hh\/ggpoker-import\/","og_locale":"pt_PT","og_type":"article","og_title":"Como importar hist\u00f3ricos de m\u00e3os do GGpoker no Hand2Note","og_description":"Aprenda a importar hist\u00f3ricos de m\u00e3os do GGpoker no Hand2Note sem esfor\u00e7o. Siga nosso guia passo a passo para come\u00e7ar de forma r\u00e1pida e eficiente.","og_url":"https:\/\/hand2noteguide.com\/ggpoker-hh\/ggpoker-import\/","og_site_name":"Hand2Note Guide","article_modified_time":"2025-06-04T12:49:44+00:00","og_image":[{"url":"http:\/\/hand2noteguide.com\/wp-content\/uploads\/2022\/04\/image-8-1024x711.png","type":"","width":"","height":""}],"twitter_card":"summary_large_image","twitter_misc":{"Est. reading time":"8 minutes"},"schema":{"@context":"https:\/\/schema.org","@graph":[]}},"jetpack_sharing_enabled":true,"_links":{"self":[{"href":"https:\/\/hand2noteguide.com\/pt\/wp-json\/wp\/v2\/pages\/5748","targetHints":{"allow":["GET"]}}],"collection":[{"href":"https:\/\/hand2noteguide.com\/pt\/wp-json\/wp\/v2\/pages"}],"about":[{"href":"https:\/\/hand2noteguide.com\/pt\/wp-json\/wp\/v2\/types\/page"}],"author":[{"embeddable":true,"href":"https:\/\/hand2noteguide.com\/pt\/wp-json\/wp\/v2\/users\/1"}],"replies":[{"embeddable":true,"href":"https:\/\/hand2noteguide.com\/pt\/wp-json\/wp\/v2\/comments?post=5748"}],"version-history":[{"count":28,"href":"https:\/\/hand2noteguide.com\/pt\/wp-json\/wp\/v2\/pages\/5748\/revisions"}],"predecessor-version":[{"id":13446,"href":"https:\/\/hand2noteguide.com\/pt\/wp-json\/wp\/v2\/pages\/5748\/revisions\/13446"}],"up":[{"embeddable":true,"href":"https:\/\/hand2noteguide.com\/pt\/wp-json\/wp\/v2\/pages\/4885"}],"wp:attachment":[{"href":"https:\/\/hand2noteguide.com\/pt\/wp-json\/wp\/v2\/media?parent=5748"}],"curies":[{"name":"wp","href":"https:\/\/api.w.org\/{rel}","templated":true}]}}