{"id":5761,"date":"2022-04-11T17:19:26","date_gmt":"2022-04-11T14:19:26","guid":{"rendered":"http:\/\/hand2noteguide.com\/?page_id=5761"},"modified":"2025-06-04T15:48:56","modified_gmt":"2025-06-04T12:48:56","slug":"ggpoker-analyze","status":"publish","type":"page","link":"https:\/\/hand2noteguide.com\/pt\/ggpoker-hh\/ggpoker-analyze\/","title":{"rendered":"An\u00e1lise do GGPoker no Hand2Note"},"content":{"rendered":"\n<p>Depois de importar seus <a href=\"https:\/\/hand2noteguide.com\/pt\/ggpoker-import\/\">hist\u00f3ricos de m\u00e3os de poker da GG Network no Hand2Note<\/a>, voc\u00ea pode come\u00e7ar a trabalhar com seu banco de dados. Os hist\u00f3ricos de m\u00e3os das salas da GG Network s\u00e3o an\u00f4nimos, mas voc\u00ea ainda pode usar todos os incr\u00edveis recursos de an\u00e1lise do H2N para examinar seu jogo de todos os \u00e2ngulos poss\u00edveis!<\/p>\n\n\n\n<div class=\"green-block\">\n<p style=\"margin-bottom:16px;font-weight:600;font-size: 18px\">Dica: obtenha <a target=\"_blank\" href=\"https:\/\/hand2noteguide.com\/pt\/hud-store\/simple-cash\/\" rel=\"noopener noreferrer\"><b>Popups do GGPoker<\/b><\/a> especiais para uma an\u00e1lise eficiente<\/p>\n<p style=\"margin-bottom:6px\">Neste artigo, usaremos popups do GGPoker que voc\u00ea pode adquirir em <a target=\"_blank\" href=\"https:\/\/store.hand2noteguide.com\/\" rel=\"noopener noreferrer\">nossa loja<\/a> por apenas $29. O pacote cont\u00e9m um conjunto completo de estat\u00edsticas necess\u00e1rias para uma an\u00e1lise eficaz do seu jogo e das tend\u00eancias dos seus oponentes.<\/p>\n<\/div>\n\n\n\n<p>Vamos come\u00e7ar com algo simples &#8211; abra um popup para voc\u00ea mesmo clicando duas vezes no apelido do Hero na lista da janela principal.<\/p>\n\n\n\n<figure class=\"wp-block-image size-large\"><img loading=\"lazy\" decoding=\"async\" width=\"1024\" height=\"738\" src=\"https:\/\/hand2noteguide.com\/wp-content\/uploads\/2022\/04\/image-11-1024x738.png\" alt=\"\" class=\"wp-image-5776\" srcset=\"https:\/\/hand2noteguide.com\/wp-content\/uploads\/2022\/04\/image-11-1024x738.png 1024w, https:\/\/hand2noteguide.com\/wp-content\/uploads\/2022\/04\/image-11-300x216.png 300w, https:\/\/hand2noteguide.com\/wp-content\/uploads\/2022\/04\/image-11-768x554.png 768w, https:\/\/hand2noteguide.com\/wp-content\/uploads\/2022\/04\/image-11-1536x1108.png 1536w, https:\/\/hand2noteguide.com\/wp-content\/uploads\/2022\/04\/image-11-2048x1477.png 2048w, https:\/\/hand2noteguide.com\/wp-content\/uploads\/2022\/04\/image-11-772x557.png 772w, https:\/\/hand2noteguide.com\/wp-content\/uploads\/2022\/04\/image-11-624x450.png 624w\" sizes=\"auto, (max-width: 1024px) 100vw, 1024px\" \/><figcaption class=\"wp-element-caption\">Popup geral para o Hero<\/figcaption><\/figure>\n\n\n\n<p>Voc\u00ea ver\u00e1 o popup geral com todas as suas estat\u00edsticas. Al\u00e9m de verificar os valores \u00f3bvios das estat\u00edsticas, use o recurso de <a aria-label=\"undefined (abre em uma nova aba)\" href=\"https:\/\/hand2note.com\/Help\/pages\/ExtendedPopup\/\" target=\"_blank\" rel=\"noreferrer noopener nofollow\">popup estendido<\/a>: <strong>passe o mouse sobre qualquer estat\u00edstica<\/strong> e ver\u00e1 um popup adicional com informa\u00e7\u00f5es extensas sobre essa estat\u00edstica espec\u00edfica.<\/p>\n\n\n\n<p>No exemplo abaixo, passamos o mouse sobre a estat\u00edstica <strong>Flop Cbet<\/strong> e instantaneamente obtivemos muitas informa\u00e7\u00f5es extras, como distribui\u00e7\u00e3o de tamanhos de apostas, EV bb\/100, composi\u00e7\u00e3o do range de for\u00e7a das m\u00e3os e uma lista de showdowns reais:<\/p>\n\n\n\n<figure class=\"wp-block-image size-large\"><img loading=\"lazy\" decoding=\"async\" width=\"1024\" height=\"617\" src=\"https:\/\/hand2noteguide.com\/wp-content\/uploads\/2022\/04\/image-12-1024x617.png\" alt=\"\" class=\"wp-image-5780\" srcset=\"https:\/\/hand2noteguide.com\/wp-content\/uploads\/2022\/04\/image-12-1024x617.png 1024w, https:\/\/hand2noteguide.com\/wp-content\/uploads\/2022\/04\/image-12-300x181.png 300w, https:\/\/hand2noteguide.com\/wp-content\/uploads\/2022\/04\/image-12-768x463.png 768w, https:\/\/hand2noteguide.com\/wp-content\/uploads\/2022\/04\/image-12-1536x926.png 1536w, https:\/\/hand2noteguide.com\/wp-content\/uploads\/2022\/04\/image-12-2048x1234.png 2048w, https:\/\/hand2noteguide.com\/wp-content\/uploads\/2022\/04\/image-12-772x465.png 772w, https:\/\/hand2noteguide.com\/wp-content\/uploads\/2022\/04\/image-12-624x376.png 624w\" sizes=\"auto, (max-width: 1024px) 100vw, 1024px\" \/><figcaption class=\"wp-element-caption\">Popup adicional para a estat\u00edstica de Cbet no Flop<\/figcaption><\/figure>\n\n\n\n<div class=\"green-block\">\n<p style=\"margin-bottom:16px;font-weight:600;font-size: 18px\">Dica: vers\u00e3o PRO desbloqueia o popup completo<\/p>\n<p style=\"margin-bottom:6px\">Os popups estendidos nas estat\u00edsticas estar\u00e3o parcialmente indispon\u00edveis na vers\u00e3o gratuita do Hand2Note. Adquira a <a target=\"_blank\" href=\"https:\/\/hand2note.com\/pt\/\" rel=\"noopener\"><b>assinatura PRO<\/b><\/a> para obter acesso completo aos recursos mais avan\u00e7ados. Use o c\u00f3digo promocional <b>GGPOKER10<\/b> para obter um <b>desconto instant\u00e2neo de 10%!<\/b><\/p>\n<\/div>\n\n\n\n<p>Al\u00e9m da an\u00e1lise do seu pr\u00f3prio jogo, voc\u00ea tamb\u00e9m pode encontrar falhas nos seus oponentes. Infelizmente, voc\u00ea n\u00e3o pode verificar jogadores espec\u00edficos, pois seus apelidos no banco de dados s\u00e3o aleat\u00f3rios, mas pode usar o recurso exclusivo <a href=\"https:\/\/hand2noteguide.com\/pt\/guide\/range-research\/\"><strong>Range Research<\/strong><\/a>, que permite investigar as tend\u00eancias de grupos espec\u00edficos de jogadores.<\/p>\n\n\n\n<p>Voc\u00ea pode analisar <strong>as estat\u00edsticas m\u00e9dias e ranges de regs e fishes<\/strong> em v\u00e1rios cen\u00e1rios de jogo. Os poss\u00edveis pontos a serem investigados:<\/p>\n\n\n\n<ul class=\"wp-block-list\">\n<li>com que range os fishes passivos fazem check-raise nos flops?<\/li>\n\n\n\n<li>com que frequ\u00eancia os regs tight foldam contra o terceiro barrel?<\/li>\n\n\n\n<li>e muito mais.<\/li>\n<\/ul>\n\n\n\n<figure class=\"wp-block-image size-large\"><img loading=\"lazy\" decoding=\"async\" width=\"1024\" height=\"605\" src=\"http:\/\/hand2noteguide.com\/wp-content\/uploads\/2022\/04\/image-15-1024x605.png\" alt=\"\" class=\"wp-image-5838\" srcset=\"https:\/\/hand2noteguide.com\/wp-content\/uploads\/2022\/04\/image-15-1024x605.png 1024w, https:\/\/hand2noteguide.com\/wp-content\/uploads\/2022\/04\/image-15-300x177.png 300w, https:\/\/hand2noteguide.com\/wp-content\/uploads\/2022\/04\/image-15-768x454.png 768w, https:\/\/hand2noteguide.com\/wp-content\/uploads\/2022\/04\/image-15-1536x907.png 1536w, https:\/\/hand2noteguide.com\/wp-content\/uploads\/2022\/04\/image-15-2048x1210.png 2048w, https:\/\/hand2noteguide.com\/wp-content\/uploads\/2022\/04\/image-15-772x456.png 772w, https:\/\/hand2noteguide.com\/wp-content\/uploads\/2022\/04\/image-15-624x369.png 624w\" sizes=\"auto, (max-width: 1024px) 100vw, 1024px\" \/><figcaption class=\"wp-element-caption\">Exemplo de Range Research: como os fishes fazem 3bet<\/figcaption><\/figure>\n\n\n\n<p>Para saber mais sobre o Range Research, confira o <a href=\"https:\/\/hand2noteguide.com\/pt\/video-course\/\"><strong>curso completo de v\u00eddeo do Hand2Note<\/strong><\/a>. Por favor, note que voc\u00ea pode <strong>obter este curso gratuitamente<\/strong> se comprar uma assinatura anual PRO com o c\u00f3digo promocional <strong>GGPOKER10<\/strong>.<\/p>\n","protected":false},"excerpt":{"rendered":"<p>Depois de importar seus hist\u00f3ricos de m\u00e3os de poker da GG Network no Hand2Note, voc\u00ea pode come\u00e7ar a trabalhar com seu banco de dados. Os hist\u00f3ricos de m\u00e3os das salas da GG Network s\u00e3o an\u00f4nimos, mas voc\u00ea ainda pode usar todos os incr\u00edveis recursos de an\u00e1lise do H2N para examinar seu jogo de todos os &hellip; <a href=\"https:\/\/hand2noteguide.com\/pt\/ggpoker-hh\/ggpoker-analyze\/\" class=\"more-link\">Continue reading <span class=\"screen-reader-text\">An\u00e1lise do GGPoker no Hand2Note<\/span><\/a><\/p>\n","protected":false},"author":1,"featured_media":0,"parent":4885,"menu_order":0,"comment_status":"closed","ping_status":"closed","template":"page-templates\/full-width-page.php","meta":{"footnotes":""},"class_list":["post-5761","page","type-page","status-publish","hentry"],"translation":{"provider":"WPGlobus","version":"3.0.2","language":"pt","enabled_languages":["en","ru","pt","zh","es","fr","de","it","ja"],"languages":{"en":{"title":true,"content":true,"excerpt":false},"ru":{"title":true,"content":true,"excerpt":false},"pt":{"title":true,"content":true,"excerpt":false},"zh":{"title":true,"content":true,"excerpt":false},"es":{"title":true,"content":true,"excerpt":false},"fr":{"title":true,"content":true,"excerpt":false},"de":{"title":true,"content":true,"excerpt":false},"it":{"title":true,"content":true,"excerpt":false},"ja":{"title":true,"content":true,"excerpt":false}}},"yoast_head":"<!-- This site is optimized with the Yoast SEO plugin v27.0 - https:\/\/yoast.com\/product\/yoast-seo-wordpress\/ -->\n<title>An\u00e1lise do GGPoker no Hand2Note: examine seu jogo e as tend\u00eancias do pool!<\/title>\n<meta name=\"description\" content=\"Descubra como analisar suas m\u00e3os do GGPoker no Hand2Note. Use popups e recursos avan\u00e7ados para melhorar seu jogo e entender as tend\u00eancias dos jogadores.\" \/>\n<meta name=\"robots\" content=\"index, follow, max-snippet:-1, max-image-preview:large, max-video-preview:-1\" \/>\n<link rel=\"canonical\" href=\"https:\/\/hand2noteguide.com\/ggpoker-hh\/ggpoker-analyze\/\" \/>\n<meta property=\"og:locale\" content=\"pt_PT\" \/>\n<meta property=\"og:type\" content=\"article\" \/>\n<meta property=\"og:title\" content=\"An\u00e1lise do GGPoker no Hand2Note: examine seu jogo e as tend\u00eancias do pool!\" \/>\n<meta property=\"og:description\" content=\"Descubra como analisar suas m\u00e3os do GGPoker no Hand2Note. Use popups e recursos avan\u00e7ados para melhorar seu jogo e entender as tend\u00eancias dos jogadores.\" \/>\n<meta property=\"og:url\" content=\"https:\/\/hand2noteguide.com\/ggpoker-hh\/ggpoker-analyze\/\" \/>\n<meta property=\"og:site_name\" content=\"Hand2Note Guide\" \/>\n<meta property=\"article:modified_time\" content=\"2025-06-04T12:48:56+00:00\" \/>\n<meta property=\"og:image\" content=\"https:\/\/hand2noteguide.com\/wp-content\/uploads\/2022\/04\/image-11-1024x738.png\" \/>\n<meta name=\"twitter:card\" content=\"summary_large_image\" \/>\n<meta name=\"twitter:label1\" content=\"Est. reading time\" \/>\n\t<meta name=\"twitter:data1\" content=\"13 minutes\" \/>\n<!-- \/ Yoast SEO plugin. -->","yoast_head_json":{"title":"An\u00e1lise do GGPoker no Hand2Note: examine seu jogo e as tend\u00eancias do pool!","description":"Descubra como analisar suas m\u00e3os do GGPoker no Hand2Note. Use popups e recursos avan\u00e7ados para melhorar seu jogo e entender as tend\u00eancias dos jogadores.","robots":{"index":"index","follow":"follow","max-snippet":"max-snippet:-1","max-image-preview":"max-image-preview:large","max-video-preview":"max-video-preview:-1"},"canonical":"https:\/\/hand2noteguide.com\/ggpoker-hh\/ggpoker-analyze\/","og_locale":"pt_PT","og_type":"article","og_title":"An\u00e1lise do GGPoker no Hand2Note: examine seu jogo e as tend\u00eancias do pool!","og_description":"Descubra como analisar suas m\u00e3os do GGPoker no Hand2Note. Use popups e recursos avan\u00e7ados para melhorar seu jogo e entender as tend\u00eancias dos jogadores.","og_url":"https:\/\/hand2noteguide.com\/ggpoker-hh\/ggpoker-analyze\/","og_site_name":"Hand2Note Guide","article_modified_time":"2025-06-04T12:48:56+00:00","og_image":[{"url":"https:\/\/hand2noteguide.com\/wp-content\/uploads\/2022\/04\/image-11-1024x738.png","type":"","width":"","height":""}],"twitter_card":"summary_large_image","twitter_misc":{"Est. reading time":"13 minutes"},"schema":{"@context":"https:\/\/schema.org","@graph":[]}},"jetpack_sharing_enabled":true,"_links":{"self":[{"href":"https:\/\/hand2noteguide.com\/pt\/wp-json\/wp\/v2\/pages\/5761","targetHints":{"allow":["GET"]}}],"collection":[{"href":"https:\/\/hand2noteguide.com\/pt\/wp-json\/wp\/v2\/pages"}],"about":[{"href":"https:\/\/hand2noteguide.com\/pt\/wp-json\/wp\/v2\/types\/page"}],"author":[{"embeddable":true,"href":"https:\/\/hand2noteguide.com\/pt\/wp-json\/wp\/v2\/users\/1"}],"replies":[{"embeddable":true,"href":"https:\/\/hand2noteguide.com\/pt\/wp-json\/wp\/v2\/comments?post=5761"}],"version-history":[{"count":60,"href":"https:\/\/hand2noteguide.com\/pt\/wp-json\/wp\/v2\/pages\/5761\/revisions"}],"predecessor-version":[{"id":13445,"href":"https:\/\/hand2noteguide.com\/pt\/wp-json\/wp\/v2\/pages\/5761\/revisions\/13445"}],"up":[{"embeddable":true,"href":"https:\/\/hand2noteguide.com\/pt\/wp-json\/wp\/v2\/pages\/4885"}],"wp:attachment":[{"href":"https:\/\/hand2noteguide.com\/pt\/wp-json\/wp\/v2\/media?parent=5761"}],"curies":[{"name":"wp","href":"https:\/\/api.w.org\/{rel}","templated":true}]}}