{"id":578,"date":"2018-11-10T13:22:28","date_gmt":"2018-11-10T10:22:28","guid":{"rendered":"https:\/\/h2n312.wordpress.com\/?page_id=578"},"modified":"2025-06-04T12:33:28","modified_gmt":"2025-06-04T09:33:28","slug":"training","status":"publish","type":"page","link":"https:\/\/hand2noteguide.com\/pt\/training\/","title":{"rendered":"Coaching no Hand2Note"},"content":{"rendered":"\n<p>Tenha aulas particulares sobre o uso profissional do Hand2Note. Adapte-se ao novo programa de forma r\u00e1pida e eficaz. Obtenha respostas para todas as suas perguntas. Use todo o potencial do <a href=\"https:\/\/hand2noteguide.com\/pt\/best-poker-tracker-software\/\">melhor software de rastreamento de poker<\/a> para aumentar sua taxa de vit\u00f3ria!<\/p>\n\n\n\n<p>As sess\u00f5es de coaching do Hand2Note permitir\u00e3o que voc\u00ea aprenda rapidamente todos os recursos do software, incluindo MDA (<a href=\"https:\/\/hand2noteguide.com\/pt\/guide\/range-research\/\">Range Research)<\/a>. Voc\u00ea tamb\u00e9m receber\u00e1 recomenda\u00e7\u00f5es pessoais sobre como usar todas as fun\u00e7\u00f5es da maneira mais eficiente.<\/p>\n\n\n\n<p>O coaching \u00e9 relevante para as vers\u00f5es <a href=\"https:\/\/hand2noteguide.com\/pt\/basic-setup\/\">Hand2Note 3<\/a> e <a href=\"https:\/\/hand2noteguide.com\/pt\/hand2note-4-getting-started\/\">Hand2Note 4<\/a>.<\/p>\n\n\n\n<figure class=\"wp-block-gallery has-nested-images columns-default is-cropped wp-block-gallery-1 is-layout-flex wp-block-gallery-is-layout-flex\">\n<figure class=\"wp-block-image size-large\"><img loading=\"lazy\" decoding=\"async\" width=\"957\" height=\"623\" data-id=\"2383\" src=\"https:\/\/hand2noteguide.com\/wp-content\/uploads\/2020\/06\/before1.png\" alt=\"\" class=\"wp-image-2383\" srcset=\"https:\/\/hand2noteguide.com\/wp-content\/uploads\/2020\/06\/before1.png 957w, https:\/\/hand2noteguide.com\/wp-content\/uploads\/2020\/06\/before1-300x195.png 300w, https:\/\/hand2noteguide.com\/wp-content\/uploads\/2020\/06\/before1-768x500.png 768w, https:\/\/hand2noteguide.com\/wp-content\/uploads\/2020\/06\/before1-772x503.png 772w, https:\/\/hand2noteguide.com\/wp-content\/uploads\/2020\/06\/before1-624x406.png 624w\" sizes=\"auto, (max-width: 957px) 100vw, 957px\" \/><figcaption class=\"wp-element-caption\">Antes<\/figcaption><\/figure>\n\n\n\n<figure class=\"wp-block-image size-large\"><img loading=\"lazy\" decoding=\"async\" width=\"957\" height=\"626\" data-id=\"2382\" src=\"https:\/\/hand2noteguide.com\/wp-content\/uploads\/2020\/06\/after1.png\" alt=\"\" class=\"wp-image-2382\" srcset=\"https:\/\/hand2noteguide.com\/wp-content\/uploads\/2020\/06\/after1.png 957w, https:\/\/hand2noteguide.com\/wp-content\/uploads\/2020\/06\/after1-300x196.png 300w, https:\/\/hand2noteguide.com\/wp-content\/uploads\/2020\/06\/after1-768x502.png 768w, https:\/\/hand2noteguide.com\/wp-content\/uploads\/2020\/06\/after1-772x505.png 772w, https:\/\/hand2noteguide.com\/wp-content\/uploads\/2020\/06\/after1-624x408.png 624w\" sizes=\"auto, (max-width: 957px) 100vw, 957px\" \/><figcaption class=\"wp-element-caption\">Depois<\/figcaption><\/figure>\n<\/figure>\n\n\n\n<p>As sess\u00f5es de coaching s\u00e3o fornecidas por <a href=\"https:\/\/www.hudstore.poker\/vendors\/belousov-roman\" target=\"_blank\" aria-label=\"undefined (abre em uma nova aba)\" rel=\"noreferrer noopener\">Roman Belousov<\/a> &#8211; o especialista oficial em HUD do Hand2Note.<\/p>\n\n\n\n<h2 class=\"wp-block-heading\">Reservar<\/h2>\n\n\n\n<p style=\"margin-top:24px\"><a style=\"font-weight:bold !important\" href=\"https:\/\/www.getcoach.poker\/coaches\/romanbelousov\/\" target=\"_blank\" class=\"article-action-link\" rel=\"noopener\">Agendar Consulta<\/a><\/p>\n\n\n\n<p>Voc\u00ea ser\u00e1 redirecionado para o perfil de Roman no&nbsp;<a href=\"https:\/\/www.getcoach.poker\/\" target=\"_blank\" rel=\"noreferrer noopener\">Getcoach.poker<\/a>. L\u00e1 voc\u00ea pode facilmente agendar uma sess\u00e3o, bem como encontrar outros treinadores que oferecem consultas sobre o uso do Hand2Note.<\/p>\n\n\n\n<h2 class=\"wp-block-heading\">FAQ<\/h2>\n\n\n\n<h4 class=\"wp-block-heading\">O que ser\u00e1 necess\u00e1rio para o treinamento?<\/h4>\n\n\n\n<p>Apenas TeamViewer e Hand2Note. Por favor, atualize o TeamViewer para a vers\u00e3o mais recente (<em>Ajuda \u2192 Verificar nova vers\u00e3o).<\/em> Confira as <a href=\"https:\/\/hand2noteguide.com\/pt\/training\/teamviewer-session-start\/\">instru\u00e7\u00f5es detalhadas<\/a> sobre como iniciar uma reuni\u00e3o.<\/p>\n\n\n\n<h4 class=\"wp-block-heading\">Posso gravar um v\u00eddeo da sess\u00e3o?<\/h4>\n\n\n\n<p>Sim. E eu geralmente gravo por conta pr\u00f3pria, ent\u00e3o n\u00e3o se preocupe com isso. Voc\u00ea receber\u00e1 a grava\u00e7\u00e3o da aula logo ap\u00f3s a sess\u00e3o. Por favor, note que o v\u00eddeo \u00e9 protegido por direitos autorais, n\u00e3o pode ser usado para fins comerciais, apenas para visualiza\u00e7\u00e3o pessoal.<\/p>\n\n\n\n<p> Se voc\u00ea tiver alguma d\u00favida, por favor <a href=\"https:\/\/hand2noteguide.com\/pt\/contact-us\/\">entre em contato conosco<\/a>. <\/p>\n\n","protected":false},"excerpt":{"rendered":"<p>Tenha aulas particulares sobre o uso profissional do Hand2Note. Adapte-se ao novo programa de forma r\u00e1pida e eficaz. Obtenha respostas para todas as suas perguntas. Use todo o potencial do melhor software de rastreamento de poker para aumentar sua taxa de vit\u00f3ria! As sess\u00f5es de coaching do Hand2Note permitir\u00e3o que voc\u00ea aprenda rapidamente todos os &hellip; <a href=\"https:\/\/hand2noteguide.com\/pt\/training\/\" class=\"more-link\">Continue reading <span class=\"screen-reader-text\">Coaching no Hand2Note<\/span><\/a><\/p>\n","protected":false},"author":1,"featured_media":10171,"parent":0,"menu_order":0,"comment_status":"closed","ping_status":"closed","template":"page-templates\/full-width-page.php","meta":{"footnotes":""},"class_list":["post-578","page","type-page","status-publish","has-post-thumbnail","hentry"],"translation":{"provider":"WPGlobus","version":"3.0.2","language":"pt","enabled_languages":["en","ru","pt","zh","es","fr","de","it","ja"],"languages":{"en":{"title":true,"content":true,"excerpt":false},"ru":{"title":true,"content":true,"excerpt":false},"pt":{"title":true,"content":true,"excerpt":false},"zh":{"title":true,"content":true,"excerpt":false},"es":{"title":true,"content":true,"excerpt":false},"fr":{"title":true,"content":true,"excerpt":false},"de":{"title":true,"content":true,"excerpt":false},"it":{"title":true,"content":true,"excerpt":false},"ja":{"title":true,"content":true,"excerpt":false}}},"yoast_head":"<!-- This site is optimized with the Yoast SEO plugin v27.0 - https:\/\/yoast.com\/product\/yoast-seo-wordpress\/ -->\n<title>Coaching no Hand2Note: Tenha Aulas Particulares<\/title>\n<meta name=\"description\" content=\"Agende sess\u00f5es particulares de coaching no Hand2Note com um especialista certificado. Aprenda rapidamente os recursos do Hand2Note e receba dicas de estrat\u00e9gia personalizadas.\" \/>\n<meta name=\"robots\" content=\"index, follow, max-snippet:-1, max-image-preview:large, max-video-preview:-1\" \/>\n<link rel=\"canonical\" href=\"https:\/\/hand2noteguide.com\/zh\/training\/\" \/>\n<meta property=\"og:locale\" content=\"pt_PT\" \/>\n<meta property=\"og:type\" content=\"article\" \/>\n<meta property=\"og:title\" content=\"Coaching no Hand2Note: Tenha Aulas Particulares\" \/>\n<meta property=\"og:description\" content=\"Agende sess\u00f5es particulares de coaching no Hand2Note com um especialista certificado. Aprenda rapidamente os recursos do Hand2Note e receba dicas de estrat\u00e9gia personalizadas.\" \/>\n<meta property=\"og:url\" content=\"https:\/\/hand2noteguide.com\/zh\/training\/\" \/>\n<meta property=\"og:site_name\" content=\"Hand2Note Guide\" \/>\n<meta property=\"article:modified_time\" content=\"2025-06-04T09:33:28+00:00\" \/>\n<meta property=\"og:image\" content=\"https:\/\/hand2noteguide.com\/wp-content\/uploads\/2025\/04\/hand2note-coaching-result.png\" \/>\n\t<meta property=\"og:image:width\" content=\"954\" \/>\n\t<meta property=\"og:image:height\" content=\"652\" \/>\n\t<meta property=\"og:image:type\" content=\"image\/png\" \/>\n<meta name=\"twitter:card\" content=\"summary_large_image\" \/>\n<meta name=\"twitter:label1\" content=\"Est. reading time\" \/>\n\t<meta name=\"twitter:data1\" content=\"8 minutes\" \/>\n<!-- \/ Yoast SEO plugin. -->","yoast_head_json":{"title":"Coaching no Hand2Note: Tenha Aulas Particulares","description":"Agende sess\u00f5es particulares de coaching no Hand2Note com um especialista certificado. Aprenda rapidamente os recursos do Hand2Note e receba dicas de estrat\u00e9gia personalizadas.","robots":{"index":"index","follow":"follow","max-snippet":"max-snippet:-1","max-image-preview":"max-image-preview:large","max-video-preview":"max-video-preview:-1"},"canonical":"https:\/\/hand2noteguide.com\/zh\/training\/","og_locale":"pt_PT","og_type":"article","og_title":"Coaching no Hand2Note: Tenha Aulas Particulares","og_description":"Agende sess\u00f5es particulares de coaching no Hand2Note com um especialista certificado. Aprenda rapidamente os recursos do Hand2Note e receba dicas de estrat\u00e9gia personalizadas.","og_url":"https:\/\/hand2noteguide.com\/zh\/training\/","og_site_name":"Hand2Note Guide","article_modified_time":"2025-06-04T09:33:28+00:00","og_image":[{"width":954,"height":652,"url":"https:\/\/hand2noteguide.com\/wp-content\/uploads\/2025\/04\/hand2note-coaching-result.png","type":"image\/png"}],"twitter_card":"summary_large_image","twitter_misc":{"Est. reading time":"8 minutes"},"schema":{"@context":"https:\/\/schema.org","@graph":[]}},"jetpack_sharing_enabled":false,"_links":{"self":[{"href":"https:\/\/hand2noteguide.com\/pt\/wp-json\/wp\/v2\/pages\/578","targetHints":{"allow":["GET"]}}],"collection":[{"href":"https:\/\/hand2noteguide.com\/pt\/wp-json\/wp\/v2\/pages"}],"about":[{"href":"https:\/\/hand2noteguide.com\/pt\/wp-json\/wp\/v2\/types\/page"}],"author":[{"embeddable":true,"href":"https:\/\/hand2noteguide.com\/pt\/wp-json\/wp\/v2\/users\/1"}],"replies":[{"embeddable":true,"href":"https:\/\/hand2noteguide.com\/pt\/wp-json\/wp\/v2\/comments?post=578"}],"version-history":[{"count":104,"href":"https:\/\/hand2noteguide.com\/pt\/wp-json\/wp\/v2\/pages\/578\/revisions"}],"predecessor-version":[{"id":13360,"href":"https:\/\/hand2noteguide.com\/pt\/wp-json\/wp\/v2\/pages\/578\/revisions\/13360"}],"wp:featuredmedia":[{"embeddable":true,"href":"https:\/\/hand2noteguide.com\/pt\/wp-json\/wp\/v2\/media\/10171"}],"wp:attachment":[{"href":"https:\/\/hand2noteguide.com\/pt\/wp-json\/wp\/v2\/media?parent=578"}],"curies":[{"name":"wp","href":"https:\/\/api.w.org\/{rel}","templated":true}]}}