{"id":586,"date":"2018-11-10T13:47:44","date_gmt":"2018-11-10T10:47:44","guid":{"rendered":"https:\/\/h2n312.wordpress.com\/?page_id=586"},"modified":"2025-06-04T17:49:10","modified_gmt":"2025-06-04T14:49:10","slug":"decision-analysis","status":"publish","type":"page","link":"https:\/\/hand2noteguide.com\/pt\/guide\/decision-analysis\/","title":{"rendered":"Descubra a rentabilidade de v\u00e1rias categorias de m\u00e3os"},"content":{"rendered":"<p><a href=\"http:\/\/www.hand2note.com\/Help\/Index\/DecisionAnalysis\" target=\"_blank\" rel=\"noopener noreferrer\">An\u00e1lise de Decis\u00e3o<\/a> permite descobrir a rentabilidade de suas decis\u00f5es com diferentes categorias de m\u00e3os em diferentes situa\u00e7\u00f5es. Este recurso est\u00e1 dispon\u00edvel apenas na <a href=\"https:\/\/hand2noteguide.com\/pt\/guide\/choose-subscription\/\">assinatura EDGE<\/a>.<\/p>\n<p>Por exemplo, voc\u00ea quer ver a rentabilidade de seus open raises do bot\u00e3o com diferentes tipos de m\u00e3os. Para fazer isso, siga os passos abaixo:<\/p>\n<ol>\n<li><a href=\"https:\/\/hand2noteguide.com\/pt\/guide\/creating-stats\/\">Crie uma estat\u00edstica<\/a> &#8220;Open Raise BTN&#8221; e adicione-a ao popup.<\/li>\n<li><a href=\"https:\/\/hand2noteguide.com\/pt\/guide\/rebuild-stats\/\">Reconstrua as estat\u00edsticas<\/a>.<\/li>\n<li>Abra o <a href=\"https:\/\/hand2noteguide.com\/pt\/guide\/hero-stats\/\">popup no Hero<\/a> clicando duas vezes no seu apelido ou nome de <a href=\"https:\/\/hand2noteguide.com\/pt\/guide\/alias\/\">alias<\/a> na janela principal do Hand2Note.<\/li>\n<li>Passe o mouse sobre a estat\u00edstica. Um <a href=\"https:\/\/href.li\/?http:\/\/www.hand2note.com\/Help\/Index\/StatInfo\" target=\"_blank\" rel=\"noopener noreferrer\">popup estendido<\/a> ser\u00e1 aberto, no qual voc\u00ea ver\u00e1 a rentabilidade de diferentes categorias de m\u00e3os na situa\u00e7\u00e3o espec\u00edfica.<\/li>\n<\/ol>\n<p><img loading=\"lazy\" decoding=\"async\" class=\"alignnone size-full wp-image-1482\" src=\"https:\/\/hand2noteguide.com\/wp-content\/uploads\/2019\/07\/hand2note-action-profit.png\" alt=\"hand2note action profit\" width=\"421\" height=\"268\" srcset=\"https:\/\/hand2noteguide.com\/wp-content\/uploads\/2019\/07\/hand2note-action-profit.png 421w, https:\/\/hand2noteguide.com\/wp-content\/uploads\/2019\/07\/hand2note-action-profit-300x191.png 300w\" sizes=\"auto, (max-width: 421px) 100vw, 421px\" \/><\/p>\n<p>As categorias de m\u00e3os podem ser personalizadas nas configura\u00e7\u00f5es (<em>Configura\u00e7\u00e3o \u2192 Action Profit<\/em>).<\/p>\n","protected":false},"excerpt":{"rendered":"<p>An\u00e1lise de Decis\u00e3o permite descobrir a rentabilidade de suas decis\u00f5es com diferentes categorias de m\u00e3os em diferentes situa\u00e7\u00f5es. Este recurso est\u00e1 dispon\u00edvel apenas na assinatura EDGE. Por exemplo, voc\u00ea quer ver a rentabilidade de seus open raises do bot\u00e3o com diferentes tipos de m\u00e3os. Para fazer isso, siga os passos abaixo: Crie uma estat\u00edstica &#8220;Open &hellip; <a href=\"https:\/\/hand2noteguide.com\/pt\/guide\/decision-analysis\/\" class=\"more-link\">Continue reading <span class=\"screen-reader-text\">Descubra a rentabilidade de v\u00e1rias categorias de m\u00e3os<\/span><\/a><\/p>\n","protected":false},"author":1,"featured_media":0,"parent":74,"menu_order":0,"comment_status":"closed","ping_status":"closed","template":"page-templates\/full-width-page.php","meta":{"footnotes":""},"class_list":["post-586","page","type-page","status-publish","hentry"],"translation":{"provider":"WPGlobus","version":"3.0.2","language":"pt","enabled_languages":["en","ru","pt","zh","es","fr","de","it","ja"],"languages":{"en":{"title":true,"content":true,"excerpt":false},"ru":{"title":true,"content":true,"excerpt":false},"pt":{"title":true,"content":true,"excerpt":false},"zh":{"title":true,"content":true,"excerpt":false},"es":{"title":true,"content":true,"excerpt":false},"fr":{"title":true,"content":true,"excerpt":false},"de":{"title":true,"content":true,"excerpt":false},"it":{"title":true,"content":true,"excerpt":false},"ja":{"title":true,"content":true,"excerpt":false}}},"yoast_head":"<!-- This site is optimized with the Yoast SEO plugin v27.0 - https:\/\/yoast.com\/product\/yoast-seo-wordpress\/ -->\n<title>Descubra a Rentabilidade das M\u00e3os em Diferentes Situa\u00e7\u00f5es<\/title>\n<meta name=\"description\" content=\"Aprenda a analisar a rentabilidade de suas m\u00e3os de poker em v\u00e1rias situa\u00e7\u00f5es usando o recurso de An\u00e1lise de Decis\u00e3o do Hand2Note. Otimize sua estrat\u00e9gia hoje!\" \/>\n<meta name=\"robots\" content=\"index, follow, max-snippet:-1, max-image-preview:large, max-video-preview:-1\" \/>\n<link rel=\"canonical\" href=\"https:\/\/hand2noteguide.com\/guide\/decision-analysis\/\" \/>\n<meta property=\"og:locale\" content=\"pt_PT\" \/>\n<meta property=\"og:type\" content=\"article\" \/>\n<meta property=\"og:title\" content=\"Descubra a Rentabilidade das M\u00e3os em Diferentes Situa\u00e7\u00f5es\" \/>\n<meta property=\"og:description\" content=\"Aprenda a analisar a rentabilidade de suas m\u00e3os de poker em v\u00e1rias situa\u00e7\u00f5es usando o recurso de An\u00e1lise de Decis\u00e3o do Hand2Note. Otimize sua estrat\u00e9gia hoje!\" \/>\n<meta property=\"og:url\" content=\"https:\/\/hand2noteguide.com\/guide\/decision-analysis\/\" \/>\n<meta property=\"og:site_name\" content=\"Hand2Note Guide\" \/>\n<meta property=\"article:modified_time\" content=\"2025-06-04T14:49:10+00:00\" \/>\n<meta property=\"og:image\" content=\"https:\/\/hand2noteguide.com\/wp-content\/uploads\/2019\/07\/hand2note-action-profit.png\" \/>\n<meta name=\"twitter:card\" content=\"summary_large_image\" \/>\n<meta name=\"twitter:label1\" content=\"Est. reading time\" \/>\n\t<meta name=\"twitter:data1\" content=\"4 minutes\" \/>\n<!-- \/ Yoast SEO plugin. -->","yoast_head_json":{"title":"Descubra a Rentabilidade das M\u00e3os em Diferentes Situa\u00e7\u00f5es","description":"Aprenda a analisar a rentabilidade de suas m\u00e3os de poker em v\u00e1rias situa\u00e7\u00f5es usando o recurso de An\u00e1lise de Decis\u00e3o do Hand2Note. Otimize sua estrat\u00e9gia hoje!","robots":{"index":"index","follow":"follow","max-snippet":"max-snippet:-1","max-image-preview":"max-image-preview:large","max-video-preview":"max-video-preview:-1"},"canonical":"https:\/\/hand2noteguide.com\/guide\/decision-analysis\/","og_locale":"pt_PT","og_type":"article","og_title":"Descubra a Rentabilidade das M\u00e3os em Diferentes Situa\u00e7\u00f5es","og_description":"Aprenda a analisar a rentabilidade de suas m\u00e3os de poker em v\u00e1rias situa\u00e7\u00f5es usando o recurso de An\u00e1lise de Decis\u00e3o do Hand2Note. Otimize sua estrat\u00e9gia hoje!","og_url":"https:\/\/hand2noteguide.com\/guide\/decision-analysis\/","og_site_name":"Hand2Note Guide","article_modified_time":"2025-06-04T14:49:10+00:00","og_image":[{"url":"https:\/\/hand2noteguide.com\/wp-content\/uploads\/2019\/07\/hand2note-action-profit.png","type":"","width":"","height":""}],"twitter_card":"summary_large_image","twitter_misc":{"Est. reading time":"4 minutes"},"schema":{"@context":"https:\/\/schema.org","@graph":[]}},"jetpack_sharing_enabled":false,"_links":{"self":[{"href":"https:\/\/hand2noteguide.com\/pt\/wp-json\/wp\/v2\/pages\/586","targetHints":{"allow":["GET"]}}],"collection":[{"href":"https:\/\/hand2noteguide.com\/pt\/wp-json\/wp\/v2\/pages"}],"about":[{"href":"https:\/\/hand2noteguide.com\/pt\/wp-json\/wp\/v2\/types\/page"}],"author":[{"embeddable":true,"href":"https:\/\/hand2noteguide.com\/pt\/wp-json\/wp\/v2\/users\/1"}],"replies":[{"embeddable":true,"href":"https:\/\/hand2noteguide.com\/pt\/wp-json\/wp\/v2\/comments?post=586"}],"version-history":[{"count":15,"href":"https:\/\/hand2noteguide.com\/pt\/wp-json\/wp\/v2\/pages\/586\/revisions"}],"predecessor-version":[{"id":13518,"href":"https:\/\/hand2noteguide.com\/pt\/wp-json\/wp\/v2\/pages\/586\/revisions\/13518"}],"up":[{"embeddable":true,"href":"https:\/\/hand2noteguide.com\/pt\/wp-json\/wp\/v2\/pages\/74"}],"wp:attachment":[{"href":"https:\/\/hand2noteguide.com\/pt\/wp-json\/wp\/v2\/media?parent=586"}],"curies":[{"name":"wp","href":"https:\/\/api.w.org\/{rel}","templated":true}]}}