{"id":6096,"date":"2024-03-14T14:01:58","date_gmt":"2024-03-14T11:01:58","guid":{"rendered":"https:\/\/hand2noteguide.com\/?page_id=6096"},"modified":"2026-02-21T16:09:45","modified_gmt":"2026-02-21T13:09:45","slug":"gto-wizard-discount","status":"publish","type":"page","link":"https:\/\/hand2noteguide.com\/pt\/poker\/poker-gto\/gto-wizard-review\/gto-wizard-discount\/","title":{"rendered":"GTO Wizard: Desconto de 10% e B\u00f4nus!"},"content":{"rendered":"\n<p>Para obter <strong>um desconto instant\u00e2neo de 10%<\/strong> em qualquer assinatura do GTO Wizard, siga os 3 passos simples:<\/p>\n\n\n\n<div class=\"green-block\">\n<p><strong>1.<\/strong> Abra o site do GTO Wizard com <a href=\"https:\/\/gtowizard.com\/p\/nickkorolev\" target=\"_blank\" rel=\"noopener sponsored\"><strong>nosso link<\/strong><\/a><\/p>\n<p><strong>2.<\/strong> Crie uma conta e fa\u00e7a login<\/p>\n<p><strong>3.<\/strong> O desconto de 10% ser\u00e1 automaticamente aplicado a qualquer compra que voc\u00ea fizer.<\/p>\n<\/div>\n\n\n\n<p>Voc\u00ea tamb\u00e9m pode copiar e colar o link em uma nova aba:<\/p>\n\n\n\n<pre>https:\/\/gtowizard.com\/p\/nickkorolev<\/pre>\n\n\n\n<p>Assim que voc\u00ea estiver logado, ver\u00e1 a mensagem indicando que voc\u00ea tem um desconto gra\u00e7as a nickkorolev.<\/p>\n\n\n\n<figure class=\"wp-block-image size-large\"><a href=\"https:\/\/gtowizard.com\/p\/nickkorolev\" target=\"_blank\" rel=\"noreferrer noopener\"><img loading=\"lazy\" decoding=\"async\" width=\"1024\" height=\"556\" src=\"https:\/\/hand2noteguide.com\/wp-content\/uploads\/2024\/03\/gto-wizard-discount-1-min-1024x556.webp\" alt=\"Desconto GTO Wizard\" class=\"wp-image-6145\" srcset=\"https:\/\/hand2noteguide.com\/wp-content\/uploads\/2024\/03\/gto-wizard-discount-1-min-1024x556.webp 1024w, https:\/\/hand2noteguide.com\/wp-content\/uploads\/2024\/03\/gto-wizard-discount-1-min-300x163.webp 300w, https:\/\/hand2noteguide.com\/wp-content\/uploads\/2024\/03\/gto-wizard-discount-1-min-768x417.webp 768w, https:\/\/hand2noteguide.com\/wp-content\/uploads\/2024\/03\/gto-wizard-discount-1-min-1536x834.webp 1536w, https:\/\/hand2noteguide.com\/wp-content\/uploads\/2024\/03\/gto-wizard-discount-1-min-2048x1112.webp 2048w, https:\/\/hand2noteguide.com\/wp-content\/uploads\/2024\/03\/gto-wizard-discount-1-min-772x419.webp 772w, https:\/\/hand2noteguide.com\/wp-content\/uploads\/2024\/03\/gto-wizard-discount-1-min-624x339.webp 624w\" sizes=\"auto, (max-width: 1024px) 100vw, 1024px\" \/><\/a><\/figure>\n\n\n\n<h2 class=\"wp-block-heading\">Mais do que um desconto<\/h2>\n\n\n\n<p>Nosso acordo oferece um b\u00f4nus extra. Se voc\u00ea se inscrever com <a href=\"https:\/\/gtowizard.com\/p\/nickkorolev\" target=\"_blank\" rel=\"noreferrer noopener sponsored\"><strong>nosso link<\/strong><\/a> e adquirir qualquer plano <strong>anual<\/strong> do GTO Wizard, voc\u00ea tamb\u00e9m receber\u00e1 <a href=\"https:\/\/hand2noteguide.com\/pt\/poker\/the-best-poker-preflop-charts-software\/\"><strong>Freebetrange<\/strong><\/a><strong> 60 dias de licen\u00e7a PRO gratuita<\/strong>. O Freebetrange suporta o formato de ranges do GTO Wizard. Portanto, voc\u00ea pode combinar perfeitamente essas duas ferramentas: estudar ranges GTO no Wizard e criar sua pr\u00f3pria estrat\u00e9gia de preflop personalizada no Freebetrange.<\/p>\n\n\n\n<figure class=\"wp-block-image size-large\"><a href=\"https:\/\/freebetrange.com\/\" target=\"_blank\" rel=\"noopener\"><img loading=\"lazy\" decoding=\"async\" width=\"1024\" height=\"622\" src=\"https:\/\/hand2noteguide.com\/wp-content\/uploads\/2024\/03\/freebetrange-min-1024x622.webp\" alt=\"Editor de ranges Freebetrange\" class=\"wp-image-6150\" srcset=\"https:\/\/hand2noteguide.com\/wp-content\/uploads\/2024\/03\/freebetrange-min-1024x622.webp 1024w, https:\/\/hand2noteguide.com\/wp-content\/uploads\/2024\/03\/freebetrange-min-300x182.webp 300w, https:\/\/hand2noteguide.com\/wp-content\/uploads\/2024\/03\/freebetrange-min-768x467.webp 768w, https:\/\/hand2noteguide.com\/wp-content\/uploads\/2024\/03\/freebetrange-min-1536x933.webp 1536w, https:\/\/hand2noteguide.com\/wp-content\/uploads\/2024\/03\/freebetrange-min-2048x1245.webp 2048w, https:\/\/hand2noteguide.com\/wp-content\/uploads\/2024\/03\/freebetrange-min-772x469.webp 772w, https:\/\/hand2noteguide.com\/wp-content\/uploads\/2024\/03\/freebetrange-min-624x379.webp 624w\" sizes=\"auto, (max-width: 1024px) 100vw, 1024px\" \/><\/a><\/figure>\n\n\n\n<p>Para reivindicar este b\u00f4nus, voc\u00ea precisa criar uma conta no Freebetrange e <a href=\"https:\/\/hand2noteguide.com\/pt\/contact-us\/\">entrar em contato conosco<\/a>. Sua licen\u00e7a PRO ser\u00e1 automaticamente ativada dentro de 24 horas ap\u00f3s a compra do GTO Wizard.<\/p>\n\n\n\n<h2 class=\"wp-block-heading\">E se o desconto n\u00e3o funcionar?<\/h2>\n\n\n\n<p>Por favor, certifique-se de que voc\u00ea est\u00e1 criando <strong>uma nova conta<\/strong>. Porque se voc\u00ea tiver uma conta existente com compras feitas no passado, os descontos n\u00e3o s\u00e3o aplic\u00e1veis. <a href=\"https:\/\/hand2noteguide.com\/pt\/contact-us\/\">Entre em contato conosco<\/a> se voc\u00ea tiver certeza de que est\u00e1 fazendo uma primeira compra, mas o desconto ainda n\u00e3o funcionar.<\/p>\n\n\n\n<h2 class=\"wp-block-heading\">Por que devo comprar o GTO Wizard?<\/h2>\n\n\n\n<p>N\u00e3o importa o n\u00edvel em que voc\u00ea joga, para ser um jogador s\u00f3lido e vencedor, voc\u00ea precisa aprender GTO. Claro que voc\u00ea precisa explorar os erros de outros jogadores &#8211; \u00e9 assim que se ganha dinheiro no poker. E para explorar, voc\u00ea precisa se desviar dos ranges GTO. Mas como voc\u00ea se desviaria se n\u00e3o conhece os ranges GTO em primeiro lugar? Se voc\u00ea n\u00e3o tiver uma base s\u00f3lida de GTO em sua cabe\u00e7a, seus ranges ser\u00e3o muito aleat\u00f3rios, e voc\u00ea tamb\u00e9m ser\u00e1 muito explor\u00e1vel contra outros jogadores profissionais.<\/p>\n\n\n\n<figure class=\"wp-block-image size-large\"><a href=\"https:\/\/hand2noteguide.com\/pt\/gto-wizard-discount\/gto-wizard-app-min\/\" target=\"_blank\" rel=\"noreferrer noopener\"><img loading=\"lazy\" decoding=\"async\" width=\"1024\" height=\"632\" src=\"https:\/\/hand2noteguide.com\/wp-content\/uploads\/2024\/03\/gto-wizard-app-min-1024x632.webp\" alt=\"App GTO Wizard\" class=\"wp-image-6166\" srcset=\"https:\/\/hand2noteguide.com\/wp-content\/uploads\/2024\/03\/gto-wizard-app-min-1024x632.webp 1024w, https:\/\/hand2noteguide.com\/wp-content\/uploads\/2024\/03\/gto-wizard-app-min-300x185.webp 300w, https:\/\/hand2noteguide.com\/wp-content\/uploads\/2024\/03\/gto-wizard-app-min-768x474.webp 768w, https:\/\/hand2noteguide.com\/wp-content\/uploads\/2024\/03\/gto-wizard-app-min-1536x948.webp 1536w, https:\/\/hand2noteguide.com\/wp-content\/uploads\/2024\/03\/gto-wizard-app-min-2048x1264.webp 2048w, https:\/\/hand2noteguide.com\/wp-content\/uploads\/2024\/03\/gto-wizard-app-min-772x476.webp 772w, https:\/\/hand2noteguide.com\/wp-content\/uploads\/2024\/03\/gto-wizard-app-min-624x385.webp 624w\" sizes=\"auto, (max-width: 1024px) 100vw, 1024px\" \/><\/a><\/figure>\n\n\n\n<p>Portanto, a necessidade de estudar o GTO \u00e9 ineg\u00e1vel. O GTO Wizard \u00e9 um aplicativo perfeito em <a href=\"https:\/\/hand2noteguide.com\/pt\/poker\/5-best-online-poker-software\/\">seu arsenal de ferramentas de poker<\/a> para satisfaz\u00ea-la completamente. O aplicativo funciona no seu navegador, ent\u00e3o voc\u00ea n\u00e3o precisa instalar nenhum software no seu PC. Todas as solu\u00e7\u00f5es s\u00e3o pr\u00e9-calculadas, ent\u00e3o voc\u00ea n\u00e3o precisa esperar para resolver um ponto espec\u00edfico. O aplicativo funciona de forma r\u00e1pida e suave, e tamb\u00e9m cont\u00e9m uma s\u00e9rie de recursos de treinamento convenientes que voc\u00ea ir\u00e1 gradualmente descobrir \u00e0 medida que o utiliza.<\/p>\n\n\n\n<p>Saiba mais sobre os recursos do GTO Wizard em nosso artigo <a href=\"https:\/\/hand2noteguide.com\/pt\/poker\/poker-gto\/gto-wizard-review\/\">Revis\u00e3o do GTO Wizard<\/a>.<\/p>\n\n\n\n<h2 class=\"wp-block-heading\">Qual plano de assinatura \u00e9 adequado para mim?<\/h2>\n\n\n\n<p>Logo ap\u00f3s se inscrever, voc\u00ea ser\u00e1 solicitado a selecionar seu tipo de jogo:<\/p>\n\n\n\n<ul class=\"wp-block-list\">\n<li>Jogos de Cash cl\u00e1ssicos<\/li>\n\n\n\n<li>MTT<\/li>\n\n\n\n<li>Spin&amp;Go<\/li>\n\n\n\n<li>HU SNG<\/li>\n\n\n\n<li>Jogos de cash com Straddle &amp; Ante<\/li>\n<\/ul>\n\n\n\n<p>N\u00e3o se preocupe, se voc\u00ea precisar de mais de um tipo de jogo, poder\u00e1 selecionar mais depois.<\/p>\n\n\n\n<figure class=\"wp-block-image size-large\"><a href=\"https:\/\/hand2noteguide.com\/pt\/gto-wizard-discount\/gto-wizard-plans-1-min\/\" target=\"_blank\" rel=\"noreferrer noopener\"><img loading=\"lazy\" decoding=\"async\" width=\"1024\" height=\"631\" src=\"https:\/\/hand2noteguide.com\/wp-content\/uploads\/2024\/03\/gto-wizard-plans-1-min-1024x631.webp\" alt=\"GTO Wizard escolha um tipo de jogo de poker\" class=\"wp-image-6159\" srcset=\"https:\/\/hand2noteguide.com\/wp-content\/uploads\/2024\/03\/gto-wizard-plans-1-min-1024x631.webp 1024w, https:\/\/hand2noteguide.com\/wp-content\/uploads\/2024\/03\/gto-wizard-plans-1-min-300x185.webp 300w, https:\/\/hand2noteguide.com\/wp-content\/uploads\/2024\/03\/gto-wizard-plans-1-min-768x474.webp 768w, https:\/\/hand2noteguide.com\/wp-content\/uploads\/2024\/03\/gto-wizard-plans-1-min-1536x947.webp 1536w, https:\/\/hand2noteguide.com\/wp-content\/uploads\/2024\/03\/gto-wizard-plans-1-min-2048x1263.webp 2048w, https:\/\/hand2noteguide.com\/wp-content\/uploads\/2024\/03\/gto-wizard-plans-1-min-772x476.webp 772w, https:\/\/hand2noteguide.com\/wp-content\/uploads\/2024\/03\/gto-wizard-plans-1-min-624x385.webp 624w\" sizes=\"auto, (max-width: 1024px) 100vw, 1024px\" \/><\/a><\/figure>\n\n\n\n<p>Cada tipo de jogo oferece cinco planos de assinatura: <strong>Free, Starter, Premium, Elite e Ultra<\/strong>. Eles diferem em recursos, limites de an\u00e1lise e capacidades do solver.<\/p>\n\n\n\n<p>Todos os n\u00edveis pagos fornecem acesso \u00e0 biblioteca de solu\u00e7\u00f5es p\u00f3s-flop. No entanto, os limites variam significativamente:<\/p>\n\n\n\n<ul class=\"wp-block-list\">\n<li><strong>Starter:<\/strong> Analise at\u00e9 50 hist\u00f3ricos de m\u00e3os por m\u00eas e treine apenas spots com profundidade de 100bb.<\/li>\n\n\n\n<li><strong>Premium:<\/strong> Analise at\u00e9 100.000 m\u00e3os por m\u00eas com todos os tamanhos de stack dispon\u00edveis no modo Pr\u00e1tica.<\/li>\n\n\n\n<li><strong>Elite:<\/strong> Aumenta o limite de an\u00e1lise para 150.000 m\u00e3os e desbloqueia o <strong>Node Locking 2.0<\/strong>, permitindo ajustar a estrat\u00e9gia de um oponente para encontrar exploits m\u00e1ximos.<\/li>\n<\/ul>\n\n\n\n<p>A funcionalidade principal dos planos de n\u00edvel superior \u00e9 o <strong>GTO Wizard AI (anteriormente Ruse AI)<\/strong>. Enquanto o plano <strong>Elite<\/strong> permite resolver spots personalizados de Heads-Up e editar ranges ou tamanhos de stack, o novo plano <strong>Ultra<\/strong> leva isso ao pr\u00f3ximo n\u00edvel com <strong>Solu\u00e7\u00e3o AI Multiway Ilimitada<\/strong>. Isso permite resolver rapidamente qualquer situa\u00e7\u00e3o pr\u00e9-flop ou p\u00f3s-flop com at\u00e9 9 jogadores, mesmo que n\u00e3o esteja na biblioteca.<\/p>\n\n\n<div class=\"wp-block-h2n-alert h2n-alert h2n-alert--info\"><div class=\"h2n-alert__icon\" aria-hidden=\"true\"><svg width=\"22\" height=\"22\" viewBox=\"0 0 24 24\" fill=\"none\" stroke=\"currentColor\" stroke-width=\"2\" stroke-linecap=\"round\" stroke-linejoin=\"round\"><circle cx=\"12\" cy=\"12\" r=\"10\"\/><line x1=\"12\" y1=\"16\" x2=\"12\" y2=\"12\"\/><circle cx=\"12\" cy=\"8\" r=\"1\" fill=\"currentColor\" stroke=\"none\"\/><\/svg><\/div><div class=\"h2n-alert__content\">Voc\u00ea pode saber mais sobre os planos pagos em nosso artigo <a href=\"https:\/\/hand2noteguide.com\/pt\/gto-wizard-price\/\">Vis\u00e3o Geral de Pre\u00e7os do GTO Wizard<\/a>.<\/div><\/div>\n\n\n<p>Revise a lista de recursos dispon\u00edveis em cada plano. Em seguida, escolha aquele que melhor se adapta aos seus objetivos de treinamento de poker.<\/p>\n\n\n\n<h2 class=\"wp-block-heading\">Existe um c\u00f3digo promocional ou cupom do GTO Wizard?<\/h2>\n\n\n\n<p>N\u00e3o, o aplicativo n\u00e3o oferece a possibilidade de inserir cupons. Para obter um desconto, voc\u00ea precisa se inscrever com um link especial:<\/p>\n\n\n\n<pre>https:\/\/gtowizard.com\/p\/nickkorolev<\/pre>\n\n\n\n<p>Ap\u00f3s se inscrever, v\u00e1 para a p\u00e1gina de checkout. Voc\u00ea ver\u00e1 que seu c\u00f3digo de desconto do GTO Wizard &#8220;nickkorolev&#8221; j\u00e1 foi aplicado. Esta \u00e9 a \u00fanica maneira de obter um pre\u00e7o com desconto na ferramenta GTO Wizard.<\/p>\n\n\n\n<p>Use nossa oferta para come\u00e7ar sua jornada com <a href=\"\/pt\/poker\/5-best-online-poker-software\/\">o melhor software GTO<\/a> pelo melhor pre\u00e7o.<\/p>\n\n\n\n<p style=\"margin-top:24px\"><a target=\"_blank\" class=\"article-action-link\" href=\"https:\/\/gtowizard.com\/p\/nickkorolev\" rel=\"noopener sponsored\">Obtenha o GTO Wizard com 10% de desconto \u2192<\/a><\/p>\n","protected":false},"excerpt":{"rendered":"<p>Para obter um desconto instant\u00e2neo de 10% em qualquer assinatura do GTO Wizard, siga os 3 passos simples: 1. Abra o site do GTO Wizard com nosso link 2. Crie uma conta e fa\u00e7a login 3. O desconto de 10% ser\u00e1 automaticamente aplicado a qualquer compra que voc\u00ea fizer. Voc\u00ea tamb\u00e9m pode copiar e colar &hellip; <a href=\"https:\/\/hand2noteguide.com\/pt\/poker\/poker-gto\/gto-wizard-review\/gto-wizard-discount\/\" class=\"more-link\">Continue reading <span class=\"screen-reader-text\">GTO Wizard: Desconto de 10% e B\u00f4nus!<\/span><\/a><\/p>\n","protected":false},"author":1,"featured_media":0,"parent":6182,"menu_order":0,"comment_status":"closed","ping_status":"closed","template":"","meta":{"footnotes":""},"class_list":["post-6096","page","type-page","status-publish","hentry"],"translation":{"provider":"WPGlobus","version":"3.0.2","language":"pt","enabled_languages":["en","ru","pt","zh","es","fr","de","it","ja"],"languages":{"en":{"title":true,"content":true,"excerpt":false},"ru":{"title":true,"content":true,"excerpt":false},"pt":{"title":true,"content":true,"excerpt":false},"zh":{"title":true,"content":true,"excerpt":false},"es":{"title":true,"content":true,"excerpt":false},"fr":{"title":true,"content":true,"excerpt":false},"de":{"title":true,"content":true,"excerpt":false},"it":{"title":true,"content":true,"excerpt":false},"ja":{"title":true,"content":true,"excerpt":false}}},"yoast_head":"<!-- This site is optimized with the Yoast SEO plugin v27.0 - https:\/\/yoast.com\/product\/yoast-seo-wordpress\/ -->\n<title>Desconto GTO Wizard - 10% em qualquer assinatura + B\u00f4nus<\/title>\n<meta name=\"description\" content=\"Obtenha 10% de desconto no GTO Wizard com nosso link exclusivo e receba 60 dias de Freebetrange PRO gr\u00e1tis. Estude GTO e personalize sua estrat\u00e9gia de pr\u00e9-flop.\" \/>\n<meta name=\"robots\" content=\"index, follow, max-snippet:-1, max-image-preview:large, max-video-preview:-1\" \/>\n<link rel=\"canonical\" href=\"https:\/\/hand2noteguide.com\/poker\/poker-gto\/gto-wizard-review\/gto-wizard-discount\/\" \/>\n<meta property=\"og:locale\" content=\"pt_PT\" \/>\n<meta property=\"og:type\" content=\"article\" \/>\n<meta property=\"og:title\" content=\"Desconto GTO Wizard - 10% em qualquer assinatura + B\u00f4nus\" \/>\n<meta property=\"og:description\" content=\"Obtenha 10% de desconto no GTO Wizard com nosso link exclusivo e receba 60 dias de Freebetrange PRO gr\u00e1tis. Estude GTO e personalize sua estrat\u00e9gia de pr\u00e9-flop.\" \/>\n<meta property=\"og:url\" content=\"https:\/\/hand2noteguide.com\/poker\/poker-gto\/gto-wizard-review\/gto-wizard-discount\/\" \/>\n<meta property=\"og:site_name\" content=\"Hand2Note Guide\" \/>\n<meta property=\"article:modified_time\" content=\"2026-02-21T13:09:45+00:00\" \/>\n<meta property=\"og:image\" content=\"https:\/\/hand2noteguide.com\/wp-content\/uploads\/2024\/03\/gto-wizard-discount-1-min-1024x556.webp\" \/>\n<meta name=\"twitter:card\" content=\"summary_large_image\" \/>\n<meta name=\"twitter:label1\" content=\"Est. reading time\" \/>\n\t<meta name=\"twitter:data1\" content=\"5 minutes\" \/>\n<!-- \/ Yoast SEO plugin. -->","yoast_head_json":{"title":"Desconto GTO Wizard - 10% em qualquer assinatura + B\u00f4nus","description":"Obtenha 10% de desconto no GTO Wizard com nosso link exclusivo e receba 60 dias de Freebetrange PRO gr\u00e1tis. Estude GTO e personalize sua estrat\u00e9gia de pr\u00e9-flop.","robots":{"index":"index","follow":"follow","max-snippet":"max-snippet:-1","max-image-preview":"max-image-preview:large","max-video-preview":"max-video-preview:-1"},"canonical":"https:\/\/hand2noteguide.com\/poker\/poker-gto\/gto-wizard-review\/gto-wizard-discount\/","og_locale":"pt_PT","og_type":"article","og_title":"Desconto GTO Wizard - 10% em qualquer assinatura + B\u00f4nus","og_description":"Obtenha 10% de desconto no GTO Wizard com nosso link exclusivo e receba 60 dias de Freebetrange PRO gr\u00e1tis. Estude GTO e personalize sua estrat\u00e9gia de pr\u00e9-flop.","og_url":"https:\/\/hand2noteguide.com\/poker\/poker-gto\/gto-wizard-review\/gto-wizard-discount\/","og_site_name":"Hand2Note Guide","article_modified_time":"2026-02-21T13:09:45+00:00","og_image":[{"url":"https:\/\/hand2noteguide.com\/wp-content\/uploads\/2024\/03\/gto-wizard-discount-1-min-1024x556.webp","type":"","width":"","height":""}],"twitter_card":"summary_large_image","twitter_misc":{"Est. reading time":"5 minutes"},"schema":{"@context":"https:\/\/schema.org","@graph":[]}},"jetpack_sharing_enabled":true,"_links":{"self":[{"href":"https:\/\/hand2noteguide.com\/pt\/wp-json\/wp\/v2\/pages\/6096","targetHints":{"allow":["GET"]}}],"collection":[{"href":"https:\/\/hand2noteguide.com\/pt\/wp-json\/wp\/v2\/pages"}],"about":[{"href":"https:\/\/hand2noteguide.com\/pt\/wp-json\/wp\/v2\/types\/page"}],"author":[{"embeddable":true,"href":"https:\/\/hand2noteguide.com\/pt\/wp-json\/wp\/v2\/users\/1"}],"replies":[{"embeddable":true,"href":"https:\/\/hand2noteguide.com\/pt\/wp-json\/wp\/v2\/comments?post=6096"}],"version-history":[{"count":128,"href":"https:\/\/hand2noteguide.com\/pt\/wp-json\/wp\/v2\/pages\/6096\/revisions"}],"predecessor-version":[{"id":15222,"href":"https:\/\/hand2noteguide.com\/pt\/wp-json\/wp\/v2\/pages\/6096\/revisions\/15222"}],"up":[{"embeddable":true,"href":"https:\/\/hand2noteguide.com\/pt\/wp-json\/wp\/v2\/pages\/6182"}],"wp:attachment":[{"href":"https:\/\/hand2noteguide.com\/pt\/wp-json\/wp\/v2\/media?parent=6096"}],"curies":[{"name":"wp","href":"https:\/\/api.w.org\/{rel}","templated":true}]}}