{"id":6182,"date":"2024-03-16T13:26:25","date_gmt":"2024-03-16T10:26:25","guid":{"rendered":"https:\/\/hand2noteguide.com\/?page_id=6182"},"modified":"2026-02-23T12:09:58","modified_gmt":"2026-02-23T09:09:58","slug":"gto-wizard-review","status":"publish","type":"page","link":"https:\/\/hand2noteguide.com\/pt\/poker\/poker-gto\/gto-wizard-review\/","title":{"rendered":"Revis\u00e3o do GTO Wizard"},"content":{"rendered":"\n<p>Neste artigo, vamos revisar as principais caracter\u00edsticas do GTO Wizard &#8211; o software GTO definitivo para jogadores de poker. N\u00e3o importa em que n\u00edvel voc\u00ea est\u00e1 agora &#8211; de micro a high stakes. No poker online moderno, voc\u00ea precisa pelo menos ter um entendimento b\u00e1sico de GTO. Mas o Wizard oferece muito mais do que um entendimento b\u00e1sico. Ele permite que voc\u00ea estude GTO de forma muito profunda, mas ao mesmo tempo r\u00e1pida e eficiente. Vamos dar uma olhada.<\/p>\n\n\n\n<h2 class=\"wp-block-heading\">O que \u00e9 o GTO Wizard?<\/h2>\n\n\n\n<p>Em resumo, o GTO Wizard \u00e9 um aplicativo de poker baseado na web para estudar <a href=\"https:\/\/hand2noteguide.com\/pt\/poker\/poker-gto\/\">GTO<\/a>.<\/p>\n\n\n\n<figure class=\"wp-block-image size-large\"><a href=\"https:\/\/gtowizard.com\/p\/nickkorolev\" target=\"_blank\" rel=\"noopener\"><img loading=\"lazy\" decoding=\"async\" width=\"1024\" height=\"660\" src=\"https:\/\/hand2noteguide.com\/wp-content\/uploads\/2024\/03\/1-gto-wizard-main-min-1024x660.webp\" alt=\"Revis\u00e3o do GTO Wizard\" class=\"wp-image-6208\" srcset=\"https:\/\/hand2noteguide.com\/wp-content\/uploads\/2024\/03\/1-gto-wizard-main-min-1024x660.webp 1024w, https:\/\/hand2noteguide.com\/wp-content\/uploads\/2024\/03\/1-gto-wizard-main-min-300x193.webp 300w, https:\/\/hand2noteguide.com\/wp-content\/uploads\/2024\/03\/1-gto-wizard-main-min-768x495.webp 768w, https:\/\/hand2noteguide.com\/wp-content\/uploads\/2024\/03\/1-gto-wizard-main-min-1536x989.webp 1536w, https:\/\/hand2noteguide.com\/wp-content\/uploads\/2024\/03\/1-gto-wizard-main-min-2048x1319.webp 2048w, https:\/\/hand2noteguide.com\/wp-content\/uploads\/2024\/03\/1-gto-wizard-main-min-772x497.webp 772w, https:\/\/hand2noteguide.com\/wp-content\/uploads\/2024\/03\/1-gto-wizard-main-min-624x402.webp 624w\" sizes=\"auto, (max-width: 1024px) 100vw, 1024px\" \/><\/a><\/figure>\n\n\n\n<p>Primeiramente, ele possui uma biblioteca com mais de 10 milh\u00f5es de situa\u00e7\u00f5es pr\u00e9-resolvidas para preflop e postflop. Todos os formatos de jogos de Cash, heads-up SNGs, MTTs e Spins s\u00e3o suportados. A segunda principal caracter\u00edstica do software \u00e9 a capacidade de praticar a estrat\u00e9gia GTO. E a terceira \u00e9 a An\u00e1lise, ou seja, carregar seus hist\u00f3ricos de m\u00e3os e explorar os relat\u00f3rios sobre como voc\u00ea jogou corretamente do ponto de vista do GTO. Vamos analisar cada uma dessas fun\u00e7\u00f5es em mais detalhes mais adiante neste artigo.<\/p>\n\n\n\n<h2 class=\"wp-block-heading\">Criando uma conta e Login<\/h2>\n\n\n\n<p>Voc\u00ea pode acessar o aplicativo em alguns cliques. Use sua conta do Google, Facebook ou Apple.<\/p>\n\n\n\n<div class=\"green-block\" style=\"margin:16px 0 24px 0\">\n<p style=\"margin-bottom:0\">Certifique-se de abrir o site do GTO Wizard com o link <a href=\"https:\/\/gtowizard.com\/p\/nickkorolev\" target=\"_blank\" rel=\"sponsored noopener\">https:\/\/gtowizard.com\/p\/nickkorolev<\/a> antes de criar uma conta.<br>Dessa forma, voc\u00ea receber\u00e1 um <b>desconto de 10% na compra da sua assinatura<\/b> e uma licen\u00e7a Freebetrange PRO gratuita.<br><a href=\"\/pt\/poker\/poker-gto\/gto-wizard-review\/gto-wizard-discount\/\">Mais sobre esta oferta \u2192<\/a><\/p>\n<\/div>\n\n\n\n<figure class=\"wp-block-image size-large is-resized\"><a href=\"https:\/\/hand2noteguide.com\/?attachment_id=6209\" target=\"_blank\" rel=\"noreferrer noopener\"><img loading=\"lazy\" decoding=\"async\" src=\"https:\/\/hand2noteguide.com\/wp-content\/uploads\/2024\/03\/2-gto-wizard-login-min-1024x685.webp\" alt=\"Login do GTO Wizard\" class=\"wp-image-6209\" width=\"840\" height=\"561\" srcset=\"https:\/\/hand2noteguide.com\/wp-content\/uploads\/2024\/03\/2-gto-wizard-login-min-1024x685.webp 1024w, https:\/\/hand2noteguide.com\/wp-content\/uploads\/2024\/03\/2-gto-wizard-login-min-300x201.webp 300w, https:\/\/hand2noteguide.com\/wp-content\/uploads\/2024\/03\/2-gto-wizard-login-min-768x514.webp 768w, https:\/\/hand2noteguide.com\/wp-content\/uploads\/2024\/03\/2-gto-wizard-login-min-1536x1028.webp 1536w, https:\/\/hand2noteguide.com\/wp-content\/uploads\/2024\/03\/2-gto-wizard-login-min-772x517.webp 772w, https:\/\/hand2noteguide.com\/wp-content\/uploads\/2024\/03\/2-gto-wizard-login-min-624x418.webp 624w, https:\/\/hand2noteguide.com\/wp-content\/uploads\/2024\/03\/2-gto-wizard-login-min.webp 2031w\" sizes=\"auto, (max-width: 840px) 100vw, 840px\" \/><\/a><figcaption class=\"wp-element-caption\">Login do GTO Wizard<\/figcaption><\/figure>\n\n\n\n<p>Assim que voc\u00ea entrar no aplicativo, ver\u00e1 um painel com todos os principais recursos, estat\u00edsticas do treinador e analisador, e um bloco de not\u00edcias com os artigos e v\u00eddeos mais recentes.<\/p>\n\n\n\n<figure class=\"wp-block-image size-large\"><a href=\"https:\/\/hand2noteguide.com\/?attachment_id=6210\" target=\"_blank\" rel=\"noreferrer noopener\"><img loading=\"lazy\" decoding=\"async\" width=\"1024\" height=\"664\" src=\"https:\/\/hand2noteguide.com\/wp-content\/uploads\/2024\/03\/3-gto-wizard-main-min-1024x664.webp\" alt=\"Painel do usu\u00e1rio do GTO Wizard\" class=\"wp-image-6210\" srcset=\"https:\/\/hand2noteguide.com\/wp-content\/uploads\/2024\/03\/3-gto-wizard-main-min-1024x664.webp 1024w, https:\/\/hand2noteguide.com\/wp-content\/uploads\/2024\/03\/3-gto-wizard-main-min-300x194.webp 300w, https:\/\/hand2noteguide.com\/wp-content\/uploads\/2024\/03\/3-gto-wizard-main-min-768x498.webp 768w, https:\/\/hand2noteguide.com\/wp-content\/uploads\/2024\/03\/3-gto-wizard-main-min-1536x996.webp 1536w, https:\/\/hand2noteguide.com\/wp-content\/uploads\/2024\/03\/3-gto-wizard-main-min-2048x1327.webp 2048w, https:\/\/hand2noteguide.com\/wp-content\/uploads\/2024\/03\/3-gto-wizard-main-min-772x500.webp 772w, https:\/\/hand2noteguide.com\/wp-content\/uploads\/2024\/03\/3-gto-wizard-main-min-624x404.webp 624w\" sizes=\"auto, (max-width: 1024px) 100vw, 1024px\" \/><\/a><figcaption class=\"wp-element-caption\">Painel do usu\u00e1rio do GTO Wizard<\/figcaption><\/figure>\n\n\n\n<p>Vamos come\u00e7ar com uma das principais fun\u00e7\u00f5es &#8211; a biblioteca de solu\u00e7\u00f5es pr\u00e9-calculadas. Para ir at\u00e9 l\u00e1, selecione &#8220;Study&#8221; no Dashboard.<\/p>\n\n\n\n<h2 class=\"wp-block-heading\">Biblioteca de solu\u00e7\u00f5es pr\u00e9-resolvidas<\/h2>\n\n\n\n<p>Nesta p\u00e1gina, voc\u00ea pode configurar os par\u00e2metros do jogo (1) e, em seguida, navegar facilmente pelas ranges (2).<\/p>\n\n\n\n<figure class=\"wp-block-image size-large\"><img loading=\"lazy\" decoding=\"async\" width=\"1024\" height=\"586\" src=\"https:\/\/hand2noteguide.com\/wp-content\/uploads\/2024\/03\/4-gto-wizard-library-1-2-min-1024x586.webp\" alt=\"Revis\u00e3o da solu\u00e7\u00e3o do GTO Wizard\" class=\"wp-image-6268\" srcset=\"https:\/\/hand2noteguide.com\/wp-content\/uploads\/2024\/03\/4-gto-wizard-library-1-2-min-1024x586.webp 1024w, https:\/\/hand2noteguide.com\/wp-content\/uploads\/2024\/03\/4-gto-wizard-library-1-2-min-300x172.webp 300w, https:\/\/hand2noteguide.com\/wp-content\/uploads\/2024\/03\/4-gto-wizard-library-1-2-min-768x440.webp 768w, https:\/\/hand2noteguide.com\/wp-content\/uploads\/2024\/03\/4-gto-wizard-library-1-2-min-1536x880.webp 1536w, https:\/\/hand2noteguide.com\/wp-content\/uploads\/2024\/03\/4-gto-wizard-library-1-2-min-2048x1173.webp 2048w, https:\/\/hand2noteguide.com\/wp-content\/uploads\/2024\/03\/4-gto-wizard-library-1-2-min-772x442.webp 772w, https:\/\/hand2noteguide.com\/wp-content\/uploads\/2024\/03\/4-gto-wizard-library-1-2-min-624x357.webp 624w\" sizes=\"auto, (max-width: 1024px) 100vw, 1024px\" \/><figcaption class=\"wp-element-caption\">GTO Ranges<\/figcaption><\/figure>\n\n\n\n<p>Na simula\u00e7\u00e3o, presume-se que todos os jogadores aderem \u00e0 estrat\u00e9gia GTO. Voc\u00ea pode definir qualquer sequ\u00eancia de <a href=\"https:\/\/hand2noteguide.com\/pt\/poker\/poker-actions\/\">a\u00e7\u00f5es<\/a> e, em seguida, ver exatamente como um determinado jogador deve reagir nesta situa\u00e7\u00e3o de jogo espec\u00edfica. Selecione qualquer m\u00e3o em uma matriz de range, e voc\u00ea ver\u00e1 a equidade (EV) de cada a\u00e7\u00e3o.<\/p>\n\n\n\n<p>Voc\u00ea pode personalizar o formato do jogo de forma muito flex\u00edvel. Muitos par\u00e2metros est\u00e3o \u00e0 sua disposi\u00e7\u00e3o &#8211; jogos cl\u00e1ssicos, ante, straddle; mesas HU, short-handed e full-ring; tamanhos de stack e aposta; estrutura de rake e mais.<\/p>\n\n\n\n<figure class=\"wp-block-image size-large\"><img loading=\"lazy\" decoding=\"async\" width=\"1024\" height=\"697\" src=\"https:\/\/hand2noteguide.com\/wp-content\/uploads\/2024\/03\/5-gto-wizard-game-types-min-1024x697.webp\" alt=\"Configura\u00e7\u00f5es de formato de jogo do GTO Wizard\" class=\"wp-image-6277\" srcset=\"https:\/\/hand2noteguide.com\/wp-content\/uploads\/2024\/03\/5-gto-wizard-game-types-min-1024x697.webp 1024w, https:\/\/hand2noteguide.com\/wp-content\/uploads\/2024\/03\/5-gto-wizard-game-types-min-300x204.webp 300w, https:\/\/hand2noteguide.com\/wp-content\/uploads\/2024\/03\/5-gto-wizard-game-types-min-768x523.webp 768w, https:\/\/hand2noteguide.com\/wp-content\/uploads\/2024\/03\/5-gto-wizard-game-types-min-1536x1046.webp 1536w, https:\/\/hand2noteguide.com\/wp-content\/uploads\/2024\/03\/5-gto-wizard-game-types-min-772x526.webp 772w, https:\/\/hand2noteguide.com\/wp-content\/uploads\/2024\/03\/5-gto-wizard-game-types-min-624x425.webp 624w, https:\/\/hand2noteguide.com\/wp-content\/uploads\/2024\/03\/5-gto-wizard-game-types-min.webp 1893w\" sizes=\"auto, (max-width: 1024px) 100vw, 1024px\" \/><figcaption class=\"wp-element-caption\">Biblioteca de Solu\u00e7\u00f5es GTO<\/figcaption><\/figure>\n\n\n\n<p>Ent\u00e3o, na se\u00e7\u00e3o &#8220;Study&#8221;, voc\u00ea pode visualizar e estudar os GTO ranges. Agora passaremos para a se\u00e7\u00e3o &#8220;Practice&#8221;, na qual voc\u00ea pode se desafiar sobre qu\u00e3o precisamente voc\u00ea pode seguir as ranges GTO no jogo.<\/p>\n\n\n\n<h2 class=\"wp-block-heading\">GTO Trainer<\/h2>\n\n\n\n<p>Na se\u00e7\u00e3o &#8220;Practice&#8221;, voc\u00ea pode treinar as ranges GTO e tamb\u00e9m revisar as estat\u00edsticas detalhadas dos seus treinos.<\/p>\n\n\n\n<figure class=\"wp-block-image size-large\"><img loading=\"lazy\" decoding=\"async\" width=\"1024\" height=\"616\" src=\"https:\/\/hand2noteguide.com\/wp-content\/uploads\/2024\/03\/6-gto-wizard-practice-min-1024x616.webp\" alt=\"Se\u00e7\u00e3o de pr\u00e1tica do GTO Wizard\" class=\"wp-image-6306\" srcset=\"https:\/\/hand2noteguide.com\/wp-content\/uploads\/2024\/03\/6-gto-wizard-practice-min-1024x616.webp 1024w, https:\/\/hand2noteguide.com\/wp-content\/uploads\/2024\/03\/6-gto-wizard-practice-min-300x181.webp 300w, https:\/\/hand2noteguide.com\/wp-content\/uploads\/2024\/03\/6-gto-wizard-practice-min-768x462.webp 768w, https:\/\/hand2noteguide.com\/wp-content\/uploads\/2024\/03\/6-gto-wizard-practice-min-1536x925.webp 1536w, https:\/\/hand2noteguide.com\/wp-content\/uploads\/2024\/03\/6-gto-wizard-practice-min-2048x1233.webp 2048w, https:\/\/hand2noteguide.com\/wp-content\/uploads\/2024\/03\/6-gto-wizard-practice-min-772x465.webp 772w, https:\/\/hand2noteguide.com\/wp-content\/uploads\/2024\/03\/6-gto-wizard-practice-min-624x376.webp 624w\" sizes=\"auto, (max-width: 1024px) 100vw, 1024px\" \/><figcaption class=\"wp-element-caption\">GTO Trainer<\/figcaption><\/figure>\n\n\n\n<p>O recurso mais popular aqui \u00e9 o &#8220;Trainer&#8221;, que simula um jogo real contra oponentes GTO. Cada a\u00e7\u00e3o que voc\u00ea realiza no &#8220;jogo&#8221; ser\u00e1 classificada: Melhor movimento, Movimento correto, Inacur\u00e1cia, Movimento errado ou Erro grave. Assim como na se\u00e7\u00e3o Study, o Trainer \u00e9 altamente personaliz\u00e1vel &#8211; voc\u00ea pode configurar os spots que deseja treinar, a dificuldade, o n\u00famero de mesas, e assim por diante.<\/p>\n\n\n\n<figure class=\"wp-block-image size-large\"><img loading=\"lazy\" decoding=\"async\" width=\"1024\" height=\"742\" src=\"https:\/\/hand2noteguide.com\/wp-content\/uploads\/2024\/03\/7-gto-wizard-trainer-min-1024x742.webp\" alt=\"Treinador de Poker GTO\" class=\"wp-image-6307\" srcset=\"https:\/\/hand2noteguide.com\/wp-content\/uploads\/2024\/03\/7-gto-wizard-trainer-min-1024x742.webp 1024w, https:\/\/hand2noteguide.com\/wp-content\/uploads\/2024\/03\/7-gto-wizard-trainer-min-300x218.webp 300w, https:\/\/hand2noteguide.com\/wp-content\/uploads\/2024\/03\/7-gto-wizard-trainer-min-768x557.webp 768w, https:\/\/hand2noteguide.com\/wp-content\/uploads\/2024\/03\/7-gto-wizard-trainer-min-1536x1114.webp 1536w, https:\/\/hand2noteguide.com\/wp-content\/uploads\/2024\/03\/7-gto-wizard-trainer-min-2048x1485.webp 2048w, https:\/\/hand2noteguide.com\/wp-content\/uploads\/2024\/03\/7-gto-wizard-trainer-min-772x560.webp 772w, https:\/\/hand2noteguide.com\/wp-content\/uploads\/2024\/03\/7-gto-wizard-trainer-min-624x452.webp 624w\" sizes=\"auto, (max-width: 1024px) 100vw, 1024px\" \/><figcaption class=\"wp-element-caption\">GTO Trainer em a\u00e7\u00e3o<\/figcaption><\/figure>\n\n\n\n<p>Em seguida, vamos para a se\u00e7\u00e3o &#8220;Analyze&#8221;, onde voc\u00ea pode executar a an\u00e1lise das m\u00e3os reais que jogou.<\/p>\n\n\n\n<h2 class=\"wp-block-heading\">Analisador de hist\u00f3ricos de m\u00e3os<\/h2>\n\n\n\n<p>Voc\u00ea pode carregar um \u00fanico arquivo ou uma pasta com v\u00e1rios hist\u00f3ricos de m\u00e3os. O GTO Wizard analisar\u00e1 todas as decis\u00f5es que voc\u00ea tomou nessas m\u00e3os. Ap\u00f3s o upload e as c\u00e1lculos serem conclu\u00eddos (s\u00e3o super r\u00e1pidos e dependem apenas da sua velocidade de internet), voc\u00ea ver\u00e1 uma lista de suas m\u00e3os avaliadas do ponto de vista do GTO.<\/p>\n\n\n\n<figure class=\"wp-block-image size-large\"><img loading=\"lazy\" decoding=\"async\" width=\"1024\" height=\"701\" src=\"https:\/\/hand2noteguide.com\/wp-content\/uploads\/2024\/03\/9-gto-wizard-analyzed-hands-min-1024x701.webp\" alt=\"Analisador de hist\u00f3rico de m\u00e3os GTO\" class=\"wp-image-6312\" srcset=\"https:\/\/hand2noteguide.com\/wp-content\/uploads\/2024\/03\/9-gto-wizard-analyzed-hands-min-1024x701.webp 1024w, https:\/\/hand2noteguide.com\/wp-content\/uploads\/2024\/03\/9-gto-wizard-analyzed-hands-min-300x205.webp 300w, https:\/\/hand2noteguide.com\/wp-content\/uploads\/2024\/03\/9-gto-wizard-analyzed-hands-min-768x526.webp 768w, https:\/\/hand2noteguide.com\/wp-content\/uploads\/2024\/03\/9-gto-wizard-analyzed-hands-min-1536x1051.webp 1536w, https:\/\/hand2noteguide.com\/wp-content\/uploads\/2024\/03\/9-gto-wizard-analyzed-hands-min-2048x1402.webp 2048w, https:\/\/hand2noteguide.com\/wp-content\/uploads\/2024\/03\/9-gto-wizard-analyzed-hands-min-772x528.webp 772w, https:\/\/hand2noteguide.com\/wp-content\/uploads\/2024\/03\/9-gto-wizard-analyzed-hands-min-624x427.webp 624w\" sizes=\"auto, (max-width: 1024px) 100vw, 1024px\" \/><\/figure>\n\n\n\n<p>Agora voc\u00ea pode trabalhar com esses dados para encontrar as falhas no seu jogo.<\/p>\n\n\n\n<h2 class=\"wp-block-heading\">Personaliza\u00e7\u00e3o<\/h2>\n\n\n\n<p>Voc\u00ea pode personalizar totalmente a apar\u00eancia e as teclas de atalho no aplicativo. Isso tornar\u00e1 seu processo de aprendizagem o mais conveniente poss\u00edvel.<\/p>\n\n\n\n<figure class=\"wp-block-image size-large\"><img loading=\"lazy\" decoding=\"async\" width=\"1024\" height=\"653\" src=\"https:\/\/hand2noteguide.com\/wp-content\/uploads\/2024\/03\/10-gto-wizard-settings-min-1024x653.webp\" alt=\"Personaliza\u00e7\u00e3o do aplicativo GTO Wizard\" class=\"wp-image-6313\" srcset=\"https:\/\/hand2noteguide.com\/wp-content\/uploads\/2024\/03\/10-gto-wizard-settings-min-1024x653.webp 1024w, https:\/\/hand2noteguide.com\/wp-content\/uploads\/2024\/03\/10-gto-wizard-settings-min-300x191.webp 300w, https:\/\/hand2noteguide.com\/wp-content\/uploads\/2024\/03\/10-gto-wizard-settings-min-768x490.webp 768w, https:\/\/hand2noteguide.com\/wp-content\/uploads\/2024\/03\/10-gto-wizard-settings-min-1536x979.webp 1536w, https:\/\/hand2noteguide.com\/wp-content\/uploads\/2024\/03\/10-gto-wizard-settings-min-2048x1305.webp 2048w, https:\/\/hand2noteguide.com\/wp-content\/uploads\/2024\/03\/10-gto-wizard-settings-min-772x492.webp 772w, https:\/\/hand2noteguide.com\/wp-content\/uploads\/2024\/03\/10-gto-wizard-settings-min-624x398.webp 624w\" sizes=\"auto, (max-width: 1024px) 100vw, 1024px\" \/><\/figure>\n\n\n\n<h2 class=\"wp-block-heading\">Pre\u00e7os<\/h2>\n\n\n\n<p>O GTO Wizard tem uma <strong>vers\u00e3o gratuita<\/strong>, que \u00e9 muito limitada em funcionalidade:<\/p>\n\n\n\n<ul class=\"wp-block-list\">\n<li>Voc\u00ea pode estudar apenas 1 spot de postflop por dia.<\/li>\n\n\n\n<li>Voc\u00ea pode praticar apenas 10 m\u00e3os por dia no Trainer.<\/li>\n\n\n\n<li>Voc\u00ea pode analisar apenas 5 m\u00e3os por m\u00eas.<\/li>\n<\/ul>\n\n\n\n<p><strong>Planos Premium<\/strong> abrem a capacidade total do aplicativo. O pre\u00e7o depende do tipo de jogo, come\u00e7ando <strong>em $39 por m\u00eas<\/strong>. Uma descri\u00e7\u00e3o mais detalhada e o custo de todos os planos est\u00e3o dispon\u00edveis em nosso artigo <a href=\"https:\/\/hand2noteguide.com\/pt\/poker\/poker-gto\/gto-wizard-review\/gto-wizard-price\/\">Pre\u00e7os do GTO Wizard<\/a>.<\/p>\n\n\n\n<h2 class=\"wp-block-heading\">Conclus\u00e3o<\/h2>\n\n\n\n<p>O GTO Wizard \u00e9 uma das <a href=\"https:\/\/hand2noteguide.com\/pt\/poker\/5-best-online-poker-software\/\">melhores ferramentas de poker<\/a> para explorar a teoria dos jogos. Fizemos um breve tour pelo software e revisamos as principais se\u00e7\u00f5es do aplicativo. Esse conhecimento j\u00e1 \u00e9 suficiente para come\u00e7ar a incluir essa ferramenta em seu plano de treinamento de poker. No entanto, lembre-se de que o GTO Wizard \u00e9 uma ferramenta muito profunda, com um grande n\u00famero de recursos de aprendizagem que voc\u00ea descobrir\u00e1 por conta pr\u00f3pria \u00e0 medida que a utilizar.<\/p>\n\n\n<div class=\"wp-block-h2n-cta-button\" style=\"text-align: left;\"><a href=\"https:\/\/hand2noteguide.com\/pt\/go\/gtowizard\/\" class=\"btn btn-primary\" target=\"_blank\" rel=\"noopener noreferrer nofollow sponsored\">Ir para o site do GTO Wizard \u2192<\/a><\/div>\n\n\n<h2 class=\"wp-block-heading\">Principais atualiza\u00e7\u00f5es do GTO Wizard em 2026<\/h2>\n\n\n\n<p>O GTO Wizard evoluiu de uma simples biblioteca de solu\u00e7\u00f5es para um mecanismo de IA de alta velocidade. Aqui est\u00e3o as atualiza\u00e7\u00f5es mais importantes que realmente impactam seu processo de estudo:<\/p>\n\n\n\n<p><strong>1. GTO Wizard AI: Resolu\u00e7\u00e3o Multiway em Tempo Real<\/strong> Os dias de depender de ranges &#8220;est\u00e1ticos&#8221; pr\u00e9-resolvidos acabaram. O GTO Wizard AI agora calcula cen\u00e1rios <strong>Multiway preflop (at\u00e9 9 jogadores)<\/strong> e <strong>Postflop (potes 3-way)<\/strong> em segundos, diretamente no seu navegador. Voc\u00ea pode definir qualquer profundidade de stack personalizada, estrutura de ante ou tamanho de aposta, e o software calcula a solu\u00e7\u00e3o instantaneamente.<\/p>\n\n\n\n<p><strong>2. Node Locking 2.0 &amp; Perfis Explorativos<\/strong> O GTO puro \u00e9 a base, mas o dinheiro est\u00e1 nas explora\u00e7\u00f5es. O GTO Wizard agora permite que voc\u00ea &#8220;bloqueie&#8221; erros espec\u00edficos do oponente \u2014 como fold excessivo contra blefes ou defesa insuficiente do Big Blind. A IA mostrar\u00e1 instantaneamente a melhor contra-estrat\u00e9gia para maximizar seu EV.<\/p>\n\n\n\n<p><strong>3. Integridade do Jogo &amp; Verifica\u00e7\u00e3o de Fair Play<\/strong> \u00c0 medida que a ind\u00fastria do poker combate o RTA (Assist\u00eancia em Tempo Real), o GTO Wizard tornou-se um parceiro oficial de integridade para redes importantes como GGPoker.<\/p>\n\n\n\n<p><strong>B\u00f4nus:<\/strong> A atualiza\u00e7\u00e3o de 2026 inclui um <strong>Aplicativo M\u00f3vel Nativo<\/strong> com um Treinador reformulado que funciona significativamente mais r\u00e1pido que as vers\u00f5es web anteriores, e o <strong>Ultra Tier<\/strong>, que oferece solu\u00e7\u00f5es multiway de IA ilimitadas para profissionais de high stakes.<\/p>\n\n\n\n<h2 class=\"wp-block-heading\">Perguntas Frequentes (FAQ)<\/h2>\n\n\n\n<h3 class=\"wp-block-heading\">Qual \u00e9 a diferen\u00e7a entre o GTO Wizard e um solver de poker comum?<\/h3>\n\n\n\n<ol class=\"wp-block-list\">\n<li>O GTO Wizard funciona no seu navegador web, ent\u00e3o voc\u00ea n\u00e3o precisa instalar nada no seu PC.<\/li>\n\n\n\n<li>Ele possui uma biblioteca de solu\u00e7\u00f5es pr\u00e9-resolvidas para quase qualquer spot. Assim, voc\u00ea n\u00e3o precisa gastar tempo executando simula\u00e7\u00f5es por conta pr\u00f3pria.<\/li>\n\n\n\n<li>Ele fornece relat\u00f3rios detalhados e muitas outras ferramentas que solvers comuns n\u00e3o possuem.<\/li>\n<\/ol>\n\n\n\n<p>Se voc\u00ea deseja explorar todos os recursos do GTO Wizard com mais detalhes, recomendamos conferir o <a href=\"https:\/\/help.gtowizard.com\/\" target=\"_blank\" rel=\"noreferrer noopener\">guia oficial do GTO Wizard<\/a>.<\/p>\n","protected":false},"excerpt":{"rendered":"<p>Neste artigo, vamos revisar as principais caracter\u00edsticas do GTO Wizard &#8211; o software GTO definitivo para jogadores de poker. N\u00e3o importa em que n\u00edvel voc\u00ea est\u00e1 agora &#8211; de micro a high stakes. No poker online moderno, voc\u00ea precisa pelo menos ter um entendimento b\u00e1sico de GTO. Mas o Wizard oferece muito mais do que &hellip; <a href=\"https:\/\/hand2noteguide.com\/pt\/poker\/poker-gto\/gto-wizard-review\/\" class=\"more-link\">Continue reading <span class=\"screen-reader-text\">Revis\u00e3o do GTO Wizard<\/span><\/a><\/p>\n","protected":false},"author":1,"featured_media":0,"parent":8071,"menu_order":0,"comment_status":"closed","ping_status":"closed","template":"","meta":{"footnotes":""},"class_list":["post-6182","page","type-page","status-publish","hentry"],"translation":{"provider":"WPGlobus","version":"3.0.2","language":"pt","enabled_languages":["en","ru","pt","zh","es","fr","de","it","ja"],"languages":{"en":{"title":true,"content":true,"excerpt":false},"ru":{"title":true,"content":true,"excerpt":false},"pt":{"title":true,"content":true,"excerpt":false},"zh":{"title":true,"content":true,"excerpt":false},"es":{"title":true,"content":true,"excerpt":false},"fr":{"title":true,"content":true,"excerpt":false},"de":{"title":true,"content":true,"excerpt":false},"it":{"title":true,"content":true,"excerpt":false},"ja":{"title":true,"content":true,"excerpt":false}}},"yoast_head":"<!-- This site is optimized with the Yoast SEO plugin v27.0 - https:\/\/yoast.com\/product\/yoast-seo-wordpress\/ -->\n<title>Revis\u00e3o do GTO Wizard - Principais Recursos e Benef\u00edcios 2025<\/title>\n<meta name=\"description\" content=\"Nossa revis\u00e3o definitiva do GTO Wizard cobre as se\u00e7\u00f5es Study, Practice e Analyze do aplicativo. Crie uma conta conosco e obtenha um desconto de 10%.\" \/>\n<meta name=\"robots\" content=\"index, follow, max-snippet:-1, max-image-preview:large, max-video-preview:-1\" \/>\n<link rel=\"canonical\" href=\"https:\/\/hand2noteguide.com\/poker\/poker-gto\/gto-wizard-review\/\" \/>\n<meta property=\"og:locale\" content=\"pt_PT\" \/>\n<meta property=\"og:type\" content=\"article\" \/>\n<meta property=\"og:title\" content=\"Revis\u00e3o do GTO Wizard - Principais Recursos e Benef\u00edcios 2025\" \/>\n<meta property=\"og:description\" content=\"Nossa revis\u00e3o definitiva do GTO Wizard cobre as se\u00e7\u00f5es Study, Practice e Analyze do aplicativo. Crie uma conta conosco e obtenha um desconto de 10%.\" \/>\n<meta property=\"og:url\" content=\"https:\/\/hand2noteguide.com\/poker\/poker-gto\/gto-wizard-review\/\" \/>\n<meta property=\"og:site_name\" content=\"Hand2Note Guide\" \/>\n<meta property=\"article:modified_time\" content=\"2026-02-23T09:09:58+00:00\" \/>\n<meta property=\"og:image\" content=\"https:\/\/hand2noteguide.com\/wp-content\/uploads\/2024\/03\/1-gto-wizard-main-min.webp\" \/>\n\t<meta property=\"og:image:width\" content=\"2433\" \/>\n\t<meta property=\"og:image:height\" content=\"1567\" \/>\n\t<meta property=\"og:image:type\" content=\"image\/webp\" \/>\n<meta name=\"twitter:card\" content=\"summary_large_image\" \/>\n<meta name=\"twitter:label1\" content=\"Est. reading time\" \/>\n\t<meta name=\"twitter:data1\" content=\"8 minutes\" \/>\n<!-- \/ Yoast SEO plugin. -->","yoast_head_json":{"title":"Revis\u00e3o do GTO Wizard - Principais Recursos e Benef\u00edcios 2025","description":"Nossa revis\u00e3o definitiva do GTO Wizard cobre as se\u00e7\u00f5es Study, Practice e Analyze do aplicativo. Crie uma conta conosco e obtenha um desconto de 10%.","robots":{"index":"index","follow":"follow","max-snippet":"max-snippet:-1","max-image-preview":"max-image-preview:large","max-video-preview":"max-video-preview:-1"},"canonical":"https:\/\/hand2noteguide.com\/poker\/poker-gto\/gto-wizard-review\/","og_locale":"pt_PT","og_type":"article","og_title":"Revis\u00e3o do GTO Wizard - Principais Recursos e Benef\u00edcios 2025","og_description":"Nossa revis\u00e3o definitiva do GTO Wizard cobre as se\u00e7\u00f5es Study, Practice e Analyze do aplicativo. Crie uma conta conosco e obtenha um desconto de 10%.","og_url":"https:\/\/hand2noteguide.com\/poker\/poker-gto\/gto-wizard-review\/","og_site_name":"Hand2Note Guide","article_modified_time":"2026-02-23T09:09:58+00:00","og_image":[{"width":2433,"height":1567,"url":"https:\/\/hand2noteguide.com\/wp-content\/uploads\/2024\/03\/1-gto-wizard-main-min.webp","type":"image\/webp"}],"twitter_card":"summary_large_image","twitter_misc":{"Est. reading time":"8 minutes"},"schema":{"@context":"https:\/\/schema.org","@graph":[]}},"jetpack_sharing_enabled":true,"_links":{"self":[{"href":"https:\/\/hand2noteguide.com\/pt\/wp-json\/wp\/v2\/pages\/6182","targetHints":{"allow":["GET"]}}],"collection":[{"href":"https:\/\/hand2noteguide.com\/pt\/wp-json\/wp\/v2\/pages"}],"about":[{"href":"https:\/\/hand2noteguide.com\/pt\/wp-json\/wp\/v2\/types\/page"}],"author":[{"embeddable":true,"href":"https:\/\/hand2noteguide.com\/pt\/wp-json\/wp\/v2\/users\/1"}],"replies":[{"embeddable":true,"href":"https:\/\/hand2noteguide.com\/pt\/wp-json\/wp\/v2\/comments?post=6182"}],"version-history":[{"count":142,"href":"https:\/\/hand2noteguide.com\/pt\/wp-json\/wp\/v2\/pages\/6182\/revisions"}],"predecessor-version":[{"id":15307,"href":"https:\/\/hand2noteguide.com\/pt\/wp-json\/wp\/v2\/pages\/6182\/revisions\/15307"}],"up":[{"embeddable":true,"href":"https:\/\/hand2noteguide.com\/pt\/wp-json\/wp\/v2\/pages\/8071"}],"wp:attachment":[{"href":"https:\/\/hand2noteguide.com\/pt\/wp-json\/wp\/v2\/media?parent=6182"}],"curies":[{"name":"wp","href":"https:\/\/api.w.org\/{rel}","templated":true}]}}