{"id":65,"date":"2018-07-30T00:23:54","date_gmt":"2018-07-29T21:23:54","guid":{"rendered":"https:\/\/h2n312.wordpress.com\/?page_id=65"},"modified":"2025-06-04T19:23:42","modified_gmt":"2025-06-04T16:23:42","slug":"switch-from-hm2","status":"publish","type":"page","link":"https:\/\/hand2noteguide.com\/pt\/switch-from-hm2\/","title":{"rendered":"Mudando para o Hand2Note a partir de outros trackers"},"content":{"rendered":"\n<p>Neste artigo, vamos detalhar os passos b\u00e1sicos para mudar para o Hand2Note a partir de outros softwares de rastreamento de poker. Siga nosso guia e sua transi\u00e7\u00e3o ser\u00e1 suave e f\u00e1cil.<\/p>\n\n\n\n<h2 style=\"margin-top:10px\">O H2N \u00e9 muito diferente de outros trackers como HM ou PT?<\/h2>\n\n\n\n<p>No seu n\u00facleo, o Hand2Note \u00e9 semelhante ao Holdem Manager, Poker Tracker, DriveHUD e outros. Basicamente, todo software de rastreamento de poker permite que voc\u00ea exiba o <a href=\"https:\/\/hand2noteguide.com\/pt\/poker\/poker-hud\/\">HUD<\/a>, ou seja, estat\u00edsticas sobre seus oponentes na mesa. E tamb\u00e9m, esses programas geralmente fornecem ferramentas para analisar o jogo do Hero e dos oponentes fora das mesas.<\/p>\n\n\n\n<p>No entanto, o <a href=\"https:\/\/hand2note.com\/pt\/\" target=\"_blank\" aria-label=\"undefined (opens in a new tab)\" rel=\"noreferrer noopener\">Hand2Note<\/a> \u00e9 um software muito mais r\u00e1pido, moderno e avan\u00e7ado do que qualquer outro tracker. <a href=\"https:\/\/hand2noteguide.com\/pt\/why-hand2note\/\">Por que voc\u00ea deve mudar para o Hand2Note agora?<\/a><\/p>\n\n\n\n<figure class=\"wp-block-image size-large\"><img loading=\"lazy\" decoding=\"async\" width=\"979\" height=\"655\" src=\"https:\/\/hand2noteguide.com\/wp-content\/uploads\/2020\/07\/holdem-manager-hand2note.png\" alt=\"\" class=\"wp-image-3206\" srcset=\"https:\/\/hand2noteguide.com\/wp-content\/uploads\/2020\/07\/holdem-manager-hand2note.png 979w, https:\/\/hand2noteguide.com\/wp-content\/uploads\/2020\/07\/holdem-manager-hand2note-300x201.png 300w, https:\/\/hand2noteguide.com\/wp-content\/uploads\/2020\/07\/holdem-manager-hand2note-768x514.png 768w, https:\/\/hand2noteguide.com\/wp-content\/uploads\/2020\/07\/holdem-manager-hand2note-772x517.png 772w, https:\/\/hand2noteguide.com\/wp-content\/uploads\/2020\/07\/holdem-manager-hand2note-624x417.png 624w\" sizes=\"auto, (max-width: 979px) 100vw, 979px\" \/><figcaption class=\"wp-element-caption\">Hand2Note vs Holdem Manager<\/figcaption><\/figure>\n\n\n\n<h2 class=\"wp-block-heading\">Certo, como mudar?<\/h2>\n\n\n\n<p>Se voc\u00ea est\u00e1 jogando com o Holdem Manager ou qualquer outro tracker e quer come\u00e7ar a usar o Hand2Note, siga estes passos:<\/p>\n\n\n\n<ol class=\"wp-block-list\">\n<li><a rel=\"noreferrer noopener\" href=\"https:\/\/hand2note.com\/?aid=c0\" target=\"_blank\">Baixe<\/a> e instale o Hand2Note. N\u00e3o se preocupe, voc\u00ea pode <a href=\"https:\/\/hand2noteguide.com\/pt\/hand2note-for-free\/\">usar o Hand2Note gratuitamente<\/a>!<\/li>\n\n\n\n<li><a href=\"https:\/\/hand2noteguide.com\/pt\/switch-from-hm2\/import-database-from-hm2\/\">Importe seu banco de dados<\/a>. Ap\u00f3s o t\u00e9rmino da importa\u00e7\u00e3o, uma lista de jogadores deve aparecer na janela principal. Voc\u00ea tamb\u00e9m pode pular essa etapa.<\/li>\n\n\n\n<li>Fa\u00e7a <a href=\"https:\/\/hand2noteguide.com\/pt\/basic-setup\/\">as configura\u00e7\u00f5es b\u00e1sicas<\/a> do Hand2Note e da sua sala de poker.<\/li>\n\n\n\n<li><strong>Comece a jogar!<\/strong><\/li>\n<\/ol>\n\n\n\n<p>Por padr\u00e3o, um HUD simples com os dados mais b\u00e1sicos ser\u00e1 exibido em cada oponente na mesa. D\u00ea uma olhada no manual de sele\u00e7\u00e3o de HUD do Hand2Note para obter um HUD mais avan\u00e7ado. Voc\u00ea tamb\u00e9m pode continuar usando o mesmo HUD do tracker anterior!<\/p>\n\n\n\n<h2 class=\"wp-block-heading\">Quero aprender mais sobre o Hand2Note<\/h2>\n\n\n\n<p>Voc\u00ea pode come\u00e7ar pelo <a href=\"https:\/\/hand2noteguide.com\/pt\/guide\/\">manual geral<\/a> que cont\u00e9m uma descri\u00e7\u00e3o b\u00e1sica de todas as fun\u00e7\u00f5es. Para um estudo mais r\u00e1pido, suave e eficiente de um novo software, voc\u00ea pode fazer um <a aria-label=\"undefined (\u043e\u0442\u043a\u0440\u043e\u0435\u0442\u0441\u044f \u0432 \u043d\u043e\u0432\u043e\u0439 \u0432\u043a\u043b\u0430\u0434\u043a\u0435)\" href=\"https:\/\/nickjames.teachable.com\/courses\/hand2note-professional-usage\/lectures\/14423550?utm_source=hand2noteguide.com&amp;utm_medium=referral&amp;utm_campaign=hand2noteguide.com\" target=\"_blank\" rel=\"noreferrer noopener\">curso em v\u00eddeo sobre o uso profissional do Hand2Note<\/a>.<\/p>\n\n\n\n<p>Voc\u00ea tamb\u00e9m pode passar por um <a href=\"https:\/\/hand2noteguide.com\/pt\/training\/\">treinamento pessoal<\/a> para se ajustar ao novo software o mais r\u00e1pido poss\u00edvel.<\/p>\n\n\n\n<p>Se voc\u00ea encontrar algum problema ao usar o Hand2Note, tente <a href=\"https:\/\/hand2noteguide.com\/pt\/issues-resolving\/\">encontrar uma solu\u00e7\u00e3o<\/a> na se\u00e7\u00e3o apropriada ou entre em contato com o <a href=\"https:\/\/hand2noteguide.com\/pt\/hand2note-official-support\/\">servi\u00e7o de suporte ao cliente<\/a>.<\/p>\n","protected":false},"excerpt":{"rendered":"<p>A step-by-step guide to the transition from using Holdem Manager 2 to Hand2Note<\/p>\n","protected":false},"author":1,"featured_media":0,"parent":0,"menu_order":4,"comment_status":"closed","ping_status":"closed","template":"page-templates\/full-width-page.php","meta":{"footnotes":""},"class_list":["post-65","page","type-page","status-publish","hentry"],"translation":{"provider":"WPGlobus","version":"3.0.2","language":"pt","enabled_languages":["en","ru","pt","zh","es","fr","de","it","ja"],"languages":{"en":{"title":true,"content":true,"excerpt":true},"ru":{"title":true,"content":true,"excerpt":true},"pt":{"title":true,"content":true,"excerpt":false},"zh":{"title":true,"content":true,"excerpt":true},"es":{"title":true,"content":true,"excerpt":false},"fr":{"title":true,"content":true,"excerpt":false},"de":{"title":true,"content":true,"excerpt":false},"it":{"title":true,"content":true,"excerpt":false},"ja":{"title":true,"content":true,"excerpt":false}}},"yoast_head":"<!-- This site is optimized with the Yoast SEO plugin v27.0 - https:\/\/yoast.com\/product\/yoast-seo-wordpress\/ -->\n<title>Mudando para o Hand2Note a partir de outros programas de rastreamento de poker<\/title>\n<meta name=\"description\" content=\"Descubra como fazer a transi\u00e7\u00e3o de outros softwares de rastreamento de poker para o Hand2Note com nosso guia passo a passo. Melhore sua experi\u00eancia de poker hoje!\" \/>\n<meta name=\"robots\" content=\"index, follow, max-snippet:-1, max-image-preview:large, max-video-preview:-1\" \/>\n<link rel=\"canonical\" href=\"https:\/\/hand2noteguide.com\/switch-from-hm2\/\" \/>\n<meta property=\"og:locale\" content=\"pt_PT\" \/>\n<meta property=\"og:type\" content=\"article\" \/>\n<meta property=\"og:title\" content=\"Mudando para o Hand2Note a partir de outros programas de rastreamento de poker\" \/>\n<meta property=\"og:description\" content=\"Descubra como fazer a transi\u00e7\u00e3o de outros softwares de rastreamento de poker para o Hand2Note com nosso guia passo a passo. Melhore sua experi\u00eancia de poker hoje!\" \/>\n<meta property=\"og:url\" content=\"https:\/\/hand2noteguide.com\/switch-from-hm2\/\" \/>\n<meta property=\"og:site_name\" content=\"Hand2Note Guide\" \/>\n<meta property=\"article:modified_time\" content=\"2025-06-04T16:23:42+00:00\" \/>\n<meta property=\"og:image\" content=\"https:\/\/hand2noteguide.com\/wp-content\/uploads\/2020\/07\/holdem-manager-hand2note.png\" \/>\n<meta name=\"twitter:card\" content=\"summary_large_image\" \/>\n<meta name=\"twitter:label1\" content=\"Est. reading time\" \/>\n\t<meta name=\"twitter:data1\" content=\"11 minutes\" \/>\n<!-- \/ Yoast SEO plugin. -->","yoast_head_json":{"title":"Mudando para o Hand2Note a partir de outros programas de rastreamento de poker","description":"Descubra como fazer a transi\u00e7\u00e3o de outros softwares de rastreamento de poker para o Hand2Note com nosso guia passo a passo. Melhore sua experi\u00eancia de poker hoje!","robots":{"index":"index","follow":"follow","max-snippet":"max-snippet:-1","max-image-preview":"max-image-preview:large","max-video-preview":"max-video-preview:-1"},"canonical":"https:\/\/hand2noteguide.com\/switch-from-hm2\/","og_locale":"pt_PT","og_type":"article","og_title":"Mudando para o Hand2Note a partir de outros programas de rastreamento de poker","og_description":"Descubra como fazer a transi\u00e7\u00e3o de outros softwares de rastreamento de poker para o Hand2Note com nosso guia passo a passo. Melhore sua experi\u00eancia de poker hoje!","og_url":"https:\/\/hand2noteguide.com\/switch-from-hm2\/","og_site_name":"Hand2Note Guide","article_modified_time":"2025-06-04T16:23:42+00:00","og_image":[{"url":"https:\/\/hand2noteguide.com\/wp-content\/uploads\/2020\/07\/holdem-manager-hand2note.png","type":"","width":"","height":""}],"twitter_card":"summary_large_image","twitter_misc":{"Est. reading time":"11 minutes"},"schema":{"@context":"https:\/\/schema.org","@graph":[]}},"jetpack_sharing_enabled":false,"_links":{"self":[{"href":"https:\/\/hand2noteguide.com\/pt\/wp-json\/wp\/v2\/pages\/65","targetHints":{"allow":["GET"]}}],"collection":[{"href":"https:\/\/hand2noteguide.com\/pt\/wp-json\/wp\/v2\/pages"}],"about":[{"href":"https:\/\/hand2noteguide.com\/pt\/wp-json\/wp\/v2\/types\/page"}],"author":[{"embeddable":true,"href":"https:\/\/hand2noteguide.com\/pt\/wp-json\/wp\/v2\/users\/1"}],"replies":[{"embeddable":true,"href":"https:\/\/hand2noteguide.com\/pt\/wp-json\/wp\/v2\/comments?post=65"}],"version-history":[{"count":44,"href":"https:\/\/hand2noteguide.com\/pt\/wp-json\/wp\/v2\/pages\/65\/revisions"}],"predecessor-version":[{"id":13563,"href":"https:\/\/hand2noteguide.com\/pt\/wp-json\/wp\/v2\/pages\/65\/revisions\/13563"}],"wp:attachment":[{"href":"https:\/\/hand2noteguide.com\/pt\/wp-json\/wp\/v2\/media?parent=65"}],"curies":[{"name":"wp","href":"https:\/\/api.w.org\/{rel}","templated":true}]}}