{"id":6602,"date":"2024-05-27T19:56:21","date_gmt":"2024-05-27T16:56:21","guid":{"rendered":"https:\/\/hand2noteguide.com\/?page_id=6602"},"modified":"2026-05-01T13:57:23","modified_gmt":"2026-05-01T13:57:23","slug":"starscaption","status":"publish","type":"page","link":"https:\/\/hand2noteguide.com\/pt\/starscaption\/","title":{"rendered":"StarsCaption \u2b50 Seu Melhor Auxiliar no PokerStars"},"content":{"rendered":"\n<p style=\"margin-top:8px\"><span class=\"product-price\">$24<\/span> <span class=\"product-price-desc\">(licen\u00e7a de 1 ano)<\/span><\/p>\n\n\n<div class=\"wp-block-h2n-cta-button\" style=\"text-align: left;\"><a href=\"https:\/\/sites.google.com\/site\/starscaption\/pricing\" class=\"btn btn-primary\" target=\"_blank\" rel=\"noopener noreferrer\">Comprar<\/a><\/div>\n\n\n<p>StarsCaption \u00e9 uma ferramenta auxiliar de poker para jogar confortavelmente na sala PokerStars. O programa permite que voc\u00ea:<\/p>\n\n\n\n<ul class=\"wp-block-list\">\n<li>Exiba todos os <strong>valores das fichas em big blinds<\/strong><\/li>\n\n\n\n<li>Exiba <strong>nomes de posi\u00e7\u00e3o<\/strong> para todos os jogadores<\/li>\n\n\n\n<li>Defina <strong>Tamanhos de Apostas Predefinidos<\/strong> para v\u00e1rias situa\u00e7\u00f5es de jogo<\/li>\n\n\n\n<li>Configure <strong>Teclas de Atalho<\/strong> para todas as a\u00e7\u00f5es<\/li>\n\n\n\n<li>Exiba <strong>HUD<\/strong> com informa\u00e7\u00f5es \u00fateis (<strong><a href=\"https:\/\/hand2noteguide.com\/pt\/poker\/free-poker-tools\/pot-odds-calculator\">odds do pote<\/a><\/strong>, n\u00edvel de blinds, SPR, time bank, etc.)<\/li>\n\n\n\n<li>E muito mais!<\/li>\n<\/ul>\n\n\n\n<p>O software \u00e9 oficialmente <strong>aprovado pelo PokerStars<\/strong>.<\/p>\n\n\n\n<figure class=\"wp-block-gallery has-nested-images columns-default is-cropped wp-block-gallery-1 is-layout-flex wp-block-gallery-is-layout-flex\">\n<figure class=\"wp-block-image size-large\"><img loading=\"lazy\" decoding=\"async\" width=\"1024\" height=\"723\" data-id=\"6645\" src=\"https:\/\/hand2noteguide.com\/wp-content\/uploads\/2024\/05\/Starscaption-1-1024x723.png\" alt=\"Starscaption Bet Script\" class=\"wp-image-6645\" srcset=\"https:\/\/hand2noteguide.com\/wp-content\/uploads\/2024\/05\/Starscaption-1-1024x723.png 1024w, https:\/\/hand2noteguide.com\/wp-content\/uploads\/2024\/05\/Starscaption-1-300x212.png 300w, https:\/\/hand2noteguide.com\/wp-content\/uploads\/2024\/05\/Starscaption-1-768x542.png 768w, https:\/\/hand2noteguide.com\/wp-content\/uploads\/2024\/05\/Starscaption-1-1536x1084.png 1536w, https:\/\/hand2noteguide.com\/wp-content\/uploads\/2024\/05\/Starscaption-1-772x545.png 772w, https:\/\/hand2noteguide.com\/wp-content\/uploads\/2024\/05\/Starscaption-1-624x440.png 624w, https:\/\/hand2noteguide.com\/wp-content\/uploads\/2024\/05\/Starscaption-1.png 1970w\" sizes=\"auto, (max-width: 1024px) 100vw, 1024px\" \/><figcaption class=\"wp-element-caption\">Bet Script<\/figcaption><\/figure>\n\n\n\n<figure class=\"wp-block-image size-large\"><img loading=\"lazy\" decoding=\"async\" width=\"1024\" height=\"722\" data-id=\"6656\" src=\"https:\/\/hand2noteguide.com\/wp-content\/uploads\/2024\/05\/Starscaption-2-1024x722.png\" alt=\"Starscaption Hot Keys\" class=\"wp-image-6656\" srcset=\"https:\/\/hand2noteguide.com\/wp-content\/uploads\/2024\/05\/Starscaption-2-1024x722.png 1024w, https:\/\/hand2noteguide.com\/wp-content\/uploads\/2024\/05\/Starscaption-2-300x212.png 300w, https:\/\/hand2noteguide.com\/wp-content\/uploads\/2024\/05\/Starscaption-2-768x542.png 768w, https:\/\/hand2noteguide.com\/wp-content\/uploads\/2024\/05\/Starscaption-2-1536x1084.png 1536w, https:\/\/hand2noteguide.com\/wp-content\/uploads\/2024\/05\/Starscaption-2-772x545.png 772w, https:\/\/hand2noteguide.com\/wp-content\/uploads\/2024\/05\/Starscaption-2-624x440.png 624w, https:\/\/hand2noteguide.com\/wp-content\/uploads\/2024\/05\/Starscaption-2.png 1969w\" sizes=\"auto, (max-width: 1024px) 100vw, 1024px\" \/><figcaption class=\"wp-element-caption\">Teclas de Atalho<\/figcaption><\/figure>\n\n\n\n<figure class=\"wp-block-image size-large\"><img loading=\"lazy\" decoding=\"async\" width=\"1024\" height=\"722\" data-id=\"6657\" src=\"https:\/\/hand2noteguide.com\/wp-content\/uploads\/2024\/05\/Starscaption-3-1024x722.png\" alt=\"Starscaption HUD\" class=\"wp-image-6657\" srcset=\"https:\/\/hand2noteguide.com\/wp-content\/uploads\/2024\/05\/Starscaption-3-1024x722.png 1024w, https:\/\/hand2noteguide.com\/wp-content\/uploads\/2024\/05\/Starscaption-3-300x212.png 300w, https:\/\/hand2noteguide.com\/wp-content\/uploads\/2024\/05\/Starscaption-3-768x541.png 768w, https:\/\/hand2noteguide.com\/wp-content\/uploads\/2024\/05\/Starscaption-3-1536x1083.png 1536w, https:\/\/hand2noteguide.com\/wp-content\/uploads\/2024\/05\/Starscaption-3-772x544.png 772w, https:\/\/hand2noteguide.com\/wp-content\/uploads\/2024\/05\/Starscaption-3-624x440.png 624w, https:\/\/hand2noteguide.com\/wp-content\/uploads\/2024\/05\/Starscaption-3.png 1970w\" sizes=\"auto, (max-width: 1024px) 100vw, 1024px\" \/><figcaption class=\"wp-element-caption\">HUD<\/figcaption><\/figure>\n\n\n\n<figure class=\"wp-block-image size-large\"><img loading=\"lazy\" decoding=\"async\" width=\"1024\" height=\"723\" data-id=\"6651\" src=\"https:\/\/hand2noteguide.com\/wp-content\/uploads\/2024\/05\/Starscaption-4-1024x723.png\" alt=\"Starscaption Lobby\" class=\"wp-image-6651\" srcset=\"https:\/\/hand2noteguide.com\/wp-content\/uploads\/2024\/05\/Starscaption-4-1024x723.png 1024w, https:\/\/hand2noteguide.com\/wp-content\/uploads\/2024\/05\/Starscaption-4-300x212.png 300w, https:\/\/hand2noteguide.com\/wp-content\/uploads\/2024\/05\/Starscaption-4-768x542.png 768w, https:\/\/hand2noteguide.com\/wp-content\/uploads\/2024\/05\/Starscaption-4-1536x1084.png 1536w, https:\/\/hand2noteguide.com\/wp-content\/uploads\/2024\/05\/Starscaption-4-772x545.png 772w, https:\/\/hand2noteguide.com\/wp-content\/uploads\/2024\/05\/Starscaption-4-624x440.png 624w, https:\/\/hand2noteguide.com\/wp-content\/uploads\/2024\/05\/Starscaption-4.png 1970w\" sizes=\"auto, (max-width: 1024px) 100vw, 1024px\" \/><figcaption class=\"wp-element-caption\">Lobby<\/figcaption><\/figure>\n\n\n\n<figure class=\"wp-block-image size-large\"><img loading=\"lazy\" decoding=\"async\" width=\"808\" height=\"557\" data-id=\"6685\" src=\"https:\/\/hand2noteguide.com\/wp-content\/uploads\/2024\/05\/starscaption-0-table-min.png\" alt=\"Mesa do PokerStars com integra\u00e7\u00e3o Starscaption\" class=\"wp-image-6685\" srcset=\"https:\/\/hand2noteguide.com\/wp-content\/uploads\/2024\/05\/starscaption-0-table-min.png 808w, https:\/\/hand2noteguide.com\/wp-content\/uploads\/2024\/05\/starscaption-0-table-min-300x207.png 300w, https:\/\/hand2noteguide.com\/wp-content\/uploads\/2024\/05\/starscaption-0-table-min-768x529.png 768w, https:\/\/hand2noteguide.com\/wp-content\/uploads\/2024\/05\/starscaption-0-table-min-772x532.png 772w, https:\/\/hand2noteguide.com\/wp-content\/uploads\/2024\/05\/starscaption-0-table-min-624x430.png 624w\" sizes=\"auto, (max-width: 808px) 100vw, 808px\" \/><figcaption class=\"wp-element-caption\">Exemplo de Mesa Real<\/figcaption><\/figure>\n\n\n\n<figure class=\"wp-block-image size-large\"><img loading=\"lazy\" decoding=\"async\" width=\"1024\" height=\"722\" data-id=\"6654\" src=\"https:\/\/hand2noteguide.com\/wp-content\/uploads\/2024\/05\/Starscaption-5-1024x722.png\" alt=\"Starscaption Options\" class=\"wp-image-6654\" srcset=\"https:\/\/hand2noteguide.com\/wp-content\/uploads\/2024\/05\/Starscaption-5-1024x722.png 1024w, https:\/\/hand2noteguide.com\/wp-content\/uploads\/2024\/05\/Starscaption-5-300x212.png 300w, https:\/\/hand2noteguide.com\/wp-content\/uploads\/2024\/05\/Starscaption-5-768x541.png 768w, https:\/\/hand2noteguide.com\/wp-content\/uploads\/2024\/05\/Starscaption-5-1536x1083.png 1536w, https:\/\/hand2noteguide.com\/wp-content\/uploads\/2024\/05\/Starscaption-5-772x544.png 772w, https:\/\/hand2noteguide.com\/wp-content\/uploads\/2024\/05\/Starscaption-5-624x440.png 624w, https:\/\/hand2noteguide.com\/wp-content\/uploads\/2024\/05\/Starscaption-5.png 1970w\" sizes=\"auto, (max-width: 1024px) 100vw, 1024px\" \/><figcaption class=\"wp-element-caption\">Op\u00e7\u00f5es<\/figcaption><\/figure>\n\n\n\n<figure class=\"wp-block-image size-large\"><img loading=\"lazy\" decoding=\"async\" width=\"1024\" height=\"722\" data-id=\"6655\" src=\"https:\/\/hand2noteguide.com\/wp-content\/uploads\/2024\/05\/Starscaption-6-1024x722.png\" alt=\"Starscaption Dialogs\" class=\"wp-image-6655\" srcset=\"https:\/\/hand2noteguide.com\/wp-content\/uploads\/2024\/05\/Starscaption-6-1024x722.png 1024w, https:\/\/hand2noteguide.com\/wp-content\/uploads\/2024\/05\/Starscaption-6-300x212.png 300w, https:\/\/hand2noteguide.com\/wp-content\/uploads\/2024\/05\/Starscaption-6-768x542.png 768w, https:\/\/hand2noteguide.com\/wp-content\/uploads\/2024\/05\/Starscaption-6-1536x1083.png 1536w, https:\/\/hand2noteguide.com\/wp-content\/uploads\/2024\/05\/Starscaption-6-772x544.png 772w, https:\/\/hand2noteguide.com\/wp-content\/uploads\/2024\/05\/Starscaption-6-624x440.png 624w, https:\/\/hand2noteguide.com\/wp-content\/uploads\/2024\/05\/Starscaption-6.png 1971w\" sizes=\"auto, (max-width: 1024px) 100vw, 1024px\" \/><figcaption class=\"wp-element-caption\">Di\u00e1logos<\/figcaption><\/figure>\n\n\n\n<figure class=\"wp-block-image size-large\"><img loading=\"lazy\" decoding=\"async\" width=\"1024\" height=\"723\" data-id=\"6649\" src=\"https:\/\/hand2noteguide.com\/wp-content\/uploads\/2024\/05\/Starscaption-7-1024x723.png\" alt=\"Starscaption Table Highlight\" class=\"wp-image-6649\" srcset=\"https:\/\/hand2noteguide.com\/wp-content\/uploads\/2024\/05\/Starscaption-7-1024x723.png 1024w, https:\/\/hand2noteguide.com\/wp-content\/uploads\/2024\/05\/Starscaption-7-300x212.png 300w, https:\/\/hand2noteguide.com\/wp-content\/uploads\/2024\/05\/Starscaption-7-768x542.png 768w, https:\/\/hand2noteguide.com\/wp-content\/uploads\/2024\/05\/Starscaption-7-1536x1085.png 1536w, https:\/\/hand2noteguide.com\/wp-content\/uploads\/2024\/05\/Starscaption-7-772x545.png 772w, https:\/\/hand2noteguide.com\/wp-content\/uploads\/2024\/05\/Starscaption-7-624x441.png 624w, https:\/\/hand2noteguide.com\/wp-content\/uploads\/2024\/05\/Starscaption-7.png 1970w\" sizes=\"auto, (max-width: 1024px) 100vw, 1024px\" \/><figcaption class=\"wp-element-caption\">Destaque de Mesa<\/figcaption><\/figure>\n\n\n\n<figure class=\"wp-block-image size-large\"><img loading=\"lazy\" decoding=\"async\" width=\"1024\" height=\"723\" data-id=\"6652\" src=\"https:\/\/hand2noteguide.com\/wp-content\/uploads\/2024\/05\/Starscaption-8-1024x723.png\" alt=\"Starscaption Table Manager\" class=\"wp-image-6652\" srcset=\"https:\/\/hand2noteguide.com\/wp-content\/uploads\/2024\/05\/Starscaption-8-1024x723.png 1024w, https:\/\/hand2noteguide.com\/wp-content\/uploads\/2024\/05\/Starscaption-8-300x212.png 300w, https:\/\/hand2noteguide.com\/wp-content\/uploads\/2024\/05\/Starscaption-8-768x542.png 768w, https:\/\/hand2noteguide.com\/wp-content\/uploads\/2024\/05\/Starscaption-8-1536x1084.png 1536w, https:\/\/hand2noteguide.com\/wp-content\/uploads\/2024\/05\/Starscaption-8-772x545.png 772w, https:\/\/hand2noteguide.com\/wp-content\/uploads\/2024\/05\/Starscaption-8-624x440.png 624w, https:\/\/hand2noteguide.com\/wp-content\/uploads\/2024\/05\/Starscaption-8.png 1971w\" sizes=\"auto, (max-width: 1024px) 100vw, 1024px\" \/><figcaption class=\"wp-element-caption\">Gerenciador de Mesas<\/figcaption><\/figure>\n\n\n\n<figure class=\"wp-block-image size-full\"><img loading=\"lazy\" decoding=\"async\" width=\"838\" height=\"691\" data-id=\"6681\" src=\"https:\/\/hand2noteguide.com\/wp-content\/uploads\/2024\/05\/starscaption-bb-min.png\" alt=\"\" class=\"wp-image-6681\" srcset=\"https:\/\/hand2noteguide.com\/wp-content\/uploads\/2024\/05\/starscaption-bb-min.png 838w, https:\/\/hand2noteguide.com\/wp-content\/uploads\/2024\/05\/starscaption-bb-min-300x247.png 300w, https:\/\/hand2noteguide.com\/wp-content\/uploads\/2024\/05\/starscaption-bb-min-768x633.png 768w, https:\/\/hand2noteguide.com\/wp-content\/uploads\/2024\/05\/starscaption-bb-min-772x637.png 772w, https:\/\/hand2noteguide.com\/wp-content\/uploads\/2024\/05\/starscaption-bb-min-624x515.png 624w\" sizes=\"auto, (max-width: 838px) 100vw, 838px\" \/><figcaption class=\"wp-element-caption\">Converter Fichas<\/figcaption><\/figure>\n\n\n\n<figure class=\"wp-block-image size-large\"><img loading=\"lazy\" decoding=\"async\" width=\"1024\" height=\"723\" data-id=\"6647\" src=\"https:\/\/hand2noteguide.com\/wp-content\/uploads\/2024\/05\/Starscaption-10-1024x723.png\" alt=\"Starscaption Action Blocking\" class=\"wp-image-6647\" srcset=\"https:\/\/hand2noteguide.com\/wp-content\/uploads\/2024\/05\/Starscaption-10-1024x723.png 1024w, https:\/\/hand2noteguide.com\/wp-content\/uploads\/2024\/05\/Starscaption-10-300x212.png 300w, https:\/\/hand2noteguide.com\/wp-content\/uploads\/2024\/05\/Starscaption-10-768x542.png 768w, https:\/\/hand2noteguide.com\/wp-content\/uploads\/2024\/05\/Starscaption-10-1536x1084.png 1536w, https:\/\/hand2noteguide.com\/wp-content\/uploads\/2024\/05\/Starscaption-10-772x545.png 772w, https:\/\/hand2noteguide.com\/wp-content\/uploads\/2024\/05\/Starscaption-10-624x440.png 624w, https:\/\/hand2noteguide.com\/wp-content\/uploads\/2024\/05\/Starscaption-10.png 1970w\" sizes=\"auto, (max-width: 1024px) 100vw, 1024px\" \/><figcaption class=\"wp-element-caption\">Bloqueio de A\u00e7\u00f5es<\/figcaption><\/figure>\n\n\n\n<figure class=\"wp-block-image size-large\"><img loading=\"lazy\" decoding=\"async\" width=\"1024\" height=\"724\" data-id=\"6653\" src=\"https:\/\/hand2noteguide.com\/wp-content\/uploads\/2024\/05\/Starscaption-11-1024x724.png\" alt=\"Starscaption Layout Editor\" class=\"wp-image-6653\" srcset=\"https:\/\/hand2noteguide.com\/wp-content\/uploads\/2024\/05\/Starscaption-11-1024x724.png 1024w, https:\/\/hand2noteguide.com\/wp-content\/uploads\/2024\/05\/Starscaption-11-300x212.png 300w, https:\/\/hand2noteguide.com\/wp-content\/uploads\/2024\/05\/Starscaption-11-768x543.png 768w, https:\/\/hand2noteguide.com\/wp-content\/uploads\/2024\/05\/Starscaption-11-1536x1085.png 1536w, https:\/\/hand2noteguide.com\/wp-content\/uploads\/2024\/05\/Starscaption-11-772x545.png 772w, https:\/\/hand2noteguide.com\/wp-content\/uploads\/2024\/05\/Starscaption-11-624x441.png 624w, https:\/\/hand2noteguide.com\/wp-content\/uploads\/2024\/05\/Starscaption-11.png 1970w\" sizes=\"auto, (max-width: 1024px) 100vw, 1024px\" \/><figcaption class=\"wp-element-caption\">Editor de Layout<\/figcaption><\/figure>\n<\/figure>\n\n\n\n<h2 class=\"wp-block-heading\">Quais s\u00e3o as funcionalidades do Starscaption?<\/h2>\n\n\n\n<p>Starscaption oferece in\u00fameras funcionalidades para melhorar sua experi\u00eancia de jogo no PokerStars. Todas essas funcionalidades tornam suas sess\u00f5es de poker indescritivelmente mais convenientes. Sua vida ser\u00e1 dividida entre o momento antes e depois da integra\u00e7\u00e3o do Starscaption no seu jogo.<\/p>\n\n\n\n<p>As principais funcionalidades do Starscaption s\u00e3o:<\/p>\n\n\n\n<ul class=\"wp-block-list\">\n<li><strong>Fichas para BB<\/strong>. Exibindo todos os valores das fichas (apostas e tamanhos de stack) em big blinds. Assim, voc\u00ea n\u00e3o precisa calcular na cabe\u00e7a quantos blinds h\u00e1 no stack do seu oponente. Agora voc\u00ea v\u00ea essa informa\u00e7\u00e3o imediatamente.<\/li>\n\n\n\n<li><strong>Betscript<\/strong>. Voc\u00ea pode pr\u00e9-definir v\u00e1rios tamanhos de aposta e aumento para diferentes situa\u00e7\u00f5es de jogo. Quando a situa\u00e7\u00e3o certa surgir na mesa, seu tamanho j\u00e1 estar\u00e1 inserido na caixa de apostas.<\/li>\n\n\n\n<li><strong>Teclas de Atalho<\/strong>. Defina teclas de atalho para quase qualquer a\u00e7\u00e3o poss\u00edvel nas mesas &#8211; Apostar, Aumentar, Desistir, Passar, Sair no pr\u00f3ximo BB, Desistir de qualquer aposta, Fechar a mesa, etc.<\/li>\n\n\n\n<li><strong>HUD<\/strong>. O HUD do Starscaption ajudar\u00e1 voc\u00ea a exibir muitas informa\u00e7\u00f5es adicionais \u00fateis tanto para cash games quanto para torneios. Hist\u00f3rico de apostas, <a href=\"https:\/\/hand2noteguide.com\/pt\/poker\/free-poker-tools\/pot-odds-calculator\">odds do pote<\/a>, rela\u00e7\u00e3o stack\/pote, equidade de blefe, tamanho do stack na pr\u00f3xima street (dependendo do tamanho da sua aposta atual), e muito mais.<\/li>\n\n\n\n<li><strong>Organizador de Mesas<\/strong>. A funcionalidade indispens\u00e1vel para multitabling. A capacidade de configurar <strong>layout das mesas<\/strong> e posicionamento autom\u00e1tico das mesas nos slots necess\u00e1rios. <strong>A moldura ao redor da mesa que requer sua aten\u00e7\u00e3o<\/strong>.<\/li>\n\n\n\n<li>Muitas funcionalidades &#8220;pequenas&#8221; para tornar seu jogo suave e conveniente. <strong>Auto-clicar &#8220;Estou de volta&#8221;<\/strong>, <strong>Auto-ativar Time Banks<\/strong>, <strong>Auto-fechar janelas de di\u00e1logo da sala de poker<\/strong>, e mais.<\/li>\n<\/ul>\n\n\n\n<p>Veja uma descri\u00e7\u00e3o mais detalhada de todas as funcionalidades e dicas de personaliza\u00e7\u00e3o na <a href=\"https:\/\/sites.google.com\/site\/starscaption\/betscript\" target=\"_blank\" aria-label=\"undefined (abre em uma nova aba)\" rel=\"noreferrer noopener\">p\u00e1gina oficial de ajuda do Starscaption<\/a>.<\/p>\n\n\n\n<h2 class=\"wp-block-heading\">Qual \u00e9 o pre\u00e7o do Starscaption?<\/h2>\n\n\n\n<p>O pre\u00e7o \u00e9 de <strong>$24 por uma licen\u00e7a de um ano<\/strong>. Voc\u00ea pode comprar uma licen\u00e7a nova ou renovar uma existente \u2014 basta clicar em <strong>Comprar<\/strong> no topo desta p\u00e1gina.<\/p>\n\n\n\n<p>N\u00e3o s\u00e3o oferecidos descontos de acordo com a pol\u00edtica do desenvolvedor. De qualquer forma, o pre\u00e7o \u00e9 muito acess\u00edvel considerando a funcionalidade que o software oferece. Para qualquer jogador de poker s\u00e9rio que joga no PokerStars, Starscaption \u00e9 um investimento que vale a pena.<\/p>\n","protected":false},"excerpt":{"rendered":"<p>$24 (licen\u00e7a de 1 ano) StarsCaption \u00e9 uma ferramenta auxiliar de poker para jogar confortavelmente na sala PokerStars. O programa permite que voc\u00ea: O software \u00e9 oficialmente aprovado pelo PokerStars. Quais s\u00e3o as funcionalidades do Starscaption? Starscaption oferece in\u00fameras funcionalidades para melhorar sua experi\u00eancia de jogo no PokerStars. Todas essas funcionalidades tornam suas sess\u00f5es de &hellip; <a href=\"https:\/\/hand2noteguide.com\/pt\/starscaption\/\" class=\"more-link\">Continue reading <span class=\"screen-reader-text\">StarsCaption \u2b50 Seu Melhor Auxiliar no PokerStars<\/span><\/a><\/p>\n","protected":false},"author":1,"featured_media":0,"parent":0,"menu_order":0,"comment_status":"closed","ping_status":"closed","template":"page-templates\/full-width-page.php","meta":{"footnotes":""},"class_list":["post-6602","page","type-page","status-publish","hentry"],"translation":{"provider":"WPGlobus","version":"3.0.2","language":"pt","enabled_languages":["en","ru","pt","zh","es","fr","de","it","ja"],"languages":{"en":{"title":true,"content":true,"excerpt":false},"ru":{"title":true,"content":true,"excerpt":false},"pt":{"title":true,"content":true,"excerpt":false},"zh":{"title":true,"content":true,"excerpt":false},"es":{"title":true,"content":true,"excerpt":false},"fr":{"title":true,"content":true,"excerpt":false},"de":{"title":true,"content":true,"excerpt":false},"it":{"title":true,"content":true,"excerpt":false},"ja":{"title":true,"content":true,"excerpt":false}}},"yoast_head":"<!-- This site is optimized with the Yoast SEO plugin v27.0 - https:\/\/yoast.com\/product\/yoast-seo-wordpress\/ -->\n<title>StarsCaption \u2b50 Seu Melhor Auxiliar no PokerStars<\/title>\n<meta name=\"description\" content=\"StarsCaption \u00e9 a melhor ferramenta auxiliar para jogar no PokerStars. Converta fichas para BB, veja posi\u00e7\u00f5es dos jogadores, use teclas de atalho, exiba odds do pote e muito mais!\" \/>\n<meta name=\"robots\" content=\"index, follow, max-snippet:-1, max-image-preview:large, max-video-preview:-1\" \/>\n<link rel=\"canonical\" href=\"https:\/\/hand2noteguide.com\/starscaption\/\" \/>\n<meta property=\"og:locale\" content=\"pt_PT\" \/>\n<meta property=\"og:type\" content=\"article\" \/>\n<meta property=\"og:title\" content=\"StarsCaption \u2b50 Seu Melhor Auxiliar no PokerStars\" \/>\n<meta property=\"og:description\" content=\"StarsCaption \u00e9 a melhor ferramenta auxiliar para jogar no PokerStars. Converta fichas para BB, veja posi\u00e7\u00f5es dos jogadores, use teclas de atalho, exiba odds do pote e muito mais!\" \/>\n<meta property=\"og:url\" content=\"https:\/\/hand2noteguide.com\/starscaption\/\" \/>\n<meta property=\"og:site_name\" content=\"Hand2Note Guide\" \/>\n<meta property=\"article:modified_time\" content=\"2026-05-01T13:57:23+00:00\" \/>\n<meta property=\"og:image\" content=\"https:\/\/hand2noteguide.com\/wp-content\/uploads\/2024\/05\/Starscaption-1.png\" \/>\n\t<meta property=\"og:image:width\" content=\"1970\" \/>\n\t<meta property=\"og:image:height\" content=\"1390\" \/>\n\t<meta property=\"og:image:type\" content=\"image\/png\" \/>\n<meta name=\"twitter:card\" content=\"summary_large_image\" \/>\n<meta name=\"twitter:label1\" content=\"Est. reading time\" \/>\n\t<meta name=\"twitter:data1\" content=\"5 minutes\" \/>\n<!-- \/ Yoast SEO plugin. -->","yoast_head_json":{"title":"StarsCaption \u2b50 Seu Melhor Auxiliar no PokerStars","description":"StarsCaption \u00e9 a melhor ferramenta auxiliar para jogar no PokerStars. Converta fichas para BB, veja posi\u00e7\u00f5es dos jogadores, use teclas de atalho, exiba odds do pote e muito mais!","robots":{"index":"index","follow":"follow","max-snippet":"max-snippet:-1","max-image-preview":"max-image-preview:large","max-video-preview":"max-video-preview:-1"},"canonical":"https:\/\/hand2noteguide.com\/starscaption\/","og_locale":"pt_PT","og_type":"article","og_title":"StarsCaption \u2b50 Seu Melhor Auxiliar no PokerStars","og_description":"StarsCaption \u00e9 a melhor ferramenta auxiliar para jogar no PokerStars. Converta fichas para BB, veja posi\u00e7\u00f5es dos jogadores, use teclas de atalho, exiba odds do pote e muito mais!","og_url":"https:\/\/hand2noteguide.com\/starscaption\/","og_site_name":"Hand2Note Guide","article_modified_time":"2026-05-01T13:57:23+00:00","og_image":[{"width":1970,"height":1390,"url":"https:\/\/hand2noteguide.com\/wp-content\/uploads\/2024\/05\/Starscaption-1.png","type":"image\/png"}],"twitter_card":"summary_large_image","twitter_misc":{"Est. reading time":"5 minutes"},"schema":{"@context":"https:\/\/schema.org","@graph":[]}},"jetpack_sharing_enabled":true,"_links":{"self":[{"href":"https:\/\/hand2noteguide.com\/pt\/wp-json\/wp\/v2\/pages\/6602","targetHints":{"allow":["GET"]}}],"collection":[{"href":"https:\/\/hand2noteguide.com\/pt\/wp-json\/wp\/v2\/pages"}],"about":[{"href":"https:\/\/hand2noteguide.com\/pt\/wp-json\/wp\/v2\/types\/page"}],"author":[{"embeddable":true,"href":"https:\/\/hand2noteguide.com\/pt\/wp-json\/wp\/v2\/users\/1"}],"replies":[{"embeddable":true,"href":"https:\/\/hand2noteguide.com\/pt\/wp-json\/wp\/v2\/comments?post=6602"}],"version-history":[{"count":91,"href":"https:\/\/hand2noteguide.com\/pt\/wp-json\/wp\/v2\/pages\/6602\/revisions"}],"predecessor-version":[{"id":16625,"href":"https:\/\/hand2noteguide.com\/pt\/wp-json\/wp\/v2\/pages\/6602\/revisions\/16625"}],"wp:attachment":[{"href":"https:\/\/hand2noteguide.com\/pt\/wp-json\/wp\/v2\/media?parent=6602"}],"curies":[{"name":"wp","href":"https:\/\/api.w.org\/{rel}","templated":true}]}}