{"id":6865,"date":"2024-06-05T23:26:41","date_gmt":"2024-06-05T20:26:41","guid":{"rendered":"https:\/\/hand2noteguide.com\/?page_id=6865"},"modified":"2026-02-21T14:13:48","modified_gmt":"2026-02-21T11:13:48","slug":"get-hand2note-cosmos-hud","status":"publish","type":"page","link":"https:\/\/hand2noteguide.com\/pt\/free-hud\/get-hand2note-cosmos-hud\/","title":{"rendered":"Obtenha o HUD Cosmos do Hand2Note"},"content":{"rendered":"\n<p>Complete <a href=\"https:\/\/form.typeform.com\/to\/Vvagp0Xi\" target=\"_blank\" aria-label=\"undefined (opens in a new tab)\" rel=\"noreferrer noopener\">este formul\u00e1rio de 1 minuto<\/a> abaixo para obter instantaneamente o Cosmos HUD gratuitamente. Existem duas op\u00e7\u00f5es dispon\u00edveis &#8211; para jogadores de cash e de torneio. Voc\u00ea receber\u00e1 todos os arquivos e instru\u00e7\u00f5es de instala\u00e7\u00e3o.<\/p>\n\n\n\n<p>Os HUDs Cosmos s\u00e3o criados por Roman Belousov &#8211; o especialista oficial em HUD do Hand2Note. Voc\u00ea pode encontrar mais pacotes Cosmos na <a href=\"https:\/\/www.hudstore.poker\/vendors\/belousov-roman\" target=\"_blank\" rel=\"noreferrer noopener\">p\u00e1gina de Roman na HUD Store<\/a>.<\/p>\n\n\n\n<div data-tf-live=\"01HZN18EG6A7AP1Z2J4B3EWW8C\"><\/div><script src=\"\/\/embed.typeform.com\/next\/embed.js\"><\/script>\n\n\n\n<div style=\"margin-bottom:40px\"><\/div>\n","protected":false},"excerpt":{"rendered":"<p>Complete este formul\u00e1rio de 1 minuto abaixo para obter instantaneamente o Cosmos HUD gratuitamente. Existem duas op\u00e7\u00f5es dispon\u00edveis &#8211; para jogadores de cash e de torneio. Voc\u00ea receber\u00e1 todos os arquivos e instru\u00e7\u00f5es de instala\u00e7\u00e3o. Os HUDs Cosmos s\u00e3o criados por Roman Belousov &#8211; o especialista oficial em HUD do Hand2Note. Voc\u00ea pode encontrar mais &hellip; <a href=\"https:\/\/hand2noteguide.com\/pt\/free-hud\/get-hand2note-cosmos-hud\/\" class=\"more-link\">Continue reading <span class=\"screen-reader-text\">Obtenha o HUD Cosmos do Hand2Note<\/span><\/a><\/p>\n","protected":false},"author":1,"featured_media":0,"parent":1766,"menu_order":0,"comment_status":"closed","ping_status":"closed","template":"page-templates\/full-width-page.php","meta":{"footnotes":""},"class_list":["post-6865","page","type-page","status-publish","hentry"],"translation":{"provider":"WPGlobus","version":"3.0.2","language":"pt","enabled_languages":["en","ru","pt","zh","es","fr","de","it","ja"],"languages":{"en":{"title":true,"content":true,"excerpt":false},"ru":{"title":true,"content":true,"excerpt":false},"pt":{"title":true,"content":true,"excerpt":false},"zh":{"title":true,"content":true,"excerpt":false},"es":{"title":true,"content":true,"excerpt":false},"fr":{"title":true,"content":true,"excerpt":false},"de":{"title":true,"content":true,"excerpt":false},"it":{"title":true,"content":true,"excerpt":false},"ja":{"title":true,"content":true,"excerpt":false}}},"yoast_head":"<!-- This site is optimized with the Yoast SEO plugin v27.0 - https:\/\/yoast.com\/product\/yoast-seo-wordpress\/ -->\n<title>Obtenha o HUD Cosmos do Hand2Note Gratuitamente<\/title>\n<meta name=\"description\" content=\"Obtenha um HUD de poker gratuito para jogos de cash e torneios MTT do especialista oficial do Hand2Note, Roman Belousov. Preencha um formul\u00e1rio simples e fa\u00e7a o download do HUD.\" \/>\n<meta name=\"robots\" content=\"index, follow, max-snippet:-1, max-image-preview:large, max-video-preview:-1\" \/>\n<link rel=\"canonical\" href=\"https:\/\/hand2noteguide.com\/free-hud\/get-hand2note-cosmos-hud\/\" \/>\n<meta property=\"og:locale\" content=\"pt_PT\" \/>\n<meta property=\"og:type\" content=\"article\" \/>\n<meta property=\"og:title\" content=\"Obtenha o HUD Cosmos do Hand2Note Gratuitamente\" \/>\n<meta property=\"og:description\" content=\"Obtenha um HUD de poker gratuito para jogos de cash e torneios MTT do especialista oficial do Hand2Note, Roman Belousov. Preencha um formul\u00e1rio simples e fa\u00e7a o download do HUD.\" \/>\n<meta property=\"og:url\" content=\"https:\/\/hand2noteguide.com\/free-hud\/get-hand2note-cosmos-hud\/\" \/>\n<meta property=\"og:site_name\" content=\"Hand2Note Guide\" \/>\n<meta property=\"article:modified_time\" content=\"2026-02-21T11:13:48+00:00\" \/>\n<meta name=\"twitter:card\" content=\"summary_large_image\" \/>\n<meta name=\"twitter:label1\" content=\"Est. reading time\" \/>\n\t<meta name=\"twitter:data1\" content=\"1 minute\" \/>\n<!-- \/ Yoast SEO plugin. -->","yoast_head_json":{"title":"Obtenha o HUD Cosmos do Hand2Note Gratuitamente","description":"Obtenha um HUD de poker gratuito para jogos de cash e torneios MTT do especialista oficial do Hand2Note, Roman Belousov. Preencha um formul\u00e1rio simples e fa\u00e7a o download do HUD.","robots":{"index":"index","follow":"follow","max-snippet":"max-snippet:-1","max-image-preview":"max-image-preview:large","max-video-preview":"max-video-preview:-1"},"canonical":"https:\/\/hand2noteguide.com\/free-hud\/get-hand2note-cosmos-hud\/","og_locale":"pt_PT","og_type":"article","og_title":"Obtenha o HUD Cosmos do Hand2Note Gratuitamente","og_description":"Obtenha um HUD de poker gratuito para jogos de cash e torneios MTT do especialista oficial do Hand2Note, Roman Belousov. Preencha um formul\u00e1rio simples e fa\u00e7a o download do HUD.","og_url":"https:\/\/hand2noteguide.com\/free-hud\/get-hand2note-cosmos-hud\/","og_site_name":"Hand2Note Guide","article_modified_time":"2026-02-21T11:13:48+00:00","twitter_card":"summary_large_image","twitter_misc":{"Est. reading time":"1 minute"},"schema":{"@context":"https:\/\/schema.org","@graph":[]}},"jetpack_sharing_enabled":true,"_links":{"self":[{"href":"https:\/\/hand2noteguide.com\/pt\/wp-json\/wp\/v2\/pages\/6865","targetHints":{"allow":["GET"]}}],"collection":[{"href":"https:\/\/hand2noteguide.com\/pt\/wp-json\/wp\/v2\/pages"}],"about":[{"href":"https:\/\/hand2noteguide.com\/pt\/wp-json\/wp\/v2\/types\/page"}],"author":[{"embeddable":true,"href":"https:\/\/hand2noteguide.com\/pt\/wp-json\/wp\/v2\/users\/1"}],"replies":[{"embeddable":true,"href":"https:\/\/hand2noteguide.com\/pt\/wp-json\/wp\/v2\/comments?post=6865"}],"version-history":[{"count":35,"href":"https:\/\/hand2noteguide.com\/pt\/wp-json\/wp\/v2\/pages\/6865\/revisions"}],"predecessor-version":[{"id":15006,"href":"https:\/\/hand2noteguide.com\/pt\/wp-json\/wp\/v2\/pages\/6865\/revisions\/15006"}],"up":[{"embeddable":true,"href":"https:\/\/hand2noteguide.com\/pt\/wp-json\/wp\/v2\/pages\/1766"}],"wp:attachment":[{"href":"https:\/\/hand2noteguide.com\/pt\/wp-json\/wp\/v2\/media?parent=6865"}],"curies":[{"name":"wp","href":"https:\/\/api.w.org\/{rel}","templated":true}]}}