{"id":6879,"date":"2024-06-11T03:18:03","date_gmt":"2024-06-11T00:18:03","guid":{"rendered":"https:\/\/hand2noteguide.com\/?page_id=6879"},"modified":"2026-02-21T14:04:02","modified_gmt":"2026-02-21T11:04:02","slug":"hand2note-4-getting-started","status":"publish","type":"page","link":"https:\/\/hand2noteguide.com\/pt\/hand2note-4-getting-started\/","title":{"rendered":"Hand2Note 4: Primeiros Passos"},"content":{"rendered":"\n<p><a href=\"https:\/\/hand2note.com\/pt\/\" target=\"_blank\" rel=\"noreferrer noopener\">Hand2Note<\/a> \u00e9 uma das <a href=\"https:\/\/hand2noteguide.com\/pt\/poker\/5-best-online-poker-software\/\">melhores ferramentas de poker<\/a>, e o Hand2Note 4 \u00e9 a vers\u00e3o mais recente do software. Ele cont\u00e9m todas as fun\u00e7\u00f5es mais avan\u00e7adas. As principais diferen\u00e7as em rela\u00e7\u00e3o \u00e0 vers\u00e3o anterior s\u00e3o os Smart Reports e a velocidade de importa\u00e7\u00e3o aprimorada.<\/p>\n\n\n\n<p>Vamos come\u00e7ar a configura\u00e7\u00e3o do Hand2Note 4.<\/p>\n\n\n\n<h2 class=\"wp-block-heading\">1. Baixar e Instalar<\/h2>\n\n\n\n<p><a href=\"https:\/\/hand2noteguide.com\/pt\/go\/hand2note\/\" target=\"_blank\" rel=\"noreferrer noopener sponsored\">Baixe o Hand2Note 4 do site oficial<\/a> e siga os passos simples de instala\u00e7\u00e3o (basta clicar em &#8220;Next&#8221; o tempo todo).<\/p>\n\n\n\n<figure class=\"wp-block-image size-full is-resized\"><img loading=\"lazy\" decoding=\"async\" src=\"https:\/\/hand2noteguide.com\/wp-content\/uploads\/2024\/06\/hand2note4-setup-min.png\" alt=\"Instala\u00e7\u00e3o do Hand2Note 4\" class=\"wp-image-6908\" width=\"495\" height=\"385\" srcset=\"https:\/\/hand2noteguide.com\/wp-content\/uploads\/2024\/06\/hand2note4-setup-min.png 990w, https:\/\/hand2noteguide.com\/wp-content\/uploads\/2024\/06\/hand2note4-setup-min-300x233.png 300w, https:\/\/hand2noteguide.com\/wp-content\/uploads\/2024\/06\/hand2note4-setup-min-768x597.png 768w, https:\/\/hand2noteguide.com\/wp-content\/uploads\/2024\/06\/hand2note4-setup-min-772x600.png 772w, https:\/\/hand2noteguide.com\/wp-content\/uploads\/2024\/06\/hand2note4-setup-min-624x485.png 624w\" sizes=\"auto, (max-width: 495px) 100vw, 495px\" \/><figcaption class=\"wp-element-caption\">Instala\u00e7\u00e3o do Hand2Note 4<\/figcaption><\/figure>\n\n\n\n<h2 class=\"wp-block-heading\">2. Aproveite o Teste Gratuito<\/h2>\n\n\n\n<p>Voc\u00ea pode usar todos os recursos do H2N gratuitamente durante o per\u00edodo de teste de 14 dias. Ele ser\u00e1 ativado automaticamente ap\u00f3s voc\u00ea executar o Hand2Note pela primeira vez.<\/p>\n\n\n\n<div class=\"green-block\">\n<p style=\"margin-bottom:0\">\ud83d\udd25 Ap\u00f3s o t\u00e9rmino do seu per\u00edodo de teste, voc\u00ea pode <a href=\"\/pt\/promo\/\"><b>comprar o Hand2Note PRO com 10% de desconto<\/b><\/a> usando nosso c\u00f3digo promocional <b>GUIDE10<\/b>.<\/p><\/div>\n\n\n\n<h2 class=\"wp-block-heading\">3. Transfira sua Configura\u00e7\u00e3o do Hand2Note 3 (Opcional)<\/h2>\n\n\n\n<p>Se voc\u00ea usou o Hand2Note 3 antes, pode mover com seguran\u00e7a todos os seus HUDs, configura\u00e7\u00f5es e banco de dados para o Hand2Note 4.<\/p>\n\n\n\n<p>Para importar seus HUDs, popups e configura\u00e7\u00f5es, selecione &#8220;Tools&#8221; \u2192 &#8220;Convert Hand2Note 3 Config&#8230;&#8221; no menu superior.<\/p>\n\n\n\n<figure class=\"wp-block-image size-large is-resized\"><img loading=\"lazy\" decoding=\"async\" src=\"https:\/\/hand2noteguide.com\/wp-content\/uploads\/2024\/06\/image-1024x495.png\" alt=\"\" class=\"wp-image-6924\" width=\"768\" height=\"371\" srcset=\"https:\/\/hand2noteguide.com\/wp-content\/uploads\/2024\/06\/image-1024x495.png 1024w, https:\/\/hand2noteguide.com\/wp-content\/uploads\/2024\/06\/image-300x145.png 300w, https:\/\/hand2noteguide.com\/wp-content\/uploads\/2024\/06\/image-768x372.png 768w, https:\/\/hand2noteguide.com\/wp-content\/uploads\/2024\/06\/image-1536x743.png 1536w, https:\/\/hand2noteguide.com\/wp-content\/uploads\/2024\/06\/image-772x373.png 772w, https:\/\/hand2noteguide.com\/wp-content\/uploads\/2024\/06\/image-624x302.png 624w, https:\/\/hand2noteguide.com\/wp-content\/uploads\/2024\/06\/image.png 1726w\" sizes=\"auto, (max-width: 768px) 100vw, 768px\" \/><\/figure>\n\n\n\n<p>Em seguida, voc\u00ea precisar\u00e1 selecionar a localiza\u00e7\u00e3o da pasta do Hand2Note 3. Por favor, note: voc\u00ea precisa selecionar a pasta raiz do Hand2Note 3, n\u00e3o a pasta Config. Por padr\u00e3o, a pasta raiz do Hand2Note 3 \u00e9 &#8220;C:Program FilesHand2Note&#8221;.<\/p>\n\n\n\n<p>Ap\u00f3s a importa\u00e7\u00e3o das suas configura\u00e7\u00f5es ser conclu\u00edda, voc\u00ea tamb\u00e9m pode importar seu banco de dados. Para fazer isso, volte ao menu superior e selecione &#8220;Import&#8221; \u2192 &#8220;Import from Database&#8230;&#8221;<\/p>\n\n\n\n<figure class=\"wp-block-image size-large is-resized\"><img loading=\"lazy\" decoding=\"async\" src=\"https:\/\/hand2noteguide.com\/wp-content\/uploads\/2024\/06\/image-1-1024x495.png\" alt=\"\" class=\"wp-image-6933\" width=\"768\" height=\"371\" srcset=\"https:\/\/hand2noteguide.com\/wp-content\/uploads\/2024\/06\/image-1-1024x495.png 1024w, https:\/\/hand2noteguide.com\/wp-content\/uploads\/2024\/06\/image-1-300x145.png 300w, https:\/\/hand2noteguide.com\/wp-content\/uploads\/2024\/06\/image-1-768x372.png 768w, https:\/\/hand2noteguide.com\/wp-content\/uploads\/2024\/06\/image-1-1536x743.png 1536w, https:\/\/hand2noteguide.com\/wp-content\/uploads\/2024\/06\/image-1-772x373.png 772w, https:\/\/hand2noteguide.com\/wp-content\/uploads\/2024\/06\/image-1-624x302.png 624w, https:\/\/hand2noteguide.com\/wp-content\/uploads\/2024\/06\/image-1.png 1726w\" sizes=\"auto, (max-width: 768px) 100vw, 768px\" \/><\/figure>\n\n\n\n<p>Voc\u00ea precisar\u00e1 novamente selecionar a localiza\u00e7\u00e3o da pasta do Hand2Note 3 (C:Program FilesHand2Note) e tamb\u00e9m escolher de qual banco de dados espec\u00edfico voc\u00ea deseja importar suas m\u00e3os.<\/p>\n\n\n\n<p>Ap\u00f3s a conclus\u00e3o dessas duas etapas, voc\u00ea ter\u00e1 toda a sua configura\u00e7\u00e3o do Hand2Note 3 no seu novo software Hand2Note 4.<\/p>\n\n\n\n<h2 class=\"wp-block-heading\">4. Iniciar HUD<\/h2>\n\n\n\n<p>Para iniciar o HUD do Hand2Note, na maioria dos casos, voc\u00ea s\u00f3 precisa abrir o Hand2Note e o cliente de poker da sua sala ao mesmo tempo. Depois, ao abrir qualquer mesa, o HUD deve aparecer automaticamente. Voc\u00ea pode melhorar a precis\u00e3o da coleta de m\u00e3os para algumas salas <a href=\"https:\/\/hand2noteguide.com\/pt\/user-manual\/setting-up-an-auto-import-in-hand2note\/\">configurando pastas de auto-importa\u00e7\u00e3o<\/a>.<\/p>\n\n\n\n<p>Se voc\u00ea joga em aplicativos de poker mobile como o PokerBros, siga nosso guia especial: <a href=\"https:\/\/hand2noteguide.com\/pt\/user-manual\/configuring-hand2note-to-play-in-applications-via-an-emulator-using-the-example-of-pokerbros\/\">Configurando o Hand2Note para jogar em aplicativos via emulador<\/a>.<\/p>\n\n\n\n<figure class=\"wp-block-image size-large\"><img loading=\"lazy\" decoding=\"async\" width=\"1024\" height=\"727\" src=\"https:\/\/hand2noteguide.com\/wp-content\/uploads\/2024\/06\/hand2note-mtt-hud-min-1024x727.png\" alt=\"Hand2Note 4 HUD\" class=\"wp-image-6944\" srcset=\"https:\/\/hand2noteguide.com\/wp-content\/uploads\/2024\/06\/hand2note-mtt-hud-min-1024x727.png 1024w, https:\/\/hand2noteguide.com\/wp-content\/uploads\/2024\/06\/hand2note-mtt-hud-min-300x213.png 300w, https:\/\/hand2noteguide.com\/wp-content\/uploads\/2024\/06\/hand2note-mtt-hud-min-768x545.png 768w, https:\/\/hand2noteguide.com\/wp-content\/uploads\/2024\/06\/hand2note-mtt-hud-min-1536x1091.png 1536w, https:\/\/hand2noteguide.com\/wp-content\/uploads\/2024\/06\/hand2note-mtt-hud-min-772x548.png 772w, https:\/\/hand2noteguide.com\/wp-content\/uploads\/2024\/06\/hand2note-mtt-hud-min-624x443.png 624w, https:\/\/hand2noteguide.com\/wp-content\/uploads\/2024\/06\/hand2note-mtt-hud-min.png 1818w\" sizes=\"auto, (max-width: 1024px) 100vw, 1024px\" \/><figcaption class=\"wp-element-caption\">Exemplo de HUD do Hand2Note 4: <a href=\"https:\/\/www.hudstore.poker\/products\/cosmos-mtt\" target=\"_blank\" aria-label=\"undefined (opens in a new tab)\" rel=\"noreferrer noopener\">Cosmos MTT<\/a><\/figcaption><\/figure>\n\n\n\n<p>Se houver problemas com a exibi\u00e7\u00e3o do HUD, siga&nbsp;<a href=\"https:\/\/hand2noteguide.com\/pt\/user-manual\/hand2note4-hud-problem\/\">as etapas de solu\u00e7\u00e3o de problemas<\/a>. Se elas n\u00e3o ajudarem, entre em contato com o&nbsp;<a href=\"https:\/\/hand2noteguide.com\/pt\/hand2note-official-support\/\">suporte oficial do Hand2Note<\/a>.<\/p>\n\n\n\n<p>O HUD padr\u00e3o do Hand2Note cont\u00e9m algumas estat\u00edsticas b\u00e1sicas: VPIP, PFR, <a href=\"https:\/\/hand2noteguide.com\/pt\/poker\/poker-hud-stats\/3bet-in-poker\/\">3Bet<\/a> e n\u00famero de m\u00e3os. Voc\u00ea pode querer usar um HUD um pouco mais complexo. Nesse caso, recomendamos verificar nosso&nbsp;<a href=\"https:\/\/hand2noteguide.com\/pt\/free-hud\/\">HUD Gratuito<\/a>. Para pacotes de HUD &amp; Popup ainda mais avan\u00e7ados e profissionais, confira a <a aria-label=\"undefined (opens in a new tab)\" href=\"https:\/\/hudstore.poker\" target=\"_blank\" rel=\"noreferrer noopener\">Loja de HUD<\/a>.<\/p>\n\n\n\n<h2 class=\"wp-block-heading\">O que vem a seguir?<\/h2>\n\n\n\n<p>Continue explorando o Hand2Note 4, pois ele possui in\u00fameros recursos para melhorar seu jogo:<\/p>\n\n\n\n<ul class=\"wp-block-list\">\n<li>Explore nossa cole\u00e7\u00e3o de <a href=\"https:\/\/hand2noteguide.com\/pt\/user-manual\/\">guias \u00fateis do Hand2Note<\/a><\/li>\n\n\n\n<li>Confira o <a href=\"https:\/\/hand2note.com\/pt\/Help\/Index\" target=\"_blank\" rel=\"noreferrer noopener\">manual oficial do Hand2Note<\/a><\/li>\n<\/ul>\n\n\n\n<p>Um dos melhores recursos \u00e9 o Multi-Player Reports (antigo Range Research) que permite executar relat\u00f3rios MDA e investigar profundamente diferentes tipos de jogadores \u2013 seu comportamento t\u00edpico em v\u00e1rias situa\u00e7\u00f5es de jogo. Voc\u00ea pode aprender mais sobre MDA em nosso <a href=\"https:\/\/www.hudstore.poker\/mda-poker-how-to-use-mass-data-analysis-to-crush-games\" target=\"_blank\" rel=\"noreferrer noopener\">Como usar a An\u00e1lise de Dados em Massa para vencer jogos<\/a> artigo.<\/p>\n","protected":false},"excerpt":{"rendered":"<p>Hand2Note \u00e9 uma das melhores ferramentas de poker, e o Hand2Note 4 \u00e9 a vers\u00e3o mais recente do software. Ele cont\u00e9m todas as fun\u00e7\u00f5es mais avan\u00e7adas. As principais diferen\u00e7as em rela\u00e7\u00e3o \u00e0 vers\u00e3o anterior s\u00e3o os Smart Reports e a velocidade de importa\u00e7\u00e3o aprimorada. Vamos come\u00e7ar a configura\u00e7\u00e3o do Hand2Note 4. 1. Baixar e Instalar &hellip; <a href=\"https:\/\/hand2noteguide.com\/pt\/hand2note-4-getting-started\/\" class=\"more-link\">Continue reading <span class=\"screen-reader-text\">Hand2Note 4: Primeiros Passos<\/span><\/a><\/p>\n","protected":false},"author":1,"featured_media":10163,"parent":0,"menu_order":0,"comment_status":"closed","ping_status":"closed","template":"","meta":{"footnotes":""},"class_list":["post-6879","page","type-page","status-publish","has-post-thumbnail","hentry"],"translation":{"provider":"WPGlobus","version":"3.0.2","language":"pt","enabled_languages":["en","ru","pt","zh","es","fr","de","it","ja"],"languages":{"en":{"title":true,"content":true,"excerpt":false},"ru":{"title":true,"content":true,"excerpt":false},"pt":{"title":true,"content":true,"excerpt":false},"zh":{"title":true,"content":true,"excerpt":false},"es":{"title":true,"content":true,"excerpt":false},"fr":{"title":true,"content":true,"excerpt":false},"de":{"title":true,"content":true,"excerpt":false},"it":{"title":true,"content":true,"excerpt":false},"ja":{"title":true,"content":true,"excerpt":false}}},"yoast_head":"<!-- This site is optimized with the Yoast SEO plugin v27.0 - https:\/\/yoast.com\/product\/yoast-seo-wordpress\/ -->\n<title>Hand2Note 4: Primeiros Passos<\/title>\n<meta name=\"description\" content=\"O Hand2Note 4 \u00e9 a vers\u00e3o mais recente com Smart Reports e velocidade de importa\u00e7\u00e3o incr\u00edvel. Siga nosso guia para instalar o H2N 4, obter uma licen\u00e7a gratuita e o melhor HUD.\" \/>\n<meta name=\"robots\" content=\"index, follow, max-snippet:-1, max-image-preview:large, max-video-preview:-1\" \/>\n<link rel=\"canonical\" href=\"https:\/\/hand2noteguide.com\/hand2note-4-getting-started\/\" \/>\n<meta property=\"og:locale\" content=\"pt_PT\" \/>\n<meta property=\"og:type\" content=\"article\" \/>\n<meta property=\"og:title\" content=\"Hand2Note 4: Primeiros Passos\" \/>\n<meta property=\"og:description\" content=\"O Hand2Note 4 \u00e9 a vers\u00e3o mais recente com Smart Reports e velocidade de importa\u00e7\u00e3o incr\u00edvel. Siga nosso guia para instalar o H2N 4, obter uma licen\u00e7a gratuita e o melhor HUD.\" \/>\n<meta property=\"og:url\" content=\"https:\/\/hand2noteguide.com\/hand2note-4-getting-started\/\" \/>\n<meta property=\"og:site_name\" content=\"Hand2Note Guide\" \/>\n<meta property=\"article:modified_time\" content=\"2026-02-21T11:04:02+00:00\" \/>\n<meta property=\"og:image\" content=\"https:\/\/hand2noteguide.com\/wp-content\/uploads\/2025\/04\/h2n-1-min.webp\" \/>\n\t<meta property=\"og:image:width\" content=\"1590\" \/>\n\t<meta property=\"og:image:height\" content=\"989\" \/>\n\t<meta property=\"og:image:type\" content=\"image\/webp\" \/>\n<meta name=\"twitter:card\" content=\"summary_large_image\" \/>\n<meta name=\"twitter:label1\" content=\"Est. reading time\" \/>\n\t<meta name=\"twitter:data1\" content=\"4 minutes\" \/>\n<!-- \/ Yoast SEO plugin. -->","yoast_head_json":{"title":"Hand2Note 4: Primeiros Passos","description":"O Hand2Note 4 \u00e9 a vers\u00e3o mais recente com Smart Reports e velocidade de importa\u00e7\u00e3o incr\u00edvel. Siga nosso guia para instalar o H2N 4, obter uma licen\u00e7a gratuita e o melhor HUD.","robots":{"index":"index","follow":"follow","max-snippet":"max-snippet:-1","max-image-preview":"max-image-preview:large","max-video-preview":"max-video-preview:-1"},"canonical":"https:\/\/hand2noteguide.com\/hand2note-4-getting-started\/","og_locale":"pt_PT","og_type":"article","og_title":"Hand2Note 4: Primeiros Passos","og_description":"O Hand2Note 4 \u00e9 a vers\u00e3o mais recente com Smart Reports e velocidade de importa\u00e7\u00e3o incr\u00edvel. Siga nosso guia para instalar o H2N 4, obter uma licen\u00e7a gratuita e o melhor HUD.","og_url":"https:\/\/hand2noteguide.com\/hand2note-4-getting-started\/","og_site_name":"Hand2Note Guide","article_modified_time":"2026-02-21T11:04:02+00:00","og_image":[{"width":1590,"height":989,"url":"https:\/\/hand2noteguide.com\/wp-content\/uploads\/2025\/04\/h2n-1-min.webp","type":"image\/webp"}],"twitter_card":"summary_large_image","twitter_misc":{"Est. reading time":"4 minutes"},"schema":{"@context":"https:\/\/schema.org","@graph":[]}},"jetpack_sharing_enabled":true,"_links":{"self":[{"href":"https:\/\/hand2noteguide.com\/pt\/wp-json\/wp\/v2\/pages\/6879","targetHints":{"allow":["GET"]}}],"collection":[{"href":"https:\/\/hand2noteguide.com\/pt\/wp-json\/wp\/v2\/pages"}],"about":[{"href":"https:\/\/hand2noteguide.com\/pt\/wp-json\/wp\/v2\/types\/page"}],"author":[{"embeddable":true,"href":"https:\/\/hand2noteguide.com\/pt\/wp-json\/wp\/v2\/users\/1"}],"replies":[{"embeddable":true,"href":"https:\/\/hand2noteguide.com\/pt\/wp-json\/wp\/v2\/comments?post=6879"}],"version-history":[{"count":84,"href":"https:\/\/hand2noteguide.com\/pt\/wp-json\/wp\/v2\/pages\/6879\/revisions"}],"predecessor-version":[{"id":13434,"href":"https:\/\/hand2noteguide.com\/pt\/wp-json\/wp\/v2\/pages\/6879\/revisions\/13434"}],"wp:featuredmedia":[{"embeddable":true,"href":"https:\/\/hand2noteguide.com\/pt\/wp-json\/wp\/v2\/media\/10163"}],"wp:attachment":[{"href":"https:\/\/hand2noteguide.com\/pt\/wp-json\/wp\/v2\/media?parent=6879"}],"curies":[{"name":"wp","href":"https:\/\/api.w.org\/{rel}","templated":true}]}}