{"id":700,"date":"2019-05-20T23:55:24","date_gmt":"2019-05-20T20:55:24","guid":{"rendered":"https:\/\/h2n312.wordpress.com\/?page_id=700"},"modified":"2025-06-04T17:48:11","modified_gmt":"2025-06-04T14:48:11","slug":"trial","status":"publish","type":"page","link":"https:\/\/hand2noteguide.com\/pt\/trial\/","title":{"rendered":"Avalia\u00e7\u00e3o gratuita"},"content":{"rendered":"<p>Per\u00edodo de avalia\u00e7\u00e3o gratuita de 30 dias para salas europeias e americanas \u00e9 ativado automaticamente logo ap\u00f3s o primeiro lan\u00e7amento do Hand2Note. Uma avalia\u00e7\u00e3o separada de 14 dias para <a href=\"https:\/\/hand2noteguide.com\/pt\/asian\/\">salas asi\u00e1ticas<\/a> tamb\u00e9m \u00e9 ativada automaticamente quando voc\u00ea inicia o emulador pela primeira vez.<\/p>\n<p><img loading=\"lazy\" decoding=\"async\" class=\"alignnone size-full wp-image-1611\" src=\"https:\/\/hand2noteguide.com\/wp-content\/uploads\/2019\/07\/hand2note-trial.png\" alt=\"hand2note trial\" width=\"423\" height=\"92\" srcset=\"https:\/\/hand2noteguide.com\/wp-content\/uploads\/2019\/07\/hand2note-trial.png 423w, https:\/\/hand2noteguide.com\/wp-content\/uploads\/2019\/07\/hand2note-trial-300x65.png 300w\" sizes=\"auto, (max-width: 423px) 100vw, 423px\" \/><\/p>\n<p>Durante o per\u00edodo de avalia\u00e7\u00e3o, voc\u00ea pode usar todos os recursos do programa (exceto para <a href=\"https:\/\/hand2noteguide.com\/pt\/guide\/range-research\/\">Range Research<\/a> e <a href=\"https:\/\/hand2noteguide.com\/pt\/guide\/decision-analysis\/\">Decision Analysis<\/a>) para jogar em qualquer limite gratuitamente.<\/p>\n<p>Se voc\u00ea quiser testar o Hand2Note em um dos aplicativos chineses, mas a ativa\u00e7\u00e3o da avalia\u00e7\u00e3o por algum motivo n\u00e3o funcionar, <a href=\"https:\/\/hand2noteguide.com\/pt\/contact-us\/\">entre em contato conosco<\/a>, n\u00f3s forneceremos 3 dias gratuitos de assinatura PRO para que voc\u00ea possa testar o software.<\/p>\n<p>Se a avalia\u00e7\u00e3o terminar, voc\u00ea pode continuar a usar o Hand2Note no modo gratuito ou comprar uma assinatura. Veja <a href=\"https:\/\/hand2noteguide.com\/pt\/guide\/choose-subscription\/\">qual op\u00e7\u00e3o de assinatura \u00e9 a mais adequada para voc\u00ea<\/a>.<\/p>\n","protected":false},"excerpt":{"rendered":"<p>Per\u00edodo de avalia\u00e7\u00e3o gratuita de 30 dias para salas europeias e americanas \u00e9 ativado automaticamente logo ap\u00f3s o primeiro lan\u00e7amento do Hand2Note. Uma avalia\u00e7\u00e3o separada de 14 dias para salas asi\u00e1ticas tamb\u00e9m \u00e9 ativada automaticamente quando voc\u00ea inicia o emulador pela primeira vez. Durante o per\u00edodo de avalia\u00e7\u00e3o, voc\u00ea pode usar todos os recursos do &hellip; <a href=\"https:\/\/hand2noteguide.com\/pt\/trial\/\" class=\"more-link\">Continue reading <span class=\"screen-reader-text\">Avalia\u00e7\u00e3o gratuita<\/span><\/a><\/p>\n","protected":false},"author":1,"featured_media":0,"parent":0,"menu_order":0,"comment_status":"closed","ping_status":"closed","template":"page-templates\/full-width-page.php","meta":{"footnotes":""},"class_list":["post-700","page","type-page","status-publish","hentry"],"translation":{"provider":"WPGlobus","version":"3.0.2","language":"pt","enabled_languages":["en","ru","pt","zh","es","fr","de","it","ja"],"languages":{"en":{"title":true,"content":true,"excerpt":false},"ru":{"title":true,"content":true,"excerpt":false},"pt":{"title":true,"content":true,"excerpt":false},"zh":{"title":true,"content":true,"excerpt":false},"es":{"title":true,"content":true,"excerpt":false},"fr":{"title":true,"content":true,"excerpt":false},"de":{"title":true,"content":true,"excerpt":false},"it":{"title":true,"content":true,"excerpt":false},"ja":{"title":true,"content":true,"excerpt":false}}},"yoast_head":"<!-- This site is optimized with the Yoast SEO plugin v27.0 - https:\/\/yoast.com\/product\/yoast-seo-wordpress\/ -->\n<title>Experimente o Hand2Note 3: per\u00edodo de teste gratuito<\/title>\n<meta name=\"description\" content=\"A avalia\u00e7\u00e3o do Hand2Note deve ser ativada automaticamente ap\u00f3s o primeiro lan\u00e7amento. Se isso n\u00e3o funcionar, entre em contato conosco, forneceremos 3 dias de assinatura gratuitamente.\" \/>\n<meta name=\"robots\" content=\"index, follow, max-snippet:-1, max-image-preview:large, max-video-preview:-1\" \/>\n<link rel=\"canonical\" href=\"https:\/\/hand2noteguide.com\/trial\/\" \/>\n<meta property=\"og:locale\" content=\"pt_PT\" \/>\n<meta property=\"og:type\" content=\"article\" \/>\n<meta property=\"og:title\" content=\"Experimente o Hand2Note 3: per\u00edodo de teste gratuito\" \/>\n<meta property=\"og:description\" content=\"A avalia\u00e7\u00e3o do Hand2Note deve ser ativada automaticamente ap\u00f3s o primeiro lan\u00e7amento. Se isso n\u00e3o funcionar, entre em contato conosco, forneceremos 3 dias de assinatura gratuitamente.\" \/>\n<meta property=\"og:url\" content=\"https:\/\/hand2noteguide.com\/trial\/\" \/>\n<meta property=\"og:site_name\" content=\"Hand2Note Guide\" \/>\n<meta property=\"article:modified_time\" content=\"2025-06-04T14:48:11+00:00\" \/>\n<meta property=\"og:image\" content=\"https:\/\/hand2noteguide.com\/wp-content\/uploads\/2019\/07\/hand2note-trial.png\" \/>\n<meta name=\"twitter:card\" content=\"summary_large_image\" \/>\n<meta name=\"twitter:label1\" content=\"Est. reading time\" \/>\n\t<meta name=\"twitter:data1\" content=\"4 minutes\" \/>\n<!-- \/ Yoast SEO plugin. -->","yoast_head_json":{"title":"Experimente o Hand2Note 3: per\u00edodo de teste gratuito","description":"A avalia\u00e7\u00e3o do Hand2Note deve ser ativada automaticamente ap\u00f3s o primeiro lan\u00e7amento. Se isso n\u00e3o funcionar, entre em contato conosco, forneceremos 3 dias de assinatura gratuitamente.","robots":{"index":"index","follow":"follow","max-snippet":"max-snippet:-1","max-image-preview":"max-image-preview:large","max-video-preview":"max-video-preview:-1"},"canonical":"https:\/\/hand2noteguide.com\/trial\/","og_locale":"pt_PT","og_type":"article","og_title":"Experimente o Hand2Note 3: per\u00edodo de teste gratuito","og_description":"A avalia\u00e7\u00e3o do Hand2Note deve ser ativada automaticamente ap\u00f3s o primeiro lan\u00e7amento. Se isso n\u00e3o funcionar, entre em contato conosco, forneceremos 3 dias de assinatura gratuitamente.","og_url":"https:\/\/hand2noteguide.com\/trial\/","og_site_name":"Hand2Note Guide","article_modified_time":"2025-06-04T14:48:11+00:00","og_image":[{"url":"https:\/\/hand2noteguide.com\/wp-content\/uploads\/2019\/07\/hand2note-trial.png","type":"","width":"","height":""}],"twitter_card":"summary_large_image","twitter_misc":{"Est. reading time":"4 minutes"},"schema":{"@context":"https:\/\/schema.org","@graph":[]}},"jetpack_sharing_enabled":false,"_links":{"self":[{"href":"https:\/\/hand2noteguide.com\/pt\/wp-json\/wp\/v2\/pages\/700","targetHints":{"allow":["GET"]}}],"collection":[{"href":"https:\/\/hand2noteguide.com\/pt\/wp-json\/wp\/v2\/pages"}],"about":[{"href":"https:\/\/hand2noteguide.com\/pt\/wp-json\/wp\/v2\/types\/page"}],"author":[{"embeddable":true,"href":"https:\/\/hand2noteguide.com\/pt\/wp-json\/wp\/v2\/users\/1"}],"replies":[{"embeddable":true,"href":"https:\/\/hand2noteguide.com\/pt\/wp-json\/wp\/v2\/comments?post=700"}],"version-history":[{"count":24,"href":"https:\/\/hand2noteguide.com\/pt\/wp-json\/wp\/v2\/pages\/700\/revisions"}],"predecessor-version":[{"id":13517,"href":"https:\/\/hand2noteguide.com\/pt\/wp-json\/wp\/v2\/pages\/700\/revisions\/13517"}],"wp:attachment":[{"href":"https:\/\/hand2noteguide.com\/pt\/wp-json\/wp\/v2\/media?parent=700"}],"curies":[{"name":"wp","href":"https:\/\/api.w.org\/{rel}","templated":true}]}}