{"id":708,"date":"2019-05-21T00:06:10","date_gmt":"2019-05-20T21:06:10","guid":{"rendered":"https:\/\/h2n312.wordpress.com\/?page_id=708"},"modified":"2025-06-04T17:47:23","modified_gmt":"2025-06-04T14:47:23","slug":"choose-subscription","status":"publish","type":"page","link":"https:\/\/hand2noteguide.com\/pt\/guide\/choose-subscription\/","title":{"rendered":"Qual plano de assinatura \u00e9 adequado para mim?"},"content":{"rendered":"<p>A escolha da assinatura depende da sala, dos limites jogados e da funcionalidade desejada.<\/p>\n<p><img loading=\"lazy\" decoding=\"async\" class=\"alignnone size-full wp-image-1488\" src=\"https:\/\/hand2noteguide.com\/wp-content\/uploads\/2019\/07\/hand2note-subscriptions.png\" alt=\"hand2note subscriptions\" width=\"486\" height=\"104\" srcset=\"https:\/\/hand2noteguide.com\/wp-content\/uploads\/2019\/07\/hand2note-subscriptions.png 486w, https:\/\/hand2noteguide.com\/wp-content\/uploads\/2019\/07\/hand2note-subscriptions-300x64.png 300w\" sizes=\"auto, (max-width: 486px) 100vw, 486px\" \/><\/p>\n<h3>Salas Europeias e Americanas<\/h3>\n<p>O Hand2Note \u00e9 totalmente gratuito para limites at\u00e9 NL25 e torneios com buy-ins de at\u00e9 $9. Nesse caso, voc\u00ea n\u00e3o precisa de uma assinatura. Quando o <a href=\"https:\/\/hand2noteguide.com\/pt\/trial\/\">per\u00edodo de teste<\/a> termina, o programa simplesmente entra em modo gratuito, voc\u00ea n\u00e3o precisa fazer nada.<\/p>\n<p>Se voc\u00ea joga em limites superiores a NL25, pode comprar uma assinatura aqui: <a href=\"http:\/\/www.hand2note.com\/Purchase\" target=\"_blank\" rel=\"noopener noreferrer\">http:\/\/www.hand2note.com\/Purchase<\/a>. Use o c\u00f3digo promocional GUIDE10 para obter 10% de desconto e <a href=\"https:\/\/hand2noteguide.com\/pt\/promo\/\">outros b\u00f4nus<\/a>.<\/p>\n<p>Voc\u00ea pode escolher a melhor op\u00e7\u00e3o para seus limites. Note que as fun\u00e7\u00f5es <a href=\"https:\/\/hand2noteguide.com\/pt\/guide\/range-research\/\">Range Research<\/a> e <a href=\"https:\/\/hand2noteguide.com\/pt\/guide\/decision-analysis\/\">Decision Analysis<\/a> est\u00e3o dispon\u00edveis apenas na vers\u00e3o EDGE. Portanto, mesmo que voc\u00ea jogue limites baixos, mas queira usar essas fun\u00e7\u00f5es, precisa adquirir a EDGE.<\/p>\n<h3>Salas Asi\u00e1ticas<\/h3>\n<p>N\u00e3o h\u00e1 vers\u00e3o gratuita do Hand2Note para <a href=\"https:\/\/hand2noteguide.com\/pt\/asian\/\">aplicativos chineses<\/a>. Ap\u00f3s o t\u00e9rmino do <a href=\"https:\/\/hand2noteguide.com\/pt\/trial\/\">per\u00edodo de teste<\/a>, voc\u00ea precisa adquirir uma assinatura especial para continuar usando o programa: <a href=\"http:\/\/www.hand2note.com\/Purchase#poker-master-subscription\" target=\"_blank\" rel=\"noopener noreferrer\">http:\/\/www.hand2note.com\/Purchase#poker-master-subscription<\/a>. Use o c\u00f3digo promocional GUIDE10 ao comprar para obter 10% de desconto e <a href=\"https:\/\/hand2noteguide.com\/pt\/promo\/\">outros benef\u00edcios<\/a>.<\/p>\n<p>Por favor, note que o HUD posicional e din\u00e2mico n\u00e3o funcionam na vers\u00e3o STANDARD, e tamb\u00e9m n\u00e3o h\u00e1 possibilidade de capturar m\u00e3os no modo observador (voc\u00ea precisa se sentar \u00e0 mesa para que as m\u00e3os possam ser coletadas). Esses recursos est\u00e3o dispon\u00edveis apenas na vers\u00e3o HYPER.<\/p>\n<p>Se voc\u00ea joga apenas em salas asi\u00e1ticas, n\u00e3o precisa de uma assinatura regular. No entanto, se quiser usar <a href=\"https:\/\/hand2noteguide.com\/pt\/guide\/range-research\/\">Range Research<\/a> ou <a href=\"https:\/\/hand2noteguide.com\/pt\/guide\/decision-analysis\/\">Decision Analysis<\/a>, voc\u00ea precisa adquirir adicionalmente a vers\u00e3o EDGE.<\/p>\n","protected":false},"excerpt":{"rendered":"<p>A escolha da assinatura depende da sala, dos limites jogados e da funcionalidade desejada. Salas Europeias e Americanas O Hand2Note \u00e9 totalmente gratuito para limites at\u00e9 NL25 e torneios com buy-ins de at\u00e9 $9. Nesse caso, voc\u00ea n\u00e3o precisa de uma assinatura. Quando o per\u00edodo de teste termina, o programa simplesmente entra em modo gratuito, &hellip; <a href=\"https:\/\/hand2noteguide.com\/pt\/guide\/choose-subscription\/\" class=\"more-link\">Continue reading <span class=\"screen-reader-text\">Qual plano de assinatura \u00e9 adequado para mim?<\/span><\/a><\/p>\n","protected":false},"author":1,"featured_media":0,"parent":74,"menu_order":0,"comment_status":"closed","ping_status":"closed","template":"page-templates\/full-width-page.php","meta":{"footnotes":""},"class_list":["post-708","page","type-page","status-publish","hentry"],"translation":{"provider":"WPGlobus","version":"3.0.2","language":"pt","enabled_languages":["en","ru","pt","zh","es","fr","de","it","ja"],"languages":{"en":{"title":true,"content":true,"excerpt":false},"ru":{"title":true,"content":true,"excerpt":false},"pt":{"title":true,"content":true,"excerpt":false},"zh":{"title":true,"content":true,"excerpt":false},"es":{"title":true,"content":true,"excerpt":false},"fr":{"title":true,"content":true,"excerpt":false},"de":{"title":true,"content":true,"excerpt":false},"it":{"title":true,"content":true,"excerpt":false},"ja":{"title":true,"content":true,"excerpt":false}}},"yoast_head":"<!-- This site is optimized with the Yoast SEO plugin v27.0 - https:\/\/yoast.com\/product\/yoast-seo-wordpress\/ -->\n<title>Escolhendo o Plano de Assinatura Ideal do Hand2Note<\/title>\n<meta name=\"description\" content=\"Descubra qual assinatura do Hand2Note atende \u00e0s suas necessidades de poker. Compare recursos para salas europeias, americanas e asi\u00e1ticas e melhore seu jogo.\" \/>\n<meta name=\"robots\" content=\"index, follow, max-snippet:-1, max-image-preview:large, max-video-preview:-1\" \/>\n<link rel=\"canonical\" href=\"https:\/\/hand2noteguide.com\/it\/guide\/choose-subscription\/\" \/>\n<meta property=\"og:locale\" content=\"pt_PT\" \/>\n<meta property=\"og:type\" content=\"article\" \/>\n<meta property=\"og:title\" content=\"Escolhendo o Plano de Assinatura Ideal do Hand2Note\" \/>\n<meta property=\"og:description\" content=\"Descubra qual assinatura do Hand2Note atende \u00e0s suas necessidades de poker. Compare recursos para salas europeias, americanas e asi\u00e1ticas e melhore seu jogo.\" \/>\n<meta property=\"og:url\" content=\"https:\/\/hand2noteguide.com\/it\/guide\/choose-subscription\/\" \/>\n<meta property=\"og:site_name\" content=\"Hand2Note Guide\" \/>\n<meta property=\"article:modified_time\" content=\"2025-06-04T14:47:23+00:00\" \/>\n<meta property=\"og:image\" content=\"https:\/\/hand2noteguide.com\/wp-content\/uploads\/2019\/07\/hand2note-subscriptions.png\" \/>\n<meta name=\"twitter:card\" content=\"summary_large_image\" \/>\n<meta name=\"twitter:label1\" content=\"Est. reading time\" \/>\n\t<meta name=\"twitter:data1\" content=\"9 minutes\" \/>\n<!-- \/ Yoast SEO plugin. -->","yoast_head_json":{"title":"Escolhendo o Plano de Assinatura Ideal do Hand2Note","description":"Descubra qual assinatura do Hand2Note atende \u00e0s suas necessidades de poker. Compare recursos para salas europeias, americanas e asi\u00e1ticas e melhore seu jogo.","robots":{"index":"index","follow":"follow","max-snippet":"max-snippet:-1","max-image-preview":"max-image-preview:large","max-video-preview":"max-video-preview:-1"},"canonical":"https:\/\/hand2noteguide.com\/it\/guide\/choose-subscription\/","og_locale":"pt_PT","og_type":"article","og_title":"Escolhendo o Plano de Assinatura Ideal do Hand2Note","og_description":"Descubra qual assinatura do Hand2Note atende \u00e0s suas necessidades de poker. Compare recursos para salas europeias, americanas e asi\u00e1ticas e melhore seu jogo.","og_url":"https:\/\/hand2noteguide.com\/it\/guide\/choose-subscription\/","og_site_name":"Hand2Note Guide","article_modified_time":"2025-06-04T14:47:23+00:00","og_image":[{"url":"https:\/\/hand2noteguide.com\/wp-content\/uploads\/2019\/07\/hand2note-subscriptions.png","type":"","width":"","height":""}],"twitter_card":"summary_large_image","twitter_misc":{"Est. reading time":"9 minutes"},"schema":{"@context":"https:\/\/schema.org","@graph":[]}},"jetpack_sharing_enabled":false,"_links":{"self":[{"href":"https:\/\/hand2noteguide.com\/pt\/wp-json\/wp\/v2\/pages\/708","targetHints":{"allow":["GET"]}}],"collection":[{"href":"https:\/\/hand2noteguide.com\/pt\/wp-json\/wp\/v2\/pages"}],"about":[{"href":"https:\/\/hand2noteguide.com\/pt\/wp-json\/wp\/v2\/types\/page"}],"author":[{"embeddable":true,"href":"https:\/\/hand2noteguide.com\/pt\/wp-json\/wp\/v2\/users\/1"}],"replies":[{"embeddable":true,"href":"https:\/\/hand2noteguide.com\/pt\/wp-json\/wp\/v2\/comments?post=708"}],"version-history":[{"count":18,"href":"https:\/\/hand2noteguide.com\/pt\/wp-json\/wp\/v2\/pages\/708\/revisions"}],"predecessor-version":[{"id":13516,"href":"https:\/\/hand2noteguide.com\/pt\/wp-json\/wp\/v2\/pages\/708\/revisions\/13516"}],"up":[{"embeddable":true,"href":"https:\/\/hand2noteguide.com\/pt\/wp-json\/wp\/v2\/pages\/74"}],"wp:attachment":[{"href":"https:\/\/hand2noteguide.com\/pt\/wp-json\/wp\/v2\/media?parent=708"}],"curies":[{"name":"wp","href":"https:\/\/api.w.org\/{rel}","templated":true}]}}