{"id":71,"date":"2018-07-30T00:35:21","date_gmt":"2018-07-29T21:35:21","guid":{"rendered":"https:\/\/h2n312.wordpress.com\/?page_id=71"},"modified":"2025-06-04T19:22:41","modified_gmt":"2025-06-04T16:22:41","slug":"asian","status":"publish","type":"page","link":"https:\/\/hand2noteguide.com\/pt\/asian\/","title":{"rendered":"O Melhor HUD de Poker para Aplicativos Asi\u00e1ticos"},"content":{"rendered":"\n<p>Os aplicativos m\u00f3veis chineses s\u00e3o uma nova tend\u00eancia no poker online. O campo de jogadores muito fraco e a disponibilidade constante do jogo em qualquer aposta atraem cada vez mais regulares das salas europeias. O jogo na China \u00e9 mais r\u00e1pido, mais solto e mais dispersivo, mas as taxas de vit\u00f3ria dos jogadores regulares s\u00e3o muito mais altas.<\/p>\n\n\n\n<div class=\"wp-block-buttons h2n-buttons-block\">\n<div class=\"wp-block-button\"><a class=\"wp-block-button__link has-text-color has-background\" href=\"https:\/\/hand2note.com\/pt\/\" style=\"background-color:#2abb68;color:#ffffff\" target=\"_blank\" rel=\"noreferrer noopener\"><span style=\"font-size:22px\">Obter Hand2Note Asia HUD<\/span><br><span style=\"font-size:12px;font-weight:normal\">PokerBros, PPPoker, RedDragon e muitos outros aplicativos<\/span><\/a><\/div>\n<\/div>\n\n\n\n<div class=\"green-block\"><p style=\"margin-bottom:0\">Se voc\u00ea deseja come\u00e7ar a usar o Hand2Note, d\u00ea uma olhada na nossa oferta de <a href=\"https:\/\/hand2noteguide.com\/pt\/starter-pack\/\">pacote inicial do Hand2Note<\/a>. Ele cont\u00e9m licen\u00e7a PRO anual, HUD avan\u00e7ado, curso completo em v\u00eddeo e suporte pessoal.<\/p><\/div>\n\n\n\n<p>Obviamente, voc\u00ea pode usar seu telefone para jogar nesses aplicativos. Mas tamb\u00e9m \u00e9 poss\u00edvel usar um software especial de emulador Android para jogar no PC. Voc\u00ea pode usar o HUD do Hand2Note nos emuladores da mesma forma que faz nas mesas regulares nas salas cl\u00e1ssicas.<\/p>\n\n\n\n<figure class=\"wp-block-image\"><img loading=\"lazy\" decoding=\"async\" width=\"1024\" height=\"682\" src=\"https:\/\/hand2noteguide.com\/wp-content\/uploads\/2020\/03\/hand2note-pokermaster-1024x682.png\" alt=\"hand2note pokermaster\" class=\"wp-image-2029\" srcset=\"https:\/\/hand2noteguide.com\/wp-content\/uploads\/2020\/03\/hand2note-pokermaster-1024x682.png 1024w, https:\/\/hand2noteguide.com\/wp-content\/uploads\/2020\/03\/hand2note-pokermaster-300x200.png 300w, https:\/\/hand2noteguide.com\/wp-content\/uploads\/2020\/03\/hand2note-pokermaster-768x511.png 768w, https:\/\/hand2noteguide.com\/wp-content\/uploads\/2020\/03\/hand2note-pokermaster-772x514.png 772w, https:\/\/hand2noteguide.com\/wp-content\/uploads\/2020\/03\/hand2note-pokermaster-624x416.png 624w, https:\/\/hand2noteguide.com\/wp-content\/uploads\/2020\/03\/hand2note-pokermaster.png 1389w\" sizes=\"auto, (max-width: 1024px) 100vw, 1024px\" \/><figcaption class=\"wp-element-caption\">Jogue em aplicativos asi\u00e1ticos com o HUD do Hand2Note<\/figcaption><\/figure>\n\n\n\n<p>O registro em salas chinesas est\u00e1 dispon\u00edvel apenas atrav\u00e9s de afiliados especiais. <a href=\"https:\/\/hand2noteguide.com\/pt\/contact-us\/\">Contate-nos<\/a> para mais informa\u00e7\u00f5es.<\/p>\n\n\n\n<h2 class=\"wp-block-heading\">Quais aplicativos s\u00e3o suportados?<\/h2>\n\n\n\n<p>A lista pode ser atualizada com novas salas ou temporariamente reduzida devido a atualiza\u00e7\u00f5es de alguns aplicativos. Voc\u00ea sempre pode verificar as informa\u00e7\u00f5es reais sobre sua sala com o <a href=\"https:\/\/hand2noteguide.com\/pt\/hand2note-official-support\/\">servi\u00e7o de suporte<\/a>.<\/p>\n\n\n\n<ul class=\"wp-block-list\">\n<li>PokerKing<\/li>\n\n\n\n<li><a href=\"https:\/\/hand2noteguide.com\/pt\/pokerbros-hud\/\">PokerBros<\/a><\/li>\n\n\n\n<li>Molly\u2019s Game (ex. PokerKingdom)<\/li>\n\n\n\n<li><a href=\"https:\/\/hand2noteguide.com\/pt\/pppoker-hud\/\">PPPoker<\/a><\/li>\n\n\n\n<li>KKpoker<\/li>\n\n\n\n<li><a href=\"https:\/\/hand2noteguide.com\/pt\/coinpoker-hud\/\">CoinPoker<\/a><\/li>\n\n\n\n<li>PokerCommunity<\/li>\n\n\n\n<li>FishPoker<\/li>\n\n\n\n<li>Tribal Pioneer (ex. PokerClans)<\/li>\n\n\n\n<li>RedDragon<\/li>\n\n\n\n<li>RealPoker (ex. 1pokerstars)<\/li>\n\n\n\n<li>AllinPoker<\/li>\n\n\n\n<li>Bingo (ex. HiTea)<\/li>\n\n\n\n<li>UPoker<\/li>\n\n\n\n<li>WePoker<\/li>\n\n\n\n<li>PokerTime<\/li>\n<\/ul>\n\n\n\n<figure class=\"wp-block-image size-large\"><img loading=\"lazy\" decoding=\"async\" width=\"416\" height=\"765\" src=\"https:\/\/hand2noteguide.com\/wp-content\/uploads\/2020\/07\/pokerbros.png\" alt=\"\" class=\"wp-image-2923\" srcset=\"https:\/\/hand2noteguide.com\/wp-content\/uploads\/2020\/07\/pokerbros.png 416w, https:\/\/hand2noteguide.com\/wp-content\/uploads\/2020\/07\/pokerbros-163x300.png 163w, https:\/\/hand2noteguide.com\/wp-content\/uploads\/2020\/07\/pokerbros-339x624.png 339w\" sizes=\"auto, (max-width: 416px) 100vw, 416px\" \/><figcaption class=\"wp-element-caption\">Voc\u00ea pode usar o <a href=\"https:\/\/hand2noteguide.com\/pt\/pokerbros-hud\/\">HUD no PokerBros<\/a> e em outros aplicativos suportados<\/figcaption><\/figure>\n\n\n\n<h2 class=\"wp-block-heading\">Como configurar tudo?<\/h2>\n\n\n\n<p><a href=\"https:\/\/hand2noteguide.com\/pt\/basic-setup\/\">Come\u00e7ar com o Hand2Note<\/a> em aplicativos chineses \u00e9 muito f\u00e1cil. Voc\u00ea s\u00f3 precisa executar o Hand2Note e a mesa de poker em uma das salas suportadas ao mesmo tempo. O HUD aparecer\u00e1 automaticamente, e as m\u00e3os come\u00e7ar\u00e3o a ser salvas no banco de dados. Se necess\u00e1rio, voc\u00ea pode executar v\u00e1rios emuladores. O Hand2Note exibir\u00e1 o HUD em todas as mesas em execu\u00e7\u00e3o.<\/p>\n\n\n\n<p>Por padr\u00e3o, o Hand2Note mostra um HUD padr\u00e3o, consistindo nas estat\u00edsticas mais simples &#8211; VPIP, PFR e o n\u00famero de m\u00e3os. Se isso n\u00e3o for suficiente para voc\u00ea, pode <a href=\"https:\/\/hand2noteguide.com\/pt\/hand2note-hud\/\">criar ou adquirir um HUD e popups mais complexos<\/a>.<\/p>\n\n\n\n<figure class=\"wp-block-image size-large\"><img loading=\"lazy\" decoding=\"async\" width=\"1024\" height=\"660\" src=\"https:\/\/hand2noteguide.com\/wp-content\/uploads\/2020\/07\/hand2note-asian-hud-1024x660.png\" alt=\"\" class=\"wp-image-3285\" srcset=\"https:\/\/hand2noteguide.com\/wp-content\/uploads\/2020\/07\/hand2note-asian-hud-1024x660.png 1024w, https:\/\/hand2noteguide.com\/wp-content\/uploads\/2020\/07\/hand2note-asian-hud-300x193.png 300w, https:\/\/hand2noteguide.com\/wp-content\/uploads\/2020\/07\/hand2note-asian-hud-768x495.png 768w, https:\/\/hand2noteguide.com\/wp-content\/uploads\/2020\/07\/hand2note-asian-hud-772x498.png 772w, https:\/\/hand2noteguide.com\/wp-content\/uploads\/2020\/07\/hand2note-asian-hud-624x402.png 624w, https:\/\/hand2noteguide.com\/wp-content\/uploads\/2020\/07\/hand2note-asian-hud.png 1027w\" sizes=\"auto, (max-width: 1024px) 100vw, 1024px\" \/><figcaption class=\"wp-element-caption\">Exemplo de popup avan\u00e7ado. Esta \u00e9 parte do pacote <a href=\"https:\/\/hand2noteguide.com\/pt\/hud-store\/#package_venom_straddle\">Venom Straddle<\/a> da nossa loja.<\/figcaption><\/figure>\n","protected":false},"excerpt":{"rendered":"<p>Instructions for using Hand2Note in Chinese applications, resolving issues with the lack of HUD at the tables<\/p>\n","protected":false},"author":1,"featured_media":0,"parent":0,"menu_order":3,"comment_status":"closed","ping_status":"closed","template":"page-templates\/full-width-page.php","meta":{"footnotes":""},"class_list":["post-71","page","type-page","status-publish","hentry"],"translation":{"provider":"WPGlobus","version":"3.0.2","language":"pt","enabled_languages":["en","ru","pt","zh","es","fr","de","it","ja"],"languages":{"en":{"title":true,"content":true,"excerpt":true},"ru":{"title":true,"content":true,"excerpt":true},"pt":{"title":true,"content":true,"excerpt":false},"zh":{"title":true,"content":true,"excerpt":true},"es":{"title":true,"content":true,"excerpt":false},"fr":{"title":true,"content":true,"excerpt":false},"de":{"title":true,"content":true,"excerpt":false},"it":{"title":true,"content":true,"excerpt":false},"ja":{"title":true,"content":true,"excerpt":false}}},"yoast_head":"<!-- This site is optimized with the Yoast SEO plugin v27.0 - https:\/\/yoast.com\/product\/yoast-seo-wordpress\/ -->\n<title>O Melhor HUD de Poker para Aplicativos M\u00f3veis (PPPoker, PokerBros, CoinPoker, ...)<\/title>\n<meta name=\"description\" content=\"Jogue em aplicativos asi\u00e1ticos com o Hand2Note - o melhor software de rastreamento de poker do mercado. Use HUD avan\u00e7ado e preciso, al\u00e9m de outras funcionalidades.\" \/>\n<meta name=\"robots\" content=\"index, follow, max-snippet:-1, max-image-preview:large, max-video-preview:-1\" \/>\n<link rel=\"canonical\" href=\"https:\/\/hand2noteguide.com\/asian\/\" \/>\n<meta property=\"og:locale\" content=\"pt_PT\" \/>\n<meta property=\"og:type\" content=\"article\" \/>\n<meta property=\"og:title\" content=\"O Melhor HUD de Poker para Aplicativos M\u00f3veis (PPPoker, PokerBros, CoinPoker, ...)\" \/>\n<meta property=\"og:description\" content=\"Jogue em aplicativos asi\u00e1ticos com o Hand2Note - o melhor software de rastreamento de poker do mercado. Use HUD avan\u00e7ado e preciso, al\u00e9m de outras funcionalidades.\" \/>\n<meta property=\"og:url\" content=\"https:\/\/hand2noteguide.com\/asian\/\" \/>\n<meta property=\"og:site_name\" content=\"Hand2Note Guide\" \/>\n<meta property=\"article:modified_time\" content=\"2025-06-04T16:22:41+00:00\" \/>\n<meta property=\"og:image\" content=\"https:\/\/hand2noteguide.com\/wp-content\/uploads\/2020\/03\/hand2note-pokermaster-1024x682.png\" \/>\n<meta name=\"twitter:card\" content=\"summary_large_image\" \/>\n<meta name=\"twitter:label1\" content=\"Est. reading time\" \/>\n\t<meta name=\"twitter:data1\" content=\"13 minutes\" \/>\n<!-- \/ Yoast SEO plugin. -->","yoast_head_json":{"title":"O Melhor HUD de Poker para Aplicativos M\u00f3veis (PPPoker, PokerBros, CoinPoker, ...)","description":"Jogue em aplicativos asi\u00e1ticos com o Hand2Note - o melhor software de rastreamento de poker do mercado. Use HUD avan\u00e7ado e preciso, al\u00e9m de outras funcionalidades.","robots":{"index":"index","follow":"follow","max-snippet":"max-snippet:-1","max-image-preview":"max-image-preview:large","max-video-preview":"max-video-preview:-1"},"canonical":"https:\/\/hand2noteguide.com\/asian\/","og_locale":"pt_PT","og_type":"article","og_title":"O Melhor HUD de Poker para Aplicativos M\u00f3veis (PPPoker, PokerBros, CoinPoker, ...)","og_description":"Jogue em aplicativos asi\u00e1ticos com o Hand2Note - o melhor software de rastreamento de poker do mercado. Use HUD avan\u00e7ado e preciso, al\u00e9m de outras funcionalidades.","og_url":"https:\/\/hand2noteguide.com\/asian\/","og_site_name":"Hand2Note Guide","article_modified_time":"2025-06-04T16:22:41+00:00","og_image":[{"url":"https:\/\/hand2noteguide.com\/wp-content\/uploads\/2020\/03\/hand2note-pokermaster-1024x682.png","type":"","width":"","height":""}],"twitter_card":"summary_large_image","twitter_misc":{"Est. reading time":"13 minutes"},"schema":{"@context":"https:\/\/schema.org","@graph":[]}},"jetpack_sharing_enabled":false,"_links":{"self":[{"href":"https:\/\/hand2noteguide.com\/pt\/wp-json\/wp\/v2\/pages\/71","targetHints":{"allow":["GET"]}}],"collection":[{"href":"https:\/\/hand2noteguide.com\/pt\/wp-json\/wp\/v2\/pages"}],"about":[{"href":"https:\/\/hand2noteguide.com\/pt\/wp-json\/wp\/v2\/types\/page"}],"author":[{"embeddable":true,"href":"https:\/\/hand2noteguide.com\/pt\/wp-json\/wp\/v2\/users\/1"}],"replies":[{"embeddable":true,"href":"https:\/\/hand2noteguide.com\/pt\/wp-json\/wp\/v2\/comments?post=71"}],"version-history":[{"count":71,"href":"https:\/\/hand2noteguide.com\/pt\/wp-json\/wp\/v2\/pages\/71\/revisions"}],"predecessor-version":[{"id":13562,"href":"https:\/\/hand2noteguide.com\/pt\/wp-json\/wp\/v2\/pages\/71\/revisions\/13562"}],"wp:attachment":[{"href":"https:\/\/hand2noteguide.com\/pt\/wp-json\/wp\/v2\/media?parent=71"}],"curies":[{"name":"wp","href":"https:\/\/api.w.org\/{rel}","templated":true}]}}