{"id":7322,"date":"2024-07-02T21:28:26","date_gmt":"2024-07-02T18:28:26","guid":{"rendered":"https:\/\/hand2noteguide.com\/?page_id=7322"},"modified":"2026-03-11T20:16:29","modified_gmt":"2026-03-11T17:16:29","slug":"3bet-in-poker","status":"publish","type":"page","link":"https:\/\/hand2noteguide.com\/pt\/poker\/poker-hud-stats\/3bet-in-poker\/","title":{"rendered":"3-bet no poker: o guia completo com exemplos"},"content":{"rendered":"\n<h2 class=\"wp-block-heading\">O que \u00e9 3-bet no poker?<\/h2>\n\n\n\n<p>3-bet no poker \u00e9 a a\u00e7\u00e3o em que um jogador faz um re-raise sobre o raise de um jogador inicial. Geralmente refere-se a uma a\u00e7\u00e3o no preflop, mas tamb\u00e9m pode ocorrer no p\u00f3s-flop. Embora o nome do termo contenha o n\u00famero <em>3<\/em>, o tamanho do 3-bet n\u00e3o precisa ser exatamente 3x. Tecnicamente, ele pode variar desde um re-raise m\u00ednimo (click-3-bet) at\u00e9 um all-in (3-bet-push).<\/p>\n\n\n\n<figure class=\"wp-block-image size-large\"><img loading=\"lazy\" decoding=\"async\" width=\"1024\" height=\"576\" src=\"http:\/\/hand2noteguide.com\/wp-content\/uploads\/2024\/09\/3Bet-min-1024x576.jpg\" alt=\"3bet\" class=\"wp-image-8154\" srcset=\"https:\/\/hand2noteguide.com\/wp-content\/uploads\/2024\/09\/3Bet-min-1024x576.jpg 1024w, https:\/\/hand2noteguide.com\/wp-content\/uploads\/2024\/09\/3Bet-min-300x169.jpg 300w, https:\/\/hand2noteguide.com\/wp-content\/uploads\/2024\/09\/3Bet-min-768x432.jpg 768w, https:\/\/hand2noteguide.com\/wp-content\/uploads\/2024\/09\/3Bet-min-1536x864.jpg 1536w, https:\/\/hand2noteguide.com\/wp-content\/uploads\/2024\/09\/3Bet-min-772x434.jpg 772w, https:\/\/hand2noteguide.com\/wp-content\/uploads\/2024\/09\/3Bet-min-624x351.jpg 624w, https:\/\/hand2noteguide.com\/wp-content\/uploads\/2024\/09\/3Bet-min.jpg 1600w\" sizes=\"auto, (max-width: 1024px) 100vw, 1024px\" \/><figcaption class=\"wp-element-caption\">Um exemplo de 3-bet no poker: o Hero faz um open raise na posi\u00e7\u00e3o Button e o oponente no Small Blind faz um 3-bet.<\/figcaption><\/figure>\n\n\n\n<h2 class=\"wp-block-heading\">Exemplos de 3-bet<\/h2>\n\n\n\n<ol class=\"wp-block-list\">\n<li>Jogador A faz um raise para 2bb, o jogador B faz um re-raise para 6bb. O jogador B fez um 3-bet.<\/li>\n\n\n\n<li>Jogador A faz um raise para 2bb, o jogador B faz um re-raise para 3bb. O jogador B fez um click-3-bet.<\/li>\n\n\n\n<li>Jogador A faz um raise para 2bb, o jogador B faz um re-raise para 100bb. O jogador B fez um 3-bet-push.<\/li>\n<\/ol>\n\n\n\n<h2 class=\"wp-block-heading\">Ranges de 3-bet<\/h2>\n\n\n\n<p>Existem tr\u00eas tipos gerais de range de 3-bet no poker:<\/p>\n\n\n\n<h3 class=\"wp-block-heading\">1. Range de 3-bet conservador<\/h3>\n\n\n\n<p>Esse range consiste apenas em m\u00e3os premium.<\/p>\n\n\n\n<figure class=\"wp-block-image size-large is-resized\"><img loading=\"lazy\" decoding=\"async\" src=\"http:\/\/hand2noteguide.com\/wp-content\/uploads\/2024\/07\/poker-3bet-conservative-min-960x1024.png\" alt=\"poker 3bet range\" class=\"wp-image-7324\" width=\"480\" height=\"512\" srcset=\"https:\/\/hand2noteguide.com\/wp-content\/uploads\/2024\/07\/poker-3bet-conservative-min-960x1024.png 960w, https:\/\/hand2noteguide.com\/wp-content\/uploads\/2024\/07\/poker-3bet-conservative-min-281x300.png 281w, https:\/\/hand2noteguide.com\/wp-content\/uploads\/2024\/07\/poker-3bet-conservative-min-768x819.png 768w, https:\/\/hand2noteguide.com\/wp-content\/uploads\/2024\/07\/poker-3bet-conservative-min-772x823.png 772w, https:\/\/hand2noteguide.com\/wp-content\/uploads\/2024\/07\/poker-3bet-conservative-min-585x624.png 585w, https:\/\/hand2noteguide.com\/wp-content\/uploads\/2024\/07\/poker-3bet-conservative-min.png 1080w\" sizes=\"auto, (max-width: 480px) 100vw, 480px\" \/><\/figure>\n\n\n\n<h3 class=\"wp-block-heading\">2. Range de 3-bet mesclado<\/h3>\n\n\n\n<p>O range mesclado consiste em m\u00e3os premium e algumas boas m\u00e3os que podem ser jogadas no p\u00f3s-flop.<\/p>\n\n\n\n<figure class=\"wp-block-image size-large is-resized\"><img loading=\"lazy\" decoding=\"async\" src=\"http:\/\/hand2noteguide.com\/wp-content\/uploads\/2024\/07\/poker-3bet-merged-min-960x1024.png\" alt=\"poker 3bet merged range\" class=\"wp-image-7325\" width=\"480\" height=\"512\" srcset=\"https:\/\/hand2noteguide.com\/wp-content\/uploads\/2024\/07\/poker-3bet-merged-min-960x1024.png 960w, https:\/\/hand2noteguide.com\/wp-content\/uploads\/2024\/07\/poker-3bet-merged-min-281x300.png 281w, https:\/\/hand2noteguide.com\/wp-content\/uploads\/2024\/07\/poker-3bet-merged-min-768x819.png 768w, https:\/\/hand2noteguide.com\/wp-content\/uploads\/2024\/07\/poker-3bet-merged-min-772x823.png 772w, https:\/\/hand2noteguide.com\/wp-content\/uploads\/2024\/07\/poker-3bet-merged-min-585x624.png 585w, https:\/\/hand2noteguide.com\/wp-content\/uploads\/2024\/07\/poker-3bet-merged-min.png 1080w\" sizes=\"auto, (max-width: 480px) 100vw, 480px\" \/><\/figure>\n\n\n\n<h3 class=\"wp-block-heading\">3. Range de 3-bet polarizado<\/h3>\n\n\n\n<p>Al\u00e9m das m\u00e3os premium, o range polarizado inclui m\u00e3os de blefe puro.<\/p>\n\n\n\n<figure class=\"wp-block-image size-large is-resized\"><img loading=\"lazy\" decoding=\"async\" src=\"http:\/\/hand2noteguide.com\/wp-content\/uploads\/2024\/07\/poker-3bet-polarized-min-960x1024.png\" alt=\"poker 3bet polarized range\" class=\"wp-image-7326\" width=\"480\" height=\"512\" srcset=\"https:\/\/hand2noteguide.com\/wp-content\/uploads\/2024\/07\/poker-3bet-polarized-min-960x1024.png 960w, https:\/\/hand2noteguide.com\/wp-content\/uploads\/2024\/07\/poker-3bet-polarized-min-281x300.png 281w, https:\/\/hand2noteguide.com\/wp-content\/uploads\/2024\/07\/poker-3bet-polarized-min-768x819.png 768w, https:\/\/hand2noteguide.com\/wp-content\/uploads\/2024\/07\/poker-3bet-polarized-min-772x823.png 772w, https:\/\/hand2noteguide.com\/wp-content\/uploads\/2024\/07\/poker-3bet-polarized-min-585x624.png 585w, https:\/\/hand2noteguide.com\/wp-content\/uploads\/2024\/07\/poker-3bet-polarized-min.png 1080w\" sizes=\"auto, (max-width: 480px) 100vw, 480px\" \/><\/figure>\n\n\n\n<h2 class=\"wp-block-heading\">O objetivo do 3-bet<\/h2>\n\n\n\n<p>De modo geral, o objetivo do 3-bet \u00e9 <strong>aumentar o tamanho do pote com m\u00e3os premium<\/strong> para ganhar o m\u00e1ximo de fichas poss\u00edvel. Por m\u00e3os premium, consideramos o range JJ+, AK+ (3% de todas as m\u00e3os).<\/p>\n\n\n\n<div class=\"green-block\">\n<p style=\"margin-bottom:0\">\u261d\ufe0f No entanto, fazer 3-bet apenas com m\u00e3os premium no poker moderno est\u00e1 um pouco ultrapassado. Isso porque os oponentes, ao verem sua porcentagem de 3-bet, simplesmente v\u00e3o desistir de quase tudo, impedindo que voc\u00ea extraia valor das suas m\u00e3os.<\/p><\/div>\n\n\n\n<p>Por isso, hoje <strong>existem v\u00e1rias raz\u00f5es adicionais para usar o 3-bet:<\/strong><\/p>\n\n\n\n<ol class=\"wp-block-list\">\n<li>O 3-bet, diferente do cold call, d\u00e1 a voc\u00ea a chance de ganhar as fichas j\u00e1 no preflop.&nbsp;<\/li>\n\n\n\n<li>Ao fazer 3-bet, voc\u00ea pode isolar oponentes mais fracos que tendem a desistir quando erram o flop. Estatisticamente, eles erram o flop em mais de \u2154 das vezes.<\/li>\n\n\n\n<li>Ao fazer 3-bet, voc\u00ea for\u00e7a os oponentes atr\u00e1s de voc\u00ea a desistirem at\u00e9 de m\u00e3os mais fortes que a sua.&nbsp;<\/li>\n\n\n\n<li>Ao fazer 3-bet, voc\u00ea mant\u00e9m o pote contra apenas um advers\u00e1rio, aumentando a equidade da sua m\u00e3o em compara\u00e7\u00e3o com um pote multiway.<\/li>\n<\/ol>\n\n\n\n<h2 class=\"wp-block-heading\">Tamanhos de 3-bet<\/h2>\n\n\n\n<p>Considerando stacks de 100bb, os tamanhos de 3-bet mais comuns s\u00e3o 3\u20133,5x em posi\u00e7\u00e3o e 4\u20135x fora de posi\u00e7\u00e3o.<\/p>\n\n\n\n<h2 class=\"wp-block-heading\">Frequ\u00eancias de 3-bet<\/h2>\n\n\n\n<p><strong>Menos de 4% \u00e9 muito tight.<\/strong> Esses jogadores fazem 3-bet apenas com m\u00e3os premium JJ+, AK+. Eles perdem oportunidades de extrair mais valor de outras boas m\u00e3os.<\/p>\n\n\n\n<p><strong>De 4% a 10% \u00e9 s\u00f3lido.<\/strong> Esses jogadores geralmente fazem 3-bet com boas m\u00e3os e m\u00e3os premium em boas posi\u00e7\u00f5es.<\/p>\n\n\n\n<p><strong>De 10% a 14% \u00e9 semi-loose.<\/strong> Esses jogadores podem incluir mais m\u00e3os especulativas no range de 3-bet. Com boas habilidades p\u00f3s-flop, eles podem jogar de forma t\u00e3o lucrativa quanto jogadores s\u00f3lidos \u2014 ou at\u00e9 mais. No entanto, se o jogo p\u00f3s-flop n\u00e3o for muito bom, provavelmente est\u00e3o jogando m\u00e3os demais.<\/p>\n\n\n\n<p><strong>Mais de 15% \u00e9 muito loose.<\/strong> Normalmente esses jogadores s\u00e3o man\u00edacos. N\u00e3o \u00e9 de se esperar que sejam lucrativos com um 3-bet t\u00e3o alto. Bons oponentes v\u00e3o se ajustar rapidamente ao range fraco deles, seja pagando com m\u00e3os boas\/premium ou aplicando 4-bet.<\/p>\n\n\n\n<h2 class=\"wp-block-heading\">Conclus\u00e3o<\/h2>\n\n\n\n<p>Fazer 3-bet \u00e9 uma a\u00e7\u00e3o importante no poker. \u00c9 uma parte essencial de uma estrat\u00e9gia vencedora. Certifique-se de incorporar o 3-bet ao seu jogo. No entanto, fa\u00e7a isso com sabedoria: nas situa\u00e7\u00f5es certas, com o tamanho correto e com um range jog\u00e1vel.<\/p>\n","protected":false},"excerpt":{"rendered":"<p>O que \u00e9 3-bet no poker? 3-bet no poker \u00e9 a a\u00e7\u00e3o em que um jogador faz um re-raise sobre o raise de um jogador inicial. Geralmente refere-se a uma a\u00e7\u00e3o no preflop, mas tamb\u00e9m pode ocorrer no p\u00f3s-flop. Embora o nome do termo contenha o n\u00famero 3, o tamanho do 3-bet n\u00e3o precisa ser &hellip; <a href=\"https:\/\/hand2noteguide.com\/pt\/poker\/poker-hud-stats\/3bet-in-poker\/\" class=\"more-link\">Continue reading <span class=\"screen-reader-text\">3-bet no poker: o guia completo com exemplos<\/span><\/a><\/p>\n","protected":false},"author":1,"featured_media":0,"parent":8180,"menu_order":0,"comment_status":"closed","ping_status":"closed","template":"","meta":{"footnotes":""},"class_list":["post-7322","page","type-page","status-publish","hentry"],"translation":{"provider":"WPGlobus","version":"3.0.2","language":"pt","enabled_languages":["en","ru","pt","zh","es","fr","de","it","ja"],"languages":{"en":{"title":true,"content":true,"excerpt":false},"ru":{"title":true,"content":true,"excerpt":false},"pt":{"title":true,"content":true,"excerpt":false},"zh":{"title":true,"content":true,"excerpt":false},"es":{"title":true,"content":true,"excerpt":false},"fr":{"title":true,"content":true,"excerpt":false},"de":{"title":true,"content":true,"excerpt":false},"it":{"title":true,"content":true,"excerpt":false},"ja":{"title":true,"content":true,"excerpt":false}}},"yoast_head":"<!-- This site is optimized with the Yoast SEO plugin v27.0 - https:\/\/yoast.com\/product\/yoast-seo-wordpress\/ -->\n<title>3-bet no poker: o guia completo com exemplos<\/title>\n<meta name=\"description\" content=\"O 3-bet no poker \u00e9 a a\u00e7\u00e3o de aplicar um re-raise. Aprenda por que e com que frequ\u00eancia voc\u00ea deve usar o 3-bet na sua estrat\u00e9gia. Guia detalhado com exemplos.\" \/>\n<meta name=\"robots\" content=\"index, follow, max-snippet:-1, max-image-preview:large, max-video-preview:-1\" \/>\n<link rel=\"canonical\" href=\"https:\/\/hand2noteguide.com\/poker\/poker-hud-stats\/3bet-in-poker\/\" \/>\n<meta property=\"og:locale\" content=\"pt_PT\" \/>\n<meta property=\"og:type\" content=\"article\" \/>\n<meta property=\"og:title\" content=\"3-bet no poker: o guia completo com exemplos\" \/>\n<meta property=\"og:description\" content=\"O 3-bet no poker \u00e9 a a\u00e7\u00e3o de aplicar um re-raise. Aprenda por que e com que frequ\u00eancia voc\u00ea deve usar o 3-bet na sua estrat\u00e9gia. Guia detalhado com exemplos.\" \/>\n<meta property=\"og:url\" content=\"https:\/\/hand2noteguide.com\/poker\/poker-hud-stats\/3bet-in-poker\/\" \/>\n<meta property=\"og:site_name\" content=\"Hand2Note Guide\" \/>\n<meta property=\"article:modified_time\" content=\"2026-03-11T17:16:29+00:00\" \/>\n<meta property=\"og:image\" content=\"http:\/\/hand2noteguide.com\/wp-content\/uploads\/2024\/09\/3Bet-min-1024x576.jpg\" \/>\n<meta name=\"twitter:card\" content=\"summary_large_image\" \/>\n<meta name=\"twitter:label1\" content=\"Est. reading time\" \/>\n\t<meta name=\"twitter:data1\" content=\"19 minutes\" \/>\n<!-- \/ Yoast SEO plugin. -->","yoast_head_json":{"title":"3-bet no poker: o guia completo com exemplos","description":"O 3-bet no poker \u00e9 a a\u00e7\u00e3o de aplicar um re-raise. Aprenda por que e com que frequ\u00eancia voc\u00ea deve usar o 3-bet na sua estrat\u00e9gia. Guia detalhado com exemplos.","robots":{"index":"index","follow":"follow","max-snippet":"max-snippet:-1","max-image-preview":"max-image-preview:large","max-video-preview":"max-video-preview:-1"},"canonical":"https:\/\/hand2noteguide.com\/poker\/poker-hud-stats\/3bet-in-poker\/","og_locale":"pt_PT","og_type":"article","og_title":"3-bet no poker: o guia completo com exemplos","og_description":"O 3-bet no poker \u00e9 a a\u00e7\u00e3o de aplicar um re-raise. Aprenda por que e com que frequ\u00eancia voc\u00ea deve usar o 3-bet na sua estrat\u00e9gia. Guia detalhado com exemplos.","og_url":"https:\/\/hand2noteguide.com\/poker\/poker-hud-stats\/3bet-in-poker\/","og_site_name":"Hand2Note Guide","article_modified_time":"2026-03-11T17:16:29+00:00","og_image":[{"url":"http:\/\/hand2noteguide.com\/wp-content\/uploads\/2024\/09\/3Bet-min-1024x576.jpg","type":"","width":"","height":""}],"twitter_card":"summary_large_image","twitter_misc":{"Est. reading time":"19 minutes"},"schema":{"@context":"https:\/\/schema.org","@graph":[]}},"jetpack_sharing_enabled":true,"_links":{"self":[{"href":"https:\/\/hand2noteguide.com\/pt\/wp-json\/wp\/v2\/pages\/7322","targetHints":{"allow":["GET"]}}],"collection":[{"href":"https:\/\/hand2noteguide.com\/pt\/wp-json\/wp\/v2\/pages"}],"about":[{"href":"https:\/\/hand2noteguide.com\/pt\/wp-json\/wp\/v2\/types\/page"}],"author":[{"embeddable":true,"href":"https:\/\/hand2noteguide.com\/pt\/wp-json\/wp\/v2\/users\/1"}],"replies":[{"embeddable":true,"href":"https:\/\/hand2noteguide.com\/pt\/wp-json\/wp\/v2\/comments?post=7322"}],"version-history":[{"count":26,"href":"https:\/\/hand2noteguide.com\/pt\/wp-json\/wp\/v2\/pages\/7322\/revisions"}],"predecessor-version":[{"id":15855,"href":"https:\/\/hand2noteguide.com\/pt\/wp-json\/wp\/v2\/pages\/7322\/revisions\/15855"}],"up":[{"embeddable":true,"href":"https:\/\/hand2noteguide.com\/pt\/wp-json\/wp\/v2\/pages\/8180"}],"wp:attachment":[{"href":"https:\/\/hand2noteguide.com\/pt\/wp-json\/wp\/v2\/media?parent=7322"}],"curies":[{"name":"wp","href":"https:\/\/api.w.org\/{rel}","templated":true}]}}