{"id":74,"date":"2018-07-30T00:39:48","date_gmt":"2018-07-29T21:39:48","guid":{"rendered":"https:\/\/h2n312.wordpress.com\/?page_id=74"},"modified":"2025-06-04T19:21:44","modified_gmt":"2025-06-04T16:21:44","slug":"guide","status":"publish","type":"page","link":"https:\/\/hand2noteguide.com\/pt\/guide\/","title":{"rendered":"Manual do Usu\u00e1rio Hand2Note 3"},"content":{"rendered":"\n<p>Neste artigo, vamos percorrer todos os recursos do Hand2Note. O manual cont\u00e9m informa\u00e7\u00f5es sobre todas as fun\u00e7\u00f5es do software.<\/p>\n\n\n\n<div class=\"red-block\">\n<p style=\"margin-bottom:0\">\u26a0\ufe0f Este manual \u00e9 sobre a vers\u00e3o 3 do Hand2Note, que agora est\u00e1 desatualizada. Confira o <a href=\"https:\/\/hand2noteguide.com\/pt\/user-manual\/\"><strong>Manual do Usu\u00e1rio Hand2Note 4<\/strong><\/a>.<\/p>\n<\/div>\n\n\n\n<h2 class=\"wp-block-heading\"><a href=\"https:\/\/hand2noteguide.com\/pt\/guide\/hud\/\">HUD<\/a><\/h2>\n\n\n\n<figure class=\"wp-block-image\"><img loading=\"lazy\" decoding=\"async\" width=\"887\" height=\"604\" src=\"https:\/\/hand2noteguide.com\/wp-content\/uploads\/2020\/03\/hand2note-default-hud.png\" alt=\"hand2note hud\" class=\"wp-image-1792\" srcset=\"https:\/\/hand2noteguide.com\/wp-content\/uploads\/2020\/03\/hand2note-default-hud.png 887w, https:\/\/hand2noteguide.com\/wp-content\/uploads\/2020\/03\/hand2note-default-hud-300x204.png 300w, https:\/\/hand2noteguide.com\/wp-content\/uploads\/2020\/03\/hand2note-default-hud-768x523.png 768w, https:\/\/hand2noteguide.com\/wp-content\/uploads\/2020\/03\/hand2note-default-hud-772x526.png 772w, https:\/\/hand2noteguide.com\/wp-content\/uploads\/2020\/03\/hand2note-default-hud-624x425.png 624w\" sizes=\"auto, (max-width: 887px) 100vw, 887px\" \/><figcaption class=\"wp-element-caption\">HUD padr\u00e3o do Hand2Note<\/figcaption><\/figure>\n\n\n\n<p><a href=\"https:\/\/hand2noteguide.com\/pt\/poker\/poker-hud\/\">HUD<\/a> \u00e9 uma das principais fun\u00e7\u00f5es de qualquer software de rastreamento de poker, e o Hand2Note n\u00e3o \u00e9 exce\u00e7\u00e3o. O Hand2Note oferece aos usu\u00e1rios HUDs posicionais e din\u00e2micos avan\u00e7ados, mas voc\u00ea tamb\u00e9m pode usar um HUD est\u00e1tico simples. Saiba mais sobre os diferentes tipos de HUD neste <a aria-label=\"este artigo (abre em uma nova aba)\" href=\"http:\/\/www.hand2note.com\/Help\/pages\/HUDOverview\/\" target=\"_blank\" rel=\"noreferrer noopener\">artigo<\/a>.<\/p>\n\n\n\n<p>Dois perfis de HUD padr\u00e3o est\u00e3o dispon\u00edveis no Hand2Note imediatamente ap\u00f3s a instala\u00e7\u00e3o. Voc\u00ea tamb\u00e9m pode criar seu pr\u00f3prio HUD, importar HUD de outro rastreador ou comprar um dos pacotes comerciais na loja oficial. Leia <a href=\"https:\/\/hand2noteguide.com\/pt\/hand2note-hud\/\">este material<\/a> para entender qual op\u00e7\u00e3o de HUD \u00e9 a melhor para voc\u00ea.<\/p>\n\n\n\n<h3 class=\"wp-block-heading\">FAQ do HUD<\/h3>\n\n\n\n\n<!-- Page-list plugin v.5.2 wordpress.org\/plugins\/page-list\/ -->\n<ul class=\"page-list \">\n<li class=\"page_item page-item-1556\"><a href=\"https:\/\/hand2noteguide.com\/pt\/guide\/hud\/different-huds-in-different-rooms\/\">Usando diferentes HUDs em diferentes salas<\/a><\/li>\n<li class=\"page_item page-item-379\"><a href=\"https:\/\/hand2noteguide.com\/pt\/guide\/hud\/activate-session-hud\/\">Como ativar o HUD de sess\u00e3o<\/a><\/li>\n<li class=\"page_item page-item-409\"><a href=\"https:\/\/hand2noteguide.com\/pt\/guide\/hud\/hero-hud\/\">Como obter HUD no Hero?<\/a><\/li>\n<li class=\"page_item page-item-472\"><a href=\"https:\/\/hand2noteguide.com\/pt\/guide\/hud\/disable-hud\/\">Como desativar o HUD<\/a><\/li>\n<li class=\"page_item page-item-452\"><a href=\"https:\/\/hand2noteguide.com\/pt\/guide\/hud\/divide-stats-sh-fr\/\">Como dividir estat\u00edsticas pelo n\u00famero de jogadores (SH\/FR)?<\/a><\/li>\n<li class=\"page_item page-item-1527\"><a href=\"https:\/\/hand2noteguide.com\/pt\/guide\/hud\/switch-profile\/\">Como alternar o perfil do HUD<\/a><\/li>\n\n<\/ul>\n\n\n\n<h3 class=\"wp-block-heading\">Criando HUD<\/h3>\n\n\n\n<p>O Hand2Note possui ferramentas muito flex\u00edveis para criar seu pr\u00f3prio HUD. Voc\u00ea pode personalizar profundamente suas stats, HUD e popups para criar um perfil adequado \u00e0s suas necessidades.<\/p>\n\n\n\n<p>Confira primeiro o manual de <a href=\"https:\/\/www.hand2note.com\/Help\/pages\/HUDCustomization\/\" target=\"_blank\" rel=\"noreferrer noopener\" aria-label=\"trabalhando com o editor de HUD (abre em uma nova aba)\">trabalhar com o editor de HUD<\/a>. Abaixo, voc\u00ea tamb\u00e9m pode encontrar respostas para perguntas frequentes.<\/p>\n\n\n\n\n<!-- Page-list plugin v.5.2 wordpress.org\/plugins\/page-list\/ -->\n<ul class=\"page-list \">\n<li class=\"page_item page-item-367\"><a href=\"https:\/\/hand2noteguide.com\/pt\/guide\/hud\/add-aggression-wtsd\/\">Como inserir estat\u00edsticas de agress\u00e3o e showdown no HUD<\/a><\/li>\n<li class=\"page_item page-item-402\"><a href=\"https:\/\/hand2noteguide.com\/pt\/guide\/hud\/add-hands-counter\/\">Como inserir o contador de m\u00e3os?<\/a><\/li>\n<li class=\"page_item page-item-396\"><a href=\"https:\/\/hand2noteguide.com\/pt\/guide\/hud\/add-abbreviations\/\">Como adicionar abrevia\u00e7\u00f5es \u00e0s stats?<\/a><\/li>\n<li class=\"page_item page-item-375\"><a href=\"https:\/\/hand2noteguide.com\/pt\/guide\/hud\/add-nickname-winrate-stacksize\/\">Como inserir apelido, winrate e tamanho do stack no HUD<\/a><\/li>\n\n<\/ul>\n\n\n\n<h2 class=\"wp-block-heading\"><a href=\"https:\/\/hand2noteguide.com\/pt\/guide\/creating-stats\/\">Stats<\/a><\/h2>\n\n\n\n<figure class=\"wp-block-image\"><img loading=\"lazy\" decoding=\"async\" width=\"1024\" height=\"569\" src=\"https:\/\/hand2noteguide.com\/wp-content\/uploads\/2020\/03\/hand2note-stats-editor-1024x569.png\" alt=\"hand2note stats editor\" class=\"wp-image-1804\" srcset=\"https:\/\/hand2noteguide.com\/wp-content\/uploads\/2020\/03\/hand2note-stats-editor-1024x569.png 1024w, https:\/\/hand2noteguide.com\/wp-content\/uploads\/2020\/03\/hand2note-stats-editor-300x167.png 300w, https:\/\/hand2noteguide.com\/wp-content\/uploads\/2020\/03\/hand2note-stats-editor-768x427.png 768w, https:\/\/hand2noteguide.com\/wp-content\/uploads\/2020\/03\/hand2note-stats-editor-772x429.png 772w, https:\/\/hand2noteguide.com\/wp-content\/uploads\/2020\/03\/hand2note-stats-editor-624x347.png 624w, https:\/\/hand2noteguide.com\/wp-content\/uploads\/2020\/03\/hand2note-stats-editor.png 1121w\" sizes=\"auto, (max-width: 1024px) 100vw, 1024px\" \/><figcaption class=\"wp-element-caption\">Editor de stats do Hand2Note<\/figcaption><\/figure>\n\n\n\n<p>O Hand2Note possui uma interface intuitiva e poderosa para criar <a href=\"https:\/\/hand2noteguide.com\/pt\/poker\/poker-hud-stats\/\">stats de poker<\/a> personalizadas. Al\u00e9m disso, um grande n\u00famero de stats prontas est\u00e1 dispon\u00edvel imediatamente ap\u00f3s a instala\u00e7\u00e3o.<\/p>\n\n\n\n<p>Confira a <a href=\"https:\/\/hand2noteguide.com\/pt\/guide\/creating-stats\/\">introdu\u00e7\u00e3o<\/a> \u00e0s estat\u00edsticas de poker no Hand2Note. Em seguida, d\u00ea uma olhada nos manuais de opera\u00e7\u00e3o com diferentes tipos de stats no software:<\/p>\n\n\n\n\n<!-- Page-list plugin v.5.2 wordpress.org\/plugins\/page-list\/ -->\n<ul class=\"page-list \">\n<li class=\"page_item page-item-548\"><a href=\"https:\/\/hand2noteguide.com\/pt\/guide\/creating-stats\/simple\/\">Estat\u00edsticas simples<\/a><\/li>\n<li class=\"page_item page-item-555\"><a href=\"https:\/\/hand2noteguide.com\/pt\/guide\/creating-stats\/expression\/\">Estat\u00edsticas de express\u00e3o<\/a><\/li>\n\n<\/ul>\n\n\n\n<h2 class=\"wp-block-heading\"><a href=\"https:\/\/hand2noteguide.com\/pt\/guide\/database\/\">Banco de Dados<\/a><\/h2>\n\n\n\n<figure class=\"wp-block-image\"><img loading=\"lazy\" decoding=\"async\" width=\"985\" height=\"661\" src=\"https:\/\/hand2noteguide.com\/wp-content\/uploads\/2020\/03\/hand2note-database.png\" alt=\"hand2note database\" class=\"wp-image-1802\" srcset=\"https:\/\/hand2noteguide.com\/wp-content\/uploads\/2020\/03\/hand2note-database.png 985w, https:\/\/hand2noteguide.com\/wp-content\/uploads\/2020\/03\/hand2note-database-300x201.png 300w, https:\/\/hand2noteguide.com\/wp-content\/uploads\/2020\/03\/hand2note-database-768x515.png 768w, https:\/\/hand2noteguide.com\/wp-content\/uploads\/2020\/03\/hand2note-database-772x518.png 772w, https:\/\/hand2noteguide.com\/wp-content\/uploads\/2020\/03\/hand2note-database-624x419.png 624w\" sizes=\"auto, (max-width: 985px) 100vw, 985px\" \/><figcaption class=\"wp-element-caption\">Gerenciamento de banco de dados do Hand2Note<\/figcaption><\/figure>\n\n\n\n<p>O Hand2Note usa seu servidor de banco de dados embutido por padr\u00e3o. Portanto, voc\u00ea n\u00e3o precisa ter o PostgreSQL instalado no seu PC para o funcionamento correto do Hand2Note.<\/p>\n\n\n\n<p>Voc\u00ea pode gerenciar bancos de dados atrav\u00e9s da interface do Hand2Note em <em>Configura\u00e7\u00e3o \u2192 Banco de Dados<\/em>. Leia o <a href=\"https:\/\/hand2noteguide.com\/pt\/guide\/database\/\">manual curto<\/a> sobre bancos de dados no Hand2Note. Tamb\u00e9m existem alguns links r\u00e1pidos para as solicita\u00e7\u00f5es mais frequentes:<\/p>\n\n\n\n\n<!-- Page-list plugin v.5.2 wordpress.org\/plugins\/page-list\/ -->\n<ul class=\"page-list \">\n<li class=\"page_item page-item-196\"><a href=\"https:\/\/hand2noteguide.com\/pt\/guide\/database\/where-is-database-stored\/\">Onde o banco de dados \u00e9 armazenado?<\/a><\/li>\n<li class=\"page_item page-item-199\"><a href=\"https:\/\/hand2noteguide.com\/pt\/guide\/database\/move-database-to-another-drive\/\">Como mover o banco de dados para outro drive<\/a><\/li>\n<li class=\"page_item page-item-160\"><a href=\"https:\/\/hand2noteguide.com\/pt\/guide\/database\/move-database-to-another-pc\/\">Como mover o banco de dados para outro PC<\/a><\/li>\n<li class=\"page_item page-item-208\"><a href=\"https:\/\/hand2noteguide.com\/pt\/guide\/database\/create-database\/\">Como criar um novo banco de dados<\/a><\/li>\n<li class=\"page_item page-item-204\"><a href=\"https:\/\/hand2noteguide.com\/pt\/guide\/database\/delete-hands\/\">Como excluir m\u00e3os do banco de dados<\/a><\/li>\n\n<\/ul>\n\n\n\n<h2 class=\"wp-block-heading\">Assinatura<\/h2>\n\n\n\n<p>O Hand2Note \u00e9 <a href=\"https:\/\/hand2noteguide.com\/pt\/hand2note-for-free\/\">gratuito<\/a> para qualquer limite na vers\u00e3o BASE com algumas limita\u00e7\u00f5es de funcionalidade. Se voc\u00ea deseja usar todos os recursos avan\u00e7ados do software, pode comprar um dos complementos: ASIA, EDGE ou PRO. A escolha do plano de assinatura depende das salas em que voc\u00ea joga e das fun\u00e7\u00f5es que voc\u00ea precisa. Veja as informa\u00e7\u00f5es mais importantes sobre a licen\u00e7a:<\/p>\n\n\n\n<ul class=\"wp-block-list\">\n<li><a href=\"https:\/\/hand2noteguide.com\/pt\/guide\/choose-subscription\/\">Qual plano de assinatura \u00e9 adequado para mim?<\/a><\/li>\n\n\n\n<li><a href=\"https:\/\/hand2noteguide.com\/pt\/why-purchase-hand2note\/\">Quais benef\u00edcios obterei com a assinatura?<\/a><\/li>\n\n\n\n<li><a href=\"https:\/\/hand2noteguide.com\/pt\/promo\/\"><strong>Posso obter um desconto? (Sim)<\/strong><\/a><\/li>\n\n\n\n<li><a href=\"https:\/\/hand2noteguide.com\/pt\/guide\/upgrade-subscription\/\">Como atualizar\/downgrade o plano de assinatura?<\/a><\/li>\n<\/ul>\n\n\n\n<h2 class=\"wp-block-heading\">Comum<\/h2>\n\n\n\n<p>Estas s\u00e3o as principais caracter\u00edsticas comuns do rastreador que todo jogador achar\u00e1 \u00fatil. Verifique os manuais cuidadosamente:<\/p>\n\n\n\n\n<!-- Page-list plugin v.5.2 wordpress.org\/plugins\/page-list\/ -->\n<ul class=\"page-list \">\n<li class=\"page_item page-item-316\"><a href=\"https:\/\/hand2noteguide.com\/pt\/guide\/alias\/\">Apelido dos jogadores<\/a><\/li>\n<li class=\"page_item page-item-420\"><a href=\"https:\/\/hand2noteguide.com\/pt\/guide\/notes-on-players\/\">Escrevendo notas sobre os jogadores<\/a><\/li>\n<li class=\"page_item page-item-269\"><a href=\"https:\/\/hand2noteguide.com\/pt\/guide\/how-to-mark-hands\/\">Como marcar m\u00e3os enquanto joga<\/a><\/li>\n<li class=\"page_item page-item-413\"><a href=\"https:\/\/hand2noteguide.com\/pt\/guide\/hero-stats\/\">Como revisar as stats do Hero?<\/a><\/li>\n<li class=\"page_item page-item-876\"><a href=\"https:\/\/hand2noteguide.com\/pt\/guide\/rebuild-stats\/\">Reconstruindo stats<\/a><\/li>\n\n<\/ul>\n\n\n\n<h2 class=\"wp-block-heading\">Fun\u00e7\u00f5es exclusivas<\/h2>\n\n\n\n<p>Range Research e Decision Analysis s\u00e3o as ferramentas mais poderosas do Hand2Note. Elas permitem que voc\u00ea explore minuciosamente seus oponentes e suas pr\u00f3prias fraquezas. Essas ferramentas est\u00e3o dispon\u00edveis apenas na vers\u00e3o EDGE ou PRO, ent\u00e3o pode ser a motiva\u00e7\u00e3o para adquiri-las.<\/p>\n\n\n\n<ul class=\"page-list \">\n<li class=\"page_item page-item-3424\"><a href=\"https:\/\/hand2noteguide.com\/pt\/guide\/range-research\/\"><strong>Range Research<\/strong><\/a><\/li>\n<li class=\"page_item page-item-586\"><a href=\"https:\/\/hand2noteguide.com\/pt\/guide\/decision-analysis\/\">Descubra a rentabilidade de v\u00e1rias categorias de m\u00e3os<\/a><\/li>\n\n<\/ul>\n\n\n\n<h2 class=\"wp-block-heading\">Exporta\u00e7\u00e3o &amp; movimenta\u00e7\u00e3o<\/h2>\n\n\n\n<p>O Hand2Note \u00e9 muito flex\u00edvel e voc\u00ea pode facilmente exportar todas as configura\u00e7\u00f5es, HUDs, notas e m\u00e3os ou mov\u00ea-las para outro rastreador do Hand2Note em outro dispositivo. Veja os manuais r\u00e1pidos sobre como extrair as informa\u00e7\u00f5es necess\u00e1rias do software:<\/p>\n\n\n\n\n<!-- Page-list plugin v.5.2 wordpress.org\/plugins\/page-list\/ -->\n<ul class=\"page-list \">\n<li class=\"page_item page-item-254\"><a href=\"https:\/\/hand2noteguide.com\/pt\/guide\/where-are-notes-stored\/\">Onde as notas s\u00e3o armazenadas?<\/a><\/li>\n<li class=\"page_item page-item-151\"><a href=\"https:\/\/hand2noteguide.com\/pt\/guide\/hands-archive\/\">Onde o Hand2Note salva os hist\u00f3ricos de m\u00e3os?<\/a><\/li>\n<li class=\"page_item page-item-263\"><a href=\"https:\/\/hand2noteguide.com\/pt\/guide\/moving-marked-hands\/\">Movendo m\u00e3os marcadas<\/a><\/li>\n<li class=\"page_item page-item-256\"><a href=\"https:\/\/hand2noteguide.com\/pt\/guide\/moving-hud-and-settings\/\">Movendo o HUD e configura\u00e7\u00f5es<\/a><\/li>\n<li class=\"page_item page-item-166\"><a href=\"https:\/\/hand2noteguide.com\/pt\/guide\/export-hands\/\">Exportar m\u00e3os do Hand2Note<\/a><\/li>\n\n<\/ul>\n\n\n\n<h2 class=\"wp-block-heading\">Diversos<\/h2>\n\n\n\n<p>Informa\u00e7\u00f5es t\u00e9cnicas adicionais que podem ser \u00fateis:<\/p>\n\n\n\n\n<!-- Page-list plugin v.5.2 wordpress.org\/plugins\/page-list\/ -->\n<ul class=\"page-list \">\n<li class=\"page_item page-item-572\"><a href=\"https:\/\/hand2noteguide.com\/pt\/guide\/system-requirements\/\">Requisitos do Sistema<\/a><\/li>\n<li class=\"page_item page-item-113\"><a href=\"https:\/\/hand2noteguide.com\/pt\/guide\/hand2note-version\/\">Vers\u00e3o usada. Atualiza\u00e7\u00e3o do Hand2Note.<\/a><\/li>\n\n<\/ul>\n\n\n\n<p>Isso \u00e9 tudo com o guia do Hand2Note, mas temos alguns outros manuais relacionados que voc\u00ea pode achar \u00fateis.<\/p>\n\n\n\n<h2 class=\"wp-block-heading\">Outros manuais de software<\/h2>\n\n\n\n<p>Confira nossas an\u00e1lises sobre outras <a href=\"https:\/\/hand2noteguide.com\/pt\/poker\/5-best-online-poker-software\/\">ferramentas populares de poker<\/a> que quase todo jogador achar\u00e1 \u00fateis.<\/p>\n\n\n\n<ul class=\"page-list\">\n<li><a href=\"https:\/\/hand2noteguide.com\/pt\/poker\/the-best-poker-preflop-charts-software\/\">FreeBetRange<\/a><\/li>\n<li><a href=\"https:\/\/hand2noteguide.com\/pt\/poker\/poker-gto\/gto-wizard-review\/\">GTO Wizard<\/a><\/li>\n<li><a href=\"https:\/\/hand2noteguide.com\/pt\/starscaption\/\">StarsCaption<\/a><\/li>\n<\/ul>\n\n\n\n<h2 class=\"wp-block-heading\"><a href=\"https:\/\/hand2noteguide.com\/pt\/poker\/\">Manual geral de poker<\/a><\/h2>\n\n\n\n<p>Al\u00e9m dos manuais de software, tamb\u00e9m temos um <a href=\"https:\/\/hand2noteguide.com\/pt\/poker\/\">guia geral de poker<\/a>. Ele ajudar\u00e1 voc\u00ea a entender os conceitos b\u00e1sicos do poker e tamb\u00e9m os elementos avan\u00e7ados de uma estrat\u00e9gia vencedora. Existem 9 etapas para estudar a teoria do poker e se tornar um jogador bem-sucedido. Confira em qual etapa voc\u00ea est\u00e1 agora?<\/p>\n","protected":false},"excerpt":{"rendered":"<p>A detailed description of all the functions of Hand2Note, answers to frequently asked questions<\/p>\n","protected":false},"author":1,"featured_media":0,"parent":0,"menu_order":5,"comment_status":"closed","ping_status":"closed","template":"page-templates\/full-width-page.php","meta":{"footnotes":""},"class_list":["post-74","page","type-page","status-publish","hentry"],"translation":{"provider":"WPGlobus","version":"3.0.2","language":"pt","enabled_languages":["en","ru","pt","zh","es","fr","de","it","ja"],"languages":{"en":{"title":true,"content":true,"excerpt":true},"ru":{"title":true,"content":true,"excerpt":true},"pt":{"title":true,"content":true,"excerpt":false},"zh":{"title":true,"content":true,"excerpt":true},"es":{"title":true,"content":true,"excerpt":false},"fr":{"title":true,"content":true,"excerpt":false},"de":{"title":true,"content":true,"excerpt":false},"it":{"title":true,"content":true,"excerpt":false},"ja":{"title":true,"content":true,"excerpt":false}}},"yoast_head":"<!-- This site is optimized with the Yoast SEO plugin v27.0 - https:\/\/yoast.com\/product\/yoast-seo-wordpress\/ -->\n<title>Manual do Usu\u00e1rio Hand2Note 3<\/title>\n<meta name=\"description\" content=\"Neste artigo, vamos percorrer todos os recursos do Hand2Note. O manual cont\u00e9m informa\u00e7\u00f5es sobre todas as fun\u00e7\u00f5es do software.\" \/>\n<meta name=\"robots\" content=\"index, follow, max-snippet:-1, max-image-preview:large, max-video-preview:-1\" \/>\n<link rel=\"canonical\" href=\"https:\/\/hand2noteguide.com\/guide\/\" \/>\n<meta property=\"og:locale\" content=\"pt_PT\" \/>\n<meta property=\"og:type\" content=\"article\" \/>\n<meta property=\"og:title\" content=\"Manual do Usu\u00e1rio Hand2Note 3\" \/>\n<meta property=\"og:description\" content=\"Neste artigo, vamos percorrer todos os recursos do Hand2Note. O manual cont\u00e9m informa\u00e7\u00f5es sobre todas as fun\u00e7\u00f5es do software.\" \/>\n<meta property=\"og:url\" content=\"https:\/\/hand2noteguide.com\/guide\/\" \/>\n<meta property=\"og:site_name\" content=\"Hand2Note Guide\" \/>\n<meta property=\"article:modified_time\" content=\"2025-06-04T16:21:44+00:00\" \/>\n<meta property=\"og:image\" content=\"https:\/\/hand2noteguide.com\/wp-content\/uploads\/2020\/03\/hand2note-default-hud.png\" \/>\n<meta name=\"twitter:card\" content=\"summary_large_image\" \/>\n<meta name=\"twitter:label1\" content=\"Est. reading time\" \/>\n\t<meta name=\"twitter:data1\" content=\"22 minutes\" \/>\n<!-- \/ Yoast SEO plugin. -->","yoast_head_json":{"title":"Manual do Usu\u00e1rio Hand2Note 3","description":"Neste artigo, vamos percorrer todos os recursos do Hand2Note. O manual cont\u00e9m informa\u00e7\u00f5es sobre todas as fun\u00e7\u00f5es do software.","robots":{"index":"index","follow":"follow","max-snippet":"max-snippet:-1","max-image-preview":"max-image-preview:large","max-video-preview":"max-video-preview:-1"},"canonical":"https:\/\/hand2noteguide.com\/guide\/","og_locale":"pt_PT","og_type":"article","og_title":"Manual do Usu\u00e1rio Hand2Note 3","og_description":"Neste artigo, vamos percorrer todos os recursos do Hand2Note. O manual cont\u00e9m informa\u00e7\u00f5es sobre todas as fun\u00e7\u00f5es do software.","og_url":"https:\/\/hand2noteguide.com\/guide\/","og_site_name":"Hand2Note Guide","article_modified_time":"2025-06-04T16:21:44+00:00","og_image":[{"url":"https:\/\/hand2noteguide.com\/wp-content\/uploads\/2020\/03\/hand2note-default-hud.png","type":"","width":"","height":""}],"twitter_card":"summary_large_image","twitter_misc":{"Est. reading time":"22 minutes"},"schema":{"@context":"https:\/\/schema.org","@graph":[]}},"jetpack_sharing_enabled":false,"_links":{"self":[{"href":"https:\/\/hand2noteguide.com\/pt\/wp-json\/wp\/v2\/pages\/74","targetHints":{"allow":["GET"]}}],"collection":[{"href":"https:\/\/hand2noteguide.com\/pt\/wp-json\/wp\/v2\/pages"}],"about":[{"href":"https:\/\/hand2noteguide.com\/pt\/wp-json\/wp\/v2\/types\/page"}],"author":[{"embeddable":true,"href":"https:\/\/hand2noteguide.com\/pt\/wp-json\/wp\/v2\/users\/1"}],"replies":[{"embeddable":true,"href":"https:\/\/hand2noteguide.com\/pt\/wp-json\/wp\/v2\/comments?post=74"}],"version-history":[{"count":160,"href":"https:\/\/hand2noteguide.com\/pt\/wp-json\/wp\/v2\/pages\/74\/revisions"}],"predecessor-version":[{"id":13561,"href":"https:\/\/hand2noteguide.com\/pt\/wp-json\/wp\/v2\/pages\/74\/revisions\/13561"}],"wp:attachment":[{"href":"https:\/\/hand2noteguide.com\/pt\/wp-json\/wp\/v2\/media?parent=74"}],"curies":[{"name":"wp","href":"https:\/\/api.w.org\/{rel}","templated":true}]}}