{"id":7498,"date":"2024-07-31T10:57:12","date_gmt":"2024-07-31T07:57:12","guid":{"rendered":"https:\/\/hand2noteguide.com\/?page_id=7498"},"modified":"2026-03-11T18:38:41","modified_gmt":"2026-03-11T15:38:41","slug":"gto-wizard-price","status":"publish","type":"page","link":"https:\/\/hand2noteguide.com\/pt\/poker\/poker-gto\/gto-wizard-review\/gto-wizard-price\/","title":{"rendered":"Pre\u00e7o do GTO Wizard \ud83d\udcb0: quanto custa o melhor app de GTO?"},"content":{"rendered":"\n<p>GTO Wizard \u00e9 o melhor app de treinamento de <a href=\"https:\/\/hand2noteguide.com\/pt\/poker\/poker-gto\/\">GTO<\/a> e um dos melhores softwares de poker no geral. Ele \u00e9 amplamente utilizado por jogadores de poker de todos os n\u00edveis para aprimorar seus conhecimentos de GTO. Voc\u00ea pode saber mais sobre os recursos do GTO Wizard em nossa <a href=\"https:\/\/hand2noteguide.com\/pt\/poker\/poker-gto\/gto-wizard-review\/\">an\u00e1lise<\/a>.<\/p>\n\n\n\n<p>Muitas pessoas t\u00eam d\u00favidas sobre a pol\u00edtica de pre\u00e7os do GTO Wizard. Neste artigo curto, vamos analisar todos os planos pagos que o GTO Wizard oferece aos seus usu\u00e1rios.<\/p>\n\n\n\n<figure class=\"wp-block-image size-large\"><img loading=\"lazy\" decoding=\"async\" width=\"1024\" height=\"707\" src=\"https:\/\/hand2noteguide.com\/wp-content\/uploads\/2024\/07\/gto-wizard-price-min-1024x707.png\" alt=\"Pre\u00e7o do GTO Wizard\" class=\"wp-image-7503\" srcset=\"https:\/\/hand2noteguide.com\/wp-content\/uploads\/2024\/07\/gto-wizard-price-min-1024x707.png 1024w, https:\/\/hand2noteguide.com\/wp-content\/uploads\/2024\/07\/gto-wizard-price-min-300x207.png 300w, https:\/\/hand2noteguide.com\/wp-content\/uploads\/2024\/07\/gto-wizard-price-min-768x530.png 768w, https:\/\/hand2noteguide.com\/wp-content\/uploads\/2024\/07\/gto-wizard-price-min-1536x1061.png 1536w, https:\/\/hand2noteguide.com\/wp-content\/uploads\/2024\/07\/gto-wizard-price-min-2048x1414.png 2048w, https:\/\/hand2noteguide.com\/wp-content\/uploads\/2024\/07\/gto-wizard-price-min-772x533.png 772w, https:\/\/hand2noteguide.com\/wp-content\/uploads\/2024\/07\/gto-wizard-price-min-624x431.png 624w\" sizes=\"auto, (max-width: 1024px) 100vw, 1024px\" \/><figcaption class=\"wp-element-caption\">Pre\u00e7os do GTO Wizard<\/figcaption><\/figure>\n\n\n\n<p><strong>O pre\u00e7o do GTO Wizard come\u00e7a em $35 por m\u00eas.<\/strong> Todos os n\u00edveis pagos s\u00e3o divididos por tipos de jogo e tamb\u00e9m por funcionalidades.<\/p>\n\n\n\n<p>Existem 5 grupos de tipos de jogo:<\/p>\n\n\n\n<ul class=\"wp-block-list\">\n<li>Cash game<\/li>\n\n\n\n<li>MTT<\/li>\n\n\n\n<li>Spin and Go<\/li>\n\n\n\n<li>HU SNG<\/li>\n\n\n\n<li>Straddle + Ante<\/li>\n<\/ul>\n\n\n\n<p>E existem 3 tipos de assinatura:<\/p>\n\n\n\n<ul class=\"wp-block-list\">\n<li>Starter<\/li>\n\n\n\n<li>Premium<\/li>\n\n\n\n<li>Elite<\/li>\n<\/ul>\n\n\n\n<p>Dependendo do tipo de jogo que voc\u00ea prefere e do n\u00edvel de funcionalidade que precisa, o pre\u00e7o pode variar. Na tabela abaixo voc\u00ea pode ver os pre\u00e7os para todos os cen\u00e1rios.<\/p>\n\n\n\n<p><strong>\u2705 Todos os pre\u00e7os da tabela j\u00e1 incluem nosso <a href=\"https:\/\/hand2noteguide.com\/pt\/poker\/poker-gto\/gto-wizard-review\/gto-wizard-discount\/\">desconto<\/a>.<\/strong><\/p>\n\n\n\n<figure class=\"wp-block-table\"><table><tbody><tr><td><\/td><td><strong>Cash game<\/strong><\/td><td><strong>MTT<\/strong><\/td><td><strong>Spin &amp; Go<\/strong><\/td><td><strong>HU SNG<\/strong><\/td><td><strong>Straddle + Ante<\/strong><\/td><\/tr><tr><td><strong>Starter<\/strong><\/td><td>A partir de <strong>$35 por m\u00eas<\/strong><\/td><td>A partir de <strong>$35 por m\u00eas<\/strong><\/td><td>A partir de <strong>$35 por m\u00eas<\/strong><\/td><td>A partir de <strong>$26 por m\u00eas<\/strong><\/td><td>&#8211;<\/td><\/tr><tr><td><strong>Premium<\/strong><\/td><td>A partir de <strong><s>$69<\/s> $62 por m\u00eas<\/strong><\/td><td>A partir de <strong><s>$69<\/s> $62 por m\u00eas<\/strong><\/td><td>A partir de <strong><s>$69<\/s> $62 por m\u00eas<\/strong><\/td><td>A partir de <strong><s>$49<\/s> $44 por m\u00eas<\/strong><\/td><td>A partir de <strong><s>$69<\/s> $62 por m\u00eas<\/strong><\/td><\/tr><tr><td><strong>Elite<\/strong><\/td><td>A partir de <strong><s>$129<\/s> $116 por m\u00eas<\/strong><\/td><td>A partir de <strong><s>$129<\/s> $116 por m\u00eas<\/strong><\/td><td>A partir de <strong><s>$129<\/s> $116 por m\u00eas<\/strong><\/td><td>A partir de <strong><s>$129<\/s> $116 por m\u00eas<\/strong><\/td><td>A partir de <strong><s>$129<\/s> $116 por m\u00eas<\/strong><\/td><\/tr><tr><td><strong>Ultra<\/strong><\/td><td>A partir de <strong><s>$229<\/s> $206 por m\u00eas<\/strong><\/td><td>A partir de <strong><s>$229<\/s> $206 por m\u00eas<\/strong><\/td><td>A partir de <strong><s>$229<\/s> $206 por m\u00eas<\/strong><\/td><td>&#8211;<\/td><td>A partir de <strong><s>$229<\/s> $206 por m\u00eas<\/strong><\/td><\/tr><\/tbody><\/table><figcaption class=\"wp-element-caption\">Detalhamento dos pre\u00e7os do GTO Wizard<\/figcaption><\/figure>\n\n\n\n<p>A descri\u00e7\u00e3o detalhada de cada plano est\u00e1 dispon\u00edvel diretamente no app do GTO Wizard. Portanto, n\u00e3o se preocupe \u2014 voc\u00ea poder\u00e1 entender exatamente do que precisa diretamente na p\u00e1gina de checkout.<\/p>\n\n\n<div class=\"wp-block-h2n-cta-button\" style=\"text-align: left;\"><a href=\"https:\/\/hand2noteguide.com\/pt\/go\/gtowizard\/\" class=\"btn btn-primary btn-color-amber\" target=\"_blank\" rel=\"noopener noreferrer nofollow sponsored\">Ir para o site do GTO Wizard \u2192<\/a><\/div>\n\n\n<p>Voc\u00ea pode conseguir um pre\u00e7o melhor optando por uma assinatura anual. Em combina\u00e7\u00e3o com nossa <a href=\"https:\/\/hand2noteguide.com\/pt\/poker\/poker-gto\/gto-wizard-review\/gto-wizard-discount\/\">oferta<\/a>, voc\u00ea ter\u00e1 o melhor custo-benef\u00edcio poss\u00edvel ao comprar o GTO Wizard.<\/p>\n\n\n\n<figure class=\"wp-block-image size-large\"><img loading=\"lazy\" decoding=\"async\" width=\"1024\" height=\"649\" src=\"https:\/\/hand2noteguide.com\/wp-content\/uploads\/2024\/07\/gto-wizard-discount-min-1024x649.png\" alt=\"\" class=\"wp-image-7529\" srcset=\"https:\/\/hand2noteguide.com\/wp-content\/uploads\/2024\/07\/gto-wizard-discount-min-1024x649.png 1024w, https:\/\/hand2noteguide.com\/wp-content\/uploads\/2024\/07\/gto-wizard-discount-min-300x190.png 300w, https:\/\/hand2noteguide.com\/wp-content\/uploads\/2024\/07\/gto-wizard-discount-min-768x487.png 768w, https:\/\/hand2noteguide.com\/wp-content\/uploads\/2024\/07\/gto-wizard-discount-min-1536x973.png 1536w, https:\/\/hand2noteguide.com\/wp-content\/uploads\/2024\/07\/gto-wizard-discount-min-2048x1298.png 2048w, https:\/\/hand2noteguide.com\/wp-content\/uploads\/2024\/07\/gto-wizard-discount-min-772x489.png 772w, https:\/\/hand2noteguide.com\/wp-content\/uploads\/2024\/07\/gto-wizard-discount-min-624x395.png 624w\" sizes=\"auto, (max-width: 1024px) 100vw, 1024px\" \/><figcaption class=\"wp-element-caption\">Escolha um plano anual para obter o desconto m\u00e1ximo<\/figcaption><\/figure>\n\n\n\n<h2 class=\"wp-block-heading\">Atualiza\u00e7\u00e3o 2026: o novo plano &#8220;Ultra&#8221;<\/h2>\n\n\n\n<p>No in\u00edcio de 2026, o GTO Wizard introduziu o plano <strong>Ultra<\/strong>, desenvolvido para profissionais de high stakes e usu\u00e1rios avan\u00e7ados que precisam de mais do que apenas uma biblioteca pr\u00e9-resolvida. Esse plano integra oficialmente o poderoso <strong>Multiway AI Solver<\/strong> diretamente na interface.<\/p>\n\n\n\n<p><strong>Principais recursos do Ultra:<\/strong><\/p>\n\n\n\n<ul class=\"wp-block-list\">\n<li><strong>Resolu\u00e7\u00e3o ilimitada de spots multiway pr\u00e9-flop:<\/strong> Resolva qualquer situa\u00e7\u00e3o com at\u00e9 9 jogadores do zero. Voc\u00ea pode personalizar profundidade de stacks, antes e tamanhos de apostas para cada jogador.<\/li>\n\n\n\n<li><strong>Resolu\u00e7\u00e3o multiway p\u00f3s-flop:<\/strong> Acesse solu\u00e7\u00f5es para potes p\u00f3s-flop com 3 jogadores, com total personaliza\u00e7\u00e3o via IA.<\/li>\n\n\n\n<li><strong>1500 Power Credits por m\u00eas:<\/strong> Usados para gerar Aggregated Reports avan\u00e7ados e subconjuntos personalizados de flops.<\/li>\n<\/ul>\n\n\n\n<p>O pre\u00e7o do plano Ultra come\u00e7a em <strong>$206\/m\u00eas<\/strong> (incluindo desconto do plano anual e nosso desconto exclusivo de 10%).<\/p>\n\n\n\n<h2 class=\"wp-block-heading\">Perguntas frequentes sobre o GTO Wizard<\/h2>\n\n\n\n<h3 class=\"wp-block-heading\">\u00c9 preciso pagar para usar o GTO Wizard?<\/h3>\n\n\n\n<p>O GTO Wizard possui uma vers\u00e3o gratuita, por\u00e9m ela \u00e9 bastante limitada em funcionalidades. Para usar todos os recursos incr\u00edveis que o app oferece, voc\u00ea precisar\u00e1 comprar uma das op\u00e7\u00f5es de assinatura paga.<\/p>\n\n\n\n<h3 class=\"wp-block-heading\">O GTO Wizard \u00e9 bom?<\/h3>\n\n\n\n<p>Sim, o GTO Wizard \u00e9 um app de poker confi\u00e1vel e bem testado, aprovado por jogadores e coaches profissionais. \u00c9 uma ferramenta essencial para qualquer jogador de poker estudar e praticar GTO.<\/p>\n\n\n\n<h3 class=\"wp-block-heading\">\u00c9 poss\u00edvel baixar o GTO Wizard?<\/h3>\n\n\n\n<p>N\u00e3o. \u00c9 um aplicativo baseado em navegador. Voc\u00ea s\u00f3 pode us\u00e1-lo no browser, sem precisar baixar nada no seu PC. Voc\u00ea pode entrar no app a qualquer momento a partir de qualquer dispositivo, pois todos os dados ficam armazenados nos servidores do GTO Wizard.<\/p>\n","protected":false},"excerpt":{"rendered":"<p>GTO Wizard \u00e9 o melhor app de treinamento de GTO e um dos melhores softwares de poker no geral. Ele \u00e9 amplamente utilizado por jogadores de poker de todos os n\u00edveis para aprimorar seus conhecimentos de GTO. Voc\u00ea pode saber mais sobre os recursos do GTO Wizard em nossa an\u00e1lise. Muitas pessoas t\u00eam d\u00favidas sobre &hellip; <a href=\"https:\/\/hand2noteguide.com\/pt\/poker\/poker-gto\/gto-wizard-review\/gto-wizard-price\/\" class=\"more-link\">Continue reading <span class=\"screen-reader-text\">Pre\u00e7o do GTO Wizard \ud83d\udcb0: quanto custa o melhor app de GTO?<\/span><\/a><\/p>\n","protected":false},"author":1,"featured_media":0,"parent":6182,"menu_order":0,"comment_status":"closed","ping_status":"closed","template":"","meta":{"footnotes":""},"class_list":["post-7498","page","type-page","status-publish","hentry"],"translation":{"provider":"WPGlobus","version":"3.0.2","language":"pt","enabled_languages":["en","ru","pt","zh","es","fr","de","it","ja"],"languages":{"en":{"title":true,"content":true,"excerpt":false},"ru":{"title":true,"content":true,"excerpt":false},"pt":{"title":true,"content":true,"excerpt":false},"zh":{"title":true,"content":true,"excerpt":false},"es":{"title":true,"content":true,"excerpt":false},"fr":{"title":true,"content":true,"excerpt":false},"de":{"title":true,"content":true,"excerpt":false},"it":{"title":true,"content":true,"excerpt":false},"ja":{"title":true,"content":true,"excerpt":false}}},"yoast_head":"<!-- This site is optimized with the Yoast SEO plugin v27.0 - https:\/\/yoast.com\/product\/yoast-seo-wordpress\/ -->\n<title>Pre\u00e7o do GTO Wizard \ud83d\udcb0: quanto custa o melhor app de GTO?<\/title>\n<meta name=\"description\" content=\"Descubra quanto custa o GTO Wizard, o principal app de treino de GTO para jogadores de poker. Veja os planos de assinatura e garanta o melhor pre\u00e7o com nossa oferta de desconto.\" \/>\n<meta name=\"robots\" content=\"index, follow, max-snippet:-1, max-image-preview:large, max-video-preview:-1\" \/>\n<link rel=\"canonical\" href=\"https:\/\/hand2noteguide.com\/poker\/poker-gto\/gto-wizard-review\/gto-wizard-price\/\" \/>\n<meta property=\"og:locale\" content=\"pt_PT\" \/>\n<meta property=\"og:type\" content=\"article\" \/>\n<meta property=\"og:title\" content=\"Pre\u00e7o do GTO Wizard \ud83d\udcb0: quanto custa o melhor app de GTO?\" \/>\n<meta property=\"og:description\" content=\"Descubra quanto custa o GTO Wizard, o principal app de treino de GTO para jogadores de poker. Veja os planos de assinatura e garanta o melhor pre\u00e7o com nossa oferta de desconto.\" \/>\n<meta property=\"og:url\" content=\"https:\/\/hand2noteguide.com\/poker\/poker-gto\/gto-wizard-review\/gto-wizard-price\/\" \/>\n<meta property=\"og:site_name\" content=\"Hand2Note Guide\" \/>\n<meta property=\"article:modified_time\" content=\"2026-03-11T15:38:41+00:00\" \/>\n<meta property=\"og:image\" content=\"https:\/\/hand2noteguide.com\/wp-content\/uploads\/2024\/07\/gto-wizard-price-min.png\" \/>\n\t<meta property=\"og:image:width\" content=\"2246\" \/>\n\t<meta property=\"og:image:height\" content=\"1551\" \/>\n\t<meta property=\"og:image:type\" content=\"image\/png\" \/>\n<meta name=\"twitter:card\" content=\"summary_large_image\" \/>\n<meta name=\"twitter:label1\" content=\"Est. reading time\" \/>\n\t<meta name=\"twitter:data1\" content=\"4 minutes\" \/>\n<!-- \/ Yoast SEO plugin. -->","yoast_head_json":{"title":"Pre\u00e7o do GTO Wizard \ud83d\udcb0: quanto custa o melhor app de GTO?","description":"Descubra quanto custa o GTO Wizard, o principal app de treino de GTO para jogadores de poker. Veja os planos de assinatura e garanta o melhor pre\u00e7o com nossa oferta de desconto.","robots":{"index":"index","follow":"follow","max-snippet":"max-snippet:-1","max-image-preview":"max-image-preview:large","max-video-preview":"max-video-preview:-1"},"canonical":"https:\/\/hand2noteguide.com\/poker\/poker-gto\/gto-wizard-review\/gto-wizard-price\/","og_locale":"pt_PT","og_type":"article","og_title":"Pre\u00e7o do GTO Wizard \ud83d\udcb0: quanto custa o melhor app de GTO?","og_description":"Descubra quanto custa o GTO Wizard, o principal app de treino de GTO para jogadores de poker. Veja os planos de assinatura e garanta o melhor pre\u00e7o com nossa oferta de desconto.","og_url":"https:\/\/hand2noteguide.com\/poker\/poker-gto\/gto-wizard-review\/gto-wizard-price\/","og_site_name":"Hand2Note Guide","article_modified_time":"2026-03-11T15:38:41+00:00","og_image":[{"width":2246,"height":1551,"url":"https:\/\/hand2noteguide.com\/wp-content\/uploads\/2024\/07\/gto-wizard-price-min.png","type":"image\/png"}],"twitter_card":"summary_large_image","twitter_misc":{"Est. reading time":"4 minutes"},"schema":{"@context":"https:\/\/schema.org","@graph":[]}},"jetpack_sharing_enabled":true,"_links":{"self":[{"href":"https:\/\/hand2noteguide.com\/pt\/wp-json\/wp\/v2\/pages\/7498","targetHints":{"allow":["GET"]}}],"collection":[{"href":"https:\/\/hand2noteguide.com\/pt\/wp-json\/wp\/v2\/pages"}],"about":[{"href":"https:\/\/hand2noteguide.com\/pt\/wp-json\/wp\/v2\/types\/page"}],"author":[{"embeddable":true,"href":"https:\/\/hand2noteguide.com\/pt\/wp-json\/wp\/v2\/users\/1"}],"replies":[{"embeddable":true,"href":"https:\/\/hand2noteguide.com\/pt\/wp-json\/wp\/v2\/comments?post=7498"}],"version-history":[{"count":67,"href":"https:\/\/hand2noteguide.com\/pt\/wp-json\/wp\/v2\/pages\/7498\/revisions"}],"predecessor-version":[{"id":15848,"href":"https:\/\/hand2noteguide.com\/pt\/wp-json\/wp\/v2\/pages\/7498\/revisions\/15848"}],"up":[{"embeddable":true,"href":"https:\/\/hand2noteguide.com\/pt\/wp-json\/wp\/v2\/pages\/6182"}],"wp:attachment":[{"href":"https:\/\/hand2noteguide.com\/pt\/wp-json\/wp\/v2\/media?parent=7498"}],"curies":[{"name":"wp","href":"https:\/\/api.w.org\/{rel}","templated":true}]}}