{"id":76,"date":"2018-07-30T00:45:18","date_gmt":"2018-07-29T21:45:18","guid":{"rendered":"https:\/\/h2n312.wordpress.com\/?page_id=76"},"modified":"2026-03-26T20:22:03","modified_gmt":"2026-03-26T17:22:03","slug":"promo","status":"publish","type":"page","link":"https:\/\/hand2noteguide.com\/pt\/promo\/","title":{"rendered":"C\u00f3digo promocional GUIDE10: 10% de desconto e HUDs b\u00f4nus"},"content":{"rendered":"\n<p><span style=\"font-size: inherit\">Use o<\/span><strong style=\"font-size: inherit\"> c\u00f3digo promocional GUIDE10<\/strong> <span style=\"font-size: inherit\">ao adquirir uma assinatura do <\/span><a href=\"https:\/\/hand2note.com\/pt\/\" target=\"_blank\" rel=\"noreferrer noopener\">Hand2Note<\/a><span style=\"font-size: inherit\"> para obter um desconto instant\u00e2neo de 10%. <\/span>Voc\u00ea s\u00f3 precisa inserir o cupom em um campo especial na p\u00e1gina de compra. O pre\u00e7o ser\u00e1 recalculado imediatamente.<\/p>\n\n\n\n<p>Nosso c\u00f3digo funciona para as vers\u00f5es Hand2Note 3 e Hand2Note 4!<\/p>\n\n\n\n<figure class=\"wp-block-image size-large\"><img loading=\"lazy\" decoding=\"async\" width=\"1024\" height=\"802\" src=\"https:\/\/hand2noteguide.com\/wp-content\/uploads\/2026\/03\/hand2note-promo-code-1024x802.webp\" alt=\"Hand2Note Promo Code\" class=\"wp-image-15993\" srcset=\"https:\/\/hand2noteguide.com\/wp-content\/uploads\/2026\/03\/hand2note-promo-code-1024x802.webp 1024w, https:\/\/hand2noteguide.com\/wp-content\/uploads\/2026\/03\/hand2note-promo-code-300x235.webp 300w, https:\/\/hand2noteguide.com\/wp-content\/uploads\/2026\/03\/hand2note-promo-code-768x601.webp 768w, https:\/\/hand2noteguide.com\/wp-content\/uploads\/2026\/03\/hand2note-promo-code-1536x1203.webp 1536w, https:\/\/hand2noteguide.com\/wp-content\/uploads\/2026\/03\/hand2note-promo-code-2048x1604.webp 2048w, https:\/\/hand2noteguide.com\/wp-content\/uploads\/2026\/03\/hand2note-promo-code-772x605.webp 772w\" sizes=\"auto, (max-width: 1024px) 100vw, 1024px\" \/><figcaption class=\"wp-element-caption\">Insira o c\u00f3digo promocional para obter um desconto no Hand2Note<\/figcaption><\/figure>\n\n\n\n\n<h2 class=\"wp-block-heading\"><strong>Como usar o c\u00f3digo promocional GUIDE10<\/strong><\/h2>\n\n\n\n<ol class=\"wp-block-list\" start=\"1\">\n<li>Abra a p\u00e1gina oficial de compra do Hand2Note<\/li>\n\n\n\n<li>Escolha seu plano (Learner ou Pro)<\/li>\n\n\n\n<li>Insira GUIDE10 no campo de c\u00f3digo promocional no checkout<\/li>\n\n\n\n<li>O desconto de 10% \u00e9 aplicado instantaneamente<\/li>\n\n\n\n<li>Complete o pagamento e comece a usar o Hand2Note<\/li>\n<\/ol>\n\n\n<div class=\"wp-block-h2n-alert h2n-alert h2n-alert--info\"><div class=\"h2n-alert__icon\" aria-hidden=\"true\"><svg width=\"22\" height=\"22\" viewBox=\"0 0 24 24\" fill=\"none\" stroke=\"currentColor\" stroke-width=\"2\" stroke-linecap=\"round\" stroke-linejoin=\"round\"><circle cx=\"12\" cy=\"12\" r=\"10\"\/><line x1=\"12\" y1=\"16\" x2=\"12\" y2=\"12\"\/><circle cx=\"12\" cy=\"8\" r=\"1\" fill=\"currentColor\" stroke=\"none\"\/><\/svg><\/div><div class=\"h2n-alert__content\">O c\u00f3digo promocional pode ser combinado com o desconto anual oficial (25%), tornando a licen\u00e7a anual a op\u00e7\u00e3o de melhor valor.<\/div><\/div>\n\n\n<h2 class=\"wp-block-heading\">HUDs extras e curso em v\u00eddeo inclu\u00eddos!<\/h2>\n\n\n\n<p>Voc\u00ea obt\u00e9m mais do que apenas um desconto. Nosso pacote b\u00f4nus inclui:<\/p>\n\n\n\n<h3 class=\"wp-block-heading\"><strong>HUDs profissionais<\/strong><\/h3>\n\n\n\n<p>Oferecemos a voc\u00ea <a href=\"https:\/\/hand2noteguide.com\/pt\/hud-store\/simple-cash\/\">Simple Cash<\/a>, <a href=\"https:\/\/hand2noteguide.com\/pt\/cosmos-free-mtt-hud\/\">Cosmos MTT<\/a>, <a href=\"https:\/\/www.hudstore.poker\/products\/cosmos-spins\" target=\"_blank\" rel=\"noreferrer noopener\">Cosmos Spins<\/a>, e <a href=\"https:\/\/hand2noteguide.com\/pt\/hud-store\/simple-cash-pack-for-free\/\">outros 4 conjuntos de HUD &amp; popup<\/a> gratuitamente por 1 ano! Nosso conjunto de HUDs cobre todos os tipos de jogos (Cash, MTT, Spin&amp;Go) e \u00e9 bem adequado tanto para uso em jogo quanto para an\u00e1lise fora das mesas.<\/p>\n\n\n\n<figure class=\"wp-block-gallery has-nested-images columns-3 is-cropped wp-block-gallery-1 is-layout-flex wp-block-gallery-is-layout-flex\">\n<figure class=\"wp-block-image size-large\"><img loading=\"lazy\" decoding=\"async\" width=\"1024\" height=\"737\" data-id=\"8874\" src=\"https:\/\/hand2noteguide.com\/wp-content\/uploads\/2025\/02\/1-simple-cash-1024x737.webp\" alt=\"simple cash hand2note hud\" class=\"wp-image-8874\" srcset=\"https:\/\/hand2noteguide.com\/wp-content\/uploads\/2025\/02\/1-simple-cash-1024x737.webp 1024w, https:\/\/hand2noteguide.com\/wp-content\/uploads\/2025\/02\/1-simple-cash-300x216.webp 300w, https:\/\/hand2noteguide.com\/wp-content\/uploads\/2025\/02\/1-simple-cash-768x552.webp 768w, https:\/\/hand2noteguide.com\/wp-content\/uploads\/2025\/02\/1-simple-cash-1536x1105.webp 1536w, https:\/\/hand2noteguide.com\/wp-content\/uploads\/2025\/02\/1-simple-cash-772x555.webp 772w, https:\/\/hand2noteguide.com\/wp-content\/uploads\/2025\/02\/1-simple-cash-624x449.webp 624w, https:\/\/hand2noteguide.com\/wp-content\/uploads\/2025\/02\/1-simple-cash.webp 1607w\" sizes=\"auto, (max-width: 1024px) 100vw, 1024px\" \/><\/figure>\n\n\n\n<figure class=\"wp-block-image size-large\"><img loading=\"lazy\" decoding=\"async\" width=\"1024\" height=\"728\" data-id=\"8875\" src=\"https:\/\/hand2noteguide.com\/wp-content\/uploads\/2025\/02\/2-cosmos-mtt-1024x728.webp\" alt=\"cosmos mtt hand2note hud\" class=\"wp-image-8875\" srcset=\"https:\/\/hand2noteguide.com\/wp-content\/uploads\/2025\/02\/2-cosmos-mtt-1024x728.webp 1024w, https:\/\/hand2noteguide.com\/wp-content\/uploads\/2025\/02\/2-cosmos-mtt-300x213.webp 300w, https:\/\/hand2noteguide.com\/wp-content\/uploads\/2025\/02\/2-cosmos-mtt-768x546.webp 768w, https:\/\/hand2noteguide.com\/wp-content\/uploads\/2025\/02\/2-cosmos-mtt-1536x1093.webp 1536w, https:\/\/hand2noteguide.com\/wp-content\/uploads\/2025\/02\/2-cosmos-mtt-772x549.webp 772w, https:\/\/hand2noteguide.com\/wp-content\/uploads\/2025\/02\/2-cosmos-mtt-624x444.webp 624w, https:\/\/hand2noteguide.com\/wp-content\/uploads\/2025\/02\/2-cosmos-mtt.webp 1590w\" sizes=\"auto, (max-width: 1024px) 100vw, 1024px\" \/><\/figure>\n\n\n\n<figure class=\"wp-block-image size-large\"><img loading=\"lazy\" decoding=\"async\" width=\"1024\" height=\"615\" data-id=\"8876\" src=\"https:\/\/hand2noteguide.com\/wp-content\/uploads\/2025\/02\/3-cosmos-spins-1024x615.webp\" alt=\"cosmos spins hand2note hud\" class=\"wp-image-8876\" srcset=\"https:\/\/hand2noteguide.com\/wp-content\/uploads\/2025\/02\/3-cosmos-spins-1024x615.webp 1024w, https:\/\/hand2noteguide.com\/wp-content\/uploads\/2025\/02\/3-cosmos-spins-300x180.webp 300w, https:\/\/hand2noteguide.com\/wp-content\/uploads\/2025\/02\/3-cosmos-spins-768x461.webp 768w, https:\/\/hand2noteguide.com\/wp-content\/uploads\/2025\/02\/3-cosmos-spins-772x464.webp 772w, https:\/\/hand2noteguide.com\/wp-content\/uploads\/2025\/02\/3-cosmos-spins-624x375.webp 624w, https:\/\/hand2noteguide.com\/wp-content\/uploads\/2025\/02\/3-cosmos-spins.webp 1224w\" sizes=\"auto, (max-width: 1024px) 100vw, 1024px\" \/><\/figure>\n\n\n\n<figure class=\"wp-block-image size-large\"><img loading=\"lazy\" decoding=\"async\" width=\"1024\" height=\"735\" data-id=\"8877\" src=\"https:\/\/hand2noteguide.com\/wp-content\/uploads\/2025\/02\/4-procash-1024x735.webp\" alt=\"pro cash hand2note hud\" class=\"wp-image-8877\" srcset=\"https:\/\/hand2noteguide.com\/wp-content\/uploads\/2025\/02\/4-procash-1024x735.webp 1024w, https:\/\/hand2noteguide.com\/wp-content\/uploads\/2025\/02\/4-procash-300x215.webp 300w, https:\/\/hand2noteguide.com\/wp-content\/uploads\/2025\/02\/4-procash-768x551.webp 768w, https:\/\/hand2noteguide.com\/wp-content\/uploads\/2025\/02\/4-procash-1536x1102.webp 1536w, https:\/\/hand2noteguide.com\/wp-content\/uploads\/2025\/02\/4-procash-772x554.webp 772w, https:\/\/hand2noteguide.com\/wp-content\/uploads\/2025\/02\/4-procash-624x448.webp 624w, https:\/\/hand2noteguide.com\/wp-content\/uploads\/2025\/02\/4-procash.webp 1557w\" sizes=\"auto, (max-width: 1024px) 100vw, 1024px\" \/><\/figure>\n\n\n\n<figure class=\"wp-block-image size-large\"><img loading=\"lazy\" decoding=\"async\" width=\"1024\" height=\"732\" data-id=\"8878\" src=\"https:\/\/hand2noteguide.com\/wp-content\/uploads\/2025\/02\/5-perfectcash-1024x732.webp\" alt=\"perfect cash hand2note hud\" class=\"wp-image-8878\" srcset=\"https:\/\/hand2noteguide.com\/wp-content\/uploads\/2025\/02\/5-perfectcash-1024x732.webp 1024w, https:\/\/hand2noteguide.com\/wp-content\/uploads\/2025\/02\/5-perfectcash-300x215.webp 300w, https:\/\/hand2noteguide.com\/wp-content\/uploads\/2025\/02\/5-perfectcash-768x549.webp 768w, https:\/\/hand2noteguide.com\/wp-content\/uploads\/2025\/02\/5-perfectcash-1536x1099.webp 1536w, https:\/\/hand2noteguide.com\/wp-content\/uploads\/2025\/02\/5-perfectcash-772x552.webp 772w, https:\/\/hand2noteguide.com\/wp-content\/uploads\/2025\/02\/5-perfectcash-624x446.webp 624w, https:\/\/hand2noteguide.com\/wp-content\/uploads\/2025\/02\/5-perfectcash.webp 1577w\" sizes=\"auto, (max-width: 1024px) 100vw, 1024px\" \/><\/figure>\n\n\n\n<figure class=\"wp-block-image size-large\"><img loading=\"lazy\" decoding=\"async\" width=\"1024\" height=\"571\" data-id=\"8879\" src=\"https:\/\/hand2noteguide.com\/wp-content\/uploads\/2025\/02\/6-cosmos-sixplus-1024x571.webp\" alt=\"Hand2Note Cosmos 6+ HUD\" class=\"wp-image-8879\" srcset=\"https:\/\/hand2noteguide.com\/wp-content\/uploads\/2025\/02\/6-cosmos-sixplus-1024x571.webp 1024w, https:\/\/hand2noteguide.com\/wp-content\/uploads\/2025\/02\/6-cosmos-sixplus-300x167.webp 300w, https:\/\/hand2noteguide.com\/wp-content\/uploads\/2025\/02\/6-cosmos-sixplus-768x428.webp 768w, https:\/\/hand2noteguide.com\/wp-content\/uploads\/2025\/02\/6-cosmos-sixplus-772x430.webp 772w, https:\/\/hand2noteguide.com\/wp-content\/uploads\/2025\/02\/6-cosmos-sixplus-624x348.webp 624w, https:\/\/hand2noteguide.com\/wp-content\/uploads\/2025\/02\/6-cosmos-sixplus.webp 1112w\" sizes=\"auto, (max-width: 1024px) 100vw, 1024px\" \/><\/figure>\n\n\n\n<figure class=\"wp-block-image size-large\"><img loading=\"lazy\" decoding=\"async\" width=\"1024\" height=\"613\" data-id=\"8880\" src=\"https:\/\/hand2noteguide.com\/wp-content\/uploads\/2025\/02\/7-SimpleResearch-1024x613.webp\" alt=\"Simple Research hand2note popups\" class=\"wp-image-8880\" srcset=\"https:\/\/hand2noteguide.com\/wp-content\/uploads\/2025\/02\/7-SimpleResearch-1024x613.webp 1024w, https:\/\/hand2noteguide.com\/wp-content\/uploads\/2025\/02\/7-SimpleResearch-300x180.webp 300w, https:\/\/hand2noteguide.com\/wp-content\/uploads\/2025\/02\/7-SimpleResearch-768x460.webp 768w, https:\/\/hand2noteguide.com\/wp-content\/uploads\/2025\/02\/7-SimpleResearch-1536x919.webp 1536w, https:\/\/hand2noteguide.com\/wp-content\/uploads\/2025\/02\/7-SimpleResearch-2048x1226.webp 2048w, https:\/\/hand2noteguide.com\/wp-content\/uploads\/2025\/02\/7-SimpleResearch-772x462.webp 772w, https:\/\/hand2noteguide.com\/wp-content\/uploads\/2025\/02\/7-SimpleResearch-624x373.webp 624w\" sizes=\"auto, (max-width: 1024px) 100vw, 1024px\" \/><\/figure>\n<\/figure>\n\n\n\n<h3 class=\"wp-block-heading\">Curso em v\u00eddeo<\/h3>\n\n\n\n<p><a href=\"https:\/\/hand2noteguide.com\/pt\/video-course\/\">Curso em v\u00eddeo do Hand2Note<\/a> por Nick Korolev guia voc\u00ea passo a passo no uso do Hand2Note \u2013 desde a configura\u00e7\u00e3o b\u00e1sica e lan\u00e7amento do seu primeiro HUD at\u00e9 o uso avan\u00e7ado de todas as fun\u00e7\u00f5es principais, tanto nas mesas quanto fora delas. Ajuda voc\u00ea a aprender o software mais r\u00e1pido e a usar o Hand2Note de forma completa e eficaz no seu jogo.<\/p>\n\n\n\n<h2 class=\"wp-block-heading\">Como reivindicar meus b\u00f4nus?<\/h2>\n\n\n\n<p>Ap\u00f3s comprar o Hand2Note com o c\u00f3digo promocional GUIDE10, voc\u00ea receber\u00e1 um e-mail com todos os HUDs e instru\u00e7\u00f5es simples sobre como instal\u00e1-los no Hand2Note.<\/p>\n\n\n\n<div id=\"promo-does-not-work\"><\/div>\n\n\n\n<p>Para ter acesso ao curso em v\u00eddeo, <a href=\"https:\/\/courses.poker\/sign_up\" target=\"_blank\" rel=\"noreferrer noopener\">crie uma conta em courses.poker<\/a> com o mesmo e-mail que voc\u00ea usou para a compra do Hand2Note. O acesso a todos os v\u00eddeos ser\u00e1 concedido em at\u00e9 24 horas.<\/p>\n\n\n\n<h2 class=\"wp-block-heading\">E se o c\u00f3digo promocional n\u00e3o estiver funcionando?<\/h2>\n\n\n\n<p>Nosso c\u00f3digo promocional \u00e9 sempre v\u00e1lido. Se ele n\u00e3o for aplicado no checkout, o motivo mais comum \u00e9 que sua conta Hand2Note j\u00e1 teve compras anteriores. De acordo com a pol\u00edtica do Hand2Note, <strong>os c\u00f3digos promocionais se aplicam apenas \u00e0 primeira compra<\/strong>.<\/p>\n\n\n\n<h2 class=\"wp-block-heading\">Por que devo comprar o Hand2Note?<\/h2>\n\n\n\n<p>O Hand2Note \u00e9 o software de rastreamento e an\u00e1lise de poker mais poderoso e avan\u00e7ado do mercado. Ele oferece uma ampla gama de ferramentas para jogadores de poker de qualquer n\u00edvel. Seja voc\u00ea um jogador regular experiente ou apenas um iniciante, encontrar\u00e1 muitas fun\u00e7\u00f5es \u00fateis no Hand2Note. Ele ajudar\u00e1 voc\u00ea a analisar seu jogo, extrair o m\u00e1ximo valor de suas linhas e explorar seus oponentes de forma eficaz.<\/p>\n\n\n\n<p>Leia <a href=\"https:\/\/hand2noteguide.com\/pt\/why-hand2note\/\">nosso material<\/a> sobre por que voc\u00ea deve usar o Hand2Note em vez do Holdem Manager ou Poker Tracker.<\/p>\n\n\n\n<p>Confira tamb\u00e9m a <a href=\"https:\/\/hand2note.com\/pt\/Help\/hand2note-vs-other-tools\" target=\"_blank\" rel=\"noreferrer noopener\">compara\u00e7\u00e3o detalhada entre Hand2Note, Holdem Manager 3 e Poker Tracker 4<\/a> no site oficial do Hand2Note.<\/p>\n\n\n\n<p>O Hand2Note suporta a maioria das principais salas de poker e formatos, incluindo Cash Games, MTTs e Spin &amp; Go, tornando-o uma ferramenta poderosa para melhoria a longo prazo.<\/p>\n\n\n\n<h2 class=\"wp-block-heading\">Qual plano do Hand2Note voc\u00ea deve escolher?<\/h2>\n\n\n\n<p>O Hand2Note oferece dois planos pagos principais \u2013 <strong>Learner<\/strong> e <strong>Pro<\/strong>.<\/p>\n\n\n\n<p>Ambos os planos funcionam em todos os sites de poker e formatos, mas s\u00e3o projetados para diferentes objetivos e n\u00edveis de experi\u00eancia. Abaixo est\u00e1 uma explica\u00e7\u00e3o simples para ajud\u00e1-lo a escolher a op\u00e7\u00e3o certa.<\/p>\n\n\n\n<h3 class=\"wp-block-heading\">Learner<\/h3>\n\n\n\n<p>O plano Learner \u00e9 projetado para jogadores que est\u00e3o come\u00e7ando com software de rastreamento de poker ou jogando em <strong>micro stakes<\/strong>. Ele oferece acesso \u00e0 maioria das funcionalidades do Hand2Note, incluindo HUDs e relat\u00f3rios b\u00e1sicos, mas com algumas limita\u00e7\u00f5es.<\/p>\n\n\n\n<h4 class=\"wp-block-heading\"><strong>O que voc\u00ea obt\u00e9m com o Learner:<\/strong><\/h4>\n\n\n\n<ul class=\"wp-block-list\">\n<li>Funciona em todos os sites de poker e aplicativos m\u00f3veis<\/li>\n\n\n\n<li>HUD com estat\u00edsticas em tempo real nas mesas<\/li>\n\n\n\n<li>Acesso \u00e0 maioria das funcionalidades do Hand2Note<\/li>\n\n\n\n<li>Limite de banco de dados: at\u00e9 <strong>200.000 m\u00e3os<\/strong><\/li>\n\n\n\n<li>Sem filtros personalizados em Relat\u00f3rios<\/li>\n\n\n\n<li>Limite de stakes:\n<ul class=\"wp-block-list\">\n<li>Cash Games at\u00e9 <strong>$0,25 big blind<\/strong><\/li>\n\n\n\n<li>Torneios at\u00e9 <strong>$20 + $2<\/strong><\/li>\n<\/ul>\n<\/li>\n<\/ul>\n\n\n\n<h4 class=\"wp-block-heading\">Pre\u00e7o do Learner <strong>:<\/strong><\/h4>\n\n\n\n<p>O pre\u00e7o original do plano Learner do Hand2Note \u00e9 de $15,99 por m\u00eas quando pago anualmente ou $19,99 por m\u00eas quando pago mensalmente. Com o c\u00f3digo promocional GUIDE10, voc\u00ea obt\u00e9m um desconto de 10%, reduzindo o pre\u00e7o para $14,39 por m\u00eas (anual) ou $17,99 por m\u00eas (mensal). Se voc\u00ea escolher o plano anual e usar o GUIDE10, <strong>suas<\/strong> <strong>economias totais ser\u00e3o de $19,19 <\/strong>\u2013 voc\u00ea pagar\u00e1 $172,71 em vez de $191,90.<\/p>\n\n\n\n<p>O Learner \u00e9 uma boa escolha se voc\u00ea deseja entender como funciona o software de rastreamento e melhorar passo a passo sem pagar por funcionalidades avan\u00e7adas que ainda n\u00e3o precisa.<\/p>\n\n\n\n<h3 class=\"wp-block-heading\">Pro<\/h3>\n\n\n\n<p>Melhor para jogadores com objetivos s\u00e9rios e planos de longo prazo. O plano Pro oferece <strong>acesso total<\/strong> a todas as funcionalidades do Hand2Note sem restri\u00e7\u00f5es. Esta \u00e9 a vers\u00e3o usada por jogadores regulares que desejam ter uma vantagem nas mesas.<\/p>\n\n\n\n<h4 class=\"wp-block-heading\"><strong>O que voc\u00ea obt\u00e9m com o Pro:<\/strong><\/h4>\n\n\n\n<ul class=\"wp-block-list\">\n<li>Funciona em todos os sites de poker e aplicativos m\u00f3veis<\/li>\n\n\n\n<li>Todas as funcionalidades do Hand2Note desbloqueadas<\/li>\n\n\n\n<li>Sem limites de tamanho de banco de dados<\/li>\n\n\n\n<li>Relat\u00f3rios avan\u00e7ados e filtros personalizados<\/li>\n\n\n\n<li>Ferramentas completas de an\u00e1lise de popula\u00e7\u00e3o<\/li>\n\n\n\n<li>Sem limites de stakes ou formatos<\/li>\n<\/ul>\n\n\n\n<h4 class=\"wp-block-heading\">Pre\u00e7o do Pro <strong>:<\/strong><\/h4>\n\n\n\n<p>O pre\u00e7o original do plano Pro do Hand2Note \u00e9 de $39 por m\u00eas quando pago anualmente ou $49 por m\u00eas quando pago mensalmente. Com o c\u00f3digo promocional GUIDE10, voc\u00ea obt\u00e9m um desconto de 10%, reduzindo o pre\u00e7o para $35,10 por m\u00eas (anual) ou $44,10 por m\u00eas (mensal). Se voc\u00ea escolher o plano anual e usar o GUIDE10,<strong> suas economias totais ser\u00e3o de $46,80 <\/strong>\u2013 voc\u00ea pagar\u00e1 $421,20 em vez de $468.<\/p>\n\n\n\n<p>Se voc\u00ea joga regularmente, deseja analisar grandes amostras de m\u00e3os e usar totalmente o Hand2Note tanto nas mesas quanto fora delas, <strong>o Pro \u00e9 a op\u00e7\u00e3o recomendada<\/strong>.<\/p>\n\n\n\n<h3 class=\"wp-block-heading\">Compare a economia com o c\u00f3digo GUIDE10 (1 vs 12 meses)<\/h3>\n\n\n\n<figure class=\"wp-block-table\"><table><thead><tr><th>Plano<\/th><th>Dura\u00e7\u00e3o da assinatura<\/th><th>Pre\u00e7o regular<\/th><th>Pre\u00e7o com GUIDE10<\/th><th>Voc\u00ea economiza<\/th><\/tr><\/thead><tbody><tr><td>Learner<\/td><td>1 m\u00eas<\/td><td>$19.99<\/td><td>$17.99<\/td><td>$2.00<\/td><\/tr><tr><td>Learner<\/td><td>12 meses<\/td><td>$191.90<\/td><td>$172.71<\/td><td>$19.19<\/td><\/tr><tr><td>Pro<\/td><td>1 m\u00eas<\/td><td>$49.00<\/td><td>$44.10<\/td><td>$4.90<\/td><\/tr><tr><td>Pro<\/td><td>12 meses<\/td><td>$468.00<\/td><td>$421.20<\/td><td>$46.80<\/td><\/tr><\/tbody><\/table><\/figure>\n\n\n\n<h2 class=\"wp-block-heading\">FAQ: C\u00f3digos promocionais do Hand2Note<\/h2>\n\n\n\n<p>Abaixo est\u00e3o as respostas para as perguntas mais comuns sobre os c\u00f3digos promocionais do Hand2Note.<\/p>\n\n\n\n<h3 class=\"wp-block-heading\">Qual \u00e9 o melhor c\u00f3digo promocional do Hand2Note?<\/h3>\n\n\n\n<p>O melhor c\u00f3digo promocional do Hand2Note \u00e9 <strong>GUIDE10<\/strong>. Ele oferece um desconto verificado de 10% e inclui um extenso pacote de b\u00f4nus com v\u00e1rios HUDs e um curso em v\u00eddeo.<\/p>\n\n\n\n<h3 class=\"wp-block-heading\">Como funcionam os c\u00f3digos promocionais do Hand2Note?<\/h3>\n\n\n\n<p>Os c\u00f3digos promocionais aplicam um desconto padr\u00e3o de 10% no checkout para compras de licen\u00e7a pela primeira vez. As renova\u00e7\u00f5es de licen\u00e7a s\u00e3o cobradas pelo pre\u00e7o regular.<\/p>\n\n\n\n<h3 class=\"wp-block-heading\">Os c\u00f3digos promocionais podem ser combinados com outros descontos?<\/h3>\n\n\n\n<p>Os c\u00f3digos promocionais n\u00e3o podem ser combinados entre si, mas podem ser combinados com descontos oficiais do Hand2Note, incluindo ofertas de Black Friday e o desconto anual de 25%.<\/p>\n\n\n\n<h3 class=\"wp-block-heading\">Os c\u00f3digos promocionais do Hand2Note s\u00e3o seguros?<\/h3>\n\n\n\n<p>Sim. Os c\u00f3digos promocionais leg\u00edtimos do Hand2Note s\u00e3o seguros de usar e s\u00e3o aplicados diretamente na p\u00e1gina oficial de compra do Hand2Note.<\/p>\n\n\n\n<h3 class=\"wp-block-heading\">Os c\u00f3digos promocionais incluem b\u00f4nus?<\/h3>\n\n\n\n<p>Alguns c\u00f3digos promocionais podem incluir b\u00f4nus adicionais n\u00e3o monet\u00e1rios, como HUDs ou materiais de treinamento. Entre eles, o GUIDE10 oferece o pacote de b\u00f4nus mais extenso.<\/p>\n\n\n\n<h2 class=\"wp-block-heading\">Por que confiar no Hand2Note Guide?<\/h2>\n\n\n\n<p>O Hand2Note Guide \u00e9 parceiro oficial do Hand2Note desde 2019. Promovemos apenas licen\u00e7as oficiais do Hand2Note, oferecendo descontos verificados e os melhores b\u00f4nus iniciais para jogadores. Recebemos uma comiss\u00e3o de afiliado por indicar jogadores \u2013 sem custo extra para voc\u00ea \u2013 para que todos se beneficiem.<\/p>\n\n\n\n<p>Nosso c\u00f3digo promocional GUIDE10 tamb\u00e9m \u00e9 destacado pelo mercado oficial de HUD do Hand2Note <a aria-label=\"undefined (opens in a new tab)\" href=\"https:\/\/www.hudstore.poker\/hand2note-promo-code\" target=\"_blank\" rel=\"noreferrer noopener\">Poker HUD Store<\/a> como um c\u00f3digo promocional recomendado do Hand2Note.<\/p>\n\n\n\n<h2 class=\"wp-block-heading\">Conclus\u00e3o<\/h2>\n\n\n\n<p>O Hand2Note \u00e9 uma das ferramentas de rastreamento e HUD de poker mais avan\u00e7adas dispon\u00edveis hoje e um investimento forte em qualquer est\u00e1gio da sua carreira no poker.<\/p>\n\n\n\n<p>Se voc\u00ea est\u00e1 procurando um c\u00f3digo promocional do Hand2Note, n\u00e3o h\u00e1 necessidade de complicar. <strong>GUIDE10<\/strong> \u00e9 a op\u00e7\u00e3o mais confi\u00e1vel e recomendada em 2026. \u00c9 um c\u00f3digo promocional verificado e leg\u00edtimo que oferece o desconto oficial de 10% do Hand2Note e inclui b\u00f4nus adicionais: HUDs profissionais para Cash Games, MTTs e formatos Spin &amp; Go, al\u00e9m de um curso em v\u00eddeo completo sobre como usar o Hand2Note de forma eficaz.<\/p>\n","protected":false},"excerpt":{"rendered":"<p>Use o c\u00f3digo promocional GUIDE10 ao adquirir uma assinatura do Hand2Note para obter um desconto instant\u00e2neo de 10%. Voc\u00ea s\u00f3 precisa inserir o cupom em um campo especial na p\u00e1gina de compra. O pre\u00e7o ser\u00e1 recalculado imediatamente. Nosso c\u00f3digo funciona para as vers\u00f5es Hand2Note 3 e Hand2Note 4! Como usar o c\u00f3digo promocional GUIDE10 HUDs &hellip; <a href=\"https:\/\/hand2noteguide.com\/pt\/promo\/\" class=\"more-link\">Continue reading <span class=\"screen-reader-text\">C\u00f3digo promocional GUIDE10: 10% de desconto e HUDs b\u00f4nus<\/span><\/a><\/p>\n","protected":false},"author":1,"featured_media":0,"parent":0,"menu_order":6,"comment_status":"closed","ping_status":"closed","template":"","meta":{"footnotes":""},"class_list":["post-76","page","type-page","status-publish","hentry"],"translation":{"provider":"WPGlobus","version":"3.0.2","language":"pt","enabled_languages":["en","ru","pt","zh","es","fr","de","it","ja"],"languages":{"en":{"title":true,"content":true,"excerpt":false},"ru":{"title":true,"content":true,"excerpt":false},"pt":{"title":true,"content":true,"excerpt":false},"zh":{"title":true,"content":true,"excerpt":false},"es":{"title":true,"content":true,"excerpt":false},"fr":{"title":true,"content":true,"excerpt":false},"de":{"title":true,"content":true,"excerpt":false},"it":{"title":true,"content":true,"excerpt":false},"ja":{"title":true,"content":true,"excerpt":false}}},"yoast_head":"<!-- This site is optimized with the Yoast SEO plugin v27.0 - https:\/\/yoast.com\/product\/yoast-seo-wordpress\/ -->\n<title>C\u00f3digo promocional Hand2Note 2026: 10% desconto + HUD gr\u00e1tis<\/title>\n<meta name=\"description\" content=\"Use o c\u00f3digo promocional GUIDE10 da Hand2Note para 10% de desconto na primeira compra. Inclui HUDs b\u00f4nus e curso em v\u00eddeo.\" \/>\n<meta name=\"robots\" content=\"index, follow, max-snippet:-1, max-image-preview:large, max-video-preview:-1\" \/>\n<link rel=\"canonical\" href=\"https:\/\/hand2noteguide.com\/promo\/\" \/>\n<meta property=\"og:locale\" content=\"pt_PT\" \/>\n<meta property=\"og:type\" content=\"article\" \/>\n<meta property=\"og:title\" content=\"C\u00f3digo promocional Hand2Note 2026: 10% desconto + HUD gr\u00e1tis\" \/>\n<meta property=\"og:description\" content=\"Use o c\u00f3digo promocional GUIDE10 da Hand2Note para 10% de desconto na primeira compra. Inclui HUDs b\u00f4nus e curso em v\u00eddeo.\" \/>\n<meta property=\"og:url\" content=\"https:\/\/hand2noteguide.com\/promo\/\" \/>\n<meta property=\"og:site_name\" content=\"Hand2Note Guide\" \/>\n<meta property=\"article:modified_time\" content=\"2026-03-26T17:22:03+00:00\" \/>\n<meta property=\"og:image\" content=\"https:\/\/hand2noteguide.com\/wp-content\/uploads\/2026\/03\/hand2note-promo-code.webp\" \/>\n\t<meta property=\"og:image:width\" content=\"2232\" \/>\n\t<meta property=\"og:image:height\" content=\"1748\" \/>\n\t<meta property=\"og:image:type\" content=\"image\/webp\" \/>\n<meta name=\"twitter:card\" content=\"summary_large_image\" \/>\n<meta name=\"twitter:label1\" content=\"Est. reading time\" \/>\n\t<meta name=\"twitter:data1\" content=\"8 minutes\" \/>\n<!-- \/ Yoast SEO plugin. -->","yoast_head_json":{"title":"C\u00f3digo promocional Hand2Note 2026: 10% desconto + HUD gr\u00e1tis","description":"Use o c\u00f3digo promocional GUIDE10 da Hand2Note para 10% de desconto na primeira compra. Inclui HUDs b\u00f4nus e curso em v\u00eddeo.","robots":{"index":"index","follow":"follow","max-snippet":"max-snippet:-1","max-image-preview":"max-image-preview:large","max-video-preview":"max-video-preview:-1"},"canonical":"https:\/\/hand2noteguide.com\/promo\/","og_locale":"pt_PT","og_type":"article","og_title":"C\u00f3digo promocional Hand2Note 2026: 10% desconto + HUD gr\u00e1tis","og_description":"Use o c\u00f3digo promocional GUIDE10 da Hand2Note para 10% de desconto na primeira compra. Inclui HUDs b\u00f4nus e curso em v\u00eddeo.","og_url":"https:\/\/hand2noteguide.com\/promo\/","og_site_name":"Hand2Note Guide","article_modified_time":"2026-03-26T17:22:03+00:00","og_image":[{"width":2232,"height":1748,"url":"https:\/\/hand2noteguide.com\/wp-content\/uploads\/2026\/03\/hand2note-promo-code.webp","type":"image\/webp"}],"twitter_card":"summary_large_image","twitter_misc":{"Est. reading time":"8 minutes"},"schema":{"@context":"https:\/\/schema.org","@graph":[]}},"jetpack_sharing_enabled":false,"_links":{"self":[{"href":"https:\/\/hand2noteguide.com\/pt\/wp-json\/wp\/v2\/pages\/76","targetHints":{"allow":["GET"]}}],"collection":[{"href":"https:\/\/hand2noteguide.com\/pt\/wp-json\/wp\/v2\/pages"}],"about":[{"href":"https:\/\/hand2noteguide.com\/pt\/wp-json\/wp\/v2\/types\/page"}],"author":[{"embeddable":true,"href":"https:\/\/hand2noteguide.com\/pt\/wp-json\/wp\/v2\/users\/1"}],"replies":[{"embeddable":true,"href":"https:\/\/hand2noteguide.com\/pt\/wp-json\/wp\/v2\/comments?post=76"}],"version-history":[{"count":199,"href":"https:\/\/hand2noteguide.com\/pt\/wp-json\/wp\/v2\/pages\/76\/revisions"}],"predecessor-version":[{"id":15997,"href":"https:\/\/hand2noteguide.com\/pt\/wp-json\/wp\/v2\/pages\/76\/revisions\/15997"}],"wp:attachment":[{"href":"https:\/\/hand2noteguide.com\/pt\/wp-json\/wp\/v2\/media?parent=76"}],"curies":[{"name":"wp","href":"https:\/\/api.w.org\/{rel}","templated":true}]}}