{"id":7911,"date":"2024-09-11T01:03:12","date_gmt":"2024-09-10T22:03:12","guid":{"rendered":"https:\/\/hand2noteguide.com\/?page_id=7911"},"modified":"2026-03-11T17:00:45","modified_gmt":"2026-03-11T14:00:45","slug":"poker-positions","status":"publish","type":"page","link":"https:\/\/hand2noteguide.com\/pt\/poker\/poker-positions\/","title":{"rendered":"Posi\u00e7\u00f5es no poker: nomes e import\u00e2ncia na mesa"},"content":{"rendered":"\n<p>O poker \u00e9 um jogo de mesa em que cada assento tem seu pr\u00f3prio nome ou \u201cposi\u00e7\u00e3o\u201d. A posi\u00e7\u00e3o n\u00e3o est\u00e1 ligada a um assento espec\u00edfico; em vez disso, ela \ud83d\udd52 <strong>se move no sentido hor\u00e1rio<\/strong> a cada m\u00e3o distribu\u00edda.<\/p>\n\n\n\n<p>De forma geral, as posi\u00e7\u00f5es podem ser divididas em 4 grupos principais:<\/p>\n\n\n\n<ul class=\"wp-block-list\">\n<li>\ud83d\udd35 <strong>Blinds<\/strong> (Small Blind, Big Blind);<\/li>\n\n\n\n<li><strong>\ud83d\udfe2<\/strong> <strong>Posi\u00e7\u00f5es finais<\/strong> (Button, Cutoff);<\/li>\n\n\n\n<li>\ud83d\udfe0 <strong>Posi\u00e7\u00f5es m\u00e9dias<\/strong> (Hi-Jack, Lo-Jack);<\/li>\n\n\n\n<li>\ud83d\udd34 <strong>Posi\u00e7\u00f5es iniciais<\/strong> (UTG, UTG+1, UTG+2).<\/li>\n<\/ul>\n\n\n\n<p>Dois dos formatos de mesa mais comuns no poker Texas Hold\u2019em s\u00e3o a mesa full-ring (9 posi\u00e7\u00f5es) e a mesa short-handed (6 posi\u00e7\u00f5es). Todos os nomes das posi\u00e7\u00f5es nesses formatos s\u00e3o mostrados nas imagens abaixo:<\/p>\n\n\n\n<div class=\"wp-block-jetpack-tiled-gallery aligncenter is-style-columns has-rounded-corners-5\"><div class=\"tiled-gallery__gallery\"><div class=\"tiled-gallery__row\"><div class=\"tiled-gallery__col\"><figure class=\"tiled-gallery__item\"><img decoding=\"async\" srcset=\"https:\/\/i1.wp.com\/hand2noteguide.com\/wp-content\/uploads\/2024\/09\/Short-Handed-Game-min.jpg?strip=info&#038;w=600&#038;ssl=1 600w,https:\/\/i1.wp.com\/hand2noteguide.com\/wp-content\/uploads\/2024\/09\/Short-Handed-Game-min.jpg?strip=info&#038;w=900&#038;ssl=1 900w,https:\/\/i1.wp.com\/hand2noteguide.com\/wp-content\/uploads\/2024\/09\/Short-Handed-Game-min.jpg?strip=info&#038;w=1200&#038;ssl=1 1200w,https:\/\/i1.wp.com\/hand2noteguide.com\/wp-content\/uploads\/2024\/09\/Short-Handed-Game-min.jpg?strip=info&#038;w=1500&#038;ssl=1 1500w,https:\/\/i1.wp.com\/hand2noteguide.com\/wp-content\/uploads\/2024\/09\/Short-Handed-Game-min.jpg?strip=info&#038;w=1600&#038;ssl=1 1600w\" alt=\"\" data-height=\"900\" data-id=\"7913\" data-link=\"https:\/\/hand2noteguide.com\/?attachment_id=7913\" data-url=\"https:\/\/hand2noteguide.com\/wp-content\/uploads\/2024\/09\/Short-Handed-Game-min.jpg\" data-width=\"1600\" src=\"https:\/\/i1.wp.com\/hand2noteguide.com\/wp-content\/uploads\/2024\/09\/Short-Handed-Game-min.jpg?ssl=1\" \/><\/figure><\/div><div class=\"tiled-gallery__col\"><figure class=\"tiled-gallery__item\"><img decoding=\"async\" srcset=\"https:\/\/i0.wp.com\/hand2noteguide.com\/wp-content\/uploads\/2024\/09\/Full-Ring-Game-min.jpg?strip=info&#038;w=600&#038;ssl=1 600w,https:\/\/i0.wp.com\/hand2noteguide.com\/wp-content\/uploads\/2024\/09\/Full-Ring-Game-min.jpg?strip=info&#038;w=900&#038;ssl=1 900w,https:\/\/i0.wp.com\/hand2noteguide.com\/wp-content\/uploads\/2024\/09\/Full-Ring-Game-min.jpg?strip=info&#038;w=1200&#038;ssl=1 1200w,https:\/\/i0.wp.com\/hand2noteguide.com\/wp-content\/uploads\/2024\/09\/Full-Ring-Game-min.jpg?strip=info&#038;w=1500&#038;ssl=1 1500w,https:\/\/i0.wp.com\/hand2noteguide.com\/wp-content\/uploads\/2024\/09\/Full-Ring-Game-min.jpg?strip=info&#038;w=1600&#038;ssl=1 1600w\" alt=\"\" data-height=\"900\" data-id=\"7914\" data-link=\"https:\/\/hand2noteguide.com\/?attachment_id=7914\" data-url=\"https:\/\/hand2noteguide.com\/wp-content\/uploads\/2024\/09\/Full-Ring-Game-min.jpg\" data-width=\"1600\" src=\"https:\/\/i0.wp.com\/hand2noteguide.com\/wp-content\/uploads\/2024\/09\/Full-Ring-Game-min.jpg?ssl=1\" \/><\/figure><\/div><\/div><\/div><\/div>\n\n\n\n<h2 class=\"wp-block-heading\">Conceito de estar em posi\u00e7\u00e3o \/ fora de posi\u00e7\u00e3o no poker<\/h2>\n\n\n\n<p>Antes de avan\u00e7armos na descri\u00e7\u00e3o das posi\u00e7\u00f5es no poker, \u00e9 fundamental entender o que significa estar \u201cem posi\u00e7\u00e3o\u201d no poker. Se o jogador A est\u00e1 em posi\u00e7\u00e3o em rela\u00e7\u00e3o ao jogador B, podemos assumir o seguinte:<\/p>\n\n\n\n<ul class=\"wp-block-list\">\n<li>O jogador A est\u00e1 sentado \u00e0 <strong>direita<\/strong> do jogador B;<\/li>\n\n\n\n<li>O jogador A tomar\u00e1 sua decis\u00e3o <strong>depois<\/strong> do jogador B tanto no pr\u00e9-flop quanto no p\u00f3s-flop.<\/li>\n<\/ul>\n\n\n\n<p>Um jogador em posi\u00e7\u00e3o <strong>recebe mais informa\u00e7\u00f5es<\/strong> sobre a <a href=\"\/pt\/poker\/poker-hand-rankings\/\"><strong>for\u00e7a das m\u00e3os<\/strong><\/a> dos jogadores que agem antes dele, com base nas <a href=\"\/pt\/poker\/poker-actions\/\"><strong>a\u00e7\u00f5es que eles realizam<\/strong><\/a>. O jogador A, ap\u00f3s receber informa\u00e7\u00f5es dos advers\u00e1rios, pode ajustar sua estrat\u00e9gia com mais facilidade.<\/p>\n\n\n\n<div class=\"green-block\">\n<p style=\"margin-bottom:0\">\u261d\ufe0f Estar em posi\u00e7\u00e3o \u00e9 a situa\u00e7\u00e3o mais vantajosa no poker. Jogadores fortes usam a vantagem de posi\u00e7\u00e3o em sua estrat\u00e9gia e jogam ranges mais amplos nas posi\u00e7\u00f5es finais.<\/p>\n<\/div>\n\n\n\n<h2 class=\"wp-block-heading\">Posi\u00e7\u00e3o inicial (EP)<\/h2>\n\n\n\n<figure class=\"wp-block-image size-large\"><img loading=\"lazy\" decoding=\"async\" width=\"1024\" height=\"576\" src=\"http:\/\/hand2noteguide.com\/wp-content\/uploads\/2024\/09\/Early-Position-min-1024x576.jpg\" alt=\"Posi\u00e7\u00e3o inicial no poker\" class=\"wp-image-7905\" srcset=\"https:\/\/hand2noteguide.com\/wp-content\/uploads\/2024\/09\/Early-Position-min-1024x576.jpg 1024w, https:\/\/hand2noteguide.com\/wp-content\/uploads\/2024\/09\/Early-Position-min-300x169.jpg 300w, https:\/\/hand2noteguide.com\/wp-content\/uploads\/2024\/09\/Early-Position-min-768x432.jpg 768w, https:\/\/hand2noteguide.com\/wp-content\/uploads\/2024\/09\/Early-Position-min-1536x864.jpg 1536w, https:\/\/hand2noteguide.com\/wp-content\/uploads\/2024\/09\/Early-Position-min-772x434.jpg 772w, https:\/\/hand2noteguide.com\/wp-content\/uploads\/2024\/09\/Early-Position-min-624x351.jpg 624w, https:\/\/hand2noteguide.com\/wp-content\/uploads\/2024\/09\/Early-Position-min.jpg 1600w\" sizes=\"auto, (max-width: 1024px) 100vw, 1024px\" \/><\/figure>\n\n\n\n<p>Os jogadores sentados em <strong>Under The Gun<\/strong> (<strong>UTG, UTG+1, UTG+2<\/strong>) iniciam a a\u00e7\u00e3o no pr\u00e9-flop. Por isso, essas posi\u00e7\u00f5es s\u00e3o agrupadas como <strong>posi\u00e7\u00f5es iniciais<\/strong> (EP). As posi\u00e7\u00f5es iniciais costumam ser dif\u00edceis de jogar, porque o jogador n\u00e3o tem informa\u00e7\u00f5es sobre os outros jogadores nem sobre o que eles far\u00e3o. Levando isso em conta, o range de open-raise a partir de EP deve ser bem estreito.<\/p>\n\n\n\n<h2 class=\"wp-block-heading\">Posi\u00e7\u00e3o m\u00e9dia (MP)<\/h2>\n\n\n\n<figure class=\"wp-block-image size-large\"><img loading=\"lazy\" decoding=\"async\" width=\"1024\" height=\"576\" src=\"https:\/\/hand2noteguide.com\/wp-content\/uploads\/2024\/09\/Middle-Position-min-1-1024x576.jpg\" alt=\"Posi\u00e7\u00e3o m\u00e9dia no poker\" class=\"wp-image-7922\" srcset=\"https:\/\/hand2noteguide.com\/wp-content\/uploads\/2024\/09\/Middle-Position-min-1-1024x576.jpg 1024w, https:\/\/hand2noteguide.com\/wp-content\/uploads\/2024\/09\/Middle-Position-min-1-300x169.jpg 300w, https:\/\/hand2noteguide.com\/wp-content\/uploads\/2024\/09\/Middle-Position-min-1-768x432.jpg 768w, https:\/\/hand2noteguide.com\/wp-content\/uploads\/2024\/09\/Middle-Position-min-1-1536x864.jpg 1536w, https:\/\/hand2noteguide.com\/wp-content\/uploads\/2024\/09\/Middle-Position-min-1-772x434.jpg 772w, https:\/\/hand2noteguide.com\/wp-content\/uploads\/2024\/09\/Middle-Position-min-1-624x351.jpg 624w, https:\/\/hand2noteguide.com\/wp-content\/uploads\/2024\/09\/Middle-Position-min-1.jpg 1600w\" sizes=\"auto, (max-width: 1024px) 100vw, 1024px\" \/><\/figure>\n\n\n\n<p>Ap\u00f3s as posi\u00e7\u00f5es iniciais v\u00eam o <strong>LoJack<\/strong> (<strong>LJ<\/strong>) e o <strong>HiJack<\/strong> (<strong>HJ<\/strong>)<strong>,<\/strong> conhecidos como <strong>posi\u00e7\u00f5es m\u00e9dias<\/strong> (<strong>MP<\/strong>). Eles agem entre as posi\u00e7\u00f5es iniciais e as posi\u00e7\u00f5es finais. Um jogador sentado no <strong>LJ<\/strong> ainda precisa ter cuidado com seu range de VPIP, j\u00e1 que ainda h\u00e1 5 jogadores para agir depois dele. J\u00e1 o jogador no <strong>HJ<\/strong>, tendo recebido informa\u00e7\u00f5es sobre os jogadores em EP, pode come\u00e7ar a adicionar algumas m\u00e3os mais criativas ao seu range de abertura para roubar os blinds.<\/p>\n\n\n\n<h2 class=\"wp-block-heading\">Posi\u00e7\u00e3o final<\/h2>\n\n\n\n<h3 class=\"wp-block-heading\">Cutoff (CO)<\/h3>\n\n\n\n<figure class=\"wp-block-image size-large\"><img loading=\"lazy\" decoding=\"async\" width=\"1024\" height=\"576\" src=\"http:\/\/hand2noteguide.com\/wp-content\/uploads\/2024\/09\/Cutoff-min-1024x576.jpg\" alt=\"Posi\u00e7\u00e3o Cutoff\" class=\"wp-image-7908\" srcset=\"https:\/\/hand2noteguide.com\/wp-content\/uploads\/2024\/09\/Cutoff-min-1024x576.jpg 1024w, https:\/\/hand2noteguide.com\/wp-content\/uploads\/2024\/09\/Cutoff-min-300x169.jpg 300w, https:\/\/hand2noteguide.com\/wp-content\/uploads\/2024\/09\/Cutoff-min-768x432.jpg 768w, https:\/\/hand2noteguide.com\/wp-content\/uploads\/2024\/09\/Cutoff-min-1536x864.jpg 1536w, https:\/\/hand2noteguide.com\/wp-content\/uploads\/2024\/09\/Cutoff-min-772x434.jpg 772w, https:\/\/hand2noteguide.com\/wp-content\/uploads\/2024\/09\/Cutoff-min-624x351.jpg 624w, https:\/\/hand2noteguide.com\/wp-content\/uploads\/2024\/09\/Cutoff-min.jpg 1600w\" sizes=\"auto, (max-width: 1024px) 100vw, 1024px\" \/><\/figure>\n\n\n\n<p>O Cutoff age tarde no pr\u00e9-flop. A partir dessa posi\u00e7\u00e3o, o jogador deve come\u00e7ar a roubar os blinds de forma agressiva, pois resta apenas um oponente em posi\u00e7\u00e3o. E se voc\u00ea conseguir fazer o BTN desistir, ficar\u00e1 em posi\u00e7\u00e3o contra os blinds durante toda a m\u00e3o.<\/p>\n\n\n\n<h3 class=\"wp-block-heading\">Button (BU ou BTN)<\/h3>\n\n\n\n<figure class=\"wp-block-image size-large\"><img loading=\"lazy\" decoding=\"async\" width=\"1024\" height=\"576\" src=\"http:\/\/hand2noteguide.com\/wp-content\/uploads\/2024\/09\/BUTTON-min-1024x576.jpg\" alt=\"Posi\u00e7\u00e3o Button no poker\" class=\"wp-image-7909\" srcset=\"https:\/\/hand2noteguide.com\/wp-content\/uploads\/2024\/09\/BUTTON-min-1024x576.jpg 1024w, https:\/\/hand2noteguide.com\/wp-content\/uploads\/2024\/09\/BUTTON-min-300x169.jpg 300w, https:\/\/hand2noteguide.com\/wp-content\/uploads\/2024\/09\/BUTTON-min-768x432.jpg 768w, https:\/\/hand2noteguide.com\/wp-content\/uploads\/2024\/09\/BUTTON-min-1536x864.jpg 1536w, https:\/\/hand2noteguide.com\/wp-content\/uploads\/2024\/09\/BUTTON-min-772x434.jpg 772w, https:\/\/hand2noteguide.com\/wp-content\/uploads\/2024\/09\/BUTTON-min-624x351.jpg 624w, https:\/\/hand2noteguide.com\/wp-content\/uploads\/2024\/09\/BUTTON-min.jpg 1600w\" sizes=\"auto, (max-width: 1024px) 100vw, 1024px\" \/><\/figure>\n\n\n\n<p>O Button \u00e9 a melhor posi\u00e7\u00e3o poss\u00edvel no poker, pois permite ao jogador <strong>coletar informa\u00e7\u00f5es<\/strong> dos advers\u00e1rios e tamb\u00e9m <strong>agir por \u00faltimo no p\u00f3s-flop<\/strong>. Como consequ\u00eancia, o BTN possui o range mais amplo de m\u00e3os para entrar no jogo.<\/p>\n\n\n\n<p>Em jogos caseiros, o jogador na posi\u00e7\u00e3o de Button tamb\u00e9m \u00e9 respons\u00e1vel por distribuir as cartas na m\u00e3o atual.<\/p>\n\n\n\n<h2 class=\"wp-block-heading\">Os blinds<\/h2>\n\n\n\n<figure class=\"wp-block-image size-large\"><img loading=\"lazy\" decoding=\"async\" width=\"1024\" height=\"576\" src=\"http:\/\/hand2noteguide.com\/wp-content\/uploads\/2024\/09\/blinds-min-1-1024x576.jpg\" alt=\"blinds no poker\" class=\"wp-image-7816\" srcset=\"https:\/\/hand2noteguide.com\/wp-content\/uploads\/2024\/09\/blinds-min-1-1024x576.jpg 1024w, https:\/\/hand2noteguide.com\/wp-content\/uploads\/2024\/09\/blinds-min-1-300x169.jpg 300w, https:\/\/hand2noteguide.com\/wp-content\/uploads\/2024\/09\/blinds-min-1-768x432.jpg 768w, https:\/\/hand2noteguide.com\/wp-content\/uploads\/2024\/09\/blinds-min-1-1536x864.jpg 1536w, https:\/\/hand2noteguide.com\/wp-content\/uploads\/2024\/09\/blinds-min-1-772x434.jpg 772w, https:\/\/hand2noteguide.com\/wp-content\/uploads\/2024\/09\/blinds-min-1-624x351.jpg 624w, https:\/\/hand2noteguide.com\/wp-content\/uploads\/2024\/09\/blinds-min-1.jpg 1600w\" sizes=\"auto, (max-width: 1024px) 100vw, 1024px\" \/><\/figure>\n\n\n\n<p>Os blinds Small e Big j\u00e1 s\u00e3o posi\u00e7\u00f5es desvantajosas, pois os jogadores s\u00e3o obrigados a fazer uma aposta obrigat\u00f3ria no pr\u00e9-flop antes mesmo de ver qualquer carta.<\/p>\n\n\n\n<h3 class=\"wp-block-heading\">Small Blind (SB)<\/h3>\n\n\n\n<p>O Small Blind fica sentado imediatamente \u00e0 esquerda do bot\u00e3o do dealer. Mesmo tendo recebido algumas informa\u00e7\u00f5es sobre os advers\u00e1rios no pr\u00e9-flop, ele sempre <strong>inicia a a\u00e7\u00e3o<\/strong> no p\u00f3s-flop, o que \u00e9 mais dif\u00edcil do que jogar em posi\u00e7\u00e3o.<\/p>\n\n\n\n<h3 class=\"wp-block-heading\">Big Blind (BB)<\/h3>\n\n\n\n<p>O Big Blind \u00e9 a pior e \ud83d\ude23 <strong>mais dif\u00edcil posi\u00e7\u00e3o<\/strong> na mesa de poker. Por postar um blind completo antes de ver as cartas, o BB precisa <strong>jogar um range amplo<\/strong> de m\u00e3os <strong>fora de posi\u00e7\u00e3o<\/strong> em todas as <a href=\"\/pt\/poker\/poker-streets\/\">streets<\/a>.<\/p>\n\n\n\n<p>Outra caracter\u00edstica especial de jogar no BB \u00e9 que voc\u00ea recebe melhores pot odds para entrar no jogo no pr\u00e9-flop. Por isso, m\u00e3os que n\u00e3o seriam jogadas em outras posi\u00e7\u00f5es \u2014 at\u00e9 mesmo no button \u2014 muitas vezes s\u00e3o jogadas a partir do big blind.<\/p>\n\n\n\n<h2 class=\"wp-block-heading\">Conclus\u00e3o<\/h2>\n\n\n\n<p>Para concluir, o conceito de \u201cposi\u00e7\u00e3o\u201d \u00e9 extremamente importante no poker. Conhecer todas as posi\u00e7\u00f5es na mesa n\u00e3o s\u00f3 permite que voc\u00ea descreva corretamente uma m\u00e3o de poker para um amigo, como tamb\u00e9m aumenta seu EV na mesa ao aproveitar a vantagem de jogar em posi\u00e7\u00e3o.<\/p>\n","protected":false},"excerpt":{"rendered":"<p>O poker \u00e9 um jogo de mesa em que cada assento tem seu pr\u00f3prio nome ou \u201cposi\u00e7\u00e3o\u201d. A posi\u00e7\u00e3o n\u00e3o est\u00e1 ligada a um assento espec\u00edfico; em vez disso, ela \ud83d\udd52 se move no sentido hor\u00e1rio a cada m\u00e3o distribu\u00edda. De forma geral, as posi\u00e7\u00f5es podem ser divididas em 4 grupos principais: Dois dos formatos &hellip; <a href=\"https:\/\/hand2noteguide.com\/pt\/poker\/poker-positions\/\" class=\"more-link\">Continue reading <span class=\"screen-reader-text\">Posi\u00e7\u00f5es no poker: nomes e import\u00e2ncia na mesa<\/span><\/a><\/p>\n","protected":false},"author":1,"featured_media":0,"parent":7017,"menu_order":0,"comment_status":"closed","ping_status":"closed","template":"","meta":{"footnotes":""},"class_list":["post-7911","page","type-page","status-publish","hentry"],"translation":{"provider":"WPGlobus","version":"3.0.2","language":"pt","enabled_languages":["en","ru","pt","zh","es","fr","de","it","ja"],"languages":{"en":{"title":true,"content":true,"excerpt":false},"ru":{"title":true,"content":true,"excerpt":false},"pt":{"title":true,"content":true,"excerpt":false},"zh":{"title":true,"content":true,"excerpt":false},"es":{"title":true,"content":true,"excerpt":false},"fr":{"title":true,"content":true,"excerpt":false},"de":{"title":true,"content":true,"excerpt":false},"it":{"title":true,"content":true,"excerpt":false},"ja":{"title":true,"content":true,"excerpt":false}}},"yoast_head":"<!-- This site is optimized with the Yoast SEO plugin v27.0 - https:\/\/yoast.com\/product\/yoast-seo-wordpress\/ -->\n<title>Posi\u00e7\u00f5es no poker: nomes e import\u00e2ncia na mesa<\/title>\n<meta name=\"description\" content=\"Dominar as posi\u00e7\u00f5es no poker melhora seu entendimento do jogo. Posi\u00e7\u00f5es iniciais, m\u00e9dias, finais e os blinds \u2014 cada uma tem um papel diferente.\" \/>\n<meta name=\"robots\" content=\"index, follow, max-snippet:-1, max-image-preview:large, max-video-preview:-1\" \/>\n<link rel=\"canonical\" href=\"https:\/\/hand2noteguide.com\/poker\/poker-positions\/\" \/>\n<meta property=\"og:locale\" content=\"pt_PT\" \/>\n<meta property=\"og:type\" content=\"article\" \/>\n<meta property=\"og:title\" content=\"Posi\u00e7\u00f5es no poker: nomes e import\u00e2ncia na mesa\" \/>\n<meta property=\"og:description\" content=\"Dominar as posi\u00e7\u00f5es no poker melhora seu entendimento do jogo. Posi\u00e7\u00f5es iniciais, m\u00e9dias, finais e os blinds \u2014 cada uma tem um papel diferente.\" \/>\n<meta property=\"og:url\" content=\"https:\/\/hand2noteguide.com\/poker\/poker-positions\/\" \/>\n<meta property=\"og:site_name\" content=\"Hand2Note Guide\" \/>\n<meta property=\"article:modified_time\" content=\"2026-03-11T14:00:45+00:00\" \/>\n<meta property=\"og:image\" content=\"https:\/\/i1.wp.com\/hand2noteguide.com\/wp-content\/uploads\/2024\/09\/Short-Handed-Game-min.jpg?ssl=1\" \/>\n<meta name=\"twitter:card\" content=\"summary_large_image\" \/>\n<meta name=\"twitter:label1\" content=\"Est. reading time\" \/>\n\t<meta name=\"twitter:data1\" content=\"23 minutes\" \/>\n<!-- \/ Yoast SEO plugin. -->","yoast_head_json":{"title":"Posi\u00e7\u00f5es no poker: nomes e import\u00e2ncia na mesa","description":"Dominar as posi\u00e7\u00f5es no poker melhora seu entendimento do jogo. Posi\u00e7\u00f5es iniciais, m\u00e9dias, finais e os blinds \u2014 cada uma tem um papel diferente.","robots":{"index":"index","follow":"follow","max-snippet":"max-snippet:-1","max-image-preview":"max-image-preview:large","max-video-preview":"max-video-preview:-1"},"canonical":"https:\/\/hand2noteguide.com\/poker\/poker-positions\/","og_locale":"pt_PT","og_type":"article","og_title":"Posi\u00e7\u00f5es no poker: nomes e import\u00e2ncia na mesa","og_description":"Dominar as posi\u00e7\u00f5es no poker melhora seu entendimento do jogo. Posi\u00e7\u00f5es iniciais, m\u00e9dias, finais e os blinds \u2014 cada uma tem um papel diferente.","og_url":"https:\/\/hand2noteguide.com\/poker\/poker-positions\/","og_site_name":"Hand2Note Guide","article_modified_time":"2026-03-11T14:00:45+00:00","og_image":[{"url":"https:\/\/i1.wp.com\/hand2noteguide.com\/wp-content\/uploads\/2024\/09\/Short-Handed-Game-min.jpg?ssl=1","type":"","width":"","height":""}],"twitter_card":"summary_large_image","twitter_misc":{"Est. reading time":"23 minutes"},"schema":{"@context":"https:\/\/schema.org","@graph":[]}},"jetpack_sharing_enabled":true,"_links":{"self":[{"href":"https:\/\/hand2noteguide.com\/pt\/wp-json\/wp\/v2\/pages\/7911","targetHints":{"allow":["GET"]}}],"collection":[{"href":"https:\/\/hand2noteguide.com\/pt\/wp-json\/wp\/v2\/pages"}],"about":[{"href":"https:\/\/hand2noteguide.com\/pt\/wp-json\/wp\/v2\/types\/page"}],"author":[{"embeddable":true,"href":"https:\/\/hand2noteguide.com\/pt\/wp-json\/wp\/v2\/users\/1"}],"replies":[{"embeddable":true,"href":"https:\/\/hand2noteguide.com\/pt\/wp-json\/wp\/v2\/comments?post=7911"}],"version-history":[{"count":37,"href":"https:\/\/hand2noteguide.com\/pt\/wp-json\/wp\/v2\/pages\/7911\/revisions"}],"predecessor-version":[{"id":15818,"href":"https:\/\/hand2noteguide.com\/pt\/wp-json\/wp\/v2\/pages\/7911\/revisions\/15818"}],"up":[{"embeddable":true,"href":"https:\/\/hand2noteguide.com\/pt\/wp-json\/wp\/v2\/pages\/7017"}],"wp:attachment":[{"href":"https:\/\/hand2noteguide.com\/pt\/wp-json\/wp\/v2\/media?parent=7911"}],"curies":[{"name":"wp","href":"https:\/\/api.w.org\/{rel}","templated":true}]}}