{"id":7936,"date":"2024-09-11T01:50:12","date_gmt":"2024-09-10T22:50:12","guid":{"rendered":"https:\/\/hand2noteguide.com\/?page_id=7936"},"modified":"2026-03-11T16:55:58","modified_gmt":"2026-03-11T13:55:58","slug":"poker-streets","status":"publish","type":"page","link":"https:\/\/hand2noteguide.com\/pt\/poker\/poker-streets\/","title":{"rendered":"Streets no poker: um guia estrat\u00e9gico do pr\u00e9-flop ao river"},"content":{"rendered":"\n<p>Street \u00e9 um <a href=\"\/pt\/poker\/poker-terms\/\">termo de poker<\/a> que voc\u00ea encontrar\u00e1 com frequ\u00eancia. Quer entender melhor o conceito de street no poker e como ele impacta a estrat\u00e9gia?<\/p>\n\n\n\n<p>A express\u00e3o street remete \u00e0 ideia de que jogar poker \u00e9 como \ud83c\udfcd\ufe0f caminhar por uma rua. Cada nova street <strong>traz novas informa\u00e7\u00f5es<\/strong> que ajudam voc\u00ea a tomar decis\u00f5es mais bem fundamentadas.<\/p>\n\n\n\n<div class=\"green-block\">\n<p style=\"margin-bottom:0\">\ud83d\udc49 <b>Streets s\u00e3o as cartas distribu\u00eddas em momentos espec\u00edficos de uma m\u00e3o<\/b>. O termo \u00e9 o mesmo em todas as variantes de poker, incluindo community, stud e draw poker. No entanto, o n\u00famero e os nomes das streets podem variar.<\/p>\n<\/div>\n\n\n\n<p>Por exemplo, h\u00e1 cinco streets a considerar em jogos de cartas comunit\u00e1rias como Omaha e Texas Hold&#8217;em. O Flop conta como tr\u00eas streets porque tr\u00eas cartas s\u00e3o reveladas ao mesmo tempo. Depois v\u00eam o Turn e o River, cada um com uma carta, totalizando cinco streets.<\/p>\n\n\n\n<h2 class=\"wp-block-heading\">No\u00e7\u00f5es b\u00e1sicas das streets no poker<\/h2>\n\n\n\n<p>Usar termos como <strong>Pre-flop<\/strong>, <strong>Flop<\/strong>, <strong>Turn<\/strong> e <strong>River<\/strong> \u00e9 comum em jogos com cartas comunit\u00e1rias como Texas Hold&#8217;em e Omaha. No entanto, alguns jogadores tamb\u00e9m se referem \u00e0s cartas do Turn e do River como quarta e quinta streets.&nbsp;<\/p>\n\n\n\n<figure class=\"wp-block-image size-large\"><img loading=\"lazy\" decoding=\"async\" width=\"1024\" height=\"576\" src=\"http:\/\/hand2noteguide.com\/wp-content\/uploads\/2024\/09\/Streets-min-1-1024x576.jpg\" alt=\"Poker streets\" class=\"wp-image-7843\" srcset=\"https:\/\/hand2noteguide.com\/wp-content\/uploads\/2024\/09\/Streets-min-1-1024x576.jpg 1024w, https:\/\/hand2noteguide.com\/wp-content\/uploads\/2024\/09\/Streets-min-1-300x169.jpg 300w, https:\/\/hand2noteguide.com\/wp-content\/uploads\/2024\/09\/Streets-min-1-768x432.jpg 768w, https:\/\/hand2noteguide.com\/wp-content\/uploads\/2024\/09\/Streets-min-1-1536x864.jpg 1536w, https:\/\/hand2noteguide.com\/wp-content\/uploads\/2024\/09\/Streets-min-1-772x434.jpg 772w, https:\/\/hand2noteguide.com\/wp-content\/uploads\/2024\/09\/Streets-min-1-624x351.jpg 624w, https:\/\/hand2noteguide.com\/wp-content\/uploads\/2024\/09\/Streets-min-1.jpg 1600w\" sizes=\"auto, (max-width: 1024px) 100vw, 1024px\" \/><\/figure>\n\n\n\n<p>Uma street descreve a distribui\u00e7\u00e3o das cartas, n\u00e3o a rodada de apostas. Nos jogos de Hold&#8217;em e Omaha existem quatro rodadas de apostas: Pre-Flop, Flop, Turn e River.<\/p>\n\n\n\n<h2 class=\"wp-block-heading\">O Pre-Flop<\/h2>\n\n\n\n<p>O Pre-flop \u00e9 <strong>a primeira rodada de apostas<\/strong> nos jogos de poker com cartas comunit\u00e1rias. \u00c9 o momento em que os jogadores recebem suas hole cards, mas nenhuma carta comunit\u00e1ria ainda foi distribu\u00edda. Os dois jogadores \u00e0 esquerda do Button postam os blinds, e esse dinheiro morto funciona como incentivo financeiro para iniciar a m\u00e3o.<\/p>\n\n\n\n<figure class=\"wp-block-image size-large\"><img loading=\"lazy\" decoding=\"async\" width=\"1024\" height=\"576\" src=\"https:\/\/hand2noteguide.com\/wp-content\/uploads\/2024\/09\/Preflop-min-1024x576.jpg\" alt=\"poker preflop\" class=\"wp-image-8069\" srcset=\"https:\/\/hand2noteguide.com\/wp-content\/uploads\/2024\/09\/Preflop-min-1024x576.jpg 1024w, https:\/\/hand2noteguide.com\/wp-content\/uploads\/2024\/09\/Preflop-min-300x169.jpg 300w, https:\/\/hand2noteguide.com\/wp-content\/uploads\/2024\/09\/Preflop-min-768x432.jpg 768w, https:\/\/hand2noteguide.com\/wp-content\/uploads\/2024\/09\/Preflop-min-1536x864.jpg 1536w, https:\/\/hand2noteguide.com\/wp-content\/uploads\/2024\/09\/Preflop-min-772x434.jpg 772w, https:\/\/hand2noteguide.com\/wp-content\/uploads\/2024\/09\/Preflop-min-624x351.jpg 624w, https:\/\/hand2noteguide.com\/wp-content\/uploads\/2024\/09\/Preflop-min.jpg 1600w\" sizes=\"auto, (max-width: 1024px) 100vw, 1024px\" \/><\/figure>\n\n\n\n<p>A a\u00e7\u00e3o preflop come\u00e7a com o jogador na <a href=\"\/pt\/poker\/poker-positions\/\">posi\u00e7\u00e3o<\/a> under the gun e continua at\u00e9 que todos os jogadores restantes na m\u00e3o paguem o maior aumento. Tamb\u00e9m \u00e9 poss\u00edvel que todos os jogadores, exceto um, desistam das suas cartas. Nesse caso, o vencedor da m\u00e3o j\u00e1 \u00e9 definido no preflop, e n\u00e3o haver\u00e1 mais streets nessa m\u00e3o.<\/p>\n\n\n\n<p>O preflop pode parecer um ponto simples para come\u00e7ar, mas as decis\u00f5es que voc\u00ea toma nesse momento podem ter um grande impacto em como o restante da m\u00e3o ser\u00e1 jogado.<\/p>\n\n\n\n<h3 class=\"wp-block-heading\">Define a base da m\u00e3o<\/h3>\n\n\n\n<p>O preflop estabelece a base de como a m\u00e3o ser\u00e1 jogada. Voc\u00ea decide se vai <a href=\"\/pt\/poker\/poker-actions\/\">pagar, aumentar ou desistir<\/a>, dependendo de:<\/p>\n\n\n\n<ul class=\"wp-block-list\">\n<li>\ud83e\udd14 a for\u00e7a das suas hole cards;<\/li>\n\n\n\n<li>\u2753 em que <a href=\"\/pt\/poker\/poker-positions\/\">posi\u00e7\u00e3o<\/a> voc\u00ea est\u00e1;<\/li>\n\n\n\n<li>\u2753 quais <a href=\"\/pt\/poker\/poker-actions\/\">a\u00e7\u00f5es<\/a> aconteceram antes de voc\u00ea.<\/li>\n<\/ul>\n\n\n\n<p>Suas escolhas dependem muito da sua posi\u00e7\u00e3o na mesa \u2014 early, middle ou late position. Por exemplo, voc\u00ea deve jogar de forma mais tight em posi\u00e7\u00f5es iniciais.&nbsp;Por outro lado, quando est\u00e1 em posi\u00e7\u00e3o final, voc\u00ea pode observar as a\u00e7\u00f5es dos advers\u00e1rios antes de agir. Isso lhe d\u00e1 mais liberdade e permite jogar mais m\u00e3os de forma lucrativa.<\/p>\n\n\n\n<h3 class=\"wp-block-heading\">Define os <a href=\"https:\/\/blog.freebetrange.com\/pt\/article\/poker-preflop-ranges-a-comprehensive-guide\" target=\"_blank\" aria-label=\"undefined (opens in a new tab)\" rel=\"noreferrer noopener\">ranges de m\u00e3os<\/a><\/h3>\n\n\n\n<p>Jogadores experientes <strong>n\u00e3o pensam apenas nas hole cards<\/strong> que possuem durante o preflop. Eles tamb\u00e9m consideram as diferentes m\u00e3os que seus oponentes podem ter com base nas a\u00e7\u00f5es realizadas. Se voc\u00ea conseguir estimar o range de m\u00e3os do advers\u00e1rio, poder\u00e1 entender se sua m\u00e3o provavelmente est\u00e1 \u00e0 frente ou atr\u00e1s. Assim, voc\u00ea pode ajustar seu plano de jogo.<\/p>\n\n\n\n<p>Por exemplo: voc\u00ea v\u00ea seu oponente fazer um <a aria-label=\"undefined (opens in a new tab)\" href=\"https:\/\/blog.freebetrange.com\/pt\/article\/preflop-charts-open-raise-in-6-max-poker-cash-games\" target=\"_blank\" rel=\"noreferrer noopener\">open raise<\/a> em posi\u00e7\u00e3o inicial. Muitas vezes isso indica que ele tem uma m\u00e3o premium ou pelo menos muito jog\u00e1vel.<\/p>\n\n\n\n<div class=\"green-block\">\n<p>Em m\u00e9dia, um bom jogador far\u00e1 open raise com cerca de 15% das m\u00e3os em posi\u00e7\u00e3o inicial:<\/p>\n<p style=\"margin-bottom:0\"><img decoding=\"async\" style=\"width:500px\" src=\"http:\/\/hand2noteguide.com\/wp-content\/uploads\/2024\/09\/ep-open-raise-min.png\" alt=\"utg open raise\"><\/p>\n<\/div>\n\n\n\n<h2 class=\"wp-block-heading\">O Flop<\/h2>\n\n\n\n<p>Nas variantes Omaha e Texas Hold\u2019em, o Flop \u00e9 a segunda rodada de apostas ap\u00f3s o pre-flop. \u00c9 um momento emocionante em que <strong>as tr\u00eas primeiras cartas comunit\u00e1rias<\/strong> s\u00e3o reveladas na mesa. Essas cartas s\u00e3o mostradas viradas para cima para todos os jogadores.<\/p>\n\n\n\n<figure class=\"wp-block-image size-large\"><img loading=\"lazy\" decoding=\"async\" width=\"1024\" height=\"576\" src=\"https:\/\/hand2noteguide.com\/wp-content\/uploads\/2024\/09\/Flop-min-1024x576.jpg\" alt=\"poker flop\" class=\"wp-image-7962\" srcset=\"https:\/\/hand2noteguide.com\/wp-content\/uploads\/2024\/09\/Flop-min-1024x576.jpg 1024w, https:\/\/hand2noteguide.com\/wp-content\/uploads\/2024\/09\/Flop-min-300x169.jpg 300w, https:\/\/hand2noteguide.com\/wp-content\/uploads\/2024\/09\/Flop-min-768x432.jpg 768w, https:\/\/hand2noteguide.com\/wp-content\/uploads\/2024\/09\/Flop-min-1536x864.jpg 1536w, https:\/\/hand2noteguide.com\/wp-content\/uploads\/2024\/09\/Flop-min-772x434.jpg 772w, https:\/\/hand2noteguide.com\/wp-content\/uploads\/2024\/09\/Flop-min-624x351.jpg 624w, https:\/\/hand2noteguide.com\/wp-content\/uploads\/2024\/09\/Flop-min.jpg 1600w\" sizes=\"auto, (max-width: 1024px) 100vw, 1024px\" \/><\/figure>\n\n\n\n<p>Mais do que apenas outra rodada de distribui\u00e7\u00e3o de cartas, este \u00e9 um momento decisivo para cada jogador na mesa.<\/p>\n\n\n\n<h3 class=\"wp-block-heading\">Determina a <a href=\"\/pt\/poker\/poker-hand-rankings\/\">for\u00e7a da sua m\u00e3o<\/a><\/h3>\n\n\n\n<p>O flop \u00e9 uma fase crucial. Ele oferece informa\u00e7\u00f5es importantes que ajudam os jogadores a avaliar a for\u00e7a de suas m\u00e3os. Ao combinar as tr\u00eas cartas comunit\u00e1rias do flop com suas hole cards, os jogadores podem calcular suas chances de ter a melhor m\u00e3o. Esse conhecimento \u00e9 essencial para decidir se devem desistir, dar check ou continuar apostando ou pagando.&nbsp;<\/p>\n\n\n\n<h3 class=\"wp-block-heading\">For\u00e7a os jogadores a se ajustar<\/h3>\n\n\n\n<p>Os jogadores frequentemente precisam ajustar sua estrat\u00e9gia ap\u00f3s o flop, pois ele traz novas informa\u00e7\u00f5es. \u00c9 necess\u00e1rio considerar n\u00e3o apenas a pr\u00f3pria m\u00e3o, mas tamb\u00e9m as poss\u00edveis m\u00e3os que os advers\u00e1rios podem ter.&nbsp;<\/p>\n\n\n\n<p>Adaptar-se ao flop \u00e9 um componente fundamental do poker e pode influenciar significativamente o resultado da m\u00e3o.<\/p>\n\n\n\n<h2 class=\"wp-block-heading\">O Turn<\/h2>\n\n\n\n<p>Ap\u00f3s a rodada de apostas do Flop, uma carta \u00e9 descartada do baralho e <strong>a quarta carta comunit\u00e1ria<\/strong> \u00e9 revelada. Essa carta \u00e9 chamada de Turn, tamb\u00e9m conhecida como <strong>Fourth Street<\/strong>.<\/p>\n\n\n\n<figure class=\"wp-block-image size-large\"><img loading=\"lazy\" decoding=\"async\" width=\"1024\" height=\"576\" src=\"http:\/\/hand2noteguide.com\/wp-content\/uploads\/2024\/09\/Turn-min-1024x576.jpg\" alt=\"poker turn\" class=\"wp-image-7968\" srcset=\"https:\/\/hand2noteguide.com\/wp-content\/uploads\/2024\/09\/Turn-min-1024x576.jpg 1024w, https:\/\/hand2noteguide.com\/wp-content\/uploads\/2024\/09\/Turn-min-300x169.jpg 300w, https:\/\/hand2noteguide.com\/wp-content\/uploads\/2024\/09\/Turn-min-768x432.jpg 768w, https:\/\/hand2noteguide.com\/wp-content\/uploads\/2024\/09\/Turn-min-1536x864.jpg 1536w, https:\/\/hand2noteguide.com\/wp-content\/uploads\/2024\/09\/Turn-min-772x434.jpg 772w, https:\/\/hand2noteguide.com\/wp-content\/uploads\/2024\/09\/Turn-min-624x351.jpg 624w, https:\/\/hand2noteguide.com\/wp-content\/uploads\/2024\/09\/Turn-min.jpg 1600w\" sizes=\"auto, (max-width: 1024px) 100vw, 1024px\" \/><\/figure>\n\n\n\n<p>O Turn \u00e9 uma rodada de apostas frequentemente subestimada e que recebe pouca aten\u00e7\u00e3o. Muitas publica\u00e7\u00f5es de estrat\u00e9gia se concentram em jogar corretamente no flop e no river. Ainda assim, quase ignoram o Turn, tratando-o apenas como uma ponte entre duas streets mais importantes.<\/p>\n\n\n\n<p>O pote geralmente j\u00e1 aumentou bastante durante as rodadas de apostas do Pre-flop e do Flop, a ponto de voc\u00ea precisar decidir se vai ou n\u00e3o se comprometer com a m\u00e3o. Por isso, a estrat\u00e9gia no Turn \u00e9 uma parte essencial de qualquer m\u00e3o de poker.<\/p>\n\n\n\n<h3 class=\"wp-block-heading\">Muda drasticamente as <a href=\"https:\/\/www.getcoach.poker\/calculators\/holdem-odds\/\" target=\"_blank\" aria-label=\"undefined (opens in a new tab)\" rel=\"noreferrer noopener\">probabilidades das m\u00e3os<\/a><\/h3>\n\n\n\n<p>Al\u00e9m de adicionar outra carta ao board, a carta do Turn altera as probabilidades de melhorar as m\u00e3os.&nbsp;Os jogadores podem avaliar suas chances de formar uma m\u00e3o vencedora e obter mais informa\u00e7\u00f5es para continuar a an\u00e1lise.<\/p>\n\n\n\n<p>Por exemplo, as chances de vit\u00f3ria de um jogador aumentam drasticamente \ud83d\ude80 se a carta do turn completa um flush draw que ele estava buscando. No entanto, se a carta do Turn n\u00e3o melhora sua m\u00e3o, ele pode precisar repensar sua abordagem e decidir se deve desistir ou continuar no pote at\u00e9 a \u00faltima street.<\/p>\n\n\n\n<div class=\"green-block\">\n<p>No Turn, <b>m\u00e3os de draw t\u00eam significativamente menos equidade do que no Flop<\/b>. Por exemplo, no Texas Holdem, com um flush draw contra top pair, voc\u00ea tinha quase 40% de equidade no Flop:<\/p>\n<p><img decoding=\"async\" src=\"http:\/\/hand2noteguide.com\/wp-content\/uploads\/2024\/09\/equity-1-min.png\"><\/p>\n<p>Depois de n\u00e3o acertar sua carta no turn, voc\u00ea fica com apenas 20%.<\/p>\n<p><img decoding=\"async\" src=\"http:\/\/hand2noteguide.com\/wp-content\/uploads\/2024\/09\/equity-2-min.png\"><\/p>\n<p style=\"margin-bottom:0\">Sua equidade caiu pela metade. Confira cen\u00e1rios semelhantes com o <a target=\"_blank\" href=\"https:\/\/www.getcoach.poker\/calculators\/holdem-odds\/\" rel=\"noopener\">Poker Odds Calculator<\/a>.<\/p>\n<\/div>\n\n\n\n<h3 class=\"wp-block-heading\">Testa as habilidades dos jogadores<\/h3>\n\n\n\n<p>O Turn \u00e9 um momento crucial da m\u00e3o, em que as habilidades dos jogadores s\u00e3o colocadas \u00e0 prova. Nessa fase, os jogadores precisam considerar cuidadosamente as rea\u00e7\u00f5es dos advers\u00e1rios, as estrat\u00e9gias de apostas e a abordagem geral do jogo.<\/p>\n\n\n\n<p>Nesse ponto, as <a href=\"\/pt\/poker\/poker-bluff\/\">t\u00e9cnicas de blefe<\/a> tornam-se ainda mais importantes. O pote j\u00e1 \u00e9 grande o suficiente e resta apenas uma street para que os jogadores melhorem suas m\u00e3os. Por isso, a rodada de apostas no Turn \u00e9 uma \u00f3tima oportunidade para colocar mais press\u00e3o sobre os advers\u00e1rios.<\/p>\n\n\n\n<h2 class=\"wp-block-heading\">O River<\/h2>\n\n\n\n<p>Ap\u00f3s o turn, come\u00e7a a rodada do River, revelando a quinta e <strong>\u00faltima carta comunit\u00e1ria virada para cima<\/strong> na mesa. Esta \u00e9 realmente a \u00faltima oportunidade para os jogadores melhorarem suas m\u00e3os.<\/p>\n\n\n\n<figure class=\"wp-block-image size-large\"><img loading=\"lazy\" decoding=\"async\" width=\"1024\" height=\"576\" src=\"http:\/\/hand2noteguide.com\/wp-content\/uploads\/2024\/09\/River-min-1024x576.jpg\" alt=\"poker river\" class=\"wp-image-7969\" srcset=\"https:\/\/hand2noteguide.com\/wp-content\/uploads\/2024\/09\/River-min-1024x576.jpg 1024w, https:\/\/hand2noteguide.com\/wp-content\/uploads\/2024\/09\/River-min-300x169.jpg 300w, https:\/\/hand2noteguide.com\/wp-content\/uploads\/2024\/09\/River-min-768x432.jpg 768w, https:\/\/hand2noteguide.com\/wp-content\/uploads\/2024\/09\/River-min-1536x864.jpg 1536w, https:\/\/hand2noteguide.com\/wp-content\/uploads\/2024\/09\/River-min-772x434.jpg 772w, https:\/\/hand2noteguide.com\/wp-content\/uploads\/2024\/09\/River-min-624x351.jpg 624w, https:\/\/hand2noteguide.com\/wp-content\/uploads\/2024\/09\/River-min.jpg 1600w\" sizes=\"auto, (max-width: 1024px) 100vw, 1024px\" \/><\/figure>\n\n\n\n<p>O river \u00e9 uma street muito interessante e tecnicamente dif\u00edcil, pois os jogadores n\u00e3o t\u00eam mais a oportunidade de melhorar suas m\u00e3os. Todos j\u00e1 formaram suas <a href=\"\/pt\/poker\/poker-hand-rankings\/\">combina\u00e7\u00f5es<\/a>, e resta apenas uma rodada de apostas antes do Showdown.<\/p>\n\n\n\n<h3 class=\"wp-block-heading\">For\u00e7a decis\u00f5es caras<\/h3>\n\n\n\n<p>Claramente, depois de v\u00e1rias rodadas de apostas, o pote j\u00e1 cresceu bastante. As decis\u00f5es no river s\u00e3o muito caras, e voc\u00ea pode sentir um forte impulso emocional de querer ganhar o pote. Tamb\u00e9m pode sentir press\u00e3o, j\u00e1 que investiu muito dinheiro na m\u00e3o. Tente \ud83e\udde0 <strong>manter a mente clara<\/strong> e n\u00e3o deixar as emo\u00e7\u00f5es influenciarem suas decis\u00f5es.<\/p>\n\n\n\n<p>No entanto, lembre-se de que seus advers\u00e1rios est\u00e3o na mesma situa\u00e7\u00e3o. Portanto, <a href=\"\/pt\/poker\/poker-bluff\/\"><strong>blefar no River<\/strong><\/a> pode ser uma a\u00e7\u00e3o muito arriscada, mas tamb\u00e9m muito lucrativa. O principal \u00e9 escolher as situa\u00e7\u00f5es certas e usar bons tamanhos de aposta.<\/p>\n\n\n\n<div class=\"green-block\">\n<p style=\"margin-bottom:0\">\ud83d\udca1 Tenha cuidado com suas value bets: <b>uma m\u00e3o que era forte no Flop nem sempre continua forte no River<\/b>.<\/p>\n<\/div>\n\n\n\n<h3 class=\"wp-block-heading\">Provoca <a href=\"\/pt\/poker\/poker-tilt\/\">tilt<\/a><\/h3>\n\n\n\n<p>Os erros mais bobos e caros no poker acontecem no River. Um problema comum para muitos jogadores \u00e9 quando eles n\u00e3o conseguem desistir da m\u00e3o, mesmo entendendo que provavelmente perder\u00e3o no showdown. No River, mais do que em qualquer outra street, o aspecto psicol\u00f3gico \u00e9 extremamente importante.<\/p>\n\n\n\n<h2 class=\"wp-block-heading\">Conclus\u00e3o<\/h2>\n\n\n\n<p>Para ter sucesso no poker, voc\u00ea precisa entender o que s\u00e3o as streets e como elas influenciam sua estrat\u00e9gia.&nbsp;<\/p>\n\n\n\n<p>Do preflop ao river, cada street traz novas oportunidades e desafios. Ao dominar como cada etapa funciona, voc\u00ea poder\u00e1 tomar decis\u00f5es mais inteligentes, adaptar-se \u00e0s novas informa\u00e7\u00f5es e melhorar seu jogo de poker como um todo.<\/p>\n","protected":false},"excerpt":{"rendered":"<p>Street \u00e9 um termo de poker que voc\u00ea encontrar\u00e1 com frequ\u00eancia. Quer entender melhor o conceito de street no poker e como ele impacta a estrat\u00e9gia? A express\u00e3o street remete \u00e0 ideia de que jogar poker \u00e9 como \ud83c\udfcd\ufe0f caminhar por uma rua. Cada nova street traz novas informa\u00e7\u00f5es que ajudam voc\u00ea a tomar decis\u00f5es &hellip; <a href=\"https:\/\/hand2noteguide.com\/pt\/poker\/poker-streets\/\" class=\"more-link\">Continue reading <span class=\"screen-reader-text\">Streets no poker: um guia estrat\u00e9gico do pr\u00e9-flop ao river<\/span><\/a><\/p>\n","protected":false},"author":1,"featured_media":0,"parent":7017,"menu_order":0,"comment_status":"closed","ping_status":"closed","template":"","meta":{"footnotes":""},"class_list":["post-7936","page","type-page","status-publish","hentry"],"translation":{"provider":"WPGlobus","version":"3.0.2","language":"pt","enabled_languages":["en","ru","pt","zh","es","fr","de","it","ja"],"languages":{"en":{"title":true,"content":true,"excerpt":false},"ru":{"title":true,"content":true,"excerpt":false},"pt":{"title":true,"content":true,"excerpt":false},"zh":{"title":true,"content":true,"excerpt":false},"es":{"title":true,"content":true,"excerpt":false},"fr":{"title":true,"content":true,"excerpt":false},"de":{"title":true,"content":true,"excerpt":false},"it":{"title":true,"content":true,"excerpt":false},"ja":{"title":true,"content":true,"excerpt":false}}},"yoast_head":"<!-- This site is optimized with the Yoast SEO plugin v27.0 - https:\/\/yoast.com\/product\/yoast-seo-wordpress\/ -->\n<title>Streets no poker: um guia estrat\u00e9gico do pr\u00e9-flop ao river<\/title>\n<meta name=\"description\" content=\"Aprenda os nomes de todas as streets no poker e suas caracter\u00edsticas. Pre-flop, Flop, Turn e River \u2014 cada street tem seus pr\u00f3prios elementos de estrat\u00e9gia.\" \/>\n<meta name=\"robots\" content=\"index, follow, max-snippet:-1, max-image-preview:large, max-video-preview:-1\" \/>\n<link rel=\"canonical\" href=\"https:\/\/hand2noteguide.com\/poker\/poker-streets\/\" \/>\n<meta property=\"og:locale\" content=\"pt_PT\" \/>\n<meta property=\"og:type\" content=\"article\" \/>\n<meta property=\"og:title\" content=\"Streets no poker: um guia estrat\u00e9gico do pr\u00e9-flop ao river\" \/>\n<meta property=\"og:description\" content=\"Aprenda os nomes de todas as streets no poker e suas caracter\u00edsticas. Pre-flop, Flop, Turn e River \u2014 cada street tem seus pr\u00f3prios elementos de estrat\u00e9gia.\" \/>\n<meta property=\"og:url\" content=\"https:\/\/hand2noteguide.com\/poker\/poker-streets\/\" \/>\n<meta property=\"og:site_name\" content=\"Hand2Note Guide\" \/>\n<meta property=\"article:modified_time\" content=\"2026-03-11T13:55:58+00:00\" \/>\n<meta property=\"og:image\" content=\"http:\/\/hand2noteguide.com\/wp-content\/uploads\/2024\/09\/Streets-min-1-1024x576.jpg\" \/>\n<meta name=\"twitter:card\" content=\"summary_large_image\" \/>\n<meta name=\"twitter:label1\" content=\"Est. reading time\" \/>\n\t<meta name=\"twitter:data1\" content=\"70 minutes\" \/>\n<!-- \/ Yoast SEO plugin. -->","yoast_head_json":{"title":"Streets no poker: um guia estrat\u00e9gico do pr\u00e9-flop ao river","description":"Aprenda os nomes de todas as streets no poker e suas caracter\u00edsticas. Pre-flop, Flop, Turn e River \u2014 cada street tem seus pr\u00f3prios elementos de estrat\u00e9gia.","robots":{"index":"index","follow":"follow","max-snippet":"max-snippet:-1","max-image-preview":"max-image-preview:large","max-video-preview":"max-video-preview:-1"},"canonical":"https:\/\/hand2noteguide.com\/poker\/poker-streets\/","og_locale":"pt_PT","og_type":"article","og_title":"Streets no poker: um guia estrat\u00e9gico do pr\u00e9-flop ao river","og_description":"Aprenda os nomes de todas as streets no poker e suas caracter\u00edsticas. Pre-flop, Flop, Turn e River \u2014 cada street tem seus pr\u00f3prios elementos de estrat\u00e9gia.","og_url":"https:\/\/hand2noteguide.com\/poker\/poker-streets\/","og_site_name":"Hand2Note Guide","article_modified_time":"2026-03-11T13:55:58+00:00","og_image":[{"url":"http:\/\/hand2noteguide.com\/wp-content\/uploads\/2024\/09\/Streets-min-1-1024x576.jpg","type":"","width":"","height":""}],"twitter_card":"summary_large_image","twitter_misc":{"Est. reading time":"70 minutes"},"schema":{"@context":"https:\/\/schema.org","@graph":[]}},"jetpack_sharing_enabled":true,"_links":{"self":[{"href":"https:\/\/hand2noteguide.com\/pt\/wp-json\/wp\/v2\/pages\/7936","targetHints":{"allow":["GET"]}}],"collection":[{"href":"https:\/\/hand2noteguide.com\/pt\/wp-json\/wp\/v2\/pages"}],"about":[{"href":"https:\/\/hand2noteguide.com\/pt\/wp-json\/wp\/v2\/types\/page"}],"author":[{"embeddable":true,"href":"https:\/\/hand2noteguide.com\/pt\/wp-json\/wp\/v2\/users\/1"}],"replies":[{"embeddable":true,"href":"https:\/\/hand2noteguide.com\/pt\/wp-json\/wp\/v2\/comments?post=7936"}],"version-history":[{"count":57,"href":"https:\/\/hand2noteguide.com\/pt\/wp-json\/wp\/v2\/pages\/7936\/revisions"}],"predecessor-version":[{"id":15811,"href":"https:\/\/hand2noteguide.com\/pt\/wp-json\/wp\/v2\/pages\/7936\/revisions\/15811"}],"up":[{"embeddable":true,"href":"https:\/\/hand2noteguide.com\/pt\/wp-json\/wp\/v2\/pages\/7017"}],"wp:attachment":[{"href":"https:\/\/hand2noteguide.com\/pt\/wp-json\/wp\/v2\/media?parent=7936"}],"curies":[{"name":"wp","href":"https:\/\/api.w.org\/{rel}","templated":true}]}}