{"id":8034,"date":"2024-09-11T15:31:31","date_gmt":"2024-09-11T12:31:31","guid":{"rendered":"https:\/\/hand2noteguide.com\/?page_id=8034"},"modified":"2026-03-11T14:30:38","modified_gmt":"2026-03-11T11:30:38","slug":"is-poker-luck-or-skill","status":"publish","type":"page","link":"https:\/\/hand2noteguide.com\/pt\/poker\/is-poker-luck-or-skill\/","title":{"rendered":"O poker \u00e9 um jogo de sorte ou habilidade?"},"content":{"rendered":"\n<p>O poker \u00e9 um dos jogos de cartas mais populares do mundo. Milh\u00f5es de pessoas jogam, tanto casualmente quanto profissionalmente. Mas uma pergunta surge com frequ\u00eancia: o poker \u00e9 um jogo de sorte ou de habilidade? Esse debate acontece h\u00e1 muitos anos, com argumentos fortes dos dois lados.<\/p>\n\n\n\n<p><strong>O poker \u00e9 uma mistura de \ud83c\udf40 sorte e \ud83e\udde0<\/strong> <strong>habilidade<\/strong>. No curto prazo, a sorte desempenha um papel significativo, j\u00e1 que o resultado de cada m\u00e3o \u00e9 influenciado pelas cartas distribu\u00eddas, que s\u00e3o aleat\u00f3rias. No entanto, no longo prazo, a habilidade se torna o fator dominante. Jogadores experientes usam estrat\u00e9gia, <a href=\"\/pt\/poker\/poker-tilt\/\">psicologia<\/a> e probabilidades matem\u00e1ticas para tomar decis\u00f5es que maximizam suas chances de vit\u00f3ria. Jogadores habilidosos superam consistentemente oponentes menos experientes, especialmente ao longo de muitas m\u00e3os.<\/p>\n\n\n\n<div class=\"green-block\">\n<p style=\"margin-bottom:0\">\u261d Portanto, embora <b>a sorte possa afetar resultados individuais<\/b>, <b>o poker \u00e9 fundamentalmente um jogo de habilidade<\/b>, no qual conhecimento, experi\u00eancia e tomada de decis\u00e3o t\u00eam um impacto decisivo.<\/p>\n<\/div>\n\n\n\n<p>Agora vamos explorar o tema com mais profundidade.<\/p>\n\n\n\n<h2 class=\"wp-block-heading\">Os fundamentos do poker<\/h2>\n\n\n\n<p>Antes de entrar no debate, \u00e9 importante entender os <a href=\"\/pt\/poker\/poker-rules\/\">princ\u00edpios b\u00e1sicos do poker<\/a>. Poker \u00e9 um jogo de cartas que envolve <a href=\"\/pt\/poker\/poker-hand-rankings\/\">combina\u00e7\u00f5es de cartas<\/a> e <a href=\"\/pt\/poker\/poker-streets\/\">rodadas de apostas<\/a>. O objetivo \u00e9 ganhar fichas ou dinheiro formando a melhor m\u00e3o ou convencendo os outros jogadores a desistirem da m\u00e3o. Existem v\u00e1rios tipos de poker, como Texas Hold\u2019em, Omaha e Seven-Card Stud, mas os princ\u00edpios b\u00e1sicos s\u00e3o semelhantes entre esses jogos.<\/p>\n\n\n\n<h2 class=\"wp-block-heading\">O papel da sorte no poker<\/h2>\n\n\n\n<p>A sorte desempenha um papel importante no poker, especialmente no curto prazo. <strong>Quando voc\u00ea est\u00e1 na mesa de poker, n\u00e3o tem controle sobre as cartas que recebe.<\/strong> \u00c0s vezes voc\u00ea recebe uma m\u00e3o excelente e, \u00e0s vezes, uma m\u00e3o terr\u00edvel. Essa aleatoriedade \u00e9 onde a sorte entra em jogo.<\/p>\n\n\n\n<figure class=\"wp-block-embed is-type-video is-provider-youtube wp-block-embed-youtube wp-embed-aspect-16-9 wp-has-aspect-ratio\"><div class=\"wp-block-embed__wrapper\">\n<div class=\"jetpack-video-wrapper\"><iframe loading=\"lazy\" title=\"Aces vs Aces Connor Drinan vs Cary Katz | $1,000,000 WSOP Big One for One Drop\" width=\"700\" height=\"394\" src=\"https:\/\/www.youtube.com\/embed\/iFR5i6RtX18?feature=oembed\" frameborder=\"0\" allow=\"accelerometer; autoplay; clipboard-write; encrypted-media; gyroscope; picture-in-picture; web-share\" referrerpolicy=\"strict-origin-when-cross-origin\" allowfullscreen><\/iframe><\/div>\n<\/div><\/figure>\n\n\n\n<p>Por exemplo, imagine que voc\u00ea est\u00e1 jogando Texas Hold\u2019em e recebe um par de ases (dois ases como m\u00e3o inicial). Esta \u00e9 a melhor m\u00e3o inicial poss\u00edvel no jogo. No entanto, se <a href=\"\/pt\/poker\/poker-streets\/\">as cartas comunit\u00e1rias<\/a> (as cartas que todos compartilham) n\u00e3o ajudarem voc\u00ea, ou se seu oponente tiver sorte e formar uma m\u00e3o melhor, voc\u00ea ainda pode perder. Nesse caso, a sorte desempenha um papel crucial.<\/p>\n\n\n\n<p>Em uma \u00fanica m\u00e3o ou at\u00e9 mesmo em alguns jogos, a sorte pode afetar muito os resultados. Um iniciante pode vencer um profissional se tiver sorte com as cartas. Essa aleatoriedade torna o poker emocionante, pois qualquer pessoa pode ganhar em qualquer dia.<\/p>\n\n\n\n<h2 class=\"wp-block-heading\">O papel da habilidade no poker<\/h2>\n\n\n\n<p>Embora a sorte seja um fator no poker, \u00e9 a habilidade que separa os bons jogadores dos grandes jogadores. Poker n\u00e3o \u00e9 apenas sobre as cartas que voc\u00ea recebe; \u00e9 sobre como voc\u00ea joga com elas.<\/p>\n\n\n\n<figure class=\"wp-block-embed is-type-video is-provider-youtube wp-block-embed-youtube wp-embed-aspect-16-9 wp-has-aspect-ratio\"><div class=\"wp-block-embed__wrapper\">\n<div class=\"jetpack-video-wrapper\"><iframe loading=\"lazy\" title=\"PHIL IVEY TOP 5 POKER READS \u2660\ufe0f  PokerStars\" width=\"700\" height=\"394\" src=\"https:\/\/www.youtube.com\/embed\/SMJ7C4atMi0?feature=oembed\" frameborder=\"0\" allow=\"accelerometer; autoplay; clipboard-write; encrypted-media; gyroscope; picture-in-picture; web-share\" referrerpolicy=\"strict-origin-when-cross-origin\" allowfullscreen><\/iframe><\/div>\n<\/div><\/figure>\n\n\n\n<p>A habilidade no poker envolve v\u00e1rios elementos-chave:<\/p>\n\n\n\n<h3 class=\"wp-block-heading\">\ud83d\udcc8 <strong>Entender as probabilidades<\/strong><\/h3>\n\n\n\n<p>Um jogador de poker habilidoso conhece as probabilidades de determinadas m\u00e3os vencerem ou perderem. Ele tamb\u00e9m consegue calcular a probabilidade de receber a carta necess\u00e1ria para completar sua m\u00e3o. Isso ajuda a tomar decis\u00f5es informadas sobre apostar, pagar ou desistir. Entender as probabilidades \u00e9 uma parte fundamental da estrat\u00e9gia de poker.<\/p>\n\n\n\n<h3 class=\"wp-block-heading\">\ud83e\uddb8\u200d\u2642 <strong><a href=\"\/pt\/poker\/poker-bluff\/\">Blefar<\/a><\/strong><\/h3>\n\n\n\n<p>O blefe \u00e9 uma habilidade essencial no poker. Ele consiste em fazer seus oponentes acreditarem que voc\u00ea tem uma m\u00e3o mais forte do que realmente tem. Um bom blefe pode fazer seus advers\u00e1rios desistirem, mesmo que voc\u00ea n\u00e3o tenha uma m\u00e3o forte. Jogadores experientes sabem quando blefar e quando jogar de forma direta. Eles conseguem ler seus oponentes e perceber tells (pequenos sinais que indicam a for\u00e7a da m\u00e3o do advers\u00e1rio).<\/p>\n\n\n\n<h3 class=\"wp-block-heading\">\ud83e\uddd8\u200d\u2642\ufe0f <strong><a href=\"\/pt\/poker\/poker-tilt\/\">O jogo mental<\/a><\/strong><\/h3>\n\n\n\n<p>O poker \u00e9 tanto um jogo de psicologia quanto de cartas. Jogadores habilidosos entendem o comportamento humano e conseguem antecipar os movimentos dos oponentes. Eles sabem como pressionar outros jogadores, deix\u00e1-los desconfort\u00e1veis e lev\u00e1-los a cometer erros. Esse aspecto psicol\u00f3gico do poker \u00e9 onde a habilidade realmente se destaca.<\/p>\n\n\n\n<h3 class=\"wp-block-heading\">\ud83c\udfaf <strong>Experi\u00eancia e adapta\u00e7\u00e3o<\/strong><\/h3>\n\n\n\n<p>A experi\u00eancia \u00e9 outro fator crucial no poker. Quanto mais voc\u00ea joga, mais situa\u00e7\u00f5es encontra e melhor se torna na tomada de decis\u00f5es. Jogadores experientes conseguem se adaptar rapidamente a diferentes estilos de jogo e ajustar suas estrat\u00e9gias de acordo. Eles j\u00e1 viram de tudo e sabem como lidar com diversos cen\u00e1rios.<\/p>\n\n\n\n<h2 class=\"wp-block-heading\">A vis\u00e3o de longo prazo: sorte vs. habilidade<\/h2>\n\n\n\n<p>Embora a sorte possa influenciar o resultado de m\u00e3os ou jogos individuais, a habilidade se torna mais importante no longo prazo. Em um \u00fanico jogo, um iniciante pode ter sorte e vencer, mas ao longo de centenas ou milhares de jogos, jogadores habilidosos tendem a sair vencedores com consist\u00eancia.<\/p>\n\n\n\n<p>\u00c9 por isso que jogadores profissionais de poker conseguem ganhar a vida com o jogo. Eles n\u00e3o dependem da sorte. Eles confiam em suas habilidades e no longo prazo. Sabem que, com o tempo, seu entendimento do jogo, sua capacidade de ler os oponentes e seu pensamento estrat\u00e9gico levar\u00e3o a vit\u00f3rias consistentes. Isso \u00e9 o oposto da abordagem de jogos de azar em cassinos, onde voc\u00ea depende do sucesso no curto prazo.<\/p>\n\n\n\n<div class=\"green-block\">\n<p style=\"margin-bottom:0\">\ud83c\udf93 Observar jogadores profissionais de poker ajuda a entender o aspecto de habilidade do jogo. Esses jogadores passam anos aperfei\u00e7oando sua pr\u00e1tica. Eles <strong>estudam o jogo<\/strong>, <strong>analisam m\u00e3os<\/strong> e <strong>trabalham constantemente para melhorar suas habilidades<\/strong>. Eles compreendem profundamente os aspectos matem\u00e1ticos e psicol\u00f3gicos do poker.<\/p>\n<\/div>\n\n\n\n<p>Em grandes torneios de poker, como a World Series of Poker (WSOP), os mesmos jogadores frequentemente chegam \u00e0s mesas finais ano ap\u00f3s ano. Como Mark Newhouse fez em 2013 e 2014, terminando em 9\u00ba lugar no torneio de poker mais popular do mundo por dois anos consecutivos.<\/p>\n\n\n\n<figure class=\"wp-block-embed is-type-video is-provider-youtube wp-block-embed-youtube wp-embed-aspect-16-9 wp-has-aspect-ratio\"><div class=\"wp-block-embed__wrapper\">\n<div class=\"jetpack-video-wrapper\"><iframe loading=\"lazy\" title=\"Mark Newhouse Finishes Ninth, Again | 2014 WSOP Main Event: Final Table | PokerGO\" width=\"700\" height=\"394\" src=\"https:\/\/www.youtube.com\/embed\/mD5dYRAP8bs?feature=oembed\" frameborder=\"0\" allow=\"accelerometer; autoplay; clipboard-write; encrypted-media; gyroscope; picture-in-picture; web-share\" referrerpolicy=\"strict-origin-when-cross-origin\" allowfullscreen><\/iframe><\/div>\n<\/div><\/figure>\n\n\n\n<p>Se o poker fosse puramente um jogo de sorte, esperar\u00edamos ver uma variedade muito maior de vencedores. O fato de certos jogadores apresentarem resultados consistentes \u00e9 uma forte evid\u00eancia de que a habilidade desempenha um papel dominante.<\/p>\n\n\n\n<p>O verdadeiro desafio para jogadores profissionais de poker \u00e9 que \u00e0s vezes a sorte pode se tornar um problema mesmo no longo prazo. Existe um termo na teoria da probabilidade chamado \u201cvari\u00e2ncia\u201d. Em palavras simples, significa um \u201cdesvio\u201d em rela\u00e7\u00e3o ao resultado mais prov\u00e1vel \u2014 e esse desvio \u00e0s vezes pode ser enorme.<\/p>\n\n\n\n<figure class=\"wp-block-image size-large is-resized\"><img loading=\"lazy\" decoding=\"async\" src=\"https:\/\/hand2noteguide.com\/wp-content\/uploads\/2024\/09\/variance-min-1024x499.png\" alt=\"\" class=\"wp-image-8051\" width=\"840\" height=\"409\" srcset=\"https:\/\/hand2noteguide.com\/wp-content\/uploads\/2024\/09\/variance-min-1024x499.png 1024w, https:\/\/hand2noteguide.com\/wp-content\/uploads\/2024\/09\/variance-min-300x146.png 300w, https:\/\/hand2noteguide.com\/wp-content\/uploads\/2024\/09\/variance-min-768x374.png 768w, https:\/\/hand2noteguide.com\/wp-content\/uploads\/2024\/09\/variance-min-1536x748.png 1536w, https:\/\/hand2noteguide.com\/wp-content\/uploads\/2024\/09\/variance-min-772x376.png 772w, https:\/\/hand2noteguide.com\/wp-content\/uploads\/2024\/09\/variance-min-624x304.png 624w, https:\/\/hand2noteguide.com\/wp-content\/uploads\/2024\/09\/variance-min.png 1880w\" sizes=\"auto, (max-width: 840px) 100vw, 840px\" \/><figcaption class=\"wp-element-caption\">Um exemplo do <a href=\"https:\/\/www.primedope.com\/poker-variance-calculator\/\" target=\"_blank\" aria-label=\"undefined (opens in a new tab)\" rel=\"noreferrer noopener nofollow\">calculador de vari\u00e2ncia no poker<\/a>. Jogando a mesma estrat\u00e9gia por 30.000 m\u00e3os, os resultados podem ser drasticamente diferentes.<\/figcaption><\/figure>\n\n\n\n<p>Vamos supor que voc\u00ea jogue uma moeda para o alto 100 vezes. Vamos chamar essas 100 jogadas de uma \u201ctentativa\u201d. Agora imagine que voc\u00ea fa\u00e7a milh\u00f5es dessas tentativas. Na maioria delas, voc\u00ea obter\u00e1 um resultado m\u00e9dio pr\u00f3ximo de 50\u201150 entre cara e coroa, talvez um pouco deslocado para um lado \u2014 como 52\u201148, 57\u201143, 39\u201161 etc. Mas haver\u00e1 algumas tentativas que v\u00e3o surpreender voc\u00ea \u2014 como 91\u20119. Parece imposs\u00edvel, mas em milh\u00f5es de tentativas isso tamb\u00e9m acontecer\u00e1. No poker \u00e9 parecido: alguns profissionais t\u00eam menos sorte que outros e podem perder in\u00fameros potes importantes ano ap\u00f3s ano. Por\u00e9m, na vida real, voc\u00ea n\u00e3o tem a oportunidade de simular muitas \u201ctentativas\u201d; voc\u00ea tem apenas uma vida. E <strong>uma \u00fanica vida humana pode n\u00e3o ser suficiente para vencer a vari\u00e2ncia no poker<\/strong>.<\/p>\n\n\n\n<h2 class=\"wp-block-heading\">Sorte vs. habilidade em torneios de poker<\/h2>\n\n\n\n<p>Em um torneio de poker, os jogadores come\u00e7am com uma quantidade fixa de fichas e competem at\u00e9 que um jogador tenha todas as fichas. \u2b50 <strong>Em um \u00fanico torneio, a sorte desempenha um papel crucial.<\/strong> As cartas que voc\u00ea recebe e o momento em que elas aparecem podem influenciar muito seu sucesso. Mesmo o melhor jogador do mundo pode ser eliminado cedo se enfrentar uma sequ\u00eancia de azar. \u00c9 por isso que, no curto prazo, a sorte muitas vezes decide quem vence e quem perde.<\/p>\n\n\n\n<figure class=\"wp-block-embed is-type-video is-provider-youtube wp-block-embed-youtube wp-embed-aspect-16-9 wp-has-aspect-ratio\"><div class=\"wp-block-embed__wrapper\">\n<div class=\"jetpack-video-wrapper\"><iframe loading=\"lazy\" title=\"Heartbreak in the Biggest World Series of Poker Main Event in History! [INSANE HAND]\" width=\"700\" height=\"394\" src=\"https:\/\/www.youtube.com\/embed\/OP_TWxC0hDA?feature=oembed\" frameborder=\"0\" allow=\"accelerometer; autoplay; clipboard-write; encrypted-media; gyroscope; picture-in-picture; web-share\" referrerpolicy=\"strict-origin-when-cross-origin\" allowfullscreen><\/iframe><\/div>\n<\/div><\/figure>\n\n\n\n<p>No entanto, a habilidade continua sendo importante. Jogadores habilidosos sabem como maximizar seus ganhos quando t\u00eam boas m\u00e3os e minimizar perdas quando n\u00e3o t\u00eam. Eles entendem as estrat\u00e9gias do jogo e sabem como ler seus oponentes.<\/p>\n\n\n\n<p>Mas mesmo os jogadores mais habilidosos n\u00e3o conseguem controlar a sorte em um \u00fanico torneio. Por isso os profissionais jogam muitos torneios. <strong>Ao longo de um grande n\u00famero de torneios, a habilidade se torna o fator dominante.<\/strong> A sorte das cartas se equilibra com o tempo, e os melhores jogadores apresentam resultados consistentes.<\/p>\n\n\n\n<p>Em resumo, embora a sorte tenha mais import\u00e2ncia em um \u00fanico torneio de poker, \u00e9 a habilidade que permite a um bom jogador ter sucesso no longo prazo. Quanto mais torneios voc\u00ea joga, mais a habilidade prevalece e menor \u00e9 o papel da sorte no seu resultado geral.<\/p>\n\n\n\n<h2 class=\"wp-block-heading\">A perspectiva legal: o poker \u00e9 um jogo de habilidade?<\/h2>\n\n\n\n<p>A quest\u00e3o de saber se o poker \u00e9 um jogo de sorte ou habilidade tamb\u00e9m tem implica\u00e7\u00f5es legais. Em alguns pa\u00edses e estados, jogos de azar (como roleta) s\u00e3o fortemente regulamentados ou at\u00e9 ilegais, enquanto jogos de habilidade (como xadrez) n\u00e3o s\u00e3o. A classifica\u00e7\u00e3o do poker pode determinar como ele \u00e9 regulamentado.<\/p>\n\n\n\n<p>Em muitos lugares, tribunais decidiram que o poker \u00e9 um jogo de habilidade. Por exemplo, em 2012, <strong>um \ud83d\udc68\ud83c\udffb\u200d\u2696\ufe0f juiz federal em Nova York decidiu que o poker \u00e9 mais um jogo de habilidade<\/strong> do que de sorte e, portanto, n\u00e3o deve estar sujeito \u00e0s mesmas leis de jogos de azar aplicadas aos jogos puramente de sorte. Essa decis\u00e3o foi baseada no argumento de que, embora a sorte tenha um papel no curto prazo, a habilidade \u00e9 o fator dominante no longo prazo.<\/p>\n\n\n\n<div class=\"green-block\">\n<p style=\"margin-bottom:0\">\ud83c\udfdb\ufe0f N\u00e3o existe uma posi\u00e7\u00e3o \u00fanica no ambiente legislativo mundial sobre em qual categoria de jogos o poker deve ser classificado.<\/p>\n<\/div>\n\n\n\n<p>As leis em diferentes pa\u00edses podem variar drasticamente. Em alguns, o poker \u00e9 estritamente proibido junto com jogos de azar como ca\u00e7a\u2011n\u00edqueis ou roleta, enquanto em outros o poker \u00e9 considerado um esporte profissional e competi\u00e7\u00f5es oficiais s\u00e3o realizadas.<\/p>\n\n\n\n<h2 class=\"wp-block-heading\">Conclus\u00e3o: o poker \u00e9 um jogo de sorte ou habilidade?<\/h2>\n\n\n\n<p>Ent\u00e3o, afinal, o poker \u00e9 um jogo de sorte ou de habilidade? A resposta \u00e9 que<strong> \u00e9 os dois.<\/strong> A sorte tem mais influ\u00eancia em uma m\u00e3o ou jogo espec\u00edfico, enquanto a habilidade assume o papel principal ao longo do tempo. Jogadores habilidosos entendem as probabilidades, sabem <a href=\"\/pt\/poker\/poker-bluff\/\">quando blefar<\/a> e conseguem ler seus oponentes. Eles superam consistentemente jogadores menos habilidosos, provando que o poker \u00e9 fundamentalmente um jogo de habilidade.<\/p>\n\n\n\n<p>Para jogadores recreativos, o elemento de sorte torna o poker emocionante e acess\u00edvel. Qualquer pessoa pode ganhar uma m\u00e3o, at\u00e9 mesmo contra o melhor jogador de poker do planeta. Mas para aqueles que querem ter sucesso no longo prazo, desenvolver suas habilidades e <a href=\"\/pt\/poker\/5-best-online-poker-training-sites\/\">treinar<\/a> \u00e9 essencial, assim como em qualquer outro esporte profissional. O poker \u00e9 um jogo complexo e fascinante que exige tanto sorte quanto habilidade, o que o torna um dos jogos de cartas mais incr\u00edveis j\u00e1 criados.<\/p>\n","protected":false},"excerpt":{"rendered":"<p>O poker \u00e9 um dos jogos de cartas mais populares do mundo. Milh\u00f5es de pessoas jogam, tanto casualmente quanto profissionalmente. Mas uma pergunta surge com frequ\u00eancia: o poker \u00e9 um jogo de sorte ou de habilidade? Esse debate acontece h\u00e1 muitos anos, com argumentos fortes dos dois lados. O poker \u00e9 uma mistura de \ud83c\udf40 &hellip; <a href=\"https:\/\/hand2noteguide.com\/pt\/poker\/is-poker-luck-or-skill\/\" class=\"more-link\">Continue reading <span class=\"screen-reader-text\">O poker \u00e9 um jogo de sorte ou habilidade?<\/span><\/a><\/p>\n","protected":false},"author":1,"featured_media":0,"parent":7017,"menu_order":0,"comment_status":"closed","ping_status":"closed","template":"","meta":{"footnotes":""},"class_list":["post-8034","page","type-page","status-publish","hentry"],"translation":{"provider":"WPGlobus","version":"3.0.2","language":"pt","enabled_languages":["en","ru","pt","zh","es","fr","de","it","ja"],"languages":{"en":{"title":true,"content":true,"excerpt":false},"ru":{"title":true,"content":true,"excerpt":false},"pt":{"title":true,"content":true,"excerpt":false},"zh":{"title":true,"content":true,"excerpt":false},"es":{"title":true,"content":true,"excerpt":false},"fr":{"title":true,"content":true,"excerpt":false},"de":{"title":true,"content":true,"excerpt":false},"it":{"title":true,"content":true,"excerpt":false},"ja":{"title":true,"content":true,"excerpt":false}}},"yoast_head":"<!-- This site is optimized with the Yoast SEO plugin v27.0 - https:\/\/yoast.com\/product\/yoast-seo-wordpress\/ -->\n<title>O poker \u00e9 um jogo de sorte ou habilidade?<\/title>\n<meta name=\"description\" content=\"H\u00e1 anos se discute: o poker \u00e9 um jogo de sorte ou habilidade? No come\u00e7o, a sorte pesa, mas quem domina de verdade \u00e9 a habilidade, com estrat\u00e9gia e experi\u00eancia.\" \/>\n<meta name=\"robots\" content=\"index, follow, max-snippet:-1, max-image-preview:large, max-video-preview:-1\" \/>\n<link rel=\"canonical\" href=\"https:\/\/hand2noteguide.com\/poker\/is-poker-luck-or-skill\/\" \/>\n<meta property=\"og:locale\" content=\"pt_PT\" \/>\n<meta property=\"og:type\" content=\"article\" \/>\n<meta property=\"og:title\" content=\"O poker \u00e9 um jogo de sorte ou habilidade?\" \/>\n<meta property=\"og:description\" content=\"H\u00e1 anos se discute: o poker \u00e9 um jogo de sorte ou habilidade? No come\u00e7o, a sorte pesa, mas quem domina de verdade \u00e9 a habilidade, com estrat\u00e9gia e experi\u00eancia.\" \/>\n<meta property=\"og:url\" content=\"https:\/\/hand2noteguide.com\/poker\/is-poker-luck-or-skill\/\" \/>\n<meta property=\"og:site_name\" content=\"Hand2Note Guide\" \/>\n<meta property=\"article:modified_time\" content=\"2026-03-11T11:30:38+00:00\" \/>\n<meta property=\"og:image\" content=\"https:\/\/hand2noteguide.com\/wp-content\/uploads\/2024\/09\/variance-min.png\" \/>\n\t<meta property=\"og:image:width\" content=\"1880\" \/>\n\t<meta property=\"og:image:height\" content=\"916\" \/>\n\t<meta property=\"og:image:type\" content=\"image\/png\" \/>\n<meta name=\"twitter:card\" content=\"summary_large_image\" \/>\n<meta name=\"twitter:label1\" content=\"Est. reading time\" \/>\n\t<meta name=\"twitter:data1\" content=\"56 minutes\" \/>\n<!-- \/ Yoast SEO plugin. -->","yoast_head_json":{"title":"O poker \u00e9 um jogo de sorte ou habilidade?","description":"H\u00e1 anos se discute: o poker \u00e9 um jogo de sorte ou habilidade? No come\u00e7o, a sorte pesa, mas quem domina de verdade \u00e9 a habilidade, com estrat\u00e9gia e experi\u00eancia.","robots":{"index":"index","follow":"follow","max-snippet":"max-snippet:-1","max-image-preview":"max-image-preview:large","max-video-preview":"max-video-preview:-1"},"canonical":"https:\/\/hand2noteguide.com\/poker\/is-poker-luck-or-skill\/","og_locale":"pt_PT","og_type":"article","og_title":"O poker \u00e9 um jogo de sorte ou habilidade?","og_description":"H\u00e1 anos se discute: o poker \u00e9 um jogo de sorte ou habilidade? No come\u00e7o, a sorte pesa, mas quem domina de verdade \u00e9 a habilidade, com estrat\u00e9gia e experi\u00eancia.","og_url":"https:\/\/hand2noteguide.com\/poker\/is-poker-luck-or-skill\/","og_site_name":"Hand2Note Guide","article_modified_time":"2026-03-11T11:30:38+00:00","og_image":[{"width":1880,"height":916,"url":"https:\/\/hand2noteguide.com\/wp-content\/uploads\/2024\/09\/variance-min.png","type":"image\/png"}],"twitter_card":"summary_large_image","twitter_misc":{"Est. reading time":"56 minutes"},"schema":{"@context":"https:\/\/schema.org","@graph":[]}},"jetpack_sharing_enabled":true,"_links":{"self":[{"href":"https:\/\/hand2noteguide.com\/pt\/wp-json\/wp\/v2\/pages\/8034","targetHints":{"allow":["GET"]}}],"collection":[{"href":"https:\/\/hand2noteguide.com\/pt\/wp-json\/wp\/v2\/pages"}],"about":[{"href":"https:\/\/hand2noteguide.com\/pt\/wp-json\/wp\/v2\/types\/page"}],"author":[{"embeddable":true,"href":"https:\/\/hand2noteguide.com\/pt\/wp-json\/wp\/v2\/users\/1"}],"replies":[{"embeddable":true,"href":"https:\/\/hand2noteguide.com\/pt\/wp-json\/wp\/v2\/comments?post=8034"}],"version-history":[{"count":38,"href":"https:\/\/hand2noteguide.com\/pt\/wp-json\/wp\/v2\/pages\/8034\/revisions"}],"predecessor-version":[{"id":15790,"href":"https:\/\/hand2noteguide.com\/pt\/wp-json\/wp\/v2\/pages\/8034\/revisions\/15790"}],"up":[{"embeddable":true,"href":"https:\/\/hand2noteguide.com\/pt\/wp-json\/wp\/v2\/pages\/7017"}],"wp:attachment":[{"href":"https:\/\/hand2noteguide.com\/pt\/wp-json\/wp\/v2\/media?parent=8034"}],"curies":[{"name":"wp","href":"https:\/\/api.w.org\/{rel}","templated":true}]}}