{"id":8133,"date":"2024-09-12T11:15:43","date_gmt":"2024-09-12T08:15:43","guid":{"rendered":"https:\/\/hand2noteguide.com\/?page_id=8133"},"modified":"2026-03-11T14:29:10","modified_gmt":"2026-03-11T11:29:10","slug":"poker-hud","status":"publish","type":"page","link":"https:\/\/hand2noteguide.com\/pt\/poker\/poker-hud\/","title":{"rendered":"HUD de poker: o guia definitivo para iniciantes"},"content":{"rendered":"\n<p>Se voc\u00ea \u00e9 novo no poker online, provavelmente j\u00e1 ouviu falar de um &#8220;Poker HUD&#8221;, mas talvez n\u00e3o tenha certeza do que \u00e9 ou de como us\u00e1-lo.<\/p>\n\n\n\n<div class=\"green-block\">\n<p style=\"margin-bottom:0\">\ud83d\udc68\ud83c\udffb\u200d\ud83d\udcbb <b>Um Poker HUD<\/b> (Heads-Up Display) \u00e9 uma ferramenta que <b>mostra estat\u00edsticas sobre seus oponentes em tempo real<\/b> enquanto voc\u00ea joga.<\/p>\n<\/div>\n\n\n\n<p>O HUD ajuda voc\u00ea a tomar decis\u00f5es melhores ao fornecer dados sobre como seus oponentes jogam. Neste guia, vamos explicar em detalhes o que \u00e9 um Poker HUD, por que voc\u00ea deve usar um e como come\u00e7ar.<\/p>\n\n\n\n<h2 class=\"wp-block-heading\">O que \u00e9 um poker HUD?<\/h2>\n\n\n\n<p>Um Poker HUD \u00e9 uma ferramenta de software que coleta dados sobre seus oponentes enquanto voc\u00ea joga. Depois, ele apresenta esses dados na forma de estat\u00edsticas diretamente na mesa de poker. Essas estat\u00edsticas oferecem uma vis\u00e3o r\u00e1pida de como seus oponentes costumam jogar, permitindo que voc\u00ea ajuste sua estrat\u00e9gia de acordo.<\/p>\n\n\n\n<figure class=\"wp-block-image size-full\"><img loading=\"lazy\" decoding=\"async\" width=\"907\" height=\"627\" src=\"http:\/\/hand2noteguide.com\/wp-content\/uploads\/2024\/05\/hud-2-min.png\" alt=\"Hand2Note HUD at PokerStars table\" class=\"wp-image-6823\" srcset=\"https:\/\/hand2noteguide.com\/wp-content\/uploads\/2024\/05\/hud-2-min.png 907w, https:\/\/hand2noteguide.com\/wp-content\/uploads\/2024\/05\/hud-2-min-300x207.png 300w, https:\/\/hand2noteguide.com\/wp-content\/uploads\/2024\/05\/hud-2-min-768x531.png 768w, https:\/\/hand2noteguide.com\/wp-content\/uploads\/2024\/05\/hud-2-min-772x534.png 772w, https:\/\/hand2noteguide.com\/wp-content\/uploads\/2024\/05\/hud-2-min-624x431.png 624w\" sizes=\"auto, (max-width: 907px) 100vw, 907px\" \/><figcaption class=\"wp-element-caption\"><a href=\"https:\/\/hand2note.com\/\" target=\"_blank\" aria-label=\"undefined (opens in a new tab)\" rel=\"noreferrer noopener\">HUD do Hand2Note<\/a> na mesa do PokerStars<\/figcaption><\/figure>\n\n\n\n<p>Por exemplo, um HUD de poker pode mostrar:<\/p>\n\n\n\n<ul class=\"wp-block-list\">\n<li>Com que frequ\u00eancia um jogador aumenta antes do flop<\/li>\n\n\n\n<li>Com que frequ\u00eancia ele desiste contra uma continuation bet<\/li>\n\n\n\n<li>Com que frequ\u00eancia ele vai all-in em determinadas situa\u00e7\u00f5es<\/li>\n<\/ul>\n\n\n\n<p>Esses n\u00fameros ajudam voc\u00ea a prever os movimentos dos oponentes e a classificar seus estilos de jogo \u2014 agressivo ou passivo, tight ou loose, e assim por diante.<\/p>\n\n\n\n<h2 class=\"wp-block-heading\">Por que usar um poker HUD?<\/h2>\n\n\n\n<p>Um HUD oferece uma vantagem sobre seus oponentes. Veja alguns dos principais benef\u00edcios:<\/p>\n\n\n\n<ul class=\"wp-block-list\">\n<li>\ud83e\udde0 <strong>Tomada de decis\u00e3o melhor<\/strong>. Com um HUD, voc\u00ea tem mais informa\u00e7\u00f5es para basear suas decis\u00f5es. Voc\u00ea pode identificar padr\u00f5es no jogo dos oponentes e explorar suas fraquezas.<\/li>\n\n\n\n<li>\ud83e\uddd8\u200d\u2642\ufe0f <strong>Economia de energia mental<\/strong>. Em vez de tentar lembrar como cada jogador da mesa joga, o HUD registra tudo para voc\u00ea. Isso libera sua mente para outras decis\u00f5es importantes.<\/li>\n\n\n\n<li>\u2699\ufe0f <strong>Adapta\u00e7\u00e3o r\u00e1pida<\/strong>. O poker online \u00e9 r\u00e1pido. Um HUD ajuda voc\u00ea a se adaptar rapidamente a novos jogadores na mesa, mostrando suas estat\u00edsticas em poucos minutos.<\/li>\n\n\n\n<li>\ud83d\udcc8 <strong>Melhora no seu jogo<\/strong>. Revisar suas pr\u00f3prias estat\u00edsticas do HUD ap\u00f3s uma sess\u00e3o pode ajudar a identificar leaks no seu jogo. Voc\u00ea ver\u00e1 onde est\u00e1 perdendo dinheiro e poder\u00e1 trabalhar nessas \u00e1reas.<\/li>\n<\/ul>\n\n\n\n<h2 class=\"wp-block-heading\">Principais <a href=\"\/pt\/poker\/poker-hud-stats\/\">estat\u00edsticas de HUD no poker<\/a> para iniciantes<\/h2>\n\n\n\n<p>Existem muitas estat\u00edsticas que um Poker HUD pode mostrar, mas como iniciante voc\u00ea deve focar em algumas das principais:<\/p>\n\n\n\n<ul class=\"wp-block-list\">\n<li><strong>VPIP (Voluntarily Put Money in Pot)<\/strong>. Essa estat\u00edstica mostra com que frequ\u00eancia um jogador coloca dinheiro no pote voluntariamente (excluindo os blinds). Um VPIP alto significa que o jogador \u00e9 loose (joga muitas m\u00e3os), enquanto um VPIP baixo indica um jogador tight (joga apenas m\u00e3os fortes). <img decoding=\"async\" alt=\"poker vpip\" src=\"http:\/\/hand2noteguide.com\/wp-content\/uploads\/2024\/09\/VPIP-min.jpg\"> <\/li>\n<\/ul>\n\n\n\n<ul class=\"wp-block-list\">\n<li><strong>PFR (Pre-Flop Raise)<\/strong>. Mostra com que frequ\u00eancia um jogador aumenta antes do flop. Um PFR alto indica um jogador agressivo, enquanto um PFR baixo sugere um estilo mais passivo.<\/li>\n\n\n\n<li><strong>AFq (Aggression Frequency)<\/strong>. Essa estat\u00edstica mede com que frequ\u00eancia um jogador escolhe apostar ou aumentar em rela\u00e7\u00e3o a folds, checks e calls. Um AFq alto sugere um jogador agressivo, enquanto um AFq baixo indica passividade.<\/li>\n\n\n\n<li><a href=\"\/pt\/poker\/3bet-in-poker\/\"><strong>3-Bet<\/strong><\/a>. Mostra com que frequ\u00eancia um jogador aplica uma 3-bet (re-raise) antes do flop. Uma porcentagem alta de 3-bet indica um jogador que costuma colocar press\u00e3o com re-raises.<\/li>\n\n\n\n<li><strong>Fold to C-Bet<\/strong>. Essa estat\u00edstica mostra com que frequ\u00eancia um jogador desiste diante de uma continuation bet (uma aposta feita pelo agressor pr\u00e9-flop no flop). Uma porcentagem alta significa que ele frequentemente abandona a m\u00e3o contra c-bets, ent\u00e3o voc\u00ea pode explorar isso apostando mais vezes.<\/li>\n\n\n\n<li><strong>WTSD (Went to Showdown)<\/strong>. Mostra com que frequ\u00eancia um jogador vai at\u00e9 o showdown depois de ver o flop. Um WTSD alto significa que o jogador gosta de ir at\u00e9 o showdown e pode ser uma &#8220;calling station&#8221; que dificilmente larga a m\u00e3o e frequentemente pagar\u00e1 suas m\u00e3os fortes.<\/li>\n<\/ul>\n\n\n\n<div class=\"green-block\">\n<p style=\"margin-bottom:0\">\ud83d\udc49 Leia nosso artigo sobre <a href=\"\/pt\/poker\/poker-hud-stats\/\"><strong>estat\u00edsticas de poker<\/strong><\/a> para ver uma lista mais completa de stats com an\u00e1lise dos seus valores.<\/p>\n<\/div>\n\n\n\n<h2 class=\"wp-block-heading\">Como configurar um poker HUD<\/h2>\n\n\n\n<p>Configurar um Poker HUD \u00e9 relativamente simples. Veja um guia passo a passo:<\/p>\n\n\n\n<h3 class=\"wp-block-heading\">1. Escolha e instale um software de HUD<\/h3>\n\n\n\n<p>Existem v\u00e1rios programas de tracking de poker que oferecem ferramentas de HUD. A maioria dos jogadores profissionais online usa o <strong>Hand2Note<\/strong> \u2014 o software de HUD de poker mais r\u00e1pido, conveniente, funcional e f\u00e1cil de usar. Ele est\u00e1 <a href=\"https:\/\/hand2note.com\/Help\/hand2note-vs-other-tools\" target=\"_blank\" rel=\"noreferrer noopener\">\u00e0 frente de todos os concorrentes em todos os aspectos<\/a> \u2014 funcionalidade, interface, confiabilidade e velocidade.<\/p>\n\n\n<div class=\"wp-block-h2n-cta-button\" style=\"text-align: left;\"><a href=\"https:\/\/hand2noteguide.com\/pt\/go\/hand2note\/\" class=\"btn btn-primary\" target=\"_blank\" rel=\"noopener noreferrer nofollow sponsored\">Baixar Hand2Note<\/a><\/div>\n\n\n<figure class=\"wp-block-image size-large\"><img loading=\"lazy\" decoding=\"async\" width=\"1024\" height=\"638\" src=\"https:\/\/hand2noteguide.com\/wp-content\/uploads\/2024\/09\/hand2note-min-1024x638.png\" alt=\"\" class=\"wp-image-8163\" srcset=\"https:\/\/hand2noteguide.com\/wp-content\/uploads\/2024\/09\/hand2note-min-1024x638.png 1024w, https:\/\/hand2noteguide.com\/wp-content\/uploads\/2024\/09\/hand2note-min-300x187.png 300w, https:\/\/hand2noteguide.com\/wp-content\/uploads\/2024\/09\/hand2note-min-768x478.png 768w, https:\/\/hand2noteguide.com\/wp-content\/uploads\/2024\/09\/hand2note-min-1536x956.png 1536w, https:\/\/hand2noteguide.com\/wp-content\/uploads\/2024\/09\/hand2note-min-772x481.png 772w, https:\/\/hand2noteguide.com\/wp-content\/uploads\/2024\/09\/hand2note-min-624x389.png 624w, https:\/\/hand2noteguide.com\/wp-content\/uploads\/2024\/09\/hand2note-min.png 1590w\" sizes=\"auto, (max-width: 1024px) 100vw, 1024px\" \/><figcaption class=\"wp-element-caption\">Hand2Note \u00e9 um dos principais softwares de HUD do mercado<\/figcaption><\/figure>\n\n\n\n<p>Entre outras op\u00e7\u00f5es de software de HUD, vale mencionar os &#8220;veteranos&#8221; do mercado \u2014 <strong>PokerTracker 4<\/strong> e <strong>Holdem Manager 3<\/strong>. Essas marcas s\u00e3o muito populares na comunidade de poker. Durante muito tempo foram praticamente monopolistas, at\u00e9 serem substitu\u00eddas por softwares mais modernos. Tanto o PokerTracker 4 quanto o Holdem Manager 3 s\u00e3o programas pagos, mas oferecem um per\u00edodo de teste gratuito para que voc\u00ea possa experimentar.<\/p>\n\n\n\n<p>Para que voc\u00ea tenha uma vis\u00e3o mais ampla do mercado de softwares de poker, tamb\u00e9m vale mencionar algumas op\u00e7\u00f5es menos populares, mas ainda assim interessantes para alguns jogadores. S\u00e3o elas <strong>Poker Copilot<\/strong> e <strong>DriveHUD<\/strong>. Elas podem ser adequadas para iniciantes que est\u00e3o come\u00e7ando a estudar ferramentas de HUD.<\/p>\n\n\n\n<h3 class=\"wp-block-heading\">2. Siga o guia de configura\u00e7\u00e3o do HUD<\/h3>\n\n\n\n<p>Depois de instalar seu software de tracking de poker, voc\u00ea precisa seguir o guia padr\u00e3o da ferramenta para executar o HUD na sua sala de poker.<\/p>\n\n\n\n<p>No Hand2Note, nenhum passo adicional \u00e9 necess\u00e1rio: basta abrir o Hand2Note e a mesa ao mesmo tempo \u2014 o HUD deve aparecer ap\u00f3s cerca de um minuto. Para outros softwares de poker, consulte os guias de usu\u00e1rio dispon\u00edveis nos sites oficiais.<\/p>\n\n\n\n<h3 class=\"wp-block-heading\">3. Comece a jogar!<\/h3>\n\n\n\n<p>Agora \u00e9 s\u00f3 jogar. Quanto mais voc\u00ea joga, mais dados s\u00e3o acumulados e mais precisas ser\u00e3o as estat\u00edsticas que voc\u00ea ver\u00e1 sobre seus oponentes. Voc\u00ea perceber\u00e1 que o HUD \u00e9 atualizado ap\u00f3s cada m\u00e3o jogada.<\/p>\n\n\n\n<figure class=\"wp-block-image size-full\"><img loading=\"lazy\" decoding=\"async\" width=\"916\" height=\"559\" src=\"http:\/\/hand2noteguide.com\/wp-content\/uploads\/2020\/07\/best-poker-tracker-hud.png\" alt=\"poker hud in action\" class=\"wp-image-2876\" srcset=\"https:\/\/hand2noteguide.com\/wp-content\/uploads\/2020\/07\/best-poker-tracker-hud.png 916w, https:\/\/hand2noteguide.com\/wp-content\/uploads\/2020\/07\/best-poker-tracker-hud-300x183.png 300w, https:\/\/hand2noteguide.com\/wp-content\/uploads\/2020\/07\/best-poker-tracker-hud-768x469.png 768w, https:\/\/hand2noteguide.com\/wp-content\/uploads\/2020\/07\/best-poker-tracker-hud-772x471.png 772w, https:\/\/hand2noteguide.com\/wp-content\/uploads\/2020\/07\/best-poker-tracker-hud-624x381.png 624w\" sizes=\"auto, (max-width: 916px) 100vw, 916px\" \/><figcaption class=\"wp-element-caption\">HUD de poker em a\u00e7\u00e3o<\/figcaption><\/figure>\n\n\n\n<p>N\u00e3o recomendamos dar muita aten\u00e7\u00e3o \u00e0s estat\u00edsticas logo no come\u00e7o, j\u00e1 que voc\u00ea acabou de come\u00e7ar a usar essa ferramenta. Fique de olho nelas, mas n\u00e3o fique obcecado com os n\u00fameros. Comece usando apenas as <a href=\"\/pt\/poker\/poker-hud-stats\/\">estat\u00edsticas VPIP e PFR<\/a> para identificar o estilo geral de jogo dos seus oponentes.<\/p>\n\n\n\n<h3 class=\"wp-block-heading\">4. Pr\u00f3ximo passo: personalize seu HUD<\/h3>\n\n\n\n<p>\u00c0 medida que voc\u00ea se acostuma a usar um HUD, naturalmente vai querer expandi\u2011lo, melhor\u00e1\u2011lo e otimiz\u00e1\u2011lo. O Hand2Note e outros programas de poker oferecem ferramentas para criar seu pr\u00f3prio HUD e estat\u00edsticas.<\/p>\n\n\n\n<figure class=\"wp-block-image size-large\"><img loading=\"lazy\" decoding=\"async\" width=\"1024\" height=\"608\" src=\"https:\/\/hand2noteguide.com\/wp-content\/uploads\/2024\/09\/hud-editor-min-1024x608.png\" alt=\"\" class=\"wp-image-8167\" srcset=\"https:\/\/hand2noteguide.com\/wp-content\/uploads\/2024\/09\/hud-editor-min-1024x608.png 1024w, https:\/\/hand2noteguide.com\/wp-content\/uploads\/2024\/09\/hud-editor-min-300x178.png 300w, https:\/\/hand2noteguide.com\/wp-content\/uploads\/2024\/09\/hud-editor-min-768x456.png 768w, https:\/\/hand2noteguide.com\/wp-content\/uploads\/2024\/09\/hud-editor-min-1536x911.png 1536w, https:\/\/hand2noteguide.com\/wp-content\/uploads\/2024\/09\/hud-editor-min-2048x1215.png 2048w, https:\/\/hand2noteguide.com\/wp-content\/uploads\/2024\/09\/hud-editor-min-772x458.png 772w, https:\/\/hand2noteguide.com\/wp-content\/uploads\/2024\/09\/hud-editor-min-624x370.png 624w\" sizes=\"auto, (max-width: 1024px) 100vw, 1024px\" \/><figcaption class=\"wp-element-caption\">Personalizando o HUD no Editor<\/figcaption><\/figure>\n\n\n\n<p>Voc\u00ea tamb\u00e9m pode comprar pacotes profissionais prontos de HUD e estat\u00edsticas na <a aria-label=\"undefined (opens in a new tab)\" href=\"https:\/\/hudstore.poker\/\" target=\"_blank\" rel=\"noreferrer noopener\"><strong>Poker HUD Store<\/strong><\/a>. Essa \u00e9 uma \u00f3tima op\u00e7\u00e3o para economizar tempo e confiar em solu\u00e7\u00f5es profissionais. Na loja, voc\u00ea encontrar\u00e1 pacotes confi\u00e1veis criados por desenvolvedores profissionais de HUD e jogadores bem-sucedidos. Voc\u00ea tamb\u00e9m pode <a aria-label=\"undefined (opens in a new tab)\" href=\"https:\/\/www.hudstore.poker\/custom-hud\" target=\"_blank\" rel=\"noreferrer noopener\"><strong>encomendar um HUD personalizado<\/strong><\/a> com um especialista oficial do Hand2Note.<\/p>\n\n\n\n<h2 class=\"wp-block-heading\">Dicas para usar um poker HUD de forma eficaz<\/h2>\n\n\n\n<ul class=\"wp-block-list\">\n<li>\u2714\ufe0f <strong>Comece simples<\/strong>. No in\u00edcio, foque nas estat\u00edsticas mais b\u00e1sicas: VPIP, PFR e <a href=\"\/pt\/poker\/3bet-in-poker\/\">3Bet<\/a>. Conforme ganhar experi\u00eancia, voc\u00ea poder\u00e1 adicionar estat\u00edsticas mais avan\u00e7adas ao seu HUD.<\/li>\n\n\n\n<li>\u2714\ufe0f <strong>Ajuste ao tamanho da amostra<\/strong>. A confiabilidade das estat\u00edsticas do HUD depende do n\u00famero de m\u00e3os que voc\u00ea tem contra um oponente. Um grande volume de m\u00e3os fornece dados mais precisos, enquanto uma amostra pequena pode ser enganosa.<\/li>\n\n\n\n<li>\u2714\ufe0f <strong>Use cores nas estat\u00edsticas<\/strong>. A maioria dos HUDs permite aplicar cores \u00e0s estat\u00edsticas para facilitar a leitura. Por exemplo, voc\u00ea pode usar verde para jogadores com VPIP alto (loose) e vermelho para jogadores com VPIP baixo (tight).<\/li>\n\n\n\n<li>\u2714\ufe0f <strong>Revise suas sess\u00f5es<\/strong>. Ap\u00f3s uma sess\u00e3o, analise os dados do HUD para identificar padr\u00f5es no seu pr\u00f3prio jogo e \u00e1reas que precisam de melhoria.<\/li>\n<\/ul>\n\n\n\n<h2 class=\"wp-block-heading\">Erros comuns a evitar<\/h2>\n\n\n\n<ul class=\"wp-block-list\">\n<li>\ud83d\udeab <strong>Sobrecargar seu HUD<\/strong>. \u00c9 tentador incluir todas as estat\u00edsticas poss\u00edveis no HUD, mas informa\u00e7\u00e3o demais pode ser confusa. Fique com o b\u00e1sico e adicione mais stats conforme ganhar experi\u00eancia.<\/li>\n\n\n\n<li>\ud83d\udeab <strong>Ignorar os perfis dos jogadores<\/strong>. Nem todos os jogadores se encaixam perfeitamente em categorias estat\u00edsticas. Use o HUD junto com suas pr\u00f3prias observa\u00e7\u00f5es. Por exemplo, um jogador pode ter alta frequ\u00eancia de agress\u00e3o, mas se voc\u00ea notar que ele s\u00f3 \u00e9 agressivo com m\u00e3os premium, deve ajustar sua estrat\u00e9gia.<\/li>\n\n\n\n<li>\ud83d\udeab <strong>Depender apenas do HUD<\/strong>. Embora o HUD seja uma ferramenta poderosa, ele n\u00e3o deve substituir seu julgamento. Use-o como complemento \u00e0s suas pr\u00f3prias leituras e observa\u00e7\u00f5es.<\/li>\n<\/ul>\n\n\n\n<div class=\"green-block\">\n<p style=\"margin-bottom:0\">\ud83d\udc49 Confira o artigo <a aria-label=\"undefined (opens in a new tab)\" href=\"https:\/\/www.hudstore.poker\/7-common-mistakes-poker-players-make-when-using-hud\" target=\"_blank\" rel=\"noopener\"><strong>7 erros comuns que jogadores cometem ao usar HUD<\/strong><\/a> para ver uma lista completa dos erros com explica\u00e7\u00f5es detalhadas.<\/p>\n<\/div>\n\n\n\n<h2 class=\"wp-block-heading\">Conclus\u00e3o<\/h2>\n\n\n\n<p>Um Poker HUD \u00e9 uma ferramenta importante para qualquer jogador s\u00e9rio de poker online. Ele fornece dados em tempo real que podem ajudar voc\u00ea a tomar decis\u00f5es mais informadas, economizar energia mental e se adaptar rapidamente aos seus oponentes. Ao focar nas principais estat\u00edsticas e usar seu HUD de forma eficaz, voc\u00ea pode ganhar uma vantagem significativa sobre jogadores que n\u00e3o utilizam essa ferramenta. Lembre-se de come\u00e7ar com o b\u00e1sico, evitar erros comuns e sempre combinar os dados do HUD com sua pr\u00f3pria an\u00e1lise da m\u00e3o. Com pr\u00e1tica, voc\u00ea perceber\u00e1 que um <strong>HUD pode melhorar drasticamente seu desempenho no poker online<\/strong>.<\/p>\n","protected":false},"excerpt":{"rendered":"<p>Se voc\u00ea \u00e9 novo no poker online, provavelmente j\u00e1 ouviu falar de um &#8220;Poker HUD&#8221;, mas talvez n\u00e3o tenha certeza do que \u00e9 ou de como us\u00e1-lo. \ud83d\udc68\ud83c\udffb\u200d\ud83d\udcbb Um Poker HUD (Heads-Up Display) \u00e9 uma ferramenta que mostra estat\u00edsticas sobre seus oponentes em tempo real enquanto voc\u00ea joga. O HUD ajuda voc\u00ea a tomar decis\u00f5es &hellip; <a href=\"https:\/\/hand2noteguide.com\/pt\/poker\/poker-hud\/\" class=\"more-link\">Continue reading <span class=\"screen-reader-text\">HUD de poker: o guia definitivo para iniciantes<\/span><\/a><\/p>\n","protected":false},"author":1,"featured_media":0,"parent":7017,"menu_order":0,"comment_status":"closed","ping_status":"closed","template":"","meta":{"footnotes":""},"class_list":["post-8133","page","type-page","status-publish","hentry"],"translation":{"provider":"WPGlobus","version":"3.0.2","language":"pt","enabled_languages":["en","ru","pt","zh","es","fr","de","it","ja"],"languages":{"en":{"title":true,"content":true,"excerpt":false},"ru":{"title":true,"content":true,"excerpt":false},"pt":{"title":true,"content":true,"excerpt":false},"zh":{"title":true,"content":true,"excerpt":false},"es":{"title":true,"content":true,"excerpt":false},"fr":{"title":true,"content":true,"excerpt":false},"de":{"title":true,"content":true,"excerpt":false},"it":{"title":true,"content":true,"excerpt":false},"ja":{"title":true,"content":true,"excerpt":false}}},"yoast_head":"<!-- This site is optimized with the Yoast SEO plugin v27.0 - https:\/\/yoast.com\/product\/yoast-seo-wordpress\/ -->\n<title>HUD de poker: o guia definitivo para iniciantes<\/title>\n<meta name=\"description\" content=\"Domine o uso de um HUD de poker para tomar decis\u00f5es mais informadas contra seus oponentes e melhorar seu pr\u00f3prio jogo. Economize tempo e ganhe vantagem competitiva rapidamente.\" \/>\n<meta name=\"robots\" content=\"index, follow, max-snippet:-1, max-image-preview:large, max-video-preview:-1\" \/>\n<link rel=\"canonical\" href=\"https:\/\/hand2noteguide.com\/poker\/poker-hud\/\" \/>\n<meta property=\"og:locale\" content=\"pt_PT\" \/>\n<meta property=\"og:type\" content=\"article\" \/>\n<meta property=\"og:title\" content=\"HUD de poker: o guia definitivo para iniciantes\" \/>\n<meta property=\"og:description\" content=\"Domine o uso de um HUD de poker para tomar decis\u00f5es mais informadas contra seus oponentes e melhorar seu pr\u00f3prio jogo. Economize tempo e ganhe vantagem competitiva rapidamente.\" \/>\n<meta property=\"og:url\" content=\"https:\/\/hand2noteguide.com\/poker\/poker-hud\/\" \/>\n<meta property=\"og:site_name\" content=\"Hand2Note Guide\" \/>\n<meta property=\"article:modified_time\" content=\"2026-03-11T11:29:10+00:00\" \/>\n<meta property=\"og:image\" content=\"http:\/\/hand2noteguide.com\/wp-content\/uploads\/2024\/05\/hud-2-min.png\" \/>\n<meta name=\"twitter:card\" content=\"summary_large_image\" \/>\n<meta name=\"twitter:label1\" content=\"Est. reading time\" \/>\n\t<meta name=\"twitter:data1\" content=\"9 minutes\" \/>\n<!-- \/ Yoast SEO plugin. -->","yoast_head_json":{"title":"HUD de poker: o guia definitivo para iniciantes","description":"Domine o uso de um HUD de poker para tomar decis\u00f5es mais informadas contra seus oponentes e melhorar seu pr\u00f3prio jogo. Economize tempo e ganhe vantagem competitiva rapidamente.","robots":{"index":"index","follow":"follow","max-snippet":"max-snippet:-1","max-image-preview":"max-image-preview:large","max-video-preview":"max-video-preview:-1"},"canonical":"https:\/\/hand2noteguide.com\/poker\/poker-hud\/","og_locale":"pt_PT","og_type":"article","og_title":"HUD de poker: o guia definitivo para iniciantes","og_description":"Domine o uso de um HUD de poker para tomar decis\u00f5es mais informadas contra seus oponentes e melhorar seu pr\u00f3prio jogo. Economize tempo e ganhe vantagem competitiva rapidamente.","og_url":"https:\/\/hand2noteguide.com\/poker\/poker-hud\/","og_site_name":"Hand2Note Guide","article_modified_time":"2026-03-11T11:29:10+00:00","og_image":[{"url":"http:\/\/hand2noteguide.com\/wp-content\/uploads\/2024\/05\/hud-2-min.png","type":"","width":"","height":""}],"twitter_card":"summary_large_image","twitter_misc":{"Est. reading time":"9 minutes"},"schema":{"@context":"https:\/\/schema.org","@graph":[]}},"jetpack_sharing_enabled":true,"_links":{"self":[{"href":"https:\/\/hand2noteguide.com\/pt\/wp-json\/wp\/v2\/pages\/8133","targetHints":{"allow":["GET"]}}],"collection":[{"href":"https:\/\/hand2noteguide.com\/pt\/wp-json\/wp\/v2\/pages"}],"about":[{"href":"https:\/\/hand2noteguide.com\/pt\/wp-json\/wp\/v2\/types\/page"}],"author":[{"embeddable":true,"href":"https:\/\/hand2noteguide.com\/pt\/wp-json\/wp\/v2\/users\/1"}],"replies":[{"embeddable":true,"href":"https:\/\/hand2noteguide.com\/pt\/wp-json\/wp\/v2\/comments?post=8133"}],"version-history":[{"count":70,"href":"https:\/\/hand2noteguide.com\/pt\/wp-json\/wp\/v2\/pages\/8133\/revisions"}],"predecessor-version":[{"id":15789,"href":"https:\/\/hand2noteguide.com\/pt\/wp-json\/wp\/v2\/pages\/8133\/revisions\/15789"}],"up":[{"embeddable":true,"href":"https:\/\/hand2noteguide.com\/pt\/wp-json\/wp\/v2\/pages\/7017"}],"wp:attachment":[{"href":"https:\/\/hand2noteguide.com\/pt\/wp-json\/wp\/v2\/media?parent=8133"}],"curies":[{"name":"wp","href":"https:\/\/api.w.org\/{rel}","templated":true}]}}