{"id":8180,"date":"2024-09-12T13:44:54","date_gmt":"2024-09-12T10:44:54","guid":{"rendered":"https:\/\/hand2noteguide.com\/?page_id=8180"},"modified":"2026-03-11T13:56:09","modified_gmt":"2026-03-11T10:56:09","slug":"poker-hud-stats","status":"publish","type":"page","link":"https:\/\/hand2noteguide.com\/pt\/poker\/poker-hud-stats\/","title":{"rendered":"Estat\u00edsticas do Poker HUD &#8211; Aprenda a usar as estat\u00edsticas no jogo de poker"},"content":{"rendered":"\n<p>O poker \u00e9 um jogo de estrat\u00e9gia, observa\u00e7\u00e3o e tomada de decis\u00f5es r\u00e1pidas. No poker online, um Poker HUD (Heads-Up Display) pode ser uma ferramenta poderosa. Ele mostra estat\u00edsticas importantes sobre seus oponentes em tempo real. Essas estat\u00edsticas ajudam voc\u00ea a entender como seus oponentes jogam, permitindo que voc\u00ea tome decis\u00f5es melhores.<\/p>\n\n\n\n<p>Se voc\u00ea ainda n\u00e3o est\u00e1 familiarizado com o HUD, recomendamos ler primeiro nosso artigo <a href=\"\/pt\/poker\/poker-hud\/\">Poker HUD: O Guia Definitivo para Iniciantes<\/a>. No artigo atual, n\u00e3o abordaremos as quest\u00f5es t\u00e9cnicas do HUD. Vamos nos concentrar em uma explica\u00e7\u00e3o detalhada das estat\u00edsticas mais importantes que os jogadores profissionais costumam ter em seus HUDs.<\/p>\n\n\n\n<h2 class=\"wp-block-heading\">O Que S\u00e3o Estat\u00edsticas de Poker no HUD?<\/h2>\n\n\n\n<p>As estat\u00edsticas do Poker HUD s\u00e3o pontos de dados que um HUD coleta e exibe enquanto voc\u00ea joga. Essas estat\u00edsticas rastreiam as a\u00e7\u00f5es e tend\u00eancias de seus oponentes ao longo do tempo. Ao analisar essas estat\u00edsticas, voc\u00ea pode identificar padr\u00f5es na forma como seus oponentes jogam, facilitando a explora\u00e7\u00e3o de suas fraquezas. Voc\u00ea pode usar essas estat\u00edsticas tanto para a tomada de decis\u00f5es durante o jogo quanto para analisar o jogo fora das mesas.<\/p>\n\n\n\n<figure class=\"wp-block-image size-full\"><img loading=\"lazy\" decoding=\"async\" width=\"599\" height=\"232\" src=\"http:\/\/hand2noteguide.com\/wp-content\/uploads\/2020\/08\/simple-cash-transcription-1.png\" alt=\"poker hud stats\" class=\"wp-image-3817\" srcset=\"https:\/\/hand2noteguide.com\/wp-content\/uploads\/2020\/08\/simple-cash-transcription-1.png 599w, https:\/\/hand2noteguide.com\/wp-content\/uploads\/2020\/08\/simple-cash-transcription-1-300x116.png 300w\" sizes=\"auto, (max-width: 599px) 100vw, 599px\" \/><\/figure>\n\n\n\n<h2 class=\"wp-block-heading\">Principais Estat\u00edsticas do Poker HUD<\/h2>\n\n\n\n<p>Existem muitas estat\u00edsticas que um HUD pode mostrar, mas aqui est\u00e3o as mais importantes para iniciantes:<\/p>\n\n\n\n<h3 class=\"wp-block-heading\">VPIP (Voluntarily Put Money in Pot)<\/h3>\n\n\n\n<p>VPIP \u00e9 a estat\u00edstica mais fundamental no poker. Ela mostra uma <strong>% de m\u00e3os em que um jogador coloca dinheiro no pote quando n\u00e3o precisa<\/strong> (as apostas obrigat\u00f3rias de small e big blind n\u00e3o contam).<\/p>\n\n\n\n<figure class=\"wp-block-image size-large\"><img loading=\"lazy\" decoding=\"async\" width=\"1024\" height=\"576\" src=\"http:\/\/hand2noteguide.com\/wp-content\/uploads\/2024\/09\/VPIP-min-1024x576.jpg\" alt=\"poker vpip stat formula\" class=\"wp-image-8153\" srcset=\"https:\/\/hand2noteguide.com\/wp-content\/uploads\/2024\/09\/VPIP-min-1024x576.jpg 1024w, https:\/\/hand2noteguide.com\/wp-content\/uploads\/2024\/09\/VPIP-min-300x169.jpg 300w, https:\/\/hand2noteguide.com\/wp-content\/uploads\/2024\/09\/VPIP-min-768x432.jpg 768w, https:\/\/hand2noteguide.com\/wp-content\/uploads\/2024\/09\/VPIP-min-1536x864.jpg 1536w, https:\/\/hand2noteguide.com\/wp-content\/uploads\/2024\/09\/VPIP-min-772x434.jpg 772w, https:\/\/hand2noteguide.com\/wp-content\/uploads\/2024\/09\/VPIP-min-624x351.jpg 624w, https:\/\/hand2noteguide.com\/wp-content\/uploads\/2024\/09\/VPIP-min.jpg 1600w\" sizes=\"auto, (max-width: 1024px) 100vw, 1024px\" \/><figcaption class=\"wp-element-caption\">F\u00f3rmula do VPIP: uma raz\u00e3o entre [n\u00famero de m\u00e3os em que um jogador colocou dinheiro no pote voluntariamente] e [n\u00famero total de m\u00e3os].<\/figcaption><\/figure>\n\n\n\n<p>VPIP \u00e9 a estat\u00edstica mais importante no seu HUD. Mesmo com um tamanho de amostra pequeno, enquanto outras estat\u00edsticas podem ainda n\u00e3o ser informativas, o VPIP j\u00e1 pode fornecer informa\u00e7\u00f5es valiosas sobre o estilo de jogo do seu oponente. Um <strong>VPIP alto significa que um jogador \u00e9 loose<\/strong>, jogando muitas m\u00e3os, enquanto <strong>um VPIP baixo indica um jogador tight<\/strong> que joga apenas m\u00e3os fortes. Use essa estat\u00edstica para determinar se um oponente \u00e9 loose ou tight e ajuste sua estrat\u00e9gia de acordo.<\/p>\n\n\n\n<h4 class=\"wp-block-heading\">Qual \u00e9 um Bom Intervalo de VPIP?<\/h4>\n\n\n\n<p>Observe que os valores dados para VPIP e outras estat\u00edsticas s\u00e3o aproximados para que voc\u00ea tenha algum tipo de refer\u00eancia em mente. Na realidade, os intervalos podem variar muito dependendo do tipo de jogo, dos estilos dos jogadores, dos tamanhos das pilhas, dos limites do jogo e de outros fatores.<\/p>\n\n\n\n<ul class=\"wp-block-list\">\n<li>\ud83d\udc4d <strong>O valor t\u00edpico do VPIP para um bom jogador online<\/strong> geralmente est\u00e1 no intervalo <strong>de 20 a 30<\/strong>. Todos os valores mencionados aqui e adiante s\u00e3o relevantes para um jogo cl\u00e1ssico de 6-max No-Limit Holdem Cash.<\/li>\n\n\n\n<li>\ud83d\uddff <strong>Se o VPIP for menor que 15<\/strong>, esse jogador \u00e9 <strong>muito tight<\/strong>, joga apenas m\u00e3os premium e geralmente \u00e9 f\u00e1cil de ler. Eles tamb\u00e9m s\u00e3o frequentemente chamados de \u201cnits\u201d.<\/li>\n\n\n\n<li>\ud83d\udc35 <strong>Se o VPIP for maior que 35<\/strong>, \u00e9 um estilo <strong>muito loose<\/strong>. Na maioria das vezes, jogadores recreativos t\u00eam um VPIP inflado porque frequentemente entram no jogo com m\u00e3os &#8220;jog\u00e1veis&#8221; que, na realidade, t\u00eam um EV negativo.<\/li>\n<\/ul>\n\n\n\n<div class=\"green-block\">\n<p style=\"margin-bottom:0\">Para entender melhor o significado das estat\u00edsticas, recomendamos que voc\u00ea estude <a target=\"_blank\" href=\"https:\/\/blog.freebetrange.com\/pt\/article\/poker-preflop-ranges-a-comprehensive-guide\" rel=\"noopener\"><b>o conceito de ranges no poker<\/b><\/a>. Com a ajuda dos ranges, podemos fazer suposi\u00e7\u00f5es sobre quais m\u00e3os um oponente pode ter com um determinado valor de estat\u00edstica.<\/p>\n<\/div>\n\n\n\n<h3 class=\"wp-block-heading\">PFR (Pre-Flop Raise)<\/h3>\n\n\n\n<p>PFR significa Pre-Flop Raise e mostra com que frequ\u00eancia um jogador aumenta antes do flop. Um PFR alto significa que um jogador \u00e9 agressivo, frequentemente tentando assumir o controle da m\u00e3o desde o in\u00edcio. Um PFR baixo sugere um jogador mais passivo que prefere pagar ou desistir em vez de aumentar.<\/p>\n\n\n\n<figure class=\"wp-block-image size-large\"><img loading=\"lazy\" decoding=\"async\" width=\"1024\" height=\"576\" src=\"https:\/\/hand2noteguide.com\/wp-content\/uploads\/2024\/09\/pfr-min-1024x576.png\" alt=\"poker pfr stat formula\" class=\"wp-image-8500\" srcset=\"https:\/\/hand2noteguide.com\/wp-content\/uploads\/2024\/09\/pfr-min-1024x576.png 1024w, https:\/\/hand2noteguide.com\/wp-content\/uploads\/2024\/09\/pfr-min-300x169.png 300w, https:\/\/hand2noteguide.com\/wp-content\/uploads\/2024\/09\/pfr-min-768x432.png 768w, https:\/\/hand2noteguide.com\/wp-content\/uploads\/2024\/09\/pfr-min-1536x864.png 1536w, https:\/\/hand2noteguide.com\/wp-content\/uploads\/2024\/09\/pfr-min-772x434.png 772w, https:\/\/hand2noteguide.com\/wp-content\/uploads\/2024\/09\/pfr-min-624x351.png 624w, https:\/\/hand2noteguide.com\/wp-content\/uploads\/2024\/09\/pfr-min.png 1600w\" sizes=\"auto, (max-width: 1024px) 100vw, 1024px\" \/><figcaption class=\"wp-element-caption\">F\u00f3rmula do PFR: uma raz\u00e3o entre [n\u00famero de m\u00e3os em que um jogador fez um aumento pr\u00e9-flop] e [n\u00famero total de m\u00e3os].<\/figcaption><\/figure>\n\n\n\n<ul class=\"wp-block-list\">\n<li>\ud83d\udc4d <strong>O valor equilibrado do PFR<\/strong> \u00e9 algo <strong>entre 15 e 25<\/strong>. Jogadores nesse intervalo s\u00e3o agressivos, mas n\u00e3o imprudentes. Eles aumentam com m\u00e3os fortes e misturam alguns <a href=\"\/pt\/poker\/poker-bluff\/\">bluffs<\/a>.<\/li>\n\n\n\n<li>\ud83d\uddff Jogadores com um <strong>PFR menor que 10<\/strong> aumentam <strong>muito raramente<\/strong>. Eles s\u00e3o muito cautelosos e podem perder oportunidades.<\/li>\n\n\n\n<li>\ud83d\udc35 Jogadores com um <strong>PFR acima de 28<\/strong> aumentam <strong>com muita frequ\u00eancia<\/strong>. Eles s\u00e3o excessivamente agressivos e podem ser explorados com a abordagem certa.<\/li>\n<\/ul>\n\n\n\n<h3 class=\"wp-block-heading\">Usando VPIP e PFR Juntos<\/h3>\n\n\n\n<p>Comparar o VPIP de um jogador com seu PFR pode dar insights sobre seu estilo. Por exemplo, um jogador com um VPIP alto, mas PFR baixo, pode ser loose-passive, significando que joga muitas m\u00e3os, mas raramente aumenta.<\/p>\n\n\n\n<p>Nos jogos cl\u00e1ssicos de poker online cash, jogadores profissionais geralmente t\u00eam uma diferen\u00e7a entre VPIP e PFR n\u00e3o superior a 10. Um jogador regular t\u00edpico de 6-max teria estat\u00edsticas de <strong>VPIP\/PFR<\/strong> como <strong>26\/21<\/strong>.<\/p>\n\n\n\n<p>Nas discuss\u00f5es de poker sobre m\u00e3os e estrat\u00e9gia, os jogadores costumam mencionar esses 2 n\u00fameros juntos como pe\u00e7as-chave de informa\u00e7\u00e3o sobre seus oponentes. Por exemplo, voc\u00ea pode ouvir \u201c<em>Eu estava no bot\u00e3o, fiz um open raise com <span class=\"hc club\">A\u2663<\/span> <span class=\"hc club\">5\u2663<\/span>, e recebi um 3bet de um jogador regular agressivo 30\/25 do small blind<\/em>\u201d. Isso significa que o jogador no small blind tem um VPIP de 30 e um PFR de 25.<\/p>\n\n\n\n<div class=\"green-block\">\n<h4 style=\"color:#656565;font-size:20px\">Qual software me permite usar todas essas estat\u00edsticas?<\/h4>\n<p style=\"margin-bottom:0\">O melhor software estat\u00edstico de poker no mercado \u00e9 o <a target=\"_blank\" href=\"https:\/\/hand2note.com\/pt\/\" rel=\"noopener\"><b>Hand2Note<\/b><\/a>. Ele fornece um HUD conveniente e funcional, com a capacidade de adicionar qualquer estat\u00edstica a ele. Outra caracter\u00edstica distintiva do Hand2Note \u00e9 que ele oferece uma interface para criar suas pr\u00f3prias estat\u00edsticas. Dessa forma, voc\u00ea pode criar estat\u00edsticas \u00fanicas para situa\u00e7\u00f5es de jogo.<\/p>\n<\/div>\n\n\n\n<h3 class=\"wp-block-heading\"><a href=\"\/pt\/poker\/3bet-in-poker\/\">Porcentagem de 3-Bet<\/a><\/h3>\n\n\n\n<p>A porcentagem de 3-Bet mostra com que frequ\u00eancia um jogador faz uma re-aumenta\u00e7\u00e3o antes do flop. Uma alta porcentagem de 3-Bet significa que um jogador \u00e9 muito agressivo, frequentemente re-aumentando com uma ampla gama de m\u00e3os. Uma baixa porcentagem de 3-Bet indica que um jogador s\u00f3 re-aumenta com m\u00e3os premium. Se voc\u00ea souber a porcentagem de 3-Bet de um oponente, poder\u00e1 ajustar sua estrat\u00e9gia ao enfrentar uma re-aumenta\u00e7\u00e3o.<\/p>\n\n\n\n<figure class=\"wp-block-image size-large\"><img loading=\"lazy\" decoding=\"async\" width=\"1024\" height=\"576\" src=\"http:\/\/hand2noteguide.com\/wp-content\/uploads\/2024\/09\/3Bet-min-1024x576.jpg\" alt=\"3bet\" class=\"wp-image-8154\" srcset=\"https:\/\/hand2noteguide.com\/wp-content\/uploads\/2024\/09\/3Bet-min-1024x576.jpg 1024w, https:\/\/hand2noteguide.com\/wp-content\/uploads\/2024\/09\/3Bet-min-300x169.jpg 300w, https:\/\/hand2noteguide.com\/wp-content\/uploads\/2024\/09\/3Bet-min-768x432.jpg 768w, https:\/\/hand2noteguide.com\/wp-content\/uploads\/2024\/09\/3Bet-min-1536x864.jpg 1536w, https:\/\/hand2noteguide.com\/wp-content\/uploads\/2024\/09\/3Bet-min-772x434.jpg 772w, https:\/\/hand2noteguide.com\/wp-content\/uploads\/2024\/09\/3Bet-min-624x351.jpg 624w, https:\/\/hand2noteguide.com\/wp-content\/uploads\/2024\/09\/3Bet-min.jpg 1600w\" sizes=\"auto, (max-width: 1024px) 100vw, 1024px\" \/><\/figure>\n\n\n\n<p>Saiba mais sobre 3bets e os valores t\u00edpicos em nosso artigo <a href=\"\/pt\/poker\/3bet-in-poker\/\">Poker 3Bet<\/a>.<\/p>\n\n\n\n<h3 class=\"wp-block-heading\">AF &amp; Afq (Fator de Agress\u00e3o &amp; Frequ\u00eancia de Agress\u00e3o)<\/h3>\n\n\n\n<p>AF e Afq s\u00e3o duas estat\u00edsticas com o mesmo princ\u00edpio: mostram o grau de agress\u00e3o de um jogador. Elas s\u00e3o calculadas usando f\u00f3rmulas ligeiramente diferentes. AF \u00e9 a raz\u00e3o entre o n\u00famero total de apostas e aumentos e o n\u00famero total de calls do jogador. Enquanto Afq \u00e9 a raz\u00e3o entre apostas e aumentos e todas as a\u00e7\u00f5es passivas poss\u00edveis (fold, call, check).<\/p>\n\n\n\n<figure class=\"wp-block-image size-large\"><img loading=\"lazy\" decoding=\"async\" width=\"1024\" height=\"576\" src=\"https:\/\/hand2noteguide.com\/wp-content\/uploads\/2024\/09\/agg-min-1024x576.png\" alt=\"\" class=\"wp-image-8501\" srcset=\"https:\/\/hand2noteguide.com\/wp-content\/uploads\/2024\/09\/agg-min-1024x576.png 1024w, https:\/\/hand2noteguide.com\/wp-content\/uploads\/2024\/09\/agg-min-300x169.png 300w, https:\/\/hand2noteguide.com\/wp-content\/uploads\/2024\/09\/agg-min-768x432.png 768w, https:\/\/hand2noteguide.com\/wp-content\/uploads\/2024\/09\/agg-min-1536x864.png 1536w, https:\/\/hand2noteguide.com\/wp-content\/uploads\/2024\/09\/agg-min-772x434.png 772w, https:\/\/hand2noteguide.com\/wp-content\/uploads\/2024\/09\/agg-min-624x351.png 624w, https:\/\/hand2noteguide.com\/wp-content\/uploads\/2024\/09\/agg-min.png 1600w\" sizes=\"auto, (max-width: 1024px) 100vw, 1024px\" \/><figcaption class=\"wp-element-caption\">F\u00f3rmulas das estat\u00edsticas de agress\u00e3o no poker<\/figcaption><\/figure>\n\n\n\n<p>Qual estat\u00edstica \u00e9 melhor usar? Voc\u00ea encontrar\u00e1 diferentes opini\u00f5es na comunidade de poker, mas AFq \u00e9 considerada uma estat\u00edstica mais pr\u00e1tica e moderna. Seu valor \u00e9 mais transparente &#8211; % de a\u00e7\u00f5es agressivas de todas as a\u00e7\u00f5es. Tamb\u00e9m \u00e9 mais informativa em amostras pequenas &#8211; o que \u00e9 uma vantagem muito importante nos jogos modernos.<\/p>\n\n\n\n<h3 class=\"wp-block-heading\">WTSD (Went to Showdown)<\/h3>\n\n\n\n<p>WTSD mede com que frequ\u00eancia um jogador vai para o showdown ap\u00f3s ver o flop. Um WTSD alto sugere que o jogador gosta de ver o showdown e pode ser uma &#8220;calling station&#8221;, algu\u00e9m que paga frequentemente e n\u00e3o desiste facilmente. Um WTSD baixo significa que o jogador \u00e9 mais propenso a desistir antes do showdown, tornando mais f\u00e1cil blef\u00e1-los para fora do pote.<\/p>\n\n\n\n<figure class=\"wp-block-image size-large\"><img loading=\"lazy\" decoding=\"async\" width=\"1024\" height=\"576\" src=\"https:\/\/hand2noteguide.com\/wp-content\/uploads\/2024\/09\/WTSD-min-1024x576.jpg\" alt=\"\" class=\"wp-image-8396\" srcset=\"https:\/\/hand2noteguide.com\/wp-content\/uploads\/2024\/09\/WTSD-min-1024x576.jpg 1024w, https:\/\/hand2noteguide.com\/wp-content\/uploads\/2024\/09\/WTSD-min-300x169.jpg 300w, https:\/\/hand2noteguide.com\/wp-content\/uploads\/2024\/09\/WTSD-min-768x432.jpg 768w, https:\/\/hand2noteguide.com\/wp-content\/uploads\/2024\/09\/WTSD-min-1536x864.jpg 1536w, https:\/\/hand2noteguide.com\/wp-content\/uploads\/2024\/09\/WTSD-min-772x434.jpg 772w, https:\/\/hand2noteguide.com\/wp-content\/uploads\/2024\/09\/WTSD-min-624x351.jpg 624w, https:\/\/hand2noteguide.com\/wp-content\/uploads\/2024\/09\/WTSD-min.jpg 1600w\" sizes=\"auto, (max-width: 1024px) 100vw, 1024px\" \/><figcaption class=\"wp-element-caption\">F\u00f3rmula da estat\u00edstica Went To Showdown<\/figcaption><\/figure>\n\n\n\n<p>Existem muitas outras estat\u00edsticas de poker que voc\u00ea aprender\u00e1 gradualmente \u00e0 medida que avan\u00e7a em sua jornada com o <a href=\"https:\/\/hand2note.com\/pt\/\" target=\"_blank\" aria-label=\"undefined (abre em uma nova aba)\" rel=\"noreferrer noopener\">Hand2Note<\/a>. Recomendamos incorporar estat\u00edsticas em seu jogo e an\u00e1lise gradualmente, passando das mais populares para as menos populares.<\/p>\n\n\n\n<h2 class=\"wp-block-heading\">Como Usar Estat\u00edsticas do Poker HUD<\/h2>\n\n\n\n<p>Usar estat\u00edsticas do Poker HUD de forma eficaz requer pr\u00e1tica e experi\u00eancia. Aqui est\u00e3o algumas dicas para come\u00e7ar:<\/p>\n\n\n\n<ol class=\"wp-block-list\">\n<li><strong>Concentre-se no B\u00e1sico<\/strong>. Como iniciante, comece concentrando-se nas estat\u00edsticas principais, como VPIP, PFR e Afq. Elas dar\u00e3o uma boa ideia do estilo geral de jogo dos seus oponentes.<\/li>\n\n\n\n<li><strong>Ajuste ao Tamanho da Amostra<\/strong>. A precis\u00e3o das estat\u00edsticas depende de quantas m\u00e3os voc\u00ea tem de um jogador. Um tamanho de amostra grande fornece dados mais confi\u00e1veis, enquanto um tamanho de amostra pequeno pode ser enganoso. Tenha muito cuidado com estat\u00edsticas com amostras baixas &#8211; a vari\u00e2ncia pode ter um grande impacto nelas, e elas n\u00e3o transmitem nenhuma informa\u00e7\u00e3o valiosa. Mire em cerca de 10 amostras para uma estat\u00edstica &#8211; n\u00e3o leve uma estat\u00edstica a s\u00e9rio se tiver menos do que essa amostra.<\/li>\n\n\n\n<li><strong>Use Estat\u00edsticas em Combina\u00e7\u00e3o<\/strong>. N\u00e3o confie em uma \u00fanica estat\u00edstica. Combine v\u00e1rias estat\u00edsticas para obter uma imagem completa do estilo do seu oponente. Por exemplo, compare VPIP e PFR para ver se um jogador \u00e9 loose-aggressive ou tight-aggressive.<\/li>\n\n\n\n<li><strong>Adapte Sua Estrat\u00e9gia<\/strong>. Use as estat\u00edsticas para adaptar sua estrat\u00e9gia em tempo real. Se voc\u00ea ver que um oponente tem um alto Fold to C-Bet, considere <a href=\"\/pt\/poker\/poker-bluff\/\">blefar<\/a> com mais frequ\u00eancia. Se eles t\u00eam um alto WTSD, seja mais cauteloso com blefes.<\/li>\n\n\n\n<li><strong>Lembre-se do <\/strong><a href=\"\/pt\/poker\/poker-positions\/\"><strong>Fator de Posi\u00e7\u00e3o<\/strong><\/a>. Os valores das estat\u00edsticas que demos acima s\u00e3o t\u00edpicos, mas o mesmo jogador pode ter valores drasticamente diferentes para a mesma estat\u00edstica em diferentes posi\u00e7\u00f5es. Por exemplo, bons jogadores t\u00eam um aumento pr\u00e9-flop de cerca de 14% na Early position e cerca de 40% no Button. Isso ocorre porque no Button voc\u00ea tem uma posi\u00e7\u00e3o muito melhor para entrar no jogo, e pode jogar muitas mais m\u00e3os de forma lucrativa.<\/li>\n\n\n\n<li><strong>N\u00e3o Perca a Cabe\u00e7a com N\u00fameros<\/strong>. Voc\u00ea ainda joga poker &#8211; um jogo humano. N\u00e3o gaste todo o seu tempo bancando para olhar n\u00fameros. H\u00e1 muitas outras informa\u00e7\u00f5es \u00fateis dispon\u00edveis para voc\u00ea na m\u00e3o &#8211; hist\u00f3rico de a\u00e7\u00f5es, textura do board, tamanhos de apostas, tells de tempo, a equidade da sua m\u00e3o, e assim por diante.<\/li>\n<\/ol>\n\n\n\n<h2 class=\"wp-block-heading\">Conclus\u00e3o<\/h2>\n\n\n\n<p>As estat\u00edsticas do Poker HUD s\u00e3o ferramentas poderosas que podem lhe dar uma vantagem significativa no poker online. Ao entender e usar essas estat\u00edsticas de forma eficaz, voc\u00ea pode tomar decis\u00f5es melhores e aumentar suas chances de ganhar. Comece com o b\u00e1sico, aprenda a ler as estat\u00edsticas e pratique us\u00e1-las em seus jogos. Com o tempo e a experi\u00eancia, voc\u00ea se tornar\u00e1 um jogador de poker mais habilidoso e bem-sucedido.<\/p>\n","protected":false},"excerpt":{"rendered":"<p>O poker \u00e9 um jogo de estrat\u00e9gia, observa\u00e7\u00e3o e tomada de decis\u00f5es r\u00e1pidas. No poker online, um Poker HUD (Heads-Up Display) pode ser uma ferramenta poderosa. Ele mostra estat\u00edsticas importantes sobre seus oponentes em tempo real. Essas estat\u00edsticas ajudam voc\u00ea a entender como seus oponentes jogam, permitindo que voc\u00ea tome decis\u00f5es melhores. Se voc\u00ea ainda &hellip; <a href=\"https:\/\/hand2noteguide.com\/pt\/poker\/poker-hud-stats\/\" class=\"more-link\">Continue reading <span class=\"screen-reader-text\">Estat\u00edsticas do Poker HUD &#8211; Aprenda a usar as estat\u00edsticas no jogo de poker<\/span><\/a><\/p>\n","protected":false},"author":1,"featured_media":0,"parent":7017,"menu_order":0,"comment_status":"closed","ping_status":"closed","template":"","meta":{"footnotes":""},"class_list":["post-8180","page","type-page","status-publish","hentry"],"translation":{"provider":"WPGlobus","version":"3.0.2","language":"pt","enabled_languages":["en","ru","pt","zh","es","fr","de","it","ja"],"languages":{"en":{"title":true,"content":true,"excerpt":false},"ru":{"title":true,"content":true,"excerpt":false},"pt":{"title":true,"content":true,"excerpt":false},"zh":{"title":true,"content":true,"excerpt":false},"es":{"title":true,"content":true,"excerpt":false},"fr":{"title":true,"content":true,"excerpt":false},"de":{"title":true,"content":true,"excerpt":false},"it":{"title":true,"content":true,"excerpt":false},"ja":{"title":true,"content":true,"excerpt":false}}},"yoast_head":"<!-- This site is optimized with the Yoast SEO plugin v27.0 - https:\/\/yoast.com\/product\/yoast-seo-wordpress\/ -->\n<title>Estat\u00edsticas do Poker HUD - Aprenda a usar as estat\u00edsticas no jogo de poker<\/title>\n<meta name=\"description\" content=\"Aprenda a usar as estat\u00edsticas do poker HUD e quais s\u00e3o seus valores comuns. As principais estat\u00edsticas incluem VPIP, PFR, 3BET e WTSD. As estat\u00edsticas podem ajud\u00e1-lo a explorar seus oponentes.\" \/>\n<meta name=\"robots\" content=\"index, follow, max-snippet:-1, max-image-preview:large, max-video-preview:-1\" \/>\n<link rel=\"canonical\" href=\"https:\/\/hand2noteguide.com\/poker\/poker-hud-stats\/\" \/>\n<meta property=\"og:locale\" content=\"pt_PT\" \/>\n<meta property=\"og:type\" content=\"article\" \/>\n<meta property=\"og:title\" content=\"Estat\u00edsticas do Poker HUD - Aprenda a usar as estat\u00edsticas no jogo de poker\" \/>\n<meta property=\"og:description\" content=\"Aprenda a usar as estat\u00edsticas do poker HUD e quais s\u00e3o seus valores comuns. As principais estat\u00edsticas incluem VPIP, PFR, 3BET e WTSD. As estat\u00edsticas podem ajud\u00e1-lo a explorar seus oponentes.\" \/>\n<meta property=\"og:url\" content=\"https:\/\/hand2noteguide.com\/poker\/poker-hud-stats\/\" \/>\n<meta property=\"og:site_name\" content=\"Hand2Note Guide\" \/>\n<meta property=\"article:modified_time\" content=\"2026-03-11T10:56:09+00:00\" \/>\n<meta property=\"og:image\" content=\"http:\/\/hand2noteguide.com\/wp-content\/uploads\/2020\/08\/simple-cash-transcription-1.png\" \/>\n<meta name=\"twitter:card\" content=\"summary_large_image\" \/>\n<meta name=\"twitter:label1\" content=\"Est. reading time\" \/>\n\t<meta name=\"twitter:data1\" content=\"10 minutes\" \/>\n<!-- \/ Yoast SEO plugin. -->","yoast_head_json":{"title":"Estat\u00edsticas do Poker HUD - Aprenda a usar as estat\u00edsticas no jogo de poker","description":"Aprenda a usar as estat\u00edsticas do poker HUD e quais s\u00e3o seus valores comuns. As principais estat\u00edsticas incluem VPIP, PFR, 3BET e WTSD. As estat\u00edsticas podem ajud\u00e1-lo a explorar seus oponentes.","robots":{"index":"index","follow":"follow","max-snippet":"max-snippet:-1","max-image-preview":"max-image-preview:large","max-video-preview":"max-video-preview:-1"},"canonical":"https:\/\/hand2noteguide.com\/poker\/poker-hud-stats\/","og_locale":"pt_PT","og_type":"article","og_title":"Estat\u00edsticas do Poker HUD - Aprenda a usar as estat\u00edsticas no jogo de poker","og_description":"Aprenda a usar as estat\u00edsticas do poker HUD e quais s\u00e3o seus valores comuns. As principais estat\u00edsticas incluem VPIP, PFR, 3BET e WTSD. As estat\u00edsticas podem ajud\u00e1-lo a explorar seus oponentes.","og_url":"https:\/\/hand2noteguide.com\/poker\/poker-hud-stats\/","og_site_name":"Hand2Note Guide","article_modified_time":"2026-03-11T10:56:09+00:00","og_image":[{"url":"http:\/\/hand2noteguide.com\/wp-content\/uploads\/2020\/08\/simple-cash-transcription-1.png","type":"","width":"","height":""}],"twitter_card":"summary_large_image","twitter_misc":{"Est. reading time":"10 minutes"},"schema":{"@context":"https:\/\/schema.org","@graph":[]}},"jetpack_sharing_enabled":true,"_links":{"self":[{"href":"https:\/\/hand2noteguide.com\/pt\/wp-json\/wp\/v2\/pages\/8180","targetHints":{"allow":["GET"]}}],"collection":[{"href":"https:\/\/hand2noteguide.com\/pt\/wp-json\/wp\/v2\/pages"}],"about":[{"href":"https:\/\/hand2noteguide.com\/pt\/wp-json\/wp\/v2\/types\/page"}],"author":[{"embeddable":true,"href":"https:\/\/hand2noteguide.com\/pt\/wp-json\/wp\/v2\/users\/1"}],"replies":[{"embeddable":true,"href":"https:\/\/hand2noteguide.com\/pt\/wp-json\/wp\/v2\/comments?post=8180"}],"version-history":[{"count":79,"href":"https:\/\/hand2noteguide.com\/pt\/wp-json\/wp\/v2\/pages\/8180\/revisions"}],"predecessor-version":[{"id":15766,"href":"https:\/\/hand2noteguide.com\/pt\/wp-json\/wp\/v2\/pages\/8180\/revisions\/15766"}],"up":[{"embeddable":true,"href":"https:\/\/hand2noteguide.com\/pt\/wp-json\/wp\/v2\/pages\/7017"}],"wp:attachment":[{"href":"https:\/\/hand2noteguide.com\/pt\/wp-json\/wp\/v2\/media?parent=8180"}],"curies":[{"name":"wp","href":"https:\/\/api.w.org\/{rel}","templated":true}]}}