{"id":8237,"date":"2024-09-12T15:27:30","date_gmt":"2024-09-12T12:27:30","guid":{"rendered":"https:\/\/hand2noteguide.com\/?page_id=8237"},"modified":"2026-03-11T13:47:45","modified_gmt":"2026-03-11T10:47:45","slug":"poker-tilt","status":"publish","type":"page","link":"https:\/\/hand2noteguide.com\/pt\/poker\/poker-tilt\/","title":{"rendered":"Tilt no poker: entendendo e controlando suas emo\u00e7\u00f5es"},"content":{"rendered":"\n<p>O poker n\u00e3o \u00e9 apenas um jogo de habilidade e estrat\u00e9gia. Tamb\u00e9m \u00e9 um jogo de emo\u00e7\u00f5es. At\u00e9 mesmo os melhores jogadores podem ter dificuldades para controlar seus sentimentos na mesa. Um dos maiores desafios que os jogadores de poker enfrentam \u00e9 o &#8220;tilt&#8221;. \u2620\ufe0f O tilt pode arruinar seu jogo, acabar com seu bankroll e deix\u00e1-lo frustrado. Entender o que \u00e9 tilt e aprender a control\u00e1-lo \u00e9 essencial para qualquer jogador de poker s\u00e9rio.<\/p>\n\n\n\n<figure class=\"wp-block-image size-full\"><img loading=\"lazy\" decoding=\"async\" width=\"540\" height=\"346\" src=\"http:\/\/hand2noteguide.com\/wp-content\/uploads\/2024\/09\/anger.jpg\" alt=\"\" class=\"wp-image-8250\" srcset=\"https:\/\/hand2noteguide.com\/wp-content\/uploads\/2024\/09\/anger.jpg 540w, https:\/\/hand2noteguide.com\/wp-content\/uploads\/2024\/09\/anger-300x192.jpg 300w\" sizes=\"auto, (max-width: 540px) 100vw, 540px\" \/><\/figure>\n\n\n\n<p>Neste artigo, vamos explorar o que \u00e9 o tilt no poker, por que ele acontece, como afeta seu jogo e, mais importante, como control\u00e1-lo e evit\u00e1-lo.<\/p>\n\n\n\n<h2 class=\"wp-block-heading\">O que \u00e9 tilt no poker?<\/h2>\n\n\n\n<p>Tilt \u00e9 um termo usado no poker para descrever um estado emocional de <strong>frustra\u00e7\u00e3o<\/strong> ou <strong>raiva<\/strong> que leva a decis\u00f5es ruins. Quando um jogador est\u00e1 em tilt, ele frequentemente faz apostas irracionais, tenta recuperar perdas ou joga m\u00e3os que normalmente n\u00e3o jogaria. Tilt n\u00e3o significa apenas perder a calma. Tamb\u00e9m pode ser algo mais sutil, como <strong>sentir confian\u00e7a excessiva<\/strong> ap\u00f3s uma grande vit\u00f3ria ou ficar ansioso depois de uma sequ\u00eancia de derrotas.<\/p>\n\n\n\n<div class=\"green-block\">\n<p style=\"margin-bottom:0\">\ud83d\udcad Qualquer emo\u00e7\u00e3o forte que afete sua capacidade de pensar com clareza e tomar boas decis\u00f5es pode ser considerada tilt.<\/p>\n<\/div>\n\n\n\n<figure class=\"wp-block-embed is-type-video is-provider-youtube wp-block-embed-youtube wp-embed-aspect-16-9 wp-has-aspect-ratio\"><div class=\"wp-block-embed__wrapper\">\n<div class=\"jetpack-video-wrapper\"><iframe loading=\"lazy\" title=\"Phil Hellmuth Is On MEGA TILT After These Monster Pots\" width=\"700\" height=\"394\" src=\"https:\/\/www.youtube.com\/embed\/u_KNDOtj0DU?feature=oembed\" frameborder=\"0\" allow=\"accelerometer; autoplay; clipboard-write; encrypted-media; gyroscope; picture-in-picture; web-share\" referrerpolicy=\"strict-origin-when-cross-origin\" allowfullscreen><\/iframe><\/div>\n<\/div><\/figure>\n\n\n\n<p>O tilt pode acontecer com qualquer pessoa, independentemente do n\u00edvel de experi\u00eancia. Todos somos humanos e sujeitos \u00e0s emo\u00e7\u00f5es. Jogadores profissionais de poker tamb\u00e9m entram em tilt, mas isso acontece com menos frequ\u00eancia e a qualidade das decis\u00f5es n\u00e3o cai tanto. Al\u00e9m disso, bons jogadores conhecem diversas t\u00e9cnicas para lidar com o tilt, o que permite manter disciplina e concentra\u00e7\u00e3o em um bom n\u00edvel e superar esse estado mais facilmente e rapidamente.<\/p>\n\n\n\n<h2 class=\"wp-block-heading\">Por que os jogadores entram em tilt?<\/h2>\n\n\n\n<p>V\u00e1rios fatores podem fazer um jogador de poker ao vivo ou online entrar em tilt. Aqui est\u00e3o alguns gatilhos comuns:<\/p>\n\n\n\n<h3 class=\"wp-block-heading\">1. <strong>Bad beats<\/strong><\/h3>\n\n\n\n<p>Um bad beat acontece quando voc\u00ea perde uma m\u00e3o apesar de ter as cartas mais fortes. Isso pode ser extremamente frustrante, especialmente se voc\u00ea perde para um draw que acerta no <a href=\"\/pt\/poker\/poker-streets\/\">River<\/a>. Bad beats s\u00e3o uma causa comum de tilt porque fazem voc\u00ea se sentir azarado e sem controle.<\/p>\n\n\n\n<h3 class=\"wp-block-heading\">2. <strong>Sequ\u00eancias de derrotas<\/strong><\/h3>\n\n\n\n<p>Quando voc\u00ea perde v\u00e1rias m\u00e3os seguidas, \u00e9 f\u00e1cil ficar frustrado e come\u00e7ar a duvidar das pr\u00f3prias habilidades. Isso pode levar ao desespero, fazendo com que voc\u00ea tome decis\u00f5es imprudentes para tentar recuperar o que perdeu. O que, por sua vez, pode levar a perdas ainda maiores, mais frustra\u00e7\u00e3o e a um estado de tilt ainda mais profundo.<\/p>\n\n\n\n<figure class=\"wp-block-image size-large is-resized\"><img loading=\"lazy\" decoding=\"async\" src=\"http:\/\/hand2noteguide.com\/wp-content\/uploads\/2024\/09\/variance-min-1024x499.png\" alt=\"\" class=\"wp-image-8051\" width=\"840\" height=\"409\" srcset=\"https:\/\/hand2noteguide.com\/wp-content\/uploads\/2024\/09\/variance-min-1024x499.png 1024w, https:\/\/hand2noteguide.com\/wp-content\/uploads\/2024\/09\/variance-min-300x146.png 300w, https:\/\/hand2noteguide.com\/wp-content\/uploads\/2024\/09\/variance-min-768x374.png 768w, https:\/\/hand2noteguide.com\/wp-content\/uploads\/2024\/09\/variance-min-1536x748.png 1536w, https:\/\/hand2noteguide.com\/wp-content\/uploads\/2024\/09\/variance-min-772x376.png 772w, https:\/\/hand2noteguide.com\/wp-content\/uploads\/2024\/09\/variance-min-624x304.png 624w, https:\/\/hand2noteguide.com\/wp-content\/uploads\/2024\/09\/variance-min.png 1880w\" sizes=\"auto, (max-width: 840px) 100vw, 840px\" \/><figcaption class=\"wp-element-caption\">A vari\u00e2ncia no poker \u00e9 brutal. Voc\u00ea pode jogar com uma estrat\u00e9gia vencedora e ainda assim passar por um downswing prolongado.<\/figcaption><\/figure>\n\n\n\n<h3 class=\"wp-block-heading\">3. <strong>Comportamento dos oponentes<\/strong><\/h3>\n\n\n\n<p>\u00c0s vezes, o comportamento de outros jogadores pode coloc\u00e1-lo em tilt. Se um oponente estiver provocando, fazendo slow roll ou sendo desrespeitoso, isso pode deix\u00e1-lo irritado e distra\u00ed-lo do seu jogo. Isso \u00e9 mais comum no poker ao vivo, mas no poker online os advers\u00e1rios tamb\u00e9m podem agir de forma provocativa, por exemplo escrevendo coment\u00e1rios agressivos no chat.<\/p>\n\n\n\n<figure class=\"wp-block-embed is-type-video is-provider-youtube wp-block-embed-youtube wp-embed-aspect-16-9 wp-has-aspect-ratio\"><div class=\"wp-block-embed__wrapper\">\n<div class=\"jetpack-video-wrapper\"><iframe loading=\"lazy\" title=\"TONY G Vs PHIL HELLMUTH: Part II of the EPIC Battle \u2660\ufe0f Poker Rivals \u2660\ufe0f PokerStars\" width=\"700\" height=\"394\" src=\"https:\/\/www.youtube.com\/embed\/oDqJZ-xEqWk?feature=oembed\" frameborder=\"0\" allow=\"accelerometer; autoplay; clipboard-write; encrypted-media; gyroscope; picture-in-picture; web-share\" referrerpolicy=\"strict-origin-when-cross-origin\" allowfullscreen><\/iframe><\/div>\n<\/div><\/figure>\n\n\n\n<h3 class=\"wp-block-heading\">4. <strong>Problemas pessoais<\/strong><\/h3>\n\n\n\n<p>Fatores externos como estresse no trabalho, relacionamentos ou problemas de sa\u00fade tamb\u00e9m podem afetar seu estado mental na mesa de poker. Se voc\u00ea j\u00e1 estiver emocionalmente abalado antes de come\u00e7ar a jogar, \u00e9 muito mais prov\u00e1vel entrar em tilt.<\/p>\n\n\n\n<h3 class=\"wp-block-heading\">5. <strong>Cansa\u00e7o<\/strong><\/h3>\n\n\n\n<p>Jogar poker por muitas horas sem pausa pode levar ao esgotamento mental. Quando voc\u00ea est\u00e1 cansado, fica mais dif\u00edcil controlar as emo\u00e7\u00f5es e pensar com clareza, tornando-se mais vulner\u00e1vel ao tilt.<\/p>\n\n\n\n<h2 class=\"wp-block-heading\">Como o tilt afeta seu jogo?<\/h2>\n\n\n\n<p>O tilt pode ter um impacto s\u00e9rio no seu desempenho no poker. Veja como ele pode afetar seu jogo:<\/p>\n\n\n\n<h3 class=\"wp-block-heading\">1. <strong>Tomada de decis\u00f5es ruim<\/strong><\/h3>\n\n\n\n<p>Quando voc\u00ea est\u00e1 em tilt, suas emo\u00e7\u00f5es assumem o controle e voc\u00ea para de pensar de forma l\u00f3gica. Voc\u00ea pode jogar m\u00e3os que normalmente n\u00e3o jogaria, fazer apostas maiores do que o normal ou pagar quando deveria desistir. Isso pode levar a perdas significativas. O grande problema \u00e9 que decis\u00f5es ruins podem gerar ainda mais frustra\u00e7\u00e3o, levando a decis\u00f5es ainda piores, e assim por diante. O jogo mental no poker \u00e9 um grande desafio para qualquer jogador.<\/p>\n\n\n\n<h3 class=\"wp-block-heading\">2. <strong>Tentar recuperar perdas<\/strong><\/h3>\n\n\n\n<p>Um dos sinais mais comuns de tilt \u00e9 tentar recuperar perdas. Em vez de aceitar que perdeu e seguir sua estrat\u00e9gia, voc\u00ea come\u00e7a a fazer apostas imprudentes para tentar recuperar o dinheiro perdido. Isso geralmente leva a perdas ainda maiores.<\/p>\n\n\n\n<h3 class=\"wp-block-heading\">3. <strong>Jogar de forma agressiva ou passiva demais<\/strong><\/h3>\n\n\n\n<p>O tilt pode fazer voc\u00ea jogar de forma excessivamente agressiva ou passiva. Voc\u00ea pode come\u00e7ar a apostar sem pensar nas probabilidades ou, ao contr\u00e1rio, ficar com tanto medo de perder que passa a desistir de m\u00e3os com muita frequ\u00eancia, mesmo quando tem uma m\u00e3o forte.<\/p>\n\n\n\n<h3 class=\"wp-block-heading\">4. <strong>Perda de foco<\/strong><\/h3>\n\n\n\n<p>Quando voc\u00ea est\u00e1 em tilt, \u00e9 f\u00e1cil perder o foco no jogo. Voc\u00ea pode parar de prestar aten\u00e7\u00e3o nas <a href=\"\/pt\/poker\/poker-actions\/\">a\u00e7\u00f5es<\/a> dos oponentes. Tamb\u00e9m pode deixar passar detalhes importantes, esquecer de considerar as odds ou de olhar as <a href=\"\/pt\/poker\/poker-hud-stats\/\">estat\u00edsticas do HUD<\/a> relevantes. Essa falta de concentra\u00e7\u00e3o pode levar a erros caros.<\/p>\n\n\n\n<h3 class=\"wp-block-heading\">5. <strong>Danos ao seu bankroll<\/strong><\/h3>\n\n\n\n<p>Se voc\u00ea n\u00e3o controlar o tilt, ele pode acabar rapidamente com seu bankroll. Algumas decis\u00f5es ruins podem gerar grandes perdas e, se voc\u00ea continuar tentando recuperar o dinheiro enquanto est\u00e1 em tilt, pode acabar perdendo muito mais do que pode pagar.<\/p>\n\n\n\n<figure class=\"wp-block-image size-large\"><img loading=\"lazy\" decoding=\"async\" width=\"1024\" height=\"628\" src=\"https:\/\/hand2noteguide.com\/wp-content\/uploads\/2024\/09\/bankroll-min-1024x628.png\" alt=\"\" class=\"wp-image-8255\" srcset=\"https:\/\/hand2noteguide.com\/wp-content\/uploads\/2024\/09\/bankroll-min-1024x628.png 1024w, https:\/\/hand2noteguide.com\/wp-content\/uploads\/2024\/09\/bankroll-min-300x184.png 300w, https:\/\/hand2noteguide.com\/wp-content\/uploads\/2024\/09\/bankroll-min-768x471.png 768w, https:\/\/hand2noteguide.com\/wp-content\/uploads\/2024\/09\/bankroll-min-1536x942.png 1536w, https:\/\/hand2noteguide.com\/wp-content\/uploads\/2024\/09\/bankroll-min-2048x1257.png 2048w, https:\/\/hand2noteguide.com\/wp-content\/uploads\/2024\/09\/bankroll-min-772x474.png 772w, https:\/\/hand2noteguide.com\/wp-content\/uploads\/2024\/09\/bankroll-min-624x383.png 624w\" sizes=\"auto, (max-width: 1024px) 100vw, 1024px\" \/><figcaption class=\"wp-element-caption\">Tamanho confi\u00e1vel de bankroll segundo a <a aria-label=\"undefined (opens in a new tab)\" href=\"https:\/\/www.getcoach.poker\/calculators\/bankroll-size\/\" target=\"_blank\" rel=\"noreferrer noopener\">Calculadora de Bankroll de Poker<\/a><\/figcaption><\/figure>\n\n\n\n<h2 class=\"wp-block-heading\">Como controlar e evitar o tilt<\/h2>\n\n\n\n<p>Controlar o tilt \u00e9 uma habilidade essencial se voc\u00ea quiser ser um jogador de poker bem-sucedido. Aqui est\u00e3o algumas estrat\u00e9gias para ajud\u00e1-lo a manter o controle:<\/p>\n\n\n\n<h3 class=\"wp-block-heading\">1. Reconhe\u00e7a os sinais de tilt<\/h3>\n\n\n\n<p>O primeiro passo para controlar o tilt \u00e9 reconhecer quando voc\u00ea est\u00e1 em tilt. Preste aten\u00e7\u00e3o \u00e0s suas emo\u00e7\u00f5es e ao seu comportamento. Voc\u00ea est\u00e1 se sentindo frustrado, irritado ou ansioso? Est\u00e1 tomando decis\u00f5es fora do seu padr\u00e3o normal? Se sim, pode estar em tilt. Quanto mais cedo voc\u00ea perceber, mais f\u00e1cil ser\u00e1 retomar o controle.<\/p>\n\n\n\n<h3 class=\"wp-block-heading\">2. Fa\u00e7a uma pausa<\/h3>\n\n\n\n<p>Quando perceber que est\u00e1 em tilt, a melhor coisa a fazer \u00e9 fazer uma pausa. Afaste-se da mesa, d\u00ea uma caminhada ou fa\u00e7a algo que ajude voc\u00ea a relaxar. Fazer uma pausa permite limpar a mente, recuperar a calma e voltar ao jogo com uma nova perspectiva.<\/p>\n\n\n\n<figure class=\"wp-block-image size-large\"><img loading=\"lazy\" decoding=\"async\" width=\"1024\" height=\"683\" src=\"https:\/\/hand2noteguide.com\/wp-content\/uploads\/2024\/09\/break-from-work-min-1024x683.jpg\" alt=\"\" class=\"wp-image-8260\" srcset=\"https:\/\/hand2noteguide.com\/wp-content\/uploads\/2024\/09\/break-from-work-min-1024x683.jpg 1024w, https:\/\/hand2noteguide.com\/wp-content\/uploads\/2024\/09\/break-from-work-min-300x200.jpg 300w, https:\/\/hand2noteguide.com\/wp-content\/uploads\/2024\/09\/break-from-work-min-768x512.jpg 768w, https:\/\/hand2noteguide.com\/wp-content\/uploads\/2024\/09\/break-from-work-min-772x515.jpg 772w, https:\/\/hand2noteguide.com\/wp-content\/uploads\/2024\/09\/break-from-work-min-624x416.jpg 624w, https:\/\/hand2noteguide.com\/wp-content\/uploads\/2024\/09\/break-from-work-min.jpg 1536w\" sizes=\"auto, (max-width: 1024px) 100vw, 1024px\" \/><\/figure>\n\n\n\n<h3 class=\"wp-block-heading\">3. Defina \u270b stop loss<\/h3>\n\n\n\n<p>Antes de come\u00e7ar a jogar, defina limites para si mesmo. Decida quanto est\u00e1 disposto a perder e mantenha-se fiel a esse valor. Se atingir seu limite, pare de jogar, mesmo que sinta que pode recuperar. Definir limites ajuda a prevenir o tilt mantendo suas perdas sob controle.<\/p>\n\n\n\n<h3 class=\"wp-block-heading\">4. Pratique mindfulness e \ud83e\uddd8\u200d\u2642\ufe0f medita\u00e7\u00e3o<\/h3>\n\n\n\n<p>Mindfulness \u00e9 a pr\u00e1tica de permanecer presente e consciente dos seus pensamentos e sentimentos sem deixar que eles controlem voc\u00ea. Ao praticar mindfulness, voc\u00ea aprende a observar suas emo\u00e7\u00f5es sem reagir imediatamente a elas, o que ajuda a manter a calma e o foco na mesa de poker.<\/p>\n\n\n\n<h3 class=\"wp-block-heading\">5. Foque no longo prazo<\/h3>\n\n\n\n<p>O poker \u00e9 um jogo de vari\u00e2ncia, o que significa que os resultados de curto prazo nem sempre refletem seu n\u00edvel de habilidade. Em vez de se prender ao resultado de m\u00e3os individuais, concentre-se em tomar boas decis\u00f5es e melhorar seu jogo como um todo. Essa vis\u00e3o de longo prazo pode ajud\u00e1-lo a manter a calma e evitar o tilt.<\/p>\n\n\n\n<div class=\"green-block\">\n<p style=\"margin-bottom:0\">\ud83d\udc49 Recomendamos conferir o <a target=\"_blank\" href=\"https:\/\/courses.poker\/p\/tilt-buster-tilt-free-in-3-days\" rel=\"noopener\"><b>curso em v\u00eddeo Tilt Buster<\/b><\/a>. \u00c9 um curso curto e eficaz que vai ajud\u00e1-lo a aprender rapidamente t\u00e9cnicas simples para controlar suas emo\u00e7\u00f5es e dominar o tilt de forma geral.<\/p>\n<\/div>\n\n\n\n<h3 class=\"wp-block-heading\">6. N\u00e3o jogue quando estiver emocional<\/h3>\n\n\n\n<p>Se voc\u00ea j\u00e1 estiver emocional ou estressado antes de come\u00e7ar a jogar, \u00e9 melhor pular a sess\u00e3o. Jogar poker exige mente clara e controle emocional. Se voc\u00ea n\u00e3o estiver no estado mental adequado, \u00e9 muito mais prov\u00e1vel entrar em tilt.<\/p>\n\n\n\n<h3 class=\"wp-block-heading\">7. Crie uma rotina antes da sess\u00e3o<\/h3>\n\n\n\n<p>Ter uma rotina antes de jogar pode ajud\u00e1-lo a entrar no estado mental correto. Isso pode incluir exerc\u00edcios de respira\u00e7\u00e3o profunda, visualiza\u00e7\u00e3o ou revisar seus objetivos para a sess\u00e3o. Uma rotina consistente ajuda a manter o foco e a calma.<\/p>\n\n\n\n<h3 class=\"wp-block-heading\">8. Analise seus gatilhos de tilt<\/h3>\n\n\n\n<p>Depois de uma sess\u00e3o, reserve um tempo para refletir sobre o que desencadeou seu tilt. Foi um bad beat, uma sequ\u00eancia de derrotas ou outra coisa? Ao entender seus gatilhos, voc\u00ea pode trabalhar para gerenci\u00e1-los melhor no futuro. Voc\u00ea pode at\u00e9 perceber que certos tipos de jogos ou oponentes provocam tilt com mais frequ\u00eancia.<\/p>\n\n\n\n<h3 class=\"wp-block-heading\">9. Aprenda com seus erros<\/h3>\n\n\n\n<p>O tilt pode ser uma experi\u00eancia valiosa de aprendizado se voc\u00ea dedicar tempo para analisar seus erros. Ap\u00f3s uma sess\u00e3o, revise suas m\u00e3os e decis\u00f5es para identificar onde errou. Essa an\u00e1lise pode ajud\u00e1-lo a reconhecer padr\u00f5es de comportamento e melhorar seu jogo.<\/p>\n\n\n\n<h3 class=\"wp-block-heading\">10. Busque apoio<\/h3>\n\n\n\n<p>Se o tilt \u00e9 um problema recorrente para voc\u00ea, considere buscar apoio de outros jogadores ou de um coach. Conversar sobre suas experi\u00eancias e receber conselhos de pessoas que j\u00e1 lidaram com tilt pode ajud\u00e1-lo a encontrar novas estrat\u00e9gias para controlar suas emo\u00e7\u00f5es.<\/p>\n\n\n\n<div class=\"green-block\">\n<p style=\"margin-bottom:0\">\ud83d\udc49 Preste aten\u00e7\u00e3o ao <a target=\"_blank\" href=\"https:\/\/www.getcoach.poker\/coaches\/psychology\/\" rel=\"noopener\"><b>coaching de mental game<\/b><\/a>. Existem coaches de poker especializados no aspecto mental do jogo. Eles geralmente t\u00eam forma\u00e7\u00e3o em psicologia ou ampla experi\u00eancia na \u00e1rea e ajudam jogadores a manter um bom n\u00edvel de desempenho mesmo durante longos downswings.<\/p>\n<\/div>\n\n\n\n<h3 class=\"wp-block-heading\">11. Construa um estilo de vida saud\u00e1vel fora das mesas<\/h3>\n\n\n\n<p>Sua vida fora das mesas influencia suas decis\u00f5es muito mais do que voc\u00ea imagina. Se voc\u00ea estiver satisfeito com sua vida em geral, ser\u00e1 muito mais f\u00e1cil tomar decis\u00f5es claras na mesa. Cuide da sua rotina: alimente-se bem, tente relaxar mais e melhorar seu sono. Cerque-se de pessoas com interesses semelhantes e com quem voc\u00ea goste de passar tempo.<\/p>\n\n\n\n<div class=\"green-block\">\n<p style=\"margin-bottom:0\">\u2728 Um ambiente positivo na sua vida vai preench\u00ea-lo com emo\u00e7\u00f5es positivas, e voc\u00ea n\u00e3o precisar\u00e1 busc\u00e1-las nas decis\u00f5es na mesa.<\/p>\n<\/div>\n\n\n\n<h2 class=\"wp-block-heading\">Conclus\u00e3o<\/h2>\n\n\n\n<p>O tilt \u00e9 um dos maiores desafios que todo jogador de poker enfrenta, mas n\u00e3o \u00e9 imposs\u00edvel de superar. Ao entender o que \u00e9 tilt, reconhecer seus sinais e aplicar estrat\u00e9gias para control\u00e1-lo, voc\u00ea pode manter suas emo\u00e7\u00f5es sob controle e tomar decis\u00f5es melhores na mesa. Lembre-se: poker \u00e9 uma maratona, n\u00e3o uma corrida curta. Manter a calma, o foco e a disciplina levar\u00e1 ao sucesso no longo prazo. Pratique essas dicas e voc\u00ea ver\u00e1 que conseguir\u00e1 lidar com o tilt de forma muito mais eficaz, melhorando seu desempenho geral no poker.<\/p>\n","protected":false},"excerpt":{"rendered":"<p>O poker n\u00e3o \u00e9 apenas um jogo de habilidade e estrat\u00e9gia. Tamb\u00e9m \u00e9 um jogo de emo\u00e7\u00f5es. At\u00e9 mesmo os melhores jogadores podem ter dificuldades para controlar seus sentimentos na mesa. Um dos maiores desafios que os jogadores de poker enfrentam \u00e9 o &#8220;tilt&#8221;. \u2620\ufe0f O tilt pode arruinar seu jogo, acabar com seu bankroll &hellip; <a href=\"https:\/\/hand2noteguide.com\/pt\/poker\/poker-tilt\/\" class=\"more-link\">Continue reading <span class=\"screen-reader-text\">Tilt no poker: entendendo e controlando suas emo\u00e7\u00f5es<\/span><\/a><\/p>\n","protected":false},"author":1,"featured_media":0,"parent":7017,"menu_order":0,"comment_status":"closed","ping_status":"closed","template":"","meta":{"footnotes":""},"class_list":["post-8237","page","type-page","status-publish","hentry"],"translation":{"provider":"WPGlobus","version":"3.0.2","language":"pt","enabled_languages":["en","ru","pt","zh","es","fr","de","it","ja"],"languages":{"en":{"title":true,"content":true,"excerpt":false},"ru":{"title":true,"content":true,"excerpt":false},"pt":{"title":true,"content":true,"excerpt":false},"zh":{"title":true,"content":true,"excerpt":false},"es":{"title":true,"content":true,"excerpt":false},"fr":{"title":true,"content":true,"excerpt":false},"de":{"title":true,"content":true,"excerpt":false},"it":{"title":true,"content":true,"excerpt":false},"ja":{"title":true,"content":true,"excerpt":false}}},"yoast_head":"<!-- This site is optimized with the Yoast SEO plugin v27.0 - https:\/\/yoast.com\/product\/yoast-seo-wordpress\/ -->\n<title>Tilt no poker: entendendo e controlando suas emo\u00e7\u00f5es<\/title>\n<meta name=\"description\" content=\"Entender e controlar o tilt no poker \u00e9 essencial para ter sucesso no longo prazo. Conhe\u00e7a os gatilhos e aplique estrat\u00e9gias para manter o foco.\" \/>\n<meta name=\"robots\" content=\"index, follow, max-snippet:-1, max-image-preview:large, max-video-preview:-1\" \/>\n<link rel=\"canonical\" href=\"https:\/\/hand2noteguide.com\/poker\/poker-tilt\/\" \/>\n<meta property=\"og:locale\" content=\"pt_PT\" \/>\n<meta property=\"og:type\" content=\"article\" \/>\n<meta property=\"og:title\" content=\"Tilt no poker: entendendo e controlando suas emo\u00e7\u00f5es\" \/>\n<meta property=\"og:description\" content=\"Entender e controlar o tilt no poker \u00e9 essencial para ter sucesso no longo prazo. Conhe\u00e7a os gatilhos e aplique estrat\u00e9gias para manter o foco.\" \/>\n<meta property=\"og:url\" content=\"https:\/\/hand2noteguide.com\/poker\/poker-tilt\/\" \/>\n<meta property=\"og:site_name\" content=\"Hand2Note Guide\" \/>\n<meta property=\"article:modified_time\" content=\"2026-03-11T10:47:45+00:00\" \/>\n<meta property=\"og:image\" content=\"http:\/\/hand2noteguide.com\/wp-content\/uploads\/2024\/09\/anger.jpg\" \/>\n<meta name=\"twitter:card\" content=\"summary_large_image\" \/>\n<meta name=\"twitter:label1\" content=\"Est. reading time\" \/>\n\t<meta name=\"twitter:data1\" content=\"55 minutes\" \/>\n<!-- \/ Yoast SEO plugin. -->","yoast_head_json":{"title":"Tilt no poker: entendendo e controlando suas emo\u00e7\u00f5es","description":"Entender e controlar o tilt no poker \u00e9 essencial para ter sucesso no longo prazo. Conhe\u00e7a os gatilhos e aplique estrat\u00e9gias para manter o foco.","robots":{"index":"index","follow":"follow","max-snippet":"max-snippet:-1","max-image-preview":"max-image-preview:large","max-video-preview":"max-video-preview:-1"},"canonical":"https:\/\/hand2noteguide.com\/poker\/poker-tilt\/","og_locale":"pt_PT","og_type":"article","og_title":"Tilt no poker: entendendo e controlando suas emo\u00e7\u00f5es","og_description":"Entender e controlar o tilt no poker \u00e9 essencial para ter sucesso no longo prazo. Conhe\u00e7a os gatilhos e aplique estrat\u00e9gias para manter o foco.","og_url":"https:\/\/hand2noteguide.com\/poker\/poker-tilt\/","og_site_name":"Hand2Note Guide","article_modified_time":"2026-03-11T10:47:45+00:00","og_image":[{"url":"http:\/\/hand2noteguide.com\/wp-content\/uploads\/2024\/09\/anger.jpg","type":"","width":"","height":""}],"twitter_card":"summary_large_image","twitter_misc":{"Est. reading time":"55 minutes"},"schema":{"@context":"https:\/\/schema.org","@graph":[]}},"jetpack_sharing_enabled":true,"_links":{"self":[{"href":"https:\/\/hand2noteguide.com\/pt\/wp-json\/wp\/v2\/pages\/8237","targetHints":{"allow":["GET"]}}],"collection":[{"href":"https:\/\/hand2noteguide.com\/pt\/wp-json\/wp\/v2\/pages"}],"about":[{"href":"https:\/\/hand2noteguide.com\/pt\/wp-json\/wp\/v2\/types\/page"}],"author":[{"embeddable":true,"href":"https:\/\/hand2noteguide.com\/pt\/wp-json\/wp\/v2\/users\/1"}],"replies":[{"embeddable":true,"href":"https:\/\/hand2noteguide.com\/pt\/wp-json\/wp\/v2\/comments?post=8237"}],"version-history":[{"count":66,"href":"https:\/\/hand2noteguide.com\/pt\/wp-json\/wp\/v2\/pages\/8237\/revisions"}],"predecessor-version":[{"id":15765,"href":"https:\/\/hand2noteguide.com\/pt\/wp-json\/wp\/v2\/pages\/8237\/revisions\/15765"}],"up":[{"embeddable":true,"href":"https:\/\/hand2noteguide.com\/pt\/wp-json\/wp\/v2\/pages\/7017"}],"wp:attachment":[{"href":"https:\/\/hand2noteguide.com\/pt\/wp-json\/wp\/v2\/media?parent=8237"}],"curies":[{"name":"wp","href":"https:\/\/api.w.org\/{rel}","templated":true}]}}