{"id":8482,"date":"2024-09-12T23:15:05","date_gmt":"2024-09-12T20:15:05","guid":{"rendered":"https:\/\/hand2noteguide.com\/?page_id=8482"},"modified":"2026-03-11T13:22:42","modified_gmt":"2026-03-11T10:22:42","slug":"chances-of-getting-a-royal-flush","status":"publish","type":"page","link":"https:\/\/hand2noteguide.com\/pt\/poker\/chances-of-getting-a-royal-flush\/","title":{"rendered":"Chances de conseguir um Royal Flush no poker"},"content":{"rendered":"\n<p>O Royal Flush \u00e9 a m\u00e3o mais rara e mais desejada no poker. \u00c9 a combina\u00e7\u00e3o m\u00e1xima, ocupando o topo na <a href=\"\/pt\/poker\/poker-hand-rankings\/\">lista de combina\u00e7\u00f5es do poker<\/a>. Mas qu\u00e3o raro ele realmente \u00e9? E qual \u00e9 a chance de voc\u00ea fazer um royal flush em um jogo real pelo menos uma vez na vida? Vamos mergulhar na matem\u00e1tica por tr\u00e1s disso e entender o que \u00e9 necess\u00e1rio para conseguir um royal flush no poker.<\/p>\n\n\n\n<h2 class=\"wp-block-heading\">O que \u00e9 um Royal Flush?<\/h2>\n\n\n\n<p>Primeiro, vamos entender o que \u00e9 um royal flush. Um royal flush \u00e9 a m\u00e3o mais forte do poker. Ele consiste em cinco cartas em sequ\u00eancia, todas do mesmo naipe. Essas cartas s\u00e3o Dez, Valete, Dama, Rei e \u00c1s.<\/p>\n\n\n\n<p>Por exemplo, se voc\u00ea tiver <span class=\"hc spade\">A\u2660<\/span> <span class=\"hc spade\">K\u2660<\/span> <span class=\"hc spade\">Q\u2660<\/span> <span class=\"hc spade\">J\u2660<\/span> <span class=\"hc spade\">T\u2660<\/span>, voc\u00ea tem um royal flush. Existem apenas quatro royal flush poss\u00edveis em um baralho (um para cada naipe: \u2665 copas, \u2666 ouros, \u2663 paus e \u2660 espadas).<\/p>\n\n\n\n<figure class=\"wp-block-image size-large\"><img loading=\"lazy\" decoding=\"async\" width=\"1024\" height=\"576\" src=\"http:\/\/hand2noteguide.com\/wp-content\/uploads\/2024\/09\/royal-flush-min-1024x576.jpg\" alt=\"royal flush\" class=\"wp-image-7872\" srcset=\"https:\/\/hand2noteguide.com\/wp-content\/uploads\/2024\/09\/royal-flush-min-1024x576.jpg 1024w, https:\/\/hand2noteguide.com\/wp-content\/uploads\/2024\/09\/royal-flush-min-300x169.jpg 300w, https:\/\/hand2noteguide.com\/wp-content\/uploads\/2024\/09\/royal-flush-min-768x432.jpg 768w, https:\/\/hand2noteguide.com\/wp-content\/uploads\/2024\/09\/royal-flush-min-1536x864.jpg 1536w, https:\/\/hand2noteguide.com\/wp-content\/uploads\/2024\/09\/royal-flush-min-772x434.jpg 772w, https:\/\/hand2noteguide.com\/wp-content\/uploads\/2024\/09\/royal-flush-min-624x351.jpg 624w, https:\/\/hand2noteguide.com\/wp-content\/uploads\/2024\/09\/royal-flush-min.jpg 1600w\" sizes=\"auto, (max-width: 1024px) 100vw, 1024px\" \/><\/figure>\n\n\n\n<h2 class=\"wp-block-heading\">Calculando a chance de conseguir um Royal Flush<\/h2>\n\n\n\n<h3 class=\"wp-block-heading\">Passo 1. Quantas m\u00e3os de poker existem?<\/h3>\n\n\n\n<p>Para entender as chances de conseguir um royal flush, primeiro precisamos saber quantas m\u00e3os de poker diferentes podem ser distribu\u00eddas. Um baralho padr\u00e3o tem 52 cartas. Para calcular o n\u00famero de m\u00e3os poss\u00edveis, precisamos calcular as combina\u00e7\u00f5es de 5 cartas entre as 52.<\/p>\n\n\n\n<p>A f\u00f3rmula para calcular combina\u00e7\u00f5es \u00e9:<\/p>\n\n\n\n<blockquote class=\"wp-block-quote is-layout-flow wp-block-quote-is-layout-flow\">\n<p>C(n,k)=n! \/ (k! \u00d7 (n\u2212k)!)<\/p>\n<\/blockquote>\n\n\n\n<p>Onde (n) \u00e9 o n\u00famero total de cartas (52 no baralho) e (k) \u00e9 o n\u00famero de cartas na m\u00e3o (5 no poker). Ent\u00e3o:<\/p>\n\n\n\n<blockquote class=\"wp-block-quote is-layout-flow wp-block-quote-is-layout-flow\">\n<p>C(52, 5) = 52! \/ (5! \u00d7 (52\u22125)!) = 2,598,960.<\/p>\n<\/blockquote>\n\n\n\n<p>Isso significa que existem 2.598.960 m\u00e3os poss\u00edveis de 5 cartas no poker.<\/p>\n\n\n\n<h3 class=\"wp-block-heading\">Passo 2. Quantos Royal Flush existem?<\/h3>\n\n\n\n<p>Agora vamos descobrir quantos royal flush s\u00e3o poss\u00edveis. Como mencionado, um royal flush \u00e9 uma sequ\u00eancia de cinco cartas espec\u00edficas (Dez, Valete, Dama, Rei e \u00c1s) do mesmo naipe. Como existem quatro naipes, h\u00e1 4 royal flush poss\u00edveis.<\/p>\n\n\n\n<h3 class=\"wp-block-heading\">Passo 3. A probabilidade de conseguir um Royal Flush<\/h3>\n\n\n\n<p>A probabilidade de qualquer evento \u00e9 calculada como:<\/p>\n\n\n\n<blockquote class=\"wp-block-quote is-layout-flow wp-block-quote-is-layout-flow\">\n<p>P(A) = N\u00famero de resultados favor\u00e1veis \/ N\u00famero total de resultados poss\u00edveis<\/p>\n<\/blockquote>\n\n\n\n<p>No caso do royal flush, a probabilidade \u00e9:<\/p>\n\n\n\n<blockquote class=\"wp-block-quote is-layout-flow wp-block-quote-is-layout-flow\">\n<p>P(Royal Flush) = 4 \/ 2,598,960 = 1 \/ 649,740<\/p>\n<\/blockquote>\n\n\n\n<p>Ou seja, a chance de receber um royal flush em uma m\u00e3o de poker de 5 cartas \u00e9 de 1 em 649.740. Isso significa que, em m\u00e9dia, <strong>voc\u00ea ver\u00e1 um royal flush a cada 650.000 m\u00e3os<\/strong>.<\/p>\n\n\n\n<h3 class=\"wp-block-heading\">Por que \u00e9 t\u00e3o raro?<\/h3>\n\n\n\n<p>A raridade do royal flush vem da combina\u00e7\u00e3o extremamente espec\u00edfica de cartas necess\u00e1ria. Existem muitas outras m\u00e3os que podem aparecer no poker, como pares, trincas, full house e straight flush, mas o royal flush \u00e9 a mais rara de todas. As probabilidades de conseguir outras m\u00e3os s\u00e3o muito maiores, o que faz com que elas apare\u00e7am com muito mais frequ\u00eancia nas partidas.<\/p>\n\n\n\n<h3 class=\"wp-block-heading\">Com que frequ\u00eancia vou conseguir um Royal Flush em jogos offline?<\/h3>\n\n\n\n<p>Em mesas offline, a velocidade m\u00e9dia de distribui\u00e7\u00e3o \u00e9 de cerca de 20 m\u00e3os por hora. Para chegar a 650.000 m\u00e3os, voc\u00ea precisaria dedicar aproximadamente 32.500 horas jogando poker. Se jogar 8 horas por dia, 5 dias por semana (como um trabalho normal), voc\u00ea precisaria de <strong>mais de 15 anos<\/strong> para atingir a marca de 650.000 m\u00e3os jogadas.<\/p>\n\n\n\n<p>Mas mesmo assim n\u00e3o h\u00e1 garantia de que voc\u00ea ver\u00e1 um royal flush sequer uma vez. Muito depende da sorte. Alguns jogadores encontram um royal flush v\u00e1rias vezes, enquanto outros nunca experimentaram a sensa\u00e7\u00e3o de segurar a combina\u00e7\u00e3o mais forte do jogo.<\/p>\n\n\n\n<figure class=\"wp-block-embed is-type-video is-provider-youtube wp-block-embed-youtube wp-embed-aspect-16-9 wp-has-aspect-ratio\"><div class=\"wp-block-embed__wrapper\">\n<div class=\"jetpack-video-wrapper\"><iframe loading=\"lazy\" title=\"ROYAL FLUSH vs FULL HOUSE | Sickest Runout in Poker History!\" width=\"700\" height=\"394\" src=\"https:\/\/www.youtube.com\/embed\/Ff5PxLLi06g?feature=oembed\" frameborder=\"0\" allow=\"accelerometer; autoplay; clipboard-write; encrypted-media; gyroscope; picture-in-picture; web-share\" referrerpolicy=\"strict-origin-when-cross-origin\" allowfullscreen><\/iframe><\/div>\n<\/div><\/figure>\n\n\n\n<h3 class=\"wp-block-heading\"><strong>E no poker online?<\/strong><\/h3>\n\n\n\n<p>No poker online, suas chances de conseguir um royal flush s\u00e3o maiores por causa da velocidade maior das m\u00e3os. Em jogos online, os jogadores normalmente recebem cerca de 90 m\u00e3os por hora. Fazendo o mesmo c\u00e1lculo, para jogar 650.000 m\u00e3os voc\u00ea precisaria de cerca de <strong>3,5 anos jogando em tempo integral<\/strong>.<\/p>\n\n\n\n<p>Voc\u00ea pode aumentar ainda mais suas chances jogando v\u00e1rias mesas ao mesmo tempo, como muitos profissionais online fazem. Nesse caso, \u00e9 bem prov\u00e1vel que voc\u00ea veja pelo menos um royal flush em menos de um ano.<\/p>\n\n\n\n<figure class=\"wp-block-embed is-type-video is-provider-youtube wp-block-embed-youtube wp-embed-aspect-16-9 wp-has-aspect-ratio\"><div class=\"wp-block-embed__wrapper\">\n<div class=\"jetpack-video-wrapper\"><iframe loading=\"lazy\" title=\"Just Another Royal Flush! - PokerStars Online Twitch Stream Best Moments\" width=\"700\" height=\"394\" src=\"https:\/\/www.youtube.com\/embed\/pU1G67uLQRE?feature=oembed\" frameborder=\"0\" allow=\"accelerometer; autoplay; clipboard-write; encrypted-media; gyroscope; picture-in-picture; web-share\" referrerpolicy=\"strict-origin-when-cross-origin\" allowfullscreen><\/iframe><\/div>\n<\/div><\/figure>\n\n\n\n<h2 class=\"wp-block-heading\">Comparando o Royal Flush com outras m\u00e3os<\/h2>\n\n\n\n<p>Para colocar a raridade do royal flush em perspectiva, vamos comparar com as probabilidades de outras m\u00e3os de poker:<\/p>\n\n\n\n<ul class=\"wp-block-list\">\n<li><strong>Straight Flush (excluindo royal flush)<\/strong>: 1 em 72.193<\/li>\n\n\n\n<li><strong>Quadra (Four of a Kind)<\/strong>: 1 em 4.165<\/li>\n\n\n\n<li><strong>Full House<\/strong>: 1 em 694<\/li>\n\n\n\n<li><strong>Flush<\/strong>: 1 em 509<\/li>\n\n\n\n<li><strong>Straight<\/strong>: 1 em 255<\/li>\n\n\n\n<li><strong>Trinca (Three of a Kind)<\/strong>: 1 em 47<\/li>\n\n\n\n<li><strong>Dois Pares<\/strong>: 1 em 21<\/li>\n\n\n\n<li><strong>Um Par<\/strong>: 1 em 2,4<\/li>\n\n\n\n<li><strong>Carta Alta<\/strong>: 1 em 1,3<\/li>\n<\/ul>\n\n\n\n<p>Como voc\u00ea pode ver claramente por esses n\u00fameros, o royal flush \u00e9 de longe a m\u00e3o mais rara.<\/p>\n\n\n\n<h2 class=\"wp-block-heading\">Probabilidades em diferentes variantes de poker<\/h2>\n\n\n\n<p>As probabilidades que discutimos se aplicam ao poker cl\u00e1ssico de 5 cartas (5\u2011card draw). Mas o poker tem muitas variantes, como Texas Hold&#8217;em, Omaha e Seven\u2011Card Stud. As chances de conseguir um royal flush podem variar dependendo do jogo.<\/p>\n\n\n\n<ul class=\"wp-block-list\">\n<li><a href=\"\/pt\/poker\/poker-rules\/\"><strong>Texas Hold&#8217;em<\/strong><\/a>: No Texas Hold&#8217;em, cada jogador recebe duas cartas privadas e cinco cartas comunit\u00e1rias s\u00e3o abertas na mesa para todos usarem. A probabilidade de conseguir um royal flush \u00e9 um pouco diferente porque os jogadores t\u00eam sete cartas dispon\u00edveis para formar a melhor m\u00e3o de cinco cartas. As chances s\u00e3o aproximadamente 1 em 30.939.<\/li>\n\n\n\n<li><strong>Omaha<\/strong>: No Omaha, os jogadores recebem quatro cartas privadas e cinco cartas comunit\u00e1rias. Os jogadores devem usar exatamente duas cartas da m\u00e3o e tr\u00eas da mesa para formar a melhor combina\u00e7\u00e3o. As chances s\u00e3o aproximadamente 1 em 108.290.<\/li>\n\n\n\n<li><strong>Seven-Card Stud<\/strong>: No Seven\u2011Card Stud, cada jogador recebe sete cartas e a melhor m\u00e3o de cinco cartas vence. As chances de conseguir um royal flush s\u00e3o cerca de 1 em 30.939, semelhantes ao Texas Hold&#8217;em.<\/li>\n<\/ul>\n\n\n\n<p>Essas varia\u00e7\u00f5es tornam o royal flush um pouco mais alcan\u00e7\u00e1vel em alguns jogos do que em outros, mas ainda assim continua sendo uma m\u00e3o extremamente rara.<\/p>\n\n\n\n<h2 class=\"wp-block-heading\">O que fazer se voc\u00ea conseguir um Royal Flush<\/h2>\n\n\n\n<p>Se voc\u00ea tiver a sorte de conseguir um royal flush, \u00e9 um grande momento. \u00c9 uma m\u00e3o que n\u00e3o pode ser derrotada. A melhor estrat\u00e9gia \u00e9 apostar com confian\u00e7a, mas sem exagerar na agressividade, pois voc\u00ea quer manter seus oponentes na m\u00e3o. Se voc\u00ea os assustar com uma aposta muito grande, eles podem desistir e voc\u00ea n\u00e3o ganhar\u00e1 tanto. Um royal flush bem jogado pode render um pote enorme. Em jogos ao vivo, voc\u00ea ainda ter\u00e1 outro grande desafio: manter a famosa poker face nessa m\u00e3o \ud83d\ude05<\/p>\n\n\n\n<h2 class=\"wp-block-heading\">Conclus\u00e3o<\/h2>\n\n\n\n<p>O royal flush \u00e9 o \u00e1pice das m\u00e3os de poker: raro e imbat\u00edvel. Com chances de 1 em 649.740 no poker de 5 cartas, n\u00e3o \u00e9 surpresa que os jogadores sonhem em conseguir essa m\u00e3o. Embora as probabilidades sejam um pouco melhores em jogos como Texas Hold\u2019em ou Seven\u2011Card Stud, ainda assim \u00e9 algo muito dif\u00edcil de acontecer. Se voc\u00ea algum dia conseguir um royal flush, aproveite o momento e jogue a m\u00e3o com sabedoria. N\u00e3o \u00e9 algo que aparece com frequ\u00eancia \u2014 e quando acontece, \u00e9 um momento inesquec\u00edvel.<\/p>\n","protected":false},"excerpt":{"rendered":"<p>O Royal Flush \u00e9 a m\u00e3o mais rara e mais desejada no poker. \u00c9 a combina\u00e7\u00e3o m\u00e1xima, ocupando o topo na lista de combina\u00e7\u00f5es do poker. Mas qu\u00e3o raro ele realmente \u00e9? E qual \u00e9 a chance de voc\u00ea fazer um royal flush em um jogo real pelo menos uma vez na vida? Vamos mergulhar &hellip; <a href=\"https:\/\/hand2noteguide.com\/pt\/poker\/chances-of-getting-a-royal-flush\/\" class=\"more-link\">Continue reading <span class=\"screen-reader-text\">Chances de conseguir um Royal Flush no poker<\/span><\/a><\/p>\n","protected":false},"author":1,"featured_media":0,"parent":7017,"menu_order":0,"comment_status":"closed","ping_status":"closed","template":"","meta":{"footnotes":""},"class_list":["post-8482","page","type-page","status-publish","hentry"],"translation":{"provider":"WPGlobus","version":"3.0.2","language":"pt","enabled_languages":["en","ru","pt","zh","es","fr","de","it","ja"],"languages":{"en":{"title":true,"content":true,"excerpt":false},"ru":{"title":true,"content":true,"excerpt":false},"pt":{"title":true,"content":true,"excerpt":false},"zh":{"title":true,"content":true,"excerpt":false},"es":{"title":true,"content":true,"excerpt":false},"fr":{"title":true,"content":true,"excerpt":false},"de":{"title":true,"content":true,"excerpt":false},"it":{"title":true,"content":true,"excerpt":false},"ja":{"title":true,"content":true,"excerpt":false}}},"yoast_head":"<!-- This site is optimized with the Yoast SEO plugin v27.0 - https:\/\/yoast.com\/product\/yoast-seo-wordpress\/ -->\n<title>Chances de conseguir um Royal Flush no poker<\/title>\n<meta name=\"description\" content=\"O Royal Flush \u00e9 a m\u00e3o mais rara e a melhor combina\u00e7\u00e3o no poker. As chances de conseguir um royal flush s\u00e3o astronomicamente baixas: cerca de 1 em 649.740.\" \/>\n<meta name=\"robots\" content=\"index, follow, max-snippet:-1, max-image-preview:large, max-video-preview:-1\" \/>\n<link rel=\"canonical\" href=\"https:\/\/hand2noteguide.com\/poker\/chances-of-getting-a-royal-flush\/\" \/>\n<meta property=\"og:locale\" content=\"pt_PT\" \/>\n<meta property=\"og:type\" content=\"article\" \/>\n<meta property=\"og:title\" content=\"Chances de conseguir um Royal Flush no poker\" \/>\n<meta property=\"og:description\" content=\"O Royal Flush \u00e9 a m\u00e3o mais rara e a melhor combina\u00e7\u00e3o no poker. As chances de conseguir um royal flush s\u00e3o astronomicamente baixas: cerca de 1 em 649.740.\" \/>\n<meta property=\"og:url\" content=\"https:\/\/hand2noteguide.com\/poker\/chances-of-getting-a-royal-flush\/\" \/>\n<meta property=\"og:site_name\" content=\"Hand2Note Guide\" \/>\n<meta property=\"article:modified_time\" content=\"2026-03-11T10:22:42+00:00\" \/>\n<meta property=\"og:image\" content=\"http:\/\/hand2noteguide.com\/wp-content\/uploads\/2024\/09\/royal-flush-min-1024x576.jpg\" \/>\n<meta name=\"twitter:card\" content=\"summary_large_image\" \/>\n<meta name=\"twitter:label1\" content=\"Est. reading time\" \/>\n\t<meta name=\"twitter:data1\" content=\"35 minutes\" \/>\n<!-- \/ Yoast SEO plugin. -->","yoast_head_json":{"title":"Chances de conseguir um Royal Flush no poker","description":"O Royal Flush \u00e9 a m\u00e3o mais rara e a melhor combina\u00e7\u00e3o no poker. As chances de conseguir um royal flush s\u00e3o astronomicamente baixas: cerca de 1 em 649.740.","robots":{"index":"index","follow":"follow","max-snippet":"max-snippet:-1","max-image-preview":"max-image-preview:large","max-video-preview":"max-video-preview:-1"},"canonical":"https:\/\/hand2noteguide.com\/poker\/chances-of-getting-a-royal-flush\/","og_locale":"pt_PT","og_type":"article","og_title":"Chances de conseguir um Royal Flush no poker","og_description":"O Royal Flush \u00e9 a m\u00e3o mais rara e a melhor combina\u00e7\u00e3o no poker. As chances de conseguir um royal flush s\u00e3o astronomicamente baixas: cerca de 1 em 649.740.","og_url":"https:\/\/hand2noteguide.com\/poker\/chances-of-getting-a-royal-flush\/","og_site_name":"Hand2Note Guide","article_modified_time":"2026-03-11T10:22:42+00:00","og_image":[{"url":"http:\/\/hand2noteguide.com\/wp-content\/uploads\/2024\/09\/royal-flush-min-1024x576.jpg","type":"","width":"","height":""}],"twitter_card":"summary_large_image","twitter_misc":{"Est. reading time":"35 minutes"},"schema":{"@context":"https:\/\/schema.org","@graph":[]}},"jetpack_sharing_enabled":true,"_links":{"self":[{"href":"https:\/\/hand2noteguide.com\/pt\/wp-json\/wp\/v2\/pages\/8482","targetHints":{"allow":["GET"]}}],"collection":[{"href":"https:\/\/hand2noteguide.com\/pt\/wp-json\/wp\/v2\/pages"}],"about":[{"href":"https:\/\/hand2noteguide.com\/pt\/wp-json\/wp\/v2\/types\/page"}],"author":[{"embeddable":true,"href":"https:\/\/hand2noteguide.com\/pt\/wp-json\/wp\/v2\/users\/1"}],"replies":[{"embeddable":true,"href":"https:\/\/hand2noteguide.com\/pt\/wp-json\/wp\/v2\/comments?post=8482"}],"version-history":[{"count":38,"href":"https:\/\/hand2noteguide.com\/pt\/wp-json\/wp\/v2\/pages\/8482\/revisions"}],"predecessor-version":[{"id":15740,"href":"https:\/\/hand2noteguide.com\/pt\/wp-json\/wp\/v2\/pages\/8482\/revisions\/15740"}],"up":[{"embeddable":true,"href":"https:\/\/hand2noteguide.com\/pt\/wp-json\/wp\/v2\/pages\/7017"}],"wp:attachment":[{"href":"https:\/\/hand2noteguide.com\/pt\/wp-json\/wp\/v2\/media?parent=8482"}],"curies":[{"name":"wp","href":"https:\/\/api.w.org\/{rel}","templated":true}]}}