{"id":8503,"date":"2024-09-13T13:15:27","date_gmt":"2024-09-13T10:15:27","guid":{"rendered":"https:\/\/hand2noteguide.com\/?page_id=8503"},"modified":"2026-03-11T12:55:43","modified_gmt":"2026-03-11T09:55:43","slug":"flopzilla","status":"publish","type":"page","link":"https:\/\/hand2noteguide.com\/pt\/flopzilla\/","title":{"rendered":"Flopzilla: calculadora de equidade no poker, an\u00e1lise de ranges e mais"},"content":{"rendered":"\n<p style=\"margin-top:8px\"><span class=\"product-price\">$25<\/span> <span class=\"product-price-desc\">(licen\u00e7a vital\u00edcia)<\/span><\/p>\n<p><a class=\"button add-to-cart\" href=\"\/pt\/flopzilla\/buy-flopzilla\/\">Comprar agora<\/a><\/p>\n\n\n\n<p>Flopzilla \u00e9 o software definitivo de <a aria-label=\"undefined (opens in a new tab)\" href=\"https:\/\/blog.freebetrange.com\/pt\/article\/poker-preflop-ranges-a-comprehensive-guide\" target=\"_blank\" rel=\"noreferrer noopener\">ranges de poker<\/a> e c\u00e1lculo de equidade. Ele permite calcular rapidamente as chances de vit\u00f3ria de qualquer m\u00e3o vs range e de range vs range em qualquer <a href=\"\/pt\/poker\/poker-streets\/\">Flop, Turn e River<\/a>. Al\u00e9m disso, o Flopzilla tamb\u00e9m mostra como um range conecta com diferentes texturas de board. \u00c9 uma ferramenta completa para entender profundamente como funcionam os ranges e a equidade no poker.<\/p>\n\n\n\n<figure class=\"wp-block-image size-large\"><img loading=\"lazy\" decoding=\"async\" width=\"1024\" height=\"613\" src=\"https:\/\/hand2noteguide.com\/wp-content\/uploads\/2024\/09\/flopzilla-interface-min-1024x613.png\" alt=\"\" class=\"wp-image-8507\" srcset=\"https:\/\/hand2noteguide.com\/wp-content\/uploads\/2024\/09\/flopzilla-interface-min-1024x613.png 1024w, https:\/\/hand2noteguide.com\/wp-content\/uploads\/2024\/09\/flopzilla-interface-min-300x180.png 300w, https:\/\/hand2noteguide.com\/wp-content\/uploads\/2024\/09\/flopzilla-interface-min-768x460.png 768w, https:\/\/hand2noteguide.com\/wp-content\/uploads\/2024\/09\/flopzilla-interface-min-1536x919.png 1536w, https:\/\/hand2noteguide.com\/wp-content\/uploads\/2024\/09\/flopzilla-interface-min-2048x1225.png 2048w, https:\/\/hand2noteguide.com\/wp-content\/uploads\/2024\/09\/flopzilla-interface-min-772x462.png 772w, https:\/\/hand2noteguide.com\/wp-content\/uploads\/2024\/09\/flopzilla-interface-min-624x373.png 624w\" sizes=\"auto, (max-width: 1024px) 100vw, 1024px\" \/><figcaption class=\"wp-element-caption\">Flopzilla: o melhor software para an\u00e1lise de ranges no poker<\/figcaption><\/figure>\n\n\n\n<h2 class=\"wp-block-heading\">Quais s\u00e3o os recursos do Flopzilla?<\/h2>\n\n\n\n<p>O Flopzilla oferece diversas ferramentas para explorar ranges de poker em qualquer situa\u00e7\u00e3o poss\u00edvel de jogo.<\/p>\n\n\n\n<ul class=\"wp-block-list\">\n<li>\ud83d\udcc8 <strong>C\u00e1lculo avan\u00e7ado de equidade.<\/strong> Voc\u00ea pode inserir um range e ver como ele se comporta contra m\u00e3os espec\u00edficas ou outros ranges. \u00c9 poss\u00edvel ver as chances de vit\u00f3ria em qualquer street, do Preflop ao River. O programa tamb\u00e9m mostra como as odds mudam dependendo dos diferentes runouts nas pr\u00f3ximas streets.<\/li>\n\n\n\n<li>\ud83d\udcca <strong>An\u00e1lise de acertos no board.<\/strong> Explore como diferentes ranges acertam diferentes texturas de board. Essa \u00e9 uma habilidade crucial para entender como voc\u00ea e seu oponente conectam com o board. Quantas m\u00e3os fortes e quantos draws existem no range do seu oponente? Quem tem mais nut hands? Qual porcentagem do range \u00e9 top pair ou melhor? Voc\u00ea encontrar\u00e1 respostas para essas perguntas em qualquer board e range que inserir.<\/li>\n\n\n\n<li>\ud83d\udce6 <strong>Armazene seus ranges.<\/strong> Voc\u00ea pode montar sua estrat\u00e9gia de preflop e salv\u00e1-la no Flopzilla. Depois, poder\u00e1 usar esses ranges salvos para an\u00e1lises de equidade e de boards.<\/li>\n\n\n\n<li><strong>\ud83d\udcbe<\/strong> <strong>Salvar\/Carregar c\u00e1lculos.<\/strong> Voc\u00ea pode salvar facilmente qualquer spot analisado para revisitar depois.<\/li>\n\n\n\n<li><strong>\ud83d\udd04<\/strong> <strong>Sincroniza\u00e7\u00e3o com o solver GTO+.<\/strong> Voc\u00ea pode conectar o Flopzilla ao solver GTO Plus para an\u00e1lises avan\u00e7adas de estrat\u00e9gia. Assim, pode analisar seus ranges do Flopzilla sob a <a href=\"\/pt\/poker\/poker-gto\/\">perspectiva GTO<\/a> no solver. Ou importar um spot do solver para o Flopzilla e explor\u00e1\u2011lo usando os recursos do Flopzilla.<\/li>\n<\/ul>\n\n\n\n<p>D\u00ea uma olhada no v\u00eddeo tutorial do Flopzilla feito por <a href=\"https:\/\/www.getcoach.poker\/videos\/splitsuit-poker\/\" target=\"_blank\" aria-label=\"undefined (opens in a new tab)\" rel=\"noreferrer noopener\">James &#8220;SplitSuit&#8221; Sweeney<\/a>. Ele vai gui\u00e1-lo pelas fun\u00e7\u00f5es b\u00e1sicas do Flopzilla para que voc\u00ea comece a usar o software com confian\u00e7a.<\/p>\n\n\n\n<figure class=\"wp-block-embed is-type-video is-provider-youtube wp-block-embed-youtube wp-embed-aspect-16-9 wp-has-aspect-ratio\"><div class=\"wp-block-embed__wrapper\">\n<div class=\"jetpack-video-wrapper\"><iframe loading=\"lazy\" title=\"Flopzilla Pro Tutorial (21 Features You Should Be Using)\" width=\"700\" height=\"394\" src=\"https:\/\/www.youtube.com\/embed\/ZwRLXy40N7E?feature=oembed\" frameborder=\"0\" allow=\"accelerometer; autoplay; clipboard-write; encrypted-media; gyroscope; picture-in-picture; web-share\" referrerpolicy=\"strict-origin-when-cross-origin\" allowfullscreen><\/iframe><\/div>\n<\/div><\/figure>\n\n\n\n<p>Recomendamos fortemente incluir o software Flopzilla no seu arsenal de ferramentas de an\u00e1lise. Muitos jogadores de poker bem-sucedidos usam o Flopzilla para aprimorar sua estrat\u00e9gia.<\/p>\n\n\n<div class=\"wp-block-h2n-alert h2n-alert h2n-alert--info\"><div class=\"h2n-alert__icon\" aria-hidden=\"true\"><svg width=\"22\" height=\"22\" viewBox=\"0 0 24 24\" fill=\"none\" stroke=\"currentColor\" stroke-width=\"2\" stroke-linecap=\"round\" stroke-linejoin=\"round\"><circle cx=\"12\" cy=\"12\" r=\"10\"\/><line x1=\"12\" y1=\"16\" x2=\"12\" y2=\"12\"\/><circle cx=\"12\" cy=\"8\" r=\"1\" fill=\"currentColor\" stroke=\"none\"\/><\/svg><\/div><div class=\"h2n-alert__content\">Se voc\u00ea precisa de c\u00e1lculos r\u00e1pidos e simples de equidade m\u00e3o vs m\u00e3o, tamb\u00e9m pode usar nosso <a href=\"\/pt\/poker\/free-poker-tools\/poker-odds-calculator\/\">Calculador de Odds de Poker<\/a> gratuito.<\/div><\/div>\n\n\n<h2 class=\"wp-block-heading\">Qual \u00e9 o pre\u00e7o do Flopzilla?<\/h2>\n\n\n\n<p>O Flopzilla custa <strong>$25 por uma licen\u00e7a vital\u00edcia<\/strong>. Tanto o Flopzilla v1 quanto o Flopzilla PRO est\u00e3o inclu\u00eddos na compra, ent\u00e3o voc\u00ea pode escolher qual vers\u00e3o usar. O Flopzilla PRO \u00e9 a vers\u00e3o mais recente, com interface aprimorada, maior velocidade e recursos extras. Recomendamos usar o Flopzilla PRO, pois tem o mesmo pre\u00e7o e oferece melhor funcionalidade. Todas as capturas de tela e tutoriais acima foram feitos usando a vers\u00e3o PRO.<\/p>\n\n\n\n<h2 class=\"wp-block-heading\">Como comprar o Flopzilla?<\/h2>\n\n\n\n<p>Acesse a p\u00e1gina <a href=\"\/pt\/flopzilla\/buy-flopzilla\/\"><strong>Flopzilla: comprar e ativar<\/strong><\/a> e siga as instru\u00e7\u00f5es. Voc\u00ea precisar\u00e1 realizar o pagamento e fornecer seu e\u2011mail e hardware ID para ativar a licen\u00e7a. <a href=\"https:\/\/hand2noteguide.com\/pt\/contact-us\/\">Entre em contato conosco<\/a> se tiver qualquer d\u00favida adicional sobre a compra do Flopzilla.<\/p>\n","protected":false},"excerpt":{"rendered":"<p>$25 (licen\u00e7a vital\u00edcia) Comprar agora Flopzilla \u00e9 o software definitivo de ranges de poker e c\u00e1lculo de equidade. Ele permite calcular rapidamente as chances de vit\u00f3ria de qualquer m\u00e3o vs range e de range vs range em qualquer Flop, Turn e River. Al\u00e9m disso, o Flopzilla tamb\u00e9m mostra como um range conecta com diferentes texturas &hellip; <a href=\"https:\/\/hand2noteguide.com\/pt\/flopzilla\/\" class=\"more-link\">Continue reading <span class=\"screen-reader-text\">Flopzilla: calculadora de equidade no poker, an\u00e1lise de ranges e mais<\/span><\/a><\/p>\n","protected":false},"author":1,"featured_media":0,"parent":0,"menu_order":0,"comment_status":"closed","ping_status":"closed","template":"page-templates\/full-width-page.php","meta":{"footnotes":""},"class_list":["post-8503","page","type-page","status-publish","hentry"],"translation":{"provider":"WPGlobus","version":"3.0.2","language":"pt","enabled_languages":["en","ru","pt","zh","es","fr","de","it","ja"],"languages":{"en":{"title":true,"content":true,"excerpt":false},"ru":{"title":true,"content":true,"excerpt":false},"pt":{"title":true,"content":true,"excerpt":false},"zh":{"title":true,"content":true,"excerpt":false},"es":{"title":true,"content":true,"excerpt":false},"fr":{"title":true,"content":true,"excerpt":false},"de":{"title":true,"content":true,"excerpt":false},"it":{"title":true,"content":true,"excerpt":false},"ja":{"title":true,"content":true,"excerpt":false}}},"yoast_head":"<!-- This site is optimized with the Yoast SEO plugin v27.0 - https:\/\/yoast.com\/product\/yoast-seo-wordpress\/ -->\n<title>Flopzilla: calculadora de equidade no poker, an\u00e1lise de ranges e mais<\/title>\n<meta name=\"description\" content=\"Flopzilla \u00e9 um calculador avan\u00e7ado de equidade no poker e um software de an\u00e1lise de ranges. Calcule a equidade e explore ranges e intera\u00e7\u00f5es com o board.\" \/>\n<meta name=\"robots\" content=\"index, follow, max-snippet:-1, max-image-preview:large, max-video-preview:-1\" \/>\n<link rel=\"canonical\" href=\"https:\/\/hand2noteguide.com\/flopzilla\/\" \/>\n<meta property=\"og:locale\" content=\"pt_PT\" \/>\n<meta property=\"og:type\" content=\"article\" \/>\n<meta property=\"og:title\" content=\"Flopzilla: calculadora de equidade no poker, an\u00e1lise de ranges e mais\" \/>\n<meta property=\"og:description\" content=\"Flopzilla \u00e9 um calculador avan\u00e7ado de equidade no poker e um software de an\u00e1lise de ranges. Calcule a equidade e explore ranges e intera\u00e7\u00f5es com o board.\" \/>\n<meta property=\"og:url\" content=\"https:\/\/hand2noteguide.com\/flopzilla\/\" \/>\n<meta property=\"og:site_name\" content=\"Hand2Note Guide\" \/>\n<meta property=\"article:modified_time\" content=\"2026-03-11T09:55:43+00:00\" \/>\n<meta property=\"og:image\" content=\"https:\/\/hand2noteguide.com\/wp-content\/uploads\/2024\/09\/flopzilla-interface-min.png\" \/>\n\t<meta property=\"og:image:width\" content=\"3070\" \/>\n\t<meta property=\"og:image:height\" content=\"1837\" \/>\n\t<meta property=\"og:image:type\" content=\"image\/png\" \/>\n<meta name=\"twitter:card\" content=\"summary_large_image\" \/>\n<meta name=\"twitter:label1\" content=\"Est. reading time\" \/>\n\t<meta name=\"twitter:data1\" content=\"3 minutes\" \/>\n<!-- \/ Yoast SEO plugin. -->","yoast_head_json":{"title":"Flopzilla: calculadora de equidade no poker, an\u00e1lise de ranges e mais","description":"Flopzilla \u00e9 um calculador avan\u00e7ado de equidade no poker e um software de an\u00e1lise de ranges. Calcule a equidade e explore ranges e intera\u00e7\u00f5es com o board.","robots":{"index":"index","follow":"follow","max-snippet":"max-snippet:-1","max-image-preview":"max-image-preview:large","max-video-preview":"max-video-preview:-1"},"canonical":"https:\/\/hand2noteguide.com\/flopzilla\/","og_locale":"pt_PT","og_type":"article","og_title":"Flopzilla: calculadora de equidade no poker, an\u00e1lise de ranges e mais","og_description":"Flopzilla \u00e9 um calculador avan\u00e7ado de equidade no poker e um software de an\u00e1lise de ranges. Calcule a equidade e explore ranges e intera\u00e7\u00f5es com o board.","og_url":"https:\/\/hand2noteguide.com\/flopzilla\/","og_site_name":"Hand2Note Guide","article_modified_time":"2026-03-11T09:55:43+00:00","og_image":[{"width":3070,"height":1837,"url":"https:\/\/hand2noteguide.com\/wp-content\/uploads\/2024\/09\/flopzilla-interface-min.png","type":"image\/png"}],"twitter_card":"summary_large_image","twitter_misc":{"Est. reading time":"3 minutes"},"schema":{"@context":"https:\/\/schema.org","@graph":[]}},"jetpack_sharing_enabled":true,"_links":{"self":[{"href":"https:\/\/hand2noteguide.com\/pt\/wp-json\/wp\/v2\/pages\/8503","targetHints":{"allow":["GET"]}}],"collection":[{"href":"https:\/\/hand2noteguide.com\/pt\/wp-json\/wp\/v2\/pages"}],"about":[{"href":"https:\/\/hand2noteguide.com\/pt\/wp-json\/wp\/v2\/types\/page"}],"author":[{"embeddable":true,"href":"https:\/\/hand2noteguide.com\/pt\/wp-json\/wp\/v2\/users\/1"}],"replies":[{"embeddable":true,"href":"https:\/\/hand2noteguide.com\/pt\/wp-json\/wp\/v2\/comments?post=8503"}],"version-history":[{"count":67,"href":"https:\/\/hand2noteguide.com\/pt\/wp-json\/wp\/v2\/pages\/8503\/revisions"}],"predecessor-version":[{"id":15726,"href":"https:\/\/hand2noteguide.com\/pt\/wp-json\/wp\/v2\/pages\/8503\/revisions\/15726"}],"wp:attachment":[{"href":"https:\/\/hand2noteguide.com\/pt\/wp-json\/wp\/v2\/media?parent=8503"}],"curies":[{"name":"wp","href":"https:\/\/api.w.org\/{rel}","templated":true}]}}