{"id":8513,"date":"2024-09-13T13:53:57","date_gmt":"2024-09-13T10:53:57","guid":{"rendered":"https:\/\/hand2noteguide.com\/?page_id=8513"},"modified":"2026-02-21T11:26:37","modified_gmt":"2026-02-21T08:26:37","slug":"buy-flopzilla","status":"publish","type":"page","link":"https:\/\/hand2noteguide.com\/pt\/flopzilla\/buy-flopzilla\/","title":{"rendered":"Flopzilla: Comprar e Ativar"},"content":{"rendered":"\n<p style=\"margin-top:8px\"><span class=\"product-price\">$25<\/span> <span class=\"product-price-desc\">(licen\u00e7a vital\u00edcia)<\/span><\/p>\n\n\n\n<div class=\"red-block\"><p style=\"margin-bottom:0\">No momento <b>n\u00e3o aceitamos pagamentos<\/b> pelo Flopzilla. Voc\u00ea pode <a target=\"_blank\" href=\"https:\/\/www.flopzilla.com\/purchase\/\" rel=\"noopener\">comprar o Flopzilla no site oficial &rarr;<\/a>.<\/p><\/div>\n\n\n\n<h2 class=\"wp-block-heading\">1. Envie um pagamento<\/h2>\n\n\n\n<p>Primeiro, voc\u00ea precisa fazer um pagamento de $25 para sua licen\u00e7a vital\u00edcia do <a href=\"\/pt\/flopzilla\/\">Flopzilla<\/a>. Voc\u00ea pode usar o checkout r\u00e1pido via <strong>Paypal<\/strong>. Alternativamente, voc\u00ea pode pagar via <strong>Skrill<\/strong> ou <strong>Crypto<\/strong>. Nesse caso, basta fazer uma transfer\u00eancia manual para os detalhes de pagamento especificados.<\/p>\n\n\n\n<p>Ap\u00f3s o pagamento, prossiga para o pr\u00f3ximo passo nesta p\u00e1gina.<\/p>\n\n\n\n<h2 class=\"wp-block-heading\">2. Baixe o Flopzilla<\/h2>\n\n\n\n<p>Abra a p\u00e1gina de <a aria-label=\"undefined (abre em uma nova aba)\" href=\"https:\/\/www.flopzilla.com\/download\/\" target=\"_blank\" rel=\"noreferrer noopener\">Downloads<\/a> e obtenha a vers\u00e3o mais recente do Flopzilla Pro. Se voc\u00ea j\u00e1 baixou o Flopzilla antes, tudo bem, pule esta etapa.<\/p>\n\n\n\n<p>Ap\u00f3s o download ser conclu\u00eddo, execute o arquivo e siga os passos de instala\u00e7\u00e3o.<\/p>\n\n\n\n<figure class=\"wp-block-image size-large\"><img loading=\"lazy\" decoding=\"async\" width=\"1024\" height=\"616\" src=\"https:\/\/hand2noteguide.com\/wp-content\/uploads\/2024\/09\/download-flopzilla-min-1024x616.png\" alt=\"\" class=\"wp-image-8516\" srcset=\"https:\/\/hand2noteguide.com\/wp-content\/uploads\/2024\/09\/download-flopzilla-min-1024x616.png 1024w, https:\/\/hand2noteguide.com\/wp-content\/uploads\/2024\/09\/download-flopzilla-min-300x180.png 300w, https:\/\/hand2noteguide.com\/wp-content\/uploads\/2024\/09\/download-flopzilla-min-768x462.png 768w, https:\/\/hand2noteguide.com\/wp-content\/uploads\/2024\/09\/download-flopzilla-min-1536x923.png 1536w, https:\/\/hand2noteguide.com\/wp-content\/uploads\/2024\/09\/download-flopzilla-min-2048x1231.png 2048w, https:\/\/hand2noteguide.com\/wp-content\/uploads\/2024\/09\/download-flopzilla-min-772x464.png 772w, https:\/\/hand2noteguide.com\/wp-content\/uploads\/2024\/09\/download-flopzilla-min-624x375.png 624w\" sizes=\"auto, (max-width: 1024px) 100vw, 1024px\" \/><\/figure>\n\n\n\n<h2 class=\"wp-block-heading\">3. Insira seu Email e Hardware ID<\/h2>\n\n\n\n<div class=\"wpcf7 no-js\" id=\"wpcf7-f8522-o1\" lang=\"en-US\" dir=\"ltr\" data-wpcf7-id=\"8522\">\n<div class=\"screen-reader-response\"><p role=\"status\" aria-live=\"polite\" aria-atomic=\"true\"><\/p> <ul><\/ul><\/div>\n<form action=\"\/pt\/wp-json\/wp\/v2\/pages\/8513#wpcf7-f8522-o1\" method=\"post\" class=\"wpcf7-form init\" aria-label=\"Contact form\" novalidate=\"novalidate\" data-status=\"init\">\n<fieldset class=\"hidden-fields-container\"><input type=\"hidden\" name=\"_wpcf7\" value=\"8522\" \/><input type=\"hidden\" name=\"_wpcf7_version\" value=\"6.1.5\" \/><input type=\"hidden\" name=\"_wpcf7_locale\" value=\"en_US\" \/><input type=\"hidden\" name=\"_wpcf7_unit_tag\" value=\"wpcf7-f8522-o1\" \/><input type=\"hidden\" name=\"_wpcf7_container_post\" value=\"0\" \/><input type=\"hidden\" name=\"_wpcf7_posted_data_hash\" value=\"\" \/><input type=\"hidden\" name=\"_wpcf7_recaptcha_response\" value=\"\" \/>\n<\/fieldset>\n<p><label> Email<br \/>\n<span class=\"wpcf7-form-control-wrap\" data-name=\"your-email\"><input size=\"40\" maxlength=\"400\" class=\"wpcf7-form-control wpcf7-email wpcf7-validates-as-required wpcf7-text wpcf7-validates-as-email\" autocomplete=\"email\" aria-required=\"true\" aria-invalid=\"false\" value=\"\" type=\"email\" name=\"your-email\" \/><\/span> <\/label>\n<\/p>\n<p><label> Hardware ID<br \/>\n<span class=\"wpcf7-form-control-wrap\" data-name=\"your-hardware-id\"><input size=\"40\" maxlength=\"400\" class=\"wpcf7-form-control wpcf7-text wpcf7-validates-as-required\" aria-required=\"true\" aria-invalid=\"false\" value=\"\" type=\"text\" name=\"your-hardware-id\" \/><\/span> <\/label>\n<\/p>\n<p><input class=\"wpcf7-form-control wpcf7-submit has-spinner\" type=\"submit\" value=\"Submit\" \/>\n<\/p><div class=\"wpcf7-response-output\" aria-hidden=\"true\"><\/div>\n<\/form>\n<\/div>\n\n\n\n\n<h3 class=\"wp-block-heading\">Como obter um Hardware ID?<\/h3>\n\n\n\n<p>V\u00e1 para a aba &#8220;Register&#8221; no Flopzilla e voc\u00ea ver\u00e1 um Hardware ID em uma janela pop-up:<\/p>\n\n\n\n<figure class=\"wp-block-image size-large\"><img loading=\"lazy\" decoding=\"async\" width=\"1024\" height=\"505\" src=\"https:\/\/hand2noteguide.com\/wp-content\/uploads\/2024\/09\/hardware-min-1024x505.png\" alt=\"\" class=\"wp-image-8517\" srcset=\"https:\/\/hand2noteguide.com\/wp-content\/uploads\/2024\/09\/hardware-min-1024x505.png 1024w, https:\/\/hand2noteguide.com\/wp-content\/uploads\/2024\/09\/hardware-min-300x148.png 300w, https:\/\/hand2noteguide.com\/wp-content\/uploads\/2024\/09\/hardware-min-768x379.png 768w, https:\/\/hand2noteguide.com\/wp-content\/uploads\/2024\/09\/hardware-min-1536x758.png 1536w, https:\/\/hand2noteguide.com\/wp-content\/uploads\/2024\/09\/hardware-min-2048x1010.png 2048w, https:\/\/hand2noteguide.com\/wp-content\/uploads\/2024\/09\/hardware-min-772x381.png 772w, https:\/\/hand2noteguide.com\/wp-content\/uploads\/2024\/09\/hardware-min-624x308.png 624w\" sizes=\"auto, (max-width: 1024px) 100vw, 1024px\" \/><\/figure>\n\n\n\n<h2 class=\"wp-block-heading\">4. Pronto!<\/h2>\n\n\n\n<p>Agora, por favor, aguarde at\u00e9 que sua licen\u00e7a seja ativada. Assim que isso acontecer, voc\u00ea receber\u00e1 um email com sua chave. Recomendamos assistir aos <a aria-label=\"undefined (abre em uma nova aba)\" href=\"https:\/\/www.getcoach.poker\/videos\/flopzilla-pro-tutorial-21-features-you-should-be-using\/\" target=\"_blank\" rel=\"noreferrer noopener\">v\u00eddeos tutoriais do Flopzilla<\/a> para aprender todas as funcionalidades do software e us\u00e1-las de forma eficiente.<\/p>\n\n\n\n<p>Se voc\u00ea tiver alguma d\u00favida ou preocupa\u00e7\u00e3o em rela\u00e7\u00e3o aos processos de pagamento\/ativa\u00e7\u00e3o, sinta-se \u00e0 vontade para <a href=\"\/pt\/contact-us\/\">entrar em contato conosco<\/a>.<\/p>\n","protected":false},"excerpt":{"rendered":"<p>$25 (licen\u00e7a vital\u00edcia) No momento n\u00e3o aceitamos pagamentos pelo Flopzilla. Voc\u00ea pode comprar o Flopzilla no site oficial &rarr;. 1. Envie um pagamento Primeiro, voc\u00ea precisa fazer um pagamento de $25 para sua licen\u00e7a vital\u00edcia do Flopzilla. Voc\u00ea pode usar o checkout r\u00e1pido via Paypal. Alternativamente, voc\u00ea pode pagar via Skrill ou Crypto. Nesse caso, &hellip; <a href=\"https:\/\/hand2noteguide.com\/pt\/flopzilla\/buy-flopzilla\/\" class=\"more-link\">Continue reading <span class=\"screen-reader-text\">Flopzilla: Comprar e Ativar<\/span><\/a><\/p>\n","protected":false},"author":1,"featured_media":0,"parent":8503,"menu_order":0,"comment_status":"closed","ping_status":"closed","template":"page-templates\/full-width-page.php","meta":{"footnotes":""},"class_list":["post-8513","page","type-page","status-publish","hentry"],"translation":{"provider":"WPGlobus","version":"3.0.2","language":"pt","enabled_languages":["en","ru","pt","zh","es","fr","de","it","ja"],"languages":{"en":{"title":true,"content":true,"excerpt":false},"ru":{"title":true,"content":true,"excerpt":false},"pt":{"title":true,"content":true,"excerpt":false},"zh":{"title":true,"content":true,"excerpt":false},"es":{"title":true,"content":true,"excerpt":false},"fr":{"title":true,"content":true,"excerpt":false},"de":{"title":true,"content":true,"excerpt":false},"it":{"title":true,"content":true,"excerpt":false},"ja":{"title":true,"content":true,"excerpt":false}}},"yoast_head":"<!-- This site is optimized with the Yoast SEO plugin v27.0 - https:\/\/yoast.com\/product\/yoast-seo-wordpress\/ -->\n<title>Flopzilla: Comprar e Ativar<\/title>\n<meta name=\"description\" content=\"Compre e ative sua licen\u00e7a vital\u00edcia do Flopzilla facilmente. Siga nosso guia passo a passo para baixar, instalar e come\u00e7ar a usar o Flopzilla hoje.\" \/>\n<meta name=\"robots\" content=\"index, follow, max-snippet:-1, max-image-preview:large, max-video-preview:-1\" \/>\n<link rel=\"canonical\" href=\"https:\/\/hand2noteguide.com\/flopzilla\/buy-flopzilla\/\" \/>\n<meta property=\"og:locale\" content=\"pt_PT\" \/>\n<meta property=\"og:type\" content=\"article\" \/>\n<meta property=\"og:title\" content=\"Flopzilla: Comprar e Ativar\" \/>\n<meta property=\"og:description\" content=\"Compre e ative sua licen\u00e7a vital\u00edcia do Flopzilla facilmente. Siga nosso guia passo a passo para baixar, instalar e come\u00e7ar a usar o Flopzilla hoje.\" \/>\n<meta property=\"og:url\" content=\"https:\/\/hand2noteguide.com\/flopzilla\/buy-flopzilla\/\" \/>\n<meta property=\"og:site_name\" content=\"Hand2Note Guide\" \/>\n<meta property=\"article:modified_time\" content=\"2026-02-21T08:26:37+00:00\" \/>\n<meta property=\"og:image\" content=\"https:\/\/hand2noteguide.com\/wp-content\/uploads\/2024\/09\/download-flopzilla-min-1024x616.png\" \/>\n<meta name=\"twitter:card\" content=\"summary_large_image\" \/>\n<meta name=\"twitter:label1\" content=\"Est. reading time\" \/>\n\t<meta name=\"twitter:data1\" content=\"2 minutes\" \/>\n<!-- \/ Yoast SEO plugin. -->","yoast_head_json":{"title":"Flopzilla: Comprar e Ativar","description":"Compre e ative sua licen\u00e7a vital\u00edcia do Flopzilla facilmente. Siga nosso guia passo a passo para baixar, instalar e come\u00e7ar a usar o Flopzilla hoje.","robots":{"index":"index","follow":"follow","max-snippet":"max-snippet:-1","max-image-preview":"max-image-preview:large","max-video-preview":"max-video-preview:-1"},"canonical":"https:\/\/hand2noteguide.com\/flopzilla\/buy-flopzilla\/","og_locale":"pt_PT","og_type":"article","og_title":"Flopzilla: Comprar e Ativar","og_description":"Compre e ative sua licen\u00e7a vital\u00edcia do Flopzilla facilmente. Siga nosso guia passo a passo para baixar, instalar e come\u00e7ar a usar o Flopzilla hoje.","og_url":"https:\/\/hand2noteguide.com\/flopzilla\/buy-flopzilla\/","og_site_name":"Hand2Note Guide","article_modified_time":"2026-02-21T08:26:37+00:00","og_image":[{"url":"https:\/\/hand2noteguide.com\/wp-content\/uploads\/2024\/09\/download-flopzilla-min-1024x616.png","type":"","width":"","height":""}],"twitter_card":"summary_large_image","twitter_misc":{"Est. reading time":"2 minutes"},"schema":{"@context":"https:\/\/schema.org","@graph":[]}},"jetpack_sharing_enabled":true,"_links":{"self":[{"href":"https:\/\/hand2noteguide.com\/pt\/wp-json\/wp\/v2\/pages\/8513","targetHints":{"allow":["GET"]}}],"collection":[{"href":"https:\/\/hand2noteguide.com\/pt\/wp-json\/wp\/v2\/pages"}],"about":[{"href":"https:\/\/hand2noteguide.com\/pt\/wp-json\/wp\/v2\/types\/page"}],"author":[{"embeddable":true,"href":"https:\/\/hand2noteguide.com\/pt\/wp-json\/wp\/v2\/users\/1"}],"replies":[{"embeddable":true,"href":"https:\/\/hand2noteguide.com\/pt\/wp-json\/wp\/v2\/comments?post=8513"}],"version-history":[{"count":41,"href":"https:\/\/hand2noteguide.com\/pt\/wp-json\/wp\/v2\/pages\/8513\/revisions"}],"predecessor-version":[{"id":14489,"href":"https:\/\/hand2noteguide.com\/pt\/wp-json\/wp\/v2\/pages\/8513\/revisions\/14489"}],"up":[{"embeddable":true,"href":"https:\/\/hand2noteguide.com\/pt\/wp-json\/wp\/v2\/pages\/8503"}],"wp:attachment":[{"href":"https:\/\/hand2noteguide.com\/pt\/wp-json\/wp\/v2\/media?parent=8513"}],"curies":[{"name":"wp","href":"https:\/\/api.w.org\/{rel}","templated":true}]}}